{"id":23103,"date":"2025-10-20T14:30:37","date_gmt":"2025-10-20T11:30:37","guid":{"rendered":"https:\/\/www.namude.lt\/?post_type=product&#038;p=23103"},"modified":"2025-10-24T09:28:41","modified_gmt":"2025-10-24T06:28:41","slug":"parduodamas-90a-namu-valdos-slypas-kloniu-g-49-utena","status":"publish","type":"product","link":"https:\/\/www.namude.lt\/ru\/\u043e\u0431\u044a\u0435\u043a\u0442\/parduodamas-90a-namu-valdos-slypas-kloniu-g-49-utena\/","title":{"rendered":"PARDUODAMAS 90A NAM\u0172 VALDOS SKLYPAS, KLONI\u0172 G. 49, UTENA"},"content":{"rendered":"","protected":false},"excerpt":{"rendered":"<p>Parduodamas erdvus 90 ar\u0173 sklypas strategi\u0161kai patogioje ir spar\u010diai besivystan\u010dioje Utenos priemiestyje \u2013 Klovini\u0173 kaime. Tai puikus pasirinkimas tiek gyvenamojo namo statybai, tiek investicijai ar komercinei veiklai. Sklypas yra ramioje, \u017ealumos apsuptoje vietoje, toliau nuo intensyvaus eismo, ta\u010diau vos kelios minut\u0117s iki miesto centro. Puikus susisiekimas \u2013 kelios minut\u0117s automobiliu iki Utenos centro, prekybos centr\u0173, mokykl\u0173, dar\u017eeli\u0173 bei kit\u0173 paslaug\u0173. Aplinkui kuriasi naujos gyvenviet\u0117s ir individuali\u0173 nam\u0173 kvartalai \u2013 tai u\u017etikrina did\u0117jan\u010di\u0105 vietov\u0117s vert\u0119 ir patrauklum\u0105 ateityje.<br \/>\nNetoliese \u2013 Klovini\u0173 u\u017etvanka, populiari poilsio ir maudyni\u0173 vieta, suteikianti galimyb\u0119 m\u0117gautis gamta kasdien.<br \/>\nPRIVALUMAI:<br \/>\n&#8212;\t90a vienbu\u010di\u0173 ir dvibu\u010di\u0173 gyvenam\u0173j\u0173 pastat\u0173 teritorijos \u017eem\u0117s sklypas:<br \/>\n&#8212;\tPatogus priva\u017eiavimas visais met\u0173 laikais. Atstumas iki Utenos 3km.<br \/>\nKoordinat\u0117s: 55.505568, 25.668112<\/p>\n","protected":false},"featured_media":23104,"template":"","meta":{"_acf_changed":false},"product_brand":[],"product_cat":[24],"product_tag":[],"class_list":{"0":"post-23103","1":"product","2":"type-product","3":"status-publish","4":"has-post-thumbnail","6":"product_cat-sklypai","7":"pa_rajonas-utenos-rajonas","8":"description-off","10":"first","11":"instock","12":"shipping-taxable","13":"purchasable","14":"product-type-simple"},"acf":[],"yoast_head":"<!-- This site is optimized with the Yoast SEO plugin v27.4 - https:\/\/yoast.com\/product\/yoast-seo-wordpress\/ -->\n<title>PARDUODAMAS 90A NAM\u0172 VALDOS SKLYPAS, KLONI\u0172 G. 49, UTENA - Namud\u0117<\/title>\n<meta name=\"robots\" content=\"index, follow, max-snippet:-1, max-image-preview:large, max-video-preview:-1\" \/>\n<link rel=\"canonical\" href=\"https:\/\/www.namude.lt\/objektas\/parduodamas-90a-namu-valdos-slypas-kloniu-g-49-utena\/\" \/>\n<meta property=\"og:locale\" content=\"ru_RU\" \/>\n<meta property=\"og:type\" content=\"article\" \/>\n<meta property=\"og:title\" content=\"PARDUODAMAS 90A NAM\u0172 VALDOS SKLYPAS, KLONI\u0172 G. 49, UTENA - Namud\u0117\" \/>\n<meta property=\"og:description\" content=\"Parduodamas erdvus 90 ar\u0173 sklypas strategi\u0161kai patogioje ir spar\u010diai besivystan\u010dioje Utenos priemiestyje \u2013 Klovini\u0173 kaime. Tai puikus pasirinkimas tiek gyvenamojo namo statybai, tiek investicijai ar komercinei veiklai. Sklypas yra ramioje, \u017ealumos apsuptoje vietoje, toliau nuo intensyvaus eismo, ta\u010diau vos kelios minut\u0117s iki miesto centro. Puikus susisiekimas \u2013 kelios minut\u0117s automobiliu iki Utenos centro, prekybos centr\u0173, mokykl\u0173, dar\u017eeli\u0173 bei kit\u0173 paslaug\u0173. Aplinkui kuriasi naujos gyvenviet\u0117s ir individuali\u0173 nam\u0173 kvartalai \u2013 tai u\u017etikrina did\u0117jan\u010di\u0105 vietov\u0117s vert\u0119 ir patrauklum\u0105 ateityje. Netoliese \u2013 Klovini\u0173 u\u017etvanka, populiari poilsio ir maudyni\u0173 vieta, suteikianti galimyb\u0119 m\u0117gautis gamta kasdien.  PRIVALUMAI: - 90a vienbu\u010di\u0173 ir dvibu\u010di\u0173 gyvenam\u0173j\u0173 pastat\u0173 teritorijos \u017eem\u0117s sklypas: - Patogus priva\u017eiavimas visais met\u0173 laikais. Atstumas iki Utenos 3km. Koordinat\u0117s: 55.505568, 25.668112\" \/>\n<meta property=\"og:url\" content=\"https:\/\/www.namude.lt\/objektas\/parduodamas-90a-namu-valdos-slypas-kloniu-g-49-utena\/\" \/>\n<meta property=\"og:site_name\" content=\"Namud\u0117\" \/>\n<meta property=\"article:modified_time\" content=\"2025-10-24T06:28:41+00:00\" \/>\n<meta property=\"og:image\" content=\"https:\/\/www.namude.lt\/wp-content\/uploads\/2025\/10\/1-11.jpg\" \/>\n\t<meta property=\"og:image:width\" content=\"2500\" \/>\n\t<meta property=\"og:image:height\" content=\"1667\" \/>\n\t<meta property=\"og:image:type\" content=\"image\/jpeg\" \/>\n<meta name=\"twitter:card\" content=\"summary_large_image\" \/>\n<script type=\"application\/ld+json\" class=\"yoast-schema-graph\">{\"@context\":\"https:\\\/\\\/schema.org\",\"@graph\":[{\"@type\":\"WebPage\",\"@id\":\"https:\\\/\\\/www.namude.lt\\\/objektas\\\/parduodamas-90a-namu-valdos-slypas-kloniu-g-49-utena\\\/\",\"url\":\"https:\\\/\\\/www.namude.lt\\\/objektas\\\/parduodamas-90a-namu-valdos-slypas-kloniu-g-49-utena\\\/\",\"name\":\"PARDUODAMAS 90A NAM\u0172 VALDOS SKLYPAS, KLONI\u0172 G. 49, UTENA - Namud\u0117\",\"isPartOf\":{\"@id\":\"https:\\\/\\\/www.namude.lt\\\/#website\"},\"primaryImageOfPage\":{\"@id\":\"https:\\\/\\\/www.namude.lt\\\/objektas\\\/parduodamas-90a-namu-valdos-slypas-kloniu-g-49-utena\\\/#primaryimage\"},\"image\":{\"@id\":\"https:\\\/\\\/www.namude.lt\\\/objektas\\\/parduodamas-90a-namu-valdos-slypas-kloniu-g-49-utena\\\/#primaryimage\"},\"thumbnailUrl\":\"https:\\\/\\\/www.namude.lt\\\/wp-content\\\/uploads\\\/2025\\\/10\\\/1-11.jpg\",\"datePublished\":\"2025-10-20T11:30:37+00:00\",\"dateModified\":\"2025-10-24T06:28:41+00:00\",\"breadcrumb\":{\"@id\":\"https:\\\/\\\/www.namude.lt\\\/objektas\\\/parduodamas-90a-namu-valdos-slypas-kloniu-g-49-utena\\\/#breadcrumb\"},\"inLanguage\":\"ru-RU\",\"potentialAction\":[{\"@type\":\"ReadAction\",\"target\":[\"https:\\\/\\\/www.namude.lt\\\/objektas\\\/parduodamas-90a-namu-valdos-slypas-kloniu-g-49-utena\\\/\"]}]},{\"@type\":\"ImageObject\",\"inLanguage\":\"ru-RU\",\"@id\":\"https:\\\/\\\/www.namude.lt\\\/objektas\\\/parduodamas-90a-namu-valdos-slypas-kloniu-g-49-utena\\\/#primaryimage\",\"url\":\"https:\\\/\\\/www.namude.lt\\\/wp-content\\\/uploads\\\/2025\\\/10\\\/1-11.jpg\",\"contentUrl\":\"https:\\\/\\\/www.namude.lt\\\/wp-content\\\/uploads\\\/2025\\\/10\\\/1-11.jpg\",\"width\":2500,\"height\":1667},{\"@type\":\"BreadcrumbList\",\"@id\":\"https:\\\/\\\/www.namude.lt\\\/objektas\\\/parduodamas-90a-namu-valdos-slypas-kloniu-g-49-utena\\\/#breadcrumb\",\"itemListElement\":[{\"@type\":\"ListItem\",\"position\":1,\"name\":\"Home\",\"item\":\"https:\\\/\\\/www.namude.lt\\\/ru\\\/\"},{\"@type\":\"ListItem\",\"position\":2,\"name\":\"\u041e\u0431\u044a\u0435\u043a\u0442\u044b\",\"item\":\"https:\\\/\\\/www.namude.lt\\\/ru\\\/%d0%be%d0%b1%d1%8a%d0%b5%d0%ba%d1%82%d1%8b\\\/\"},{\"@type\":\"ListItem\",\"position\":3,\"name\":\"PARDUODAMAS 90A NAM\u0172 VALDOS SKLYPAS, KLONI\u0172 G. 49, UTENA\"}]},{\"@type\":\"WebSite\",\"@id\":\"https:\\\/\\\/www.namude.lt\\\/#website\",\"url\":\"https:\\\/\\\/www.namude.lt\\\/\",\"name\":\"Namud\u0117\",\"description\":\"\u201eNamud\u0117\u201c \u2013 agent\u016bra, pardavin\u0117janti Auk\u0161taitijos NT grynuolius.\",\"publisher\":{\"@id\":\"https:\\\/\\\/www.namude.lt\\\/#organization\"},\"potentialAction\":[{\"@type\":\"SearchAction\",\"target\":{\"@type\":\"EntryPoint\",\"urlTemplate\":\"https:\\\/\\\/www.namude.lt\\\/?s={search_term_string}\"},\"query-input\":{\"@type\":\"PropertyValueSpecification\",\"valueRequired\":true,\"valueName\":\"search_term_string\"}}],\"inLanguage\":\"ru-RU\"},{\"@type\":\"Organization\",\"@id\":\"https:\\\/\\\/www.namude.lt\\\/#organization\",\"name\":\"Namud\u0117\",\"url\":\"https:\\\/\\\/www.namude.lt\\\/\",\"logo\":{\"@type\":\"ImageObject\",\"inLanguage\":\"ru-RU\",\"@id\":\"https:\\\/\\\/www.namude.lt\\\/#\\\/schema\\\/logo\\\/image\\\/\",\"url\":\"https:\\\/\\\/www.namude.lt\\\/wp-content\\\/uploads\\\/2023\\\/11\\\/logo-symbol.svg\",\"contentUrl\":\"https:\\\/\\\/www.namude.lt\\\/wp-content\\\/uploads\\\/2023\\\/11\\\/logo-symbol.svg\",\"width\":1,\"height\":1,\"caption\":\"Namud\u0117\"},\"image\":{\"@id\":\"https:\\\/\\\/www.namude.lt\\\/#\\\/schema\\\/logo\\\/image\\\/\"}}]}<\/script>\n<!-- \/ Yoast SEO plugin. -->","yoast_head_json":{"title":"PARDUODAMAS 90A NAM\u0172 VALDOS SKLYPAS, KLONI\u0172 G. 49, UTENA - Namud\u0117","robots":{"index":"index","follow":"follow","max-snippet":"max-snippet:-1","max-image-preview":"max-image-preview:large","max-video-preview":"max-video-preview:-1"},"canonical":"https:\/\/www.namude.lt\/objektas\/parduodamas-90a-namu-valdos-slypas-kloniu-g-49-utena\/","og_locale":"ru_RU","og_type":"article","og_title":"PARDUODAMAS 90A NAM\u0172 VALDOS SKLYPAS, KLONI\u0172 G. 49, UTENA - Namud\u0117","og_description":"Parduodamas erdvus 90 ar\u0173 sklypas strategi\u0161kai patogioje ir spar\u010diai besivystan\u010dioje Utenos priemiestyje \u2013 Klovini\u0173 kaime. Tai puikus pasirinkimas tiek gyvenamojo namo statybai, tiek investicijai ar komercinei veiklai. Sklypas yra ramioje, \u017ealumos apsuptoje vietoje, toliau nuo intensyvaus eismo, ta\u010diau vos kelios minut\u0117s iki miesto centro. Puikus susisiekimas \u2013 kelios minut\u0117s automobiliu iki Utenos centro, prekybos centr\u0173, mokykl\u0173, dar\u017eeli\u0173 bei kit\u0173 paslaug\u0173. Aplinkui kuriasi naujos gyvenviet\u0117s ir individuali\u0173 nam\u0173 kvartalai \u2013 tai u\u017etikrina did\u0117jan\u010di\u0105 vietov\u0117s vert\u0119 ir patrauklum\u0105 ateityje. Netoliese \u2013 Klovini\u0173 u\u017etvanka, populiari poilsio ir maudyni\u0173 vieta, suteikianti galimyb\u0119 m\u0117gautis gamta kasdien.  PRIVALUMAI: - 90a vienbu\u010di\u0173 ir dvibu\u010di\u0173 gyvenam\u0173j\u0173 pastat\u0173 teritorijos \u017eem\u0117s sklypas: - Patogus priva\u017eiavimas visais met\u0173 laikais. Atstumas iki Utenos 3km. Koordinat\u0117s: 55.505568, 25.668112","og_url":"https:\/\/www.namude.lt\/objektas\/parduodamas-90a-namu-valdos-slypas-kloniu-g-49-utena\/","og_site_name":"Namud\u0117","article_modified_time":"2025-10-24T06:28:41+00:00","og_image":[{"width":2500,"height":1667,"url":"https:\/\/www.namude.lt\/wp-content\/uploads\/2025\/10\/1-11.jpg","type":"image\/jpeg"}],"twitter_card":"summary_large_image","schema":{"@context":"https:\/\/schema.org","@graph":[{"@type":"WebPage","@id":"https:\/\/www.namude.lt\/objektas\/parduodamas-90a-namu-valdos-slypas-kloniu-g-49-utena\/","url":"https:\/\/www.namude.lt\/objektas\/parduodamas-90a-namu-valdos-slypas-kloniu-g-49-utena\/","name":"PARDUODAMAS 90A NAM\u0172 VALDOS SKLYPAS, KLONI\u0172 G. 49, UTENA - Namud\u0117","isPartOf":{"@id":"https:\/\/www.namude.lt\/#website"},"primaryImageOfPage":{"@id":"https:\/\/www.namude.lt\/objektas\/parduodamas-90a-namu-valdos-slypas-kloniu-g-49-utena\/#primaryimage"},"image":{"@id":"https:\/\/www.namude.lt\/objektas\/parduodamas-90a-namu-valdos-slypas-kloniu-g-49-utena\/#primaryimage"},"thumbnailUrl":"https:\/\/www.namude.lt\/wp-content\/uploads\/2025\/10\/1-11.jpg","datePublished":"2025-10-20T11:30:37+00:00","dateModified":"2025-10-24T06:28:41+00:00","breadcrumb":{"@id":"https:\/\/www.namude.lt\/objektas\/parduodamas-90a-namu-valdos-slypas-kloniu-g-49-utena\/#breadcrumb"},"inLanguage":"ru-RU","potentialAction":[{"@type":"ReadAction","target":["https:\/\/www.namude.lt\/objektas\/parduodamas-90a-namu-valdos-slypas-kloniu-g-49-utena\/"]}]},{"@type":"ImageObject","inLanguage":"ru-RU","@id":"https:\/\/www.namude.lt\/objektas\/parduodamas-90a-namu-valdos-slypas-kloniu-g-49-utena\/#primaryimage","url":"https:\/\/www.namude.lt\/wp-content\/uploads\/2025\/10\/1-11.jpg","contentUrl":"https:\/\/www.namude.lt\/wp-content\/uploads\/2025\/10\/1-11.jpg","width":2500,"height":1667},{"@type":"BreadcrumbList","@id":"https:\/\/www.namude.lt\/objektas\/parduodamas-90a-namu-valdos-slypas-kloniu-g-49-utena\/#breadcrumb","itemListElement":[{"@type":"ListItem","position":1,"name":"Home","item":"https:\/\/www.namude.lt\/ru\/"},{"@type":"ListItem","position":2,"name":"\u041e\u0431\u044a\u0435\u043a\u0442\u044b","item":"https:\/\/www.namude.lt\/ru\/%d0%be%d0%b1%d1%8a%d0%b5%d0%ba%d1%82%d1%8b\/"},{"@type":"ListItem","position":3,"name":"PARDUODAMAS 90A NAM\u0172 VALDOS SKLYPAS, KLONI\u0172 G. 49, UTENA"}]},{"@type":"WebSite","@id":"https:\/\/www.namude.lt\/#website","url":"https:\/\/www.namude.lt\/","name":"Namud\u0117","description":"\u201eNamud\u0117\u201c \u2013 agent\u016bra, pardavin\u0117janti Auk\u0161taitijos NT grynuolius.","publisher":{"@id":"https:\/\/www.namude.lt\/#organization"},"potentialAction":[{"@type":"SearchAction","target":{"@type":"EntryPoint","urlTemplate":"https:\/\/www.namude.lt\/?s={search_term_string}"},"query-input":{"@type":"PropertyValueSpecification","valueRequired":true,"valueName":"search_term_string"}}],"inLanguage":"ru-RU"},{"@type":"Organization","@id":"https:\/\/www.namude.lt\/#organization","name":"Namud\u0117","url":"https:\/\/www.namude.lt\/","logo":{"@type":"ImageObject","inLanguage":"ru-RU","@id":"https:\/\/www.namude.lt\/#\/schema\/logo\/image\/","url":"https:\/\/www.namude.lt\/wp-content\/uploads\/2023\/11\/logo-symbol.svg","contentUrl":"https:\/\/www.namude.lt\/wp-content\/uploads\/2023\/11\/logo-symbol.svg","width":1,"height":1,"caption":"Namud\u0117"},"image":{"@id":"https:\/\/www.namude.lt\/#\/schema\/logo\/image\/"}}]}},"_links":{"self":[{"href":"https:\/\/www.namude.lt\/ru\/wp-json\/wp\/v2\/product\/23103","targetHints":{"allow":["GET"]}}],"collection":[{"href":"https:\/\/www.namude.lt\/ru\/wp-json\/wp\/v2\/product"}],"about":[{"href":"https:\/\/www.namude.lt\/ru\/wp-json\/wp\/v2\/types\/product"}],"wp:featuredmedia":[{"embeddable":true,"href":"https:\/\/www.namude.lt\/ru\/wp-json\/wp\/v2\/media\/23104"}],"wp:attachment":[{"href":"https:\/\/www.namude.lt\/ru\/wp-json\/wp\/v2\/media?parent=23103"}],"wp:term":[{"taxonomy":"product_brand","embeddable":true,"href":"https:\/\/www.namude.lt\/ru\/wp-json\/wp\/v2\/product_brand?post=23103"},{"taxonomy":"product_cat","embeddable":true,"href":"https:\/\/www.namude.lt\/ru\/wp-json\/wp\/v2\/product_cat?post=23103"},{"taxonomy":"product_tag","embeddable":true,"href":"https:\/\/www.namude.lt\/ru\/wp-json\/wp\/v2\/product_tag?post=23103"}],"curies":[{"name":"wp","href":"https:\/\/api.w.org\/{rel}","templated":true}]}}