{"id":23081,"date":"2025-10-20T11:39:59","date_gmt":"2025-10-20T08:39:59","guid":{"rendered":"https:\/\/www.namude.lt\/?post_type=product&#038;p=23081"},"modified":"2025-10-24T08:59:31","modified_gmt":"2025-10-24T05:59:31","slug":"parduodama-rastine-sodyba-su-490ha-sklypu-prie-anykstos-upes-burbiskio-k-anyksciu-raj","status":"publish","type":"product","link":"https:\/\/www.namude.lt\/ru\/\u043e\u0431\u044a\u0435\u043a\u0442\/parduodama-rastine-sodyba-su-490ha-sklypu-prie-anykstos-upes-burbiskio-k-anyksciu-raj\/","title":{"rendered":"PARDUODAMA R\u0104STIN\u0116 SODYBA SU 4,90HA SKLYPU PRIE ANYK\u0160TOS UP\u0116S BURBI\u0160KIO K., ANYK\u0160\u010cI\u0172 RAJ."},"content":{"rendered":"","protected":false},"excerpt":{"rendered":"<p>Parduodama i\u0161skirtin\u0117, sen\u0105ja lietuvi\u0161ka dvasia alsuojanti r\u0105stin\u0117 sodyba, pastatyta 1920 metais, esanti Pagrau\u017ei\u0173 g. 50, Burbi\u0161kio kaime, Anyk\u0161\u010di\u0173 rajone. Tai puikus pasirinkimas tiek poilsiui, tiek nuolatiniam gyvenimui ar kaimo turizmo pl\u0117trai. Sklypas ribojasi su Anyk\u0161tos upe \u2013 120m.<br \/>\nBurbi\u0161kio kaimas \u2013 tai vienas vaizdingiausi\u0173 Anyk\u0161\u010di\u0173 rajono kampeli\u0173. Kaimas gars\u0117ja savo Burbi\u0161kio dvaru, kuris \u0161iandien atgim\u0119s kaip kult\u016bros, poilsio ir rengini\u0173 vieta \u2013 \u010dia vyksta koncertai, edukacijos, vestuv\u0117s bei kiti kult\u016briniai renginiai.<br \/>\nAplink kaim\u0105 driekiasi mi\u0161kai, pievos, upeliai, o vos kilometras iki Rubiki\u0173 e\u017eero \u2013 ideali vieta \u017evejybai, maudyn\u0117ms ar pasiplaukiojimui valtimi. Rubiki\u0173 e\u017eeras \u2013 vienas did\u017eiausi\u0173 ir gra\u017eiausi\u0173 Auk\u0161taitijos e\u017eer\u0173, gars\u0117jantis salomis bei puikiomis poilsio vietomis.<br \/>\nNetoliese taip pat rasite daugyb\u0119 lankytin\u0173 viet\u0173: Anyk\u0161\u010di\u0173 \u0161ilelis ir Med\u017ei\u0173 laj\u0173 takas, Puntuko akmuo, Kalitos kalnas (vasaros rogu\u010di\u0173 trasa, slidin\u0117jimo kalnas), Anyk\u0161\u010di\u0173 vyno fabrikas ir muziejus, siaurukas ir daug kit\u0173 pramog\u0173.<br \/>\nPRIVALUMAI:<br \/>\n&#8212;\t90 kv. m. r\u0105stinis namas;<br \/>\n&#8212;\tRegistruoti \u016bkiniai pastatai \u2013 tvartas, 2 \u016bkiniai pastatai, kiemo r\u016bsys, dar\u017ein\u0117, viralin\u0117, kl\u0117tis, pirtis, 2 \u0161uliniai, r\u016bkykla;<br \/>\n&#8212;\tApie 120m. Anyk\u0161tos upelio ribojasi su sklypu;<br \/>\n&#8212;\t4,90 ha \u017eem\u0117s \u016bkio sklypas, sklype auga brand\u016bs med\u017eiai, yra senas sodas;<br \/>\n&#8212;\t\u0160alia Rubiki\u0173 e\u017eero;<br \/>\n&#8212;\tPatogus priva\u017eiavimas visais met\u0173 laikais. Iki Anyk\u0161\u010di\u0173 13km, Utena 28km, Mol\u0117tai 44km, Ukmerg\u0117 56km, Panev\u0117\u017eys 72km, Vilnius ir Kaunas 123km.<br \/>\nKoordinat\u0117s 55.494719, 25.235597<\/p>\n","protected":false},"featured_media":23082,"template":"","meta":{"_acf_changed":false},"product_brand":[],"product_cat":[23],"product_tag":[],"class_list":{"0":"post-23081","1":"product","2":"type-product","3":"status-publish","4":"has-post-thumbnail","6":"product_cat-sodybos","7":"pa_rajonas-anyksciu-rajonas","8":"description-off","10":"first","11":"instock","12":"shipping-taxable","13":"purchasable","14":"product-type-simple"},"acf":[],"yoast_head":"<!-- This site is optimized with the Yoast SEO plugin v27.0 - https:\/\/yoast.com\/product\/yoast-seo-wordpress\/ -->\n<title>PARDUODAMA R\u0104STIN\u0116 SODYBA SU 4,90HA SKLYPU PRIE ANYK\u0160TOS UP\u0116S BURBI\u0160KIO K., ANYK\u0160\u010cI\u0172 RAJ. - Namud\u0117<\/title>\n<meta name=\"robots\" content=\"index, follow, max-snippet:-1, max-image-preview:large, max-video-preview:-1\" \/>\n<link rel=\"canonical\" href=\"https:\/\/www.namude.lt\/objektas\/parduodama-rastine-sodyba-su-490ha-sklypu-prie-anykstos-upes-burbiskio-k-anyksciu-raj\/\" \/>\n<meta property=\"og:locale\" content=\"ru_RU\" \/>\n<meta property=\"og:type\" content=\"article\" \/>\n<meta property=\"og:title\" content=\"PARDUODAMA R\u0104STIN\u0116 SODYBA SU 4,90HA SKLYPU PRIE ANYK\u0160TOS UP\u0116S BURBI\u0160KIO K., ANYK\u0160\u010cI\u0172 RAJ. - Namud\u0117\" \/>\n<meta property=\"og:description\" content=\"Parduodama i\u0161skirtin\u0117, sen\u0105ja lietuvi\u0161ka dvasia alsuojanti r\u0105stin\u0117 sodyba, pastatyta 1920 metais, esanti Pagrau\u017ei\u0173 g. 50, Burbi\u0161kio kaime, Anyk\u0161\u010di\u0173 rajone. Tai puikus pasirinkimas tiek poilsiui, tiek nuolatiniam gyvenimui ar kaimo turizmo pl\u0117trai. Sklypas ribojasi su Anyk\u0161tos upe \u2013 120m. Burbi\u0161kio kaimas \u2013 tai vienas vaizdingiausi\u0173 Anyk\u0161\u010di\u0173 rajono kampeli\u0173. Kaimas gars\u0117ja savo Burbi\u0161kio dvaru, kuris \u0161iandien atgim\u0119s kaip kult\u016bros, poilsio ir rengini\u0173 vieta \u2013 \u010dia vyksta koncertai, edukacijos, vestuv\u0117s bei kiti kult\u016briniai renginiai. Aplink kaim\u0105 driekiasi mi\u0161kai, pievos, upeliai, o vos kilometras iki Rubiki\u0173 e\u017eero \u2013 ideali vieta \u017evejybai, maudyn\u0117ms ar pasiplaukiojimui valtimi. Rubiki\u0173 e\u017eeras \u2013 vienas did\u017eiausi\u0173 ir gra\u017eiausi\u0173 Auk\u0161taitijos e\u017eer\u0173, gars\u0117jantis salomis bei puikiomis poilsio vietomis. Netoliese taip pat rasite daugyb\u0119 lankytin\u0173 viet\u0173: Anyk\u0161\u010di\u0173 \u0161ilelis ir Med\u017ei\u0173 laj\u0173 takas, Puntuko akmuo, Kalitos kalnas (vasaros rogu\u010di\u0173 trasa, slidin\u0117jimo kalnas), Anyk\u0161\u010di\u0173 vyno fabrikas ir muziejus, siaurukas ir daug kit\u0173 pramog\u0173. PRIVALUMAI: - 90 kv. m. r\u0105stinis namas; - Registruoti \u016bkiniai pastatai \u2013 tvartas, 2 \u016bkiniai pastatai, kiemo r\u016bsys, dar\u017ein\u0117, viralin\u0117, kl\u0117tis, pirtis, 2 \u0161uliniai, r\u016bkykla; - Apie 120m. Anyk\u0161tos upelio ribojasi su sklypu; - 4,90 ha \u017eem\u0117s \u016bkio sklypas, sklype auga brand\u016bs med\u017eiai, yra senas sodas; - \u0160alia Rubiki\u0173 e\u017eero; - Patogus priva\u017eiavimas visais met\u0173 laikais. Iki Anyk\u0161\u010di\u0173 13km, Utena 28km, Mol\u0117tai 44km, Ukmerg\u0117 56km, Panev\u0117\u017eys 72km, Vilnius ir Kaunas 123km. Koordinat\u0117s 55.494719, 25.235597\" \/>\n<meta property=\"og:url\" content=\"https:\/\/www.namude.lt\/objektas\/parduodama-rastine-sodyba-su-490ha-sklypu-prie-anykstos-upes-burbiskio-k-anyksciu-raj\/\" \/>\n<meta property=\"og:site_name\" content=\"Namud\u0117\" \/>\n<meta property=\"article:modified_time\" content=\"2025-10-24T05:59:31+00:00\" \/>\n<meta property=\"og:image\" content=\"https:\/\/www.namude.lt\/wp-content\/uploads\/2025\/10\/1-10.jpg\" \/>\n\t<meta property=\"og:image:width\" content=\"2500\" \/>\n\t<meta property=\"og:image:height\" content=\"1667\" \/>\n\t<meta property=\"og:image:type\" content=\"image\/jpeg\" \/>\n<meta name=\"twitter:card\" content=\"summary_large_image\" \/>\n<script type=\"application\/ld+json\" class=\"yoast-schema-graph\">{\"@context\":\"https:\/\/schema.org\",\"@graph\":[{\"@type\":\"WebPage\",\"@id\":\"https:\/\/www.namude.lt\/objektas\/parduodama-rastine-sodyba-su-490ha-sklypu-prie-anykstos-upes-burbiskio-k-anyksciu-raj\/\",\"url\":\"https:\/\/www.namude.lt\/objektas\/parduodama-rastine-sodyba-su-490ha-sklypu-prie-anykstos-upes-burbiskio-k-anyksciu-raj\/\",\"name\":\"PARDUODAMA R\u0104STIN\u0116 SODYBA SU 4,90HA SKLYPU PRIE ANYK\u0160TOS UP\u0116S BURBI\u0160KIO K., ANYK\u0160\u010cI\u0172 RAJ. - Namud\u0117\",\"isPartOf\":{\"@id\":\"https:\/\/www.namude.lt\/#website\"},\"primaryImageOfPage\":{\"@id\":\"https:\/\/www.namude.lt\/objektas\/parduodama-rastine-sodyba-su-490ha-sklypu-prie-anykstos-upes-burbiskio-k-anyksciu-raj\/#primaryimage\"},\"image\":{\"@id\":\"https:\/\/www.namude.lt\/objektas\/parduodama-rastine-sodyba-su-490ha-sklypu-prie-anykstos-upes-burbiskio-k-anyksciu-raj\/#primaryimage\"},\"thumbnailUrl\":\"https:\/\/www.namude.lt\/wp-content\/uploads\/2025\/10\/1-10.jpg\",\"datePublished\":\"2025-10-20T08:39:59+00:00\",\"dateModified\":\"2025-10-24T05:59:31+00:00\",\"breadcrumb\":{\"@id\":\"https:\/\/www.namude.lt\/objektas\/parduodama-rastine-sodyba-su-490ha-sklypu-prie-anykstos-upes-burbiskio-k-anyksciu-raj\/#breadcrumb\"},\"inLanguage\":\"ru-RU\",\"potentialAction\":[{\"@type\":\"ReadAction\",\"target\":[\"https:\/\/www.namude.lt\/objektas\/parduodama-rastine-sodyba-su-490ha-sklypu-prie-anykstos-upes-burbiskio-k-anyksciu-raj\/\"]}]},{\"@type\":\"ImageObject\",\"inLanguage\":\"ru-RU\",\"@id\":\"https:\/\/www.namude.lt\/objektas\/parduodama-rastine-sodyba-su-490ha-sklypu-prie-anykstos-upes-burbiskio-k-anyksciu-raj\/#primaryimage\",\"url\":\"https:\/\/www.namude.lt\/wp-content\/uploads\/2025\/10\/1-10.jpg\",\"contentUrl\":\"https:\/\/www.namude.lt\/wp-content\/uploads\/2025\/10\/1-10.jpg\",\"width\":2500,\"height\":1667},{\"@type\":\"BreadcrumbList\",\"@id\":\"https:\/\/www.namude.lt\/objektas\/parduodama-rastine-sodyba-su-490ha-sklypu-prie-anykstos-upes-burbiskio-k-anyksciu-raj\/#breadcrumb\",\"itemListElement\":[{\"@type\":\"ListItem\",\"position\":1,\"name\":\"Home\",\"item\":\"https:\/\/www.namude.lt\/ru\/\"},{\"@type\":\"ListItem\",\"position\":2,\"name\":\"\u041e\u0431\u044a\u0435\u043a\u0442\u044b\",\"item\":\"https:\/\/www.namude.lt\/ru\/%d0%be%d0%b1%d1%8a%d0%b5%d0%ba%d1%82%d1%8b\/\"},{\"@type\":\"ListItem\",\"position\":3,\"name\":\"PARDUODAMA R\u0104STIN\u0116 SODYBA SU 4,90HA SKLYPU PRIE ANYK\u0160TOS UP\u0116S BURBI\u0160KIO K., ANYK\u0160\u010cI\u0172 RAJ.\"}]},{\"@type\":\"WebSite\",\"@id\":\"https:\/\/www.namude.lt\/#website\",\"url\":\"https:\/\/www.namude.lt\/\",\"name\":\"Namud\u0117\",\"description\":\"\u201eNamud\u0117\u201c \u2013 agent\u016bra, pardavin\u0117janti Auk\u0161taitijos NT grynuolius.\",\"publisher\":{\"@id\":\"https:\/\/www.namude.lt\/#organization\"},\"potentialAction\":[{\"@type\":\"SearchAction\",\"target\":{\"@type\":\"EntryPoint\",\"urlTemplate\":\"https:\/\/www.namude.lt\/?s={search_term_string}\"},\"query-input\":{\"@type\":\"PropertyValueSpecification\",\"valueRequired\":true,\"valueName\":\"search_term_string\"}}],\"inLanguage\":\"ru-RU\"},{\"@type\":\"Organization\",\"@id\":\"https:\/\/www.namude.lt\/#organization\",\"name\":\"Namud\u0117\",\"url\":\"https:\/\/www.namude.lt\/\",\"logo\":{\"@type\":\"ImageObject\",\"inLanguage\":\"ru-RU\",\"@id\":\"https:\/\/www.namude.lt\/#\/schema\/logo\/image\/\",\"url\":\"https:\/\/www.namude.lt\/wp-content\/uploads\/2023\/11\/logo-symbol.svg\",\"contentUrl\":\"https:\/\/www.namude.lt\/wp-content\/uploads\/2023\/11\/logo-symbol.svg\",\"width\":1,\"height\":1,\"caption\":\"Namud\u0117\"},\"image\":{\"@id\":\"https:\/\/www.namude.lt\/#\/schema\/logo\/image\/\"}}]}<\/script>\n<!-- \/ Yoast SEO plugin. -->","yoast_head_json":{"title":"PARDUODAMA R\u0104STIN\u0116 SODYBA SU 4,90HA SKLYPU PRIE ANYK\u0160TOS UP\u0116S BURBI\u0160KIO K., ANYK\u0160\u010cI\u0172 RAJ. - Namud\u0117","robots":{"index":"index","follow":"follow","max-snippet":"max-snippet:-1","max-image-preview":"max-image-preview:large","max-video-preview":"max-video-preview:-1"},"canonical":"https:\/\/www.namude.lt\/objektas\/parduodama-rastine-sodyba-su-490ha-sklypu-prie-anykstos-upes-burbiskio-k-anyksciu-raj\/","og_locale":"ru_RU","og_type":"article","og_title":"PARDUODAMA R\u0104STIN\u0116 SODYBA SU 4,90HA SKLYPU PRIE ANYK\u0160TOS UP\u0116S BURBI\u0160KIO K., ANYK\u0160\u010cI\u0172 RAJ. - Namud\u0117","og_description":"Parduodama i\u0161skirtin\u0117, sen\u0105ja lietuvi\u0161ka dvasia alsuojanti r\u0105stin\u0117 sodyba, pastatyta 1920 metais, esanti Pagrau\u017ei\u0173 g. 50, Burbi\u0161kio kaime, Anyk\u0161\u010di\u0173 rajone. Tai puikus pasirinkimas tiek poilsiui, tiek nuolatiniam gyvenimui ar kaimo turizmo pl\u0117trai. Sklypas ribojasi su Anyk\u0161tos upe \u2013 120m. Burbi\u0161kio kaimas \u2013 tai vienas vaizdingiausi\u0173 Anyk\u0161\u010di\u0173 rajono kampeli\u0173. Kaimas gars\u0117ja savo Burbi\u0161kio dvaru, kuris \u0161iandien atgim\u0119s kaip kult\u016bros, poilsio ir rengini\u0173 vieta \u2013 \u010dia vyksta koncertai, edukacijos, vestuv\u0117s bei kiti kult\u016briniai renginiai. Aplink kaim\u0105 driekiasi mi\u0161kai, pievos, upeliai, o vos kilometras iki Rubiki\u0173 e\u017eero \u2013 ideali vieta \u017evejybai, maudyn\u0117ms ar pasiplaukiojimui valtimi. Rubiki\u0173 e\u017eeras \u2013 vienas did\u017eiausi\u0173 ir gra\u017eiausi\u0173 Auk\u0161taitijos e\u017eer\u0173, gars\u0117jantis salomis bei puikiomis poilsio vietomis. Netoliese taip pat rasite daugyb\u0119 lankytin\u0173 viet\u0173: Anyk\u0161\u010di\u0173 \u0161ilelis ir Med\u017ei\u0173 laj\u0173 takas, Puntuko akmuo, Kalitos kalnas (vasaros rogu\u010di\u0173 trasa, slidin\u0117jimo kalnas), Anyk\u0161\u010di\u0173 vyno fabrikas ir muziejus, siaurukas ir daug kit\u0173 pramog\u0173. PRIVALUMAI: - 90 kv. m. r\u0105stinis namas; - Registruoti \u016bkiniai pastatai \u2013 tvartas, 2 \u016bkiniai pastatai, kiemo r\u016bsys, dar\u017ein\u0117, viralin\u0117, kl\u0117tis, pirtis, 2 \u0161uliniai, r\u016bkykla; - Apie 120m. Anyk\u0161tos upelio ribojasi su sklypu; - 4,90 ha \u017eem\u0117s \u016bkio sklypas, sklype auga brand\u016bs med\u017eiai, yra senas sodas; - \u0160alia Rubiki\u0173 e\u017eero; - Patogus priva\u017eiavimas visais met\u0173 laikais. Iki Anyk\u0161\u010di\u0173 13km, Utena 28km, Mol\u0117tai 44km, Ukmerg\u0117 56km, Panev\u0117\u017eys 72km, Vilnius ir Kaunas 123km. Koordinat\u0117s 55.494719, 25.235597","og_url":"https:\/\/www.namude.lt\/objektas\/parduodama-rastine-sodyba-su-490ha-sklypu-prie-anykstos-upes-burbiskio-k-anyksciu-raj\/","og_site_name":"Namud\u0117","article_modified_time":"2025-10-24T05:59:31+00:00","og_image":[{"width":2500,"height":1667,"url":"https:\/\/www.namude.lt\/wp-content\/uploads\/2025\/10\/1-10.jpg","type":"image\/jpeg"}],"twitter_card":"summary_large_image","schema":{"@context":"https:\/\/schema.org","@graph":[{"@type":"WebPage","@id":"https:\/\/www.namude.lt\/objektas\/parduodama-rastine-sodyba-su-490ha-sklypu-prie-anykstos-upes-burbiskio-k-anyksciu-raj\/","url":"https:\/\/www.namude.lt\/objektas\/parduodama-rastine-sodyba-su-490ha-sklypu-prie-anykstos-upes-burbiskio-k-anyksciu-raj\/","name":"PARDUODAMA R\u0104STIN\u0116 SODYBA SU 4,90HA SKLYPU PRIE ANYK\u0160TOS UP\u0116S BURBI\u0160KIO K., ANYK\u0160\u010cI\u0172 RAJ. - Namud\u0117","isPartOf":{"@id":"https:\/\/www.namude.lt\/#website"},"primaryImageOfPage":{"@id":"https:\/\/www.namude.lt\/objektas\/parduodama-rastine-sodyba-su-490ha-sklypu-prie-anykstos-upes-burbiskio-k-anyksciu-raj\/#primaryimage"},"image":{"@id":"https:\/\/www.namude.lt\/objektas\/parduodama-rastine-sodyba-su-490ha-sklypu-prie-anykstos-upes-burbiskio-k-anyksciu-raj\/#primaryimage"},"thumbnailUrl":"https:\/\/www.namude.lt\/wp-content\/uploads\/2025\/10\/1-10.jpg","datePublished":"2025-10-20T08:39:59+00:00","dateModified":"2025-10-24T05:59:31+00:00","breadcrumb":{"@id":"https:\/\/www.namude.lt\/objektas\/parduodama-rastine-sodyba-su-490ha-sklypu-prie-anykstos-upes-burbiskio-k-anyksciu-raj\/#breadcrumb"},"inLanguage":"ru-RU","potentialAction":[{"@type":"ReadAction","target":["https:\/\/www.namude.lt\/objektas\/parduodama-rastine-sodyba-su-490ha-sklypu-prie-anykstos-upes-burbiskio-k-anyksciu-raj\/"]}]},{"@type":"ImageObject","inLanguage":"ru-RU","@id":"https:\/\/www.namude.lt\/objektas\/parduodama-rastine-sodyba-su-490ha-sklypu-prie-anykstos-upes-burbiskio-k-anyksciu-raj\/#primaryimage","url":"https:\/\/www.namude.lt\/wp-content\/uploads\/2025\/10\/1-10.jpg","contentUrl":"https:\/\/www.namude.lt\/wp-content\/uploads\/2025\/10\/1-10.jpg","width":2500,"height":1667},{"@type":"BreadcrumbList","@id":"https:\/\/www.namude.lt\/objektas\/parduodama-rastine-sodyba-su-490ha-sklypu-prie-anykstos-upes-burbiskio-k-anyksciu-raj\/#breadcrumb","itemListElement":[{"@type":"ListItem","position":1,"name":"Home","item":"https:\/\/www.namude.lt\/ru\/"},{"@type":"ListItem","position":2,"name":"\u041e\u0431\u044a\u0435\u043a\u0442\u044b","item":"https:\/\/www.namude.lt\/ru\/%d0%be%d0%b1%d1%8a%d0%b5%d0%ba%d1%82%d1%8b\/"},{"@type":"ListItem","position":3,"name":"PARDUODAMA R\u0104STIN\u0116 SODYBA SU 4,90HA SKLYPU PRIE ANYK\u0160TOS UP\u0116S BURBI\u0160KIO K., ANYK\u0160\u010cI\u0172 RAJ."}]},{"@type":"WebSite","@id":"https:\/\/www.namude.lt\/#website","url":"https:\/\/www.namude.lt\/","name":"Namud\u0117","description":"\u201eNamud\u0117\u201c \u2013 agent\u016bra, pardavin\u0117janti Auk\u0161taitijos NT grynuolius.","publisher":{"@id":"https:\/\/www.namude.lt\/#organization"},"potentialAction":[{"@type":"SearchAction","target":{"@type":"EntryPoint","urlTemplate":"https:\/\/www.namude.lt\/?s={search_term_string}"},"query-input":{"@type":"PropertyValueSpecification","valueRequired":true,"valueName":"search_term_string"}}],"inLanguage":"ru-RU"},{"@type":"Organization","@id":"https:\/\/www.namude.lt\/#organization","name":"Namud\u0117","url":"https:\/\/www.namude.lt\/","logo":{"@type":"ImageObject","inLanguage":"ru-RU","@id":"https:\/\/www.namude.lt\/#\/schema\/logo\/image\/","url":"https:\/\/www.namude.lt\/wp-content\/uploads\/2023\/11\/logo-symbol.svg","contentUrl":"https:\/\/www.namude.lt\/wp-content\/uploads\/2023\/11\/logo-symbol.svg","width":1,"height":1,"caption":"Namud\u0117"},"image":{"@id":"https:\/\/www.namude.lt\/#\/schema\/logo\/image\/"}}]}},"_links":{"self":[{"href":"https:\/\/www.namude.lt\/ru\/wp-json\/wp\/v2\/product\/23081","targetHints":{"allow":["GET"]}}],"collection":[{"href":"https:\/\/www.namude.lt\/ru\/wp-json\/wp\/v2\/product"}],"about":[{"href":"https:\/\/www.namude.lt\/ru\/wp-json\/wp\/v2\/types\/product"}],"wp:featuredmedia":[{"embeddable":true,"href":"https:\/\/www.namude.lt\/ru\/wp-json\/wp\/v2\/media\/23082"}],"wp:attachment":[{"href":"https:\/\/www.namude.lt\/ru\/wp-json\/wp\/v2\/media?parent=23081"}],"wp:term":[{"taxonomy":"product_brand","embeddable":true,"href":"https:\/\/www.namude.lt\/ru\/wp-json\/wp\/v2\/product_brand?post=23081"},{"taxonomy":"product_cat","embeddable":true,"href":"https:\/\/www.namude.lt\/ru\/wp-json\/wp\/v2\/product_cat?post=23081"},{"taxonomy":"product_tag","embeddable":true,"href":"https:\/\/www.namude.lt\/ru\/wp-json\/wp\/v2\/product_tag?post=23081"}],"curies":[{"name":"wp","href":"https:\/\/api.w.org\/{rel}","templated":true}]}}