{"id":22921,"date":"2025-10-09T14:54:52","date_gmt":"2025-10-09T11:54:52","guid":{"rendered":"https:\/\/www.namude.lt\/?post_type=product&#038;p=22921"},"modified":"2026-01-07T14:19:03","modified_gmt":"2026-01-07T12:19:03","slug":"parduodamas-sklypas-prie-baltuju-lakaju-ezero-pusyne-su-namo-pamatais-moletu-rajone","status":"publish","type":"product","link":"https:\/\/www.namude.lt\/ru\/\u043e\u0431\u044a\u0435\u043a\u0442\/parduodamas-sklypas-prie-baltuju-lakaju-ezero-pusyne-su-namo-pamatais-moletu-rajone\/","title":{"rendered":"PARDUODAMAS SKLYPAS PRIE BALT\u0172J\u0172 LAKAJ\u0172 E\u017dERO &#8212; PU\u0160YNE, SU NAMO PAMATAIS, MOL\u0116T\u0172 RAJONE!"},"content":{"rendered":"","protected":false},"excerpt":{"rendered":"<p><strong>Galimyb\u0117 \u012fsigyti beveik 2 ha priva\u010dios erdv\u0117s \u0161alia legendinio Balt\u0173j\u0173 Lakaj\u0173 e\u017eero, kur\u012f pam\u0117go tiek poilsiautojai, tiek presti\u017eini\u0173 sodyb\u0173 savininkai &#8212; tai e\u017eeras, gars\u0117jantis skaidriu vandeniu, gra\u017eia gamta ir i\u0161vystyta poilsio infrastrukt\u016bra. \u010cia gamtos gro\u017eis, privatumas ir i\u0161skirtin\u0117 investicija \u012f kokybi\u0161k\u0105 gyvenim\u0105.<\/strong> Sklypas ribojasi su e\u017eero krantu, tad tur\u0117site tiesiogin\u0119 prieig\u0105 prie vandens \u2013 puikiai tiks tiek poilsiui, tiek nuolatiniam gyvenimui ar investicijai \u012f poilsio sodyb\u0105 ir kokybi\u0161k\u0105 gyvenim\u0105.<br \/>\n<strong>Pagrindiniai privalumai:<\/strong><\/p>\n<p>\u2022 Nam\u0173 valda \u2013 0,7412 ha (tvenkinys ir namo bei dar\u017ein\u0117s pamatai &#8212; sutaupysite laiko ir i\u0161laid\u0173 pradiniams statybos darbams ir leidimams)<br \/>\n\u2022 Privatus pu\u0161ynas \u2013 1,255 ha J\u016bs\u0173 ramybei ir poilsiui<br \/>\n\u2022 Bendras plotas \u2013 1,9962 ha \u2013 (abiem sklypams atlikti geodeziniai matavimai)<br \/>\n\u2022 Pakrant\u0117 \u2013 ~85 metrai nuosavos pakrant\u0117s prie vieno skaidriausi\u0173 Lietuvos e\u017eer\u0173<br \/>\n\u2022 Atstumai iki Mol\u0117t\u0173 \u2013 9km. Utenos \u2013 40 km, Vilniaus \u2013 66km, Kauno \u2013 120km.<\/p>\n<p>Sklypo koordinat\u0117s:<br \/>\nGoogle maps : 55.208822, 25.528910<\/p>\n<p>Tai unikali galimyb\u0117 \u012fsigyti sklyp\u0105 presti\u017ein\u0117je vietoje \u2013 tiek nuolatiniam gyvenimui, tiek poilsiui ar investicijai. \ud83c\udf3f<\/p>\n","protected":false},"featured_media":23561,"template":"","meta":{"_acf_changed":false},"product_brand":[],"product_cat":[24],"product_tag":[],"class_list":{"0":"post-22921","1":"product","2":"type-product","3":"status-publish","4":"has-post-thumbnail","6":"product_cat-sklypai","7":"pa_rajonas-moletu-rajonas","8":"description-off","10":"first","11":"instock","12":"shipping-taxable","13":"purchasable","14":"product-type-simple"},"acf":[],"yoast_head":"<!-- This site is optimized with the Yoast SEO plugin v27.0 - https:\/\/yoast.com\/product\/yoast-seo-wordpress\/ -->\n<title>PARDUODAMAS SKLYPAS PRIE BALT\u0172J\u0172 LAKAJ\u0172 E\u017dERO - PU\u0160YNE, SU NAMO PAMATAIS, MOL\u0116T\u0172 RAJONE! - Namud\u0117<\/title>\n<meta name=\"robots\" content=\"index, follow, max-snippet:-1, max-image-preview:large, max-video-preview:-1\" \/>\n<link rel=\"canonical\" href=\"https:\/\/www.namude.lt\/objektas\/parduodamas-sklypas-prie-baltuju-lakaju-ezero-pusyne-su-namo-pamatais-moletu-rajone\/\" \/>\n<meta property=\"og:locale\" content=\"ru_RU\" \/>\n<meta property=\"og:type\" content=\"article\" \/>\n<meta property=\"og:title\" content=\"PARDUODAMAS SKLYPAS PRIE BALT\u0172J\u0172 LAKAJ\u0172 E\u017dERO - PU\u0160YNE, SU NAMO PAMATAIS, MOL\u0116T\u0172 RAJONE! - Namud\u0117\" \/>\n<meta property=\"og:description\" content=\"Galimyb\u0117 \u012fsigyti beveik 2 ha priva\u010dios erdv\u0117s \u0161alia legendinio Balt\u0173j\u0173 Lakaj\u0173 e\u017eero, kur\u012f pam\u0117go tiek poilsiautojai, tiek presti\u017eini\u0173 sodyb\u0173 savininkai - tai e\u017eeras, gars\u0117jantis skaidriu vandeniu, gra\u017eia gamta ir i\u0161vystyta poilsio infrastrukt\u016bra. \u010cia gamtos gro\u017eis, privatumas ir i\u0161skirtin\u0117 investicija \u012f kokybi\u0161k\u0105 gyvenim\u0105. Sklypas ribojasi su e\u017eero krantu, tad tur\u0117site tiesiogin\u0119 prieig\u0105 prie vandens \u2013 puikiai tiks tiek poilsiui, tiek nuolatiniam gyvenimui ar investicijai \u012f poilsio sodyb\u0105 ir kokybi\u0161k\u0105 gyvenim\u0105. Pagrindiniai privalumai:  \u2022 Nam\u0173 valda \u2013 0,7412 ha (tvenkinys ir namo bei dar\u017ein\u0117s pamatai - sutaupysite laiko ir i\u0161laid\u0173 pradiniams statybos darbams ir leidimams) \u2022 Privatus pu\u0161ynas \u2013 1,255 ha J\u016bs\u0173 ramybei ir poilsiui \u2022 Bendras plotas \u2013 1,9962 ha \u2013 (abiem sklypams atlikti geodeziniai matavimai) \u2022 Pakrant\u0117 \u2013 ~85 metrai nuosavos pakrant\u0117s prie vieno skaidriausi\u0173 Lietuvos e\u017eer\u0173 \u2022 Atstumai iki Mol\u0117t\u0173 \u2013 9km. Utenos \u2013 40 km, Vilniaus \u2013 66km, Kauno \u2013 120km.  Sklypo koordinat\u0117s: Google maps : 55.208822, 25.528910  Tai unikali galimyb\u0117 \u012fsigyti sklyp\u0105 presti\u017ein\u0117je vietoje \u2013 tiek nuolatiniam gyvenimui, tiek poilsiui ar investicijai. \ud83c\udf3f\" \/>\n<meta property=\"og:url\" content=\"https:\/\/www.namude.lt\/objektas\/parduodamas-sklypas-prie-baltuju-lakaju-ezero-pusyne-su-namo-pamatais-moletu-rajone\/\" \/>\n<meta property=\"og:site_name\" content=\"Namud\u0117\" \/>\n<meta property=\"article:modified_time\" content=\"2026-01-07T12:19:03+00:00\" \/>\n<meta property=\"og:image\" content=\"https:\/\/www.namude.lt\/wp-content\/uploads\/2025\/10\/1-16.jpg\" \/>\n\t<meta property=\"og:image:width\" content=\"1920\" \/>\n\t<meta property=\"og:image:height\" content=\"1080\" \/>\n\t<meta property=\"og:image:type\" content=\"image\/jpeg\" \/>\n<meta name=\"twitter:card\" content=\"summary_large_image\" \/>\n<script type=\"application\/ld+json\" class=\"yoast-schema-graph\">{\"@context\":\"https:\/\/schema.org\",\"@graph\":[{\"@type\":\"WebPage\",\"@id\":\"https:\/\/www.namude.lt\/objektas\/parduodamas-sklypas-prie-baltuju-lakaju-ezero-pusyne-su-namo-pamatais-moletu-rajone\/\",\"url\":\"https:\/\/www.namude.lt\/objektas\/parduodamas-sklypas-prie-baltuju-lakaju-ezero-pusyne-su-namo-pamatais-moletu-rajone\/\",\"name\":\"PARDUODAMAS SKLYPAS PRIE BALT\u0172J\u0172 LAKAJ\u0172 E\u017dERO - PU\u0160YNE, SU NAMO PAMATAIS, MOL\u0116T\u0172 RAJONE! - Namud\u0117\",\"isPartOf\":{\"@id\":\"https:\/\/www.namude.lt\/#website\"},\"primaryImageOfPage\":{\"@id\":\"https:\/\/www.namude.lt\/objektas\/parduodamas-sklypas-prie-baltuju-lakaju-ezero-pusyne-su-namo-pamatais-moletu-rajone\/#primaryimage\"},\"image\":{\"@id\":\"https:\/\/www.namude.lt\/objektas\/parduodamas-sklypas-prie-baltuju-lakaju-ezero-pusyne-su-namo-pamatais-moletu-rajone\/#primaryimage\"},\"thumbnailUrl\":\"https:\/\/www.namude.lt\/wp-content\/uploads\/2025\/10\/1-16.jpg\",\"datePublished\":\"2025-10-09T11:54:52+00:00\",\"dateModified\":\"2026-01-07T12:19:03+00:00\",\"breadcrumb\":{\"@id\":\"https:\/\/www.namude.lt\/objektas\/parduodamas-sklypas-prie-baltuju-lakaju-ezero-pusyne-su-namo-pamatais-moletu-rajone\/#breadcrumb\"},\"inLanguage\":\"ru-RU\",\"potentialAction\":[{\"@type\":\"ReadAction\",\"target\":[\"https:\/\/www.namude.lt\/objektas\/parduodamas-sklypas-prie-baltuju-lakaju-ezero-pusyne-su-namo-pamatais-moletu-rajone\/\"]}]},{\"@type\":\"ImageObject\",\"inLanguage\":\"ru-RU\",\"@id\":\"https:\/\/www.namude.lt\/objektas\/parduodamas-sklypas-prie-baltuju-lakaju-ezero-pusyne-su-namo-pamatais-moletu-rajone\/#primaryimage\",\"url\":\"https:\/\/www.namude.lt\/wp-content\/uploads\/2025\/10\/1-16.jpg\",\"contentUrl\":\"https:\/\/www.namude.lt\/wp-content\/uploads\/2025\/10\/1-16.jpg\",\"width\":1920,\"height\":1080},{\"@type\":\"BreadcrumbList\",\"@id\":\"https:\/\/www.namude.lt\/objektas\/parduodamas-sklypas-prie-baltuju-lakaju-ezero-pusyne-su-namo-pamatais-moletu-rajone\/#breadcrumb\",\"itemListElement\":[{\"@type\":\"ListItem\",\"position\":1,\"name\":\"Home\",\"item\":\"https:\/\/www.namude.lt\/ru\/\"},{\"@type\":\"ListItem\",\"position\":2,\"name\":\"\u041e\u0431\u044a\u0435\u043a\u0442\u044b\",\"item\":\"https:\/\/www.namude.lt\/ru\/%d0%be%d0%b1%d1%8a%d0%b5%d0%ba%d1%82%d1%8b\/\"},{\"@type\":\"ListItem\",\"position\":3,\"name\":\"PARDUODAMAS SKLYPAS PRIE BALT\u0172J\u0172 LAKAJ\u0172 E\u017dERO &#8211; PU\u0160YNE, SU NAMO PAMATAIS, MOL\u0116T\u0172 RAJONE!\"}]},{\"@type\":\"WebSite\",\"@id\":\"https:\/\/www.namude.lt\/#website\",\"url\":\"https:\/\/www.namude.lt\/\",\"name\":\"Namud\u0117\",\"description\":\"\u201eNamud\u0117\u201c \u2013 agent\u016bra, pardavin\u0117janti Auk\u0161taitijos NT grynuolius.\",\"publisher\":{\"@id\":\"https:\/\/www.namude.lt\/#organization\"},\"potentialAction\":[{\"@type\":\"SearchAction\",\"target\":{\"@type\":\"EntryPoint\",\"urlTemplate\":\"https:\/\/www.namude.lt\/?s={search_term_string}\"},\"query-input\":{\"@type\":\"PropertyValueSpecification\",\"valueRequired\":true,\"valueName\":\"search_term_string\"}}],\"inLanguage\":\"ru-RU\"},{\"@type\":\"Organization\",\"@id\":\"https:\/\/www.namude.lt\/#organization\",\"name\":\"Namud\u0117\",\"url\":\"https:\/\/www.namude.lt\/\",\"logo\":{\"@type\":\"ImageObject\",\"inLanguage\":\"ru-RU\",\"@id\":\"https:\/\/www.namude.lt\/#\/schema\/logo\/image\/\",\"url\":\"https:\/\/www.namude.lt\/wp-content\/uploads\/2023\/11\/logo-symbol.svg\",\"contentUrl\":\"https:\/\/www.namude.lt\/wp-content\/uploads\/2023\/11\/logo-symbol.svg\",\"width\":1,\"height\":1,\"caption\":\"Namud\u0117\"},\"image\":{\"@id\":\"https:\/\/www.namude.lt\/#\/schema\/logo\/image\/\"}}]}<\/script>\n<!-- \/ Yoast SEO plugin. -->","yoast_head_json":{"title":"PARDUODAMAS SKLYPAS PRIE BALT\u0172J\u0172 LAKAJ\u0172 E\u017dERO - PU\u0160YNE, SU NAMO PAMATAIS, MOL\u0116T\u0172 RAJONE! - Namud\u0117","robots":{"index":"index","follow":"follow","max-snippet":"max-snippet:-1","max-image-preview":"max-image-preview:large","max-video-preview":"max-video-preview:-1"},"canonical":"https:\/\/www.namude.lt\/objektas\/parduodamas-sklypas-prie-baltuju-lakaju-ezero-pusyne-su-namo-pamatais-moletu-rajone\/","og_locale":"ru_RU","og_type":"article","og_title":"PARDUODAMAS SKLYPAS PRIE BALT\u0172J\u0172 LAKAJ\u0172 E\u017dERO - PU\u0160YNE, SU NAMO PAMATAIS, MOL\u0116T\u0172 RAJONE! - Namud\u0117","og_description":"Galimyb\u0117 \u012fsigyti beveik 2 ha priva\u010dios erdv\u0117s \u0161alia legendinio Balt\u0173j\u0173 Lakaj\u0173 e\u017eero, kur\u012f pam\u0117go tiek poilsiautojai, tiek presti\u017eini\u0173 sodyb\u0173 savininkai - tai e\u017eeras, gars\u0117jantis skaidriu vandeniu, gra\u017eia gamta ir i\u0161vystyta poilsio infrastrukt\u016bra. \u010cia gamtos gro\u017eis, privatumas ir i\u0161skirtin\u0117 investicija \u012f kokybi\u0161k\u0105 gyvenim\u0105. Sklypas ribojasi su e\u017eero krantu, tad tur\u0117site tiesiogin\u0119 prieig\u0105 prie vandens \u2013 puikiai tiks tiek poilsiui, tiek nuolatiniam gyvenimui ar investicijai \u012f poilsio sodyb\u0105 ir kokybi\u0161k\u0105 gyvenim\u0105. Pagrindiniai privalumai:  \u2022 Nam\u0173 valda \u2013 0,7412 ha (tvenkinys ir namo bei dar\u017ein\u0117s pamatai - sutaupysite laiko ir i\u0161laid\u0173 pradiniams statybos darbams ir leidimams) \u2022 Privatus pu\u0161ynas \u2013 1,255 ha J\u016bs\u0173 ramybei ir poilsiui \u2022 Bendras plotas \u2013 1,9962 ha \u2013 (abiem sklypams atlikti geodeziniai matavimai) \u2022 Pakrant\u0117 \u2013 ~85 metrai nuosavos pakrant\u0117s prie vieno skaidriausi\u0173 Lietuvos e\u017eer\u0173 \u2022 Atstumai iki Mol\u0117t\u0173 \u2013 9km. Utenos \u2013 40 km, Vilniaus \u2013 66km, Kauno \u2013 120km.  Sklypo koordinat\u0117s: Google maps : 55.208822, 25.528910  Tai unikali galimyb\u0117 \u012fsigyti sklyp\u0105 presti\u017ein\u0117je vietoje \u2013 tiek nuolatiniam gyvenimui, tiek poilsiui ar investicijai. \ud83c\udf3f","og_url":"https:\/\/www.namude.lt\/objektas\/parduodamas-sklypas-prie-baltuju-lakaju-ezero-pusyne-su-namo-pamatais-moletu-rajone\/","og_site_name":"Namud\u0117","article_modified_time":"2026-01-07T12:19:03+00:00","og_image":[{"width":1920,"height":1080,"url":"https:\/\/www.namude.lt\/wp-content\/uploads\/2025\/10\/1-16.jpg","type":"image\/jpeg"}],"twitter_card":"summary_large_image","schema":{"@context":"https:\/\/schema.org","@graph":[{"@type":"WebPage","@id":"https:\/\/www.namude.lt\/objektas\/parduodamas-sklypas-prie-baltuju-lakaju-ezero-pusyne-su-namo-pamatais-moletu-rajone\/","url":"https:\/\/www.namude.lt\/objektas\/parduodamas-sklypas-prie-baltuju-lakaju-ezero-pusyne-su-namo-pamatais-moletu-rajone\/","name":"PARDUODAMAS SKLYPAS PRIE BALT\u0172J\u0172 LAKAJ\u0172 E\u017dERO - PU\u0160YNE, SU NAMO PAMATAIS, MOL\u0116T\u0172 RAJONE! - Namud\u0117","isPartOf":{"@id":"https:\/\/www.namude.lt\/#website"},"primaryImageOfPage":{"@id":"https:\/\/www.namude.lt\/objektas\/parduodamas-sklypas-prie-baltuju-lakaju-ezero-pusyne-su-namo-pamatais-moletu-rajone\/#primaryimage"},"image":{"@id":"https:\/\/www.namude.lt\/objektas\/parduodamas-sklypas-prie-baltuju-lakaju-ezero-pusyne-su-namo-pamatais-moletu-rajone\/#primaryimage"},"thumbnailUrl":"https:\/\/www.namude.lt\/wp-content\/uploads\/2025\/10\/1-16.jpg","datePublished":"2025-10-09T11:54:52+00:00","dateModified":"2026-01-07T12:19:03+00:00","breadcrumb":{"@id":"https:\/\/www.namude.lt\/objektas\/parduodamas-sklypas-prie-baltuju-lakaju-ezero-pusyne-su-namo-pamatais-moletu-rajone\/#breadcrumb"},"inLanguage":"ru-RU","potentialAction":[{"@type":"ReadAction","target":["https:\/\/www.namude.lt\/objektas\/parduodamas-sklypas-prie-baltuju-lakaju-ezero-pusyne-su-namo-pamatais-moletu-rajone\/"]}]},{"@type":"ImageObject","inLanguage":"ru-RU","@id":"https:\/\/www.namude.lt\/objektas\/parduodamas-sklypas-prie-baltuju-lakaju-ezero-pusyne-su-namo-pamatais-moletu-rajone\/#primaryimage","url":"https:\/\/www.namude.lt\/wp-content\/uploads\/2025\/10\/1-16.jpg","contentUrl":"https:\/\/www.namude.lt\/wp-content\/uploads\/2025\/10\/1-16.jpg","width":1920,"height":1080},{"@type":"BreadcrumbList","@id":"https:\/\/www.namude.lt\/objektas\/parduodamas-sklypas-prie-baltuju-lakaju-ezero-pusyne-su-namo-pamatais-moletu-rajone\/#breadcrumb","itemListElement":[{"@type":"ListItem","position":1,"name":"Home","item":"https:\/\/www.namude.lt\/ru\/"},{"@type":"ListItem","position":2,"name":"\u041e\u0431\u044a\u0435\u043a\u0442\u044b","item":"https:\/\/www.namude.lt\/ru\/%d0%be%d0%b1%d1%8a%d0%b5%d0%ba%d1%82%d1%8b\/"},{"@type":"ListItem","position":3,"name":"PARDUODAMAS SKLYPAS PRIE BALT\u0172J\u0172 LAKAJ\u0172 E\u017dERO &#8211; PU\u0160YNE, SU NAMO PAMATAIS, MOL\u0116T\u0172 RAJONE!"}]},{"@type":"WebSite","@id":"https:\/\/www.namude.lt\/#website","url":"https:\/\/www.namude.lt\/","name":"Namud\u0117","description":"\u201eNamud\u0117\u201c \u2013 agent\u016bra, pardavin\u0117janti Auk\u0161taitijos NT grynuolius.","publisher":{"@id":"https:\/\/www.namude.lt\/#organization"},"potentialAction":[{"@type":"SearchAction","target":{"@type":"EntryPoint","urlTemplate":"https:\/\/www.namude.lt\/?s={search_term_string}"},"query-input":{"@type":"PropertyValueSpecification","valueRequired":true,"valueName":"search_term_string"}}],"inLanguage":"ru-RU"},{"@type":"Organization","@id":"https:\/\/www.namude.lt\/#organization","name":"Namud\u0117","url":"https:\/\/www.namude.lt\/","logo":{"@type":"ImageObject","inLanguage":"ru-RU","@id":"https:\/\/www.namude.lt\/#\/schema\/logo\/image\/","url":"https:\/\/www.namude.lt\/wp-content\/uploads\/2023\/11\/logo-symbol.svg","contentUrl":"https:\/\/www.namude.lt\/wp-content\/uploads\/2023\/11\/logo-symbol.svg","width":1,"height":1,"caption":"Namud\u0117"},"image":{"@id":"https:\/\/www.namude.lt\/#\/schema\/logo\/image\/"}}]}},"_links":{"self":[{"href":"https:\/\/www.namude.lt\/ru\/wp-json\/wp\/v2\/product\/22921","targetHints":{"allow":["GET"]}}],"collection":[{"href":"https:\/\/www.namude.lt\/ru\/wp-json\/wp\/v2\/product"}],"about":[{"href":"https:\/\/www.namude.lt\/ru\/wp-json\/wp\/v2\/types\/product"}],"wp:featuredmedia":[{"embeddable":true,"href":"https:\/\/www.namude.lt\/ru\/wp-json\/wp\/v2\/media\/23561"}],"wp:attachment":[{"href":"https:\/\/www.namude.lt\/ru\/wp-json\/wp\/v2\/media?parent=22921"}],"wp:term":[{"taxonomy":"product_brand","embeddable":true,"href":"https:\/\/www.namude.lt\/ru\/wp-json\/wp\/v2\/product_brand?post=22921"},{"taxonomy":"product_cat","embeddable":true,"href":"https:\/\/www.namude.lt\/ru\/wp-json\/wp\/v2\/product_cat?post=22921"},{"taxonomy":"product_tag","embeddable":true,"href":"https:\/\/www.namude.lt\/ru\/wp-json\/wp\/v2\/product_tag?post=22921"}],"curies":[{"name":"wp","href":"https:\/\/api.w.org\/{rel}","templated":true}]}}