{"id":22775,"date":"2025-10-06T10:35:52","date_gmt":"2025-10-06T07:35:52","guid":{"rendered":"https:\/\/www.namude.lt\/?post_type=product&#038;p=22775"},"modified":"2026-03-03T14:25:50","modified_gmt":"2026-03-03T12:25:50","slug":"parduodamas-namas-su-1ha-zemes-sklypu-salia-ukmerges-liausiu-gyvenvieteje","status":"publish","type":"product","link":"https:\/\/www.namude.lt\/ru\/\u043e\u0431\u044a\u0435\u043a\u0442\/parduodamas-namas-su-1ha-zemes-sklypu-salia-ukmerges-liausiu-gyvenvieteje\/","title":{"rendered":"PARDUODAMAS NAMAS SU 1HA \u017dEM\u0116S SKLYPU \u0160ALIA UKMERG\u0116S, LIAU\u0160I\u0172 GYVENVIET\u0116JE"},"content":{"rendered":"","protected":false},"excerpt":{"rendered":"<p>Liau\u0161i\u0173 kaime, Lanktingal\u0173 gatv\u0117je parduodamas m\u016brinis namas su \u016bkiniais pastatais. \u0160alimais Ukmerg\u0117s, kurioje rasite \u012fvairi\u0173 paslaug\u0173, prekybos centr\u0173, \u0161vietimo \u012fstaig\u0173 ir kult\u016brini\u0173 objekt\u0173, toki\u0173 kaip Ukmerg\u0117s pilis, ba\u017eny\u010dios ir muziejai.<br \/>\nPRIVALUMAI:<br \/>\n\u2013 Pri\u017ei\u016br\u0117tas 2 auk\u0161t\u0173 namas 136kv.m. (4 kambariai pirmame auk\u0161te, virtuv\u0117, vonia su WC, antrame auk\u0161te 2 kambariai ir balkonas, po namu yra r\u016bsys);<br \/>\n\u2013 \u016akiniai pastatai: svirnas, trys malkin\u0117s, dar\u017ein\u0117, tvartas, viralin\u0117, gara\u017eas, lauko tualetas, dar\u017ein\u0117, pirtis;<br \/>\n\u2013 Sklypo plotas \u2013 1,1ha, kur\u012f sudaro nam\u0173 valdos 0,25ha ir 0,1ha, bei \u017eem\u0117s \u016bkio sklypai 0,65 ha ir 0,1ha.<br \/>\n\u2013 Vandentiekis, kanalizacija \u2013 kaimo;<br \/>\n\u2013 Centrinis \u0161ildymas, antras auk\u0161tas \u0161ildomas pe\u010diumi;<br \/>\n\u2013 Erdvi ir \u017ealia aplinka, erdvus sklypas;<br \/>\n\u2013 Patogus priva\u017eiavimas, iki autostrados 10 km, atstumai iki Ukmerg\u0117s 15km, Mol\u0117t\u0173 29km, \u0160irvint\u0173 35km, Vilniaus 80km.<br \/>\nKoordinat\u0117s :<br \/>\nmaps.lt \u2013 55.212202, 24.987821<\/p>\n","protected":false},"featured_media":22885,"template":"","meta":{"_acf_changed":false},"product_brand":[],"product_cat":[26],"product_tag":[],"class_list":{"0":"post-22775","1":"product","2":"type-product","3":"status-publish","4":"has-post-thumbnail","6":"product_cat-namai","7":"pa_rajonas-kiti-rajonai","8":"description-off","10":"first","11":"instock","12":"shipping-taxable","13":"purchasable","14":"product-type-simple"},"acf":[],"yoast_head":"<!-- This site is optimized with the Yoast SEO plugin v27.0 - https:\/\/yoast.com\/product\/yoast-seo-wordpress\/ -->\n<title>PARDUODAMAS NAMAS SU 1HA \u017dEM\u0116S SKLYPU \u0160ALIA UKMERG\u0116S, LIAU\u0160I\u0172 GYVENVIET\u0116JE - Namud\u0117<\/title>\n<meta name=\"robots\" content=\"index, follow, max-snippet:-1, max-image-preview:large, max-video-preview:-1\" \/>\n<link rel=\"canonical\" href=\"https:\/\/www.namude.lt\/objektas\/parduodamas-namas-su-1ha-zemes-sklypu-salia-ukmerges-liausiu-gyvenvieteje\/\" \/>\n<meta property=\"og:locale\" content=\"ru_RU\" \/>\n<meta property=\"og:type\" content=\"article\" \/>\n<meta property=\"og:title\" content=\"PARDUODAMAS NAMAS SU 1HA \u017dEM\u0116S SKLYPU \u0160ALIA UKMERG\u0116S, LIAU\u0160I\u0172 GYVENVIET\u0116JE - Namud\u0117\" \/>\n<meta property=\"og:description\" content=\"Liau\u0161i\u0173 kaime, Lanktingal\u0173 gatv\u0117je parduodamas m\u016brinis namas su \u016bkiniais pastatais. \u0160alimais Ukmerg\u0117s, kurioje rasite \u012fvairi\u0173 paslaug\u0173, prekybos centr\u0173, \u0161vietimo \u012fstaig\u0173 ir kult\u016brini\u0173 objekt\u0173, toki\u0173 kaip Ukmerg\u0117s pilis, ba\u017eny\u010dios ir muziejai. PRIVALUMAI: \u2013 Pri\u017ei\u016br\u0117tas 2 auk\u0161t\u0173 namas 136kv.m. (4 kambariai pirmame auk\u0161te, virtuv\u0117, vonia su WC, antrame auk\u0161te 2 kambariai ir balkonas, po namu yra r\u016bsys); \u2013 \u016akiniai pastatai: svirnas, trys malkin\u0117s, dar\u017ein\u0117, tvartas, viralin\u0117, gara\u017eas, lauko tualetas, dar\u017ein\u0117, pirtis; \u2013 Sklypo plotas \u2013 1,1ha, kur\u012f sudaro nam\u0173 valdos 0,25ha ir 0,1ha, bei \u017eem\u0117s \u016bkio sklypai 0,65 ha ir 0,1ha. \u2013 Vandentiekis, kanalizacija \u2013 kaimo; \u2013 Centrinis \u0161ildymas, antras auk\u0161tas \u0161ildomas pe\u010diumi; \u2013 Erdvi ir \u017ealia aplinka, erdvus sklypas; \u2013 Patogus priva\u017eiavimas, iki autostrados 10 km, atstumai iki Ukmerg\u0117s 15km, Mol\u0117t\u0173 29km, \u0160irvint\u0173 35km, Vilniaus 80km. Koordinat\u0117s : maps.lt \u2013 55.212202, 24.987821\" \/>\n<meta property=\"og:url\" content=\"https:\/\/www.namude.lt\/objektas\/parduodamas-namas-su-1ha-zemes-sklypu-salia-ukmerges-liausiu-gyvenvieteje\/\" \/>\n<meta property=\"og:site_name\" content=\"Namud\u0117\" \/>\n<meta property=\"article:modified_time\" content=\"2026-03-03T12:25:50+00:00\" \/>\n<meta property=\"og:image\" content=\"https:\/\/www.namude.lt\/wp-content\/uploads\/2025\/10\/1-6.jpg\" \/>\n\t<meta property=\"og:image:width\" content=\"2400\" \/>\n\t<meta property=\"og:image:height\" content=\"1800\" \/>\n\t<meta property=\"og:image:type\" content=\"image\/jpeg\" \/>\n<meta name=\"twitter:card\" content=\"summary_large_image\" \/>\n<script type=\"application\/ld+json\" class=\"yoast-schema-graph\">{\"@context\":\"https:\/\/schema.org\",\"@graph\":[{\"@type\":\"WebPage\",\"@id\":\"https:\/\/www.namude.lt\/objektas\/parduodamas-namas-su-1ha-zemes-sklypu-salia-ukmerges-liausiu-gyvenvieteje\/\",\"url\":\"https:\/\/www.namude.lt\/objektas\/parduodamas-namas-su-1ha-zemes-sklypu-salia-ukmerges-liausiu-gyvenvieteje\/\",\"name\":\"PARDUODAMAS NAMAS SU 1HA \u017dEM\u0116S SKLYPU \u0160ALIA UKMERG\u0116S, LIAU\u0160I\u0172 GYVENVIET\u0116JE - Namud\u0117\",\"isPartOf\":{\"@id\":\"https:\/\/www.namude.lt\/#website\"},\"primaryImageOfPage\":{\"@id\":\"https:\/\/www.namude.lt\/objektas\/parduodamas-namas-su-1ha-zemes-sklypu-salia-ukmerges-liausiu-gyvenvieteje\/#primaryimage\"},\"image\":{\"@id\":\"https:\/\/www.namude.lt\/objektas\/parduodamas-namas-su-1ha-zemes-sklypu-salia-ukmerges-liausiu-gyvenvieteje\/#primaryimage\"},\"thumbnailUrl\":\"https:\/\/www.namude.lt\/wp-content\/uploads\/2025\/10\/1-6.jpg\",\"datePublished\":\"2025-10-06T07:35:52+00:00\",\"dateModified\":\"2026-03-03T12:25:50+00:00\",\"breadcrumb\":{\"@id\":\"https:\/\/www.namude.lt\/objektas\/parduodamas-namas-su-1ha-zemes-sklypu-salia-ukmerges-liausiu-gyvenvieteje\/#breadcrumb\"},\"inLanguage\":\"ru-RU\",\"potentialAction\":[{\"@type\":\"ReadAction\",\"target\":[\"https:\/\/www.namude.lt\/objektas\/parduodamas-namas-su-1ha-zemes-sklypu-salia-ukmerges-liausiu-gyvenvieteje\/\"]}]},{\"@type\":\"ImageObject\",\"inLanguage\":\"ru-RU\",\"@id\":\"https:\/\/www.namude.lt\/objektas\/parduodamas-namas-su-1ha-zemes-sklypu-salia-ukmerges-liausiu-gyvenvieteje\/#primaryimage\",\"url\":\"https:\/\/www.namude.lt\/wp-content\/uploads\/2025\/10\/1-6.jpg\",\"contentUrl\":\"https:\/\/www.namude.lt\/wp-content\/uploads\/2025\/10\/1-6.jpg\",\"width\":2400,\"height\":1800},{\"@type\":\"BreadcrumbList\",\"@id\":\"https:\/\/www.namude.lt\/objektas\/parduodamas-namas-su-1ha-zemes-sklypu-salia-ukmerges-liausiu-gyvenvieteje\/#breadcrumb\",\"itemListElement\":[{\"@type\":\"ListItem\",\"position\":1,\"name\":\"Home\",\"item\":\"https:\/\/www.namude.lt\/ru\/\"},{\"@type\":\"ListItem\",\"position\":2,\"name\":\"\u041e\u0431\u044a\u0435\u043a\u0442\u044b\",\"item\":\"https:\/\/www.namude.lt\/ru\/%d0%be%d0%b1%d1%8a%d0%b5%d0%ba%d1%82%d1%8b\/\"},{\"@type\":\"ListItem\",\"position\":3,\"name\":\"PARDUODAMAS NAMAS SU 1HA \u017dEM\u0116S SKLYPU \u0160ALIA UKMERG\u0116S, LIAU\u0160I\u0172 GYVENVIET\u0116JE\"}]},{\"@type\":\"WebSite\",\"@id\":\"https:\/\/www.namude.lt\/#website\",\"url\":\"https:\/\/www.namude.lt\/\",\"name\":\"Namud\u0117\",\"description\":\"\u201eNamud\u0117\u201c \u2013 agent\u016bra, pardavin\u0117janti Auk\u0161taitijos NT grynuolius.\",\"publisher\":{\"@id\":\"https:\/\/www.namude.lt\/#organization\"},\"potentialAction\":[{\"@type\":\"SearchAction\",\"target\":{\"@type\":\"EntryPoint\",\"urlTemplate\":\"https:\/\/www.namude.lt\/?s={search_term_string}\"},\"query-input\":{\"@type\":\"PropertyValueSpecification\",\"valueRequired\":true,\"valueName\":\"search_term_string\"}}],\"inLanguage\":\"ru-RU\"},{\"@type\":\"Organization\",\"@id\":\"https:\/\/www.namude.lt\/#organization\",\"name\":\"Namud\u0117\",\"url\":\"https:\/\/www.namude.lt\/\",\"logo\":{\"@type\":\"ImageObject\",\"inLanguage\":\"ru-RU\",\"@id\":\"https:\/\/www.namude.lt\/#\/schema\/logo\/image\/\",\"url\":\"https:\/\/www.namude.lt\/wp-content\/uploads\/2023\/11\/logo-symbol.svg\",\"contentUrl\":\"https:\/\/www.namude.lt\/wp-content\/uploads\/2023\/11\/logo-symbol.svg\",\"width\":1,\"height\":1,\"caption\":\"Namud\u0117\"},\"image\":{\"@id\":\"https:\/\/www.namude.lt\/#\/schema\/logo\/image\/\"}}]}<\/script>\n<!-- \/ Yoast SEO plugin. -->","yoast_head_json":{"title":"PARDUODAMAS NAMAS SU 1HA \u017dEM\u0116S SKLYPU \u0160ALIA UKMERG\u0116S, LIAU\u0160I\u0172 GYVENVIET\u0116JE - Namud\u0117","robots":{"index":"index","follow":"follow","max-snippet":"max-snippet:-1","max-image-preview":"max-image-preview:large","max-video-preview":"max-video-preview:-1"},"canonical":"https:\/\/www.namude.lt\/objektas\/parduodamas-namas-su-1ha-zemes-sklypu-salia-ukmerges-liausiu-gyvenvieteje\/","og_locale":"ru_RU","og_type":"article","og_title":"PARDUODAMAS NAMAS SU 1HA \u017dEM\u0116S SKLYPU \u0160ALIA UKMERG\u0116S, LIAU\u0160I\u0172 GYVENVIET\u0116JE - Namud\u0117","og_description":"Liau\u0161i\u0173 kaime, Lanktingal\u0173 gatv\u0117je parduodamas m\u016brinis namas su \u016bkiniais pastatais. \u0160alimais Ukmerg\u0117s, kurioje rasite \u012fvairi\u0173 paslaug\u0173, prekybos centr\u0173, \u0161vietimo \u012fstaig\u0173 ir kult\u016brini\u0173 objekt\u0173, toki\u0173 kaip Ukmerg\u0117s pilis, ba\u017eny\u010dios ir muziejai. PRIVALUMAI: \u2013 Pri\u017ei\u016br\u0117tas 2 auk\u0161t\u0173 namas 136kv.m. (4 kambariai pirmame auk\u0161te, virtuv\u0117, vonia su WC, antrame auk\u0161te 2 kambariai ir balkonas, po namu yra r\u016bsys); \u2013 \u016akiniai pastatai: svirnas, trys malkin\u0117s, dar\u017ein\u0117, tvartas, viralin\u0117, gara\u017eas, lauko tualetas, dar\u017ein\u0117, pirtis; \u2013 Sklypo plotas \u2013 1,1ha, kur\u012f sudaro nam\u0173 valdos 0,25ha ir 0,1ha, bei \u017eem\u0117s \u016bkio sklypai 0,65 ha ir 0,1ha. \u2013 Vandentiekis, kanalizacija \u2013 kaimo; \u2013 Centrinis \u0161ildymas, antras auk\u0161tas \u0161ildomas pe\u010diumi; \u2013 Erdvi ir \u017ealia aplinka, erdvus sklypas; \u2013 Patogus priva\u017eiavimas, iki autostrados 10 km, atstumai iki Ukmerg\u0117s 15km, Mol\u0117t\u0173 29km, \u0160irvint\u0173 35km, Vilniaus 80km. Koordinat\u0117s : maps.lt \u2013 55.212202, 24.987821","og_url":"https:\/\/www.namude.lt\/objektas\/parduodamas-namas-su-1ha-zemes-sklypu-salia-ukmerges-liausiu-gyvenvieteje\/","og_site_name":"Namud\u0117","article_modified_time":"2026-03-03T12:25:50+00:00","og_image":[{"width":2400,"height":1800,"url":"https:\/\/www.namude.lt\/wp-content\/uploads\/2025\/10\/1-6.jpg","type":"image\/jpeg"}],"twitter_card":"summary_large_image","schema":{"@context":"https:\/\/schema.org","@graph":[{"@type":"WebPage","@id":"https:\/\/www.namude.lt\/objektas\/parduodamas-namas-su-1ha-zemes-sklypu-salia-ukmerges-liausiu-gyvenvieteje\/","url":"https:\/\/www.namude.lt\/objektas\/parduodamas-namas-su-1ha-zemes-sklypu-salia-ukmerges-liausiu-gyvenvieteje\/","name":"PARDUODAMAS NAMAS SU 1HA \u017dEM\u0116S SKLYPU \u0160ALIA UKMERG\u0116S, LIAU\u0160I\u0172 GYVENVIET\u0116JE - Namud\u0117","isPartOf":{"@id":"https:\/\/www.namude.lt\/#website"},"primaryImageOfPage":{"@id":"https:\/\/www.namude.lt\/objektas\/parduodamas-namas-su-1ha-zemes-sklypu-salia-ukmerges-liausiu-gyvenvieteje\/#primaryimage"},"image":{"@id":"https:\/\/www.namude.lt\/objektas\/parduodamas-namas-su-1ha-zemes-sklypu-salia-ukmerges-liausiu-gyvenvieteje\/#primaryimage"},"thumbnailUrl":"https:\/\/www.namude.lt\/wp-content\/uploads\/2025\/10\/1-6.jpg","datePublished":"2025-10-06T07:35:52+00:00","dateModified":"2026-03-03T12:25:50+00:00","breadcrumb":{"@id":"https:\/\/www.namude.lt\/objektas\/parduodamas-namas-su-1ha-zemes-sklypu-salia-ukmerges-liausiu-gyvenvieteje\/#breadcrumb"},"inLanguage":"ru-RU","potentialAction":[{"@type":"ReadAction","target":["https:\/\/www.namude.lt\/objektas\/parduodamas-namas-su-1ha-zemes-sklypu-salia-ukmerges-liausiu-gyvenvieteje\/"]}]},{"@type":"ImageObject","inLanguage":"ru-RU","@id":"https:\/\/www.namude.lt\/objektas\/parduodamas-namas-su-1ha-zemes-sklypu-salia-ukmerges-liausiu-gyvenvieteje\/#primaryimage","url":"https:\/\/www.namude.lt\/wp-content\/uploads\/2025\/10\/1-6.jpg","contentUrl":"https:\/\/www.namude.lt\/wp-content\/uploads\/2025\/10\/1-6.jpg","width":2400,"height":1800},{"@type":"BreadcrumbList","@id":"https:\/\/www.namude.lt\/objektas\/parduodamas-namas-su-1ha-zemes-sklypu-salia-ukmerges-liausiu-gyvenvieteje\/#breadcrumb","itemListElement":[{"@type":"ListItem","position":1,"name":"Home","item":"https:\/\/www.namude.lt\/ru\/"},{"@type":"ListItem","position":2,"name":"\u041e\u0431\u044a\u0435\u043a\u0442\u044b","item":"https:\/\/www.namude.lt\/ru\/%d0%be%d0%b1%d1%8a%d0%b5%d0%ba%d1%82%d1%8b\/"},{"@type":"ListItem","position":3,"name":"PARDUODAMAS NAMAS SU 1HA \u017dEM\u0116S SKLYPU \u0160ALIA UKMERG\u0116S, LIAU\u0160I\u0172 GYVENVIET\u0116JE"}]},{"@type":"WebSite","@id":"https:\/\/www.namude.lt\/#website","url":"https:\/\/www.namude.lt\/","name":"Namud\u0117","description":"\u201eNamud\u0117\u201c \u2013 agent\u016bra, pardavin\u0117janti Auk\u0161taitijos NT grynuolius.","publisher":{"@id":"https:\/\/www.namude.lt\/#organization"},"potentialAction":[{"@type":"SearchAction","target":{"@type":"EntryPoint","urlTemplate":"https:\/\/www.namude.lt\/?s={search_term_string}"},"query-input":{"@type":"PropertyValueSpecification","valueRequired":true,"valueName":"search_term_string"}}],"inLanguage":"ru-RU"},{"@type":"Organization","@id":"https:\/\/www.namude.lt\/#organization","name":"Namud\u0117","url":"https:\/\/www.namude.lt\/","logo":{"@type":"ImageObject","inLanguage":"ru-RU","@id":"https:\/\/www.namude.lt\/#\/schema\/logo\/image\/","url":"https:\/\/www.namude.lt\/wp-content\/uploads\/2023\/11\/logo-symbol.svg","contentUrl":"https:\/\/www.namude.lt\/wp-content\/uploads\/2023\/11\/logo-symbol.svg","width":1,"height":1,"caption":"Namud\u0117"},"image":{"@id":"https:\/\/www.namude.lt\/#\/schema\/logo\/image\/"}}]}},"_links":{"self":[{"href":"https:\/\/www.namude.lt\/ru\/wp-json\/wp\/v2\/product\/22775","targetHints":{"allow":["GET"]}}],"collection":[{"href":"https:\/\/www.namude.lt\/ru\/wp-json\/wp\/v2\/product"}],"about":[{"href":"https:\/\/www.namude.lt\/ru\/wp-json\/wp\/v2\/types\/product"}],"wp:featuredmedia":[{"embeddable":true,"href":"https:\/\/www.namude.lt\/ru\/wp-json\/wp\/v2\/media\/22885"}],"wp:attachment":[{"href":"https:\/\/www.namude.lt\/ru\/wp-json\/wp\/v2\/media?parent=22775"}],"wp:term":[{"taxonomy":"product_brand","embeddable":true,"href":"https:\/\/www.namude.lt\/ru\/wp-json\/wp\/v2\/product_brand?post=22775"},{"taxonomy":"product_cat","embeddable":true,"href":"https:\/\/www.namude.lt\/ru\/wp-json\/wp\/v2\/product_cat?post=22775"},{"taxonomy":"product_tag","embeddable":true,"href":"https:\/\/www.namude.lt\/ru\/wp-json\/wp\/v2\/product_tag?post=22775"}],"curies":[{"name":"wp","href":"https:\/\/api.w.org\/{rel}","templated":true}]}}