{"id":22138,"date":"2025-09-17T09:23:31","date_gmt":"2025-09-17T06:23:31","guid":{"rendered":"https:\/\/www.namude.lt\/?post_type=product&#038;p=22138"},"modified":"2026-03-04T11:20:13","modified_gmt":"2026-03-04T09:20:13","slug":"parduodama-sodyba-ezeru-apsuptyje-ant-didelio-ir-zuvingo-ruzo-ezero-kranto-ignalinos-rajone-birdeksniu-kaime","status":"publish","type":"product","link":"https:\/\/www.namude.lt\/ru\/\u043e\u0431\u044a\u0435\u043a\u0442\/parduodama-sodyba-ezeru-apsuptyje-ant-didelio-ir-zuvingo-ruzo-ezero-kranto-ignalinos-rajone-birdeksniu-kaime\/","title":{"rendered":"Parduodama sodyba e\u017eer\u0173 apsuptyje, ant didelio ir \u017euvingo R\u016b\u017eo e\u017eero kranto, Ignalinos rajone, Birdek\u0161ni\u0173 kaime."},"content":{"rendered":"","protected":false},"excerpt":{"rendered":"<p>Sodyba apie 22 m ribojasi su R\u016b\u017eo e\u017eeru, kuris upeliais jungiasi su kitais dideliais e\u017eerais: \u017dilmo, Pr\u016bto, Alksno, Alksnai\u010dio ir Ilgai\u010dio. Iki artimiausio i\u0161 j\u0173 Alksno apie 0.35 km.  Gal\u0117site m\u0117gautis visais gamtos malonumais, grynu oru, i\u0161skirtiniu gamtos gro\u017eiu ir ramybe.<br \/>\nSODYBOS PRIVALUMAI IR BENDRA INFORMACIJA:<br \/>\n&#8212;\tSodyba yra nuo\u0161alioje ir vaizdingoje vietov\u0117je, ma\u017eame kaimelyje, \u0161alia mi\u0161keli\u0173.<br \/>\n&#8212;\t1959 m statybos r\u0105stinio gyvenamojo namo bendras plotas \u2013 79.97 kv. m.<br \/>\n&#8212;\t\u0160ildymas krosnimi.<br \/>\n&#8212;\tTaip pat yra registruoti pastatai \u2013 \u016bkinis pastatas su tvartu ir gara\u017eu, pirtis ant e\u017eero kranto, taip pat \u0161ulinys, lauko tualetas.<br \/>\n&#8212;\tYra didelis sodas, dar\u017eas.<br \/>\n&#8212;\tSodyba susideda i\u0161 dviej\u0173 nam\u0173 vald\u0173: 0.3723 ha ir 0.1368 ha (kuri ir ribojasi su R\u016b\u017eo e\u017eeru). Viso parduodama 0.5091 ha \u017eem\u0117s plotas.<br \/>\n&#8212;\tTvarkingi ir draugi\u0161ki kaimynai.<br \/>\n&#8212;\tPatogus priva\u017eiavimas \u2013 ma\u017eiau nei 2 kilometrai iki asfaltuoto kelio.<br \/>\n&#8212;\tArtimiausia maisto preki\u0173 parduotuv\u0117 Rim\u0161\u0117je, apie 4 km.<br \/>\n&#8212;\tIki Vilniaus apie 149 km, iki Ignalinos apie 39 km. <\/p>\n<p>YPATINGA IR PUIKI VIETA POILSIUI IR GYVENIMUI!!!<\/p>\n<p>Maps koordinat\u0117s: 55.493241, 26.475944<\/p>\n","protected":false},"featured_media":24970,"template":"","meta":{"_acf_changed":false},"product_brand":[],"product_cat":[23],"product_tag":[],"class_list":{"0":"post-22138","1":"product","2":"type-product","3":"status-publish","4":"has-post-thumbnail","6":"product_cat-sodybos","7":"pa_rajonas-ignalinos-rajonas","8":"description-off","10":"first","11":"instock","12":"shipping-taxable","13":"purchasable","14":"product-type-simple"},"acf":[],"yoast_head":"<!-- This site is optimized with the Yoast SEO plugin v27.4 - https:\/\/yoast.com\/product\/yoast-seo-wordpress\/ -->\n<title>Parduodama sodyba e\u017eer\u0173 apsuptyje, ant didelio ir \u017euvingo R\u016b\u017eo e\u017eero kranto, Ignalinos rajone, Birdek\u0161ni\u0173 kaime. - Namud\u0117<\/title>\n<meta name=\"robots\" content=\"index, follow, max-snippet:-1, max-image-preview:large, max-video-preview:-1\" \/>\n<link rel=\"canonical\" href=\"https:\/\/www.namude.lt\/objektas\/parduodama-sodyba-ezeru-apsuptyje-ant-didelio-ir-zuvingo-ruzo-ezero-kranto-ignalinos-rajone-birdeksniu-kaime\/\" \/>\n<meta property=\"og:locale\" content=\"ru_RU\" \/>\n<meta property=\"og:type\" content=\"article\" \/>\n<meta property=\"og:title\" content=\"Parduodama sodyba e\u017eer\u0173 apsuptyje, ant didelio ir \u017euvingo R\u016b\u017eo e\u017eero kranto, Ignalinos rajone, Birdek\u0161ni\u0173 kaime. - Namud\u0117\" \/>\n<meta property=\"og:description\" content=\"Sodyba apie 22 m ribojasi su R\u016b\u017eo e\u017eeru, kuris upeliais jungiasi su kitais dideliais e\u017eerais: \u017dilmo, Pr\u016bto, Alksno, Alksnai\u010dio ir Ilgai\u010dio. Iki artimiausio i\u0161 j\u0173 Alksno apie 0.35 km. Gal\u0117site m\u0117gautis visais gamtos malonumais, grynu oru, i\u0161skirtiniu gamtos gro\u017eiu ir ramybe. SODYBOS PRIVALUMAI IR BENDRA INFORMACIJA: - Sodyba yra nuo\u0161alioje ir vaizdingoje vietov\u0117je, ma\u017eame kaimelyje, \u0161alia mi\u0161keli\u0173. - 1959 m statybos r\u0105stinio gyvenamojo namo bendras plotas \u2013 79.97 kv. m. - \u0160ildymas krosnimi. - Taip pat yra registruoti pastatai \u2013 \u016bkinis pastatas su tvartu ir gara\u017eu, pirtis ant e\u017eero kranto, taip pat \u0161ulinys, lauko tualetas. - Yra didelis sodas, dar\u017eas. - Sodyba susideda i\u0161 dviej\u0173 nam\u0173 vald\u0173: 0.3723 ha ir 0.1368 ha (kuri ir ribojasi su R\u016b\u017eo e\u017eeru). Viso parduodama 0.5091 ha \u017eem\u0117s plotas. - Tvarkingi ir draugi\u0161ki kaimynai. - Patogus priva\u017eiavimas \u2013 ma\u017eiau nei 2 kilometrai iki asfaltuoto kelio. - Artimiausia maisto preki\u0173 parduotuv\u0117 Rim\u0161\u0117je, apie 4 km. - Iki Vilniaus apie 149 km, iki Ignalinos apie 39 km.   YPATINGA IR PUIKI VIETA POILSIUI IR GYVENIMUI!!!  Maps koordinat\u0117s: 55.493241, 26.475944\" \/>\n<meta property=\"og:url\" content=\"https:\/\/www.namude.lt\/objektas\/parduodama-sodyba-ezeru-apsuptyje-ant-didelio-ir-zuvingo-ruzo-ezero-kranto-ignalinos-rajone-birdeksniu-kaime\/\" \/>\n<meta property=\"og:site_name\" content=\"Namud\u0117\" \/>\n<meta property=\"article:modified_time\" content=\"2026-03-04T09:20:13+00:00\" \/>\n<meta property=\"og:image\" content=\"https:\/\/www.namude.lt\/wp-content\/uploads\/2025\/09\/4-9.jpg\" \/>\n\t<meta property=\"og:image:width\" content=\"800\" \/>\n\t<meta property=\"og:image:height\" content=\"506\" \/>\n\t<meta property=\"og:image:type\" content=\"image\/jpeg\" \/>\n<meta name=\"twitter:card\" content=\"summary_large_image\" \/>\n<script type=\"application\/ld+json\" class=\"yoast-schema-graph\">{\"@context\":\"https:\\\/\\\/schema.org\",\"@graph\":[{\"@type\":\"WebPage\",\"@id\":\"https:\\\/\\\/www.namude.lt\\\/objektas\\\/parduodama-sodyba-ezeru-apsuptyje-ant-didelio-ir-zuvingo-ruzo-ezero-kranto-ignalinos-rajone-birdeksniu-kaime\\\/\",\"url\":\"https:\\\/\\\/www.namude.lt\\\/objektas\\\/parduodama-sodyba-ezeru-apsuptyje-ant-didelio-ir-zuvingo-ruzo-ezero-kranto-ignalinos-rajone-birdeksniu-kaime\\\/\",\"name\":\"Parduodama sodyba e\u017eer\u0173 apsuptyje, ant didelio ir \u017euvingo R\u016b\u017eo e\u017eero kranto, Ignalinos rajone, Birdek\u0161ni\u0173 kaime. - Namud\u0117\",\"isPartOf\":{\"@id\":\"https:\\\/\\\/www.namude.lt\\\/#website\"},\"primaryImageOfPage\":{\"@id\":\"https:\\\/\\\/www.namude.lt\\\/objektas\\\/parduodama-sodyba-ezeru-apsuptyje-ant-didelio-ir-zuvingo-ruzo-ezero-kranto-ignalinos-rajone-birdeksniu-kaime\\\/#primaryimage\"},\"image\":{\"@id\":\"https:\\\/\\\/www.namude.lt\\\/objektas\\\/parduodama-sodyba-ezeru-apsuptyje-ant-didelio-ir-zuvingo-ruzo-ezero-kranto-ignalinos-rajone-birdeksniu-kaime\\\/#primaryimage\"},\"thumbnailUrl\":\"https:\\\/\\\/www.namude.lt\\\/wp-content\\\/uploads\\\/2025\\\/09\\\/4-9.jpg\",\"datePublished\":\"2025-09-17T06:23:31+00:00\",\"dateModified\":\"2026-03-04T09:20:13+00:00\",\"breadcrumb\":{\"@id\":\"https:\\\/\\\/www.namude.lt\\\/objektas\\\/parduodama-sodyba-ezeru-apsuptyje-ant-didelio-ir-zuvingo-ruzo-ezero-kranto-ignalinos-rajone-birdeksniu-kaime\\\/#breadcrumb\"},\"inLanguage\":\"ru-RU\",\"potentialAction\":[{\"@type\":\"ReadAction\",\"target\":[\"https:\\\/\\\/www.namude.lt\\\/objektas\\\/parduodama-sodyba-ezeru-apsuptyje-ant-didelio-ir-zuvingo-ruzo-ezero-kranto-ignalinos-rajone-birdeksniu-kaime\\\/\"]}]},{\"@type\":\"ImageObject\",\"inLanguage\":\"ru-RU\",\"@id\":\"https:\\\/\\\/www.namude.lt\\\/objektas\\\/parduodama-sodyba-ezeru-apsuptyje-ant-didelio-ir-zuvingo-ruzo-ezero-kranto-ignalinos-rajone-birdeksniu-kaime\\\/#primaryimage\",\"url\":\"https:\\\/\\\/www.namude.lt\\\/wp-content\\\/uploads\\\/2025\\\/09\\\/4-9.jpg\",\"contentUrl\":\"https:\\\/\\\/www.namude.lt\\\/wp-content\\\/uploads\\\/2025\\\/09\\\/4-9.jpg\",\"width\":800,\"height\":506,\"caption\":\"default\"},{\"@type\":\"BreadcrumbList\",\"@id\":\"https:\\\/\\\/www.namude.lt\\\/objektas\\\/parduodama-sodyba-ezeru-apsuptyje-ant-didelio-ir-zuvingo-ruzo-ezero-kranto-ignalinos-rajone-birdeksniu-kaime\\\/#breadcrumb\",\"itemListElement\":[{\"@type\":\"ListItem\",\"position\":1,\"name\":\"Home\",\"item\":\"https:\\\/\\\/www.namude.lt\\\/ru\\\/\"},{\"@type\":\"ListItem\",\"position\":2,\"name\":\"\u041e\u0431\u044a\u0435\u043a\u0442\u044b\",\"item\":\"https:\\\/\\\/www.namude.lt\\\/ru\\\/%d0%be%d0%b1%d1%8a%d0%b5%d0%ba%d1%82%d1%8b\\\/\"},{\"@type\":\"ListItem\",\"position\":3,\"name\":\"Parduodama sodyba e\u017eer\u0173 apsuptyje, ant didelio ir \u017euvingo R\u016b\u017eo e\u017eero kranto, Ignalinos rajone, Birdek\u0161ni\u0173 kaime.\"}]},{\"@type\":\"WebSite\",\"@id\":\"https:\\\/\\\/www.namude.lt\\\/#website\",\"url\":\"https:\\\/\\\/www.namude.lt\\\/\",\"name\":\"Namud\u0117\",\"description\":\"\u201eNamud\u0117\u201c \u2013 agent\u016bra, pardavin\u0117janti Auk\u0161taitijos NT grynuolius.\",\"publisher\":{\"@id\":\"https:\\\/\\\/www.namude.lt\\\/#organization\"},\"potentialAction\":[{\"@type\":\"SearchAction\",\"target\":{\"@type\":\"EntryPoint\",\"urlTemplate\":\"https:\\\/\\\/www.namude.lt\\\/?s={search_term_string}\"},\"query-input\":{\"@type\":\"PropertyValueSpecification\",\"valueRequired\":true,\"valueName\":\"search_term_string\"}}],\"inLanguage\":\"ru-RU\"},{\"@type\":\"Organization\",\"@id\":\"https:\\\/\\\/www.namude.lt\\\/#organization\",\"name\":\"Namud\u0117\",\"url\":\"https:\\\/\\\/www.namude.lt\\\/\",\"logo\":{\"@type\":\"ImageObject\",\"inLanguage\":\"ru-RU\",\"@id\":\"https:\\\/\\\/www.namude.lt\\\/#\\\/schema\\\/logo\\\/image\\\/\",\"url\":\"https:\\\/\\\/www.namude.lt\\\/wp-content\\\/uploads\\\/2023\\\/11\\\/logo-symbol.svg\",\"contentUrl\":\"https:\\\/\\\/www.namude.lt\\\/wp-content\\\/uploads\\\/2023\\\/11\\\/logo-symbol.svg\",\"width\":1,\"height\":1,\"caption\":\"Namud\u0117\"},\"image\":{\"@id\":\"https:\\\/\\\/www.namude.lt\\\/#\\\/schema\\\/logo\\\/image\\\/\"}}]}<\/script>\n<!-- \/ Yoast SEO plugin. -->","yoast_head_json":{"title":"Parduodama sodyba e\u017eer\u0173 apsuptyje, ant didelio ir \u017euvingo R\u016b\u017eo e\u017eero kranto, Ignalinos rajone, Birdek\u0161ni\u0173 kaime. - Namud\u0117","robots":{"index":"index","follow":"follow","max-snippet":"max-snippet:-1","max-image-preview":"max-image-preview:large","max-video-preview":"max-video-preview:-1"},"canonical":"https:\/\/www.namude.lt\/objektas\/parduodama-sodyba-ezeru-apsuptyje-ant-didelio-ir-zuvingo-ruzo-ezero-kranto-ignalinos-rajone-birdeksniu-kaime\/","og_locale":"ru_RU","og_type":"article","og_title":"Parduodama sodyba e\u017eer\u0173 apsuptyje, ant didelio ir \u017euvingo R\u016b\u017eo e\u017eero kranto, Ignalinos rajone, Birdek\u0161ni\u0173 kaime. - Namud\u0117","og_description":"Sodyba apie 22 m ribojasi su R\u016b\u017eo e\u017eeru, kuris upeliais jungiasi su kitais dideliais e\u017eerais: \u017dilmo, Pr\u016bto, Alksno, Alksnai\u010dio ir Ilgai\u010dio. Iki artimiausio i\u0161 j\u0173 Alksno apie 0.35 km. Gal\u0117site m\u0117gautis visais gamtos malonumais, grynu oru, i\u0161skirtiniu gamtos gro\u017eiu ir ramybe. SODYBOS PRIVALUMAI IR BENDRA INFORMACIJA: - Sodyba yra nuo\u0161alioje ir vaizdingoje vietov\u0117je, ma\u017eame kaimelyje, \u0161alia mi\u0161keli\u0173. - 1959 m statybos r\u0105stinio gyvenamojo namo bendras plotas \u2013 79.97 kv. m. - \u0160ildymas krosnimi. - Taip pat yra registruoti pastatai \u2013 \u016bkinis pastatas su tvartu ir gara\u017eu, pirtis ant e\u017eero kranto, taip pat \u0161ulinys, lauko tualetas. - Yra didelis sodas, dar\u017eas. - Sodyba susideda i\u0161 dviej\u0173 nam\u0173 vald\u0173: 0.3723 ha ir 0.1368 ha (kuri ir ribojasi su R\u016b\u017eo e\u017eeru). Viso parduodama 0.5091 ha \u017eem\u0117s plotas. - Tvarkingi ir draugi\u0161ki kaimynai. - Patogus priva\u017eiavimas \u2013 ma\u017eiau nei 2 kilometrai iki asfaltuoto kelio. - Artimiausia maisto preki\u0173 parduotuv\u0117 Rim\u0161\u0117je, apie 4 km. - Iki Vilniaus apie 149 km, iki Ignalinos apie 39 km.   YPATINGA IR PUIKI VIETA POILSIUI IR GYVENIMUI!!!  Maps koordinat\u0117s: 55.493241, 26.475944","og_url":"https:\/\/www.namude.lt\/objektas\/parduodama-sodyba-ezeru-apsuptyje-ant-didelio-ir-zuvingo-ruzo-ezero-kranto-ignalinos-rajone-birdeksniu-kaime\/","og_site_name":"Namud\u0117","article_modified_time":"2026-03-04T09:20:13+00:00","og_image":[{"width":800,"height":506,"url":"https:\/\/www.namude.lt\/wp-content\/uploads\/2025\/09\/4-9.jpg","type":"image\/jpeg"}],"twitter_card":"summary_large_image","schema":{"@context":"https:\/\/schema.org","@graph":[{"@type":"WebPage","@id":"https:\/\/www.namude.lt\/objektas\/parduodama-sodyba-ezeru-apsuptyje-ant-didelio-ir-zuvingo-ruzo-ezero-kranto-ignalinos-rajone-birdeksniu-kaime\/","url":"https:\/\/www.namude.lt\/objektas\/parduodama-sodyba-ezeru-apsuptyje-ant-didelio-ir-zuvingo-ruzo-ezero-kranto-ignalinos-rajone-birdeksniu-kaime\/","name":"Parduodama sodyba e\u017eer\u0173 apsuptyje, ant didelio ir \u017euvingo R\u016b\u017eo e\u017eero kranto, Ignalinos rajone, Birdek\u0161ni\u0173 kaime. - Namud\u0117","isPartOf":{"@id":"https:\/\/www.namude.lt\/#website"},"primaryImageOfPage":{"@id":"https:\/\/www.namude.lt\/objektas\/parduodama-sodyba-ezeru-apsuptyje-ant-didelio-ir-zuvingo-ruzo-ezero-kranto-ignalinos-rajone-birdeksniu-kaime\/#primaryimage"},"image":{"@id":"https:\/\/www.namude.lt\/objektas\/parduodama-sodyba-ezeru-apsuptyje-ant-didelio-ir-zuvingo-ruzo-ezero-kranto-ignalinos-rajone-birdeksniu-kaime\/#primaryimage"},"thumbnailUrl":"https:\/\/www.namude.lt\/wp-content\/uploads\/2025\/09\/4-9.jpg","datePublished":"2025-09-17T06:23:31+00:00","dateModified":"2026-03-04T09:20:13+00:00","breadcrumb":{"@id":"https:\/\/www.namude.lt\/objektas\/parduodama-sodyba-ezeru-apsuptyje-ant-didelio-ir-zuvingo-ruzo-ezero-kranto-ignalinos-rajone-birdeksniu-kaime\/#breadcrumb"},"inLanguage":"ru-RU","potentialAction":[{"@type":"ReadAction","target":["https:\/\/www.namude.lt\/objektas\/parduodama-sodyba-ezeru-apsuptyje-ant-didelio-ir-zuvingo-ruzo-ezero-kranto-ignalinos-rajone-birdeksniu-kaime\/"]}]},{"@type":"ImageObject","inLanguage":"ru-RU","@id":"https:\/\/www.namude.lt\/objektas\/parduodama-sodyba-ezeru-apsuptyje-ant-didelio-ir-zuvingo-ruzo-ezero-kranto-ignalinos-rajone-birdeksniu-kaime\/#primaryimage","url":"https:\/\/www.namude.lt\/wp-content\/uploads\/2025\/09\/4-9.jpg","contentUrl":"https:\/\/www.namude.lt\/wp-content\/uploads\/2025\/09\/4-9.jpg","width":800,"height":506,"caption":"default"},{"@type":"BreadcrumbList","@id":"https:\/\/www.namude.lt\/objektas\/parduodama-sodyba-ezeru-apsuptyje-ant-didelio-ir-zuvingo-ruzo-ezero-kranto-ignalinos-rajone-birdeksniu-kaime\/#breadcrumb","itemListElement":[{"@type":"ListItem","position":1,"name":"Home","item":"https:\/\/www.namude.lt\/ru\/"},{"@type":"ListItem","position":2,"name":"\u041e\u0431\u044a\u0435\u043a\u0442\u044b","item":"https:\/\/www.namude.lt\/ru\/%d0%be%d0%b1%d1%8a%d0%b5%d0%ba%d1%82%d1%8b\/"},{"@type":"ListItem","position":3,"name":"Parduodama sodyba e\u017eer\u0173 apsuptyje, ant didelio ir \u017euvingo R\u016b\u017eo e\u017eero kranto, Ignalinos rajone, Birdek\u0161ni\u0173 kaime."}]},{"@type":"WebSite","@id":"https:\/\/www.namude.lt\/#website","url":"https:\/\/www.namude.lt\/","name":"Namud\u0117","description":"\u201eNamud\u0117\u201c \u2013 agent\u016bra, pardavin\u0117janti Auk\u0161taitijos NT grynuolius.","publisher":{"@id":"https:\/\/www.namude.lt\/#organization"},"potentialAction":[{"@type":"SearchAction","target":{"@type":"EntryPoint","urlTemplate":"https:\/\/www.namude.lt\/?s={search_term_string}"},"query-input":{"@type":"PropertyValueSpecification","valueRequired":true,"valueName":"search_term_string"}}],"inLanguage":"ru-RU"},{"@type":"Organization","@id":"https:\/\/www.namude.lt\/#organization","name":"Namud\u0117","url":"https:\/\/www.namude.lt\/","logo":{"@type":"ImageObject","inLanguage":"ru-RU","@id":"https:\/\/www.namude.lt\/#\/schema\/logo\/image\/","url":"https:\/\/www.namude.lt\/wp-content\/uploads\/2023\/11\/logo-symbol.svg","contentUrl":"https:\/\/www.namude.lt\/wp-content\/uploads\/2023\/11\/logo-symbol.svg","width":1,"height":1,"caption":"Namud\u0117"},"image":{"@id":"https:\/\/www.namude.lt\/#\/schema\/logo\/image\/"}}]}},"_links":{"self":[{"href":"https:\/\/www.namude.lt\/ru\/wp-json\/wp\/v2\/product\/22138","targetHints":{"allow":["GET"]}}],"collection":[{"href":"https:\/\/www.namude.lt\/ru\/wp-json\/wp\/v2\/product"}],"about":[{"href":"https:\/\/www.namude.lt\/ru\/wp-json\/wp\/v2\/types\/product"}],"wp:featuredmedia":[{"embeddable":true,"href":"https:\/\/www.namude.lt\/ru\/wp-json\/wp\/v2\/media\/24970"}],"wp:attachment":[{"href":"https:\/\/www.namude.lt\/ru\/wp-json\/wp\/v2\/media?parent=22138"}],"wp:term":[{"taxonomy":"product_brand","embeddable":true,"href":"https:\/\/www.namude.lt\/ru\/wp-json\/wp\/v2\/product_brand?post=22138"},{"taxonomy":"product_cat","embeddable":true,"href":"https:\/\/www.namude.lt\/ru\/wp-json\/wp\/v2\/product_cat?post=22138"},{"taxonomy":"product_tag","embeddable":true,"href":"https:\/\/www.namude.lt\/ru\/wp-json\/wp\/v2\/product_tag?post=22138"}],"curies":[{"name":"wp","href":"https:\/\/api.w.org\/{rel}","templated":true}]}}