{"id":22032,"date":"2025-09-05T10:37:13","date_gmt":"2025-09-05T07:37:13","guid":{"rendered":"https:\/\/www.namude.lt\/?post_type=product&#038;p=22032"},"modified":"2025-09-09T12:03:53","modified_gmt":"2025-09-09T09:03:53","slug":"parduodamas-1-ha-zemes-ukio-sklypas-rekreacineje-zonoje-prie-kiemento-ezero-sarkiskiu-k-giedraiciu-sen-moletu-r","status":"publish","type":"product","link":"https:\/\/www.namude.lt\/ru\/\u043e\u0431\u044a\u0435\u043a\u0442\/parduodamas-1-ha-zemes-ukio-sklypas-rekreacineje-zonoje-prie-kiemento-ezero-sarkiskiu-k-giedraiciu-sen-moletu-r\/","title":{"rendered":"Parduodamas 1 ha \u017eem\u0117s \u016bkio sklypas rekreacin\u0117je zonoje prie Kiemento e\u017eero, \u0160arki\u0161ki\u0173 k., Giedrai\u010di\u0173 sen., Mol\u0117t\u0173 r."},"content":{"rendered":"","protected":false},"excerpt":{"rendered":"<p>Sklypas yra rekreacin\u0117je zonoje, tod\u0117l tai puikus pasirinkimas tiems, kas planuoja \u012fsirengti poilsiui skirt\u0105 sodyb\u0105, statyti nam\u0105 ar investuoti \u012f patraukl\u0173 turizmo projekt\u0105. Kiemento e\u017eeras gars\u0117ja skaidriu vandeniu, vaizdingomis pakrant\u0117mis ir \u017euv\u0173 kiekiu.<br \/>\nNetoliese esan\u010diame ma\u017eame, bet jaukiame Giedrai\u010di\u0173 miestelyje rasite parduotuv\u0119, mokykl\u0105, medicinos punkt\u0105 ir kitas paslaugas.<br \/>\nAtstumai iki Giedrai\u010di\u0173 2km, Mol\u0117tai 22km, \u0160irvintos 26km, Ukmerg\u0117 43km, Vilnius 46km, Utena 53km, Anyk\u0161\u010diai 61km, Jonava 80km, Panev\u0117\u017eys 105km, Kaunas 110km.<\/p>\n","protected":false},"featured_media":22033,"template":"","meta":{"_acf_changed":false},"product_brand":[],"product_cat":[24],"product_tag":[],"class_list":{"0":"post-22032","1":"product","2":"type-product","3":"status-publish","4":"has-post-thumbnail","6":"product_cat-sklypai","7":"pa_rajonas-moletu-rajonas","8":"description-off","10":"first","11":"instock","12":"shipping-taxable","13":"purchasable","14":"product-type-simple"},"acf":[],"yoast_head":"<!-- This site is optimized with the Yoast SEO plugin v27.4 - https:\/\/yoast.com\/product\/yoast-seo-wordpress\/ -->\n<title>Parduodamas 1 ha \u017eem\u0117s \u016bkio sklypas rekreacin\u0117je zonoje prie Kiemento e\u017eero, \u0160arki\u0161ki\u0173 k., Giedrai\u010di\u0173 sen., Mol\u0117t\u0173 r. - Namud\u0117<\/title>\n<meta name=\"robots\" content=\"index, follow, max-snippet:-1, max-image-preview:large, max-video-preview:-1\" \/>\n<link rel=\"canonical\" href=\"https:\/\/www.namude.lt\/objektas\/parduodamas-1-ha-zemes-ukio-sklypas-rekreacineje-zonoje-prie-kiemento-ezero-sarkiskiu-k-giedraiciu-sen-moletu-r\/\" \/>\n<meta property=\"og:locale\" content=\"ru_RU\" \/>\n<meta property=\"og:type\" content=\"article\" \/>\n<meta property=\"og:title\" content=\"Parduodamas 1 ha \u017eem\u0117s \u016bkio sklypas rekreacin\u0117je zonoje prie Kiemento e\u017eero, \u0160arki\u0161ki\u0173 k., Giedrai\u010di\u0173 sen., Mol\u0117t\u0173 r. - Namud\u0117\" \/>\n<meta property=\"og:description\" content=\"Sklypas yra rekreacin\u0117je zonoje, tod\u0117l tai puikus pasirinkimas tiems, kas planuoja \u012fsirengti poilsiui skirt\u0105 sodyb\u0105, statyti nam\u0105 ar investuoti \u012f patraukl\u0173 turizmo projekt\u0105. Kiemento e\u017eeras gars\u0117ja skaidriu vandeniu, vaizdingomis pakrant\u0117mis ir \u017euv\u0173 kiekiu.  Netoliese esan\u010diame ma\u017eame, bet jaukiame Giedrai\u010di\u0173 miestelyje rasite parduotuv\u0119, mokykl\u0105, medicinos punkt\u0105 ir kitas paslaugas.  Atstumai iki Giedrai\u010di\u0173 2km, Mol\u0117tai 22km, \u0160irvintos 26km, Ukmerg\u0117 43km, Vilnius 46km, Utena 53km, Anyk\u0161\u010diai 61km, Jonava 80km, Panev\u0117\u017eys 105km, Kaunas 110km.\" \/>\n<meta property=\"og:url\" content=\"https:\/\/www.namude.lt\/objektas\/parduodamas-1-ha-zemes-ukio-sklypas-rekreacineje-zonoje-prie-kiemento-ezero-sarkiskiu-k-giedraiciu-sen-moletu-r\/\" \/>\n<meta property=\"og:site_name\" content=\"Namud\u0117\" \/>\n<meta property=\"article:modified_time\" content=\"2025-09-09T09:03:53+00:00\" \/>\n<meta property=\"og:image\" content=\"https:\/\/www.namude.lt\/wp-content\/uploads\/2025\/09\/ezeras-Kiemantas.jpg\" \/>\n\t<meta property=\"og:image:width\" content=\"1920\" \/>\n\t<meta property=\"og:image:height\" content=\"1080\" \/>\n\t<meta property=\"og:image:type\" content=\"image\/jpeg\" \/>\n<meta name=\"twitter:card\" content=\"summary_large_image\" \/>\n<script type=\"application\/ld+json\" class=\"yoast-schema-graph\">{\"@context\":\"https:\\\/\\\/schema.org\",\"@graph\":[{\"@type\":\"WebPage\",\"@id\":\"https:\\\/\\\/www.namude.lt\\\/objektas\\\/parduodamas-1-ha-zemes-ukio-sklypas-rekreacineje-zonoje-prie-kiemento-ezero-sarkiskiu-k-giedraiciu-sen-moletu-r\\\/\",\"url\":\"https:\\\/\\\/www.namude.lt\\\/objektas\\\/parduodamas-1-ha-zemes-ukio-sklypas-rekreacineje-zonoje-prie-kiemento-ezero-sarkiskiu-k-giedraiciu-sen-moletu-r\\\/\",\"name\":\"Parduodamas 1 ha \u017eem\u0117s \u016bkio sklypas rekreacin\u0117je zonoje prie Kiemento e\u017eero, \u0160arki\u0161ki\u0173 k., Giedrai\u010di\u0173 sen., Mol\u0117t\u0173 r. - Namud\u0117\",\"isPartOf\":{\"@id\":\"https:\\\/\\\/www.namude.lt\\\/#website\"},\"primaryImageOfPage\":{\"@id\":\"https:\\\/\\\/www.namude.lt\\\/objektas\\\/parduodamas-1-ha-zemes-ukio-sklypas-rekreacineje-zonoje-prie-kiemento-ezero-sarkiskiu-k-giedraiciu-sen-moletu-r\\\/#primaryimage\"},\"image\":{\"@id\":\"https:\\\/\\\/www.namude.lt\\\/objektas\\\/parduodamas-1-ha-zemes-ukio-sklypas-rekreacineje-zonoje-prie-kiemento-ezero-sarkiskiu-k-giedraiciu-sen-moletu-r\\\/#primaryimage\"},\"thumbnailUrl\":\"https:\\\/\\\/www.namude.lt\\\/wp-content\\\/uploads\\\/2025\\\/09\\\/ezeras-Kiemantas.jpg\",\"datePublished\":\"2025-09-05T07:37:13+00:00\",\"dateModified\":\"2025-09-09T09:03:53+00:00\",\"breadcrumb\":{\"@id\":\"https:\\\/\\\/www.namude.lt\\\/objektas\\\/parduodamas-1-ha-zemes-ukio-sklypas-rekreacineje-zonoje-prie-kiemento-ezero-sarkiskiu-k-giedraiciu-sen-moletu-r\\\/#breadcrumb\"},\"inLanguage\":\"ru-RU\",\"potentialAction\":[{\"@type\":\"ReadAction\",\"target\":[\"https:\\\/\\\/www.namude.lt\\\/objektas\\\/parduodamas-1-ha-zemes-ukio-sklypas-rekreacineje-zonoje-prie-kiemento-ezero-sarkiskiu-k-giedraiciu-sen-moletu-r\\\/\"]}]},{\"@type\":\"ImageObject\",\"inLanguage\":\"ru-RU\",\"@id\":\"https:\\\/\\\/www.namude.lt\\\/objektas\\\/parduodamas-1-ha-zemes-ukio-sklypas-rekreacineje-zonoje-prie-kiemento-ezero-sarkiskiu-k-giedraiciu-sen-moletu-r\\\/#primaryimage\",\"url\":\"https:\\\/\\\/www.namude.lt\\\/wp-content\\\/uploads\\\/2025\\\/09\\\/ezeras-Kiemantas.jpg\",\"contentUrl\":\"https:\\\/\\\/www.namude.lt\\\/wp-content\\\/uploads\\\/2025\\\/09\\\/ezeras-Kiemantas.jpg\",\"width\":1920,\"height\":1080},{\"@type\":\"BreadcrumbList\",\"@id\":\"https:\\\/\\\/www.namude.lt\\\/objektas\\\/parduodamas-1-ha-zemes-ukio-sklypas-rekreacineje-zonoje-prie-kiemento-ezero-sarkiskiu-k-giedraiciu-sen-moletu-r\\\/#breadcrumb\",\"itemListElement\":[{\"@type\":\"ListItem\",\"position\":1,\"name\":\"Home\",\"item\":\"https:\\\/\\\/www.namude.lt\\\/ru\\\/\"},{\"@type\":\"ListItem\",\"position\":2,\"name\":\"\u041e\u0431\u044a\u0435\u043a\u0442\u044b\",\"item\":\"https:\\\/\\\/www.namude.lt\\\/ru\\\/%d0%be%d0%b1%d1%8a%d0%b5%d0%ba%d1%82%d1%8b\\\/\"},{\"@type\":\"ListItem\",\"position\":3,\"name\":\"Parduodamas 1 ha \u017eem\u0117s \u016bkio sklypas rekreacin\u0117je zonoje prie Kiemento e\u017eero, \u0160arki\u0161ki\u0173 k., Giedrai\u010di\u0173 sen., Mol\u0117t\u0173 r.\"}]},{\"@type\":\"WebSite\",\"@id\":\"https:\\\/\\\/www.namude.lt\\\/#website\",\"url\":\"https:\\\/\\\/www.namude.lt\\\/\",\"name\":\"Namud\u0117\",\"description\":\"\u201eNamud\u0117\u201c \u2013 agent\u016bra, pardavin\u0117janti Auk\u0161taitijos NT grynuolius.\",\"publisher\":{\"@id\":\"https:\\\/\\\/www.namude.lt\\\/#organization\"},\"potentialAction\":[{\"@type\":\"SearchAction\",\"target\":{\"@type\":\"EntryPoint\",\"urlTemplate\":\"https:\\\/\\\/www.namude.lt\\\/?s={search_term_string}\"},\"query-input\":{\"@type\":\"PropertyValueSpecification\",\"valueRequired\":true,\"valueName\":\"search_term_string\"}}],\"inLanguage\":\"ru-RU\"},{\"@type\":\"Organization\",\"@id\":\"https:\\\/\\\/www.namude.lt\\\/#organization\",\"name\":\"Namud\u0117\",\"url\":\"https:\\\/\\\/www.namude.lt\\\/\",\"logo\":{\"@type\":\"ImageObject\",\"inLanguage\":\"ru-RU\",\"@id\":\"https:\\\/\\\/www.namude.lt\\\/#\\\/schema\\\/logo\\\/image\\\/\",\"url\":\"https:\\\/\\\/www.namude.lt\\\/wp-content\\\/uploads\\\/2023\\\/11\\\/logo-symbol.svg\",\"contentUrl\":\"https:\\\/\\\/www.namude.lt\\\/wp-content\\\/uploads\\\/2023\\\/11\\\/logo-symbol.svg\",\"width\":1,\"height\":1,\"caption\":\"Namud\u0117\"},\"image\":{\"@id\":\"https:\\\/\\\/www.namude.lt\\\/#\\\/schema\\\/logo\\\/image\\\/\"}}]}<\/script>\n<!-- \/ Yoast SEO plugin. -->","yoast_head_json":{"title":"Parduodamas 1 ha \u017eem\u0117s \u016bkio sklypas rekreacin\u0117je zonoje prie Kiemento e\u017eero, \u0160arki\u0161ki\u0173 k., Giedrai\u010di\u0173 sen., Mol\u0117t\u0173 r. - Namud\u0117","robots":{"index":"index","follow":"follow","max-snippet":"max-snippet:-1","max-image-preview":"max-image-preview:large","max-video-preview":"max-video-preview:-1"},"canonical":"https:\/\/www.namude.lt\/objektas\/parduodamas-1-ha-zemes-ukio-sklypas-rekreacineje-zonoje-prie-kiemento-ezero-sarkiskiu-k-giedraiciu-sen-moletu-r\/","og_locale":"ru_RU","og_type":"article","og_title":"Parduodamas 1 ha \u017eem\u0117s \u016bkio sklypas rekreacin\u0117je zonoje prie Kiemento e\u017eero, \u0160arki\u0161ki\u0173 k., Giedrai\u010di\u0173 sen., Mol\u0117t\u0173 r. - Namud\u0117","og_description":"Sklypas yra rekreacin\u0117je zonoje, tod\u0117l tai puikus pasirinkimas tiems, kas planuoja \u012fsirengti poilsiui skirt\u0105 sodyb\u0105, statyti nam\u0105 ar investuoti \u012f patraukl\u0173 turizmo projekt\u0105. Kiemento e\u017eeras gars\u0117ja skaidriu vandeniu, vaizdingomis pakrant\u0117mis ir \u017euv\u0173 kiekiu.  Netoliese esan\u010diame ma\u017eame, bet jaukiame Giedrai\u010di\u0173 miestelyje rasite parduotuv\u0119, mokykl\u0105, medicinos punkt\u0105 ir kitas paslaugas.  Atstumai iki Giedrai\u010di\u0173 2km, Mol\u0117tai 22km, \u0160irvintos 26km, Ukmerg\u0117 43km, Vilnius 46km, Utena 53km, Anyk\u0161\u010diai 61km, Jonava 80km, Panev\u0117\u017eys 105km, Kaunas 110km.","og_url":"https:\/\/www.namude.lt\/objektas\/parduodamas-1-ha-zemes-ukio-sklypas-rekreacineje-zonoje-prie-kiemento-ezero-sarkiskiu-k-giedraiciu-sen-moletu-r\/","og_site_name":"Namud\u0117","article_modified_time":"2025-09-09T09:03:53+00:00","og_image":[{"width":1920,"height":1080,"url":"https:\/\/www.namude.lt\/wp-content\/uploads\/2025\/09\/ezeras-Kiemantas.jpg","type":"image\/jpeg"}],"twitter_card":"summary_large_image","schema":{"@context":"https:\/\/schema.org","@graph":[{"@type":"WebPage","@id":"https:\/\/www.namude.lt\/objektas\/parduodamas-1-ha-zemes-ukio-sklypas-rekreacineje-zonoje-prie-kiemento-ezero-sarkiskiu-k-giedraiciu-sen-moletu-r\/","url":"https:\/\/www.namude.lt\/objektas\/parduodamas-1-ha-zemes-ukio-sklypas-rekreacineje-zonoje-prie-kiemento-ezero-sarkiskiu-k-giedraiciu-sen-moletu-r\/","name":"Parduodamas 1 ha \u017eem\u0117s \u016bkio sklypas rekreacin\u0117je zonoje prie Kiemento e\u017eero, \u0160arki\u0161ki\u0173 k., Giedrai\u010di\u0173 sen., Mol\u0117t\u0173 r. - Namud\u0117","isPartOf":{"@id":"https:\/\/www.namude.lt\/#website"},"primaryImageOfPage":{"@id":"https:\/\/www.namude.lt\/objektas\/parduodamas-1-ha-zemes-ukio-sklypas-rekreacineje-zonoje-prie-kiemento-ezero-sarkiskiu-k-giedraiciu-sen-moletu-r\/#primaryimage"},"image":{"@id":"https:\/\/www.namude.lt\/objektas\/parduodamas-1-ha-zemes-ukio-sklypas-rekreacineje-zonoje-prie-kiemento-ezero-sarkiskiu-k-giedraiciu-sen-moletu-r\/#primaryimage"},"thumbnailUrl":"https:\/\/www.namude.lt\/wp-content\/uploads\/2025\/09\/ezeras-Kiemantas.jpg","datePublished":"2025-09-05T07:37:13+00:00","dateModified":"2025-09-09T09:03:53+00:00","breadcrumb":{"@id":"https:\/\/www.namude.lt\/objektas\/parduodamas-1-ha-zemes-ukio-sklypas-rekreacineje-zonoje-prie-kiemento-ezero-sarkiskiu-k-giedraiciu-sen-moletu-r\/#breadcrumb"},"inLanguage":"ru-RU","potentialAction":[{"@type":"ReadAction","target":["https:\/\/www.namude.lt\/objektas\/parduodamas-1-ha-zemes-ukio-sklypas-rekreacineje-zonoje-prie-kiemento-ezero-sarkiskiu-k-giedraiciu-sen-moletu-r\/"]}]},{"@type":"ImageObject","inLanguage":"ru-RU","@id":"https:\/\/www.namude.lt\/objektas\/parduodamas-1-ha-zemes-ukio-sklypas-rekreacineje-zonoje-prie-kiemento-ezero-sarkiskiu-k-giedraiciu-sen-moletu-r\/#primaryimage","url":"https:\/\/www.namude.lt\/wp-content\/uploads\/2025\/09\/ezeras-Kiemantas.jpg","contentUrl":"https:\/\/www.namude.lt\/wp-content\/uploads\/2025\/09\/ezeras-Kiemantas.jpg","width":1920,"height":1080},{"@type":"BreadcrumbList","@id":"https:\/\/www.namude.lt\/objektas\/parduodamas-1-ha-zemes-ukio-sklypas-rekreacineje-zonoje-prie-kiemento-ezero-sarkiskiu-k-giedraiciu-sen-moletu-r\/#breadcrumb","itemListElement":[{"@type":"ListItem","position":1,"name":"Home","item":"https:\/\/www.namude.lt\/ru\/"},{"@type":"ListItem","position":2,"name":"\u041e\u0431\u044a\u0435\u043a\u0442\u044b","item":"https:\/\/www.namude.lt\/ru\/%d0%be%d0%b1%d1%8a%d0%b5%d0%ba%d1%82%d1%8b\/"},{"@type":"ListItem","position":3,"name":"Parduodamas 1 ha \u017eem\u0117s \u016bkio sklypas rekreacin\u0117je zonoje prie Kiemento e\u017eero, \u0160arki\u0161ki\u0173 k., Giedrai\u010di\u0173 sen., Mol\u0117t\u0173 r."}]},{"@type":"WebSite","@id":"https:\/\/www.namude.lt\/#website","url":"https:\/\/www.namude.lt\/","name":"Namud\u0117","description":"\u201eNamud\u0117\u201c \u2013 agent\u016bra, pardavin\u0117janti Auk\u0161taitijos NT grynuolius.","publisher":{"@id":"https:\/\/www.namude.lt\/#organization"},"potentialAction":[{"@type":"SearchAction","target":{"@type":"EntryPoint","urlTemplate":"https:\/\/www.namude.lt\/?s={search_term_string}"},"query-input":{"@type":"PropertyValueSpecification","valueRequired":true,"valueName":"search_term_string"}}],"inLanguage":"ru-RU"},{"@type":"Organization","@id":"https:\/\/www.namude.lt\/#organization","name":"Namud\u0117","url":"https:\/\/www.namude.lt\/","logo":{"@type":"ImageObject","inLanguage":"ru-RU","@id":"https:\/\/www.namude.lt\/#\/schema\/logo\/image\/","url":"https:\/\/www.namude.lt\/wp-content\/uploads\/2023\/11\/logo-symbol.svg","contentUrl":"https:\/\/www.namude.lt\/wp-content\/uploads\/2023\/11\/logo-symbol.svg","width":1,"height":1,"caption":"Namud\u0117"},"image":{"@id":"https:\/\/www.namude.lt\/#\/schema\/logo\/image\/"}}]}},"_links":{"self":[{"href":"https:\/\/www.namude.lt\/ru\/wp-json\/wp\/v2\/product\/22032","targetHints":{"allow":["GET"]}}],"collection":[{"href":"https:\/\/www.namude.lt\/ru\/wp-json\/wp\/v2\/product"}],"about":[{"href":"https:\/\/www.namude.lt\/ru\/wp-json\/wp\/v2\/types\/product"}],"wp:featuredmedia":[{"embeddable":true,"href":"https:\/\/www.namude.lt\/ru\/wp-json\/wp\/v2\/media\/22033"}],"wp:attachment":[{"href":"https:\/\/www.namude.lt\/ru\/wp-json\/wp\/v2\/media?parent=22032"}],"wp:term":[{"taxonomy":"product_brand","embeddable":true,"href":"https:\/\/www.namude.lt\/ru\/wp-json\/wp\/v2\/product_brand?post=22032"},{"taxonomy":"product_cat","embeddable":true,"href":"https:\/\/www.namude.lt\/ru\/wp-json\/wp\/v2\/product_cat?post=22032"},{"taxonomy":"product_tag","embeddable":true,"href":"https:\/\/www.namude.lt\/ru\/wp-json\/wp\/v2\/product_tag?post=22032"}],"curies":[{"name":"wp","href":"https:\/\/api.w.org\/{rel}","templated":true}]}}