{"id":21830,"date":"2025-09-02T16:28:14","date_gmt":"2025-09-02T13:28:14","guid":{"rendered":"https:\/\/www.namude.lt\/?post_type=product&#038;p=21830"},"modified":"2025-09-09T12:15:33","modified_gmt":"2025-09-09T09:15:33","slug":"parduodami-2-vieno-kambario-butai-utenos-rajone-alausu-kaime-arti-alauso-ezero","status":"publish","type":"product","link":"https:\/\/www.namude.lt\/ru\/\u043e\u0431\u044a\u0435\u043a\u0442\/parduodami-2-vieno-kambario-butai-utenos-rajone-alausu-kaime-arti-alauso-ezero\/","title":{"rendered":"PARDUODAMI 2 VIENO KAMBARIO BUTAI UTENOS RAJONE, ALAU\u0160\u0172 KAIME ARTI ALAU\u0160O E\u017dERO!"},"content":{"rendered":"","protected":false},"excerpt":{"rendered":"<p><strong>Pakrant\u0117s gatv\u0117je, Utenos rajone \u2013 jauk\u016bs 1 kambario butai laukia nauj\u0173 \u0161eiminink\u0173. <\/strong><a href=\"https:\/\/www.namude.lt\/kategorija\/butai\/?filter_rajonas=utenos-rajonas&amp;query_type_rajonas=or\"><\/a>Tai puikus pasirinkimas ie\u0161kantiems ekonomi\u0161ko buto gamtoje su vaizdais \u012f e\u017eer\u0105 arba nedidel\u0117s investicijos nuosavybei u\u017emiestyje.<br \/>\n\u2022\tBendras plotas kiekvieno buto: ~41 kv.m;<br \/>\n\u2022\tAuk\u0161tas: 1 i\u0161 2; ir  2 i\u0161 2; i\u0161sid\u0117st\u0119 vienas vir\u0161 kito ;<br \/>\n\u2022\tLangai orientuoti \u012f kiemo pus\u0119, ir \u012f kelio, kur atsiveria gra\u017eus vaizdas \u012f piev\u0105 ir e\u017eer\u0105;<br \/>\n\u2022\tVirtuv\u0117 atskira;<br \/>\n\u2022\tTualeto patalpa atskira;<br \/>\n\u2022\tYra sand\u0117liukas \/ pagalbin\u0117s patalpos \u016bkiniame pastate, priklauso \u017eem\u0117s sklypo dalis;<br \/>\n\u2022\t\u0160ildymas autonominis (galima \u012fsirengti kit\u0105 sistem\u0105).<br \/>\n<strong>Privalumai<\/strong><br \/>\n\u2022\tNedidel\u0117s i\u0161laikymo s\u0105naudos;<br \/>\n\u2022\tTvarkingas plytinis namas, vos keli kaimynai;<br \/>\n\u2022\tAntro auk\u0161to butas su balkonu, i\u0161 kurio atsiveria gra\u017eus gamtos vaizdas;<br \/>\n\u2022\t\u0160alia e\u017eeras \u2013 ideali vieta poilsiui ir ramiam gyvenimui;<br \/>\n<strong>Aplinka<\/strong><br \/>\n\u2022\tGra\u017eus kaimi\u0161kas kra\u0161tovaizdis, daug \u017ealumos;<br \/>\n\u2022\tNetoliese e\u017eeras, kuriame galima maudytis, \u017evejoti ar tiesiog m\u0117gautis vaizdu;<br \/>\n\u2022\tPatogus priva\u017eiavimas, tvarkinga aplinka aplink nam\u0105;<\/p>\n<p>Kaina po 16 500EUR<\/p>\n<p>Koordinat\u0117s :<br \/>\nmaps.lt \u2013 55.635504, 25.686484<\/p>\n<p>D\u0117l i\u0161samesn\u0117s informacijos ar ap\u017ei\u016bros susisiekite ir mes visk\u0105 Jums papasakosime.<\/p>\n","protected":false},"featured_media":21831,"template":"","meta":{"_acf_changed":false},"product_brand":[],"product_cat":[27],"product_tag":[],"class_list":{"0":"post-21830","1":"product","2":"type-product","3":"status-publish","4":"has-post-thumbnail","6":"product_cat-butai","7":"pa_rajonas-utenos-rajonas","8":"description-off","10":"first","11":"instock","12":"shipping-taxable","13":"purchasable","14":"product-type-simple"},"acf":[],"yoast_head":"<!-- This site is optimized with the Yoast SEO plugin v27.4 - https:\/\/yoast.com\/product\/yoast-seo-wordpress\/ -->\n<title>PARDUODAMI 2 VIENO KAMBARIO BUTAI UTENOS RAJONE, ALAU\u0160\u0172 KAIME ARTI ALAU\u0160O E\u017dERO! - Namud\u0117<\/title>\n<meta name=\"robots\" content=\"index, follow, max-snippet:-1, max-image-preview:large, max-video-preview:-1\" \/>\n<link rel=\"canonical\" href=\"https:\/\/www.namude.lt\/objektas\/parduodami-2-vieno-kambario-butai-utenos-rajone-alausu-kaime-arti-alauso-ezero\/\" \/>\n<meta property=\"og:locale\" content=\"ru_RU\" \/>\n<meta property=\"og:type\" content=\"article\" \/>\n<meta property=\"og:title\" content=\"PARDUODAMI 2 VIENO KAMBARIO BUTAI UTENOS RAJONE, ALAU\u0160\u0172 KAIME ARTI ALAU\u0160O E\u017dERO! - Namud\u0117\" \/>\n<meta property=\"og:description\" content=\"Pakrant\u0117s gatv\u0117je, Utenos rajone \u2013 jauk\u016bs 1 kambario butai laukia nauj\u0173 \u0161eiminink\u0173. Tai puikus pasirinkimas ie\u0161kantiems ekonomi\u0161ko buto gamtoje su vaizdais \u012f e\u017eer\u0105 arba nedidel\u0117s investicijos nuosavybei u\u017emiestyje. \u2022 Bendras plotas kiekvieno buto: ~41 kv.m; \u2022 Auk\u0161tas: 1 i\u0161 2; ir 2 i\u0161 2; i\u0161sid\u0117st\u0119 vienas vir\u0161 kito ; \u2022 Langai orientuoti \u012f kiemo pus\u0119, ir \u012f kelio, kur atsiveria gra\u017eus vaizdas \u012f piev\u0105 ir e\u017eer\u0105; \u2022 Virtuv\u0117 atskira; \u2022 Tualeto patalpa atskira; \u2022 Yra sand\u0117liukas \/ pagalbin\u0117s patalpos \u016bkiniame pastate, priklauso \u017eem\u0117s sklypo dalis; \u2022 \u0160ildymas autonominis (galima \u012fsirengti kit\u0105 sistem\u0105). Privalumai \u2022 Nedidel\u0117s i\u0161laikymo s\u0105naudos; \u2022 Tvarkingas plytinis namas, vos keli kaimynai; \u2022 Antro auk\u0161to butas su balkonu, i\u0161 kurio atsiveria gra\u017eus gamtos vaizdas; \u2022 \u0160alia e\u017eeras \u2013 ideali vieta poilsiui ir ramiam gyvenimui; Aplinka \u2022 Gra\u017eus kaimi\u0161kas kra\u0161tovaizdis, daug \u017ealumos; \u2022 Netoliese e\u017eeras, kuriame galima maudytis, \u017evejoti ar tiesiog m\u0117gautis vaizdu; \u2022 Patogus priva\u017eiavimas, tvarkinga aplinka aplink nam\u0105;  Kaina po 16 500EUR  Koordinat\u0117s : maps.lt \u2013 55.635504, 25.686484  D\u0117l i\u0161samesn\u0117s informacijos ar ap\u017ei\u016bros susisiekite ir mes visk\u0105 Jums papasakosime.\" \/>\n<meta property=\"og:url\" content=\"https:\/\/www.namude.lt\/objektas\/parduodami-2-vieno-kambario-butai-utenos-rajone-alausu-kaime-arti-alauso-ezero\/\" \/>\n<meta property=\"og:site_name\" content=\"Namud\u0117\" \/>\n<meta property=\"article:modified_time\" content=\"2025-09-09T09:15:33+00:00\" \/>\n<meta property=\"og:image\" content=\"https:\/\/www.namude.lt\/wp-content\/uploads\/2025\/09\/1-1.jpg\" \/>\n\t<meta property=\"og:image:width\" content=\"2400\" \/>\n\t<meta property=\"og:image:height\" content=\"1800\" \/>\n\t<meta property=\"og:image:type\" content=\"image\/jpeg\" \/>\n<meta name=\"twitter:card\" content=\"summary_large_image\" \/>\n<script type=\"application\/ld+json\" class=\"yoast-schema-graph\">{\"@context\":\"https:\\\/\\\/schema.org\",\"@graph\":[{\"@type\":\"WebPage\",\"@id\":\"https:\\\/\\\/www.namude.lt\\\/objektas\\\/parduodami-2-vieno-kambario-butai-utenos-rajone-alausu-kaime-arti-alauso-ezero\\\/\",\"url\":\"https:\\\/\\\/www.namude.lt\\\/objektas\\\/parduodami-2-vieno-kambario-butai-utenos-rajone-alausu-kaime-arti-alauso-ezero\\\/\",\"name\":\"PARDUODAMI 2 VIENO KAMBARIO BUTAI UTENOS RAJONE, ALAU\u0160\u0172 KAIME ARTI ALAU\u0160O E\u017dERO! - Namud\u0117\",\"isPartOf\":{\"@id\":\"https:\\\/\\\/www.namude.lt\\\/#website\"},\"primaryImageOfPage\":{\"@id\":\"https:\\\/\\\/www.namude.lt\\\/objektas\\\/parduodami-2-vieno-kambario-butai-utenos-rajone-alausu-kaime-arti-alauso-ezero\\\/#primaryimage\"},\"image\":{\"@id\":\"https:\\\/\\\/www.namude.lt\\\/objektas\\\/parduodami-2-vieno-kambario-butai-utenos-rajone-alausu-kaime-arti-alauso-ezero\\\/#primaryimage\"},\"thumbnailUrl\":\"https:\\\/\\\/www.namude.lt\\\/wp-content\\\/uploads\\\/2025\\\/09\\\/1-1.jpg\",\"datePublished\":\"2025-09-02T13:28:14+00:00\",\"dateModified\":\"2025-09-09T09:15:33+00:00\",\"breadcrumb\":{\"@id\":\"https:\\\/\\\/www.namude.lt\\\/objektas\\\/parduodami-2-vieno-kambario-butai-utenos-rajone-alausu-kaime-arti-alauso-ezero\\\/#breadcrumb\"},\"inLanguage\":\"ru-RU\",\"potentialAction\":[{\"@type\":\"ReadAction\",\"target\":[\"https:\\\/\\\/www.namude.lt\\\/objektas\\\/parduodami-2-vieno-kambario-butai-utenos-rajone-alausu-kaime-arti-alauso-ezero\\\/\"]}]},{\"@type\":\"ImageObject\",\"inLanguage\":\"ru-RU\",\"@id\":\"https:\\\/\\\/www.namude.lt\\\/objektas\\\/parduodami-2-vieno-kambario-butai-utenos-rajone-alausu-kaime-arti-alauso-ezero\\\/#primaryimage\",\"url\":\"https:\\\/\\\/www.namude.lt\\\/wp-content\\\/uploads\\\/2025\\\/09\\\/1-1.jpg\",\"contentUrl\":\"https:\\\/\\\/www.namude.lt\\\/wp-content\\\/uploads\\\/2025\\\/09\\\/1-1.jpg\",\"width\":2400,\"height\":1800},{\"@type\":\"BreadcrumbList\",\"@id\":\"https:\\\/\\\/www.namude.lt\\\/objektas\\\/parduodami-2-vieno-kambario-butai-utenos-rajone-alausu-kaime-arti-alauso-ezero\\\/#breadcrumb\",\"itemListElement\":[{\"@type\":\"ListItem\",\"position\":1,\"name\":\"Home\",\"item\":\"https:\\\/\\\/www.namude.lt\\\/ru\\\/\"},{\"@type\":\"ListItem\",\"position\":2,\"name\":\"\u041e\u0431\u044a\u0435\u043a\u0442\u044b\",\"item\":\"https:\\\/\\\/www.namude.lt\\\/ru\\\/%d0%be%d0%b1%d1%8a%d0%b5%d0%ba%d1%82%d1%8b\\\/\"},{\"@type\":\"ListItem\",\"position\":3,\"name\":\"PARDUODAMI 2 VIENO KAMBARIO BUTAI UTENOS RAJONE, ALAU\u0160\u0172 KAIME ARTI ALAU\u0160O E\u017dERO!\"}]},{\"@type\":\"WebSite\",\"@id\":\"https:\\\/\\\/www.namude.lt\\\/#website\",\"url\":\"https:\\\/\\\/www.namude.lt\\\/\",\"name\":\"Namud\u0117\",\"description\":\"\u201eNamud\u0117\u201c \u2013 agent\u016bra, pardavin\u0117janti Auk\u0161taitijos NT grynuolius.\",\"publisher\":{\"@id\":\"https:\\\/\\\/www.namude.lt\\\/#organization\"},\"potentialAction\":[{\"@type\":\"SearchAction\",\"target\":{\"@type\":\"EntryPoint\",\"urlTemplate\":\"https:\\\/\\\/www.namude.lt\\\/?s={search_term_string}\"},\"query-input\":{\"@type\":\"PropertyValueSpecification\",\"valueRequired\":true,\"valueName\":\"search_term_string\"}}],\"inLanguage\":\"ru-RU\"},{\"@type\":\"Organization\",\"@id\":\"https:\\\/\\\/www.namude.lt\\\/#organization\",\"name\":\"Namud\u0117\",\"url\":\"https:\\\/\\\/www.namude.lt\\\/\",\"logo\":{\"@type\":\"ImageObject\",\"inLanguage\":\"ru-RU\",\"@id\":\"https:\\\/\\\/www.namude.lt\\\/#\\\/schema\\\/logo\\\/image\\\/\",\"url\":\"https:\\\/\\\/www.namude.lt\\\/wp-content\\\/uploads\\\/2023\\\/11\\\/logo-symbol.svg\",\"contentUrl\":\"https:\\\/\\\/www.namude.lt\\\/wp-content\\\/uploads\\\/2023\\\/11\\\/logo-symbol.svg\",\"width\":1,\"height\":1,\"caption\":\"Namud\u0117\"},\"image\":{\"@id\":\"https:\\\/\\\/www.namude.lt\\\/#\\\/schema\\\/logo\\\/image\\\/\"}}]}<\/script>\n<!-- \/ Yoast SEO plugin. -->","yoast_head_json":{"title":"PARDUODAMI 2 VIENO KAMBARIO BUTAI UTENOS RAJONE, ALAU\u0160\u0172 KAIME ARTI ALAU\u0160O E\u017dERO! - Namud\u0117","robots":{"index":"index","follow":"follow","max-snippet":"max-snippet:-1","max-image-preview":"max-image-preview:large","max-video-preview":"max-video-preview:-1"},"canonical":"https:\/\/www.namude.lt\/objektas\/parduodami-2-vieno-kambario-butai-utenos-rajone-alausu-kaime-arti-alauso-ezero\/","og_locale":"ru_RU","og_type":"article","og_title":"PARDUODAMI 2 VIENO KAMBARIO BUTAI UTENOS RAJONE, ALAU\u0160\u0172 KAIME ARTI ALAU\u0160O E\u017dERO! - Namud\u0117","og_description":"Pakrant\u0117s gatv\u0117je, Utenos rajone \u2013 jauk\u016bs 1 kambario butai laukia nauj\u0173 \u0161eiminink\u0173. Tai puikus pasirinkimas ie\u0161kantiems ekonomi\u0161ko buto gamtoje su vaizdais \u012f e\u017eer\u0105 arba nedidel\u0117s investicijos nuosavybei u\u017emiestyje. \u2022 Bendras plotas kiekvieno buto: ~41 kv.m; \u2022 Auk\u0161tas: 1 i\u0161 2; ir 2 i\u0161 2; i\u0161sid\u0117st\u0119 vienas vir\u0161 kito ; \u2022 Langai orientuoti \u012f kiemo pus\u0119, ir \u012f kelio, kur atsiveria gra\u017eus vaizdas \u012f piev\u0105 ir e\u017eer\u0105; \u2022 Virtuv\u0117 atskira; \u2022 Tualeto patalpa atskira; \u2022 Yra sand\u0117liukas \/ pagalbin\u0117s patalpos \u016bkiniame pastate, priklauso \u017eem\u0117s sklypo dalis; \u2022 \u0160ildymas autonominis (galima \u012fsirengti kit\u0105 sistem\u0105). Privalumai \u2022 Nedidel\u0117s i\u0161laikymo s\u0105naudos; \u2022 Tvarkingas plytinis namas, vos keli kaimynai; \u2022 Antro auk\u0161to butas su balkonu, i\u0161 kurio atsiveria gra\u017eus gamtos vaizdas; \u2022 \u0160alia e\u017eeras \u2013 ideali vieta poilsiui ir ramiam gyvenimui; Aplinka \u2022 Gra\u017eus kaimi\u0161kas kra\u0161tovaizdis, daug \u017ealumos; \u2022 Netoliese e\u017eeras, kuriame galima maudytis, \u017evejoti ar tiesiog m\u0117gautis vaizdu; \u2022 Patogus priva\u017eiavimas, tvarkinga aplinka aplink nam\u0105;  Kaina po 16 500EUR  Koordinat\u0117s : maps.lt \u2013 55.635504, 25.686484  D\u0117l i\u0161samesn\u0117s informacijos ar ap\u017ei\u016bros susisiekite ir mes visk\u0105 Jums papasakosime.","og_url":"https:\/\/www.namude.lt\/objektas\/parduodami-2-vieno-kambario-butai-utenos-rajone-alausu-kaime-arti-alauso-ezero\/","og_site_name":"Namud\u0117","article_modified_time":"2025-09-09T09:15:33+00:00","og_image":[{"width":2400,"height":1800,"url":"https:\/\/www.namude.lt\/wp-content\/uploads\/2025\/09\/1-1.jpg","type":"image\/jpeg"}],"twitter_card":"summary_large_image","schema":{"@context":"https:\/\/schema.org","@graph":[{"@type":"WebPage","@id":"https:\/\/www.namude.lt\/objektas\/parduodami-2-vieno-kambario-butai-utenos-rajone-alausu-kaime-arti-alauso-ezero\/","url":"https:\/\/www.namude.lt\/objektas\/parduodami-2-vieno-kambario-butai-utenos-rajone-alausu-kaime-arti-alauso-ezero\/","name":"PARDUODAMI 2 VIENO KAMBARIO BUTAI UTENOS RAJONE, ALAU\u0160\u0172 KAIME ARTI ALAU\u0160O E\u017dERO! - Namud\u0117","isPartOf":{"@id":"https:\/\/www.namude.lt\/#website"},"primaryImageOfPage":{"@id":"https:\/\/www.namude.lt\/objektas\/parduodami-2-vieno-kambario-butai-utenos-rajone-alausu-kaime-arti-alauso-ezero\/#primaryimage"},"image":{"@id":"https:\/\/www.namude.lt\/objektas\/parduodami-2-vieno-kambario-butai-utenos-rajone-alausu-kaime-arti-alauso-ezero\/#primaryimage"},"thumbnailUrl":"https:\/\/www.namude.lt\/wp-content\/uploads\/2025\/09\/1-1.jpg","datePublished":"2025-09-02T13:28:14+00:00","dateModified":"2025-09-09T09:15:33+00:00","breadcrumb":{"@id":"https:\/\/www.namude.lt\/objektas\/parduodami-2-vieno-kambario-butai-utenos-rajone-alausu-kaime-arti-alauso-ezero\/#breadcrumb"},"inLanguage":"ru-RU","potentialAction":[{"@type":"ReadAction","target":["https:\/\/www.namude.lt\/objektas\/parduodami-2-vieno-kambario-butai-utenos-rajone-alausu-kaime-arti-alauso-ezero\/"]}]},{"@type":"ImageObject","inLanguage":"ru-RU","@id":"https:\/\/www.namude.lt\/objektas\/parduodami-2-vieno-kambario-butai-utenos-rajone-alausu-kaime-arti-alauso-ezero\/#primaryimage","url":"https:\/\/www.namude.lt\/wp-content\/uploads\/2025\/09\/1-1.jpg","contentUrl":"https:\/\/www.namude.lt\/wp-content\/uploads\/2025\/09\/1-1.jpg","width":2400,"height":1800},{"@type":"BreadcrumbList","@id":"https:\/\/www.namude.lt\/objektas\/parduodami-2-vieno-kambario-butai-utenos-rajone-alausu-kaime-arti-alauso-ezero\/#breadcrumb","itemListElement":[{"@type":"ListItem","position":1,"name":"Home","item":"https:\/\/www.namude.lt\/ru\/"},{"@type":"ListItem","position":2,"name":"\u041e\u0431\u044a\u0435\u043a\u0442\u044b","item":"https:\/\/www.namude.lt\/ru\/%d0%be%d0%b1%d1%8a%d0%b5%d0%ba%d1%82%d1%8b\/"},{"@type":"ListItem","position":3,"name":"PARDUODAMI 2 VIENO KAMBARIO BUTAI UTENOS RAJONE, ALAU\u0160\u0172 KAIME ARTI ALAU\u0160O E\u017dERO!"}]},{"@type":"WebSite","@id":"https:\/\/www.namude.lt\/#website","url":"https:\/\/www.namude.lt\/","name":"Namud\u0117","description":"\u201eNamud\u0117\u201c \u2013 agent\u016bra, pardavin\u0117janti Auk\u0161taitijos NT grynuolius.","publisher":{"@id":"https:\/\/www.namude.lt\/#organization"},"potentialAction":[{"@type":"SearchAction","target":{"@type":"EntryPoint","urlTemplate":"https:\/\/www.namude.lt\/?s={search_term_string}"},"query-input":{"@type":"PropertyValueSpecification","valueRequired":true,"valueName":"search_term_string"}}],"inLanguage":"ru-RU"},{"@type":"Organization","@id":"https:\/\/www.namude.lt\/#organization","name":"Namud\u0117","url":"https:\/\/www.namude.lt\/","logo":{"@type":"ImageObject","inLanguage":"ru-RU","@id":"https:\/\/www.namude.lt\/#\/schema\/logo\/image\/","url":"https:\/\/www.namude.lt\/wp-content\/uploads\/2023\/11\/logo-symbol.svg","contentUrl":"https:\/\/www.namude.lt\/wp-content\/uploads\/2023\/11\/logo-symbol.svg","width":1,"height":1,"caption":"Namud\u0117"},"image":{"@id":"https:\/\/www.namude.lt\/#\/schema\/logo\/image\/"}}]}},"_links":{"self":[{"href":"https:\/\/www.namude.lt\/ru\/wp-json\/wp\/v2\/product\/21830","targetHints":{"allow":["GET"]}}],"collection":[{"href":"https:\/\/www.namude.lt\/ru\/wp-json\/wp\/v2\/product"}],"about":[{"href":"https:\/\/www.namude.lt\/ru\/wp-json\/wp\/v2\/types\/product"}],"wp:featuredmedia":[{"embeddable":true,"href":"https:\/\/www.namude.lt\/ru\/wp-json\/wp\/v2\/media\/21831"}],"wp:attachment":[{"href":"https:\/\/www.namude.lt\/ru\/wp-json\/wp\/v2\/media?parent=21830"}],"wp:term":[{"taxonomy":"product_brand","embeddable":true,"href":"https:\/\/www.namude.lt\/ru\/wp-json\/wp\/v2\/product_brand?post=21830"},{"taxonomy":"product_cat","embeddable":true,"href":"https:\/\/www.namude.lt\/ru\/wp-json\/wp\/v2\/product_cat?post=21830"},{"taxonomy":"product_tag","embeddable":true,"href":"https:\/\/www.namude.lt\/ru\/wp-json\/wp\/v2\/product_tag?post=21830"}],"curies":[{"name":"wp","href":"https:\/\/api.w.org\/{rel}","templated":true}]}}