{"id":21661,"date":"2025-08-21T11:57:41","date_gmt":"2025-08-21T08:57:41","guid":{"rendered":"https:\/\/www.namude.lt\/?post_type=product&#038;p=21661"},"modified":"2025-09-09T12:32:50","modified_gmt":"2025-09-09T09:32:50","slug":"parduodamas-22ha-zemes-sklypas-su-pastatais-utenos-rajone","status":"publish","type":"product","link":"https:\/\/www.namude.lt\/ru\/\u043e\u0431\u044a\u0435\u043a\u0442\/parduodamas-22ha-zemes-sklypas-su-pastatais-utenos-rajone\/","title":{"rendered":"PARDUODAMAS 22HA \u017dEM\u0116S SKLYPAS SU PASTATAIS UTENOS RAJONE"},"content":{"rendered":"","protected":false},"excerpt":{"rendered":"<p>\u0160alia Daugaili\u0173 miestelio, Purvini\u0161k\u0117s kaime parduodamas 22,5ha \u017eem\u0117s sklypas su pastatais, i\u0161 j\u0173 10ha mi\u0161ko. Sklypas puikiai tinkamas tiek \u016bkin\u0117s veiklos pl\u0117tojimui, tiek \u016bkininko sodybos \u012frengimui. Patogus priva\u017eiavimas, atstumai iki  Daugaili\u0173 2km, Salakas 19km, Utena 20km, Dusetos 21km, Zaras\u0173 34km.<br \/>\nKoordinat\u0117s :<br \/>\nmaps.lt \u2013 55.586931, 25.863980<br \/>\nKvie\u010diame ap\u017ei\u016br\u0117ti ir \u012fvertinti \u0161i\u0105 vieta patiems! Lauksime atvykstant ir savaitgaliais!<\/p>\n","protected":false},"featured_media":21662,"template":"","meta":{"_acf_changed":false},"product_brand":[],"product_cat":[24,23],"product_tag":[],"class_list":{"0":"post-21661","1":"product","2":"type-product","3":"status-publish","4":"has-post-thumbnail","6":"product_cat-sklypai","7":"product_cat-sodybos","8":"pa_rajonas-utenos-rajonas","9":"description-off","11":"first","12":"instock","13":"shipping-taxable","14":"purchasable","15":"product-type-simple"},"acf":[],"yoast_head":"<!-- This site is optimized with the Yoast SEO plugin v27.4 - https:\/\/yoast.com\/product\/yoast-seo-wordpress\/ -->\n<title>PARDUODAMAS 22HA \u017dEM\u0116S SKLYPAS SU PASTATAIS UTENOS RAJONE - Namud\u0117<\/title>\n<meta name=\"robots\" content=\"index, follow, max-snippet:-1, max-image-preview:large, max-video-preview:-1\" \/>\n<link rel=\"canonical\" href=\"https:\/\/www.namude.lt\/objektas\/parduodamas-22ha-zemes-sklypas-su-pastatais-utenos-rajone\/\" \/>\n<meta property=\"og:locale\" content=\"ru_RU\" \/>\n<meta property=\"og:type\" content=\"article\" \/>\n<meta property=\"og:title\" content=\"PARDUODAMAS 22HA \u017dEM\u0116S SKLYPAS SU PASTATAIS UTENOS RAJONE - Namud\u0117\" \/>\n<meta property=\"og:description\" content=\"\u0160alia Daugaili\u0173 miestelio, Purvini\u0161k\u0117s kaime parduodamas 22,5ha \u017eem\u0117s sklypas su pastatais, i\u0161 j\u0173 10ha mi\u0161ko. Sklypas puikiai tinkamas tiek \u016bkin\u0117s veiklos pl\u0117tojimui, tiek \u016bkininko sodybos \u012frengimui. Patogus priva\u017eiavimas, atstumai iki Daugaili\u0173 2km, Salakas 19km, Utena 20km, Dusetos 21km, Zaras\u0173 34km. Koordinat\u0117s : maps.lt \u2013 55.586931, 25.863980 Kvie\u010diame ap\u017ei\u016br\u0117ti ir \u012fvertinti \u0161i\u0105 vieta patiems! Lauksime atvykstant ir savaitgaliais!\" \/>\n<meta property=\"og:url\" content=\"https:\/\/www.namude.lt\/objektas\/parduodamas-22ha-zemes-sklypas-su-pastatais-utenos-rajone\/\" \/>\n<meta property=\"og:site_name\" content=\"Namud\u0117\" \/>\n<meta property=\"article:modified_time\" content=\"2025-09-09T09:32:50+00:00\" \/>\n<meta property=\"og:image\" content=\"https:\/\/www.namude.lt\/wp-content\/uploads\/2025\/08\/1-7.jpg\" \/>\n\t<meta property=\"og:image:width\" content=\"2500\" \/>\n\t<meta property=\"og:image:height\" content=\"1631\" \/>\n\t<meta property=\"og:image:type\" content=\"image\/jpeg\" \/>\n<meta name=\"twitter:card\" content=\"summary_large_image\" \/>\n<script type=\"application\/ld+json\" class=\"yoast-schema-graph\">{\"@context\":\"https:\\\/\\\/schema.org\",\"@graph\":[{\"@type\":\"WebPage\",\"@id\":\"https:\\\/\\\/www.namude.lt\\\/objektas\\\/parduodamas-22ha-zemes-sklypas-su-pastatais-utenos-rajone\\\/\",\"url\":\"https:\\\/\\\/www.namude.lt\\\/objektas\\\/parduodamas-22ha-zemes-sklypas-su-pastatais-utenos-rajone\\\/\",\"name\":\"PARDUODAMAS 22HA \u017dEM\u0116S SKLYPAS SU PASTATAIS UTENOS RAJONE - Namud\u0117\",\"isPartOf\":{\"@id\":\"https:\\\/\\\/www.namude.lt\\\/#website\"},\"primaryImageOfPage\":{\"@id\":\"https:\\\/\\\/www.namude.lt\\\/objektas\\\/parduodamas-22ha-zemes-sklypas-su-pastatais-utenos-rajone\\\/#primaryimage\"},\"image\":{\"@id\":\"https:\\\/\\\/www.namude.lt\\\/objektas\\\/parduodamas-22ha-zemes-sklypas-su-pastatais-utenos-rajone\\\/#primaryimage\"},\"thumbnailUrl\":\"https:\\\/\\\/www.namude.lt\\\/wp-content\\\/uploads\\\/2025\\\/08\\\/1-7.jpg\",\"datePublished\":\"2025-08-21T08:57:41+00:00\",\"dateModified\":\"2025-09-09T09:32:50+00:00\",\"breadcrumb\":{\"@id\":\"https:\\\/\\\/www.namude.lt\\\/objektas\\\/parduodamas-22ha-zemes-sklypas-su-pastatais-utenos-rajone\\\/#breadcrumb\"},\"inLanguage\":\"ru-RU\",\"potentialAction\":[{\"@type\":\"ReadAction\",\"target\":[\"https:\\\/\\\/www.namude.lt\\\/objektas\\\/parduodamas-22ha-zemes-sklypas-su-pastatais-utenos-rajone\\\/\"]}]},{\"@type\":\"ImageObject\",\"inLanguage\":\"ru-RU\",\"@id\":\"https:\\\/\\\/www.namude.lt\\\/objektas\\\/parduodamas-22ha-zemes-sklypas-su-pastatais-utenos-rajone\\\/#primaryimage\",\"url\":\"https:\\\/\\\/www.namude.lt\\\/wp-content\\\/uploads\\\/2025\\\/08\\\/1-7.jpg\",\"contentUrl\":\"https:\\\/\\\/www.namude.lt\\\/wp-content\\\/uploads\\\/2025\\\/08\\\/1-7.jpg\",\"width\":2500,\"height\":1631,\"caption\":\"default\"},{\"@type\":\"BreadcrumbList\",\"@id\":\"https:\\\/\\\/www.namude.lt\\\/objektas\\\/parduodamas-22ha-zemes-sklypas-su-pastatais-utenos-rajone\\\/#breadcrumb\",\"itemListElement\":[{\"@type\":\"ListItem\",\"position\":1,\"name\":\"Home\",\"item\":\"https:\\\/\\\/www.namude.lt\\\/ru\\\/\"},{\"@type\":\"ListItem\",\"position\":2,\"name\":\"\u041e\u0431\u044a\u0435\u043a\u0442\u044b\",\"item\":\"https:\\\/\\\/www.namude.lt\\\/ru\\\/%d0%be%d0%b1%d1%8a%d0%b5%d0%ba%d1%82%d1%8b\\\/\"},{\"@type\":\"ListItem\",\"position\":3,\"name\":\"PARDUODAMAS 22HA \u017dEM\u0116S SKLYPAS SU PASTATAIS UTENOS RAJONE\"}]},{\"@type\":\"WebSite\",\"@id\":\"https:\\\/\\\/www.namude.lt\\\/#website\",\"url\":\"https:\\\/\\\/www.namude.lt\\\/\",\"name\":\"Namud\u0117\",\"description\":\"\u201eNamud\u0117\u201c \u2013 agent\u016bra, pardavin\u0117janti Auk\u0161taitijos NT grynuolius.\",\"publisher\":{\"@id\":\"https:\\\/\\\/www.namude.lt\\\/#organization\"},\"potentialAction\":[{\"@type\":\"SearchAction\",\"target\":{\"@type\":\"EntryPoint\",\"urlTemplate\":\"https:\\\/\\\/www.namude.lt\\\/?s={search_term_string}\"},\"query-input\":{\"@type\":\"PropertyValueSpecification\",\"valueRequired\":true,\"valueName\":\"search_term_string\"}}],\"inLanguage\":\"ru-RU\"},{\"@type\":\"Organization\",\"@id\":\"https:\\\/\\\/www.namude.lt\\\/#organization\",\"name\":\"Namud\u0117\",\"url\":\"https:\\\/\\\/www.namude.lt\\\/\",\"logo\":{\"@type\":\"ImageObject\",\"inLanguage\":\"ru-RU\",\"@id\":\"https:\\\/\\\/www.namude.lt\\\/#\\\/schema\\\/logo\\\/image\\\/\",\"url\":\"https:\\\/\\\/www.namude.lt\\\/wp-content\\\/uploads\\\/2023\\\/11\\\/logo-symbol.svg\",\"contentUrl\":\"https:\\\/\\\/www.namude.lt\\\/wp-content\\\/uploads\\\/2023\\\/11\\\/logo-symbol.svg\",\"width\":1,\"height\":1,\"caption\":\"Namud\u0117\"},\"image\":{\"@id\":\"https:\\\/\\\/www.namude.lt\\\/#\\\/schema\\\/logo\\\/image\\\/\"}}]}<\/script>\n<!-- \/ Yoast SEO plugin. -->","yoast_head_json":{"title":"PARDUODAMAS 22HA \u017dEM\u0116S SKLYPAS SU PASTATAIS UTENOS RAJONE - Namud\u0117","robots":{"index":"index","follow":"follow","max-snippet":"max-snippet:-1","max-image-preview":"max-image-preview:large","max-video-preview":"max-video-preview:-1"},"canonical":"https:\/\/www.namude.lt\/objektas\/parduodamas-22ha-zemes-sklypas-su-pastatais-utenos-rajone\/","og_locale":"ru_RU","og_type":"article","og_title":"PARDUODAMAS 22HA \u017dEM\u0116S SKLYPAS SU PASTATAIS UTENOS RAJONE - Namud\u0117","og_description":"\u0160alia Daugaili\u0173 miestelio, Purvini\u0161k\u0117s kaime parduodamas 22,5ha \u017eem\u0117s sklypas su pastatais, i\u0161 j\u0173 10ha mi\u0161ko. Sklypas puikiai tinkamas tiek \u016bkin\u0117s veiklos pl\u0117tojimui, tiek \u016bkininko sodybos \u012frengimui. Patogus priva\u017eiavimas, atstumai iki Daugaili\u0173 2km, Salakas 19km, Utena 20km, Dusetos 21km, Zaras\u0173 34km. Koordinat\u0117s : maps.lt \u2013 55.586931, 25.863980 Kvie\u010diame ap\u017ei\u016br\u0117ti ir \u012fvertinti \u0161i\u0105 vieta patiems! Lauksime atvykstant ir savaitgaliais!","og_url":"https:\/\/www.namude.lt\/objektas\/parduodamas-22ha-zemes-sklypas-su-pastatais-utenos-rajone\/","og_site_name":"Namud\u0117","article_modified_time":"2025-09-09T09:32:50+00:00","og_image":[{"width":2500,"height":1631,"url":"https:\/\/www.namude.lt\/wp-content\/uploads\/2025\/08\/1-7.jpg","type":"image\/jpeg"}],"twitter_card":"summary_large_image","schema":{"@context":"https:\/\/schema.org","@graph":[{"@type":"WebPage","@id":"https:\/\/www.namude.lt\/objektas\/parduodamas-22ha-zemes-sklypas-su-pastatais-utenos-rajone\/","url":"https:\/\/www.namude.lt\/objektas\/parduodamas-22ha-zemes-sklypas-su-pastatais-utenos-rajone\/","name":"PARDUODAMAS 22HA \u017dEM\u0116S SKLYPAS SU PASTATAIS UTENOS RAJONE - Namud\u0117","isPartOf":{"@id":"https:\/\/www.namude.lt\/#website"},"primaryImageOfPage":{"@id":"https:\/\/www.namude.lt\/objektas\/parduodamas-22ha-zemes-sklypas-su-pastatais-utenos-rajone\/#primaryimage"},"image":{"@id":"https:\/\/www.namude.lt\/objektas\/parduodamas-22ha-zemes-sklypas-su-pastatais-utenos-rajone\/#primaryimage"},"thumbnailUrl":"https:\/\/www.namude.lt\/wp-content\/uploads\/2025\/08\/1-7.jpg","datePublished":"2025-08-21T08:57:41+00:00","dateModified":"2025-09-09T09:32:50+00:00","breadcrumb":{"@id":"https:\/\/www.namude.lt\/objektas\/parduodamas-22ha-zemes-sklypas-su-pastatais-utenos-rajone\/#breadcrumb"},"inLanguage":"ru-RU","potentialAction":[{"@type":"ReadAction","target":["https:\/\/www.namude.lt\/objektas\/parduodamas-22ha-zemes-sklypas-su-pastatais-utenos-rajone\/"]}]},{"@type":"ImageObject","inLanguage":"ru-RU","@id":"https:\/\/www.namude.lt\/objektas\/parduodamas-22ha-zemes-sklypas-su-pastatais-utenos-rajone\/#primaryimage","url":"https:\/\/www.namude.lt\/wp-content\/uploads\/2025\/08\/1-7.jpg","contentUrl":"https:\/\/www.namude.lt\/wp-content\/uploads\/2025\/08\/1-7.jpg","width":2500,"height":1631,"caption":"default"},{"@type":"BreadcrumbList","@id":"https:\/\/www.namude.lt\/objektas\/parduodamas-22ha-zemes-sklypas-su-pastatais-utenos-rajone\/#breadcrumb","itemListElement":[{"@type":"ListItem","position":1,"name":"Home","item":"https:\/\/www.namude.lt\/ru\/"},{"@type":"ListItem","position":2,"name":"\u041e\u0431\u044a\u0435\u043a\u0442\u044b","item":"https:\/\/www.namude.lt\/ru\/%d0%be%d0%b1%d1%8a%d0%b5%d0%ba%d1%82%d1%8b\/"},{"@type":"ListItem","position":3,"name":"PARDUODAMAS 22HA \u017dEM\u0116S SKLYPAS SU PASTATAIS UTENOS RAJONE"}]},{"@type":"WebSite","@id":"https:\/\/www.namude.lt\/#website","url":"https:\/\/www.namude.lt\/","name":"Namud\u0117","description":"\u201eNamud\u0117\u201c \u2013 agent\u016bra, pardavin\u0117janti Auk\u0161taitijos NT grynuolius.","publisher":{"@id":"https:\/\/www.namude.lt\/#organization"},"potentialAction":[{"@type":"SearchAction","target":{"@type":"EntryPoint","urlTemplate":"https:\/\/www.namude.lt\/?s={search_term_string}"},"query-input":{"@type":"PropertyValueSpecification","valueRequired":true,"valueName":"search_term_string"}}],"inLanguage":"ru-RU"},{"@type":"Organization","@id":"https:\/\/www.namude.lt\/#organization","name":"Namud\u0117","url":"https:\/\/www.namude.lt\/","logo":{"@type":"ImageObject","inLanguage":"ru-RU","@id":"https:\/\/www.namude.lt\/#\/schema\/logo\/image\/","url":"https:\/\/www.namude.lt\/wp-content\/uploads\/2023\/11\/logo-symbol.svg","contentUrl":"https:\/\/www.namude.lt\/wp-content\/uploads\/2023\/11\/logo-symbol.svg","width":1,"height":1,"caption":"Namud\u0117"},"image":{"@id":"https:\/\/www.namude.lt\/#\/schema\/logo\/image\/"}}]}},"_links":{"self":[{"href":"https:\/\/www.namude.lt\/ru\/wp-json\/wp\/v2\/product\/21661","targetHints":{"allow":["GET"]}}],"collection":[{"href":"https:\/\/www.namude.lt\/ru\/wp-json\/wp\/v2\/product"}],"about":[{"href":"https:\/\/www.namude.lt\/ru\/wp-json\/wp\/v2\/types\/product"}],"wp:featuredmedia":[{"embeddable":true,"href":"https:\/\/www.namude.lt\/ru\/wp-json\/wp\/v2\/media\/21662"}],"wp:attachment":[{"href":"https:\/\/www.namude.lt\/ru\/wp-json\/wp\/v2\/media?parent=21661"}],"wp:term":[{"taxonomy":"product_brand","embeddable":true,"href":"https:\/\/www.namude.lt\/ru\/wp-json\/wp\/v2\/product_brand?post=21661"},{"taxonomy":"product_cat","embeddable":true,"href":"https:\/\/www.namude.lt\/ru\/wp-json\/wp\/v2\/product_cat?post=21661"},{"taxonomy":"product_tag","embeddable":true,"href":"https:\/\/www.namude.lt\/ru\/wp-json\/wp\/v2\/product_tag?post=21661"}],"curies":[{"name":"wp","href":"https:\/\/api.w.org\/{rel}","templated":true}]}}