{"id":21076,"date":"2025-08-04T13:13:15","date_gmt":"2025-08-04T10:13:15","guid":{"rendered":"https:\/\/www.namude.lt\/?post_type=product&#038;p=21076"},"modified":"2025-10-06T11:10:57","modified_gmt":"2025-10-06T08:10:57","slug":"parduodamas-su-daliniais-patogumais-3-kambariu-butas-2-ame-aukste-is-dvieju-svencioniu-rajone-svencioneliu-miesto-centre","status":"publish","type":"product","link":"https:\/\/www.namude.lt\/ru\/\u043e\u0431\u044a\u0435\u043a\u0442\/parduodamas-su-daliniais-patogumais-3-kambariu-butas-2-ame-aukste-is-dvieju-svencioniu-rajone-svencioneliu-miesto-centre\/","title":{"rendered":"Parduodamas su daliniais patogumais 3 kambari\u0173 butas 2- ame auk\u0161te (i\u0161 dviej\u0173) \u0160ven\u010dioni\u0173 rajone, \u0160ven\u010dion\u0117li\u0173 miesto centre."},"content":{"rendered":"","protected":false},"excerpt":{"rendered":"<p><strong>Bendras naudingas plotas \u2013 42.63 kv. m. \u0160ildymas krosnimis.<\/strong><a href=\"https:\/\/www.namude.lt\/kategorija\/butai\/?filter_rajonas=svencioniu-rajonas&amp;query_type_rajonas=or\"><\/a> Komunalinis vandentiekis ir nuotek\u0173 \u0161alinimas. Taip pat priklauso dalis \u016bkinio pastato malkoms susid\u0117ti. Auk\u0161tos lubos. Kadangi butas randasi pa\u010diame miesto centre, tai viskas yra vietoje: visos parduotuv\u0117s, gele\u017einkelio ir autobus\u0173 stotys, turgus, vaistin\u0117, poliklinika, seni\u016bnija, kult\u016bros centras, vaik\u0173 \u017eaidimo aik\u0161tel\u0117s ir taip toliau. Taip pat \u0161alia yra puiki gamta: \u017deimenos up\u0117 (prateka per \u0160ven\u010dion\u0117lius), u\u017e kurios prasideda Labanoro regioninio parko mi\u0161kai ir e\u017eerai. Puikus susisiekimas gele\u017einkeliu ir asfaltuotais keliais. Labai gera vieta ir butas gyvenimo prad\u017eiai.<\/p>\n","protected":false},"featured_media":21078,"template":"","meta":{"_acf_changed":false},"product_brand":[],"product_cat":[27],"product_tag":[],"class_list":{"0":"post-21076","1":"product","2":"type-product","3":"status-publish","4":"has-post-thumbnail","6":"product_cat-butai","7":"pa_rajonas-svencioniu-rajonas","8":"description-off","10":"first","11":"instock","12":"sale","13":"shipping-taxable","14":"purchasable","15":"product-type-simple"},"acf":[],"yoast_head":"<!-- This site is optimized with the Yoast SEO plugin v27.0 - https:\/\/yoast.com\/product\/yoast-seo-wordpress\/ -->\n<title>Parduodamas su daliniais patogumais 3 kambari\u0173 butas 2- ame auk\u0161te (i\u0161 dviej\u0173) \u0160ven\u010dioni\u0173 rajone, \u0160ven\u010dion\u0117li\u0173 miesto centre. - Namud\u0117<\/title>\n<meta name=\"robots\" content=\"index, follow, max-snippet:-1, max-image-preview:large, max-video-preview:-1\" \/>\n<link rel=\"canonical\" href=\"https:\/\/www.namude.lt\/objektas\/parduodamas-su-daliniais-patogumais-3-kambariu-butas-2-ame-aukste-is-dvieju-svencioniu-rajone-svencioneliu-miesto-centre\/\" \/>\n<meta property=\"og:locale\" content=\"ru_RU\" \/>\n<meta property=\"og:type\" content=\"article\" \/>\n<meta property=\"og:title\" content=\"Parduodamas su daliniais patogumais 3 kambari\u0173 butas 2- ame auk\u0161te (i\u0161 dviej\u0173) \u0160ven\u010dioni\u0173 rajone, \u0160ven\u010dion\u0117li\u0173 miesto centre. - Namud\u0117\" \/>\n<meta property=\"og:description\" content=\"Bendras naudingas plotas \u2013 42.63 kv. m. \u0160ildymas krosnimis. Komunalinis vandentiekis ir nuotek\u0173 \u0161alinimas. Taip pat priklauso dalis \u016bkinio pastato malkoms susid\u0117ti. Auk\u0161tos lubos. Kadangi butas randasi pa\u010diame miesto centre, tai viskas yra vietoje: visos parduotuv\u0117s, gele\u017einkelio ir autobus\u0173 stotys, turgus, vaistin\u0117, poliklinika, seni\u016bnija, kult\u016bros centras, vaik\u0173 \u017eaidimo aik\u0161tel\u0117s ir taip toliau. Taip pat \u0161alia yra puiki gamta: \u017deimenos up\u0117 (prateka per \u0160ven\u010dion\u0117lius), u\u017e kurios prasideda Labanoro regioninio parko mi\u0161kai ir e\u017eerai. Puikus susisiekimas gele\u017einkeliu ir asfaltuotais keliais. Labai gera vieta ir butas gyvenimo prad\u017eiai.\" \/>\n<meta property=\"og:url\" content=\"https:\/\/www.namude.lt\/objektas\/parduodamas-su-daliniais-patogumais-3-kambariu-butas-2-ame-aukste-is-dvieju-svencioniu-rajone-svencioneliu-miesto-centre\/\" \/>\n<meta property=\"og:site_name\" content=\"Namud\u0117\" \/>\n<meta property=\"article:modified_time\" content=\"2025-10-06T08:10:57+00:00\" \/>\n<meta property=\"og:image\" content=\"https:\/\/www.namude.lt\/wp-content\/uploads\/2025\/08\/1.jpg\" \/>\n\t<meta property=\"og:image:width\" content=\"800\" \/>\n\t<meta property=\"og:image:height\" content=\"600\" \/>\n\t<meta property=\"og:image:type\" content=\"image\/jpeg\" \/>\n<meta name=\"twitter:card\" content=\"summary_large_image\" \/>\n<script type=\"application\/ld+json\" class=\"yoast-schema-graph\">{\"@context\":\"https:\/\/schema.org\",\"@graph\":[{\"@type\":\"WebPage\",\"@id\":\"https:\/\/www.namude.lt\/objektas\/parduodamas-su-daliniais-patogumais-3-kambariu-butas-2-ame-aukste-is-dvieju-svencioniu-rajone-svencioneliu-miesto-centre\/\",\"url\":\"https:\/\/www.namude.lt\/objektas\/parduodamas-su-daliniais-patogumais-3-kambariu-butas-2-ame-aukste-is-dvieju-svencioniu-rajone-svencioneliu-miesto-centre\/\",\"name\":\"Parduodamas su daliniais patogumais 3 kambari\u0173 butas 2- ame auk\u0161te (i\u0161 dviej\u0173) \u0160ven\u010dioni\u0173 rajone, \u0160ven\u010dion\u0117li\u0173 miesto centre. - Namud\u0117\",\"isPartOf\":{\"@id\":\"https:\/\/www.namude.lt\/#website\"},\"primaryImageOfPage\":{\"@id\":\"https:\/\/www.namude.lt\/objektas\/parduodamas-su-daliniais-patogumais-3-kambariu-butas-2-ame-aukste-is-dvieju-svencioniu-rajone-svencioneliu-miesto-centre\/#primaryimage\"},\"image\":{\"@id\":\"https:\/\/www.namude.lt\/objektas\/parduodamas-su-daliniais-patogumais-3-kambariu-butas-2-ame-aukste-is-dvieju-svencioniu-rajone-svencioneliu-miesto-centre\/#primaryimage\"},\"thumbnailUrl\":\"https:\/\/www.namude.lt\/wp-content\/uploads\/2025\/08\/1.jpg\",\"datePublished\":\"2025-08-04T10:13:15+00:00\",\"dateModified\":\"2025-10-06T08:10:57+00:00\",\"breadcrumb\":{\"@id\":\"https:\/\/www.namude.lt\/objektas\/parduodamas-su-daliniais-patogumais-3-kambariu-butas-2-ame-aukste-is-dvieju-svencioniu-rajone-svencioneliu-miesto-centre\/#breadcrumb\"},\"inLanguage\":\"ru-RU\",\"potentialAction\":[{\"@type\":\"ReadAction\",\"target\":[\"https:\/\/www.namude.lt\/objektas\/parduodamas-su-daliniais-patogumais-3-kambariu-butas-2-ame-aukste-is-dvieju-svencioniu-rajone-svencioneliu-miesto-centre\/\"]}]},{\"@type\":\"ImageObject\",\"inLanguage\":\"ru-RU\",\"@id\":\"https:\/\/www.namude.lt\/objektas\/parduodamas-su-daliniais-patogumais-3-kambariu-butas-2-ame-aukste-is-dvieju-svencioniu-rajone-svencioneliu-miesto-centre\/#primaryimage\",\"url\":\"https:\/\/www.namude.lt\/wp-content\/uploads\/2025\/08\/1.jpg\",\"contentUrl\":\"https:\/\/www.namude.lt\/wp-content\/uploads\/2025\/08\/1.jpg\",\"width\":800,\"height\":600},{\"@type\":\"BreadcrumbList\",\"@id\":\"https:\/\/www.namude.lt\/objektas\/parduodamas-su-daliniais-patogumais-3-kambariu-butas-2-ame-aukste-is-dvieju-svencioniu-rajone-svencioneliu-miesto-centre\/#breadcrumb\",\"itemListElement\":[{\"@type\":\"ListItem\",\"position\":1,\"name\":\"Home\",\"item\":\"https:\/\/www.namude.lt\/ru\/\"},{\"@type\":\"ListItem\",\"position\":2,\"name\":\"\u041e\u0431\u044a\u0435\u043a\u0442\u044b\",\"item\":\"https:\/\/www.namude.lt\/ru\/%d0%be%d0%b1%d1%8a%d0%b5%d0%ba%d1%82%d1%8b\/\"},{\"@type\":\"ListItem\",\"position\":3,\"name\":\"Parduodamas su daliniais patogumais 3 kambari\u0173 butas 2- ame auk\u0161te (i\u0161 dviej\u0173) \u0160ven\u010dioni\u0173 rajone, \u0160ven\u010dion\u0117li\u0173 miesto centre.\"}]},{\"@type\":\"WebSite\",\"@id\":\"https:\/\/www.namude.lt\/#website\",\"url\":\"https:\/\/www.namude.lt\/\",\"name\":\"Namud\u0117\",\"description\":\"\u201eNamud\u0117\u201c \u2013 agent\u016bra, pardavin\u0117janti Auk\u0161taitijos NT grynuolius.\",\"publisher\":{\"@id\":\"https:\/\/www.namude.lt\/#organization\"},\"potentialAction\":[{\"@type\":\"SearchAction\",\"target\":{\"@type\":\"EntryPoint\",\"urlTemplate\":\"https:\/\/www.namude.lt\/?s={search_term_string}\"},\"query-input\":{\"@type\":\"PropertyValueSpecification\",\"valueRequired\":true,\"valueName\":\"search_term_string\"}}],\"inLanguage\":\"ru-RU\"},{\"@type\":\"Organization\",\"@id\":\"https:\/\/www.namude.lt\/#organization\",\"name\":\"Namud\u0117\",\"url\":\"https:\/\/www.namude.lt\/\",\"logo\":{\"@type\":\"ImageObject\",\"inLanguage\":\"ru-RU\",\"@id\":\"https:\/\/www.namude.lt\/#\/schema\/logo\/image\/\",\"url\":\"https:\/\/www.namude.lt\/wp-content\/uploads\/2023\/11\/logo-symbol.svg\",\"contentUrl\":\"https:\/\/www.namude.lt\/wp-content\/uploads\/2023\/11\/logo-symbol.svg\",\"width\":1,\"height\":1,\"caption\":\"Namud\u0117\"},\"image\":{\"@id\":\"https:\/\/www.namude.lt\/#\/schema\/logo\/image\/\"}}]}<\/script>\n<!-- \/ Yoast SEO plugin. -->","yoast_head_json":{"title":"Parduodamas su daliniais patogumais 3 kambari\u0173 butas 2- ame auk\u0161te (i\u0161 dviej\u0173) \u0160ven\u010dioni\u0173 rajone, \u0160ven\u010dion\u0117li\u0173 miesto centre. - Namud\u0117","robots":{"index":"index","follow":"follow","max-snippet":"max-snippet:-1","max-image-preview":"max-image-preview:large","max-video-preview":"max-video-preview:-1"},"canonical":"https:\/\/www.namude.lt\/objektas\/parduodamas-su-daliniais-patogumais-3-kambariu-butas-2-ame-aukste-is-dvieju-svencioniu-rajone-svencioneliu-miesto-centre\/","og_locale":"ru_RU","og_type":"article","og_title":"Parduodamas su daliniais patogumais 3 kambari\u0173 butas 2- ame auk\u0161te (i\u0161 dviej\u0173) \u0160ven\u010dioni\u0173 rajone, \u0160ven\u010dion\u0117li\u0173 miesto centre. - Namud\u0117","og_description":"Bendras naudingas plotas \u2013 42.63 kv. m. \u0160ildymas krosnimis. Komunalinis vandentiekis ir nuotek\u0173 \u0161alinimas. Taip pat priklauso dalis \u016bkinio pastato malkoms susid\u0117ti. Auk\u0161tos lubos. Kadangi butas randasi pa\u010diame miesto centre, tai viskas yra vietoje: visos parduotuv\u0117s, gele\u017einkelio ir autobus\u0173 stotys, turgus, vaistin\u0117, poliklinika, seni\u016bnija, kult\u016bros centras, vaik\u0173 \u017eaidimo aik\u0161tel\u0117s ir taip toliau. Taip pat \u0161alia yra puiki gamta: \u017deimenos up\u0117 (prateka per \u0160ven\u010dion\u0117lius), u\u017e kurios prasideda Labanoro regioninio parko mi\u0161kai ir e\u017eerai. Puikus susisiekimas gele\u017einkeliu ir asfaltuotais keliais. Labai gera vieta ir butas gyvenimo prad\u017eiai.","og_url":"https:\/\/www.namude.lt\/objektas\/parduodamas-su-daliniais-patogumais-3-kambariu-butas-2-ame-aukste-is-dvieju-svencioniu-rajone-svencioneliu-miesto-centre\/","og_site_name":"Namud\u0117","article_modified_time":"2025-10-06T08:10:57+00:00","og_image":[{"width":800,"height":600,"url":"https:\/\/www.namude.lt\/wp-content\/uploads\/2025\/08\/1.jpg","type":"image\/jpeg"}],"twitter_card":"summary_large_image","schema":{"@context":"https:\/\/schema.org","@graph":[{"@type":"WebPage","@id":"https:\/\/www.namude.lt\/objektas\/parduodamas-su-daliniais-patogumais-3-kambariu-butas-2-ame-aukste-is-dvieju-svencioniu-rajone-svencioneliu-miesto-centre\/","url":"https:\/\/www.namude.lt\/objektas\/parduodamas-su-daliniais-patogumais-3-kambariu-butas-2-ame-aukste-is-dvieju-svencioniu-rajone-svencioneliu-miesto-centre\/","name":"Parduodamas su daliniais patogumais 3 kambari\u0173 butas 2- ame auk\u0161te (i\u0161 dviej\u0173) \u0160ven\u010dioni\u0173 rajone, \u0160ven\u010dion\u0117li\u0173 miesto centre. - Namud\u0117","isPartOf":{"@id":"https:\/\/www.namude.lt\/#website"},"primaryImageOfPage":{"@id":"https:\/\/www.namude.lt\/objektas\/parduodamas-su-daliniais-patogumais-3-kambariu-butas-2-ame-aukste-is-dvieju-svencioniu-rajone-svencioneliu-miesto-centre\/#primaryimage"},"image":{"@id":"https:\/\/www.namude.lt\/objektas\/parduodamas-su-daliniais-patogumais-3-kambariu-butas-2-ame-aukste-is-dvieju-svencioniu-rajone-svencioneliu-miesto-centre\/#primaryimage"},"thumbnailUrl":"https:\/\/www.namude.lt\/wp-content\/uploads\/2025\/08\/1.jpg","datePublished":"2025-08-04T10:13:15+00:00","dateModified":"2025-10-06T08:10:57+00:00","breadcrumb":{"@id":"https:\/\/www.namude.lt\/objektas\/parduodamas-su-daliniais-patogumais-3-kambariu-butas-2-ame-aukste-is-dvieju-svencioniu-rajone-svencioneliu-miesto-centre\/#breadcrumb"},"inLanguage":"ru-RU","potentialAction":[{"@type":"ReadAction","target":["https:\/\/www.namude.lt\/objektas\/parduodamas-su-daliniais-patogumais-3-kambariu-butas-2-ame-aukste-is-dvieju-svencioniu-rajone-svencioneliu-miesto-centre\/"]}]},{"@type":"ImageObject","inLanguage":"ru-RU","@id":"https:\/\/www.namude.lt\/objektas\/parduodamas-su-daliniais-patogumais-3-kambariu-butas-2-ame-aukste-is-dvieju-svencioniu-rajone-svencioneliu-miesto-centre\/#primaryimage","url":"https:\/\/www.namude.lt\/wp-content\/uploads\/2025\/08\/1.jpg","contentUrl":"https:\/\/www.namude.lt\/wp-content\/uploads\/2025\/08\/1.jpg","width":800,"height":600},{"@type":"BreadcrumbList","@id":"https:\/\/www.namude.lt\/objektas\/parduodamas-su-daliniais-patogumais-3-kambariu-butas-2-ame-aukste-is-dvieju-svencioniu-rajone-svencioneliu-miesto-centre\/#breadcrumb","itemListElement":[{"@type":"ListItem","position":1,"name":"Home","item":"https:\/\/www.namude.lt\/ru\/"},{"@type":"ListItem","position":2,"name":"\u041e\u0431\u044a\u0435\u043a\u0442\u044b","item":"https:\/\/www.namude.lt\/ru\/%d0%be%d0%b1%d1%8a%d0%b5%d0%ba%d1%82%d1%8b\/"},{"@type":"ListItem","position":3,"name":"Parduodamas su daliniais patogumais 3 kambari\u0173 butas 2- ame auk\u0161te (i\u0161 dviej\u0173) \u0160ven\u010dioni\u0173 rajone, \u0160ven\u010dion\u0117li\u0173 miesto centre."}]},{"@type":"WebSite","@id":"https:\/\/www.namude.lt\/#website","url":"https:\/\/www.namude.lt\/","name":"Namud\u0117","description":"\u201eNamud\u0117\u201c \u2013 agent\u016bra, pardavin\u0117janti Auk\u0161taitijos NT grynuolius.","publisher":{"@id":"https:\/\/www.namude.lt\/#organization"},"potentialAction":[{"@type":"SearchAction","target":{"@type":"EntryPoint","urlTemplate":"https:\/\/www.namude.lt\/?s={search_term_string}"},"query-input":{"@type":"PropertyValueSpecification","valueRequired":true,"valueName":"search_term_string"}}],"inLanguage":"ru-RU"},{"@type":"Organization","@id":"https:\/\/www.namude.lt\/#organization","name":"Namud\u0117","url":"https:\/\/www.namude.lt\/","logo":{"@type":"ImageObject","inLanguage":"ru-RU","@id":"https:\/\/www.namude.lt\/#\/schema\/logo\/image\/","url":"https:\/\/www.namude.lt\/wp-content\/uploads\/2023\/11\/logo-symbol.svg","contentUrl":"https:\/\/www.namude.lt\/wp-content\/uploads\/2023\/11\/logo-symbol.svg","width":1,"height":1,"caption":"Namud\u0117"},"image":{"@id":"https:\/\/www.namude.lt\/#\/schema\/logo\/image\/"}}]}},"_links":{"self":[{"href":"https:\/\/www.namude.lt\/ru\/wp-json\/wp\/v2\/product\/21076","targetHints":{"allow":["GET"]}}],"collection":[{"href":"https:\/\/www.namude.lt\/ru\/wp-json\/wp\/v2\/product"}],"about":[{"href":"https:\/\/www.namude.lt\/ru\/wp-json\/wp\/v2\/types\/product"}],"wp:featuredmedia":[{"embeddable":true,"href":"https:\/\/www.namude.lt\/ru\/wp-json\/wp\/v2\/media\/21078"}],"wp:attachment":[{"href":"https:\/\/www.namude.lt\/ru\/wp-json\/wp\/v2\/media?parent=21076"}],"wp:term":[{"taxonomy":"product_brand","embeddable":true,"href":"https:\/\/www.namude.lt\/ru\/wp-json\/wp\/v2\/product_brand?post=21076"},{"taxonomy":"product_cat","embeddable":true,"href":"https:\/\/www.namude.lt\/ru\/wp-json\/wp\/v2\/product_cat?post=21076"},{"taxonomy":"product_tag","embeddable":true,"href":"https:\/\/www.namude.lt\/ru\/wp-json\/wp\/v2\/product_tag?post=21076"}],"curies":[{"name":"wp","href":"https:\/\/api.w.org\/{rel}","templated":true}]}}