{"id":20633,"date":"2025-07-18T09:25:56","date_gmt":"2025-07-18T06:25:56","guid":{"rendered":"https:\/\/www.namude.lt\/?post_type=product&#038;p=20633"},"modified":"2025-10-08T13:22:07","modified_gmt":"2025-10-08T10:22:07","slug":"parduodamas-3-kambariu-butas-svencioniu-rajone-karkaziskes-kaime-apie-4-km-nuo-pabrades-apie-50-km-nuo-vilniaus","status":"publish","type":"product","link":"https:\/\/www.namude.lt\/ru\/\u043e\u0431\u044a\u0435\u043a\u0442\/parduodamas-3-kambariu-butas-svencioniu-rajone-karkaziskes-kaime-apie-4-km-nuo-pabrades-apie-50-km-nuo-vilniaus\/","title":{"rendered":"Parduodamas 3 kambari\u0173 butas \u0160ven\u010dioni\u0173 rajone, Karka\u017ei\u0161k\u0117s kaime, apie 4 km nuo Pabrad\u0117s, apie 50 km nuo Vilniaus."},"content":{"rendered":"","protected":false},"excerpt":{"rendered":"<p><strong>Butas yra labai ramioje vietoje, apie 0.5 km iki Karka\u017ei\u0161k\u0117s vaizdingo tvenkinio.<\/strong><a href=\"https:\/\/www.namude.lt\/kategorija\/butai\/?filter_rajonas=svencioniu-rajonas&amp;query_type_rajonas=or\"><\/a> Kaim\u0105 supa mi\u0161kai. Puikus priva\u017eiavimas visais met\u0173 laikais asfaltuotu keliu. Netoliese vie\u0161ojo transporto stotel\u0117 (apie 0.3 km), parduotuv\u0117 (apie 0.35 km). Strategi\u0161kai patogioje vietoje, gerai i\u0161planuotas butas, tiks kiekvienam norin\u010diam \u010dia gyventi ar ils\u0117tis.<br \/>\nPrivalumai:<br \/>\n&#8212;\tBendras plotas \u2013 59.42 kv. m.<br \/>\n&#8212;\tButas yra m\u016briniam, 1975 m statybos name.<br \/>\n&#8212;\tVandentiekis ir kanalizacija<br \/>\n&#8212;\t\u0160ildymas kietu kuru.<br \/>\n&#8212;\tPirmas auk\u0161tas i\u0161 dviej\u0173<br \/>\n&#8212;\tVonia ir tualetas atskirai<br \/>\n&#8212;\tDidelis balkonas (per du kambarius)<br \/>\n&#8212;\tKambariai nepereinami<br \/>\n&#8212;\tParduodamas su visais baldais (esant poreikiui galima i\u0161ve\u017eti)<br \/>\n&#8212;\tBute pakeisti langai \u012f \u0161iuolaikinius, plastikinius.<br \/>\n&#8212;\tLangai orientuoti \u012f rytus<br \/>\n&#8212;\tPriklauso r\u016bsys po butu<br \/>\n&#8212;\t\u0160alia automobili\u0173 parkavimo aik\u0161tel\u0117<br \/>\n&#8212;\tTaip pat priklauso kieme malkin\u0117 (su malkomis), tvartas, du \u017eem\u0117s plotai sodui ir dar\u017eui.<br \/>\n&#8212;\tPri\u017ei\u016br\u0117ta ir sutvarkyta aplinka.<\/p>\n<p>Kvie\u010diame atvykti ir ap\u017ei\u016br\u0117ti!<\/p>\n","protected":false},"featured_media":20634,"template":"","meta":{"_acf_changed":false},"product_brand":[],"product_cat":[75],"product_tag":[],"class_list":{"0":"post-20633","1":"product","2":"type-product","3":"status-publish","4":"has-post-thumbnail","6":"product_cat-parduota","7":"description-off","9":"first","10":"instock","11":"shipping-taxable","12":"purchasable","13":"product-type-simple"},"acf":[],"yoast_head":"<!-- This site is optimized with the Yoast SEO plugin v27.0 - https:\/\/yoast.com\/product\/yoast-seo-wordpress\/ -->\n<title>Parduodamas 3 kambari\u0173 butas \u0160ven\u010dioni\u0173 rajone, Karka\u017ei\u0161k\u0117s kaime, apie 4 km nuo Pabrad\u0117s, apie 50 km nuo Vilniaus. - Namud\u0117<\/title>\n<meta name=\"robots\" content=\"index, follow, max-snippet:-1, max-image-preview:large, max-video-preview:-1\" \/>\n<link rel=\"canonical\" href=\"https:\/\/www.namude.lt\/objektas\/parduodamas-3-kambariu-butas-svencioniu-rajone-karkaziskes-kaime-apie-4-km-nuo-pabrades-apie-50-km-nuo-vilniaus\/\" \/>\n<meta property=\"og:locale\" content=\"ru_RU\" \/>\n<meta property=\"og:type\" content=\"article\" \/>\n<meta property=\"og:title\" content=\"Parduodamas 3 kambari\u0173 butas \u0160ven\u010dioni\u0173 rajone, Karka\u017ei\u0161k\u0117s kaime, apie 4 km nuo Pabrad\u0117s, apie 50 km nuo Vilniaus. - Namud\u0117\" \/>\n<meta property=\"og:description\" content=\"Butas yra labai ramioje vietoje, apie 0.5 km iki Karka\u017ei\u0161k\u0117s vaizdingo tvenkinio. Kaim\u0105 supa mi\u0161kai. Puikus priva\u017eiavimas visais met\u0173 laikais asfaltuotu keliu. Netoliese vie\u0161ojo transporto stotel\u0117 (apie 0.3 km), parduotuv\u0117 (apie 0.35 km). Strategi\u0161kai patogioje vietoje, gerai i\u0161planuotas butas, tiks kiekvienam norin\u010diam \u010dia gyventi ar ils\u0117tis. Privalumai: - Bendras plotas \u2013 59.42 kv. m. - Butas yra m\u016briniam, 1975 m statybos name. - Vandentiekis ir kanalizacija - \u0160ildymas kietu kuru. - Pirmas auk\u0161tas i\u0161 dviej\u0173 - Vonia ir tualetas atskirai - Didelis balkonas (per du kambarius) - Kambariai nepereinami - Parduodamas su visais baldais (esant poreikiui galima i\u0161ve\u017eti) - Bute pakeisti langai \u012f \u0161iuolaikinius, plastikinius. - Langai orientuoti \u012f rytus - Priklauso r\u016bsys po butu - \u0160alia automobili\u0173 parkavimo aik\u0161tel\u0117 - Taip pat priklauso kieme malkin\u0117 (su malkomis), tvartas, du \u017eem\u0117s plotai sodui ir dar\u017eui. - Pri\u017ei\u016br\u0117ta ir sutvarkyta aplinka.  Kvie\u010diame atvykti ir ap\u017ei\u016br\u0117ti!\" \/>\n<meta property=\"og:url\" content=\"https:\/\/www.namude.lt\/objektas\/parduodamas-3-kambariu-butas-svencioniu-rajone-karkaziskes-kaime-apie-4-km-nuo-pabrades-apie-50-km-nuo-vilniaus\/\" \/>\n<meta property=\"og:site_name\" content=\"Namud\u0117\" \/>\n<meta property=\"article:modified_time\" content=\"2025-10-08T10:22:07+00:00\" \/>\n<meta property=\"og:image\" content=\"https:\/\/www.namude.lt\/wp-content\/uploads\/2025\/07\/1-9.jpg\" \/>\n\t<meta property=\"og:image:width\" content=\"800\" \/>\n\t<meta property=\"og:image:height\" content=\"531\" \/>\n\t<meta property=\"og:image:type\" content=\"image\/jpeg\" \/>\n<meta name=\"twitter:card\" content=\"summary_large_image\" \/>\n<script type=\"application\/ld+json\" class=\"yoast-schema-graph\">{\"@context\":\"https:\/\/schema.org\",\"@graph\":[{\"@type\":\"WebPage\",\"@id\":\"https:\/\/www.namude.lt\/objektas\/parduodamas-3-kambariu-butas-svencioniu-rajone-karkaziskes-kaime-apie-4-km-nuo-pabrades-apie-50-km-nuo-vilniaus\/\",\"url\":\"https:\/\/www.namude.lt\/objektas\/parduodamas-3-kambariu-butas-svencioniu-rajone-karkaziskes-kaime-apie-4-km-nuo-pabrades-apie-50-km-nuo-vilniaus\/\",\"name\":\"Parduodamas 3 kambari\u0173 butas \u0160ven\u010dioni\u0173 rajone, Karka\u017ei\u0161k\u0117s kaime, apie 4 km nuo Pabrad\u0117s, apie 50 km nuo Vilniaus. - Namud\u0117\",\"isPartOf\":{\"@id\":\"https:\/\/www.namude.lt\/#website\"},\"primaryImageOfPage\":{\"@id\":\"https:\/\/www.namude.lt\/objektas\/parduodamas-3-kambariu-butas-svencioniu-rajone-karkaziskes-kaime-apie-4-km-nuo-pabrades-apie-50-km-nuo-vilniaus\/#primaryimage\"},\"image\":{\"@id\":\"https:\/\/www.namude.lt\/objektas\/parduodamas-3-kambariu-butas-svencioniu-rajone-karkaziskes-kaime-apie-4-km-nuo-pabrades-apie-50-km-nuo-vilniaus\/#primaryimage\"},\"thumbnailUrl\":\"https:\/\/www.namude.lt\/wp-content\/uploads\/2025\/07\/1-9.jpg\",\"datePublished\":\"2025-07-18T06:25:56+00:00\",\"dateModified\":\"2025-10-08T10:22:07+00:00\",\"breadcrumb\":{\"@id\":\"https:\/\/www.namude.lt\/objektas\/parduodamas-3-kambariu-butas-svencioniu-rajone-karkaziskes-kaime-apie-4-km-nuo-pabrades-apie-50-km-nuo-vilniaus\/#breadcrumb\"},\"inLanguage\":\"ru-RU\",\"potentialAction\":[{\"@type\":\"ReadAction\",\"target\":[\"https:\/\/www.namude.lt\/objektas\/parduodamas-3-kambariu-butas-svencioniu-rajone-karkaziskes-kaime-apie-4-km-nuo-pabrades-apie-50-km-nuo-vilniaus\/\"]}]},{\"@type\":\"ImageObject\",\"inLanguage\":\"ru-RU\",\"@id\":\"https:\/\/www.namude.lt\/objektas\/parduodamas-3-kambariu-butas-svencioniu-rajone-karkaziskes-kaime-apie-4-km-nuo-pabrades-apie-50-km-nuo-vilniaus\/#primaryimage\",\"url\":\"https:\/\/www.namude.lt\/wp-content\/uploads\/2025\/07\/1-9.jpg\",\"contentUrl\":\"https:\/\/www.namude.lt\/wp-content\/uploads\/2025\/07\/1-9.jpg\",\"width\":800,\"height\":531},{\"@type\":\"BreadcrumbList\",\"@id\":\"https:\/\/www.namude.lt\/objektas\/parduodamas-3-kambariu-butas-svencioniu-rajone-karkaziskes-kaime-apie-4-km-nuo-pabrades-apie-50-km-nuo-vilniaus\/#breadcrumb\",\"itemListElement\":[{\"@type\":\"ListItem\",\"position\":1,\"name\":\"Home\",\"item\":\"https:\/\/www.namude.lt\/ru\/\"},{\"@type\":\"ListItem\",\"position\":2,\"name\":\"\u041e\u0431\u044a\u0435\u043a\u0442\u044b\",\"item\":\"https:\/\/www.namude.lt\/ru\/%d0%be%d0%b1%d1%8a%d0%b5%d0%ba%d1%82%d1%8b\/\"},{\"@type\":\"ListItem\",\"position\":3,\"name\":\"Parduodamas 3 kambari\u0173 butas \u0160ven\u010dioni\u0173 rajone, Karka\u017ei\u0161k\u0117s kaime, apie 4 km nuo Pabrad\u0117s, apie 50 km nuo Vilniaus.\"}]},{\"@type\":\"WebSite\",\"@id\":\"https:\/\/www.namude.lt\/#website\",\"url\":\"https:\/\/www.namude.lt\/\",\"name\":\"Namud\u0117\",\"description\":\"\u201eNamud\u0117\u201c \u2013 agent\u016bra, pardavin\u0117janti Auk\u0161taitijos NT grynuolius.\",\"publisher\":{\"@id\":\"https:\/\/www.namude.lt\/#organization\"},\"potentialAction\":[{\"@type\":\"SearchAction\",\"target\":{\"@type\":\"EntryPoint\",\"urlTemplate\":\"https:\/\/www.namude.lt\/?s={search_term_string}\"},\"query-input\":{\"@type\":\"PropertyValueSpecification\",\"valueRequired\":true,\"valueName\":\"search_term_string\"}}],\"inLanguage\":\"ru-RU\"},{\"@type\":\"Organization\",\"@id\":\"https:\/\/www.namude.lt\/#organization\",\"name\":\"Namud\u0117\",\"url\":\"https:\/\/www.namude.lt\/\",\"logo\":{\"@type\":\"ImageObject\",\"inLanguage\":\"ru-RU\",\"@id\":\"https:\/\/www.namude.lt\/#\/schema\/logo\/image\/\",\"url\":\"https:\/\/www.namude.lt\/wp-content\/uploads\/2023\/11\/logo-symbol.svg\",\"contentUrl\":\"https:\/\/www.namude.lt\/wp-content\/uploads\/2023\/11\/logo-symbol.svg\",\"width\":1,\"height\":1,\"caption\":\"Namud\u0117\"},\"image\":{\"@id\":\"https:\/\/www.namude.lt\/#\/schema\/logo\/image\/\"}}]}<\/script>\n<!-- \/ Yoast SEO plugin. -->","yoast_head_json":{"title":"Parduodamas 3 kambari\u0173 butas \u0160ven\u010dioni\u0173 rajone, Karka\u017ei\u0161k\u0117s kaime, apie 4 km nuo Pabrad\u0117s, apie 50 km nuo Vilniaus. - Namud\u0117","robots":{"index":"index","follow":"follow","max-snippet":"max-snippet:-1","max-image-preview":"max-image-preview:large","max-video-preview":"max-video-preview:-1"},"canonical":"https:\/\/www.namude.lt\/objektas\/parduodamas-3-kambariu-butas-svencioniu-rajone-karkaziskes-kaime-apie-4-km-nuo-pabrades-apie-50-km-nuo-vilniaus\/","og_locale":"ru_RU","og_type":"article","og_title":"Parduodamas 3 kambari\u0173 butas \u0160ven\u010dioni\u0173 rajone, Karka\u017ei\u0161k\u0117s kaime, apie 4 km nuo Pabrad\u0117s, apie 50 km nuo Vilniaus. - Namud\u0117","og_description":"Butas yra labai ramioje vietoje, apie 0.5 km iki Karka\u017ei\u0161k\u0117s vaizdingo tvenkinio. Kaim\u0105 supa mi\u0161kai. Puikus priva\u017eiavimas visais met\u0173 laikais asfaltuotu keliu. Netoliese vie\u0161ojo transporto stotel\u0117 (apie 0.3 km), parduotuv\u0117 (apie 0.35 km). Strategi\u0161kai patogioje vietoje, gerai i\u0161planuotas butas, tiks kiekvienam norin\u010diam \u010dia gyventi ar ils\u0117tis. Privalumai: - Bendras plotas \u2013 59.42 kv. m. - Butas yra m\u016briniam, 1975 m statybos name. - Vandentiekis ir kanalizacija - \u0160ildymas kietu kuru. - Pirmas auk\u0161tas i\u0161 dviej\u0173 - Vonia ir tualetas atskirai - Didelis balkonas (per du kambarius) - Kambariai nepereinami - Parduodamas su visais baldais (esant poreikiui galima i\u0161ve\u017eti) - Bute pakeisti langai \u012f \u0161iuolaikinius, plastikinius. - Langai orientuoti \u012f rytus - Priklauso r\u016bsys po butu - \u0160alia automobili\u0173 parkavimo aik\u0161tel\u0117 - Taip pat priklauso kieme malkin\u0117 (su malkomis), tvartas, du \u017eem\u0117s plotai sodui ir dar\u017eui. - Pri\u017ei\u016br\u0117ta ir sutvarkyta aplinka.  Kvie\u010diame atvykti ir ap\u017ei\u016br\u0117ti!","og_url":"https:\/\/www.namude.lt\/objektas\/parduodamas-3-kambariu-butas-svencioniu-rajone-karkaziskes-kaime-apie-4-km-nuo-pabrades-apie-50-km-nuo-vilniaus\/","og_site_name":"Namud\u0117","article_modified_time":"2025-10-08T10:22:07+00:00","og_image":[{"width":800,"height":531,"url":"https:\/\/www.namude.lt\/wp-content\/uploads\/2025\/07\/1-9.jpg","type":"image\/jpeg"}],"twitter_card":"summary_large_image","schema":{"@context":"https:\/\/schema.org","@graph":[{"@type":"WebPage","@id":"https:\/\/www.namude.lt\/objektas\/parduodamas-3-kambariu-butas-svencioniu-rajone-karkaziskes-kaime-apie-4-km-nuo-pabrades-apie-50-km-nuo-vilniaus\/","url":"https:\/\/www.namude.lt\/objektas\/parduodamas-3-kambariu-butas-svencioniu-rajone-karkaziskes-kaime-apie-4-km-nuo-pabrades-apie-50-km-nuo-vilniaus\/","name":"Parduodamas 3 kambari\u0173 butas \u0160ven\u010dioni\u0173 rajone, Karka\u017ei\u0161k\u0117s kaime, apie 4 km nuo Pabrad\u0117s, apie 50 km nuo Vilniaus. - Namud\u0117","isPartOf":{"@id":"https:\/\/www.namude.lt\/#website"},"primaryImageOfPage":{"@id":"https:\/\/www.namude.lt\/objektas\/parduodamas-3-kambariu-butas-svencioniu-rajone-karkaziskes-kaime-apie-4-km-nuo-pabrades-apie-50-km-nuo-vilniaus\/#primaryimage"},"image":{"@id":"https:\/\/www.namude.lt\/objektas\/parduodamas-3-kambariu-butas-svencioniu-rajone-karkaziskes-kaime-apie-4-km-nuo-pabrades-apie-50-km-nuo-vilniaus\/#primaryimage"},"thumbnailUrl":"https:\/\/www.namude.lt\/wp-content\/uploads\/2025\/07\/1-9.jpg","datePublished":"2025-07-18T06:25:56+00:00","dateModified":"2025-10-08T10:22:07+00:00","breadcrumb":{"@id":"https:\/\/www.namude.lt\/objektas\/parduodamas-3-kambariu-butas-svencioniu-rajone-karkaziskes-kaime-apie-4-km-nuo-pabrades-apie-50-km-nuo-vilniaus\/#breadcrumb"},"inLanguage":"ru-RU","potentialAction":[{"@type":"ReadAction","target":["https:\/\/www.namude.lt\/objektas\/parduodamas-3-kambariu-butas-svencioniu-rajone-karkaziskes-kaime-apie-4-km-nuo-pabrades-apie-50-km-nuo-vilniaus\/"]}]},{"@type":"ImageObject","inLanguage":"ru-RU","@id":"https:\/\/www.namude.lt\/objektas\/parduodamas-3-kambariu-butas-svencioniu-rajone-karkaziskes-kaime-apie-4-km-nuo-pabrades-apie-50-km-nuo-vilniaus\/#primaryimage","url":"https:\/\/www.namude.lt\/wp-content\/uploads\/2025\/07\/1-9.jpg","contentUrl":"https:\/\/www.namude.lt\/wp-content\/uploads\/2025\/07\/1-9.jpg","width":800,"height":531},{"@type":"BreadcrumbList","@id":"https:\/\/www.namude.lt\/objektas\/parduodamas-3-kambariu-butas-svencioniu-rajone-karkaziskes-kaime-apie-4-km-nuo-pabrades-apie-50-km-nuo-vilniaus\/#breadcrumb","itemListElement":[{"@type":"ListItem","position":1,"name":"Home","item":"https:\/\/www.namude.lt\/ru\/"},{"@type":"ListItem","position":2,"name":"\u041e\u0431\u044a\u0435\u043a\u0442\u044b","item":"https:\/\/www.namude.lt\/ru\/%d0%be%d0%b1%d1%8a%d0%b5%d0%ba%d1%82%d1%8b\/"},{"@type":"ListItem","position":3,"name":"Parduodamas 3 kambari\u0173 butas \u0160ven\u010dioni\u0173 rajone, Karka\u017ei\u0161k\u0117s kaime, apie 4 km nuo Pabrad\u0117s, apie 50 km nuo Vilniaus."}]},{"@type":"WebSite","@id":"https:\/\/www.namude.lt\/#website","url":"https:\/\/www.namude.lt\/","name":"Namud\u0117","description":"\u201eNamud\u0117\u201c \u2013 agent\u016bra, pardavin\u0117janti Auk\u0161taitijos NT grynuolius.","publisher":{"@id":"https:\/\/www.namude.lt\/#organization"},"potentialAction":[{"@type":"SearchAction","target":{"@type":"EntryPoint","urlTemplate":"https:\/\/www.namude.lt\/?s={search_term_string}"},"query-input":{"@type":"PropertyValueSpecification","valueRequired":true,"valueName":"search_term_string"}}],"inLanguage":"ru-RU"},{"@type":"Organization","@id":"https:\/\/www.namude.lt\/#organization","name":"Namud\u0117","url":"https:\/\/www.namude.lt\/","logo":{"@type":"ImageObject","inLanguage":"ru-RU","@id":"https:\/\/www.namude.lt\/#\/schema\/logo\/image\/","url":"https:\/\/www.namude.lt\/wp-content\/uploads\/2023\/11\/logo-symbol.svg","contentUrl":"https:\/\/www.namude.lt\/wp-content\/uploads\/2023\/11\/logo-symbol.svg","width":1,"height":1,"caption":"Namud\u0117"},"image":{"@id":"https:\/\/www.namude.lt\/#\/schema\/logo\/image\/"}}]}},"_links":{"self":[{"href":"https:\/\/www.namude.lt\/ru\/wp-json\/wp\/v2\/product\/20633","targetHints":{"allow":["GET"]}}],"collection":[{"href":"https:\/\/www.namude.lt\/ru\/wp-json\/wp\/v2\/product"}],"about":[{"href":"https:\/\/www.namude.lt\/ru\/wp-json\/wp\/v2\/types\/product"}],"wp:featuredmedia":[{"embeddable":true,"href":"https:\/\/www.namude.lt\/ru\/wp-json\/wp\/v2\/media\/20634"}],"wp:attachment":[{"href":"https:\/\/www.namude.lt\/ru\/wp-json\/wp\/v2\/media?parent=20633"}],"wp:term":[{"taxonomy":"product_brand","embeddable":true,"href":"https:\/\/www.namude.lt\/ru\/wp-json\/wp\/v2\/product_brand?post=20633"},{"taxonomy":"product_cat","embeddable":true,"href":"https:\/\/www.namude.lt\/ru\/wp-json\/wp\/v2\/product_cat?post=20633"},{"taxonomy":"product_tag","embeddable":true,"href":"https:\/\/www.namude.lt\/ru\/wp-json\/wp\/v2\/product_tag?post=20633"}],"curies":[{"name":"wp","href":"https:\/\/api.w.org\/{rel}","templated":true}]}}