{"id":20188,"date":"2025-07-07T09:30:27","date_gmt":"2025-07-07T06:30:27","guid":{"rendered":"https:\/\/www.namude.lt\/?post_type=product&#038;p=20188"},"modified":"2025-07-07T09:31:51","modified_gmt":"2025-07-07T06:31:51","slug":"utenos-mieste-strategiskai-patogioje-vietoje-parduodamas-3-kambariu-butas-su-kiemu-individualiame-name","status":"publish","type":"product","link":"https:\/\/www.namude.lt\/ru\/\u043e\u0431\u044a\u0435\u043a\u0442\/utenos-mieste-strategiskai-patogioje-vietoje-parduodamas-3-kambariu-butas-su-kiemu-individualiame-name\/","title":{"rendered":"Utenos mieste, strategi\u0161kai patogioje vietoje, parduodamas 3 kambari\u0173 butas su kiemu individualiame name."},"content":{"rendered":"","protected":false},"excerpt":{"rendered":"<p>Parduodama 3 kambari\u0173 butas individuali\u0173 nam\u0173 kvartale, S\u0117li\u0173 g. 15. Strategi\u0161kai patogi viet\u0105, erdvus kiemas. Netoliese yra turgus, mokykla, prekybos centrai.<br \/>\nPRIVALUMAI:<br \/>\n\u2013 Renovuotas r\u0105stinis namas;<br \/>\n\u2013 Atskiras \u012f\u0117jimas, 3 kambariai (galimyb\u0117 keisti i\u0161planavim\u0105), \u012frengta pal\u0117p\u0117 (galima \u012frengti papildom\u0105 kambar\u012f), virtuv\u0117, erdvus vonios kambarys, katilin\u0117s patalpa, r\u016bsys;<br \/>\n\u2013 \u0160ildymas kietu kuru; \u012frengtas, bet nepajungtas grindinis \u0161ildymas pirmame auk\u0161te;<br \/>\n\u2013 4a. \u017eem\u0117s, kuri\u0105 galima i\u0161naudoti tiek sodininkystei, tiek poilsio zonai;<br \/>\n\u2013 2 gara\u017eai, sandeliukas, malkin\u0117;<br \/>\n\u2013 Erdvi automobili\u0173 aik\u0161tel\u0117 \u0161alia namo;<br \/>\n\u2013 Patogus susisiekimas vie\u0161uoju transportu;<br \/>\n\u2013 \u0160alimais Dauni\u0161kio e\u017eeras ir parkas.<\/p>\n","protected":false},"featured_media":20201,"template":"","meta":{"_acf_changed":false},"product_brand":[],"product_cat":[26],"product_tag":[],"class_list":{"0":"post-20188","1":"product","2":"type-product","3":"status-publish","4":"has-post-thumbnail","6":"product_cat-namai","7":"pa_rajonas-utenos-rajonas","8":"description-off","10":"first","11":"instock","12":"shipping-taxable","13":"purchasable","14":"product-type-simple"},"acf":[],"yoast_head":"<!-- This site is optimized with the Yoast SEO plugin v27.0 - https:\/\/yoast.com\/product\/yoast-seo-wordpress\/ -->\n<title>Utenos mieste, strategi\u0161kai patogioje vietoje, parduodamas 3 kambari\u0173 butas su kiemu individualiame name. - Namud\u0117<\/title>\n<meta name=\"robots\" content=\"index, follow, max-snippet:-1, max-image-preview:large, max-video-preview:-1\" \/>\n<link rel=\"canonical\" href=\"https:\/\/www.namude.lt\/objektas\/utenos-mieste-strategiskai-patogioje-vietoje-parduodamas-3-kambariu-butas-su-kiemu-individualiame-name\/\" \/>\n<meta property=\"og:locale\" content=\"ru_RU\" \/>\n<meta property=\"og:type\" content=\"article\" \/>\n<meta property=\"og:title\" content=\"Utenos mieste, strategi\u0161kai patogioje vietoje, parduodamas 3 kambari\u0173 butas su kiemu individualiame name. - Namud\u0117\" \/>\n<meta property=\"og:description\" content=\"Parduodama 3 kambari\u0173 butas individuali\u0173 nam\u0173 kvartale, S\u0117li\u0173 g. 15. Strategi\u0161kai patogi viet\u0105, erdvus kiemas. Netoliese yra turgus, mokykla, prekybos centrai. PRIVALUMAI: \u2013 Renovuotas r\u0105stinis namas; \u2013 Atskiras \u012f\u0117jimas, 3 kambariai (galimyb\u0117 keisti i\u0161planavim\u0105), \u012frengta pal\u0117p\u0117 (galima \u012frengti papildom\u0105 kambar\u012f), virtuv\u0117, erdvus vonios kambarys, katilin\u0117s patalpa, r\u016bsys; \u2013 \u0160ildymas kietu kuru; \u012frengtas, bet nepajungtas grindinis \u0161ildymas pirmame auk\u0161te; \u2013 4a. \u017eem\u0117s, kuri\u0105 galima i\u0161naudoti tiek sodininkystei, tiek poilsio zonai; \u2013 2 gara\u017eai, sandeliukas, malkin\u0117; \u2013 Erdvi automobili\u0173 aik\u0161tel\u0117 \u0161alia namo; \u2013 Patogus susisiekimas vie\u0161uoju transportu; \u2013 \u0160alimais Dauni\u0161kio e\u017eeras ir parkas.\" \/>\n<meta property=\"og:url\" content=\"https:\/\/www.namude.lt\/objektas\/utenos-mieste-strategiskai-patogioje-vietoje-parduodamas-3-kambariu-butas-su-kiemu-individualiame-name\/\" \/>\n<meta property=\"og:site_name\" content=\"Namud\u0117\" \/>\n<meta property=\"article:modified_time\" content=\"2025-07-07T06:31:51+00:00\" \/>\n<meta property=\"og:image\" content=\"https:\/\/www.namude.lt\/wp-content\/uploads\/2025\/07\/4-1.jpg\" \/>\n\t<meta property=\"og:image:width\" content=\"2400\" \/>\n\t<meta property=\"og:image:height\" content=\"1800\" \/>\n\t<meta property=\"og:image:type\" content=\"image\/jpeg\" \/>\n<meta name=\"twitter:card\" content=\"summary_large_image\" \/>\n<script type=\"application\/ld+json\" class=\"yoast-schema-graph\">{\"@context\":\"https:\/\/schema.org\",\"@graph\":[{\"@type\":\"WebPage\",\"@id\":\"https:\/\/www.namude.lt\/objektas\/utenos-mieste-strategiskai-patogioje-vietoje-parduodamas-3-kambariu-butas-su-kiemu-individualiame-name\/\",\"url\":\"https:\/\/www.namude.lt\/objektas\/utenos-mieste-strategiskai-patogioje-vietoje-parduodamas-3-kambariu-butas-su-kiemu-individualiame-name\/\",\"name\":\"Utenos mieste, strategi\u0161kai patogioje vietoje, parduodamas 3 kambari\u0173 butas su kiemu individualiame name. - Namud\u0117\",\"isPartOf\":{\"@id\":\"https:\/\/www.namude.lt\/#website\"},\"primaryImageOfPage\":{\"@id\":\"https:\/\/www.namude.lt\/objektas\/utenos-mieste-strategiskai-patogioje-vietoje-parduodamas-3-kambariu-butas-su-kiemu-individualiame-name\/#primaryimage\"},\"image\":{\"@id\":\"https:\/\/www.namude.lt\/objektas\/utenos-mieste-strategiskai-patogioje-vietoje-parduodamas-3-kambariu-butas-su-kiemu-individualiame-name\/#primaryimage\"},\"thumbnailUrl\":\"https:\/\/www.namude.lt\/wp-content\/uploads\/2025\/07\/4-1.jpg\",\"datePublished\":\"2025-07-07T06:30:27+00:00\",\"dateModified\":\"2025-07-07T06:31:51+00:00\",\"breadcrumb\":{\"@id\":\"https:\/\/www.namude.lt\/objektas\/utenos-mieste-strategiskai-patogioje-vietoje-parduodamas-3-kambariu-butas-su-kiemu-individualiame-name\/#breadcrumb\"},\"inLanguage\":\"ru-RU\",\"potentialAction\":[{\"@type\":\"ReadAction\",\"target\":[\"https:\/\/www.namude.lt\/objektas\/utenos-mieste-strategiskai-patogioje-vietoje-parduodamas-3-kambariu-butas-su-kiemu-individualiame-name\/\"]}]},{\"@type\":\"ImageObject\",\"inLanguage\":\"ru-RU\",\"@id\":\"https:\/\/www.namude.lt\/objektas\/utenos-mieste-strategiskai-patogioje-vietoje-parduodamas-3-kambariu-butas-su-kiemu-individualiame-name\/#primaryimage\",\"url\":\"https:\/\/www.namude.lt\/wp-content\/uploads\/2025\/07\/4-1.jpg\",\"contentUrl\":\"https:\/\/www.namude.lt\/wp-content\/uploads\/2025\/07\/4-1.jpg\",\"width\":2400,\"height\":1800},{\"@type\":\"BreadcrumbList\",\"@id\":\"https:\/\/www.namude.lt\/objektas\/utenos-mieste-strategiskai-patogioje-vietoje-parduodamas-3-kambariu-butas-su-kiemu-individualiame-name\/#breadcrumb\",\"itemListElement\":[{\"@type\":\"ListItem\",\"position\":1,\"name\":\"Home\",\"item\":\"https:\/\/www.namude.lt\/ru\/\"},{\"@type\":\"ListItem\",\"position\":2,\"name\":\"\u041e\u0431\u044a\u0435\u043a\u0442\u044b\",\"item\":\"https:\/\/www.namude.lt\/ru\/%d0%be%d0%b1%d1%8a%d0%b5%d0%ba%d1%82%d1%8b\/\"},{\"@type\":\"ListItem\",\"position\":3,\"name\":\"Utenos mieste, strategi\u0161kai patogioje vietoje, parduodamas 3 kambari\u0173 butas su kiemu individualiame name.\"}]},{\"@type\":\"WebSite\",\"@id\":\"https:\/\/www.namude.lt\/#website\",\"url\":\"https:\/\/www.namude.lt\/\",\"name\":\"Namud\u0117\",\"description\":\"\u201eNamud\u0117\u201c \u2013 agent\u016bra, pardavin\u0117janti Auk\u0161taitijos NT grynuolius.\",\"publisher\":{\"@id\":\"https:\/\/www.namude.lt\/#organization\"},\"potentialAction\":[{\"@type\":\"SearchAction\",\"target\":{\"@type\":\"EntryPoint\",\"urlTemplate\":\"https:\/\/www.namude.lt\/?s={search_term_string}\"},\"query-input\":{\"@type\":\"PropertyValueSpecification\",\"valueRequired\":true,\"valueName\":\"search_term_string\"}}],\"inLanguage\":\"ru-RU\"},{\"@type\":\"Organization\",\"@id\":\"https:\/\/www.namude.lt\/#organization\",\"name\":\"Namud\u0117\",\"url\":\"https:\/\/www.namude.lt\/\",\"logo\":{\"@type\":\"ImageObject\",\"inLanguage\":\"ru-RU\",\"@id\":\"https:\/\/www.namude.lt\/#\/schema\/logo\/image\/\",\"url\":\"https:\/\/www.namude.lt\/wp-content\/uploads\/2023\/11\/logo-symbol.svg\",\"contentUrl\":\"https:\/\/www.namude.lt\/wp-content\/uploads\/2023\/11\/logo-symbol.svg\",\"width\":1,\"height\":1,\"caption\":\"Namud\u0117\"},\"image\":{\"@id\":\"https:\/\/www.namude.lt\/#\/schema\/logo\/image\/\"}}]}<\/script>\n<!-- \/ Yoast SEO plugin. -->","yoast_head_json":{"title":"Utenos mieste, strategi\u0161kai patogioje vietoje, parduodamas 3 kambari\u0173 butas su kiemu individualiame name. - Namud\u0117","robots":{"index":"index","follow":"follow","max-snippet":"max-snippet:-1","max-image-preview":"max-image-preview:large","max-video-preview":"max-video-preview:-1"},"canonical":"https:\/\/www.namude.lt\/objektas\/utenos-mieste-strategiskai-patogioje-vietoje-parduodamas-3-kambariu-butas-su-kiemu-individualiame-name\/","og_locale":"ru_RU","og_type":"article","og_title":"Utenos mieste, strategi\u0161kai patogioje vietoje, parduodamas 3 kambari\u0173 butas su kiemu individualiame name. - Namud\u0117","og_description":"Parduodama 3 kambari\u0173 butas individuali\u0173 nam\u0173 kvartale, S\u0117li\u0173 g. 15. Strategi\u0161kai patogi viet\u0105, erdvus kiemas. Netoliese yra turgus, mokykla, prekybos centrai. PRIVALUMAI: \u2013 Renovuotas r\u0105stinis namas; \u2013 Atskiras \u012f\u0117jimas, 3 kambariai (galimyb\u0117 keisti i\u0161planavim\u0105), \u012frengta pal\u0117p\u0117 (galima \u012frengti papildom\u0105 kambar\u012f), virtuv\u0117, erdvus vonios kambarys, katilin\u0117s patalpa, r\u016bsys; \u2013 \u0160ildymas kietu kuru; \u012frengtas, bet nepajungtas grindinis \u0161ildymas pirmame auk\u0161te; \u2013 4a. \u017eem\u0117s, kuri\u0105 galima i\u0161naudoti tiek sodininkystei, tiek poilsio zonai; \u2013 2 gara\u017eai, sandeliukas, malkin\u0117; \u2013 Erdvi automobili\u0173 aik\u0161tel\u0117 \u0161alia namo; \u2013 Patogus susisiekimas vie\u0161uoju transportu; \u2013 \u0160alimais Dauni\u0161kio e\u017eeras ir parkas.","og_url":"https:\/\/www.namude.lt\/objektas\/utenos-mieste-strategiskai-patogioje-vietoje-parduodamas-3-kambariu-butas-su-kiemu-individualiame-name\/","og_site_name":"Namud\u0117","article_modified_time":"2025-07-07T06:31:51+00:00","og_image":[{"width":2400,"height":1800,"url":"https:\/\/www.namude.lt\/wp-content\/uploads\/2025\/07\/4-1.jpg","type":"image\/jpeg"}],"twitter_card":"summary_large_image","schema":{"@context":"https:\/\/schema.org","@graph":[{"@type":"WebPage","@id":"https:\/\/www.namude.lt\/objektas\/utenos-mieste-strategiskai-patogioje-vietoje-parduodamas-3-kambariu-butas-su-kiemu-individualiame-name\/","url":"https:\/\/www.namude.lt\/objektas\/utenos-mieste-strategiskai-patogioje-vietoje-parduodamas-3-kambariu-butas-su-kiemu-individualiame-name\/","name":"Utenos mieste, strategi\u0161kai patogioje vietoje, parduodamas 3 kambari\u0173 butas su kiemu individualiame name. - Namud\u0117","isPartOf":{"@id":"https:\/\/www.namude.lt\/#website"},"primaryImageOfPage":{"@id":"https:\/\/www.namude.lt\/objektas\/utenos-mieste-strategiskai-patogioje-vietoje-parduodamas-3-kambariu-butas-su-kiemu-individualiame-name\/#primaryimage"},"image":{"@id":"https:\/\/www.namude.lt\/objektas\/utenos-mieste-strategiskai-patogioje-vietoje-parduodamas-3-kambariu-butas-su-kiemu-individualiame-name\/#primaryimage"},"thumbnailUrl":"https:\/\/www.namude.lt\/wp-content\/uploads\/2025\/07\/4-1.jpg","datePublished":"2025-07-07T06:30:27+00:00","dateModified":"2025-07-07T06:31:51+00:00","breadcrumb":{"@id":"https:\/\/www.namude.lt\/objektas\/utenos-mieste-strategiskai-patogioje-vietoje-parduodamas-3-kambariu-butas-su-kiemu-individualiame-name\/#breadcrumb"},"inLanguage":"ru-RU","potentialAction":[{"@type":"ReadAction","target":["https:\/\/www.namude.lt\/objektas\/utenos-mieste-strategiskai-patogioje-vietoje-parduodamas-3-kambariu-butas-su-kiemu-individualiame-name\/"]}]},{"@type":"ImageObject","inLanguage":"ru-RU","@id":"https:\/\/www.namude.lt\/objektas\/utenos-mieste-strategiskai-patogioje-vietoje-parduodamas-3-kambariu-butas-su-kiemu-individualiame-name\/#primaryimage","url":"https:\/\/www.namude.lt\/wp-content\/uploads\/2025\/07\/4-1.jpg","contentUrl":"https:\/\/www.namude.lt\/wp-content\/uploads\/2025\/07\/4-1.jpg","width":2400,"height":1800},{"@type":"BreadcrumbList","@id":"https:\/\/www.namude.lt\/objektas\/utenos-mieste-strategiskai-patogioje-vietoje-parduodamas-3-kambariu-butas-su-kiemu-individualiame-name\/#breadcrumb","itemListElement":[{"@type":"ListItem","position":1,"name":"Home","item":"https:\/\/www.namude.lt\/ru\/"},{"@type":"ListItem","position":2,"name":"\u041e\u0431\u044a\u0435\u043a\u0442\u044b","item":"https:\/\/www.namude.lt\/ru\/%d0%be%d0%b1%d1%8a%d0%b5%d0%ba%d1%82%d1%8b\/"},{"@type":"ListItem","position":3,"name":"Utenos mieste, strategi\u0161kai patogioje vietoje, parduodamas 3 kambari\u0173 butas su kiemu individualiame name."}]},{"@type":"WebSite","@id":"https:\/\/www.namude.lt\/#website","url":"https:\/\/www.namude.lt\/","name":"Namud\u0117","description":"\u201eNamud\u0117\u201c \u2013 agent\u016bra, pardavin\u0117janti Auk\u0161taitijos NT grynuolius.","publisher":{"@id":"https:\/\/www.namude.lt\/#organization"},"potentialAction":[{"@type":"SearchAction","target":{"@type":"EntryPoint","urlTemplate":"https:\/\/www.namude.lt\/?s={search_term_string}"},"query-input":{"@type":"PropertyValueSpecification","valueRequired":true,"valueName":"search_term_string"}}],"inLanguage":"ru-RU"},{"@type":"Organization","@id":"https:\/\/www.namude.lt\/#organization","name":"Namud\u0117","url":"https:\/\/www.namude.lt\/","logo":{"@type":"ImageObject","inLanguage":"ru-RU","@id":"https:\/\/www.namude.lt\/#\/schema\/logo\/image\/","url":"https:\/\/www.namude.lt\/wp-content\/uploads\/2023\/11\/logo-symbol.svg","contentUrl":"https:\/\/www.namude.lt\/wp-content\/uploads\/2023\/11\/logo-symbol.svg","width":1,"height":1,"caption":"Namud\u0117"},"image":{"@id":"https:\/\/www.namude.lt\/#\/schema\/logo\/image\/"}}]}},"_links":{"self":[{"href":"https:\/\/www.namude.lt\/ru\/wp-json\/wp\/v2\/product\/20188","targetHints":{"allow":["GET"]}}],"collection":[{"href":"https:\/\/www.namude.lt\/ru\/wp-json\/wp\/v2\/product"}],"about":[{"href":"https:\/\/www.namude.lt\/ru\/wp-json\/wp\/v2\/types\/product"}],"wp:featuredmedia":[{"embeddable":true,"href":"https:\/\/www.namude.lt\/ru\/wp-json\/wp\/v2\/media\/20201"}],"wp:attachment":[{"href":"https:\/\/www.namude.lt\/ru\/wp-json\/wp\/v2\/media?parent=20188"}],"wp:term":[{"taxonomy":"product_brand","embeddable":true,"href":"https:\/\/www.namude.lt\/ru\/wp-json\/wp\/v2\/product_brand?post=20188"},{"taxonomy":"product_cat","embeddable":true,"href":"https:\/\/www.namude.lt\/ru\/wp-json\/wp\/v2\/product_cat?post=20188"},{"taxonomy":"product_tag","embeddable":true,"href":"https:\/\/www.namude.lt\/ru\/wp-json\/wp\/v2\/product_tag?post=20188"}],"curies":[{"name":"wp","href":"https:\/\/api.w.org\/{rel}","templated":true}]}}