{"id":19809,"date":"2025-06-30T13:41:07","date_gmt":"2025-06-30T10:41:07","guid":{"rendered":"https:\/\/www.namude.lt\/?post_type=product&#038;p=19809"},"modified":"2025-11-11T12:17:42","modified_gmt":"2025-11-11T10:17:42","slug":"parduodamas-3-kambariu-butas-salia-laukesos-ezero-zarasu-rajone","status":"publish","type":"product","link":"https:\/\/www.namude.lt\/ru\/\u043e\u0431\u044a\u0435\u043a\u0442\/parduodamas-3-kambariu-butas-salia-laukesos-ezero-zarasu-rajone\/","title":{"rendered":"PARDUODAMAS 3 KAMBARI\u0172 BUTAS \u0160ALIA LAUKESOS E\u017dERO, ZARAS\u0172 RAJONE"},"content":{"rendered":"","protected":false},"excerpt":{"rendered":"<p>Sm\u0117lyn\u0117s k., Zarsas\u0173 rajone \u0161alia Laukesos e\u017eero. Gra\u017ei, i\u0161puosel\u0117ta ir privati aplinka, o netoliese esantis e\u017eeras puikiai tiks maudyn\u0117ms, \u017evejybai ar leisti laik\u0105 su \u0161eima ir draugais. Sm\u0117lyn\u0117s kaimas nuo Zaras\u0173 miesto nutol\u0119s vos 3 km, \u0161alimais Latvijos sienos.<br \/>\nPRIVALUMAI:<br \/>\n\u2013 3 k. butas  60kv.m. su atskiru \u012f\u0117jimu (svetain\u0117, 2 miegamieji, virtuv\u0117s patalpos, wc kambarys, koridoriaus patalpa, auk\u0161tos lubos, pakeisti langai).<br \/>\n\u2013 \u016bkiniai pastatai \u2013 pirtis, gara\u017eas, tvartas, malkin\u0117, lauko r\u016bsys.<br \/>\n\u2013 \u017dem\u0117s sklypo plotas \u2013 25a., apsodinta dekoratyviniais, vaismed\u017eiais.<br \/>\n\u2013 Vandentiekis ir nuotekos \u2013 miesto;<br \/>\n\u2013 \u0160ildymas kieto kuro krosnimi;<br \/>\n\u2013 220m iki Laukesos e\u017eero;<br \/>\n\u2013 Patogus priva\u017eiavimas, atstumai iki Zaras\u0173 3km, Visaginas 31km, Utena 53km, Roki\u0161kis 63km, Vilniaus 65km.<br \/>\nKoordinat\u0117s :<br \/>\nmaps.lt \u2013 55.743046, 26.307495<br \/>\nKvie\u010diame ap\u017ei\u016br\u0117ti \u0161i\u0105 viet\u0105 patiems! Lauksime atvykstant ir savaitgaliais<\/p>\n","protected":false},"featured_media":19810,"template":"","meta":{"_acf_changed":false},"product_brand":[],"product_cat":[27],"product_tag":[],"class_list":{"0":"post-19809","1":"product","2":"type-product","3":"status-publish","4":"has-post-thumbnail","6":"product_cat-butai","7":"pa_rajonas-zarasu-rajonas","8":"description-off","10":"first","11":"instock","12":"sale","13":"shipping-taxable","14":"purchasable","15":"product-type-simple"},"acf":[],"yoast_head":"<!-- This site is optimized with the Yoast SEO plugin v27.0 - https:\/\/yoast.com\/product\/yoast-seo-wordpress\/ -->\n<title>PARDUODAMAS 3 KAMBARI\u0172 BUTAS \u0160ALIA LAUKESOS E\u017dERO, ZARAS\u0172 RAJONE - Namud\u0117<\/title>\n<meta name=\"robots\" content=\"index, follow, max-snippet:-1, max-image-preview:large, max-video-preview:-1\" \/>\n<link rel=\"canonical\" href=\"https:\/\/www.namude.lt\/objektas\/parduodamas-3-kambariu-butas-salia-laukesos-ezero-zarasu-rajone\/\" \/>\n<meta property=\"og:locale\" content=\"ru_RU\" \/>\n<meta property=\"og:type\" content=\"article\" \/>\n<meta property=\"og:title\" content=\"PARDUODAMAS 3 KAMBARI\u0172 BUTAS \u0160ALIA LAUKESOS E\u017dERO, ZARAS\u0172 RAJONE - Namud\u0117\" \/>\n<meta property=\"og:description\" content=\"Sm\u0117lyn\u0117s k., Zarsas\u0173 rajone \u0161alia Laukesos e\u017eero. Gra\u017ei, i\u0161puosel\u0117ta ir privati aplinka, o netoliese esantis e\u017eeras puikiai tiks maudyn\u0117ms, \u017evejybai ar leisti laik\u0105 su \u0161eima ir draugais. Sm\u0117lyn\u0117s kaimas nuo Zaras\u0173 miesto nutol\u0119s vos 3 km, \u0161alimais Latvijos sienos. PRIVALUMAI: \u2013 3 k. butas 60kv.m. su atskiru \u012f\u0117jimu (svetain\u0117, 2 miegamieji, virtuv\u0117s patalpos, wc kambarys, koridoriaus patalpa, auk\u0161tos lubos, pakeisti langai). \u2013 \u016bkiniai pastatai \u2013 pirtis, gara\u017eas, tvartas, malkin\u0117, lauko r\u016bsys. \u2013 \u017dem\u0117s sklypo plotas \u2013 25a., apsodinta dekoratyviniais, vaismed\u017eiais. \u2013 Vandentiekis ir nuotekos \u2013 miesto; \u2013 \u0160ildymas kieto kuro krosnimi; \u2013 220m iki Laukesos e\u017eero; \u2013 Patogus priva\u017eiavimas, atstumai iki Zaras\u0173 3km, Visaginas 31km, Utena 53km, Roki\u0161kis 63km, Vilniaus 65km. Koordinat\u0117s : maps.lt \u2013 55.743046, 26.307495 Kvie\u010diame ap\u017ei\u016br\u0117ti \u0161i\u0105 viet\u0105 patiems! Lauksime atvykstant ir savaitgaliais\" \/>\n<meta property=\"og:url\" content=\"https:\/\/www.namude.lt\/objektas\/parduodamas-3-kambariu-butas-salia-laukesos-ezero-zarasu-rajone\/\" \/>\n<meta property=\"og:site_name\" content=\"Namud\u0117\" \/>\n<meta property=\"article:modified_time\" content=\"2025-11-11T10:17:42+00:00\" \/>\n<meta property=\"og:image\" content=\"https:\/\/www.namude.lt\/wp-content\/uploads\/2025\/06\/1-17.jpg\" \/>\n\t<meta property=\"og:image:width\" content=\"2400\" \/>\n\t<meta property=\"og:image:height\" content=\"1800\" \/>\n\t<meta property=\"og:image:type\" content=\"image\/jpeg\" \/>\n<meta name=\"twitter:card\" content=\"summary_large_image\" \/>\n<script type=\"application\/ld+json\" class=\"yoast-schema-graph\">{\"@context\":\"https:\/\/schema.org\",\"@graph\":[{\"@type\":\"WebPage\",\"@id\":\"https:\/\/www.namude.lt\/objektas\/parduodamas-3-kambariu-butas-salia-laukesos-ezero-zarasu-rajone\/\",\"url\":\"https:\/\/www.namude.lt\/objektas\/parduodamas-3-kambariu-butas-salia-laukesos-ezero-zarasu-rajone\/\",\"name\":\"PARDUODAMAS 3 KAMBARI\u0172 BUTAS \u0160ALIA LAUKESOS E\u017dERO, ZARAS\u0172 RAJONE - Namud\u0117\",\"isPartOf\":{\"@id\":\"https:\/\/www.namude.lt\/#website\"},\"primaryImageOfPage\":{\"@id\":\"https:\/\/www.namude.lt\/objektas\/parduodamas-3-kambariu-butas-salia-laukesos-ezero-zarasu-rajone\/#primaryimage\"},\"image\":{\"@id\":\"https:\/\/www.namude.lt\/objektas\/parduodamas-3-kambariu-butas-salia-laukesos-ezero-zarasu-rajone\/#primaryimage\"},\"thumbnailUrl\":\"https:\/\/www.namude.lt\/wp-content\/uploads\/2025\/06\/1-17.jpg\",\"datePublished\":\"2025-06-30T10:41:07+00:00\",\"dateModified\":\"2025-11-11T10:17:42+00:00\",\"breadcrumb\":{\"@id\":\"https:\/\/www.namude.lt\/objektas\/parduodamas-3-kambariu-butas-salia-laukesos-ezero-zarasu-rajone\/#breadcrumb\"},\"inLanguage\":\"ru-RU\",\"potentialAction\":[{\"@type\":\"ReadAction\",\"target\":[\"https:\/\/www.namude.lt\/objektas\/parduodamas-3-kambariu-butas-salia-laukesos-ezero-zarasu-rajone\/\"]}]},{\"@type\":\"ImageObject\",\"inLanguage\":\"ru-RU\",\"@id\":\"https:\/\/www.namude.lt\/objektas\/parduodamas-3-kambariu-butas-salia-laukesos-ezero-zarasu-rajone\/#primaryimage\",\"url\":\"https:\/\/www.namude.lt\/wp-content\/uploads\/2025\/06\/1-17.jpg\",\"contentUrl\":\"https:\/\/www.namude.lt\/wp-content\/uploads\/2025\/06\/1-17.jpg\",\"width\":2400,\"height\":1800},{\"@type\":\"BreadcrumbList\",\"@id\":\"https:\/\/www.namude.lt\/objektas\/parduodamas-3-kambariu-butas-salia-laukesos-ezero-zarasu-rajone\/#breadcrumb\",\"itemListElement\":[{\"@type\":\"ListItem\",\"position\":1,\"name\":\"Home\",\"item\":\"https:\/\/www.namude.lt\/ru\/\"},{\"@type\":\"ListItem\",\"position\":2,\"name\":\"\u041e\u0431\u044a\u0435\u043a\u0442\u044b\",\"item\":\"https:\/\/www.namude.lt\/ru\/%d0%be%d0%b1%d1%8a%d0%b5%d0%ba%d1%82%d1%8b\/\"},{\"@type\":\"ListItem\",\"position\":3,\"name\":\"PARDUODAMAS 3 KAMBARI\u0172 BUTAS \u0160ALIA LAUKESOS E\u017dERO, ZARAS\u0172 RAJONE\"}]},{\"@type\":\"WebSite\",\"@id\":\"https:\/\/www.namude.lt\/#website\",\"url\":\"https:\/\/www.namude.lt\/\",\"name\":\"Namud\u0117\",\"description\":\"\u201eNamud\u0117\u201c \u2013 agent\u016bra, pardavin\u0117janti Auk\u0161taitijos NT grynuolius.\",\"publisher\":{\"@id\":\"https:\/\/www.namude.lt\/#organization\"},\"potentialAction\":[{\"@type\":\"SearchAction\",\"target\":{\"@type\":\"EntryPoint\",\"urlTemplate\":\"https:\/\/www.namude.lt\/?s={search_term_string}\"},\"query-input\":{\"@type\":\"PropertyValueSpecification\",\"valueRequired\":true,\"valueName\":\"search_term_string\"}}],\"inLanguage\":\"ru-RU\"},{\"@type\":\"Organization\",\"@id\":\"https:\/\/www.namude.lt\/#organization\",\"name\":\"Namud\u0117\",\"url\":\"https:\/\/www.namude.lt\/\",\"logo\":{\"@type\":\"ImageObject\",\"inLanguage\":\"ru-RU\",\"@id\":\"https:\/\/www.namude.lt\/#\/schema\/logo\/image\/\",\"url\":\"https:\/\/www.namude.lt\/wp-content\/uploads\/2023\/11\/logo-symbol.svg\",\"contentUrl\":\"https:\/\/www.namude.lt\/wp-content\/uploads\/2023\/11\/logo-symbol.svg\",\"width\":1,\"height\":1,\"caption\":\"Namud\u0117\"},\"image\":{\"@id\":\"https:\/\/www.namude.lt\/#\/schema\/logo\/image\/\"}}]}<\/script>\n<!-- \/ Yoast SEO plugin. -->","yoast_head_json":{"title":"PARDUODAMAS 3 KAMBARI\u0172 BUTAS \u0160ALIA LAUKESOS E\u017dERO, ZARAS\u0172 RAJONE - Namud\u0117","robots":{"index":"index","follow":"follow","max-snippet":"max-snippet:-1","max-image-preview":"max-image-preview:large","max-video-preview":"max-video-preview:-1"},"canonical":"https:\/\/www.namude.lt\/objektas\/parduodamas-3-kambariu-butas-salia-laukesos-ezero-zarasu-rajone\/","og_locale":"ru_RU","og_type":"article","og_title":"PARDUODAMAS 3 KAMBARI\u0172 BUTAS \u0160ALIA LAUKESOS E\u017dERO, ZARAS\u0172 RAJONE - Namud\u0117","og_description":"Sm\u0117lyn\u0117s k., Zarsas\u0173 rajone \u0161alia Laukesos e\u017eero. Gra\u017ei, i\u0161puosel\u0117ta ir privati aplinka, o netoliese esantis e\u017eeras puikiai tiks maudyn\u0117ms, \u017evejybai ar leisti laik\u0105 su \u0161eima ir draugais. Sm\u0117lyn\u0117s kaimas nuo Zaras\u0173 miesto nutol\u0119s vos 3 km, \u0161alimais Latvijos sienos. PRIVALUMAI: \u2013 3 k. butas 60kv.m. su atskiru \u012f\u0117jimu (svetain\u0117, 2 miegamieji, virtuv\u0117s patalpos, wc kambarys, koridoriaus patalpa, auk\u0161tos lubos, pakeisti langai). \u2013 \u016bkiniai pastatai \u2013 pirtis, gara\u017eas, tvartas, malkin\u0117, lauko r\u016bsys. \u2013 \u017dem\u0117s sklypo plotas \u2013 25a., apsodinta dekoratyviniais, vaismed\u017eiais. \u2013 Vandentiekis ir nuotekos \u2013 miesto; \u2013 \u0160ildymas kieto kuro krosnimi; \u2013 220m iki Laukesos e\u017eero; \u2013 Patogus priva\u017eiavimas, atstumai iki Zaras\u0173 3km, Visaginas 31km, Utena 53km, Roki\u0161kis 63km, Vilniaus 65km. Koordinat\u0117s : maps.lt \u2013 55.743046, 26.307495 Kvie\u010diame ap\u017ei\u016br\u0117ti \u0161i\u0105 viet\u0105 patiems! Lauksime atvykstant ir savaitgaliais","og_url":"https:\/\/www.namude.lt\/objektas\/parduodamas-3-kambariu-butas-salia-laukesos-ezero-zarasu-rajone\/","og_site_name":"Namud\u0117","article_modified_time":"2025-11-11T10:17:42+00:00","og_image":[{"width":2400,"height":1800,"url":"https:\/\/www.namude.lt\/wp-content\/uploads\/2025\/06\/1-17.jpg","type":"image\/jpeg"}],"twitter_card":"summary_large_image","schema":{"@context":"https:\/\/schema.org","@graph":[{"@type":"WebPage","@id":"https:\/\/www.namude.lt\/objektas\/parduodamas-3-kambariu-butas-salia-laukesos-ezero-zarasu-rajone\/","url":"https:\/\/www.namude.lt\/objektas\/parduodamas-3-kambariu-butas-salia-laukesos-ezero-zarasu-rajone\/","name":"PARDUODAMAS 3 KAMBARI\u0172 BUTAS \u0160ALIA LAUKESOS E\u017dERO, ZARAS\u0172 RAJONE - Namud\u0117","isPartOf":{"@id":"https:\/\/www.namude.lt\/#website"},"primaryImageOfPage":{"@id":"https:\/\/www.namude.lt\/objektas\/parduodamas-3-kambariu-butas-salia-laukesos-ezero-zarasu-rajone\/#primaryimage"},"image":{"@id":"https:\/\/www.namude.lt\/objektas\/parduodamas-3-kambariu-butas-salia-laukesos-ezero-zarasu-rajone\/#primaryimage"},"thumbnailUrl":"https:\/\/www.namude.lt\/wp-content\/uploads\/2025\/06\/1-17.jpg","datePublished":"2025-06-30T10:41:07+00:00","dateModified":"2025-11-11T10:17:42+00:00","breadcrumb":{"@id":"https:\/\/www.namude.lt\/objektas\/parduodamas-3-kambariu-butas-salia-laukesos-ezero-zarasu-rajone\/#breadcrumb"},"inLanguage":"ru-RU","potentialAction":[{"@type":"ReadAction","target":["https:\/\/www.namude.lt\/objektas\/parduodamas-3-kambariu-butas-salia-laukesos-ezero-zarasu-rajone\/"]}]},{"@type":"ImageObject","inLanguage":"ru-RU","@id":"https:\/\/www.namude.lt\/objektas\/parduodamas-3-kambariu-butas-salia-laukesos-ezero-zarasu-rajone\/#primaryimage","url":"https:\/\/www.namude.lt\/wp-content\/uploads\/2025\/06\/1-17.jpg","contentUrl":"https:\/\/www.namude.lt\/wp-content\/uploads\/2025\/06\/1-17.jpg","width":2400,"height":1800},{"@type":"BreadcrumbList","@id":"https:\/\/www.namude.lt\/objektas\/parduodamas-3-kambariu-butas-salia-laukesos-ezero-zarasu-rajone\/#breadcrumb","itemListElement":[{"@type":"ListItem","position":1,"name":"Home","item":"https:\/\/www.namude.lt\/ru\/"},{"@type":"ListItem","position":2,"name":"\u041e\u0431\u044a\u0435\u043a\u0442\u044b","item":"https:\/\/www.namude.lt\/ru\/%d0%be%d0%b1%d1%8a%d0%b5%d0%ba%d1%82%d1%8b\/"},{"@type":"ListItem","position":3,"name":"PARDUODAMAS 3 KAMBARI\u0172 BUTAS \u0160ALIA LAUKESOS E\u017dERO, ZARAS\u0172 RAJONE"}]},{"@type":"WebSite","@id":"https:\/\/www.namude.lt\/#website","url":"https:\/\/www.namude.lt\/","name":"Namud\u0117","description":"\u201eNamud\u0117\u201c \u2013 agent\u016bra, pardavin\u0117janti Auk\u0161taitijos NT grynuolius.","publisher":{"@id":"https:\/\/www.namude.lt\/#organization"},"potentialAction":[{"@type":"SearchAction","target":{"@type":"EntryPoint","urlTemplate":"https:\/\/www.namude.lt\/?s={search_term_string}"},"query-input":{"@type":"PropertyValueSpecification","valueRequired":true,"valueName":"search_term_string"}}],"inLanguage":"ru-RU"},{"@type":"Organization","@id":"https:\/\/www.namude.lt\/#organization","name":"Namud\u0117","url":"https:\/\/www.namude.lt\/","logo":{"@type":"ImageObject","inLanguage":"ru-RU","@id":"https:\/\/www.namude.lt\/#\/schema\/logo\/image\/","url":"https:\/\/www.namude.lt\/wp-content\/uploads\/2023\/11\/logo-symbol.svg","contentUrl":"https:\/\/www.namude.lt\/wp-content\/uploads\/2023\/11\/logo-symbol.svg","width":1,"height":1,"caption":"Namud\u0117"},"image":{"@id":"https:\/\/www.namude.lt\/#\/schema\/logo\/image\/"}}]}},"_links":{"self":[{"href":"https:\/\/www.namude.lt\/ru\/wp-json\/wp\/v2\/product\/19809","targetHints":{"allow":["GET"]}}],"collection":[{"href":"https:\/\/www.namude.lt\/ru\/wp-json\/wp\/v2\/product"}],"about":[{"href":"https:\/\/www.namude.lt\/ru\/wp-json\/wp\/v2\/types\/product"}],"wp:featuredmedia":[{"embeddable":true,"href":"https:\/\/www.namude.lt\/ru\/wp-json\/wp\/v2\/media\/19810"}],"wp:attachment":[{"href":"https:\/\/www.namude.lt\/ru\/wp-json\/wp\/v2\/media?parent=19809"}],"wp:term":[{"taxonomy":"product_brand","embeddable":true,"href":"https:\/\/www.namude.lt\/ru\/wp-json\/wp\/v2\/product_brand?post=19809"},{"taxonomy":"product_cat","embeddable":true,"href":"https:\/\/www.namude.lt\/ru\/wp-json\/wp\/v2\/product_cat?post=19809"},{"taxonomy":"product_tag","embeddable":true,"href":"https:\/\/www.namude.lt\/ru\/wp-json\/wp\/v2\/product_tag?post=19809"}],"curies":[{"name":"wp","href":"https:\/\/api.w.org\/{rel}","templated":true}]}}