{"id":19721,"date":"2025-06-27T08:39:13","date_gmt":"2025-06-27T05:39:13","guid":{"rendered":"https:\/\/www.namude.lt\/?post_type=product&#038;p=19721"},"modified":"2025-10-23T16:48:34","modified_gmt":"2025-10-23T13:48:34","slug":"parduodama-vila-prie-zaugedu-ezero-moletu-rajone","status":"publish","type":"product","link":"https:\/\/www.namude.lt\/ru\/\u043e\u0431\u044a\u0435\u043a\u0442\/parduodama-vila-prie-zaugedu-ezero-moletu-rajone\/","title":{"rendered":"PARDUODAMA VILA PRIE \u017dAUG\u0116D\u0172 E\u017dERO, MOL\u0116T\u0172 RAJONE"},"content":{"rendered":"","protected":false},"excerpt":{"rendered":"<p>\u017daug\u0117d\u0173 k., Mol\u0117t\u0173 rajone prie \u017daug\u0117d\u0173 e\u017eero. Gra\u017ei ir privati aplinka, o netoliese esantis e\u017eeras puikiai tiks maudyn\u0117ms, \u017evejybai ar leisti laik\u0105 su \u0161eima ir draugais. O erdvi pirtis su kubilu leis m\u0117gautis jaukiomis akimirkomis bet kuriuo met\u0173 laiku.<br \/>\nPRIVALUMAI:<br \/>\n\u2013 M\u016brin\u0117 vila 173kv.m., (3 bendro naudojimo patalpos , 4 \u012fvairaus dyd\u017eio miegamieji, 2 wc kambariai su du\u0161o kabinomis, sand\u0117liavimo patalpos, r\u016bsys po visu pastatu).<br \/>\n\u2013 Kiti statiniai \u2013 gara\u017eas, pirtis su kubilu.<br \/>\n\u2013 \u017dem\u0117s sklypo plotas \u2013 37a., apsodinta dekoratyviniais ir brand\u017eiais med\u017eiais;<br \/>\n\u2013 Vandentiekis \u2013 gr\u0119\u017einys;<br \/>\n\u2013 \u0160ildymas centrinis;<br \/>\n\u2013 40m iki \u017daug\u0117d\u0173 e\u017eero, o iki Arino papl\u016bdimio tik 4km;<br \/>\n\u2013 Patogus priva\u017eiavimas, atstumai iki Joni\u0161kio miestelio 4km, Pabrad\u0117s 18km, Dubingi\u0173 19km, Mol\u0117t\u0173 31km, Utenos 63km, Vilniaus 65km.<br \/>\nKoordinat\u0117s :<br \/>\nmaps.lt \u2013 55.103181, 25.686615<br \/>\nKvie\u010diame ap\u017ei\u016br\u0117ti \u0161i\u0105 viet\u0105 patiems! Lauksime atvykstant ir savaitgaliais<\/p>\n","protected":false},"featured_media":22446,"template":"","meta":{"_acf_changed":false},"product_brand":[],"product_cat":[23],"product_tag":[],"class_list":{"0":"post-19721","1":"product","2":"type-product","3":"status-publish","4":"has-post-thumbnail","6":"product_cat-sodybos","7":"pa_rajonas-moletu-rajonas","8":"description-off","10":"first","11":"instock","12":"sale","13":"shipping-taxable","14":"purchasable","15":"product-type-simple"},"acf":[],"yoast_head":"<!-- This site is optimized with the Yoast SEO plugin v27.4 - https:\/\/yoast.com\/product\/yoast-seo-wordpress\/ -->\n<title>PARDUODAMA VILA PRIE \u017dAUG\u0116D\u0172 E\u017dERO, MOL\u0116T\u0172 RAJONE - Namud\u0117<\/title>\n<meta name=\"robots\" content=\"index, follow, max-snippet:-1, max-image-preview:large, max-video-preview:-1\" \/>\n<link rel=\"canonical\" href=\"https:\/\/www.namude.lt\/objektas\/parduodama-vila-prie-zaugedu-ezero-moletu-rajone\/\" \/>\n<meta property=\"og:locale\" content=\"ru_RU\" \/>\n<meta property=\"og:type\" content=\"article\" \/>\n<meta property=\"og:title\" content=\"PARDUODAMA VILA PRIE \u017dAUG\u0116D\u0172 E\u017dERO, MOL\u0116T\u0172 RAJONE - Namud\u0117\" \/>\n<meta property=\"og:description\" content=\"\u017daug\u0117d\u0173 k., Mol\u0117t\u0173 rajone prie \u017daug\u0117d\u0173 e\u017eero. Gra\u017ei ir privati aplinka, o netoliese esantis e\u017eeras puikiai tiks maudyn\u0117ms, \u017evejybai ar leisti laik\u0105 su \u0161eima ir draugais. O erdvi pirtis su kubilu leis m\u0117gautis jaukiomis akimirkomis bet kuriuo met\u0173 laiku.  PRIVALUMAI: \u2013 M\u016brin\u0117 vila 173kv.m., (3 bendro naudojimo patalpos , 4 \u012fvairaus dyd\u017eio miegamieji, 2 wc kambariai su du\u0161o kabinomis, sand\u0117liavimo patalpos, r\u016bsys po visu pastatu). \u2013 Kiti statiniai \u2013 gara\u017eas, pirtis su kubilu. \u2013 \u017dem\u0117s sklypo plotas \u2013 37a., apsodinta dekoratyviniais ir brand\u017eiais med\u017eiais; \u2013 Vandentiekis \u2013 gr\u0119\u017einys; \u2013 \u0160ildymas centrinis; \u2013 40m iki \u017daug\u0117d\u0173 e\u017eero, o iki Arino papl\u016bdimio tik 4km; \u2013 Patogus priva\u017eiavimas, atstumai iki Joni\u0161kio miestelio 4km, Pabrad\u0117s 18km, Dubingi\u0173 19km, Mol\u0117t\u0173 31km, Utenos 63km, Vilniaus 65km. Koordinat\u0117s : maps.lt \u2013 55.103181, 25.686615 Kvie\u010diame ap\u017ei\u016br\u0117ti \u0161i\u0105 viet\u0105 patiems! Lauksime atvykstant ir savaitgaliais\" \/>\n<meta property=\"og:url\" content=\"https:\/\/www.namude.lt\/objektas\/parduodama-vila-prie-zaugedu-ezero-moletu-rajone\/\" \/>\n<meta property=\"og:site_name\" content=\"Namud\u0117\" \/>\n<meta property=\"article:modified_time\" content=\"2025-10-23T13:48:34+00:00\" \/>\n<meta property=\"og:image\" content=\"https:\/\/www.namude.lt\/wp-content\/uploads\/2025\/06\/4-24-1024x692.jpg\" \/>\n\t<meta property=\"og:image:width\" content=\"1024\" \/>\n\t<meta property=\"og:image:height\" content=\"692\" \/>\n\t<meta property=\"og:image:type\" content=\"image\/jpeg\" \/>\n<meta name=\"twitter:card\" content=\"summary_large_image\" \/>\n<script type=\"application\/ld+json\" class=\"yoast-schema-graph\">{\"@context\":\"https:\\\/\\\/schema.org\",\"@graph\":[{\"@type\":\"WebPage\",\"@id\":\"https:\\\/\\\/www.namude.lt\\\/objektas\\\/parduodama-vila-prie-zaugedu-ezero-moletu-rajone\\\/\",\"url\":\"https:\\\/\\\/www.namude.lt\\\/objektas\\\/parduodama-vila-prie-zaugedu-ezero-moletu-rajone\\\/\",\"name\":\"PARDUODAMA VILA PRIE \u017dAUG\u0116D\u0172 E\u017dERO, MOL\u0116T\u0172 RAJONE - Namud\u0117\",\"isPartOf\":{\"@id\":\"https:\\\/\\\/www.namude.lt\\\/#website\"},\"primaryImageOfPage\":{\"@id\":\"https:\\\/\\\/www.namude.lt\\\/objektas\\\/parduodama-vila-prie-zaugedu-ezero-moletu-rajone\\\/#primaryimage\"},\"image\":{\"@id\":\"https:\\\/\\\/www.namude.lt\\\/objektas\\\/parduodama-vila-prie-zaugedu-ezero-moletu-rajone\\\/#primaryimage\"},\"thumbnailUrl\":\"https:\\\/\\\/www.namude.lt\\\/wp-content\\\/uploads\\\/2025\\\/06\\\/4-24.jpg\",\"datePublished\":\"2025-06-27T05:39:13+00:00\",\"dateModified\":\"2025-10-23T13:48:34+00:00\",\"breadcrumb\":{\"@id\":\"https:\\\/\\\/www.namude.lt\\\/objektas\\\/parduodama-vila-prie-zaugedu-ezero-moletu-rajone\\\/#breadcrumb\"},\"inLanguage\":\"ru-RU\",\"potentialAction\":[{\"@type\":\"ReadAction\",\"target\":[\"https:\\\/\\\/www.namude.lt\\\/objektas\\\/parduodama-vila-prie-zaugedu-ezero-moletu-rajone\\\/\"]}]},{\"@type\":\"ImageObject\",\"inLanguage\":\"ru-RU\",\"@id\":\"https:\\\/\\\/www.namude.lt\\\/objektas\\\/parduodama-vila-prie-zaugedu-ezero-moletu-rajone\\\/#primaryimage\",\"url\":\"https:\\\/\\\/www.namude.lt\\\/wp-content\\\/uploads\\\/2025\\\/06\\\/4-24.jpg\",\"contentUrl\":\"https:\\\/\\\/www.namude.lt\\\/wp-content\\\/uploads\\\/2025\\\/06\\\/4-24.jpg\",\"width\":8000,\"height\":5410},{\"@type\":\"BreadcrumbList\",\"@id\":\"https:\\\/\\\/www.namude.lt\\\/objektas\\\/parduodama-vila-prie-zaugedu-ezero-moletu-rajone\\\/#breadcrumb\",\"itemListElement\":[{\"@type\":\"ListItem\",\"position\":1,\"name\":\"Home\",\"item\":\"https:\\\/\\\/www.namude.lt\\\/ru\\\/\"},{\"@type\":\"ListItem\",\"position\":2,\"name\":\"\u041e\u0431\u044a\u0435\u043a\u0442\u044b\",\"item\":\"https:\\\/\\\/www.namude.lt\\\/ru\\\/%d0%be%d0%b1%d1%8a%d0%b5%d0%ba%d1%82%d1%8b\\\/\"},{\"@type\":\"ListItem\",\"position\":3,\"name\":\"PARDUODAMA VILA PRIE \u017dAUG\u0116D\u0172 E\u017dERO, MOL\u0116T\u0172 RAJONE\"}]},{\"@type\":\"WebSite\",\"@id\":\"https:\\\/\\\/www.namude.lt\\\/#website\",\"url\":\"https:\\\/\\\/www.namude.lt\\\/\",\"name\":\"Namud\u0117\",\"description\":\"\u201eNamud\u0117\u201c \u2013 agent\u016bra, pardavin\u0117janti Auk\u0161taitijos NT grynuolius.\",\"publisher\":{\"@id\":\"https:\\\/\\\/www.namude.lt\\\/#organization\"},\"potentialAction\":[{\"@type\":\"SearchAction\",\"target\":{\"@type\":\"EntryPoint\",\"urlTemplate\":\"https:\\\/\\\/www.namude.lt\\\/?s={search_term_string}\"},\"query-input\":{\"@type\":\"PropertyValueSpecification\",\"valueRequired\":true,\"valueName\":\"search_term_string\"}}],\"inLanguage\":\"ru-RU\"},{\"@type\":\"Organization\",\"@id\":\"https:\\\/\\\/www.namude.lt\\\/#organization\",\"name\":\"Namud\u0117\",\"url\":\"https:\\\/\\\/www.namude.lt\\\/\",\"logo\":{\"@type\":\"ImageObject\",\"inLanguage\":\"ru-RU\",\"@id\":\"https:\\\/\\\/www.namude.lt\\\/#\\\/schema\\\/logo\\\/image\\\/\",\"url\":\"https:\\\/\\\/www.namude.lt\\\/wp-content\\\/uploads\\\/2023\\\/11\\\/logo-symbol.svg\",\"contentUrl\":\"https:\\\/\\\/www.namude.lt\\\/wp-content\\\/uploads\\\/2023\\\/11\\\/logo-symbol.svg\",\"width\":1,\"height\":1,\"caption\":\"Namud\u0117\"},\"image\":{\"@id\":\"https:\\\/\\\/www.namude.lt\\\/#\\\/schema\\\/logo\\\/image\\\/\"}}]}<\/script>\n<!-- \/ Yoast SEO plugin. -->","yoast_head_json":{"title":"PARDUODAMA VILA PRIE \u017dAUG\u0116D\u0172 E\u017dERO, MOL\u0116T\u0172 RAJONE - Namud\u0117","robots":{"index":"index","follow":"follow","max-snippet":"max-snippet:-1","max-image-preview":"max-image-preview:large","max-video-preview":"max-video-preview:-1"},"canonical":"https:\/\/www.namude.lt\/objektas\/parduodama-vila-prie-zaugedu-ezero-moletu-rajone\/","og_locale":"ru_RU","og_type":"article","og_title":"PARDUODAMA VILA PRIE \u017dAUG\u0116D\u0172 E\u017dERO, MOL\u0116T\u0172 RAJONE - Namud\u0117","og_description":"\u017daug\u0117d\u0173 k., Mol\u0117t\u0173 rajone prie \u017daug\u0117d\u0173 e\u017eero. Gra\u017ei ir privati aplinka, o netoliese esantis e\u017eeras puikiai tiks maudyn\u0117ms, \u017evejybai ar leisti laik\u0105 su \u0161eima ir draugais. O erdvi pirtis su kubilu leis m\u0117gautis jaukiomis akimirkomis bet kuriuo met\u0173 laiku.  PRIVALUMAI: \u2013 M\u016brin\u0117 vila 173kv.m., (3 bendro naudojimo patalpos , 4 \u012fvairaus dyd\u017eio miegamieji, 2 wc kambariai su du\u0161o kabinomis, sand\u0117liavimo patalpos, r\u016bsys po visu pastatu). \u2013 Kiti statiniai \u2013 gara\u017eas, pirtis su kubilu. \u2013 \u017dem\u0117s sklypo plotas \u2013 37a., apsodinta dekoratyviniais ir brand\u017eiais med\u017eiais; \u2013 Vandentiekis \u2013 gr\u0119\u017einys; \u2013 \u0160ildymas centrinis; \u2013 40m iki \u017daug\u0117d\u0173 e\u017eero, o iki Arino papl\u016bdimio tik 4km; \u2013 Patogus priva\u017eiavimas, atstumai iki Joni\u0161kio miestelio 4km, Pabrad\u0117s 18km, Dubingi\u0173 19km, Mol\u0117t\u0173 31km, Utenos 63km, Vilniaus 65km. Koordinat\u0117s : maps.lt \u2013 55.103181, 25.686615 Kvie\u010diame ap\u017ei\u016br\u0117ti \u0161i\u0105 viet\u0105 patiems! Lauksime atvykstant ir savaitgaliais","og_url":"https:\/\/www.namude.lt\/objektas\/parduodama-vila-prie-zaugedu-ezero-moletu-rajone\/","og_site_name":"Namud\u0117","article_modified_time":"2025-10-23T13:48:34+00:00","og_image":[{"width":1024,"height":692,"url":"https:\/\/www.namude.lt\/wp-content\/uploads\/2025\/06\/4-24-1024x692.jpg","type":"image\/jpeg"}],"twitter_card":"summary_large_image","schema":{"@context":"https:\/\/schema.org","@graph":[{"@type":"WebPage","@id":"https:\/\/www.namude.lt\/objektas\/parduodama-vila-prie-zaugedu-ezero-moletu-rajone\/","url":"https:\/\/www.namude.lt\/objektas\/parduodama-vila-prie-zaugedu-ezero-moletu-rajone\/","name":"PARDUODAMA VILA PRIE \u017dAUG\u0116D\u0172 E\u017dERO, MOL\u0116T\u0172 RAJONE - Namud\u0117","isPartOf":{"@id":"https:\/\/www.namude.lt\/#website"},"primaryImageOfPage":{"@id":"https:\/\/www.namude.lt\/objektas\/parduodama-vila-prie-zaugedu-ezero-moletu-rajone\/#primaryimage"},"image":{"@id":"https:\/\/www.namude.lt\/objektas\/parduodama-vila-prie-zaugedu-ezero-moletu-rajone\/#primaryimage"},"thumbnailUrl":"https:\/\/www.namude.lt\/wp-content\/uploads\/2025\/06\/4-24.jpg","datePublished":"2025-06-27T05:39:13+00:00","dateModified":"2025-10-23T13:48:34+00:00","breadcrumb":{"@id":"https:\/\/www.namude.lt\/objektas\/parduodama-vila-prie-zaugedu-ezero-moletu-rajone\/#breadcrumb"},"inLanguage":"ru-RU","potentialAction":[{"@type":"ReadAction","target":["https:\/\/www.namude.lt\/objektas\/parduodama-vila-prie-zaugedu-ezero-moletu-rajone\/"]}]},{"@type":"ImageObject","inLanguage":"ru-RU","@id":"https:\/\/www.namude.lt\/objektas\/parduodama-vila-prie-zaugedu-ezero-moletu-rajone\/#primaryimage","url":"https:\/\/www.namude.lt\/wp-content\/uploads\/2025\/06\/4-24.jpg","contentUrl":"https:\/\/www.namude.lt\/wp-content\/uploads\/2025\/06\/4-24.jpg","width":8000,"height":5410},{"@type":"BreadcrumbList","@id":"https:\/\/www.namude.lt\/objektas\/parduodama-vila-prie-zaugedu-ezero-moletu-rajone\/#breadcrumb","itemListElement":[{"@type":"ListItem","position":1,"name":"Home","item":"https:\/\/www.namude.lt\/ru\/"},{"@type":"ListItem","position":2,"name":"\u041e\u0431\u044a\u0435\u043a\u0442\u044b","item":"https:\/\/www.namude.lt\/ru\/%d0%be%d0%b1%d1%8a%d0%b5%d0%ba%d1%82%d1%8b\/"},{"@type":"ListItem","position":3,"name":"PARDUODAMA VILA PRIE \u017dAUG\u0116D\u0172 E\u017dERO, MOL\u0116T\u0172 RAJONE"}]},{"@type":"WebSite","@id":"https:\/\/www.namude.lt\/#website","url":"https:\/\/www.namude.lt\/","name":"Namud\u0117","description":"\u201eNamud\u0117\u201c \u2013 agent\u016bra, pardavin\u0117janti Auk\u0161taitijos NT grynuolius.","publisher":{"@id":"https:\/\/www.namude.lt\/#organization"},"potentialAction":[{"@type":"SearchAction","target":{"@type":"EntryPoint","urlTemplate":"https:\/\/www.namude.lt\/?s={search_term_string}"},"query-input":{"@type":"PropertyValueSpecification","valueRequired":true,"valueName":"search_term_string"}}],"inLanguage":"ru-RU"},{"@type":"Organization","@id":"https:\/\/www.namude.lt\/#organization","name":"Namud\u0117","url":"https:\/\/www.namude.lt\/","logo":{"@type":"ImageObject","inLanguage":"ru-RU","@id":"https:\/\/www.namude.lt\/#\/schema\/logo\/image\/","url":"https:\/\/www.namude.lt\/wp-content\/uploads\/2023\/11\/logo-symbol.svg","contentUrl":"https:\/\/www.namude.lt\/wp-content\/uploads\/2023\/11\/logo-symbol.svg","width":1,"height":1,"caption":"Namud\u0117"},"image":{"@id":"https:\/\/www.namude.lt\/#\/schema\/logo\/image\/"}}]}},"_links":{"self":[{"href":"https:\/\/www.namude.lt\/ru\/wp-json\/wp\/v2\/product\/19721","targetHints":{"allow":["GET"]}}],"collection":[{"href":"https:\/\/www.namude.lt\/ru\/wp-json\/wp\/v2\/product"}],"about":[{"href":"https:\/\/www.namude.lt\/ru\/wp-json\/wp\/v2\/types\/product"}],"wp:featuredmedia":[{"embeddable":true,"href":"https:\/\/www.namude.lt\/ru\/wp-json\/wp\/v2\/media\/22446"}],"wp:attachment":[{"href":"https:\/\/www.namude.lt\/ru\/wp-json\/wp\/v2\/media?parent=19721"}],"wp:term":[{"taxonomy":"product_brand","embeddable":true,"href":"https:\/\/www.namude.lt\/ru\/wp-json\/wp\/v2\/product_brand?post=19721"},{"taxonomy":"product_cat","embeddable":true,"href":"https:\/\/www.namude.lt\/ru\/wp-json\/wp\/v2\/product_cat?post=19721"},{"taxonomy":"product_tag","embeddable":true,"href":"https:\/\/www.namude.lt\/ru\/wp-json\/wp\/v2\/product_tag?post=19721"}],"curies":[{"name":"wp","href":"https:\/\/api.w.org\/{rel}","templated":true}]}}