{"id":19567,"date":"2025-06-26T10:24:14","date_gmt":"2025-06-26T07:24:14","guid":{"rendered":"https:\/\/www.namude.lt\/?post_type=product&#038;p=19567"},"modified":"2025-10-31T09:00:14","modified_gmt":"2025-10-31T07:00:14","slug":"parduodamas-2-kambariu-butas-ukmerges-rajone-lyduokiu-miestelyje","status":"publish","type":"product","link":"https:\/\/www.namude.lt\/ru\/\u043e\u0431\u044a\u0435\u043a\u0442\/parduodamas-2-kambariu-butas-ukmerges-rajone-lyduokiu-miestelyje\/","title":{"rendered":"PARDUODAMAS 2 KAMBARI\u0172 BUTAS UKMERG\u0116S RAJONE LYDUOKI\u0172 MIESTELYJE!"},"content":{"rendered":"","protected":false},"excerpt":{"rendered":"<p><strong>Taikos gatv\u0117je \u2013  \u0161viesus ir jaukiai suremontuotas 2 kambari\u0173 butas pasiruo\u0161\u0119s priimti naujus \u0161eimininkus. Lyduokiai \u2013 tvarkingas miestelis Ukmerg\u0117s rajone, apsuptas vaizdingos gamtos. <\/strong><a href=\"https:\/\/www.namude.lt\/kategorija\/butai\/?filter_rajonas=kiti-rajonai&amp;query_type_rajonas=or\"><\/a>Netoliese plyti mi\u0161kai, laukai, yra pasivaik\u0161\u010diojimo tak\u0173, ideali vieta ie\u0161kantiems tylos ir atokv\u0117pio nuo miesto. Miestelis gars\u0117ja savo istorija, \u010dia stovi medin\u0117 ba\u017eny\u010dia, tvarkingas senasis dvaras su tvenkiniu. Ukmerg\u0117s miestas vos 20 minu\u010di\u0173 automobiliu, tod\u0117l susisiekimas \u2013 patogus.<\/p>\n<p>PRIVALUMAI:<br \/>\n\u2013 Butas 53.90kv. m. 2 auk\u0161tas i\u0161 4 \u2013 (2 kambariai: svetain\u0117 ir miegamasis, kambariai suremontuoti, pakeisti langai (ritin\u0117 ir pietin\u0117 pus\u0117s), balkonas);<br \/>\n\u2013 Vonia ir tualetas atskiroje patalpoje;<br \/>\n\u2013 R\u016bsys ;<br \/>\n\u2013 \u0160ildymas ( galima jungtis kieto kuro katilu ar dujomis) ;<br \/>\n\u2013  Namui priklauso 21a \u017eem\u0117s sklypas ( sutvarkyta aplinka, kiemo supyn\u0117s);<br \/>\n\u2013 Atstumai iki Ukmerg\u0117s 17km; Mol\u0117t\u0173 32km; Anyk\u0161\u010di\u0173 45km; Jonavos 56km;  Utena 68km; Panev\u0117\u017eio 65km; Vilniaus 80km.<\/p>\n<p>Koordinat\u0117s : maps.lt \u2013 55.266366, 24.943772<\/p>\n<p>D\u0117l i\u0161samesn\u0117s informacijos ar ap\u017ei\u016bros susisiekite ir mes visk\u0105 Jums papasakosime.<\/p>\n","protected":false},"featured_media":23305,"template":"","meta":{"_acf_changed":false},"product_brand":[],"product_cat":[27],"product_tag":[],"class_list":{"0":"post-19567","1":"product","2":"type-product","3":"status-publish","4":"has-post-thumbnail","6":"product_cat-butai","7":"pa_rajonas-kiti-rajonai","8":"description-off","10":"first","11":"instock","12":"shipping-taxable","13":"purchasable","14":"product-type-simple"},"acf":[],"yoast_head":"<!-- This site is optimized with the Yoast SEO plugin v27.0 - https:\/\/yoast.com\/product\/yoast-seo-wordpress\/ -->\n<title>PARDUODAMAS 2 KAMBARI\u0172 BUTAS UKMERG\u0116S RAJONE LYDUOKI\u0172 MIESTELYJE! - Namud\u0117<\/title>\n<meta name=\"robots\" content=\"index, follow, max-snippet:-1, max-image-preview:large, max-video-preview:-1\" \/>\n<link rel=\"canonical\" href=\"https:\/\/www.namude.lt\/objektas\/parduodamas-2-kambariu-butas-ukmerges-rajone-lyduokiu-miestelyje\/\" \/>\n<meta property=\"og:locale\" content=\"ru_RU\" \/>\n<meta property=\"og:type\" content=\"article\" \/>\n<meta property=\"og:title\" content=\"PARDUODAMAS 2 KAMBARI\u0172 BUTAS UKMERG\u0116S RAJONE LYDUOKI\u0172 MIESTELYJE! - Namud\u0117\" \/>\n<meta property=\"og:description\" content=\"Taikos gatv\u0117je \u2013 \u0161viesus ir jaukiai suremontuotas 2 kambari\u0173 butas pasiruo\u0161\u0119s priimti naujus \u0161eimininkus. Lyduokiai \u2013 tvarkingas miestelis Ukmerg\u0117s rajone, apsuptas vaizdingos gamtos. Netoliese plyti mi\u0161kai, laukai, yra pasivaik\u0161\u010diojimo tak\u0173, ideali vieta ie\u0161kantiems tylos ir atokv\u0117pio nuo miesto. Miestelis gars\u0117ja savo istorija, \u010dia stovi medin\u0117 ba\u017eny\u010dia, tvarkingas senasis dvaras su tvenkiniu. Ukmerg\u0117s miestas vos 20 minu\u010di\u0173 automobiliu, tod\u0117l susisiekimas \u2013 patogus.  PRIVALUMAI: \u2013 Butas 53.90kv. m. 2 auk\u0161tas i\u0161 4 \u2013 (2 kambariai: svetain\u0117 ir miegamasis, kambariai suremontuoti, pakeisti langai (ritin\u0117 ir pietin\u0117 pus\u0117s), balkonas); \u2013 Vonia ir tualetas atskiroje patalpoje; \u2013 R\u016bsys ; \u2013 \u0160ildymas ( galima jungtis kieto kuro katilu ar dujomis) ; \u2013 Namui priklauso 21a \u017eem\u0117s sklypas ( sutvarkyta aplinka, kiemo supyn\u0117s); \u2013 Atstumai iki Ukmerg\u0117s 17km; Mol\u0117t\u0173 32km; Anyk\u0161\u010di\u0173 45km; Jonavos 56km; Utena 68km; Panev\u0117\u017eio 65km; Vilniaus 80km.  Koordinat\u0117s : maps.lt \u2013 55.266366, 24.943772  D\u0117l i\u0161samesn\u0117s informacijos ar ap\u017ei\u016bros susisiekite ir mes visk\u0105 Jums papasakosime.\" \/>\n<meta property=\"og:url\" content=\"https:\/\/www.namude.lt\/objektas\/parduodamas-2-kambariu-butas-ukmerges-rajone-lyduokiu-miestelyje\/\" \/>\n<meta property=\"og:site_name\" content=\"Namud\u0117\" \/>\n<meta property=\"article:modified_time\" content=\"2025-10-31T07:00:14+00:00\" \/>\n<meta property=\"og:image\" content=\"https:\/\/www.namude.lt\/wp-content\/uploads\/2025\/06\/1-24.jpg\" \/>\n\t<meta property=\"og:image:width\" content=\"2400\" \/>\n\t<meta property=\"og:image:height\" content=\"1800\" \/>\n\t<meta property=\"og:image:type\" content=\"image\/jpeg\" \/>\n<meta name=\"twitter:card\" content=\"summary_large_image\" \/>\n<script type=\"application\/ld+json\" class=\"yoast-schema-graph\">{\"@context\":\"https:\/\/schema.org\",\"@graph\":[{\"@type\":\"WebPage\",\"@id\":\"https:\/\/www.namude.lt\/objektas\/parduodamas-2-kambariu-butas-ukmerges-rajone-lyduokiu-miestelyje\/\",\"url\":\"https:\/\/www.namude.lt\/objektas\/parduodamas-2-kambariu-butas-ukmerges-rajone-lyduokiu-miestelyje\/\",\"name\":\"PARDUODAMAS 2 KAMBARI\u0172 BUTAS UKMERG\u0116S RAJONE LYDUOKI\u0172 MIESTELYJE! - Namud\u0117\",\"isPartOf\":{\"@id\":\"https:\/\/www.namude.lt\/#website\"},\"primaryImageOfPage\":{\"@id\":\"https:\/\/www.namude.lt\/objektas\/parduodamas-2-kambariu-butas-ukmerges-rajone-lyduokiu-miestelyje\/#primaryimage\"},\"image\":{\"@id\":\"https:\/\/www.namude.lt\/objektas\/parduodamas-2-kambariu-butas-ukmerges-rajone-lyduokiu-miestelyje\/#primaryimage\"},\"thumbnailUrl\":\"https:\/\/www.namude.lt\/wp-content\/uploads\/2025\/06\/1-24.jpg\",\"datePublished\":\"2025-06-26T07:24:14+00:00\",\"dateModified\":\"2025-10-31T07:00:14+00:00\",\"breadcrumb\":{\"@id\":\"https:\/\/www.namude.lt\/objektas\/parduodamas-2-kambariu-butas-ukmerges-rajone-lyduokiu-miestelyje\/#breadcrumb\"},\"inLanguage\":\"ru-RU\",\"potentialAction\":[{\"@type\":\"ReadAction\",\"target\":[\"https:\/\/www.namude.lt\/objektas\/parduodamas-2-kambariu-butas-ukmerges-rajone-lyduokiu-miestelyje\/\"]}]},{\"@type\":\"ImageObject\",\"inLanguage\":\"ru-RU\",\"@id\":\"https:\/\/www.namude.lt\/objektas\/parduodamas-2-kambariu-butas-ukmerges-rajone-lyduokiu-miestelyje\/#primaryimage\",\"url\":\"https:\/\/www.namude.lt\/wp-content\/uploads\/2025\/06\/1-24.jpg\",\"contentUrl\":\"https:\/\/www.namude.lt\/wp-content\/uploads\/2025\/06\/1-24.jpg\",\"width\":2400,\"height\":1800},{\"@type\":\"BreadcrumbList\",\"@id\":\"https:\/\/www.namude.lt\/objektas\/parduodamas-2-kambariu-butas-ukmerges-rajone-lyduokiu-miestelyje\/#breadcrumb\",\"itemListElement\":[{\"@type\":\"ListItem\",\"position\":1,\"name\":\"Home\",\"item\":\"https:\/\/www.namude.lt\/ru\/\"},{\"@type\":\"ListItem\",\"position\":2,\"name\":\"\u041e\u0431\u044a\u0435\u043a\u0442\u044b\",\"item\":\"https:\/\/www.namude.lt\/ru\/%d0%be%d0%b1%d1%8a%d0%b5%d0%ba%d1%82%d1%8b\/\"},{\"@type\":\"ListItem\",\"position\":3,\"name\":\"PARDUODAMAS 2 KAMBARI\u0172 BUTAS UKMERG\u0116S RAJONE LYDUOKI\u0172 MIESTELYJE!\"}]},{\"@type\":\"WebSite\",\"@id\":\"https:\/\/www.namude.lt\/#website\",\"url\":\"https:\/\/www.namude.lt\/\",\"name\":\"Namud\u0117\",\"description\":\"\u201eNamud\u0117\u201c \u2013 agent\u016bra, pardavin\u0117janti Auk\u0161taitijos NT grynuolius.\",\"publisher\":{\"@id\":\"https:\/\/www.namude.lt\/#organization\"},\"potentialAction\":[{\"@type\":\"SearchAction\",\"target\":{\"@type\":\"EntryPoint\",\"urlTemplate\":\"https:\/\/www.namude.lt\/?s={search_term_string}\"},\"query-input\":{\"@type\":\"PropertyValueSpecification\",\"valueRequired\":true,\"valueName\":\"search_term_string\"}}],\"inLanguage\":\"ru-RU\"},{\"@type\":\"Organization\",\"@id\":\"https:\/\/www.namude.lt\/#organization\",\"name\":\"Namud\u0117\",\"url\":\"https:\/\/www.namude.lt\/\",\"logo\":{\"@type\":\"ImageObject\",\"inLanguage\":\"ru-RU\",\"@id\":\"https:\/\/www.namude.lt\/#\/schema\/logo\/image\/\",\"url\":\"https:\/\/www.namude.lt\/wp-content\/uploads\/2023\/11\/logo-symbol.svg\",\"contentUrl\":\"https:\/\/www.namude.lt\/wp-content\/uploads\/2023\/11\/logo-symbol.svg\",\"width\":1,\"height\":1,\"caption\":\"Namud\u0117\"},\"image\":{\"@id\":\"https:\/\/www.namude.lt\/#\/schema\/logo\/image\/\"}}]}<\/script>\n<!-- \/ Yoast SEO plugin. -->","yoast_head_json":{"title":"PARDUODAMAS 2 KAMBARI\u0172 BUTAS UKMERG\u0116S RAJONE LYDUOKI\u0172 MIESTELYJE! - Namud\u0117","robots":{"index":"index","follow":"follow","max-snippet":"max-snippet:-1","max-image-preview":"max-image-preview:large","max-video-preview":"max-video-preview:-1"},"canonical":"https:\/\/www.namude.lt\/objektas\/parduodamas-2-kambariu-butas-ukmerges-rajone-lyduokiu-miestelyje\/","og_locale":"ru_RU","og_type":"article","og_title":"PARDUODAMAS 2 KAMBARI\u0172 BUTAS UKMERG\u0116S RAJONE LYDUOKI\u0172 MIESTELYJE! - Namud\u0117","og_description":"Taikos gatv\u0117je \u2013 \u0161viesus ir jaukiai suremontuotas 2 kambari\u0173 butas pasiruo\u0161\u0119s priimti naujus \u0161eimininkus. Lyduokiai \u2013 tvarkingas miestelis Ukmerg\u0117s rajone, apsuptas vaizdingos gamtos. Netoliese plyti mi\u0161kai, laukai, yra pasivaik\u0161\u010diojimo tak\u0173, ideali vieta ie\u0161kantiems tylos ir atokv\u0117pio nuo miesto. Miestelis gars\u0117ja savo istorija, \u010dia stovi medin\u0117 ba\u017eny\u010dia, tvarkingas senasis dvaras su tvenkiniu. Ukmerg\u0117s miestas vos 20 minu\u010di\u0173 automobiliu, tod\u0117l susisiekimas \u2013 patogus.  PRIVALUMAI: \u2013 Butas 53.90kv. m. 2 auk\u0161tas i\u0161 4 \u2013 (2 kambariai: svetain\u0117 ir miegamasis, kambariai suremontuoti, pakeisti langai (ritin\u0117 ir pietin\u0117 pus\u0117s), balkonas); \u2013 Vonia ir tualetas atskiroje patalpoje; \u2013 R\u016bsys ; \u2013 \u0160ildymas ( galima jungtis kieto kuro katilu ar dujomis) ; \u2013 Namui priklauso 21a \u017eem\u0117s sklypas ( sutvarkyta aplinka, kiemo supyn\u0117s); \u2013 Atstumai iki Ukmerg\u0117s 17km; Mol\u0117t\u0173 32km; Anyk\u0161\u010di\u0173 45km; Jonavos 56km; Utena 68km; Panev\u0117\u017eio 65km; Vilniaus 80km.  Koordinat\u0117s : maps.lt \u2013 55.266366, 24.943772  D\u0117l i\u0161samesn\u0117s informacijos ar ap\u017ei\u016bros susisiekite ir mes visk\u0105 Jums papasakosime.","og_url":"https:\/\/www.namude.lt\/objektas\/parduodamas-2-kambariu-butas-ukmerges-rajone-lyduokiu-miestelyje\/","og_site_name":"Namud\u0117","article_modified_time":"2025-10-31T07:00:14+00:00","og_image":[{"width":2400,"height":1800,"url":"https:\/\/www.namude.lt\/wp-content\/uploads\/2025\/06\/1-24.jpg","type":"image\/jpeg"}],"twitter_card":"summary_large_image","schema":{"@context":"https:\/\/schema.org","@graph":[{"@type":"WebPage","@id":"https:\/\/www.namude.lt\/objektas\/parduodamas-2-kambariu-butas-ukmerges-rajone-lyduokiu-miestelyje\/","url":"https:\/\/www.namude.lt\/objektas\/parduodamas-2-kambariu-butas-ukmerges-rajone-lyduokiu-miestelyje\/","name":"PARDUODAMAS 2 KAMBARI\u0172 BUTAS UKMERG\u0116S RAJONE LYDUOKI\u0172 MIESTELYJE! - Namud\u0117","isPartOf":{"@id":"https:\/\/www.namude.lt\/#website"},"primaryImageOfPage":{"@id":"https:\/\/www.namude.lt\/objektas\/parduodamas-2-kambariu-butas-ukmerges-rajone-lyduokiu-miestelyje\/#primaryimage"},"image":{"@id":"https:\/\/www.namude.lt\/objektas\/parduodamas-2-kambariu-butas-ukmerges-rajone-lyduokiu-miestelyje\/#primaryimage"},"thumbnailUrl":"https:\/\/www.namude.lt\/wp-content\/uploads\/2025\/06\/1-24.jpg","datePublished":"2025-06-26T07:24:14+00:00","dateModified":"2025-10-31T07:00:14+00:00","breadcrumb":{"@id":"https:\/\/www.namude.lt\/objektas\/parduodamas-2-kambariu-butas-ukmerges-rajone-lyduokiu-miestelyje\/#breadcrumb"},"inLanguage":"ru-RU","potentialAction":[{"@type":"ReadAction","target":["https:\/\/www.namude.lt\/objektas\/parduodamas-2-kambariu-butas-ukmerges-rajone-lyduokiu-miestelyje\/"]}]},{"@type":"ImageObject","inLanguage":"ru-RU","@id":"https:\/\/www.namude.lt\/objektas\/parduodamas-2-kambariu-butas-ukmerges-rajone-lyduokiu-miestelyje\/#primaryimage","url":"https:\/\/www.namude.lt\/wp-content\/uploads\/2025\/06\/1-24.jpg","contentUrl":"https:\/\/www.namude.lt\/wp-content\/uploads\/2025\/06\/1-24.jpg","width":2400,"height":1800},{"@type":"BreadcrumbList","@id":"https:\/\/www.namude.lt\/objektas\/parduodamas-2-kambariu-butas-ukmerges-rajone-lyduokiu-miestelyje\/#breadcrumb","itemListElement":[{"@type":"ListItem","position":1,"name":"Home","item":"https:\/\/www.namude.lt\/ru\/"},{"@type":"ListItem","position":2,"name":"\u041e\u0431\u044a\u0435\u043a\u0442\u044b","item":"https:\/\/www.namude.lt\/ru\/%d0%be%d0%b1%d1%8a%d0%b5%d0%ba%d1%82%d1%8b\/"},{"@type":"ListItem","position":3,"name":"PARDUODAMAS 2 KAMBARI\u0172 BUTAS UKMERG\u0116S RAJONE LYDUOKI\u0172 MIESTELYJE!"}]},{"@type":"WebSite","@id":"https:\/\/www.namude.lt\/#website","url":"https:\/\/www.namude.lt\/","name":"Namud\u0117","description":"\u201eNamud\u0117\u201c \u2013 agent\u016bra, pardavin\u0117janti Auk\u0161taitijos NT grynuolius.","publisher":{"@id":"https:\/\/www.namude.lt\/#organization"},"potentialAction":[{"@type":"SearchAction","target":{"@type":"EntryPoint","urlTemplate":"https:\/\/www.namude.lt\/?s={search_term_string}"},"query-input":{"@type":"PropertyValueSpecification","valueRequired":true,"valueName":"search_term_string"}}],"inLanguage":"ru-RU"},{"@type":"Organization","@id":"https:\/\/www.namude.lt\/#organization","name":"Namud\u0117","url":"https:\/\/www.namude.lt\/","logo":{"@type":"ImageObject","inLanguage":"ru-RU","@id":"https:\/\/www.namude.lt\/#\/schema\/logo\/image\/","url":"https:\/\/www.namude.lt\/wp-content\/uploads\/2023\/11\/logo-symbol.svg","contentUrl":"https:\/\/www.namude.lt\/wp-content\/uploads\/2023\/11\/logo-symbol.svg","width":1,"height":1,"caption":"Namud\u0117"},"image":{"@id":"https:\/\/www.namude.lt\/#\/schema\/logo\/image\/"}}]}},"_links":{"self":[{"href":"https:\/\/www.namude.lt\/ru\/wp-json\/wp\/v2\/product\/19567","targetHints":{"allow":["GET"]}}],"collection":[{"href":"https:\/\/www.namude.lt\/ru\/wp-json\/wp\/v2\/product"}],"about":[{"href":"https:\/\/www.namude.lt\/ru\/wp-json\/wp\/v2\/types\/product"}],"wp:featuredmedia":[{"embeddable":true,"href":"https:\/\/www.namude.lt\/ru\/wp-json\/wp\/v2\/media\/23305"}],"wp:attachment":[{"href":"https:\/\/www.namude.lt\/ru\/wp-json\/wp\/v2\/media?parent=19567"}],"wp:term":[{"taxonomy":"product_brand","embeddable":true,"href":"https:\/\/www.namude.lt\/ru\/wp-json\/wp\/v2\/product_brand?post=19567"},{"taxonomy":"product_cat","embeddable":true,"href":"https:\/\/www.namude.lt\/ru\/wp-json\/wp\/v2\/product_cat?post=19567"},{"taxonomy":"product_tag","embeddable":true,"href":"https:\/\/www.namude.lt\/ru\/wp-json\/wp\/v2\/product_tag?post=19567"}],"curies":[{"name":"wp","href":"https:\/\/api.w.org\/{rel}","templated":true}]}}