{"id":19477,"date":"2025-06-23T14:54:22","date_gmt":"2025-06-23T11:54:22","guid":{"rendered":"https:\/\/www.namude.lt\/?post_type=product&#038;p=19477"},"modified":"2025-09-03T11:32:05","modified_gmt":"2025-09-03T08:32:05","slug":"parduodamas-gyvenamasis-namas-svencioniu-rajone-svencioneliu-mieste-mokyklos-gatveje","status":"publish","type":"product","link":"https:\/\/www.namude.lt\/ru\/\u043e\u0431\u044a\u0435\u043a\u0442\/parduodamas-gyvenamasis-namas-svencioniu-rajone-svencioneliu-mieste-mokyklos-gatveje\/","title":{"rendered":"Parduodamas gyvenamasis namas \u0160ven\u010dioni\u0173 rajone, \u0160ven\u010dion\u0117li\u0173 mieste, Mokyklos gatv\u0117je."},"content":{"rendered":"","protected":false},"excerpt":{"rendered":"<p><strong>Gra\u017eioje ir ramioje vietoje, u\u017edarame sklype su pri\u017ei\u016br\u0117ta aplinka.<\/strong><a href=\"https:\/\/www.namude.lt\/kategorija\/namai\/?filter_rajonas=svencioniu-rajonas&amp;query_type_rajonas=or\"><\/a> Patogi ir saugi namo vieta. Netoliese maisto preki\u0173 ir kitos parduotuv\u0117s, turgus, gimnazija ir vaik\u0173 dar\u017eelis, poliklinika, gele\u017einkelio ir autobus\u0173 stotys, seni\u016bnija, ba\u017eny\u010dia ir t.t. Nam\u0173 valda yra pu\u0161yn\u0117li\u0173 apsuptyje. P\u0117s\u010diomis galima nueiti iki \u017deimenos up\u0117s, u\u017e kurios prasideda Labanoro girios mi\u0161kai su savo e\u017eerais, grybais ir uogomis&#8230;Ir miestas, ir gamta \u0161alia, tod\u0117l tinka ne tik gyvenimui, bet ir poilsiui.<br \/>\nPrivalumai:<br \/>\n&#8212;\tPri\u017ei\u016br\u0117tas r\u0105stinis gyvenamasis namas. Bendras plotas \u2013 65.73 kv. m. Trys kambariai, virtuv\u0117, dvi verandos, po namu r\u016bsys.<br \/>\n&#8212;\t\u0160ildymas krosnimis, vanduo i\u0161 \u0161ulinio, tualetas lauke.<br \/>\n&#8212;\tM\u016briniai \u016bkiniai pastatai: gara\u017eas, lauko virtuv\u0117, pirtel\u0117, malkin\u0117.<br \/>\n&#8212;\t\u0160ulinys, sodo vandentiekis, sodas ir dar\u017eas(yra padarytas ir suderintas projektas vandentiekio ir kanalizacijos prijungimo prie miesto tinkl\u0173)<br \/>\n&#8212;\tNam\u0173 valdos sklypo plotas \u2013 0.1722 ha<br \/>\n&#8212;\tVisas sklypas pri\u017ei\u016br\u0117tas, ap\u017eeldintas dekoratyviniais augalais, aptvertas.<br \/>\n&#8212;\tPatogus ir geras priva\u017eiavimas visais met\u0173 laikais. Atstumai: iki Vilniaus apie 96 km, iki rajono centro \u0160ven\u010dioni\u0173 apie 12 km,<br \/>\niki \u017deimenos up\u0117s apie 0.7 km, iki miesto centro apie 0.9 km, iki gele\u017einkelio ir autobus\u0173 sto\u010di\u0173 apie 1 km.<br \/>\nKvie\u010diame ap\u017ei\u016br\u0117ti ir \u012fvertinti \u0161i\u0105 vieta. Visada laukiame.<br \/>\nKoordinat\u0117s:<br \/>\nmaps.lt &#8212; 55.157589, 25.998269<\/p>\n","protected":false},"featured_media":19478,"template":"","meta":{"_acf_changed":false},"product_brand":[],"product_cat":[23,26],"product_tag":[],"class_list":{"0":"post-19477","1":"product","2":"type-product","3":"status-publish","4":"has-post-thumbnail","6":"product_cat-sodybos","7":"product_cat-namai","8":"pa_rajonas-svencioniu-rajonas","9":"description-off","11":"first","12":"instock","13":"sale","14":"shipping-taxable","15":"purchasable","16":"product-type-simple"},"acf":[],"yoast_head":"<!-- This site is optimized with the Yoast SEO plugin v27.0 - https:\/\/yoast.com\/product\/yoast-seo-wordpress\/ -->\n<title>Parduodamas gyvenamasis namas \u0160ven\u010dioni\u0173 rajone, \u0160ven\u010dion\u0117li\u0173 mieste, Mokyklos gatv\u0117je. - Namud\u0117<\/title>\n<meta name=\"robots\" content=\"index, follow, max-snippet:-1, max-image-preview:large, max-video-preview:-1\" \/>\n<link rel=\"canonical\" href=\"https:\/\/www.namude.lt\/objektas\/parduodamas-gyvenamasis-namas-svencioniu-rajone-svencioneliu-mieste-mokyklos-gatveje\/\" \/>\n<meta property=\"og:locale\" content=\"ru_RU\" \/>\n<meta property=\"og:type\" content=\"article\" \/>\n<meta property=\"og:title\" content=\"Parduodamas gyvenamasis namas \u0160ven\u010dioni\u0173 rajone, \u0160ven\u010dion\u0117li\u0173 mieste, Mokyklos gatv\u0117je. - Namud\u0117\" \/>\n<meta property=\"og:description\" content=\"Gra\u017eioje ir ramioje vietoje, u\u017edarame sklype su pri\u017ei\u016br\u0117ta aplinka. Patogi ir saugi namo vieta. Netoliese maisto preki\u0173 ir kitos parduotuv\u0117s, turgus, gimnazija ir vaik\u0173 dar\u017eelis, poliklinika, gele\u017einkelio ir autobus\u0173 stotys, seni\u016bnija, ba\u017eny\u010dia ir t.t. Nam\u0173 valda yra pu\u0161yn\u0117li\u0173 apsuptyje. P\u0117s\u010diomis galima nueiti iki \u017deimenos up\u0117s, u\u017e kurios prasideda Labanoro girios mi\u0161kai su savo e\u017eerais, grybais ir uogomis...Ir miestas, ir gamta \u0161alia, tod\u0117l tinka ne tik gyvenimui, bet ir poilsiui. Privalumai: - Pri\u017ei\u016br\u0117tas r\u0105stinis gyvenamasis namas. Bendras plotas \u2013 65.73 kv. m. Trys kambariai, virtuv\u0117, dvi verandos, po namu r\u016bsys. - \u0160ildymas krosnimis, vanduo i\u0161 \u0161ulinio, tualetas lauke. - M\u016briniai \u016bkiniai pastatai: gara\u017eas, lauko virtuv\u0117, pirtel\u0117, malkin\u0117.  - \u0160ulinys, sodo vandentiekis, sodas ir dar\u017eas(yra padarytas ir suderintas projektas vandentiekio ir kanalizacijos prijungimo prie miesto tinkl\u0173) - Nam\u0173 valdos sklypo plotas \u2013 0.1722 ha - Visas sklypas pri\u017ei\u016br\u0117tas, ap\u017eeldintas dekoratyviniais augalais, aptvertas. - Patogus ir geras priva\u017eiavimas visais met\u0173 laikais. Atstumai: iki Vilniaus apie 96 km, iki rajono centro \u0160ven\u010dioni\u0173 apie 12 km, iki \u017deimenos up\u0117s apie 0.7 km, iki miesto centro apie 0.9 km, iki gele\u017einkelio ir autobus\u0173 sto\u010di\u0173 apie 1 km. Kvie\u010diame ap\u017ei\u016br\u0117ti ir \u012fvertinti \u0161i\u0105 vieta. Visada laukiame. Koordinat\u0117s: maps.lt - 55.157589, 25.998269\" \/>\n<meta property=\"og:url\" content=\"https:\/\/www.namude.lt\/objektas\/parduodamas-gyvenamasis-namas-svencioniu-rajone-svencioneliu-mieste-mokyklos-gatveje\/\" \/>\n<meta property=\"og:site_name\" content=\"Namud\u0117\" \/>\n<meta property=\"article:modified_time\" content=\"2025-09-03T08:32:05+00:00\" \/>\n<meta property=\"og:image\" content=\"https:\/\/www.namude.lt\/wp-content\/uploads\/2025\/06\/1-10.jpg\" \/>\n\t<meta property=\"og:image:width\" content=\"800\" \/>\n\t<meta property=\"og:image:height\" content=\"531\" \/>\n\t<meta property=\"og:image:type\" content=\"image\/jpeg\" \/>\n<meta name=\"twitter:card\" content=\"summary_large_image\" \/>\n<script type=\"application\/ld+json\" class=\"yoast-schema-graph\">{\"@context\":\"https:\/\/schema.org\",\"@graph\":[{\"@type\":\"WebPage\",\"@id\":\"https:\/\/www.namude.lt\/objektas\/parduodamas-gyvenamasis-namas-svencioniu-rajone-svencioneliu-mieste-mokyklos-gatveje\/\",\"url\":\"https:\/\/www.namude.lt\/objektas\/parduodamas-gyvenamasis-namas-svencioniu-rajone-svencioneliu-mieste-mokyklos-gatveje\/\",\"name\":\"Parduodamas gyvenamasis namas \u0160ven\u010dioni\u0173 rajone, \u0160ven\u010dion\u0117li\u0173 mieste, Mokyklos gatv\u0117je. - Namud\u0117\",\"isPartOf\":{\"@id\":\"https:\/\/www.namude.lt\/#website\"},\"primaryImageOfPage\":{\"@id\":\"https:\/\/www.namude.lt\/objektas\/parduodamas-gyvenamasis-namas-svencioniu-rajone-svencioneliu-mieste-mokyklos-gatveje\/#primaryimage\"},\"image\":{\"@id\":\"https:\/\/www.namude.lt\/objektas\/parduodamas-gyvenamasis-namas-svencioniu-rajone-svencioneliu-mieste-mokyklos-gatveje\/#primaryimage\"},\"thumbnailUrl\":\"https:\/\/www.namude.lt\/wp-content\/uploads\/2025\/06\/1-10.jpg\",\"datePublished\":\"2025-06-23T11:54:22+00:00\",\"dateModified\":\"2025-09-03T08:32:05+00:00\",\"breadcrumb\":{\"@id\":\"https:\/\/www.namude.lt\/objektas\/parduodamas-gyvenamasis-namas-svencioniu-rajone-svencioneliu-mieste-mokyklos-gatveje\/#breadcrumb\"},\"inLanguage\":\"ru-RU\",\"potentialAction\":[{\"@type\":\"ReadAction\",\"target\":[\"https:\/\/www.namude.lt\/objektas\/parduodamas-gyvenamasis-namas-svencioniu-rajone-svencioneliu-mieste-mokyklos-gatveje\/\"]}]},{\"@type\":\"ImageObject\",\"inLanguage\":\"ru-RU\",\"@id\":\"https:\/\/www.namude.lt\/objektas\/parduodamas-gyvenamasis-namas-svencioniu-rajone-svencioneliu-mieste-mokyklos-gatveje\/#primaryimage\",\"url\":\"https:\/\/www.namude.lt\/wp-content\/uploads\/2025\/06\/1-10.jpg\",\"contentUrl\":\"https:\/\/www.namude.lt\/wp-content\/uploads\/2025\/06\/1-10.jpg\",\"width\":800,\"height\":531},{\"@type\":\"BreadcrumbList\",\"@id\":\"https:\/\/www.namude.lt\/objektas\/parduodamas-gyvenamasis-namas-svencioniu-rajone-svencioneliu-mieste-mokyklos-gatveje\/#breadcrumb\",\"itemListElement\":[{\"@type\":\"ListItem\",\"position\":1,\"name\":\"Home\",\"item\":\"https:\/\/www.namude.lt\/ru\/\"},{\"@type\":\"ListItem\",\"position\":2,\"name\":\"\u041e\u0431\u044a\u0435\u043a\u0442\u044b\",\"item\":\"https:\/\/www.namude.lt\/ru\/%d0%be%d0%b1%d1%8a%d0%b5%d0%ba%d1%82%d1%8b\/\"},{\"@type\":\"ListItem\",\"position\":3,\"name\":\"Parduodamas gyvenamasis namas \u0160ven\u010dioni\u0173 rajone, \u0160ven\u010dion\u0117li\u0173 mieste, Mokyklos gatv\u0117je.\"}]},{\"@type\":\"WebSite\",\"@id\":\"https:\/\/www.namude.lt\/#website\",\"url\":\"https:\/\/www.namude.lt\/\",\"name\":\"Namud\u0117\",\"description\":\"\u201eNamud\u0117\u201c \u2013 agent\u016bra, pardavin\u0117janti Auk\u0161taitijos NT grynuolius.\",\"publisher\":{\"@id\":\"https:\/\/www.namude.lt\/#organization\"},\"potentialAction\":[{\"@type\":\"SearchAction\",\"target\":{\"@type\":\"EntryPoint\",\"urlTemplate\":\"https:\/\/www.namude.lt\/?s={search_term_string}\"},\"query-input\":{\"@type\":\"PropertyValueSpecification\",\"valueRequired\":true,\"valueName\":\"search_term_string\"}}],\"inLanguage\":\"ru-RU\"},{\"@type\":\"Organization\",\"@id\":\"https:\/\/www.namude.lt\/#organization\",\"name\":\"Namud\u0117\",\"url\":\"https:\/\/www.namude.lt\/\",\"logo\":{\"@type\":\"ImageObject\",\"inLanguage\":\"ru-RU\",\"@id\":\"https:\/\/www.namude.lt\/#\/schema\/logo\/image\/\",\"url\":\"https:\/\/www.namude.lt\/wp-content\/uploads\/2023\/11\/logo-symbol.svg\",\"contentUrl\":\"https:\/\/www.namude.lt\/wp-content\/uploads\/2023\/11\/logo-symbol.svg\",\"width\":1,\"height\":1,\"caption\":\"Namud\u0117\"},\"image\":{\"@id\":\"https:\/\/www.namude.lt\/#\/schema\/logo\/image\/\"}}]}<\/script>\n<!-- \/ Yoast SEO plugin. -->","yoast_head_json":{"title":"Parduodamas gyvenamasis namas \u0160ven\u010dioni\u0173 rajone, \u0160ven\u010dion\u0117li\u0173 mieste, Mokyklos gatv\u0117je. - Namud\u0117","robots":{"index":"index","follow":"follow","max-snippet":"max-snippet:-1","max-image-preview":"max-image-preview:large","max-video-preview":"max-video-preview:-1"},"canonical":"https:\/\/www.namude.lt\/objektas\/parduodamas-gyvenamasis-namas-svencioniu-rajone-svencioneliu-mieste-mokyklos-gatveje\/","og_locale":"ru_RU","og_type":"article","og_title":"Parduodamas gyvenamasis namas \u0160ven\u010dioni\u0173 rajone, \u0160ven\u010dion\u0117li\u0173 mieste, Mokyklos gatv\u0117je. - Namud\u0117","og_description":"Gra\u017eioje ir ramioje vietoje, u\u017edarame sklype su pri\u017ei\u016br\u0117ta aplinka. Patogi ir saugi namo vieta. Netoliese maisto preki\u0173 ir kitos parduotuv\u0117s, turgus, gimnazija ir vaik\u0173 dar\u017eelis, poliklinika, gele\u017einkelio ir autobus\u0173 stotys, seni\u016bnija, ba\u017eny\u010dia ir t.t. Nam\u0173 valda yra pu\u0161yn\u0117li\u0173 apsuptyje. P\u0117s\u010diomis galima nueiti iki \u017deimenos up\u0117s, u\u017e kurios prasideda Labanoro girios mi\u0161kai su savo e\u017eerais, grybais ir uogomis...Ir miestas, ir gamta \u0161alia, tod\u0117l tinka ne tik gyvenimui, bet ir poilsiui. Privalumai: - Pri\u017ei\u016br\u0117tas r\u0105stinis gyvenamasis namas. Bendras plotas \u2013 65.73 kv. m. Trys kambariai, virtuv\u0117, dvi verandos, po namu r\u016bsys. - \u0160ildymas krosnimis, vanduo i\u0161 \u0161ulinio, tualetas lauke. - M\u016briniai \u016bkiniai pastatai: gara\u017eas, lauko virtuv\u0117, pirtel\u0117, malkin\u0117.  - \u0160ulinys, sodo vandentiekis, sodas ir dar\u017eas(yra padarytas ir suderintas projektas vandentiekio ir kanalizacijos prijungimo prie miesto tinkl\u0173) - Nam\u0173 valdos sklypo plotas \u2013 0.1722 ha - Visas sklypas pri\u017ei\u016br\u0117tas, ap\u017eeldintas dekoratyviniais augalais, aptvertas. - Patogus ir geras priva\u017eiavimas visais met\u0173 laikais. Atstumai: iki Vilniaus apie 96 km, iki rajono centro \u0160ven\u010dioni\u0173 apie 12 km, iki \u017deimenos up\u0117s apie 0.7 km, iki miesto centro apie 0.9 km, iki gele\u017einkelio ir autobus\u0173 sto\u010di\u0173 apie 1 km. Kvie\u010diame ap\u017ei\u016br\u0117ti ir \u012fvertinti \u0161i\u0105 vieta. Visada laukiame. Koordinat\u0117s: maps.lt - 55.157589, 25.998269","og_url":"https:\/\/www.namude.lt\/objektas\/parduodamas-gyvenamasis-namas-svencioniu-rajone-svencioneliu-mieste-mokyklos-gatveje\/","og_site_name":"Namud\u0117","article_modified_time":"2025-09-03T08:32:05+00:00","og_image":[{"width":800,"height":531,"url":"https:\/\/www.namude.lt\/wp-content\/uploads\/2025\/06\/1-10.jpg","type":"image\/jpeg"}],"twitter_card":"summary_large_image","schema":{"@context":"https:\/\/schema.org","@graph":[{"@type":"WebPage","@id":"https:\/\/www.namude.lt\/objektas\/parduodamas-gyvenamasis-namas-svencioniu-rajone-svencioneliu-mieste-mokyklos-gatveje\/","url":"https:\/\/www.namude.lt\/objektas\/parduodamas-gyvenamasis-namas-svencioniu-rajone-svencioneliu-mieste-mokyklos-gatveje\/","name":"Parduodamas gyvenamasis namas \u0160ven\u010dioni\u0173 rajone, \u0160ven\u010dion\u0117li\u0173 mieste, Mokyklos gatv\u0117je. - Namud\u0117","isPartOf":{"@id":"https:\/\/www.namude.lt\/#website"},"primaryImageOfPage":{"@id":"https:\/\/www.namude.lt\/objektas\/parduodamas-gyvenamasis-namas-svencioniu-rajone-svencioneliu-mieste-mokyklos-gatveje\/#primaryimage"},"image":{"@id":"https:\/\/www.namude.lt\/objektas\/parduodamas-gyvenamasis-namas-svencioniu-rajone-svencioneliu-mieste-mokyklos-gatveje\/#primaryimage"},"thumbnailUrl":"https:\/\/www.namude.lt\/wp-content\/uploads\/2025\/06\/1-10.jpg","datePublished":"2025-06-23T11:54:22+00:00","dateModified":"2025-09-03T08:32:05+00:00","breadcrumb":{"@id":"https:\/\/www.namude.lt\/objektas\/parduodamas-gyvenamasis-namas-svencioniu-rajone-svencioneliu-mieste-mokyklos-gatveje\/#breadcrumb"},"inLanguage":"ru-RU","potentialAction":[{"@type":"ReadAction","target":["https:\/\/www.namude.lt\/objektas\/parduodamas-gyvenamasis-namas-svencioniu-rajone-svencioneliu-mieste-mokyklos-gatveje\/"]}]},{"@type":"ImageObject","inLanguage":"ru-RU","@id":"https:\/\/www.namude.lt\/objektas\/parduodamas-gyvenamasis-namas-svencioniu-rajone-svencioneliu-mieste-mokyklos-gatveje\/#primaryimage","url":"https:\/\/www.namude.lt\/wp-content\/uploads\/2025\/06\/1-10.jpg","contentUrl":"https:\/\/www.namude.lt\/wp-content\/uploads\/2025\/06\/1-10.jpg","width":800,"height":531},{"@type":"BreadcrumbList","@id":"https:\/\/www.namude.lt\/objektas\/parduodamas-gyvenamasis-namas-svencioniu-rajone-svencioneliu-mieste-mokyklos-gatveje\/#breadcrumb","itemListElement":[{"@type":"ListItem","position":1,"name":"Home","item":"https:\/\/www.namude.lt\/ru\/"},{"@type":"ListItem","position":2,"name":"\u041e\u0431\u044a\u0435\u043a\u0442\u044b","item":"https:\/\/www.namude.lt\/ru\/%d0%be%d0%b1%d1%8a%d0%b5%d0%ba%d1%82%d1%8b\/"},{"@type":"ListItem","position":3,"name":"Parduodamas gyvenamasis namas \u0160ven\u010dioni\u0173 rajone, \u0160ven\u010dion\u0117li\u0173 mieste, Mokyklos gatv\u0117je."}]},{"@type":"WebSite","@id":"https:\/\/www.namude.lt\/#website","url":"https:\/\/www.namude.lt\/","name":"Namud\u0117","description":"\u201eNamud\u0117\u201c \u2013 agent\u016bra, pardavin\u0117janti Auk\u0161taitijos NT grynuolius.","publisher":{"@id":"https:\/\/www.namude.lt\/#organization"},"potentialAction":[{"@type":"SearchAction","target":{"@type":"EntryPoint","urlTemplate":"https:\/\/www.namude.lt\/?s={search_term_string}"},"query-input":{"@type":"PropertyValueSpecification","valueRequired":true,"valueName":"search_term_string"}}],"inLanguage":"ru-RU"},{"@type":"Organization","@id":"https:\/\/www.namude.lt\/#organization","name":"Namud\u0117","url":"https:\/\/www.namude.lt\/","logo":{"@type":"ImageObject","inLanguage":"ru-RU","@id":"https:\/\/www.namude.lt\/#\/schema\/logo\/image\/","url":"https:\/\/www.namude.lt\/wp-content\/uploads\/2023\/11\/logo-symbol.svg","contentUrl":"https:\/\/www.namude.lt\/wp-content\/uploads\/2023\/11\/logo-symbol.svg","width":1,"height":1,"caption":"Namud\u0117"},"image":{"@id":"https:\/\/www.namude.lt\/#\/schema\/logo\/image\/"}}]}},"_links":{"self":[{"href":"https:\/\/www.namude.lt\/ru\/wp-json\/wp\/v2\/product\/19477","targetHints":{"allow":["GET"]}}],"collection":[{"href":"https:\/\/www.namude.lt\/ru\/wp-json\/wp\/v2\/product"}],"about":[{"href":"https:\/\/www.namude.lt\/ru\/wp-json\/wp\/v2\/types\/product"}],"wp:featuredmedia":[{"embeddable":true,"href":"https:\/\/www.namude.lt\/ru\/wp-json\/wp\/v2\/media\/19478"}],"wp:attachment":[{"href":"https:\/\/www.namude.lt\/ru\/wp-json\/wp\/v2\/media?parent=19477"}],"wp:term":[{"taxonomy":"product_brand","embeddable":true,"href":"https:\/\/www.namude.lt\/ru\/wp-json\/wp\/v2\/product_brand?post=19477"},{"taxonomy":"product_cat","embeddable":true,"href":"https:\/\/www.namude.lt\/ru\/wp-json\/wp\/v2\/product_cat?post=19477"},{"taxonomy":"product_tag","embeddable":true,"href":"https:\/\/www.namude.lt\/ru\/wp-json\/wp\/v2\/product_tag?post=19477"}],"curies":[{"name":"wp","href":"https:\/\/api.w.org\/{rel}","templated":true}]}}