{"id":1923,"date":"2024-01-19T15:01:42","date_gmt":"2024-01-19T13:01:42","guid":{"rendered":"https:\/\/www.namude.lt\/?post_type=product&#038;p=1923"},"modified":"2025-11-14T08:55:57","modified_gmt":"2025-11-14T06:55:57","slug":"smagi-kaimiska-sodyba-anyksciu-r-salia-kurkliu-miestelio-geguzes-g-16a","status":"publish","type":"product","link":"https:\/\/www.namude.lt\/ru\/\u043e\u0431\u044a\u0435\u043a\u0442\/smagi-kaimiska-sodyba-anyksciu-r-salia-kurkliu-miestelio-geguzes-g-16a\/","title":{"rendered":"SMAGI KAIMI\u0160KA SODYBA ANYK\u0160\u010cI\u0172 R., \u0160ALIA KURKLI\u0172 MIESTELIO, GEGU\u017d\u0116S G. 16A."},"content":{"rendered":"","protected":false},"excerpt":{"rendered":"<p><strong>Parduodama smagi kaimi\u0161ka <a href=\"https:\/\/www.namude.lt\/kategorija\/sodybos\/?filter_rajonas=anyksciu-rajonas&amp;query_type_rajonas=or\">sodyba<\/a> <a href=\"https:\/\/www.namude.lt\/parduodami-nt-objektai\/?filter_rajonas=anyksciu-rajonas&amp;query_type_rajonas=or\">Anyk\u0161\u010di\u0173 r<\/a>., \u0161alia Kurkli\u0173 miestelio, Gegu\u017e\u0117s g. 16A.<\/strong>\u00a0Sodybai priklauso r\u0105stinis\u00a0<strong>89\u00a0<\/strong>kv.m gyvenamasis namas, kuriame yra erdvi virtuv\u0117, du kambariai, priestatas, veranda. Pakeisti plastikiniai langai. Namas \u0161ildomas pe\u010diais, vanduo i\u0161 \u0161ulinio. Taip pat yra \u016bkio pastat\u0173, geras lauko r\u016bsys. Po pastatais priklauso erdvus\u00a0<strong>0,70<\/strong>\u00a0ha nam\u0173 valdos \u017eem\u0117s sklypas, o \u0161alia dar papildomai yra\u00a0<strong>0,44\u00a0<\/strong>ha \u017eem\u0117s \u016bkio sklypas, tad galima u\u017esiimti m\u0117gstama \u016bkine veikla arba sklyp\u0105 parduoti. Labai rami vieta jaukiam poilsiui kaime: namas miestelio pakra\u0161tyje, aplink arti n\u0117ra kaimyn\u0173, pro langus atsiveria gra\u017eus panoraminis apylinki\u0173 vaizdas. U\u017e keli\u0173 kilometr\u0173 galima nusimaudyti Virintos ar \u0160ventosios up\u0117se, pagrybauti U\u017ejudinio ar Medin\u0173 mi\u0161ke. Kurkli\u0173 miestelis \u012fsik\u016br\u0119s \u0161alia gero asfaltuoto kelio, pagrindini\u0173 keli\u0173 sankirtoje: iki Anyk\u0161\u010di\u0173 \u2013\u00a0<strong>16\u00a0<\/strong>km, iki Ukmerg\u0117s \u2013\u00a0<strong>30\u00a0<\/strong>km, Vilniaus \u2013\u00a0<strong>99\u00a0<\/strong>km. Artimiausios parduotuv\u0117s, ambulatorija, seni\u016bnija, biblioteka \u2013 Kurkli\u0173 miestelyje u\u017e\u00a0<strong>1\u00a0<\/strong>km, taip pat Kavarske (<strong>9\u00a0<\/strong>km) veikia pagrindin\u0117 mokykla. Puiki sodyba patogioje vietoje tiek vasaros poilsiui, tiek ir ramiam gyvenimui.<\/p>\n<p>&nbsp;<\/p>\n<p><strong>Sodybos koordinat\u0117s:<\/strong><\/p>\n<p>Google maps\u00a0<strong>55.411327, 25.049411\u00a0<\/strong><\/p>\n<p>Maps.lt\u00a0\u00a0\u00a0\u00a0<strong>566453, 6142295<\/strong>\u00a0(LKS)<\/p>\n","protected":false},"featured_media":21073,"template":"","meta":{"_acf_changed":false},"product_brand":[],"product_cat":[75],"product_tag":[],"class_list":{"0":"post-1923","1":"product","2":"type-product","3":"status-publish","4":"has-post-thumbnail","6":"product_cat-parduota","7":"description-off","9":"first","10":"instock","11":"shipping-taxable","12":"purchasable","13":"product-type-simple"},"acf":[],"yoast_head":"<!-- This site is optimized with the Yoast SEO plugin v27.4 - https:\/\/yoast.com\/product\/yoast-seo-wordpress\/ -->\n<title>SMAGI KAIMI\u0160KA SODYBA ANYK\u0160\u010cI\u0172 R., \u0160ALIA KURKLI\u0172 MIESTELIO, GEGU\u017d\u0116S G. 16A. - Namud\u0117<\/title>\n<meta name=\"robots\" content=\"index, follow, max-snippet:-1, max-image-preview:large, max-video-preview:-1\" \/>\n<link rel=\"canonical\" href=\"https:\/\/www.namude.lt\/objektas\/smagi-kaimiska-sodyba-anyksciu-r-salia-kurkliu-miestelio-geguzes-g-16a\/\" \/>\n<meta property=\"og:locale\" content=\"ru_RU\" \/>\n<meta property=\"og:type\" content=\"article\" \/>\n<meta property=\"og:title\" content=\"SMAGI KAIMI\u0160KA SODYBA ANYK\u0160\u010cI\u0172 R., \u0160ALIA KURKLI\u0172 MIESTELIO, GEGU\u017d\u0116S G. 16A. - Namud\u0117\" \/>\n<meta property=\"og:description\" content=\"Parduodama smagi kaimi\u0161ka sodyba Anyk\u0161\u010di\u0173 r., \u0161alia Kurkli\u0173 miestelio, Gegu\u017e\u0117s g. 16A.\u00a0Sodybai priklauso r\u0105stinis\u00a089\u00a0kv.m gyvenamasis namas, kuriame yra erdvi virtuv\u0117, du kambariai, priestatas, veranda. Pakeisti plastikiniai langai. Namas \u0161ildomas pe\u010diais, vanduo i\u0161 \u0161ulinio. Taip pat yra \u016bkio pastat\u0173, geras lauko r\u016bsys. Po pastatais priklauso erdvus\u00a00,70\u00a0ha nam\u0173 valdos \u017eem\u0117s sklypas, o \u0161alia dar papildomai yra\u00a00,44\u00a0ha \u017eem\u0117s \u016bkio sklypas, tad galima u\u017esiimti m\u0117gstama \u016bkine veikla arba sklyp\u0105 parduoti. Labai rami vieta jaukiam poilsiui kaime: namas miestelio pakra\u0161tyje, aplink arti n\u0117ra kaimyn\u0173, pro langus atsiveria gra\u017eus panoraminis apylinki\u0173 vaizdas. U\u017e keli\u0173 kilometr\u0173 galima nusimaudyti Virintos ar \u0160ventosios up\u0117se, pagrybauti U\u017ejudinio ar Medin\u0173 mi\u0161ke. Kurkli\u0173 miestelis \u012fsik\u016br\u0119s \u0161alia gero asfaltuoto kelio, pagrindini\u0173 keli\u0173 sankirtoje: iki Anyk\u0161\u010di\u0173 \u2013\u00a016\u00a0km, iki Ukmerg\u0117s \u2013\u00a030\u00a0km, Vilniaus \u2013\u00a099\u00a0km. Artimiausios parduotuv\u0117s, ambulatorija, seni\u016bnija, biblioteka \u2013 Kurkli\u0173 miestelyje u\u017e\u00a01\u00a0km, taip pat Kavarske (9\u00a0km) veikia pagrindin\u0117 mokykla. Puiki sodyba patogioje vietoje tiek vasaros poilsiui, tiek ir ramiam gyvenimui.  &nbsp;  Sodybos koordinat\u0117s:  Google maps\u00a055.411327, 25.049411\u00a0  Maps.lt\u00a0\u00a0\u00a0\u00a0566453, 6142295\u00a0(LKS)\" \/>\n<meta property=\"og:url\" content=\"https:\/\/www.namude.lt\/objektas\/smagi-kaimiska-sodyba-anyksciu-r-salia-kurkliu-miestelio-geguzes-g-16a\/\" \/>\n<meta property=\"og:site_name\" content=\"Namud\u0117\" \/>\n<meta property=\"article:modified_time\" content=\"2025-11-14T06:55:57+00:00\" \/>\n<meta property=\"og:image\" content=\"https:\/\/www.namude.lt\/wp-content\/uploads\/2024\/01\/13-94.jpg\" \/>\n\t<meta property=\"og:image:width\" content=\"840\" \/>\n\t<meta property=\"og:image:height\" content=\"630\" \/>\n\t<meta property=\"og:image:type\" content=\"image\/jpeg\" \/>\n<meta name=\"twitter:card\" content=\"summary_large_image\" \/>\n<script type=\"application\/ld+json\" class=\"yoast-schema-graph\">{\"@context\":\"https:\\\/\\\/schema.org\",\"@graph\":[{\"@type\":\"WebPage\",\"@id\":\"https:\\\/\\\/www.namude.lt\\\/objektas\\\/smagi-kaimiska-sodyba-anyksciu-r-salia-kurkliu-miestelio-geguzes-g-16a\\\/\",\"url\":\"https:\\\/\\\/www.namude.lt\\\/objektas\\\/smagi-kaimiska-sodyba-anyksciu-r-salia-kurkliu-miestelio-geguzes-g-16a\\\/\",\"name\":\"SMAGI KAIMI\u0160KA SODYBA ANYK\u0160\u010cI\u0172 R., \u0160ALIA KURKLI\u0172 MIESTELIO, GEGU\u017d\u0116S G. 16A. - Namud\u0117\",\"isPartOf\":{\"@id\":\"https:\\\/\\\/www.namude.lt\\\/#website\"},\"primaryImageOfPage\":{\"@id\":\"https:\\\/\\\/www.namude.lt\\\/objektas\\\/smagi-kaimiska-sodyba-anyksciu-r-salia-kurkliu-miestelio-geguzes-g-16a\\\/#primaryimage\"},\"image\":{\"@id\":\"https:\\\/\\\/www.namude.lt\\\/objektas\\\/smagi-kaimiska-sodyba-anyksciu-r-salia-kurkliu-miestelio-geguzes-g-16a\\\/#primaryimage\"},\"thumbnailUrl\":\"https:\\\/\\\/www.namude.lt\\\/wp-content\\\/uploads\\\/2024\\\/01\\\/13-94.jpg\",\"datePublished\":\"2024-01-19T13:01:42+00:00\",\"dateModified\":\"2025-11-14T06:55:57+00:00\",\"breadcrumb\":{\"@id\":\"https:\\\/\\\/www.namude.lt\\\/objektas\\\/smagi-kaimiska-sodyba-anyksciu-r-salia-kurkliu-miestelio-geguzes-g-16a\\\/#breadcrumb\"},\"inLanguage\":\"ru-RU\",\"potentialAction\":[{\"@type\":\"ReadAction\",\"target\":[\"https:\\\/\\\/www.namude.lt\\\/objektas\\\/smagi-kaimiska-sodyba-anyksciu-r-salia-kurkliu-miestelio-geguzes-g-16a\\\/\"]}]},{\"@type\":\"ImageObject\",\"inLanguage\":\"ru-RU\",\"@id\":\"https:\\\/\\\/www.namude.lt\\\/objektas\\\/smagi-kaimiska-sodyba-anyksciu-r-salia-kurkliu-miestelio-geguzes-g-16a\\\/#primaryimage\",\"url\":\"https:\\\/\\\/www.namude.lt\\\/wp-content\\\/uploads\\\/2024\\\/01\\\/13-94.jpg\",\"contentUrl\":\"https:\\\/\\\/www.namude.lt\\\/wp-content\\\/uploads\\\/2024\\\/01\\\/13-94.jpg\",\"width\":840,\"height\":630},{\"@type\":\"BreadcrumbList\",\"@id\":\"https:\\\/\\\/www.namude.lt\\\/objektas\\\/smagi-kaimiska-sodyba-anyksciu-r-salia-kurkliu-miestelio-geguzes-g-16a\\\/#breadcrumb\",\"itemListElement\":[{\"@type\":\"ListItem\",\"position\":1,\"name\":\"Home\",\"item\":\"https:\\\/\\\/www.namude.lt\\\/ru\\\/\"},{\"@type\":\"ListItem\",\"position\":2,\"name\":\"\u041e\u0431\u044a\u0435\u043a\u0442\u044b\",\"item\":\"https:\\\/\\\/www.namude.lt\\\/ru\\\/%d0%be%d0%b1%d1%8a%d0%b5%d0%ba%d1%82%d1%8b\\\/\"},{\"@type\":\"ListItem\",\"position\":3,\"name\":\"SMAGI KAIMI\u0160KA SODYBA ANYK\u0160\u010cI\u0172 R., \u0160ALIA KURKLI\u0172 MIESTELIO, GEGU\u017d\u0116S G. 16A.\"}]},{\"@type\":\"WebSite\",\"@id\":\"https:\\\/\\\/www.namude.lt\\\/#website\",\"url\":\"https:\\\/\\\/www.namude.lt\\\/\",\"name\":\"Namud\u0117\",\"description\":\"\u201eNamud\u0117\u201c \u2013 agent\u016bra, pardavin\u0117janti Auk\u0161taitijos NT grynuolius.\",\"publisher\":{\"@id\":\"https:\\\/\\\/www.namude.lt\\\/#organization\"},\"potentialAction\":[{\"@type\":\"SearchAction\",\"target\":{\"@type\":\"EntryPoint\",\"urlTemplate\":\"https:\\\/\\\/www.namude.lt\\\/?s={search_term_string}\"},\"query-input\":{\"@type\":\"PropertyValueSpecification\",\"valueRequired\":true,\"valueName\":\"search_term_string\"}}],\"inLanguage\":\"ru-RU\"},{\"@type\":\"Organization\",\"@id\":\"https:\\\/\\\/www.namude.lt\\\/#organization\",\"name\":\"Namud\u0117\",\"url\":\"https:\\\/\\\/www.namude.lt\\\/\",\"logo\":{\"@type\":\"ImageObject\",\"inLanguage\":\"ru-RU\",\"@id\":\"https:\\\/\\\/www.namude.lt\\\/#\\\/schema\\\/logo\\\/image\\\/\",\"url\":\"https:\\\/\\\/www.namude.lt\\\/wp-content\\\/uploads\\\/2023\\\/11\\\/logo-symbol.svg\",\"contentUrl\":\"https:\\\/\\\/www.namude.lt\\\/wp-content\\\/uploads\\\/2023\\\/11\\\/logo-symbol.svg\",\"width\":1,\"height\":1,\"caption\":\"Namud\u0117\"},\"image\":{\"@id\":\"https:\\\/\\\/www.namude.lt\\\/#\\\/schema\\\/logo\\\/image\\\/\"}}]}<\/script>\n<!-- \/ Yoast SEO plugin. -->","yoast_head_json":{"title":"SMAGI KAIMI\u0160KA SODYBA ANYK\u0160\u010cI\u0172 R., \u0160ALIA KURKLI\u0172 MIESTELIO, GEGU\u017d\u0116S G. 16A. - Namud\u0117","robots":{"index":"index","follow":"follow","max-snippet":"max-snippet:-1","max-image-preview":"max-image-preview:large","max-video-preview":"max-video-preview:-1"},"canonical":"https:\/\/www.namude.lt\/objektas\/smagi-kaimiska-sodyba-anyksciu-r-salia-kurkliu-miestelio-geguzes-g-16a\/","og_locale":"ru_RU","og_type":"article","og_title":"SMAGI KAIMI\u0160KA SODYBA ANYK\u0160\u010cI\u0172 R., \u0160ALIA KURKLI\u0172 MIESTELIO, GEGU\u017d\u0116S G. 16A. - Namud\u0117","og_description":"Parduodama smagi kaimi\u0161ka sodyba Anyk\u0161\u010di\u0173 r., \u0161alia Kurkli\u0173 miestelio, Gegu\u017e\u0117s g. 16A.\u00a0Sodybai priklauso r\u0105stinis\u00a089\u00a0kv.m gyvenamasis namas, kuriame yra erdvi virtuv\u0117, du kambariai, priestatas, veranda. Pakeisti plastikiniai langai. Namas \u0161ildomas pe\u010diais, vanduo i\u0161 \u0161ulinio. Taip pat yra \u016bkio pastat\u0173, geras lauko r\u016bsys. Po pastatais priklauso erdvus\u00a00,70\u00a0ha nam\u0173 valdos \u017eem\u0117s sklypas, o \u0161alia dar papildomai yra\u00a00,44\u00a0ha \u017eem\u0117s \u016bkio sklypas, tad galima u\u017esiimti m\u0117gstama \u016bkine veikla arba sklyp\u0105 parduoti. Labai rami vieta jaukiam poilsiui kaime: namas miestelio pakra\u0161tyje, aplink arti n\u0117ra kaimyn\u0173, pro langus atsiveria gra\u017eus panoraminis apylinki\u0173 vaizdas. U\u017e keli\u0173 kilometr\u0173 galima nusimaudyti Virintos ar \u0160ventosios up\u0117se, pagrybauti U\u017ejudinio ar Medin\u0173 mi\u0161ke. Kurkli\u0173 miestelis \u012fsik\u016br\u0119s \u0161alia gero asfaltuoto kelio, pagrindini\u0173 keli\u0173 sankirtoje: iki Anyk\u0161\u010di\u0173 \u2013\u00a016\u00a0km, iki Ukmerg\u0117s \u2013\u00a030\u00a0km, Vilniaus \u2013\u00a099\u00a0km. Artimiausios parduotuv\u0117s, ambulatorija, seni\u016bnija, biblioteka \u2013 Kurkli\u0173 miestelyje u\u017e\u00a01\u00a0km, taip pat Kavarske (9\u00a0km) veikia pagrindin\u0117 mokykla. Puiki sodyba patogioje vietoje tiek vasaros poilsiui, tiek ir ramiam gyvenimui.  &nbsp;  Sodybos koordinat\u0117s:  Google maps\u00a055.411327, 25.049411\u00a0  Maps.lt\u00a0\u00a0\u00a0\u00a0566453, 6142295\u00a0(LKS)","og_url":"https:\/\/www.namude.lt\/objektas\/smagi-kaimiska-sodyba-anyksciu-r-salia-kurkliu-miestelio-geguzes-g-16a\/","og_site_name":"Namud\u0117","article_modified_time":"2025-11-14T06:55:57+00:00","og_image":[{"width":840,"height":630,"url":"https:\/\/www.namude.lt\/wp-content\/uploads\/2024\/01\/13-94.jpg","type":"image\/jpeg"}],"twitter_card":"summary_large_image","schema":{"@context":"https:\/\/schema.org","@graph":[{"@type":"WebPage","@id":"https:\/\/www.namude.lt\/objektas\/smagi-kaimiska-sodyba-anyksciu-r-salia-kurkliu-miestelio-geguzes-g-16a\/","url":"https:\/\/www.namude.lt\/objektas\/smagi-kaimiska-sodyba-anyksciu-r-salia-kurkliu-miestelio-geguzes-g-16a\/","name":"SMAGI KAIMI\u0160KA SODYBA ANYK\u0160\u010cI\u0172 R., \u0160ALIA KURKLI\u0172 MIESTELIO, GEGU\u017d\u0116S G. 16A. - Namud\u0117","isPartOf":{"@id":"https:\/\/www.namude.lt\/#website"},"primaryImageOfPage":{"@id":"https:\/\/www.namude.lt\/objektas\/smagi-kaimiska-sodyba-anyksciu-r-salia-kurkliu-miestelio-geguzes-g-16a\/#primaryimage"},"image":{"@id":"https:\/\/www.namude.lt\/objektas\/smagi-kaimiska-sodyba-anyksciu-r-salia-kurkliu-miestelio-geguzes-g-16a\/#primaryimage"},"thumbnailUrl":"https:\/\/www.namude.lt\/wp-content\/uploads\/2024\/01\/13-94.jpg","datePublished":"2024-01-19T13:01:42+00:00","dateModified":"2025-11-14T06:55:57+00:00","breadcrumb":{"@id":"https:\/\/www.namude.lt\/objektas\/smagi-kaimiska-sodyba-anyksciu-r-salia-kurkliu-miestelio-geguzes-g-16a\/#breadcrumb"},"inLanguage":"ru-RU","potentialAction":[{"@type":"ReadAction","target":["https:\/\/www.namude.lt\/objektas\/smagi-kaimiska-sodyba-anyksciu-r-salia-kurkliu-miestelio-geguzes-g-16a\/"]}]},{"@type":"ImageObject","inLanguage":"ru-RU","@id":"https:\/\/www.namude.lt\/objektas\/smagi-kaimiska-sodyba-anyksciu-r-salia-kurkliu-miestelio-geguzes-g-16a\/#primaryimage","url":"https:\/\/www.namude.lt\/wp-content\/uploads\/2024\/01\/13-94.jpg","contentUrl":"https:\/\/www.namude.lt\/wp-content\/uploads\/2024\/01\/13-94.jpg","width":840,"height":630},{"@type":"BreadcrumbList","@id":"https:\/\/www.namude.lt\/objektas\/smagi-kaimiska-sodyba-anyksciu-r-salia-kurkliu-miestelio-geguzes-g-16a\/#breadcrumb","itemListElement":[{"@type":"ListItem","position":1,"name":"Home","item":"https:\/\/www.namude.lt\/ru\/"},{"@type":"ListItem","position":2,"name":"\u041e\u0431\u044a\u0435\u043a\u0442\u044b","item":"https:\/\/www.namude.lt\/ru\/%d0%be%d0%b1%d1%8a%d0%b5%d0%ba%d1%82%d1%8b\/"},{"@type":"ListItem","position":3,"name":"SMAGI KAIMI\u0160KA SODYBA ANYK\u0160\u010cI\u0172 R., \u0160ALIA KURKLI\u0172 MIESTELIO, GEGU\u017d\u0116S G. 16A."}]},{"@type":"WebSite","@id":"https:\/\/www.namude.lt\/#website","url":"https:\/\/www.namude.lt\/","name":"Namud\u0117","description":"\u201eNamud\u0117\u201c \u2013 agent\u016bra, pardavin\u0117janti Auk\u0161taitijos NT grynuolius.","publisher":{"@id":"https:\/\/www.namude.lt\/#organization"},"potentialAction":[{"@type":"SearchAction","target":{"@type":"EntryPoint","urlTemplate":"https:\/\/www.namude.lt\/?s={search_term_string}"},"query-input":{"@type":"PropertyValueSpecification","valueRequired":true,"valueName":"search_term_string"}}],"inLanguage":"ru-RU"},{"@type":"Organization","@id":"https:\/\/www.namude.lt\/#organization","name":"Namud\u0117","url":"https:\/\/www.namude.lt\/","logo":{"@type":"ImageObject","inLanguage":"ru-RU","@id":"https:\/\/www.namude.lt\/#\/schema\/logo\/image\/","url":"https:\/\/www.namude.lt\/wp-content\/uploads\/2023\/11\/logo-symbol.svg","contentUrl":"https:\/\/www.namude.lt\/wp-content\/uploads\/2023\/11\/logo-symbol.svg","width":1,"height":1,"caption":"Namud\u0117"},"image":{"@id":"https:\/\/www.namude.lt\/#\/schema\/logo\/image\/"}}]}},"_links":{"self":[{"href":"https:\/\/www.namude.lt\/ru\/wp-json\/wp\/v2\/product\/1923","targetHints":{"allow":["GET"]}}],"collection":[{"href":"https:\/\/www.namude.lt\/ru\/wp-json\/wp\/v2\/product"}],"about":[{"href":"https:\/\/www.namude.lt\/ru\/wp-json\/wp\/v2\/types\/product"}],"wp:featuredmedia":[{"embeddable":true,"href":"https:\/\/www.namude.lt\/ru\/wp-json\/wp\/v2\/media\/21073"}],"wp:attachment":[{"href":"https:\/\/www.namude.lt\/ru\/wp-json\/wp\/v2\/media?parent=1923"}],"wp:term":[{"taxonomy":"product_brand","embeddable":true,"href":"https:\/\/www.namude.lt\/ru\/wp-json\/wp\/v2\/product_brand?post=1923"},{"taxonomy":"product_cat","embeddable":true,"href":"https:\/\/www.namude.lt\/ru\/wp-json\/wp\/v2\/product_cat?post=1923"},{"taxonomy":"product_tag","embeddable":true,"href":"https:\/\/www.namude.lt\/ru\/wp-json\/wp\/v2\/product_tag?post=1923"}],"curies":[{"name":"wp","href":"https:\/\/api.w.org\/{rel}","templated":true}]}}