{"id":19172,"date":"2025-06-09T10:52:09","date_gmt":"2025-06-09T07:52:09","guid":{"rendered":"https:\/\/www.namude.lt\/?post_type=product&#038;p=19172"},"modified":"2025-06-09T10:52:09","modified_gmt":"2025-06-09T07:52:09","slug":"parduodama-dalis-namo-su-6ha-sklypu-moletu-rajone","status":"publish","type":"product","link":"https:\/\/www.namude.lt\/ru\/\u043e\u0431\u044a\u0435\u043a\u0442\/parduodama-dalis-namo-su-6ha-sklypu-moletu-rajone\/","title":{"rendered":"PARDUODAMA DALIS NAMO SU 6HA SKLYPU, MOL\u0116T\u0172 RAJONE"},"content":{"rendered":"","protected":false},"excerpt":{"rendered":"<p>E\u017eer\u0173 ir mi\u0161k\u0173 kra\u0161te Mol\u0117t\u0173 rajone, Dailid\u0117s kaime, 6 ha sklypas su namo dalimi laukia nauj\u0173 \u0161eiminink\u0173. Gamtos myl\u0117tojams ir \u017evejams tai puiki vieta ne tik poilsiui, hobiui, bet ir nuolatiniam gyvenimui. Dailid\u0117s kaimas \u012fsik\u016br\u0119s netoliese I\u0161nar\u0173 e\u017eero, Pa\u0161ulni\u0161k\u0117s ir Alk\u016bn\u0173 mi\u0161kai. <\/p>\n<p>PRIVALUMAI:<br \/>\n\u2013 Dalis gyvenamojo namo 36kv.m. (2kambariai, pakeistas stogas, langai);<br \/>\n\u2013 Tvirti \u016bkiniai pastatai (lauko r\u016bsys, \u016bkinis, lauko virtuv\u0117);<br \/>\n\u2013 Sklypo plotas \u2013 6,34ha;<br \/>\n\u2013 \u0160ildymas kieto kuro krosnimi;<br \/>\n\u2013 Didelis brandus sodas;<br \/>\n\u2013 Patogus ir geras priva\u017eiavimas visais met\u0173 laikais, atstumai iki \u016ata 1km, Inturk\u0117 4km, Joni\u0161kis 9km, Mol\u0117t\u0173 17km, Pabrad\u0117 27km,  Utenos 50km, Ignalina 60km, Vilniaus ir \u0160ven\u010dionys 63km.<\/p>\n<p>Koordinat\u0117s :<br \/>\nmaps.lt \u201355.135473, 25.589864<br \/>\nKvie\u010diame ap\u017ei\u016br\u0117ti ir \u012fvertinti \u0161i\u0105 vieta patiems! Lauksime atvykstant ir savaitgaliais!<\/p>\n","protected":false},"featured_media":19176,"template":"","meta":{"_acf_changed":false},"product_brand":[],"product_cat":[23],"product_tag":[],"class_list":{"0":"post-19172","1":"product","2":"type-product","3":"status-publish","4":"has-post-thumbnail","6":"product_cat-sodybos","7":"pa_rajonas-moletu-rajonas","8":"description-off","10":"first","11":"instock","12":"shipping-taxable","13":"purchasable","14":"product-type-simple"},"acf":[],"yoast_head":"<!-- This site is optimized with the Yoast SEO plugin v27.4 - https:\/\/yoast.com\/product\/yoast-seo-wordpress\/ -->\n<title>PARDUODAMA DALIS NAMO SU 6HA SKLYPU, MOL\u0116T\u0172 RAJONE - Namud\u0117<\/title>\n<meta name=\"robots\" content=\"index, follow, max-snippet:-1, max-image-preview:large, max-video-preview:-1\" \/>\n<link rel=\"canonical\" href=\"https:\/\/www.namude.lt\/objektas\/parduodama-dalis-namo-su-6ha-sklypu-moletu-rajone\/\" \/>\n<meta property=\"og:locale\" content=\"ru_RU\" \/>\n<meta property=\"og:type\" content=\"article\" \/>\n<meta property=\"og:title\" content=\"PARDUODAMA DALIS NAMO SU 6HA SKLYPU, MOL\u0116T\u0172 RAJONE - Namud\u0117\" \/>\n<meta property=\"og:description\" content=\"E\u017eer\u0173 ir mi\u0161k\u0173 kra\u0161te Mol\u0117t\u0173 rajone, Dailid\u0117s kaime, 6 ha sklypas su namo dalimi laukia nauj\u0173 \u0161eiminink\u0173. Gamtos myl\u0117tojams ir \u017evejams tai puiki vieta ne tik poilsiui, hobiui, bet ir nuolatiniam gyvenimui. Dailid\u0117s kaimas \u012fsik\u016br\u0119s netoliese I\u0161nar\u0173 e\u017eero, Pa\u0161ulni\u0161k\u0117s ir Alk\u016bn\u0173 mi\u0161kai.   PRIVALUMAI: \u2013 Dalis gyvenamojo namo 36kv.m. (2kambariai, pakeistas stogas, langai); \u2013 Tvirti \u016bkiniai pastatai (lauko r\u016bsys, \u016bkinis, lauko virtuv\u0117); \u2013 Sklypo plotas \u2013 6,34ha; \u2013 \u0160ildymas kieto kuro krosnimi; \u2013 Didelis brandus sodas; \u2013 Patogus ir geras priva\u017eiavimas visais met\u0173 laikais, atstumai iki \u016ata 1km, Inturk\u0117 4km, Joni\u0161kis 9km, Mol\u0117t\u0173 17km, Pabrad\u0117 27km, Utenos 50km, Ignalina 60km, Vilniaus ir \u0160ven\u010dionys 63km.  Koordinat\u0117s : maps.lt \u201355.135473, 25.589864 Kvie\u010diame ap\u017ei\u016br\u0117ti ir \u012fvertinti \u0161i\u0105 vieta patiems! Lauksime atvykstant ir savaitgaliais!\" \/>\n<meta property=\"og:url\" content=\"https:\/\/www.namude.lt\/objektas\/parduodama-dalis-namo-su-6ha-sklypu-moletu-rajone\/\" \/>\n<meta property=\"og:site_name\" content=\"Namud\u0117\" \/>\n<meta property=\"og:image\" content=\"https:\/\/www.namude.lt\/wp-content\/uploads\/2025\/06\/2-5.jpg\" \/>\n\t<meta property=\"og:image:width\" content=\"2400\" \/>\n\t<meta property=\"og:image:height\" content=\"1800\" \/>\n\t<meta property=\"og:image:type\" content=\"image\/jpeg\" \/>\n<meta name=\"twitter:card\" content=\"summary_large_image\" \/>\n<script type=\"application\/ld+json\" class=\"yoast-schema-graph\">{\"@context\":\"https:\\\/\\\/schema.org\",\"@graph\":[{\"@type\":\"WebPage\",\"@id\":\"https:\\\/\\\/www.namude.lt\\\/objektas\\\/parduodama-dalis-namo-su-6ha-sklypu-moletu-rajone\\\/\",\"url\":\"https:\\\/\\\/www.namude.lt\\\/objektas\\\/parduodama-dalis-namo-su-6ha-sklypu-moletu-rajone\\\/\",\"name\":\"PARDUODAMA DALIS NAMO SU 6HA SKLYPU, MOL\u0116T\u0172 RAJONE - Namud\u0117\",\"isPartOf\":{\"@id\":\"https:\\\/\\\/www.namude.lt\\\/#website\"},\"primaryImageOfPage\":{\"@id\":\"https:\\\/\\\/www.namude.lt\\\/objektas\\\/parduodama-dalis-namo-su-6ha-sklypu-moletu-rajone\\\/#primaryimage\"},\"image\":{\"@id\":\"https:\\\/\\\/www.namude.lt\\\/objektas\\\/parduodama-dalis-namo-su-6ha-sklypu-moletu-rajone\\\/#primaryimage\"},\"thumbnailUrl\":\"https:\\\/\\\/www.namude.lt\\\/wp-content\\\/uploads\\\/2025\\\/06\\\/2-5.jpg\",\"datePublished\":\"2025-06-09T07:52:09+00:00\",\"breadcrumb\":{\"@id\":\"https:\\\/\\\/www.namude.lt\\\/objektas\\\/parduodama-dalis-namo-su-6ha-sklypu-moletu-rajone\\\/#breadcrumb\"},\"inLanguage\":\"ru-RU\",\"potentialAction\":[{\"@type\":\"ReadAction\",\"target\":[\"https:\\\/\\\/www.namude.lt\\\/objektas\\\/parduodama-dalis-namo-su-6ha-sklypu-moletu-rajone\\\/\"]}]},{\"@type\":\"ImageObject\",\"inLanguage\":\"ru-RU\",\"@id\":\"https:\\\/\\\/www.namude.lt\\\/objektas\\\/parduodama-dalis-namo-su-6ha-sklypu-moletu-rajone\\\/#primaryimage\",\"url\":\"https:\\\/\\\/www.namude.lt\\\/wp-content\\\/uploads\\\/2025\\\/06\\\/2-5.jpg\",\"contentUrl\":\"https:\\\/\\\/www.namude.lt\\\/wp-content\\\/uploads\\\/2025\\\/06\\\/2-5.jpg\",\"width\":2400,\"height\":1800},{\"@type\":\"BreadcrumbList\",\"@id\":\"https:\\\/\\\/www.namude.lt\\\/objektas\\\/parduodama-dalis-namo-su-6ha-sklypu-moletu-rajone\\\/#breadcrumb\",\"itemListElement\":[{\"@type\":\"ListItem\",\"position\":1,\"name\":\"Home\",\"item\":\"https:\\\/\\\/www.namude.lt\\\/ru\\\/\"},{\"@type\":\"ListItem\",\"position\":2,\"name\":\"\u041e\u0431\u044a\u0435\u043a\u0442\u044b\",\"item\":\"https:\\\/\\\/www.namude.lt\\\/ru\\\/%d0%be%d0%b1%d1%8a%d0%b5%d0%ba%d1%82%d1%8b\\\/\"},{\"@type\":\"ListItem\",\"position\":3,\"name\":\"PARDUODAMA DALIS NAMO SU 6HA SKLYPU, MOL\u0116T\u0172 RAJONE\"}]},{\"@type\":\"WebSite\",\"@id\":\"https:\\\/\\\/www.namude.lt\\\/#website\",\"url\":\"https:\\\/\\\/www.namude.lt\\\/\",\"name\":\"Namud\u0117\",\"description\":\"\u201eNamud\u0117\u201c \u2013 agent\u016bra, pardavin\u0117janti Auk\u0161taitijos NT grynuolius.\",\"publisher\":{\"@id\":\"https:\\\/\\\/www.namude.lt\\\/#organization\"},\"potentialAction\":[{\"@type\":\"SearchAction\",\"target\":{\"@type\":\"EntryPoint\",\"urlTemplate\":\"https:\\\/\\\/www.namude.lt\\\/?s={search_term_string}\"},\"query-input\":{\"@type\":\"PropertyValueSpecification\",\"valueRequired\":true,\"valueName\":\"search_term_string\"}}],\"inLanguage\":\"ru-RU\"},{\"@type\":\"Organization\",\"@id\":\"https:\\\/\\\/www.namude.lt\\\/#organization\",\"name\":\"Namud\u0117\",\"url\":\"https:\\\/\\\/www.namude.lt\\\/\",\"logo\":{\"@type\":\"ImageObject\",\"inLanguage\":\"ru-RU\",\"@id\":\"https:\\\/\\\/www.namude.lt\\\/#\\\/schema\\\/logo\\\/image\\\/\",\"url\":\"https:\\\/\\\/www.namude.lt\\\/wp-content\\\/uploads\\\/2023\\\/11\\\/logo-symbol.svg\",\"contentUrl\":\"https:\\\/\\\/www.namude.lt\\\/wp-content\\\/uploads\\\/2023\\\/11\\\/logo-symbol.svg\",\"width\":1,\"height\":1,\"caption\":\"Namud\u0117\"},\"image\":{\"@id\":\"https:\\\/\\\/www.namude.lt\\\/#\\\/schema\\\/logo\\\/image\\\/\"}}]}<\/script>\n<!-- \/ Yoast SEO plugin. -->","yoast_head_json":{"title":"PARDUODAMA DALIS NAMO SU 6HA SKLYPU, MOL\u0116T\u0172 RAJONE - Namud\u0117","robots":{"index":"index","follow":"follow","max-snippet":"max-snippet:-1","max-image-preview":"max-image-preview:large","max-video-preview":"max-video-preview:-1"},"canonical":"https:\/\/www.namude.lt\/objektas\/parduodama-dalis-namo-su-6ha-sklypu-moletu-rajone\/","og_locale":"ru_RU","og_type":"article","og_title":"PARDUODAMA DALIS NAMO SU 6HA SKLYPU, MOL\u0116T\u0172 RAJONE - Namud\u0117","og_description":"E\u017eer\u0173 ir mi\u0161k\u0173 kra\u0161te Mol\u0117t\u0173 rajone, Dailid\u0117s kaime, 6 ha sklypas su namo dalimi laukia nauj\u0173 \u0161eiminink\u0173. Gamtos myl\u0117tojams ir \u017evejams tai puiki vieta ne tik poilsiui, hobiui, bet ir nuolatiniam gyvenimui. Dailid\u0117s kaimas \u012fsik\u016br\u0119s netoliese I\u0161nar\u0173 e\u017eero, Pa\u0161ulni\u0161k\u0117s ir Alk\u016bn\u0173 mi\u0161kai.   PRIVALUMAI: \u2013 Dalis gyvenamojo namo 36kv.m. (2kambariai, pakeistas stogas, langai); \u2013 Tvirti \u016bkiniai pastatai (lauko r\u016bsys, \u016bkinis, lauko virtuv\u0117); \u2013 Sklypo plotas \u2013 6,34ha; \u2013 \u0160ildymas kieto kuro krosnimi; \u2013 Didelis brandus sodas; \u2013 Patogus ir geras priva\u017eiavimas visais met\u0173 laikais, atstumai iki \u016ata 1km, Inturk\u0117 4km, Joni\u0161kis 9km, Mol\u0117t\u0173 17km, Pabrad\u0117 27km, Utenos 50km, Ignalina 60km, Vilniaus ir \u0160ven\u010dionys 63km.  Koordinat\u0117s : maps.lt \u201355.135473, 25.589864 Kvie\u010diame ap\u017ei\u016br\u0117ti ir \u012fvertinti \u0161i\u0105 vieta patiems! Lauksime atvykstant ir savaitgaliais!","og_url":"https:\/\/www.namude.lt\/objektas\/parduodama-dalis-namo-su-6ha-sklypu-moletu-rajone\/","og_site_name":"Namud\u0117","og_image":[{"width":2400,"height":1800,"url":"https:\/\/www.namude.lt\/wp-content\/uploads\/2025\/06\/2-5.jpg","type":"image\/jpeg"}],"twitter_card":"summary_large_image","schema":{"@context":"https:\/\/schema.org","@graph":[{"@type":"WebPage","@id":"https:\/\/www.namude.lt\/objektas\/parduodama-dalis-namo-su-6ha-sklypu-moletu-rajone\/","url":"https:\/\/www.namude.lt\/objektas\/parduodama-dalis-namo-su-6ha-sklypu-moletu-rajone\/","name":"PARDUODAMA DALIS NAMO SU 6HA SKLYPU, MOL\u0116T\u0172 RAJONE - Namud\u0117","isPartOf":{"@id":"https:\/\/www.namude.lt\/#website"},"primaryImageOfPage":{"@id":"https:\/\/www.namude.lt\/objektas\/parduodama-dalis-namo-su-6ha-sklypu-moletu-rajone\/#primaryimage"},"image":{"@id":"https:\/\/www.namude.lt\/objektas\/parduodama-dalis-namo-su-6ha-sklypu-moletu-rajone\/#primaryimage"},"thumbnailUrl":"https:\/\/www.namude.lt\/wp-content\/uploads\/2025\/06\/2-5.jpg","datePublished":"2025-06-09T07:52:09+00:00","breadcrumb":{"@id":"https:\/\/www.namude.lt\/objektas\/parduodama-dalis-namo-su-6ha-sklypu-moletu-rajone\/#breadcrumb"},"inLanguage":"ru-RU","potentialAction":[{"@type":"ReadAction","target":["https:\/\/www.namude.lt\/objektas\/parduodama-dalis-namo-su-6ha-sklypu-moletu-rajone\/"]}]},{"@type":"ImageObject","inLanguage":"ru-RU","@id":"https:\/\/www.namude.lt\/objektas\/parduodama-dalis-namo-su-6ha-sklypu-moletu-rajone\/#primaryimage","url":"https:\/\/www.namude.lt\/wp-content\/uploads\/2025\/06\/2-5.jpg","contentUrl":"https:\/\/www.namude.lt\/wp-content\/uploads\/2025\/06\/2-5.jpg","width":2400,"height":1800},{"@type":"BreadcrumbList","@id":"https:\/\/www.namude.lt\/objektas\/parduodama-dalis-namo-su-6ha-sklypu-moletu-rajone\/#breadcrumb","itemListElement":[{"@type":"ListItem","position":1,"name":"Home","item":"https:\/\/www.namude.lt\/ru\/"},{"@type":"ListItem","position":2,"name":"\u041e\u0431\u044a\u0435\u043a\u0442\u044b","item":"https:\/\/www.namude.lt\/ru\/%d0%be%d0%b1%d1%8a%d0%b5%d0%ba%d1%82%d1%8b\/"},{"@type":"ListItem","position":3,"name":"PARDUODAMA DALIS NAMO SU 6HA SKLYPU, MOL\u0116T\u0172 RAJONE"}]},{"@type":"WebSite","@id":"https:\/\/www.namude.lt\/#website","url":"https:\/\/www.namude.lt\/","name":"Namud\u0117","description":"\u201eNamud\u0117\u201c \u2013 agent\u016bra, pardavin\u0117janti Auk\u0161taitijos NT grynuolius.","publisher":{"@id":"https:\/\/www.namude.lt\/#organization"},"potentialAction":[{"@type":"SearchAction","target":{"@type":"EntryPoint","urlTemplate":"https:\/\/www.namude.lt\/?s={search_term_string}"},"query-input":{"@type":"PropertyValueSpecification","valueRequired":true,"valueName":"search_term_string"}}],"inLanguage":"ru-RU"},{"@type":"Organization","@id":"https:\/\/www.namude.lt\/#organization","name":"Namud\u0117","url":"https:\/\/www.namude.lt\/","logo":{"@type":"ImageObject","inLanguage":"ru-RU","@id":"https:\/\/www.namude.lt\/#\/schema\/logo\/image\/","url":"https:\/\/www.namude.lt\/wp-content\/uploads\/2023\/11\/logo-symbol.svg","contentUrl":"https:\/\/www.namude.lt\/wp-content\/uploads\/2023\/11\/logo-symbol.svg","width":1,"height":1,"caption":"Namud\u0117"},"image":{"@id":"https:\/\/www.namude.lt\/#\/schema\/logo\/image\/"}}]}},"_links":{"self":[{"href":"https:\/\/www.namude.lt\/ru\/wp-json\/wp\/v2\/product\/19172","targetHints":{"allow":["GET"]}}],"collection":[{"href":"https:\/\/www.namude.lt\/ru\/wp-json\/wp\/v2\/product"}],"about":[{"href":"https:\/\/www.namude.lt\/ru\/wp-json\/wp\/v2\/types\/product"}],"wp:featuredmedia":[{"embeddable":true,"href":"https:\/\/www.namude.lt\/ru\/wp-json\/wp\/v2\/media\/19176"}],"wp:attachment":[{"href":"https:\/\/www.namude.lt\/ru\/wp-json\/wp\/v2\/media?parent=19172"}],"wp:term":[{"taxonomy":"product_brand","embeddable":true,"href":"https:\/\/www.namude.lt\/ru\/wp-json\/wp\/v2\/product_brand?post=19172"},{"taxonomy":"product_cat","embeddable":true,"href":"https:\/\/www.namude.lt\/ru\/wp-json\/wp\/v2\/product_cat?post=19172"},{"taxonomy":"product_tag","embeddable":true,"href":"https:\/\/www.namude.lt\/ru\/wp-json\/wp\/v2\/product_tag?post=19172"}],"curies":[{"name":"wp","href":"https:\/\/api.w.org\/{rel}","templated":true}]}}