{"id":18832,"date":"2025-05-30T11:03:29","date_gmt":"2025-05-30T08:03:29","guid":{"rendered":"https:\/\/www.namude.lt\/?post_type=product&#038;p=18832"},"modified":"2025-12-29T13:43:17","modified_gmt":"2025-12-29T11:43:17","slug":"parduodamas-sklypas-su-projektu-anyksciu-mieste","status":"publish","type":"product","link":"https:\/\/www.namude.lt\/ru\/\u043e\u0431\u044a\u0435\u043a\u0442\/parduodamas-sklypas-su-projektu-anyksciu-mieste\/","title":{"rendered":"PARDUODAMAS SKLYPAS SU PROJEKTU ANYK\u0160\u010cI\u0172 MIESTE"},"content":{"rendered":"","protected":false},"excerpt":{"rendered":"<p>Populiarumu atgimusiame Anyk\u0161\u010di\u0173 miestelyje Dariaus ir Gir\u0117no gatv\u0117je 4a sklype suprojektuotas vieno buto gyvenamasis namas su prekybos paskirties patalpomis i\u0161 gatv\u0117s pus\u0117s. Gyvenamasis namas tradicin\u0117s architekt\u016brin\u0117s i\u0161rai\u0161kos, atitinkantis Anyk\u0161\u010di\u0173 regioninio parko reikalavimus. Sklype \u012fvestos komunikacijos, paruo\u0161ta pamat\u0173 klojimui.<\/p>\n","protected":false},"featured_media":18879,"template":"","meta":{"_acf_changed":false},"product_brand":[],"product_cat":[24],"product_tag":[],"class_list":{"0":"post-18832","1":"product","2":"type-product","3":"status-publish","4":"has-post-thumbnail","6":"product_cat-sklypai","7":"pa_rajonas-anyksciu-rajonas","8":"description-off","10":"first","11":"instock","12":"shipping-taxable","13":"purchasable","14":"product-type-simple"},"acf":[],"yoast_head":"<!-- This site is optimized with the Yoast SEO plugin v27.4 - https:\/\/yoast.com\/product\/yoast-seo-wordpress\/ -->\n<title>PARDUODAMAS SKLYPAS SU PROJEKTU ANYK\u0160\u010cI\u0172 MIESTE - Namud\u0117<\/title>\n<meta name=\"robots\" content=\"index, follow, max-snippet:-1, max-image-preview:large, max-video-preview:-1\" \/>\n<link rel=\"canonical\" href=\"https:\/\/www.namude.lt\/objektas\/parduodamas-sklypas-su-projektu-anyksciu-mieste\/\" \/>\n<meta property=\"og:locale\" content=\"ru_RU\" \/>\n<meta property=\"og:type\" content=\"article\" \/>\n<meta property=\"og:title\" content=\"PARDUODAMAS SKLYPAS SU PROJEKTU ANYK\u0160\u010cI\u0172 MIESTE - Namud\u0117\" \/>\n<meta property=\"og:description\" content=\"Populiarumu atgimusiame Anyk\u0161\u010di\u0173 miestelyje Dariaus ir Gir\u0117no gatv\u0117je 4a sklype suprojektuotas vieno buto gyvenamasis namas su prekybos paskirties patalpomis i\u0161 gatv\u0117s pus\u0117s. Gyvenamasis namas tradicin\u0117s architekt\u016brin\u0117s i\u0161rai\u0161kos, atitinkantis Anyk\u0161\u010di\u0173 regioninio parko reikalavimus. Sklype \u012fvestos komunikacijos, paruo\u0161ta pamat\u0173 klojimui.\" \/>\n<meta property=\"og:url\" content=\"https:\/\/www.namude.lt\/objektas\/parduodamas-sklypas-su-projektu-anyksciu-mieste\/\" \/>\n<meta property=\"og:site_name\" content=\"Namud\u0117\" \/>\n<meta property=\"article:modified_time\" content=\"2025-12-29T11:43:17+00:00\" \/>\n<meta property=\"og:image\" content=\"https:\/\/www.namude.lt\/wp-content\/uploads\/2025\/05\/IMG-20250601-WA0000.jpg\" \/>\n\t<meta property=\"og:image:width\" content=\"1179\" \/>\n\t<meta property=\"og:image:height\" content=\"1174\" \/>\n\t<meta property=\"og:image:type\" content=\"image\/jpeg\" \/>\n<meta name=\"twitter:card\" content=\"summary_large_image\" \/>\n<script type=\"application\/ld+json\" class=\"yoast-schema-graph\">{\"@context\":\"https:\\\/\\\/schema.org\",\"@graph\":[{\"@type\":\"WebPage\",\"@id\":\"https:\\\/\\\/www.namude.lt\\\/objektas\\\/parduodamas-sklypas-su-projektu-anyksciu-mieste\\\/\",\"url\":\"https:\\\/\\\/www.namude.lt\\\/objektas\\\/parduodamas-sklypas-su-projektu-anyksciu-mieste\\\/\",\"name\":\"PARDUODAMAS SKLYPAS SU PROJEKTU ANYK\u0160\u010cI\u0172 MIESTE - Namud\u0117\",\"isPartOf\":{\"@id\":\"https:\\\/\\\/www.namude.lt\\\/#website\"},\"primaryImageOfPage\":{\"@id\":\"https:\\\/\\\/www.namude.lt\\\/objektas\\\/parduodamas-sklypas-su-projektu-anyksciu-mieste\\\/#primaryimage\"},\"image\":{\"@id\":\"https:\\\/\\\/www.namude.lt\\\/objektas\\\/parduodamas-sklypas-su-projektu-anyksciu-mieste\\\/#primaryimage\"},\"thumbnailUrl\":\"https:\\\/\\\/www.namude.lt\\\/wp-content\\\/uploads\\\/2025\\\/05\\\/IMG-20250601-WA0000.jpg\",\"datePublished\":\"2025-05-30T08:03:29+00:00\",\"dateModified\":\"2025-12-29T11:43:17+00:00\",\"breadcrumb\":{\"@id\":\"https:\\\/\\\/www.namude.lt\\\/objektas\\\/parduodamas-sklypas-su-projektu-anyksciu-mieste\\\/#breadcrumb\"},\"inLanguage\":\"ru-RU\",\"potentialAction\":[{\"@type\":\"ReadAction\",\"target\":[\"https:\\\/\\\/www.namude.lt\\\/objektas\\\/parduodamas-sklypas-su-projektu-anyksciu-mieste\\\/\"]}]},{\"@type\":\"ImageObject\",\"inLanguage\":\"ru-RU\",\"@id\":\"https:\\\/\\\/www.namude.lt\\\/objektas\\\/parduodamas-sklypas-su-projektu-anyksciu-mieste\\\/#primaryimage\",\"url\":\"https:\\\/\\\/www.namude.lt\\\/wp-content\\\/uploads\\\/2025\\\/05\\\/IMG-20250601-WA0000.jpg\",\"contentUrl\":\"https:\\\/\\\/www.namude.lt\\\/wp-content\\\/uploads\\\/2025\\\/05\\\/IMG-20250601-WA0000.jpg\",\"width\":1179,\"height\":1174},{\"@type\":\"BreadcrumbList\",\"@id\":\"https:\\\/\\\/www.namude.lt\\\/objektas\\\/parduodamas-sklypas-su-projektu-anyksciu-mieste\\\/#breadcrumb\",\"itemListElement\":[{\"@type\":\"ListItem\",\"position\":1,\"name\":\"Home\",\"item\":\"https:\\\/\\\/www.namude.lt\\\/ru\\\/\"},{\"@type\":\"ListItem\",\"position\":2,\"name\":\"\u041e\u0431\u044a\u0435\u043a\u0442\u044b\",\"item\":\"https:\\\/\\\/www.namude.lt\\\/ru\\\/%d0%be%d0%b1%d1%8a%d0%b5%d0%ba%d1%82%d1%8b\\\/\"},{\"@type\":\"ListItem\",\"position\":3,\"name\":\"PARDUODAMAS SKLYPAS SU PROJEKTU ANYK\u0160\u010cI\u0172 MIESTE\"}]},{\"@type\":\"WebSite\",\"@id\":\"https:\\\/\\\/www.namude.lt\\\/#website\",\"url\":\"https:\\\/\\\/www.namude.lt\\\/\",\"name\":\"Namud\u0117\",\"description\":\"\u201eNamud\u0117\u201c \u2013 agent\u016bra, pardavin\u0117janti Auk\u0161taitijos NT grynuolius.\",\"publisher\":{\"@id\":\"https:\\\/\\\/www.namude.lt\\\/#organization\"},\"potentialAction\":[{\"@type\":\"SearchAction\",\"target\":{\"@type\":\"EntryPoint\",\"urlTemplate\":\"https:\\\/\\\/www.namude.lt\\\/?s={search_term_string}\"},\"query-input\":{\"@type\":\"PropertyValueSpecification\",\"valueRequired\":true,\"valueName\":\"search_term_string\"}}],\"inLanguage\":\"ru-RU\"},{\"@type\":\"Organization\",\"@id\":\"https:\\\/\\\/www.namude.lt\\\/#organization\",\"name\":\"Namud\u0117\",\"url\":\"https:\\\/\\\/www.namude.lt\\\/\",\"logo\":{\"@type\":\"ImageObject\",\"inLanguage\":\"ru-RU\",\"@id\":\"https:\\\/\\\/www.namude.lt\\\/#\\\/schema\\\/logo\\\/image\\\/\",\"url\":\"https:\\\/\\\/www.namude.lt\\\/wp-content\\\/uploads\\\/2023\\\/11\\\/logo-symbol.svg\",\"contentUrl\":\"https:\\\/\\\/www.namude.lt\\\/wp-content\\\/uploads\\\/2023\\\/11\\\/logo-symbol.svg\",\"width\":1,\"height\":1,\"caption\":\"Namud\u0117\"},\"image\":{\"@id\":\"https:\\\/\\\/www.namude.lt\\\/#\\\/schema\\\/logo\\\/image\\\/\"}}]}<\/script>\n<!-- \/ Yoast SEO plugin. -->","yoast_head_json":{"title":"PARDUODAMAS SKLYPAS SU PROJEKTU ANYK\u0160\u010cI\u0172 MIESTE - Namud\u0117","robots":{"index":"index","follow":"follow","max-snippet":"max-snippet:-1","max-image-preview":"max-image-preview:large","max-video-preview":"max-video-preview:-1"},"canonical":"https:\/\/www.namude.lt\/objektas\/parduodamas-sklypas-su-projektu-anyksciu-mieste\/","og_locale":"ru_RU","og_type":"article","og_title":"PARDUODAMAS SKLYPAS SU PROJEKTU ANYK\u0160\u010cI\u0172 MIESTE - Namud\u0117","og_description":"Populiarumu atgimusiame Anyk\u0161\u010di\u0173 miestelyje Dariaus ir Gir\u0117no gatv\u0117je 4a sklype suprojektuotas vieno buto gyvenamasis namas su prekybos paskirties patalpomis i\u0161 gatv\u0117s pus\u0117s. Gyvenamasis namas tradicin\u0117s architekt\u016brin\u0117s i\u0161rai\u0161kos, atitinkantis Anyk\u0161\u010di\u0173 regioninio parko reikalavimus. Sklype \u012fvestos komunikacijos, paruo\u0161ta pamat\u0173 klojimui.","og_url":"https:\/\/www.namude.lt\/objektas\/parduodamas-sklypas-su-projektu-anyksciu-mieste\/","og_site_name":"Namud\u0117","article_modified_time":"2025-12-29T11:43:17+00:00","og_image":[{"width":1179,"height":1174,"url":"https:\/\/www.namude.lt\/wp-content\/uploads\/2025\/05\/IMG-20250601-WA0000.jpg","type":"image\/jpeg"}],"twitter_card":"summary_large_image","schema":{"@context":"https:\/\/schema.org","@graph":[{"@type":"WebPage","@id":"https:\/\/www.namude.lt\/objektas\/parduodamas-sklypas-su-projektu-anyksciu-mieste\/","url":"https:\/\/www.namude.lt\/objektas\/parduodamas-sklypas-su-projektu-anyksciu-mieste\/","name":"PARDUODAMAS SKLYPAS SU PROJEKTU ANYK\u0160\u010cI\u0172 MIESTE - Namud\u0117","isPartOf":{"@id":"https:\/\/www.namude.lt\/#website"},"primaryImageOfPage":{"@id":"https:\/\/www.namude.lt\/objektas\/parduodamas-sklypas-su-projektu-anyksciu-mieste\/#primaryimage"},"image":{"@id":"https:\/\/www.namude.lt\/objektas\/parduodamas-sklypas-su-projektu-anyksciu-mieste\/#primaryimage"},"thumbnailUrl":"https:\/\/www.namude.lt\/wp-content\/uploads\/2025\/05\/IMG-20250601-WA0000.jpg","datePublished":"2025-05-30T08:03:29+00:00","dateModified":"2025-12-29T11:43:17+00:00","breadcrumb":{"@id":"https:\/\/www.namude.lt\/objektas\/parduodamas-sklypas-su-projektu-anyksciu-mieste\/#breadcrumb"},"inLanguage":"ru-RU","potentialAction":[{"@type":"ReadAction","target":["https:\/\/www.namude.lt\/objektas\/parduodamas-sklypas-su-projektu-anyksciu-mieste\/"]}]},{"@type":"ImageObject","inLanguage":"ru-RU","@id":"https:\/\/www.namude.lt\/objektas\/parduodamas-sklypas-su-projektu-anyksciu-mieste\/#primaryimage","url":"https:\/\/www.namude.lt\/wp-content\/uploads\/2025\/05\/IMG-20250601-WA0000.jpg","contentUrl":"https:\/\/www.namude.lt\/wp-content\/uploads\/2025\/05\/IMG-20250601-WA0000.jpg","width":1179,"height":1174},{"@type":"BreadcrumbList","@id":"https:\/\/www.namude.lt\/objektas\/parduodamas-sklypas-su-projektu-anyksciu-mieste\/#breadcrumb","itemListElement":[{"@type":"ListItem","position":1,"name":"Home","item":"https:\/\/www.namude.lt\/ru\/"},{"@type":"ListItem","position":2,"name":"\u041e\u0431\u044a\u0435\u043a\u0442\u044b","item":"https:\/\/www.namude.lt\/ru\/%d0%be%d0%b1%d1%8a%d0%b5%d0%ba%d1%82%d1%8b\/"},{"@type":"ListItem","position":3,"name":"PARDUODAMAS SKLYPAS SU PROJEKTU ANYK\u0160\u010cI\u0172 MIESTE"}]},{"@type":"WebSite","@id":"https:\/\/www.namude.lt\/#website","url":"https:\/\/www.namude.lt\/","name":"Namud\u0117","description":"\u201eNamud\u0117\u201c \u2013 agent\u016bra, pardavin\u0117janti Auk\u0161taitijos NT grynuolius.","publisher":{"@id":"https:\/\/www.namude.lt\/#organization"},"potentialAction":[{"@type":"SearchAction","target":{"@type":"EntryPoint","urlTemplate":"https:\/\/www.namude.lt\/?s={search_term_string}"},"query-input":{"@type":"PropertyValueSpecification","valueRequired":true,"valueName":"search_term_string"}}],"inLanguage":"ru-RU"},{"@type":"Organization","@id":"https:\/\/www.namude.lt\/#organization","name":"Namud\u0117","url":"https:\/\/www.namude.lt\/","logo":{"@type":"ImageObject","inLanguage":"ru-RU","@id":"https:\/\/www.namude.lt\/#\/schema\/logo\/image\/","url":"https:\/\/www.namude.lt\/wp-content\/uploads\/2023\/11\/logo-symbol.svg","contentUrl":"https:\/\/www.namude.lt\/wp-content\/uploads\/2023\/11\/logo-symbol.svg","width":1,"height":1,"caption":"Namud\u0117"},"image":{"@id":"https:\/\/www.namude.lt\/#\/schema\/logo\/image\/"}}]}},"_links":{"self":[{"href":"https:\/\/www.namude.lt\/ru\/wp-json\/wp\/v2\/product\/18832","targetHints":{"allow":["GET"]}}],"collection":[{"href":"https:\/\/www.namude.lt\/ru\/wp-json\/wp\/v2\/product"}],"about":[{"href":"https:\/\/www.namude.lt\/ru\/wp-json\/wp\/v2\/types\/product"}],"wp:featuredmedia":[{"embeddable":true,"href":"https:\/\/www.namude.lt\/ru\/wp-json\/wp\/v2\/media\/18879"}],"wp:attachment":[{"href":"https:\/\/www.namude.lt\/ru\/wp-json\/wp\/v2\/media?parent=18832"}],"wp:term":[{"taxonomy":"product_brand","embeddable":true,"href":"https:\/\/www.namude.lt\/ru\/wp-json\/wp\/v2\/product_brand?post=18832"},{"taxonomy":"product_cat","embeddable":true,"href":"https:\/\/www.namude.lt\/ru\/wp-json\/wp\/v2\/product_cat?post=18832"},{"taxonomy":"product_tag","embeddable":true,"href":"https:\/\/www.namude.lt\/ru\/wp-json\/wp\/v2\/product_tag?post=18832"}],"curies":[{"name":"wp","href":"https:\/\/api.w.org\/{rel}","templated":true}]}}