{"id":18364,"date":"2025-05-26T15:22:46","date_gmt":"2025-05-26T12:22:46","guid":{"rendered":"https:\/\/www.namude.lt\/?post_type=product&#038;p=18364"},"modified":"2025-11-11T12:08:13","modified_gmt":"2025-11-11T10:08:13","slug":"parduodamas-namas-kavarsko-seniunijoje-anyksciu-rajone","status":"publish","type":"product","link":"https:\/\/www.namude.lt\/ru\/\u043e\u0431\u044a\u0435\u043a\u0442\/parduodamas-namas-kavarsko-seniunijoje-anyksciu-rajone\/","title":{"rendered":"PARDUODAMAS NAMAS KAVARSKO SENI\u016aNIJOJE ANYK\u0160\u010cI\u0172 RAJONE"},"content":{"rendered":"","protected":false},"excerpt":{"rendered":"<p>Rep\u0161\u0117n\u0173 kaime, Pieni\u0173 gatv\u0117je parduodamas m\u016brinis namas su \u016bkiniu pastatu. Anyk\u0161\u010di\u0173 rajonas vienas i\u0161 gra\u017eiausi\u0173 viet\u0173 Lietuvoje, o Kavarsko miestelis \u2013 traukos objektas su nuostabia gamta ir \u0160ventosios up\u0117s vingiais ir u\u017etvanka. Kavarske veikia vidurin\u0117 mokykla, biblioteka, kavinuk\u0117s, parduotuv\u0117s. \u0160alimais  gal\u0117site gro\u017e\u0117tis Rep\u0161\u0117n\u0173 ir Tum\u0117jos mi\u0161kais, piliakalniais, Pienioni\u0173 dvaru, Barboros akmeniu.<\/p>\n<p>PRIVALUMAI:<br \/>\n\u2013 Tvarkingas 70kv.m  m\u016brinis namas (prie\u0161kambaris, virtuv\u0117, 3 kambariai, veranda));<br \/>\n\u2013 \u016akinis pastatas ( lauko tualetas, pirtis, gara\u017eas, sand\u0117liavimo paslauga);<br \/>\n\u2013 Nam\u0173 valdos plotas \u2013 24a;<br \/>\n\u2013 Krosninis \u0161ildymas;<br \/>\n\u2013 Patogus priva\u017eiavimas: iki Traupio 7km; Kavarsko 10km; Tro\u0161k\u016bnai 19km; Anyk\u0161\u010di\u0173 26km;Tauj\u0117nai 30km; Ukmerg\u0117 35km; Panev\u0117\u017eys 46km; Utena 58km, Mol\u0117tai 59km, Vilnius 103km, Kaunas 106km.<br \/>\nKoordinat\u0117s :<br \/>\nmaps.lt \u2013 55.492351, 24.843783<br \/>\nKvie\u010diame ap\u017ei\u016br\u0117ti ir \u012fvertinti \u0161i\u0105 viet\u0105 patiems! Lauksime atvykstant ir savaitgaliais!<\/p>\n","protected":false},"featured_media":21533,"template":"","meta":{"_acf_changed":false},"product_brand":[],"product_cat":[26],"product_tag":[],"class_list":{"0":"post-18364","1":"product","2":"type-product","3":"status-publish","4":"has-post-thumbnail","6":"product_cat-namai","7":"pa_rajonas-anyksciu-rajonas","8":"description-off","10":"first","11":"instock","12":"sale","13":"shipping-taxable","14":"purchasable","15":"product-type-simple"},"acf":[],"yoast_head":"<!-- This site is optimized with the Yoast SEO plugin v27.0 - https:\/\/yoast.com\/product\/yoast-seo-wordpress\/ -->\n<title>PARDUODAMAS NAMAS KAVARSKO SENI\u016aNIJOJE ANYK\u0160\u010cI\u0172 RAJONE - Namud\u0117<\/title>\n<meta name=\"robots\" content=\"index, follow, max-snippet:-1, max-image-preview:large, max-video-preview:-1\" \/>\n<link rel=\"canonical\" href=\"https:\/\/www.namude.lt\/objektas\/parduodamas-namas-kavarsko-seniunijoje-anyksciu-rajone\/\" \/>\n<meta property=\"og:locale\" content=\"ru_RU\" \/>\n<meta property=\"og:type\" content=\"article\" \/>\n<meta property=\"og:title\" content=\"PARDUODAMAS NAMAS KAVARSKO SENI\u016aNIJOJE ANYK\u0160\u010cI\u0172 RAJONE - Namud\u0117\" \/>\n<meta property=\"og:description\" content=\"Rep\u0161\u0117n\u0173 kaime, Pieni\u0173 gatv\u0117je parduodamas m\u016brinis namas su \u016bkiniu pastatu. Anyk\u0161\u010di\u0173 rajonas vienas i\u0161 gra\u017eiausi\u0173 viet\u0173 Lietuvoje, o Kavarsko miestelis \u2013 traukos objektas su nuostabia gamta ir \u0160ventosios up\u0117s vingiais ir u\u017etvanka. Kavarske veikia vidurin\u0117 mokykla, biblioteka, kavinuk\u0117s, parduotuv\u0117s. \u0160alimais gal\u0117site gro\u017e\u0117tis Rep\u0161\u0117n\u0173 ir Tum\u0117jos mi\u0161kais, piliakalniais, Pienioni\u0173 dvaru, Barboros akmeniu.  PRIVALUMAI: \u2013 Tvarkingas 70kv.m m\u016brinis namas (prie\u0161kambaris, virtuv\u0117, 3 kambariai, veranda)); \u2013 \u016akinis pastatas ( lauko tualetas, pirtis, gara\u017eas, sand\u0117liavimo paslauga); \u2013 Nam\u0173 valdos plotas \u2013 24a; \u2013 Krosninis \u0161ildymas; \u2013 Patogus priva\u017eiavimas: iki Traupio 7km; Kavarsko 10km; Tro\u0161k\u016bnai 19km; Anyk\u0161\u010di\u0173 26km;Tauj\u0117nai 30km; Ukmerg\u0117 35km; Panev\u0117\u017eys 46km; Utena 58km, Mol\u0117tai 59km, Vilnius 103km, Kaunas 106km. Koordinat\u0117s : maps.lt \u2013 55.492351, 24.843783 Kvie\u010diame ap\u017ei\u016br\u0117ti ir \u012fvertinti \u0161i\u0105 viet\u0105 patiems! Lauksime atvykstant ir savaitgaliais!\" \/>\n<meta property=\"og:url\" content=\"https:\/\/www.namude.lt\/objektas\/parduodamas-namas-kavarsko-seniunijoje-anyksciu-rajone\/\" \/>\n<meta property=\"og:site_name\" content=\"Namud\u0117\" \/>\n<meta property=\"article:modified_time\" content=\"2025-11-11T10:08:13+00:00\" \/>\n<meta property=\"og:image\" content=\"https:\/\/www.namude.lt\/wp-content\/uploads\/2025\/05\/4-13.jpg\" \/>\n\t<meta property=\"og:image:width\" content=\"2400\" \/>\n\t<meta property=\"og:image:height\" content=\"1800\" \/>\n\t<meta property=\"og:image:type\" content=\"image\/jpeg\" \/>\n<meta name=\"twitter:card\" content=\"summary_large_image\" \/>\n<script type=\"application\/ld+json\" class=\"yoast-schema-graph\">{\"@context\":\"https:\/\/schema.org\",\"@graph\":[{\"@type\":\"WebPage\",\"@id\":\"https:\/\/www.namude.lt\/objektas\/parduodamas-namas-kavarsko-seniunijoje-anyksciu-rajone\/\",\"url\":\"https:\/\/www.namude.lt\/objektas\/parduodamas-namas-kavarsko-seniunijoje-anyksciu-rajone\/\",\"name\":\"PARDUODAMAS NAMAS KAVARSKO SENI\u016aNIJOJE ANYK\u0160\u010cI\u0172 RAJONE - Namud\u0117\",\"isPartOf\":{\"@id\":\"https:\/\/www.namude.lt\/#website\"},\"primaryImageOfPage\":{\"@id\":\"https:\/\/www.namude.lt\/objektas\/parduodamas-namas-kavarsko-seniunijoje-anyksciu-rajone\/#primaryimage\"},\"image\":{\"@id\":\"https:\/\/www.namude.lt\/objektas\/parduodamas-namas-kavarsko-seniunijoje-anyksciu-rajone\/#primaryimage\"},\"thumbnailUrl\":\"https:\/\/www.namude.lt\/wp-content\/uploads\/2025\/05\/4-13.jpg\",\"datePublished\":\"2025-05-26T12:22:46+00:00\",\"dateModified\":\"2025-11-11T10:08:13+00:00\",\"breadcrumb\":{\"@id\":\"https:\/\/www.namude.lt\/objektas\/parduodamas-namas-kavarsko-seniunijoje-anyksciu-rajone\/#breadcrumb\"},\"inLanguage\":\"ru-RU\",\"potentialAction\":[{\"@type\":\"ReadAction\",\"target\":[\"https:\/\/www.namude.lt\/objektas\/parduodamas-namas-kavarsko-seniunijoje-anyksciu-rajone\/\"]}]},{\"@type\":\"ImageObject\",\"inLanguage\":\"ru-RU\",\"@id\":\"https:\/\/www.namude.lt\/objektas\/parduodamas-namas-kavarsko-seniunijoje-anyksciu-rajone\/#primaryimage\",\"url\":\"https:\/\/www.namude.lt\/wp-content\/uploads\/2025\/05\/4-13.jpg\",\"contentUrl\":\"https:\/\/www.namude.lt\/wp-content\/uploads\/2025\/05\/4-13.jpg\",\"width\":2400,\"height\":1800},{\"@type\":\"BreadcrumbList\",\"@id\":\"https:\/\/www.namude.lt\/objektas\/parduodamas-namas-kavarsko-seniunijoje-anyksciu-rajone\/#breadcrumb\",\"itemListElement\":[{\"@type\":\"ListItem\",\"position\":1,\"name\":\"Home\",\"item\":\"https:\/\/www.namude.lt\/ru\/\"},{\"@type\":\"ListItem\",\"position\":2,\"name\":\"\u041e\u0431\u044a\u0435\u043a\u0442\u044b\",\"item\":\"https:\/\/www.namude.lt\/ru\/%d0%be%d0%b1%d1%8a%d0%b5%d0%ba%d1%82%d1%8b\/\"},{\"@type\":\"ListItem\",\"position\":3,\"name\":\"PARDUODAMAS NAMAS KAVARSKO SENI\u016aNIJOJE ANYK\u0160\u010cI\u0172 RAJONE\"}]},{\"@type\":\"WebSite\",\"@id\":\"https:\/\/www.namude.lt\/#website\",\"url\":\"https:\/\/www.namude.lt\/\",\"name\":\"Namud\u0117\",\"description\":\"\u201eNamud\u0117\u201c \u2013 agent\u016bra, pardavin\u0117janti Auk\u0161taitijos NT grynuolius.\",\"publisher\":{\"@id\":\"https:\/\/www.namude.lt\/#organization\"},\"potentialAction\":[{\"@type\":\"SearchAction\",\"target\":{\"@type\":\"EntryPoint\",\"urlTemplate\":\"https:\/\/www.namude.lt\/?s={search_term_string}\"},\"query-input\":{\"@type\":\"PropertyValueSpecification\",\"valueRequired\":true,\"valueName\":\"search_term_string\"}}],\"inLanguage\":\"ru-RU\"},{\"@type\":\"Organization\",\"@id\":\"https:\/\/www.namude.lt\/#organization\",\"name\":\"Namud\u0117\",\"url\":\"https:\/\/www.namude.lt\/\",\"logo\":{\"@type\":\"ImageObject\",\"inLanguage\":\"ru-RU\",\"@id\":\"https:\/\/www.namude.lt\/#\/schema\/logo\/image\/\",\"url\":\"https:\/\/www.namude.lt\/wp-content\/uploads\/2023\/11\/logo-symbol.svg\",\"contentUrl\":\"https:\/\/www.namude.lt\/wp-content\/uploads\/2023\/11\/logo-symbol.svg\",\"width\":1,\"height\":1,\"caption\":\"Namud\u0117\"},\"image\":{\"@id\":\"https:\/\/www.namude.lt\/#\/schema\/logo\/image\/\"}}]}<\/script>\n<!-- \/ Yoast SEO plugin. -->","yoast_head_json":{"title":"PARDUODAMAS NAMAS KAVARSKO SENI\u016aNIJOJE ANYK\u0160\u010cI\u0172 RAJONE - Namud\u0117","robots":{"index":"index","follow":"follow","max-snippet":"max-snippet:-1","max-image-preview":"max-image-preview:large","max-video-preview":"max-video-preview:-1"},"canonical":"https:\/\/www.namude.lt\/objektas\/parduodamas-namas-kavarsko-seniunijoje-anyksciu-rajone\/","og_locale":"ru_RU","og_type":"article","og_title":"PARDUODAMAS NAMAS KAVARSKO SENI\u016aNIJOJE ANYK\u0160\u010cI\u0172 RAJONE - Namud\u0117","og_description":"Rep\u0161\u0117n\u0173 kaime, Pieni\u0173 gatv\u0117je parduodamas m\u016brinis namas su \u016bkiniu pastatu. Anyk\u0161\u010di\u0173 rajonas vienas i\u0161 gra\u017eiausi\u0173 viet\u0173 Lietuvoje, o Kavarsko miestelis \u2013 traukos objektas su nuostabia gamta ir \u0160ventosios up\u0117s vingiais ir u\u017etvanka. Kavarske veikia vidurin\u0117 mokykla, biblioteka, kavinuk\u0117s, parduotuv\u0117s. \u0160alimais gal\u0117site gro\u017e\u0117tis Rep\u0161\u0117n\u0173 ir Tum\u0117jos mi\u0161kais, piliakalniais, Pienioni\u0173 dvaru, Barboros akmeniu.  PRIVALUMAI: \u2013 Tvarkingas 70kv.m m\u016brinis namas (prie\u0161kambaris, virtuv\u0117, 3 kambariai, veranda)); \u2013 \u016akinis pastatas ( lauko tualetas, pirtis, gara\u017eas, sand\u0117liavimo paslauga); \u2013 Nam\u0173 valdos plotas \u2013 24a; \u2013 Krosninis \u0161ildymas; \u2013 Patogus priva\u017eiavimas: iki Traupio 7km; Kavarsko 10km; Tro\u0161k\u016bnai 19km; Anyk\u0161\u010di\u0173 26km;Tauj\u0117nai 30km; Ukmerg\u0117 35km; Panev\u0117\u017eys 46km; Utena 58km, Mol\u0117tai 59km, Vilnius 103km, Kaunas 106km. Koordinat\u0117s : maps.lt \u2013 55.492351, 24.843783 Kvie\u010diame ap\u017ei\u016br\u0117ti ir \u012fvertinti \u0161i\u0105 viet\u0105 patiems! Lauksime atvykstant ir savaitgaliais!","og_url":"https:\/\/www.namude.lt\/objektas\/parduodamas-namas-kavarsko-seniunijoje-anyksciu-rajone\/","og_site_name":"Namud\u0117","article_modified_time":"2025-11-11T10:08:13+00:00","og_image":[{"width":2400,"height":1800,"url":"https:\/\/www.namude.lt\/wp-content\/uploads\/2025\/05\/4-13.jpg","type":"image\/jpeg"}],"twitter_card":"summary_large_image","schema":{"@context":"https:\/\/schema.org","@graph":[{"@type":"WebPage","@id":"https:\/\/www.namude.lt\/objektas\/parduodamas-namas-kavarsko-seniunijoje-anyksciu-rajone\/","url":"https:\/\/www.namude.lt\/objektas\/parduodamas-namas-kavarsko-seniunijoje-anyksciu-rajone\/","name":"PARDUODAMAS NAMAS KAVARSKO SENI\u016aNIJOJE ANYK\u0160\u010cI\u0172 RAJONE - Namud\u0117","isPartOf":{"@id":"https:\/\/www.namude.lt\/#website"},"primaryImageOfPage":{"@id":"https:\/\/www.namude.lt\/objektas\/parduodamas-namas-kavarsko-seniunijoje-anyksciu-rajone\/#primaryimage"},"image":{"@id":"https:\/\/www.namude.lt\/objektas\/parduodamas-namas-kavarsko-seniunijoje-anyksciu-rajone\/#primaryimage"},"thumbnailUrl":"https:\/\/www.namude.lt\/wp-content\/uploads\/2025\/05\/4-13.jpg","datePublished":"2025-05-26T12:22:46+00:00","dateModified":"2025-11-11T10:08:13+00:00","breadcrumb":{"@id":"https:\/\/www.namude.lt\/objektas\/parduodamas-namas-kavarsko-seniunijoje-anyksciu-rajone\/#breadcrumb"},"inLanguage":"ru-RU","potentialAction":[{"@type":"ReadAction","target":["https:\/\/www.namude.lt\/objektas\/parduodamas-namas-kavarsko-seniunijoje-anyksciu-rajone\/"]}]},{"@type":"ImageObject","inLanguage":"ru-RU","@id":"https:\/\/www.namude.lt\/objektas\/parduodamas-namas-kavarsko-seniunijoje-anyksciu-rajone\/#primaryimage","url":"https:\/\/www.namude.lt\/wp-content\/uploads\/2025\/05\/4-13.jpg","contentUrl":"https:\/\/www.namude.lt\/wp-content\/uploads\/2025\/05\/4-13.jpg","width":2400,"height":1800},{"@type":"BreadcrumbList","@id":"https:\/\/www.namude.lt\/objektas\/parduodamas-namas-kavarsko-seniunijoje-anyksciu-rajone\/#breadcrumb","itemListElement":[{"@type":"ListItem","position":1,"name":"Home","item":"https:\/\/www.namude.lt\/ru\/"},{"@type":"ListItem","position":2,"name":"\u041e\u0431\u044a\u0435\u043a\u0442\u044b","item":"https:\/\/www.namude.lt\/ru\/%d0%be%d0%b1%d1%8a%d0%b5%d0%ba%d1%82%d1%8b\/"},{"@type":"ListItem","position":3,"name":"PARDUODAMAS NAMAS KAVARSKO SENI\u016aNIJOJE ANYK\u0160\u010cI\u0172 RAJONE"}]},{"@type":"WebSite","@id":"https:\/\/www.namude.lt\/#website","url":"https:\/\/www.namude.lt\/","name":"Namud\u0117","description":"\u201eNamud\u0117\u201c \u2013 agent\u016bra, pardavin\u0117janti Auk\u0161taitijos NT grynuolius.","publisher":{"@id":"https:\/\/www.namude.lt\/#organization"},"potentialAction":[{"@type":"SearchAction","target":{"@type":"EntryPoint","urlTemplate":"https:\/\/www.namude.lt\/?s={search_term_string}"},"query-input":{"@type":"PropertyValueSpecification","valueRequired":true,"valueName":"search_term_string"}}],"inLanguage":"ru-RU"},{"@type":"Organization","@id":"https:\/\/www.namude.lt\/#organization","name":"Namud\u0117","url":"https:\/\/www.namude.lt\/","logo":{"@type":"ImageObject","inLanguage":"ru-RU","@id":"https:\/\/www.namude.lt\/#\/schema\/logo\/image\/","url":"https:\/\/www.namude.lt\/wp-content\/uploads\/2023\/11\/logo-symbol.svg","contentUrl":"https:\/\/www.namude.lt\/wp-content\/uploads\/2023\/11\/logo-symbol.svg","width":1,"height":1,"caption":"Namud\u0117"},"image":{"@id":"https:\/\/www.namude.lt\/#\/schema\/logo\/image\/"}}]}},"_links":{"self":[{"href":"https:\/\/www.namude.lt\/ru\/wp-json\/wp\/v2\/product\/18364","targetHints":{"allow":["GET"]}}],"collection":[{"href":"https:\/\/www.namude.lt\/ru\/wp-json\/wp\/v2\/product"}],"about":[{"href":"https:\/\/www.namude.lt\/ru\/wp-json\/wp\/v2\/types\/product"}],"wp:featuredmedia":[{"embeddable":true,"href":"https:\/\/www.namude.lt\/ru\/wp-json\/wp\/v2\/media\/21533"}],"wp:attachment":[{"href":"https:\/\/www.namude.lt\/ru\/wp-json\/wp\/v2\/media?parent=18364"}],"wp:term":[{"taxonomy":"product_brand","embeddable":true,"href":"https:\/\/www.namude.lt\/ru\/wp-json\/wp\/v2\/product_brand?post=18364"},{"taxonomy":"product_cat","embeddable":true,"href":"https:\/\/www.namude.lt\/ru\/wp-json\/wp\/v2\/product_cat?post=18364"},{"taxonomy":"product_tag","embeddable":true,"href":"https:\/\/www.namude.lt\/ru\/wp-json\/wp\/v2\/product_tag?post=18364"}],"curies":[{"name":"wp","href":"https:\/\/api.w.org\/{rel}","templated":true}]}}