{"id":17752,"date":"2025-05-07T14:32:29","date_gmt":"2025-05-07T11:32:29","guid":{"rendered":"https:\/\/www.namude.lt\/?post_type=product&#038;p=17752"},"modified":"2025-10-22T08:46:01","modified_gmt":"2025-10-22T05:46:01","slug":"parduodamas-sodo-namas-salia-utenos","status":"publish","type":"product","link":"https:\/\/www.namude.lt\/ru\/\u043e\u0431\u044a\u0435\u043a\u0442\/parduodamas-sodo-namas-salia-utenos\/","title":{"rendered":"PARDUODAMAS SODO NAMAS \u0160ALIA UTENOS"},"content":{"rendered":"","protected":false},"excerpt":{"rendered":"<p>Link Pakalni\u0173 Vosg\u0117li\u0173 k. \u201e\u017dilvy\u010dio\u201c sod\u0173 bendrijoje, erdvus ir tvirtas sodo namas laukia nauj\u0173 \u0161eiminink\u0173. Sod\u0105 sudaro 2 sklypai, vienas i\u0161 j\u0173 ribojasi su Utenait\u0117s upeliu, visai \u0161alia yra Vosg\u0117li\u0173 piliakalnis, prie pat sodo namo yra bendro naudojimo tvenkinys, o u\u017e 700m. ir Utenai\u010dio e\u017eeras. Tai puiki vieta poilsiui gamtoje, hobiui, bet ir nuolatiniam gyvenimui.<br \/>\nPRIVALUMAI:<br \/>\n\u2013 Tvarkingas, 2 auk\u0161t\u0173 m\u016brinis gyvenamasis namas 86kv.m. (pirmame auk\u0161te yra virtuv\u0117, 2 erdv\u016bs kambariai (viename i\u0161 j\u0173 pakeisti plastikiniai langai), veranda, WC patalpa; 2 auk\u0161tas \u2013 2 jauk\u016bs kambariai, balkonas.)<br \/>\n\u2013 Sod\u0105 sudaro 2 sklypai \u2013 6a ir 4a;<br \/>\n\u2013 4a sklype yra pirtis, lauko pav\u0117sin\u0117, \u0161ulinys, \u017eidinys, r\u016bkykla, \u0161iltnamis ir brandus sodas su vaismed\u017eiais ir vaiskr\u016bmiais, sklypas ribojasi su Uten\u0117l\u0117s upeliu, teritorija apsodinta gyvatvore;<br \/>\n\u2013 6 a sklypas apsodintas veja, yra lysv\u0117 dar\u017eui, sklypas aptvertas ir apsodintas gyvatvore;<br \/>\n\u2013 Krosninis \u0161ildymas kietu kuru;<br \/>\n\u2013 Patogus priva\u017eiavimas, atstumai iki Pakalni\u0173 5km, Utenos 8km.<br \/>\nKoordinat\u0117s :<br \/>\nmaps.lt \u2013 55.454742, 25.513623<br \/>\nKvie\u010diame ap\u017ei\u016br\u0117ti ir \u012fvertinti \u0161i\u0105 vieta patiems! Lauksime atvykstant ir savaitgaliais!<\/p>\n","protected":false},"featured_media":17753,"template":"","meta":{"_acf_changed":false},"product_brand":[],"product_cat":[75],"product_tag":[],"class_list":{"0":"post-17752","1":"product","2":"type-product","3":"status-publish","4":"has-post-thumbnail","6":"product_cat-parduota","7":"description-off","9":"first","10":"instock","11":"shipping-taxable","12":"purchasable","13":"product-type-simple"},"acf":[],"yoast_head":"<!-- This site is optimized with the Yoast SEO plugin v27.0 - https:\/\/yoast.com\/product\/yoast-seo-wordpress\/ -->\n<title>PARDUODAMAS SODO NAMAS \u0160ALIA UTENOS - Namud\u0117<\/title>\n<meta name=\"robots\" content=\"index, follow, max-snippet:-1, max-image-preview:large, max-video-preview:-1\" \/>\n<link rel=\"canonical\" href=\"https:\/\/www.namude.lt\/objektas\/parduodamas-sodo-namas-salia-utenos\/\" \/>\n<meta property=\"og:locale\" content=\"ru_RU\" \/>\n<meta property=\"og:type\" content=\"article\" \/>\n<meta property=\"og:title\" content=\"PARDUODAMAS SODO NAMAS \u0160ALIA UTENOS - Namud\u0117\" \/>\n<meta property=\"og:description\" content=\"Link Pakalni\u0173 Vosg\u0117li\u0173 k. \u201e\u017dilvy\u010dio\u201c sod\u0173 bendrijoje, erdvus ir tvirtas sodo namas laukia nauj\u0173 \u0161eiminink\u0173. Sod\u0105 sudaro 2 sklypai, vienas i\u0161 j\u0173 ribojasi su Utenait\u0117s upeliu, visai \u0161alia yra Vosg\u0117li\u0173 piliakalnis, prie pat sodo namo yra bendro naudojimo tvenkinys, o u\u017e 700m. ir Utenai\u010dio e\u017eeras. Tai puiki vieta poilsiui gamtoje, hobiui, bet ir nuolatiniam gyvenimui. PRIVALUMAI: \u2013 Tvarkingas, 2 auk\u0161t\u0173 m\u016brinis gyvenamasis namas 86kv.m. (pirmame auk\u0161te yra virtuv\u0117, 2 erdv\u016bs kambariai (viename i\u0161 j\u0173 pakeisti plastikiniai langai), veranda, WC patalpa; 2 auk\u0161tas \u2013 2 jauk\u016bs kambariai, balkonas.) \u2013 Sod\u0105 sudaro 2 sklypai \u2013 6a ir 4a; \u2013 4a sklype yra pirtis, lauko pav\u0117sin\u0117, \u0161ulinys, \u017eidinys, r\u016bkykla, \u0161iltnamis ir brandus sodas su vaismed\u017eiais ir vaiskr\u016bmiais, sklypas ribojasi su Uten\u0117l\u0117s upeliu, teritorija apsodinta gyvatvore; \u2013 6 a sklypas apsodintas veja, yra lysv\u0117 dar\u017eui, sklypas aptvertas ir apsodintas gyvatvore; \u2013 Krosninis \u0161ildymas kietu kuru; \u2013 Patogus priva\u017eiavimas, atstumai iki Pakalni\u0173 5km, Utenos 8km. Koordinat\u0117s : maps.lt \u2013 55.454742, 25.513623 Kvie\u010diame ap\u017ei\u016br\u0117ti ir \u012fvertinti \u0161i\u0105 vieta patiems! Lauksime atvykstant ir savaitgaliais!\" \/>\n<meta property=\"og:url\" content=\"https:\/\/www.namude.lt\/objektas\/parduodamas-sodo-namas-salia-utenos\/\" \/>\n<meta property=\"og:site_name\" content=\"Namud\u0117\" \/>\n<meta property=\"article:modified_time\" content=\"2025-10-22T05:46:01+00:00\" \/>\n<meta property=\"og:image\" content=\"https:\/\/www.namude.lt\/wp-content\/uploads\/2025\/05\/1-3.jpg\" \/>\n\t<meta property=\"og:image:width\" content=\"2400\" \/>\n\t<meta property=\"og:image:height\" content=\"1800\" \/>\n\t<meta property=\"og:image:type\" content=\"image\/jpeg\" \/>\n<meta name=\"twitter:card\" content=\"summary_large_image\" \/>\n<script type=\"application\/ld+json\" class=\"yoast-schema-graph\">{\"@context\":\"https:\/\/schema.org\",\"@graph\":[{\"@type\":\"WebPage\",\"@id\":\"https:\/\/www.namude.lt\/objektas\/parduodamas-sodo-namas-salia-utenos\/\",\"url\":\"https:\/\/www.namude.lt\/objektas\/parduodamas-sodo-namas-salia-utenos\/\",\"name\":\"PARDUODAMAS SODO NAMAS \u0160ALIA UTENOS - Namud\u0117\",\"isPartOf\":{\"@id\":\"https:\/\/www.namude.lt\/#website\"},\"primaryImageOfPage\":{\"@id\":\"https:\/\/www.namude.lt\/objektas\/parduodamas-sodo-namas-salia-utenos\/#primaryimage\"},\"image\":{\"@id\":\"https:\/\/www.namude.lt\/objektas\/parduodamas-sodo-namas-salia-utenos\/#primaryimage\"},\"thumbnailUrl\":\"https:\/\/www.namude.lt\/wp-content\/uploads\/2025\/05\/1-3.jpg\",\"datePublished\":\"2025-05-07T11:32:29+00:00\",\"dateModified\":\"2025-10-22T05:46:01+00:00\",\"breadcrumb\":{\"@id\":\"https:\/\/www.namude.lt\/objektas\/parduodamas-sodo-namas-salia-utenos\/#breadcrumb\"},\"inLanguage\":\"ru-RU\",\"potentialAction\":[{\"@type\":\"ReadAction\",\"target\":[\"https:\/\/www.namude.lt\/objektas\/parduodamas-sodo-namas-salia-utenos\/\"]}]},{\"@type\":\"ImageObject\",\"inLanguage\":\"ru-RU\",\"@id\":\"https:\/\/www.namude.lt\/objektas\/parduodamas-sodo-namas-salia-utenos\/#primaryimage\",\"url\":\"https:\/\/www.namude.lt\/wp-content\/uploads\/2025\/05\/1-3.jpg\",\"contentUrl\":\"https:\/\/www.namude.lt\/wp-content\/uploads\/2025\/05\/1-3.jpg\",\"width\":2400,\"height\":1800},{\"@type\":\"BreadcrumbList\",\"@id\":\"https:\/\/www.namude.lt\/objektas\/parduodamas-sodo-namas-salia-utenos\/#breadcrumb\",\"itemListElement\":[{\"@type\":\"ListItem\",\"position\":1,\"name\":\"Home\",\"item\":\"https:\/\/www.namude.lt\/ru\/\"},{\"@type\":\"ListItem\",\"position\":2,\"name\":\"\u041e\u0431\u044a\u0435\u043a\u0442\u044b\",\"item\":\"https:\/\/www.namude.lt\/ru\/%d0%be%d0%b1%d1%8a%d0%b5%d0%ba%d1%82%d1%8b\/\"},{\"@type\":\"ListItem\",\"position\":3,\"name\":\"PARDUODAMAS SODO NAMAS \u0160ALIA UTENOS\"}]},{\"@type\":\"WebSite\",\"@id\":\"https:\/\/www.namude.lt\/#website\",\"url\":\"https:\/\/www.namude.lt\/\",\"name\":\"Namud\u0117\",\"description\":\"\u201eNamud\u0117\u201c \u2013 agent\u016bra, pardavin\u0117janti Auk\u0161taitijos NT grynuolius.\",\"publisher\":{\"@id\":\"https:\/\/www.namude.lt\/#organization\"},\"potentialAction\":[{\"@type\":\"SearchAction\",\"target\":{\"@type\":\"EntryPoint\",\"urlTemplate\":\"https:\/\/www.namude.lt\/?s={search_term_string}\"},\"query-input\":{\"@type\":\"PropertyValueSpecification\",\"valueRequired\":true,\"valueName\":\"search_term_string\"}}],\"inLanguage\":\"ru-RU\"},{\"@type\":\"Organization\",\"@id\":\"https:\/\/www.namude.lt\/#organization\",\"name\":\"Namud\u0117\",\"url\":\"https:\/\/www.namude.lt\/\",\"logo\":{\"@type\":\"ImageObject\",\"inLanguage\":\"ru-RU\",\"@id\":\"https:\/\/www.namude.lt\/#\/schema\/logo\/image\/\",\"url\":\"https:\/\/www.namude.lt\/wp-content\/uploads\/2023\/11\/logo-symbol.svg\",\"contentUrl\":\"https:\/\/www.namude.lt\/wp-content\/uploads\/2023\/11\/logo-symbol.svg\",\"width\":1,\"height\":1,\"caption\":\"Namud\u0117\"},\"image\":{\"@id\":\"https:\/\/www.namude.lt\/#\/schema\/logo\/image\/\"}}]}<\/script>\n<!-- \/ Yoast SEO plugin. -->","yoast_head_json":{"title":"PARDUODAMAS SODO NAMAS \u0160ALIA UTENOS - Namud\u0117","robots":{"index":"index","follow":"follow","max-snippet":"max-snippet:-1","max-image-preview":"max-image-preview:large","max-video-preview":"max-video-preview:-1"},"canonical":"https:\/\/www.namude.lt\/objektas\/parduodamas-sodo-namas-salia-utenos\/","og_locale":"ru_RU","og_type":"article","og_title":"PARDUODAMAS SODO NAMAS \u0160ALIA UTENOS - Namud\u0117","og_description":"Link Pakalni\u0173 Vosg\u0117li\u0173 k. \u201e\u017dilvy\u010dio\u201c sod\u0173 bendrijoje, erdvus ir tvirtas sodo namas laukia nauj\u0173 \u0161eiminink\u0173. Sod\u0105 sudaro 2 sklypai, vienas i\u0161 j\u0173 ribojasi su Utenait\u0117s upeliu, visai \u0161alia yra Vosg\u0117li\u0173 piliakalnis, prie pat sodo namo yra bendro naudojimo tvenkinys, o u\u017e 700m. ir Utenai\u010dio e\u017eeras. Tai puiki vieta poilsiui gamtoje, hobiui, bet ir nuolatiniam gyvenimui. PRIVALUMAI: \u2013 Tvarkingas, 2 auk\u0161t\u0173 m\u016brinis gyvenamasis namas 86kv.m. (pirmame auk\u0161te yra virtuv\u0117, 2 erdv\u016bs kambariai (viename i\u0161 j\u0173 pakeisti plastikiniai langai), veranda, WC patalpa; 2 auk\u0161tas \u2013 2 jauk\u016bs kambariai, balkonas.) \u2013 Sod\u0105 sudaro 2 sklypai \u2013 6a ir 4a; \u2013 4a sklype yra pirtis, lauko pav\u0117sin\u0117, \u0161ulinys, \u017eidinys, r\u016bkykla, \u0161iltnamis ir brandus sodas su vaismed\u017eiais ir vaiskr\u016bmiais, sklypas ribojasi su Uten\u0117l\u0117s upeliu, teritorija apsodinta gyvatvore; \u2013 6 a sklypas apsodintas veja, yra lysv\u0117 dar\u017eui, sklypas aptvertas ir apsodintas gyvatvore; \u2013 Krosninis \u0161ildymas kietu kuru; \u2013 Patogus priva\u017eiavimas, atstumai iki Pakalni\u0173 5km, Utenos 8km. Koordinat\u0117s : maps.lt \u2013 55.454742, 25.513623 Kvie\u010diame ap\u017ei\u016br\u0117ti ir \u012fvertinti \u0161i\u0105 vieta patiems! Lauksime atvykstant ir savaitgaliais!","og_url":"https:\/\/www.namude.lt\/objektas\/parduodamas-sodo-namas-salia-utenos\/","og_site_name":"Namud\u0117","article_modified_time":"2025-10-22T05:46:01+00:00","og_image":[{"width":2400,"height":1800,"url":"https:\/\/www.namude.lt\/wp-content\/uploads\/2025\/05\/1-3.jpg","type":"image\/jpeg"}],"twitter_card":"summary_large_image","schema":{"@context":"https:\/\/schema.org","@graph":[{"@type":"WebPage","@id":"https:\/\/www.namude.lt\/objektas\/parduodamas-sodo-namas-salia-utenos\/","url":"https:\/\/www.namude.lt\/objektas\/parduodamas-sodo-namas-salia-utenos\/","name":"PARDUODAMAS SODO NAMAS \u0160ALIA UTENOS - Namud\u0117","isPartOf":{"@id":"https:\/\/www.namude.lt\/#website"},"primaryImageOfPage":{"@id":"https:\/\/www.namude.lt\/objektas\/parduodamas-sodo-namas-salia-utenos\/#primaryimage"},"image":{"@id":"https:\/\/www.namude.lt\/objektas\/parduodamas-sodo-namas-salia-utenos\/#primaryimage"},"thumbnailUrl":"https:\/\/www.namude.lt\/wp-content\/uploads\/2025\/05\/1-3.jpg","datePublished":"2025-05-07T11:32:29+00:00","dateModified":"2025-10-22T05:46:01+00:00","breadcrumb":{"@id":"https:\/\/www.namude.lt\/objektas\/parduodamas-sodo-namas-salia-utenos\/#breadcrumb"},"inLanguage":"ru-RU","potentialAction":[{"@type":"ReadAction","target":["https:\/\/www.namude.lt\/objektas\/parduodamas-sodo-namas-salia-utenos\/"]}]},{"@type":"ImageObject","inLanguage":"ru-RU","@id":"https:\/\/www.namude.lt\/objektas\/parduodamas-sodo-namas-salia-utenos\/#primaryimage","url":"https:\/\/www.namude.lt\/wp-content\/uploads\/2025\/05\/1-3.jpg","contentUrl":"https:\/\/www.namude.lt\/wp-content\/uploads\/2025\/05\/1-3.jpg","width":2400,"height":1800},{"@type":"BreadcrumbList","@id":"https:\/\/www.namude.lt\/objektas\/parduodamas-sodo-namas-salia-utenos\/#breadcrumb","itemListElement":[{"@type":"ListItem","position":1,"name":"Home","item":"https:\/\/www.namude.lt\/ru\/"},{"@type":"ListItem","position":2,"name":"\u041e\u0431\u044a\u0435\u043a\u0442\u044b","item":"https:\/\/www.namude.lt\/ru\/%d0%be%d0%b1%d1%8a%d0%b5%d0%ba%d1%82%d1%8b\/"},{"@type":"ListItem","position":3,"name":"PARDUODAMAS SODO NAMAS \u0160ALIA UTENOS"}]},{"@type":"WebSite","@id":"https:\/\/www.namude.lt\/#website","url":"https:\/\/www.namude.lt\/","name":"Namud\u0117","description":"\u201eNamud\u0117\u201c \u2013 agent\u016bra, pardavin\u0117janti Auk\u0161taitijos NT grynuolius.","publisher":{"@id":"https:\/\/www.namude.lt\/#organization"},"potentialAction":[{"@type":"SearchAction","target":{"@type":"EntryPoint","urlTemplate":"https:\/\/www.namude.lt\/?s={search_term_string}"},"query-input":{"@type":"PropertyValueSpecification","valueRequired":true,"valueName":"search_term_string"}}],"inLanguage":"ru-RU"},{"@type":"Organization","@id":"https:\/\/www.namude.lt\/#organization","name":"Namud\u0117","url":"https:\/\/www.namude.lt\/","logo":{"@type":"ImageObject","inLanguage":"ru-RU","@id":"https:\/\/www.namude.lt\/#\/schema\/logo\/image\/","url":"https:\/\/www.namude.lt\/wp-content\/uploads\/2023\/11\/logo-symbol.svg","contentUrl":"https:\/\/www.namude.lt\/wp-content\/uploads\/2023\/11\/logo-symbol.svg","width":1,"height":1,"caption":"Namud\u0117"},"image":{"@id":"https:\/\/www.namude.lt\/#\/schema\/logo\/image\/"}}]}},"_links":{"self":[{"href":"https:\/\/www.namude.lt\/ru\/wp-json\/wp\/v2\/product\/17752","targetHints":{"allow":["GET"]}}],"collection":[{"href":"https:\/\/www.namude.lt\/ru\/wp-json\/wp\/v2\/product"}],"about":[{"href":"https:\/\/www.namude.lt\/ru\/wp-json\/wp\/v2\/types\/product"}],"wp:featuredmedia":[{"embeddable":true,"href":"https:\/\/www.namude.lt\/ru\/wp-json\/wp\/v2\/media\/17753"}],"wp:attachment":[{"href":"https:\/\/www.namude.lt\/ru\/wp-json\/wp\/v2\/media?parent=17752"}],"wp:term":[{"taxonomy":"product_brand","embeddable":true,"href":"https:\/\/www.namude.lt\/ru\/wp-json\/wp\/v2\/product_brand?post=17752"},{"taxonomy":"product_cat","embeddable":true,"href":"https:\/\/www.namude.lt\/ru\/wp-json\/wp\/v2\/product_cat?post=17752"},{"taxonomy":"product_tag","embeddable":true,"href":"https:\/\/www.namude.lt\/ru\/wp-json\/wp\/v2\/product_tag?post=17752"}],"curies":[{"name":"wp","href":"https:\/\/api.w.org\/{rel}","templated":true}]}}