{"id":17567,"date":"2025-05-06T11:08:12","date_gmt":"2025-05-06T08:08:12","guid":{"rendered":"https:\/\/www.namude.lt\/?post_type=product&#038;p=17567"},"modified":"2026-03-12T15:15:23","modified_gmt":"2026-03-12T13:15:23","slug":"parduodamas-erdvus-namas-ukmerges-mieste","status":"publish","type":"product","link":"https:\/\/www.namude.lt\/ru\/\u043e\u0431\u044a\u0435\u043a\u0442\/parduodamas-erdvus-namas-ukmerges-mieste\/","title":{"rendered":"PARDUODAMAS ERDVUS NAMAS UKMERG\u0116S MIESTE"},"content":{"rendered":"","protected":false},"excerpt":{"rendered":"<p>Gruod\u017eio 17-osios gatv\u0117je, strategi\u0161kai patogioje Ukmerg\u0117s miesto dalyje, visai \u0161alia centro \u2013 tvarkingas, jaukus ir erdvus namas laukia nauj\u0173 \u0161eiminink\u0173. Ukmerg\u0117 \u017eavus miestas \u2013 \u012fsik\u016br\u0119s prie \u0160ventosios up\u0117s. Ukmerg\u0117je gausu nuostabi\u0173 gamtos peiza\u017e\u0173, piliakalni\u0173 ir istorij\u0105 menan\u010di\u0173 pastat\u0173.<br \/>\nPRIVALUMAI:<br \/>\n\u2013 Namas  m\u016brinis 172kv. m. \u2013 (pirmame auk\u0161te erdvus holas, 3 kambariai su auk\u0161tomis lubomis, virtuv\u0117, vonios ir WC patalpa; antrame auk\u0161te 2 jaukus kambariai, vienas i\u0161 j\u0173 su balkonu, bei 2 pal\u0117p\u0117s, kuriose yra galimyb\u0117 \u012fsirengti drabu\u017ein\u0117s ar sand\u0117liavimo patalpas; sausas ir erdvus r\u016bsys po visu namu,kuriame yra ir katilin\u0117, gara\u017eas);<br \/>\n\u2013 Vonia ir tualetas bendroje patalpoje;<br \/>\n\u2013 R\u016bsys 63 kv.m.;<br \/>\n\u2013 Sklypo plotas 9a (dalis sklypo apsodinta vaismed\u017eiais, teritorija aptverta);<br \/>\n\u2013 Ap\u0161ildomas 2 b\u016bdais: kieto kuro katilas, dujinis \u0161ildymas.<br \/>\n\u2013 Atstumai iki \u0160irvint\u0173 29km, Jonavos 38km, Mol\u0117t\u0173 43km, Anyk\u0161\u010di\u0173 41km, Utena 64km, Vilniaus ir Kauno 71km, Panev\u0117\u017eys 67km, K\u0117dainiai 74km.<br \/>\nKoordinat\u0117s :maps.lt \u2013 55.247562, 24.775065<br \/>\nD\u0117l i\u0161samesn\u0117s informacijos ar ap\u017ei\u016bros susisiekite ir mes visk\u0105 Jums papasakosime.<\/p>\n","protected":false},"featured_media":17568,"template":"","meta":{"_acf_changed":false},"product_brand":[],"product_cat":[26],"product_tag":[],"class_list":{"0":"post-17567","1":"product","2":"type-product","3":"status-publish","4":"has-post-thumbnail","6":"product_cat-namai","7":"pa_rajonas-kiti-rajonai","8":"description-off","10":"first","11":"instock","12":"shipping-taxable","13":"purchasable","14":"product-type-simple"},"acf":[],"yoast_head":"<!-- This site is optimized with the Yoast SEO plugin v27.0 - https:\/\/yoast.com\/product\/yoast-seo-wordpress\/ -->\n<title>PARDUODAMAS ERDVUS NAMAS UKMERG\u0116S MIESTE - Namud\u0117<\/title>\n<meta name=\"robots\" content=\"index, follow, max-snippet:-1, max-image-preview:large, max-video-preview:-1\" \/>\n<link rel=\"canonical\" href=\"https:\/\/www.namude.lt\/objektas\/parduodamas-erdvus-namas-ukmerges-mieste\/\" \/>\n<meta property=\"og:locale\" content=\"ru_RU\" \/>\n<meta property=\"og:type\" content=\"article\" \/>\n<meta property=\"og:title\" content=\"PARDUODAMAS ERDVUS NAMAS UKMERG\u0116S MIESTE - Namud\u0117\" \/>\n<meta property=\"og:description\" content=\"Gruod\u017eio 17-osios gatv\u0117je, strategi\u0161kai patogioje Ukmerg\u0117s miesto dalyje, visai \u0161alia centro \u2013 tvarkingas, jaukus ir erdvus namas laukia nauj\u0173 \u0161eiminink\u0173. Ukmerg\u0117 \u017eavus miestas \u2013 \u012fsik\u016br\u0119s prie \u0160ventosios up\u0117s. Ukmerg\u0117je gausu nuostabi\u0173 gamtos peiza\u017e\u0173, piliakalni\u0173 ir istorij\u0105 menan\u010di\u0173 pastat\u0173. PRIVALUMAI: \u2013 Namas m\u016brinis 172kv. m. \u2013 (pirmame auk\u0161te erdvus holas, 3 kambariai su auk\u0161tomis lubomis, virtuv\u0117, vonios ir WC patalpa; antrame auk\u0161te 2 jaukus kambariai, vienas i\u0161 j\u0173 su balkonu, bei 2 pal\u0117p\u0117s, kuriose yra galimyb\u0117 \u012fsirengti drabu\u017ein\u0117s ar sand\u0117liavimo patalpas; sausas ir erdvus r\u016bsys po visu namu,kuriame yra ir katilin\u0117, gara\u017eas); \u2013 Vonia ir tualetas bendroje patalpoje; \u2013 R\u016bsys 63 kv.m.; \u2013 Sklypo plotas 9a (dalis sklypo apsodinta vaismed\u017eiais, teritorija aptverta); \u2013 Ap\u0161ildomas 2 b\u016bdais: kieto kuro katilas, dujinis \u0161ildymas. \u2013 Atstumai iki \u0160irvint\u0173 29km, Jonavos 38km, Mol\u0117t\u0173 43km, Anyk\u0161\u010di\u0173 41km, Utena 64km, Vilniaus ir Kauno 71km, Panev\u0117\u017eys 67km, K\u0117dainiai 74km. Koordinat\u0117s :maps.lt \u2013 55.247562, 24.775065 D\u0117l i\u0161samesn\u0117s informacijos ar ap\u017ei\u016bros susisiekite ir mes visk\u0105 Jums papasakosime.\" \/>\n<meta property=\"og:url\" content=\"https:\/\/www.namude.lt\/objektas\/parduodamas-erdvus-namas-ukmerges-mieste\/\" \/>\n<meta property=\"og:site_name\" content=\"Namud\u0117\" \/>\n<meta property=\"article:modified_time\" content=\"2026-03-12T13:15:23+00:00\" \/>\n<meta property=\"og:image\" content=\"https:\/\/www.namude.lt\/wp-content\/uploads\/2025\/05\/1-1.jpg\" \/>\n\t<meta property=\"og:image:width\" content=\"2400\" \/>\n\t<meta property=\"og:image:height\" content=\"1800\" \/>\n\t<meta property=\"og:image:type\" content=\"image\/jpeg\" \/>\n<meta name=\"twitter:card\" content=\"summary_large_image\" \/>\n<script type=\"application\/ld+json\" class=\"yoast-schema-graph\">{\"@context\":\"https:\/\/schema.org\",\"@graph\":[{\"@type\":\"WebPage\",\"@id\":\"https:\/\/www.namude.lt\/objektas\/parduodamas-erdvus-namas-ukmerges-mieste\/\",\"url\":\"https:\/\/www.namude.lt\/objektas\/parduodamas-erdvus-namas-ukmerges-mieste\/\",\"name\":\"PARDUODAMAS ERDVUS NAMAS UKMERG\u0116S MIESTE - Namud\u0117\",\"isPartOf\":{\"@id\":\"https:\/\/www.namude.lt\/#website\"},\"primaryImageOfPage\":{\"@id\":\"https:\/\/www.namude.lt\/objektas\/parduodamas-erdvus-namas-ukmerges-mieste\/#primaryimage\"},\"image\":{\"@id\":\"https:\/\/www.namude.lt\/objektas\/parduodamas-erdvus-namas-ukmerges-mieste\/#primaryimage\"},\"thumbnailUrl\":\"https:\/\/www.namude.lt\/wp-content\/uploads\/2025\/05\/1-1.jpg\",\"datePublished\":\"2025-05-06T08:08:12+00:00\",\"dateModified\":\"2026-03-12T13:15:23+00:00\",\"breadcrumb\":{\"@id\":\"https:\/\/www.namude.lt\/objektas\/parduodamas-erdvus-namas-ukmerges-mieste\/#breadcrumb\"},\"inLanguage\":\"ru-RU\",\"potentialAction\":[{\"@type\":\"ReadAction\",\"target\":[\"https:\/\/www.namude.lt\/objektas\/parduodamas-erdvus-namas-ukmerges-mieste\/\"]}]},{\"@type\":\"ImageObject\",\"inLanguage\":\"ru-RU\",\"@id\":\"https:\/\/www.namude.lt\/objektas\/parduodamas-erdvus-namas-ukmerges-mieste\/#primaryimage\",\"url\":\"https:\/\/www.namude.lt\/wp-content\/uploads\/2025\/05\/1-1.jpg\",\"contentUrl\":\"https:\/\/www.namude.lt\/wp-content\/uploads\/2025\/05\/1-1.jpg\",\"width\":2400,\"height\":1800},{\"@type\":\"BreadcrumbList\",\"@id\":\"https:\/\/www.namude.lt\/objektas\/parduodamas-erdvus-namas-ukmerges-mieste\/#breadcrumb\",\"itemListElement\":[{\"@type\":\"ListItem\",\"position\":1,\"name\":\"Home\",\"item\":\"https:\/\/www.namude.lt\/ru\/\"},{\"@type\":\"ListItem\",\"position\":2,\"name\":\"\u041e\u0431\u044a\u0435\u043a\u0442\u044b\",\"item\":\"https:\/\/www.namude.lt\/ru\/%d0%be%d0%b1%d1%8a%d0%b5%d0%ba%d1%82%d1%8b\/\"},{\"@type\":\"ListItem\",\"position\":3,\"name\":\"PARDUODAMAS ERDVUS NAMAS UKMERG\u0116S MIESTE\"}]},{\"@type\":\"WebSite\",\"@id\":\"https:\/\/www.namude.lt\/#website\",\"url\":\"https:\/\/www.namude.lt\/\",\"name\":\"Namud\u0117\",\"description\":\"\u201eNamud\u0117\u201c \u2013 agent\u016bra, pardavin\u0117janti Auk\u0161taitijos NT grynuolius.\",\"publisher\":{\"@id\":\"https:\/\/www.namude.lt\/#organization\"},\"potentialAction\":[{\"@type\":\"SearchAction\",\"target\":{\"@type\":\"EntryPoint\",\"urlTemplate\":\"https:\/\/www.namude.lt\/?s={search_term_string}\"},\"query-input\":{\"@type\":\"PropertyValueSpecification\",\"valueRequired\":true,\"valueName\":\"search_term_string\"}}],\"inLanguage\":\"ru-RU\"},{\"@type\":\"Organization\",\"@id\":\"https:\/\/www.namude.lt\/#organization\",\"name\":\"Namud\u0117\",\"url\":\"https:\/\/www.namude.lt\/\",\"logo\":{\"@type\":\"ImageObject\",\"inLanguage\":\"ru-RU\",\"@id\":\"https:\/\/www.namude.lt\/#\/schema\/logo\/image\/\",\"url\":\"https:\/\/www.namude.lt\/wp-content\/uploads\/2023\/11\/logo-symbol.svg\",\"contentUrl\":\"https:\/\/www.namude.lt\/wp-content\/uploads\/2023\/11\/logo-symbol.svg\",\"width\":1,\"height\":1,\"caption\":\"Namud\u0117\"},\"image\":{\"@id\":\"https:\/\/www.namude.lt\/#\/schema\/logo\/image\/\"}}]}<\/script>\n<!-- \/ Yoast SEO plugin. -->","yoast_head_json":{"title":"PARDUODAMAS ERDVUS NAMAS UKMERG\u0116S MIESTE - Namud\u0117","robots":{"index":"index","follow":"follow","max-snippet":"max-snippet:-1","max-image-preview":"max-image-preview:large","max-video-preview":"max-video-preview:-1"},"canonical":"https:\/\/www.namude.lt\/objektas\/parduodamas-erdvus-namas-ukmerges-mieste\/","og_locale":"ru_RU","og_type":"article","og_title":"PARDUODAMAS ERDVUS NAMAS UKMERG\u0116S MIESTE - Namud\u0117","og_description":"Gruod\u017eio 17-osios gatv\u0117je, strategi\u0161kai patogioje Ukmerg\u0117s miesto dalyje, visai \u0161alia centro \u2013 tvarkingas, jaukus ir erdvus namas laukia nauj\u0173 \u0161eiminink\u0173. Ukmerg\u0117 \u017eavus miestas \u2013 \u012fsik\u016br\u0119s prie \u0160ventosios up\u0117s. Ukmerg\u0117je gausu nuostabi\u0173 gamtos peiza\u017e\u0173, piliakalni\u0173 ir istorij\u0105 menan\u010di\u0173 pastat\u0173. PRIVALUMAI: \u2013 Namas m\u016brinis 172kv. m. \u2013 (pirmame auk\u0161te erdvus holas, 3 kambariai su auk\u0161tomis lubomis, virtuv\u0117, vonios ir WC patalpa; antrame auk\u0161te 2 jaukus kambariai, vienas i\u0161 j\u0173 su balkonu, bei 2 pal\u0117p\u0117s, kuriose yra galimyb\u0117 \u012fsirengti drabu\u017ein\u0117s ar sand\u0117liavimo patalpas; sausas ir erdvus r\u016bsys po visu namu,kuriame yra ir katilin\u0117, gara\u017eas); \u2013 Vonia ir tualetas bendroje patalpoje; \u2013 R\u016bsys 63 kv.m.; \u2013 Sklypo plotas 9a (dalis sklypo apsodinta vaismed\u017eiais, teritorija aptverta); \u2013 Ap\u0161ildomas 2 b\u016bdais: kieto kuro katilas, dujinis \u0161ildymas. \u2013 Atstumai iki \u0160irvint\u0173 29km, Jonavos 38km, Mol\u0117t\u0173 43km, Anyk\u0161\u010di\u0173 41km, Utena 64km, Vilniaus ir Kauno 71km, Panev\u0117\u017eys 67km, K\u0117dainiai 74km. Koordinat\u0117s :maps.lt \u2013 55.247562, 24.775065 D\u0117l i\u0161samesn\u0117s informacijos ar ap\u017ei\u016bros susisiekite ir mes visk\u0105 Jums papasakosime.","og_url":"https:\/\/www.namude.lt\/objektas\/parduodamas-erdvus-namas-ukmerges-mieste\/","og_site_name":"Namud\u0117","article_modified_time":"2026-03-12T13:15:23+00:00","og_image":[{"width":2400,"height":1800,"url":"https:\/\/www.namude.lt\/wp-content\/uploads\/2025\/05\/1-1.jpg","type":"image\/jpeg"}],"twitter_card":"summary_large_image","schema":{"@context":"https:\/\/schema.org","@graph":[{"@type":"WebPage","@id":"https:\/\/www.namude.lt\/objektas\/parduodamas-erdvus-namas-ukmerges-mieste\/","url":"https:\/\/www.namude.lt\/objektas\/parduodamas-erdvus-namas-ukmerges-mieste\/","name":"PARDUODAMAS ERDVUS NAMAS UKMERG\u0116S MIESTE - Namud\u0117","isPartOf":{"@id":"https:\/\/www.namude.lt\/#website"},"primaryImageOfPage":{"@id":"https:\/\/www.namude.lt\/objektas\/parduodamas-erdvus-namas-ukmerges-mieste\/#primaryimage"},"image":{"@id":"https:\/\/www.namude.lt\/objektas\/parduodamas-erdvus-namas-ukmerges-mieste\/#primaryimage"},"thumbnailUrl":"https:\/\/www.namude.lt\/wp-content\/uploads\/2025\/05\/1-1.jpg","datePublished":"2025-05-06T08:08:12+00:00","dateModified":"2026-03-12T13:15:23+00:00","breadcrumb":{"@id":"https:\/\/www.namude.lt\/objektas\/parduodamas-erdvus-namas-ukmerges-mieste\/#breadcrumb"},"inLanguage":"ru-RU","potentialAction":[{"@type":"ReadAction","target":["https:\/\/www.namude.lt\/objektas\/parduodamas-erdvus-namas-ukmerges-mieste\/"]}]},{"@type":"ImageObject","inLanguage":"ru-RU","@id":"https:\/\/www.namude.lt\/objektas\/parduodamas-erdvus-namas-ukmerges-mieste\/#primaryimage","url":"https:\/\/www.namude.lt\/wp-content\/uploads\/2025\/05\/1-1.jpg","contentUrl":"https:\/\/www.namude.lt\/wp-content\/uploads\/2025\/05\/1-1.jpg","width":2400,"height":1800},{"@type":"BreadcrumbList","@id":"https:\/\/www.namude.lt\/objektas\/parduodamas-erdvus-namas-ukmerges-mieste\/#breadcrumb","itemListElement":[{"@type":"ListItem","position":1,"name":"Home","item":"https:\/\/www.namude.lt\/ru\/"},{"@type":"ListItem","position":2,"name":"\u041e\u0431\u044a\u0435\u043a\u0442\u044b","item":"https:\/\/www.namude.lt\/ru\/%d0%be%d0%b1%d1%8a%d0%b5%d0%ba%d1%82%d1%8b\/"},{"@type":"ListItem","position":3,"name":"PARDUODAMAS ERDVUS NAMAS UKMERG\u0116S MIESTE"}]},{"@type":"WebSite","@id":"https:\/\/www.namude.lt\/#website","url":"https:\/\/www.namude.lt\/","name":"Namud\u0117","description":"\u201eNamud\u0117\u201c \u2013 agent\u016bra, pardavin\u0117janti Auk\u0161taitijos NT grynuolius.","publisher":{"@id":"https:\/\/www.namude.lt\/#organization"},"potentialAction":[{"@type":"SearchAction","target":{"@type":"EntryPoint","urlTemplate":"https:\/\/www.namude.lt\/?s={search_term_string}"},"query-input":{"@type":"PropertyValueSpecification","valueRequired":true,"valueName":"search_term_string"}}],"inLanguage":"ru-RU"},{"@type":"Organization","@id":"https:\/\/www.namude.lt\/#organization","name":"Namud\u0117","url":"https:\/\/www.namude.lt\/","logo":{"@type":"ImageObject","inLanguage":"ru-RU","@id":"https:\/\/www.namude.lt\/#\/schema\/logo\/image\/","url":"https:\/\/www.namude.lt\/wp-content\/uploads\/2023\/11\/logo-symbol.svg","contentUrl":"https:\/\/www.namude.lt\/wp-content\/uploads\/2023\/11\/logo-symbol.svg","width":1,"height":1,"caption":"Namud\u0117"},"image":{"@id":"https:\/\/www.namude.lt\/#\/schema\/logo\/image\/"}}]}},"_links":{"self":[{"href":"https:\/\/www.namude.lt\/ru\/wp-json\/wp\/v2\/product\/17567","targetHints":{"allow":["GET"]}}],"collection":[{"href":"https:\/\/www.namude.lt\/ru\/wp-json\/wp\/v2\/product"}],"about":[{"href":"https:\/\/www.namude.lt\/ru\/wp-json\/wp\/v2\/types\/product"}],"wp:featuredmedia":[{"embeddable":true,"href":"https:\/\/www.namude.lt\/ru\/wp-json\/wp\/v2\/media\/17568"}],"wp:attachment":[{"href":"https:\/\/www.namude.lt\/ru\/wp-json\/wp\/v2\/media?parent=17567"}],"wp:term":[{"taxonomy":"product_brand","embeddable":true,"href":"https:\/\/www.namude.lt\/ru\/wp-json\/wp\/v2\/product_brand?post=17567"},{"taxonomy":"product_cat","embeddable":true,"href":"https:\/\/www.namude.lt\/ru\/wp-json\/wp\/v2\/product_cat?post=17567"},{"taxonomy":"product_tag","embeddable":true,"href":"https:\/\/www.namude.lt\/ru\/wp-json\/wp\/v2\/product_tag?post=17567"}],"curies":[{"name":"wp","href":"https:\/\/api.w.org\/{rel}","templated":true}]}}