{"id":17097,"date":"2025-04-28T15:00:53","date_gmt":"2025-04-28T12:00:53","guid":{"rendered":"https:\/\/www.namude.lt\/?post_type=product&#038;p=17097"},"modified":"2026-04-03T14:20:59","modified_gmt":"2026-04-03T11:20:59","slug":"parduodamas-murinis-sodo-namas-svencioniu-rajone-statkuskes-kaime-svencioneliu-pakrastyje","status":"publish","type":"product","link":"https:\/\/www.namude.lt\/ru\/\u043e\u0431\u044a\u0435\u043a\u0442\/parduodamas-murinis-sodo-namas-svencioniu-rajone-statkuskes-kaime-svencioneliu-pakrastyje\/","title":{"rendered":"Parduodamas m\u016brinis sodo namas \u0160ven\u010dioni\u0173 rajone, Statku\u0161k\u0117s kaime, \u0160ven\u010dion\u0117li\u0173 pakra\u0161tyje."},"content":{"rendered":"","protected":false},"excerpt":{"rendered":"<p>   <strong> Parduodamas m\u016brinis sodo namas \u0160ven\u010dioni\u0173 rajone, Statku\u0161k\u0117s kaime, \u0160ven\u010dion\u0117li\u0173 pakra\u0161tyje.<\/strong><a href=\"https:\/\/www.namude.lt\/kategorija\/namai\/?filter_rajonas=svencioniu-rajonas&amp;query_type_rajonas=or\"><\/a> 1988 m statybos plytinio namo bendras plotas \u2013 79.36 kv. m. Po  visu namu yra r\u016bsys \u2013 29.49 kv. m.  Pirmo auk\u0161to plotas \u2013 29.14 kv. m. Mansardoje  \u012frengtas miegamasis kambarys \u2013 16.12 kv. m su lod\u017eija \u2013 4.61 kv. m. R\u016bsyje yra plyta maisto gamybai. Taip pat yra \u016bkinis pastatas su stogine automobiliui ir lauko tualetu, pirtis, didelis \u0161iltnamis, \u0161ulinys, vaismed\u017ei\u0173 ir dar\u017eas. Po namu priklauso 0.0728 ha sod\u0173 \u017eem\u0117s sklypas. Yra padaryti sklypo geodeziniai matavimai. \u0160alia, apie 10-15 m nuo sklypo ribos, yra tvenkinys. Aplink o\u0161ia Doten\u0117n\u0173 mi\u0161ko pu\u0161ynas, iki kurio apie 200 m. Artimiausias e\u017eeras Sudot\u0173 \u2013 apie 3 km. Saugumas \u2013 aplink yra pastoviai gyvenan\u010di\u0173 kaimyn\u0173. Geras susisiekimas. Iki Vilniaus ma\u017eiau nei 90 km. Artimiausias miestas \u2013 \u0160ven\u010dion\u0117liai \u2013 apie 1 km. Puiki vieta ir puikus sodo namas.<\/p>\n","protected":false},"featured_media":23034,"template":"","meta":{"_acf_changed":false},"product_brand":[],"product_cat":[26],"product_tag":[],"class_list":{"0":"post-17097","1":"product","2":"type-product","3":"status-publish","4":"has-post-thumbnail","6":"product_cat-namai","7":"pa_rajonas-svencioniu-rajonas","8":"description-off","10":"first","11":"instock","12":"shipping-taxable","13":"purchasable","14":"product-type-simple"},"acf":[],"yoast_head":"<!-- This site is optimized with the Yoast SEO plugin v27.0 - https:\/\/yoast.com\/product\/yoast-seo-wordpress\/ -->\n<title>Parduodamas m\u016brinis sodo namas \u0160ven\u010dioni\u0173 rajone, Statku\u0161k\u0117s kaime, \u0160ven\u010dion\u0117li\u0173 pakra\u0161tyje. - Namud\u0117<\/title>\n<meta name=\"robots\" content=\"index, follow, max-snippet:-1, max-image-preview:large, max-video-preview:-1\" \/>\n<link rel=\"canonical\" href=\"https:\/\/www.namude.lt\/objektas\/parduodamas-murinis-sodo-namas-svencioniu-rajone-statkuskes-kaime-svencioneliu-pakrastyje\/\" \/>\n<meta property=\"og:locale\" content=\"ru_RU\" \/>\n<meta property=\"og:type\" content=\"article\" \/>\n<meta property=\"og:title\" content=\"Parduodamas m\u016brinis sodo namas \u0160ven\u010dioni\u0173 rajone, Statku\u0161k\u0117s kaime, \u0160ven\u010dion\u0117li\u0173 pakra\u0161tyje. - Namud\u0117\" \/>\n<meta property=\"og:description\" content=\"Parduodamas m\u016brinis sodo namas \u0160ven\u010dioni\u0173 rajone, Statku\u0161k\u0117s kaime, \u0160ven\u010dion\u0117li\u0173 pakra\u0161tyje. 1988 m statybos plytinio namo bendras plotas \u2013 79.36 kv. m. Po visu namu yra r\u016bsys \u2013 29.49 kv. m. Pirmo auk\u0161to plotas \u2013 29.14 kv. m. Mansardoje \u012frengtas miegamasis kambarys \u2013 16.12 kv. m su lod\u017eija \u2013 4.61 kv. m. R\u016bsyje yra plyta maisto gamybai. Taip pat yra \u016bkinis pastatas su stogine automobiliui ir lauko tualetu, pirtis, didelis \u0161iltnamis, \u0161ulinys, vaismed\u017ei\u0173 ir dar\u017eas. Po namu priklauso 0.0728 ha sod\u0173 \u017eem\u0117s sklypas. Yra padaryti sklypo geodeziniai matavimai. \u0160alia, apie 10-15 m nuo sklypo ribos, yra tvenkinys. Aplink o\u0161ia Doten\u0117n\u0173 mi\u0161ko pu\u0161ynas, iki kurio apie 200 m. Artimiausias e\u017eeras Sudot\u0173 \u2013 apie 3 km. Saugumas \u2013 aplink yra pastoviai gyvenan\u010di\u0173 kaimyn\u0173. Geras susisiekimas. Iki Vilniaus ma\u017eiau nei 90 km. Artimiausias miestas \u2013 \u0160ven\u010dion\u0117liai \u2013 apie 1 km. Puiki vieta ir puikus sodo namas.\" \/>\n<meta property=\"og:url\" content=\"https:\/\/www.namude.lt\/objektas\/parduodamas-murinis-sodo-namas-svencioniu-rajone-statkuskes-kaime-svencioneliu-pakrastyje\/\" \/>\n<meta property=\"og:site_name\" content=\"Namud\u0117\" \/>\n<meta property=\"article:modified_time\" content=\"2026-04-03T11:20:59+00:00\" \/>\n<meta property=\"og:image\" content=\"https:\/\/www.namude.lt\/wp-content\/uploads\/2025\/04\/2-30.jpg\" \/>\n\t<meta property=\"og:image:width\" content=\"800\" \/>\n\t<meta property=\"og:image:height\" content=\"531\" \/>\n\t<meta property=\"og:image:type\" content=\"image\/jpeg\" \/>\n<meta name=\"twitter:card\" content=\"summary_large_image\" \/>\n<script type=\"application\/ld+json\" class=\"yoast-schema-graph\">{\"@context\":\"https:\/\/schema.org\",\"@graph\":[{\"@type\":\"WebPage\",\"@id\":\"https:\/\/www.namude.lt\/objektas\/parduodamas-murinis-sodo-namas-svencioniu-rajone-statkuskes-kaime-svencioneliu-pakrastyje\/\",\"url\":\"https:\/\/www.namude.lt\/objektas\/parduodamas-murinis-sodo-namas-svencioniu-rajone-statkuskes-kaime-svencioneliu-pakrastyje\/\",\"name\":\"Parduodamas m\u016brinis sodo namas \u0160ven\u010dioni\u0173 rajone, Statku\u0161k\u0117s kaime, \u0160ven\u010dion\u0117li\u0173 pakra\u0161tyje. - Namud\u0117\",\"isPartOf\":{\"@id\":\"https:\/\/www.namude.lt\/#website\"},\"primaryImageOfPage\":{\"@id\":\"https:\/\/www.namude.lt\/objektas\/parduodamas-murinis-sodo-namas-svencioniu-rajone-statkuskes-kaime-svencioneliu-pakrastyje\/#primaryimage\"},\"image\":{\"@id\":\"https:\/\/www.namude.lt\/objektas\/parduodamas-murinis-sodo-namas-svencioniu-rajone-statkuskes-kaime-svencioneliu-pakrastyje\/#primaryimage\"},\"thumbnailUrl\":\"https:\/\/www.namude.lt\/wp-content\/uploads\/2025\/04\/2-30.jpg\",\"datePublished\":\"2025-04-28T12:00:53+00:00\",\"dateModified\":\"2026-04-03T11:20:59+00:00\",\"breadcrumb\":{\"@id\":\"https:\/\/www.namude.lt\/objektas\/parduodamas-murinis-sodo-namas-svencioniu-rajone-statkuskes-kaime-svencioneliu-pakrastyje\/#breadcrumb\"},\"inLanguage\":\"ru-RU\",\"potentialAction\":[{\"@type\":\"ReadAction\",\"target\":[\"https:\/\/www.namude.lt\/objektas\/parduodamas-murinis-sodo-namas-svencioniu-rajone-statkuskes-kaime-svencioneliu-pakrastyje\/\"]}]},{\"@type\":\"ImageObject\",\"inLanguage\":\"ru-RU\",\"@id\":\"https:\/\/www.namude.lt\/objektas\/parduodamas-murinis-sodo-namas-svencioniu-rajone-statkuskes-kaime-svencioneliu-pakrastyje\/#primaryimage\",\"url\":\"https:\/\/www.namude.lt\/wp-content\/uploads\/2025\/04\/2-30.jpg\",\"contentUrl\":\"https:\/\/www.namude.lt\/wp-content\/uploads\/2025\/04\/2-30.jpg\",\"width\":800,\"height\":531},{\"@type\":\"BreadcrumbList\",\"@id\":\"https:\/\/www.namude.lt\/objektas\/parduodamas-murinis-sodo-namas-svencioniu-rajone-statkuskes-kaime-svencioneliu-pakrastyje\/#breadcrumb\",\"itemListElement\":[{\"@type\":\"ListItem\",\"position\":1,\"name\":\"Home\",\"item\":\"https:\/\/www.namude.lt\/ru\/\"},{\"@type\":\"ListItem\",\"position\":2,\"name\":\"\u041e\u0431\u044a\u0435\u043a\u0442\u044b\",\"item\":\"https:\/\/www.namude.lt\/ru\/%d0%be%d0%b1%d1%8a%d0%b5%d0%ba%d1%82%d1%8b\/\"},{\"@type\":\"ListItem\",\"position\":3,\"name\":\"Parduodamas m\u016brinis sodo namas \u0160ven\u010dioni\u0173 rajone, Statku\u0161k\u0117s kaime, \u0160ven\u010dion\u0117li\u0173 pakra\u0161tyje.\"}]},{\"@type\":\"WebSite\",\"@id\":\"https:\/\/www.namude.lt\/#website\",\"url\":\"https:\/\/www.namude.lt\/\",\"name\":\"Namud\u0117\",\"description\":\"\u201eNamud\u0117\u201c \u2013 agent\u016bra, pardavin\u0117janti Auk\u0161taitijos NT grynuolius.\",\"publisher\":{\"@id\":\"https:\/\/www.namude.lt\/#organization\"},\"potentialAction\":[{\"@type\":\"SearchAction\",\"target\":{\"@type\":\"EntryPoint\",\"urlTemplate\":\"https:\/\/www.namude.lt\/?s={search_term_string}\"},\"query-input\":{\"@type\":\"PropertyValueSpecification\",\"valueRequired\":true,\"valueName\":\"search_term_string\"}}],\"inLanguage\":\"ru-RU\"},{\"@type\":\"Organization\",\"@id\":\"https:\/\/www.namude.lt\/#organization\",\"name\":\"Namud\u0117\",\"url\":\"https:\/\/www.namude.lt\/\",\"logo\":{\"@type\":\"ImageObject\",\"inLanguage\":\"ru-RU\",\"@id\":\"https:\/\/www.namude.lt\/#\/schema\/logo\/image\/\",\"url\":\"https:\/\/www.namude.lt\/wp-content\/uploads\/2023\/11\/logo-symbol.svg\",\"contentUrl\":\"https:\/\/www.namude.lt\/wp-content\/uploads\/2023\/11\/logo-symbol.svg\",\"width\":1,\"height\":1,\"caption\":\"Namud\u0117\"},\"image\":{\"@id\":\"https:\/\/www.namude.lt\/#\/schema\/logo\/image\/\"}}]}<\/script>\n<!-- \/ Yoast SEO plugin. -->","yoast_head_json":{"title":"Parduodamas m\u016brinis sodo namas \u0160ven\u010dioni\u0173 rajone, Statku\u0161k\u0117s kaime, \u0160ven\u010dion\u0117li\u0173 pakra\u0161tyje. - Namud\u0117","robots":{"index":"index","follow":"follow","max-snippet":"max-snippet:-1","max-image-preview":"max-image-preview:large","max-video-preview":"max-video-preview:-1"},"canonical":"https:\/\/www.namude.lt\/objektas\/parduodamas-murinis-sodo-namas-svencioniu-rajone-statkuskes-kaime-svencioneliu-pakrastyje\/","og_locale":"ru_RU","og_type":"article","og_title":"Parduodamas m\u016brinis sodo namas \u0160ven\u010dioni\u0173 rajone, Statku\u0161k\u0117s kaime, \u0160ven\u010dion\u0117li\u0173 pakra\u0161tyje. - Namud\u0117","og_description":"Parduodamas m\u016brinis sodo namas \u0160ven\u010dioni\u0173 rajone, Statku\u0161k\u0117s kaime, \u0160ven\u010dion\u0117li\u0173 pakra\u0161tyje. 1988 m statybos plytinio namo bendras plotas \u2013 79.36 kv. m. Po visu namu yra r\u016bsys \u2013 29.49 kv. m. Pirmo auk\u0161to plotas \u2013 29.14 kv. m. Mansardoje \u012frengtas miegamasis kambarys \u2013 16.12 kv. m su lod\u017eija \u2013 4.61 kv. m. R\u016bsyje yra plyta maisto gamybai. Taip pat yra \u016bkinis pastatas su stogine automobiliui ir lauko tualetu, pirtis, didelis \u0161iltnamis, \u0161ulinys, vaismed\u017ei\u0173 ir dar\u017eas. Po namu priklauso 0.0728 ha sod\u0173 \u017eem\u0117s sklypas. Yra padaryti sklypo geodeziniai matavimai. \u0160alia, apie 10-15 m nuo sklypo ribos, yra tvenkinys. Aplink o\u0161ia Doten\u0117n\u0173 mi\u0161ko pu\u0161ynas, iki kurio apie 200 m. Artimiausias e\u017eeras Sudot\u0173 \u2013 apie 3 km. Saugumas \u2013 aplink yra pastoviai gyvenan\u010di\u0173 kaimyn\u0173. Geras susisiekimas. Iki Vilniaus ma\u017eiau nei 90 km. Artimiausias miestas \u2013 \u0160ven\u010dion\u0117liai \u2013 apie 1 km. Puiki vieta ir puikus sodo namas.","og_url":"https:\/\/www.namude.lt\/objektas\/parduodamas-murinis-sodo-namas-svencioniu-rajone-statkuskes-kaime-svencioneliu-pakrastyje\/","og_site_name":"Namud\u0117","article_modified_time":"2026-04-03T11:20:59+00:00","og_image":[{"width":800,"height":531,"url":"https:\/\/www.namude.lt\/wp-content\/uploads\/2025\/04\/2-30.jpg","type":"image\/jpeg"}],"twitter_card":"summary_large_image","schema":{"@context":"https:\/\/schema.org","@graph":[{"@type":"WebPage","@id":"https:\/\/www.namude.lt\/objektas\/parduodamas-murinis-sodo-namas-svencioniu-rajone-statkuskes-kaime-svencioneliu-pakrastyje\/","url":"https:\/\/www.namude.lt\/objektas\/parduodamas-murinis-sodo-namas-svencioniu-rajone-statkuskes-kaime-svencioneliu-pakrastyje\/","name":"Parduodamas m\u016brinis sodo namas \u0160ven\u010dioni\u0173 rajone, Statku\u0161k\u0117s kaime, \u0160ven\u010dion\u0117li\u0173 pakra\u0161tyje. - Namud\u0117","isPartOf":{"@id":"https:\/\/www.namude.lt\/#website"},"primaryImageOfPage":{"@id":"https:\/\/www.namude.lt\/objektas\/parduodamas-murinis-sodo-namas-svencioniu-rajone-statkuskes-kaime-svencioneliu-pakrastyje\/#primaryimage"},"image":{"@id":"https:\/\/www.namude.lt\/objektas\/parduodamas-murinis-sodo-namas-svencioniu-rajone-statkuskes-kaime-svencioneliu-pakrastyje\/#primaryimage"},"thumbnailUrl":"https:\/\/www.namude.lt\/wp-content\/uploads\/2025\/04\/2-30.jpg","datePublished":"2025-04-28T12:00:53+00:00","dateModified":"2026-04-03T11:20:59+00:00","breadcrumb":{"@id":"https:\/\/www.namude.lt\/objektas\/parduodamas-murinis-sodo-namas-svencioniu-rajone-statkuskes-kaime-svencioneliu-pakrastyje\/#breadcrumb"},"inLanguage":"ru-RU","potentialAction":[{"@type":"ReadAction","target":["https:\/\/www.namude.lt\/objektas\/parduodamas-murinis-sodo-namas-svencioniu-rajone-statkuskes-kaime-svencioneliu-pakrastyje\/"]}]},{"@type":"ImageObject","inLanguage":"ru-RU","@id":"https:\/\/www.namude.lt\/objektas\/parduodamas-murinis-sodo-namas-svencioniu-rajone-statkuskes-kaime-svencioneliu-pakrastyje\/#primaryimage","url":"https:\/\/www.namude.lt\/wp-content\/uploads\/2025\/04\/2-30.jpg","contentUrl":"https:\/\/www.namude.lt\/wp-content\/uploads\/2025\/04\/2-30.jpg","width":800,"height":531},{"@type":"BreadcrumbList","@id":"https:\/\/www.namude.lt\/objektas\/parduodamas-murinis-sodo-namas-svencioniu-rajone-statkuskes-kaime-svencioneliu-pakrastyje\/#breadcrumb","itemListElement":[{"@type":"ListItem","position":1,"name":"Home","item":"https:\/\/www.namude.lt\/ru\/"},{"@type":"ListItem","position":2,"name":"\u041e\u0431\u044a\u0435\u043a\u0442\u044b","item":"https:\/\/www.namude.lt\/ru\/%d0%be%d0%b1%d1%8a%d0%b5%d0%ba%d1%82%d1%8b\/"},{"@type":"ListItem","position":3,"name":"Parduodamas m\u016brinis sodo namas \u0160ven\u010dioni\u0173 rajone, Statku\u0161k\u0117s kaime, \u0160ven\u010dion\u0117li\u0173 pakra\u0161tyje."}]},{"@type":"WebSite","@id":"https:\/\/www.namude.lt\/#website","url":"https:\/\/www.namude.lt\/","name":"Namud\u0117","description":"\u201eNamud\u0117\u201c \u2013 agent\u016bra, pardavin\u0117janti Auk\u0161taitijos NT grynuolius.","publisher":{"@id":"https:\/\/www.namude.lt\/#organization"},"potentialAction":[{"@type":"SearchAction","target":{"@type":"EntryPoint","urlTemplate":"https:\/\/www.namude.lt\/?s={search_term_string}"},"query-input":{"@type":"PropertyValueSpecification","valueRequired":true,"valueName":"search_term_string"}}],"inLanguage":"ru-RU"},{"@type":"Organization","@id":"https:\/\/www.namude.lt\/#organization","name":"Namud\u0117","url":"https:\/\/www.namude.lt\/","logo":{"@type":"ImageObject","inLanguage":"ru-RU","@id":"https:\/\/www.namude.lt\/#\/schema\/logo\/image\/","url":"https:\/\/www.namude.lt\/wp-content\/uploads\/2023\/11\/logo-symbol.svg","contentUrl":"https:\/\/www.namude.lt\/wp-content\/uploads\/2023\/11\/logo-symbol.svg","width":1,"height":1,"caption":"Namud\u0117"},"image":{"@id":"https:\/\/www.namude.lt\/#\/schema\/logo\/image\/"}}]}},"_links":{"self":[{"href":"https:\/\/www.namude.lt\/ru\/wp-json\/wp\/v2\/product\/17097","targetHints":{"allow":["GET"]}}],"collection":[{"href":"https:\/\/www.namude.lt\/ru\/wp-json\/wp\/v2\/product"}],"about":[{"href":"https:\/\/www.namude.lt\/ru\/wp-json\/wp\/v2\/types\/product"}],"wp:featuredmedia":[{"embeddable":true,"href":"https:\/\/www.namude.lt\/ru\/wp-json\/wp\/v2\/media\/23034"}],"wp:attachment":[{"href":"https:\/\/www.namude.lt\/ru\/wp-json\/wp\/v2\/media?parent=17097"}],"wp:term":[{"taxonomy":"product_brand","embeddable":true,"href":"https:\/\/www.namude.lt\/ru\/wp-json\/wp\/v2\/product_brand?post=17097"},{"taxonomy":"product_cat","embeddable":true,"href":"https:\/\/www.namude.lt\/ru\/wp-json\/wp\/v2\/product_cat?post=17097"},{"taxonomy":"product_tag","embeddable":true,"href":"https:\/\/www.namude.lt\/ru\/wp-json\/wp\/v2\/product_tag?post=17097"}],"curies":[{"name":"wp","href":"https:\/\/api.w.org\/{rel}","templated":true}]}}