{"id":16954,"date":"2025-04-23T11:59:58","date_gmt":"2025-04-23T08:59:58","guid":{"rendered":"https:\/\/www.namude.lt\/?post_type=product&#038;p=16954"},"modified":"2025-09-30T14:48:00","modified_gmt":"2025-09-30T11:48:00","slug":"parduodama-didele-sodyba-vienkiemyje-ezeru-apsuptyje-su-10-88-ha-zemes-ukio-paskirties-plotu-ignalinos-rajone-pruciu-kaime-ilgaicio-g-4","status":"publish","type":"product","link":"https:\/\/www.namude.lt\/ru\/\u043e\u0431\u044a\u0435\u043a\u0442\/parduodama-didele-sodyba-vienkiemyje-ezeru-apsuptyje-su-10-88-ha-zemes-ukio-paskirties-plotu-ignalinos-rajone-pruciu-kaime-ilgaicio-g-4\/","title":{"rendered":"Parduodama didel\u0117 sodyba vienkiemyje, e\u017eer\u0173 apsuptyje, su 10.88 ha \u017eem\u0117s \u016bkio paskirties plotu Ignalinos rajone, Pr\u016b\u010di\u0173 kaime, Ilgai\u010dio g. 4."},"content":{"rendered":"","protected":false},"excerpt":{"rendered":"<p><strong> Parduodama didel\u0117 sodyba vienkiemyje, e\u017eer\u0173 apsuptyje, su 10.88 ha \u017eem\u0117s \u016bkio paskirties plotu Ignalinos rajone, Pr\u016b\u010di\u0173 kaime, Ilgai\u010dio g. 4.<\/strong><a href=\"https:\/\/www.namude.lt\/kategorija\/sodybos\/?filter_rajonas=ignalinos-rajonas&amp;query_type_rajonas=or\"><\/a> R\u0105stinio gyvenamojo namo bendras plotas \u2013 131.90 kv. m. Krosninis \u0161ildymas. Sud\u0117ti \u0161iuolaikiniai langai su stiklo paketais. \u012e nam\u0105 yra du atskiri \u012f\u0117jimai, tod\u0117l gali pirkti viena, arba dvi \u0161eimos. Taip pat yra tvartas, gara\u017eas, dar\u017ein\u0117, pirtis, lauko virtuv\u0117, \u0161ulinys, lauko tualetas, didelis ir vaisingas sodas, dar\u017eas ir k\u016bdra prie pirties. \u0160alia namo auga gra\u017eus \u0105\u017euolas. Po pastatais priklauso 3.00 ha \u017eem\u0117s \u016bkio paskirties sklypas, kuris ribojasi su 7.88 ha \u017eem\u0117s \u016bkio paskirties sklypu. Viso parduodama 10.88 ha derlingos \u017eem\u0117s plotas, kurio naudmen\u0173 na\u0161umo balas yra apie 40. Visa \u017eem\u0117 yra pri\u017ei\u016br\u0117ta, prie pastat\u0173 pasodinta dekoratyvini\u0173 augal\u0173. I\u0161 vis\u0173 pusi\u0173 vienkiem\u012f supa e\u017eerai. Artimiausias i\u0161 j\u0173 Pr\u016bto e\u017eeras \u2013 apie 0.5 km. Tol\u0117liau, iki 1.5 km atstumu, telk\u0161o didelis R\u016b\u017eo, Ilgai\u010dio ir Gil\u016bto e\u017eerai. Apie 1.0 km atstumu yra P\u016b\u0161k\u0173 piliakalnis, ant kurio stovi medin\u0117, su akmen\u0173 m\u016bru, veikianti ba\u017eny\u010dia. Nuo min\u0117to piliakalnio atsiveria puik\u016bs apylink\u0117s ir Pr\u016bto e\u017eero panoraminiai vaizdai. Aplinkui mi\u0161kai, kalvos, laukai ir pavieniai gyventojai. Iki Ignalinos apie 35 km. Iki Vilniaus apie 140 km. Artimiausias Rim\u0161\u0117s kaimas apie 8 km. Tiems, kas ie\u0161ko sodybos su daug \u017eem\u0117s vienoje vietoje, ramyb\u0117s ir e\u017eer\u0173 gausyb\u0117s, tie geriau nesuras.<\/p>\n<p>Sodybos koordinat\u0117s maps.lt 55.470321, 26.529232 <\/p>\n","protected":false},"featured_media":22591,"template":"","meta":{"_acf_changed":false},"product_brand":[],"product_cat":[23],"product_tag":[],"class_list":{"0":"post-16954","1":"product","2":"type-product","3":"status-publish","4":"has-post-thumbnail","6":"product_cat-sodybos","7":"pa_rajonas-ignalinos-rajonas","8":"description-off","10":"first","11":"instock","12":"shipping-taxable","13":"purchasable","14":"product-type-simple"},"acf":[],"yoast_head":"<!-- This site is optimized with the Yoast SEO plugin v27.4 - https:\/\/yoast.com\/product\/yoast-seo-wordpress\/ -->\n<title>Parduodama didel\u0117 sodyba vienkiemyje, e\u017eer\u0173 apsuptyje, su 10.88 ha \u017eem\u0117s \u016bkio paskirties plotu Ignalinos rajone, Pr\u016b\u010di\u0173 kaime, Ilgai\u010dio g. 4. - Namud\u0117<\/title>\n<meta name=\"robots\" content=\"index, follow, max-snippet:-1, max-image-preview:large, max-video-preview:-1\" \/>\n<link rel=\"canonical\" href=\"https:\/\/www.namude.lt\/objektas\/parduodama-didele-sodyba-vienkiemyje-ezeru-apsuptyje-su-10-88-ha-zemes-ukio-paskirties-plotu-ignalinos-rajone-pruciu-kaime-ilgaicio-g-4\/\" \/>\n<meta property=\"og:locale\" content=\"ru_RU\" \/>\n<meta property=\"og:type\" content=\"article\" \/>\n<meta property=\"og:title\" content=\"Parduodama didel\u0117 sodyba vienkiemyje, e\u017eer\u0173 apsuptyje, su 10.88 ha \u017eem\u0117s \u016bkio paskirties plotu Ignalinos rajone, Pr\u016b\u010di\u0173 kaime, Ilgai\u010dio g. 4. - Namud\u0117\" \/>\n<meta property=\"og:description\" content=\"Parduodama didel\u0117 sodyba vienkiemyje, e\u017eer\u0173 apsuptyje, su 10.88 ha \u017eem\u0117s \u016bkio paskirties plotu Ignalinos rajone, Pr\u016b\u010di\u0173 kaime, Ilgai\u010dio g. 4. R\u0105stinio gyvenamojo namo bendras plotas \u2013 131.90 kv. m. Krosninis \u0161ildymas. Sud\u0117ti \u0161iuolaikiniai langai su stiklo paketais. \u012e nam\u0105 yra du atskiri \u012f\u0117jimai, tod\u0117l gali pirkti viena, arba dvi \u0161eimos. Taip pat yra tvartas, gara\u017eas, dar\u017ein\u0117, pirtis, lauko virtuv\u0117, \u0161ulinys, lauko tualetas, didelis ir vaisingas sodas, dar\u017eas ir k\u016bdra prie pirties. \u0160alia namo auga gra\u017eus \u0105\u017euolas. Po pastatais priklauso 3.00 ha \u017eem\u0117s \u016bkio paskirties sklypas, kuris ribojasi su 7.88 ha \u017eem\u0117s \u016bkio paskirties sklypu. Viso parduodama 10.88 ha derlingos \u017eem\u0117s plotas, kurio naudmen\u0173 na\u0161umo balas yra apie 40. Visa \u017eem\u0117 yra pri\u017ei\u016br\u0117ta, prie pastat\u0173 pasodinta dekoratyvini\u0173 augal\u0173. I\u0161 vis\u0173 pusi\u0173 vienkiem\u012f supa e\u017eerai. Artimiausias i\u0161 j\u0173 Pr\u016bto e\u017eeras \u2013 apie 0.5 km. Tol\u0117liau, iki 1.5 km atstumu, telk\u0161o didelis R\u016b\u017eo, Ilgai\u010dio ir Gil\u016bto e\u017eerai. Apie 1.0 km atstumu yra P\u016b\u0161k\u0173 piliakalnis, ant kurio stovi medin\u0117, su akmen\u0173 m\u016bru, veikianti ba\u017eny\u010dia. Nuo min\u0117to piliakalnio atsiveria puik\u016bs apylink\u0117s ir Pr\u016bto e\u017eero panoraminiai vaizdai. Aplinkui mi\u0161kai, kalvos, laukai ir pavieniai gyventojai. Iki Ignalinos apie 35 km. Iki Vilniaus apie 140 km. Artimiausias Rim\u0161\u0117s kaimas apie 8 km. Tiems, kas ie\u0161ko sodybos su daug \u017eem\u0117s vienoje vietoje, ramyb\u0117s ir e\u017eer\u0173 gausyb\u0117s, tie geriau nesuras.  Sodybos koordinat\u0117s maps.lt 55.470321, 26.529232\" \/>\n<meta property=\"og:url\" content=\"https:\/\/www.namude.lt\/objektas\/parduodama-didele-sodyba-vienkiemyje-ezeru-apsuptyje-su-10-88-ha-zemes-ukio-paskirties-plotu-ignalinos-rajone-pruciu-kaime-ilgaicio-g-4\/\" \/>\n<meta property=\"og:site_name\" content=\"Namud\u0117\" \/>\n<meta property=\"article:modified_time\" content=\"2025-09-30T11:48:00+00:00\" \/>\n<meta property=\"og:image\" content=\"https:\/\/www.namude.lt\/wp-content\/uploads\/2025\/04\/1-29.jpg\" \/>\n\t<meta property=\"og:image:width\" content=\"800\" \/>\n\t<meta property=\"og:image:height\" content=\"480\" \/>\n\t<meta property=\"og:image:type\" content=\"image\/jpeg\" \/>\n<meta name=\"twitter:card\" content=\"summary_large_image\" \/>\n<script type=\"application\/ld+json\" class=\"yoast-schema-graph\">{\"@context\":\"https:\\\/\\\/schema.org\",\"@graph\":[{\"@type\":\"WebPage\",\"@id\":\"https:\\\/\\\/www.namude.lt\\\/objektas\\\/parduodama-didele-sodyba-vienkiemyje-ezeru-apsuptyje-su-10-88-ha-zemes-ukio-paskirties-plotu-ignalinos-rajone-pruciu-kaime-ilgaicio-g-4\\\/\",\"url\":\"https:\\\/\\\/www.namude.lt\\\/objektas\\\/parduodama-didele-sodyba-vienkiemyje-ezeru-apsuptyje-su-10-88-ha-zemes-ukio-paskirties-plotu-ignalinos-rajone-pruciu-kaime-ilgaicio-g-4\\\/\",\"name\":\"Parduodama didel\u0117 sodyba vienkiemyje, e\u017eer\u0173 apsuptyje, su 10.88 ha \u017eem\u0117s \u016bkio paskirties plotu Ignalinos rajone, Pr\u016b\u010di\u0173 kaime, Ilgai\u010dio g. 4. - Namud\u0117\",\"isPartOf\":{\"@id\":\"https:\\\/\\\/www.namude.lt\\\/#website\"},\"primaryImageOfPage\":{\"@id\":\"https:\\\/\\\/www.namude.lt\\\/objektas\\\/parduodama-didele-sodyba-vienkiemyje-ezeru-apsuptyje-su-10-88-ha-zemes-ukio-paskirties-plotu-ignalinos-rajone-pruciu-kaime-ilgaicio-g-4\\\/#primaryimage\"},\"image\":{\"@id\":\"https:\\\/\\\/www.namude.lt\\\/objektas\\\/parduodama-didele-sodyba-vienkiemyje-ezeru-apsuptyje-su-10-88-ha-zemes-ukio-paskirties-plotu-ignalinos-rajone-pruciu-kaime-ilgaicio-g-4\\\/#primaryimage\"},\"thumbnailUrl\":\"https:\\\/\\\/www.namude.lt\\\/wp-content\\\/uploads\\\/2025\\\/04\\\/1-29.jpg\",\"datePublished\":\"2025-04-23T08:59:58+00:00\",\"dateModified\":\"2025-09-30T11:48:00+00:00\",\"breadcrumb\":{\"@id\":\"https:\\\/\\\/www.namude.lt\\\/objektas\\\/parduodama-didele-sodyba-vienkiemyje-ezeru-apsuptyje-su-10-88-ha-zemes-ukio-paskirties-plotu-ignalinos-rajone-pruciu-kaime-ilgaicio-g-4\\\/#breadcrumb\"},\"inLanguage\":\"ru-RU\",\"potentialAction\":[{\"@type\":\"ReadAction\",\"target\":[\"https:\\\/\\\/www.namude.lt\\\/objektas\\\/parduodama-didele-sodyba-vienkiemyje-ezeru-apsuptyje-su-10-88-ha-zemes-ukio-paskirties-plotu-ignalinos-rajone-pruciu-kaime-ilgaicio-g-4\\\/\"]}]},{\"@type\":\"ImageObject\",\"inLanguage\":\"ru-RU\",\"@id\":\"https:\\\/\\\/www.namude.lt\\\/objektas\\\/parduodama-didele-sodyba-vienkiemyje-ezeru-apsuptyje-su-10-88-ha-zemes-ukio-paskirties-plotu-ignalinos-rajone-pruciu-kaime-ilgaicio-g-4\\\/#primaryimage\",\"url\":\"https:\\\/\\\/www.namude.lt\\\/wp-content\\\/uploads\\\/2025\\\/04\\\/1-29.jpg\",\"contentUrl\":\"https:\\\/\\\/www.namude.lt\\\/wp-content\\\/uploads\\\/2025\\\/04\\\/1-29.jpg\",\"width\":800,\"height\":480},{\"@type\":\"BreadcrumbList\",\"@id\":\"https:\\\/\\\/www.namude.lt\\\/objektas\\\/parduodama-didele-sodyba-vienkiemyje-ezeru-apsuptyje-su-10-88-ha-zemes-ukio-paskirties-plotu-ignalinos-rajone-pruciu-kaime-ilgaicio-g-4\\\/#breadcrumb\",\"itemListElement\":[{\"@type\":\"ListItem\",\"position\":1,\"name\":\"Home\",\"item\":\"https:\\\/\\\/www.namude.lt\\\/ru\\\/\"},{\"@type\":\"ListItem\",\"position\":2,\"name\":\"\u041e\u0431\u044a\u0435\u043a\u0442\u044b\",\"item\":\"https:\\\/\\\/www.namude.lt\\\/ru\\\/%d0%be%d0%b1%d1%8a%d0%b5%d0%ba%d1%82%d1%8b\\\/\"},{\"@type\":\"ListItem\",\"position\":3,\"name\":\"Parduodama didel\u0117 sodyba vienkiemyje, e\u017eer\u0173 apsuptyje, su 10.88 ha \u017eem\u0117s \u016bkio paskirties plotu Ignalinos rajone, Pr\u016b\u010di\u0173 kaime, Ilgai\u010dio g. 4.\"}]},{\"@type\":\"WebSite\",\"@id\":\"https:\\\/\\\/www.namude.lt\\\/#website\",\"url\":\"https:\\\/\\\/www.namude.lt\\\/\",\"name\":\"Namud\u0117\",\"description\":\"\u201eNamud\u0117\u201c \u2013 agent\u016bra, pardavin\u0117janti Auk\u0161taitijos NT grynuolius.\",\"publisher\":{\"@id\":\"https:\\\/\\\/www.namude.lt\\\/#organization\"},\"potentialAction\":[{\"@type\":\"SearchAction\",\"target\":{\"@type\":\"EntryPoint\",\"urlTemplate\":\"https:\\\/\\\/www.namude.lt\\\/?s={search_term_string}\"},\"query-input\":{\"@type\":\"PropertyValueSpecification\",\"valueRequired\":true,\"valueName\":\"search_term_string\"}}],\"inLanguage\":\"ru-RU\"},{\"@type\":\"Organization\",\"@id\":\"https:\\\/\\\/www.namude.lt\\\/#organization\",\"name\":\"Namud\u0117\",\"url\":\"https:\\\/\\\/www.namude.lt\\\/\",\"logo\":{\"@type\":\"ImageObject\",\"inLanguage\":\"ru-RU\",\"@id\":\"https:\\\/\\\/www.namude.lt\\\/#\\\/schema\\\/logo\\\/image\\\/\",\"url\":\"https:\\\/\\\/www.namude.lt\\\/wp-content\\\/uploads\\\/2023\\\/11\\\/logo-symbol.svg\",\"contentUrl\":\"https:\\\/\\\/www.namude.lt\\\/wp-content\\\/uploads\\\/2023\\\/11\\\/logo-symbol.svg\",\"width\":1,\"height\":1,\"caption\":\"Namud\u0117\"},\"image\":{\"@id\":\"https:\\\/\\\/www.namude.lt\\\/#\\\/schema\\\/logo\\\/image\\\/\"}}]}<\/script>\n<!-- \/ Yoast SEO plugin. -->","yoast_head_json":{"title":"Parduodama didel\u0117 sodyba vienkiemyje, e\u017eer\u0173 apsuptyje, su 10.88 ha \u017eem\u0117s \u016bkio paskirties plotu Ignalinos rajone, Pr\u016b\u010di\u0173 kaime, Ilgai\u010dio g. 4. - Namud\u0117","robots":{"index":"index","follow":"follow","max-snippet":"max-snippet:-1","max-image-preview":"max-image-preview:large","max-video-preview":"max-video-preview:-1"},"canonical":"https:\/\/www.namude.lt\/objektas\/parduodama-didele-sodyba-vienkiemyje-ezeru-apsuptyje-su-10-88-ha-zemes-ukio-paskirties-plotu-ignalinos-rajone-pruciu-kaime-ilgaicio-g-4\/","og_locale":"ru_RU","og_type":"article","og_title":"Parduodama didel\u0117 sodyba vienkiemyje, e\u017eer\u0173 apsuptyje, su 10.88 ha \u017eem\u0117s \u016bkio paskirties plotu Ignalinos rajone, Pr\u016b\u010di\u0173 kaime, Ilgai\u010dio g. 4. - Namud\u0117","og_description":"Parduodama didel\u0117 sodyba vienkiemyje, e\u017eer\u0173 apsuptyje, su 10.88 ha \u017eem\u0117s \u016bkio paskirties plotu Ignalinos rajone, Pr\u016b\u010di\u0173 kaime, Ilgai\u010dio g. 4. R\u0105stinio gyvenamojo namo bendras plotas \u2013 131.90 kv. m. Krosninis \u0161ildymas. Sud\u0117ti \u0161iuolaikiniai langai su stiklo paketais. \u012e nam\u0105 yra du atskiri \u012f\u0117jimai, tod\u0117l gali pirkti viena, arba dvi \u0161eimos. Taip pat yra tvartas, gara\u017eas, dar\u017ein\u0117, pirtis, lauko virtuv\u0117, \u0161ulinys, lauko tualetas, didelis ir vaisingas sodas, dar\u017eas ir k\u016bdra prie pirties. \u0160alia namo auga gra\u017eus \u0105\u017euolas. Po pastatais priklauso 3.00 ha \u017eem\u0117s \u016bkio paskirties sklypas, kuris ribojasi su 7.88 ha \u017eem\u0117s \u016bkio paskirties sklypu. Viso parduodama 10.88 ha derlingos \u017eem\u0117s plotas, kurio naudmen\u0173 na\u0161umo balas yra apie 40. Visa \u017eem\u0117 yra pri\u017ei\u016br\u0117ta, prie pastat\u0173 pasodinta dekoratyvini\u0173 augal\u0173. I\u0161 vis\u0173 pusi\u0173 vienkiem\u012f supa e\u017eerai. Artimiausias i\u0161 j\u0173 Pr\u016bto e\u017eeras \u2013 apie 0.5 km. Tol\u0117liau, iki 1.5 km atstumu, telk\u0161o didelis R\u016b\u017eo, Ilgai\u010dio ir Gil\u016bto e\u017eerai. Apie 1.0 km atstumu yra P\u016b\u0161k\u0173 piliakalnis, ant kurio stovi medin\u0117, su akmen\u0173 m\u016bru, veikianti ba\u017eny\u010dia. Nuo min\u0117to piliakalnio atsiveria puik\u016bs apylink\u0117s ir Pr\u016bto e\u017eero panoraminiai vaizdai. Aplinkui mi\u0161kai, kalvos, laukai ir pavieniai gyventojai. Iki Ignalinos apie 35 km. Iki Vilniaus apie 140 km. Artimiausias Rim\u0161\u0117s kaimas apie 8 km. Tiems, kas ie\u0161ko sodybos su daug \u017eem\u0117s vienoje vietoje, ramyb\u0117s ir e\u017eer\u0173 gausyb\u0117s, tie geriau nesuras.  Sodybos koordinat\u0117s maps.lt 55.470321, 26.529232","og_url":"https:\/\/www.namude.lt\/objektas\/parduodama-didele-sodyba-vienkiemyje-ezeru-apsuptyje-su-10-88-ha-zemes-ukio-paskirties-plotu-ignalinos-rajone-pruciu-kaime-ilgaicio-g-4\/","og_site_name":"Namud\u0117","article_modified_time":"2025-09-30T11:48:00+00:00","og_image":[{"width":800,"height":480,"url":"https:\/\/www.namude.lt\/wp-content\/uploads\/2025\/04\/1-29.jpg","type":"image\/jpeg"}],"twitter_card":"summary_large_image","schema":{"@context":"https:\/\/schema.org","@graph":[{"@type":"WebPage","@id":"https:\/\/www.namude.lt\/objektas\/parduodama-didele-sodyba-vienkiemyje-ezeru-apsuptyje-su-10-88-ha-zemes-ukio-paskirties-plotu-ignalinos-rajone-pruciu-kaime-ilgaicio-g-4\/","url":"https:\/\/www.namude.lt\/objektas\/parduodama-didele-sodyba-vienkiemyje-ezeru-apsuptyje-su-10-88-ha-zemes-ukio-paskirties-plotu-ignalinos-rajone-pruciu-kaime-ilgaicio-g-4\/","name":"Parduodama didel\u0117 sodyba vienkiemyje, e\u017eer\u0173 apsuptyje, su 10.88 ha \u017eem\u0117s \u016bkio paskirties plotu Ignalinos rajone, Pr\u016b\u010di\u0173 kaime, Ilgai\u010dio g. 4. - Namud\u0117","isPartOf":{"@id":"https:\/\/www.namude.lt\/#website"},"primaryImageOfPage":{"@id":"https:\/\/www.namude.lt\/objektas\/parduodama-didele-sodyba-vienkiemyje-ezeru-apsuptyje-su-10-88-ha-zemes-ukio-paskirties-plotu-ignalinos-rajone-pruciu-kaime-ilgaicio-g-4\/#primaryimage"},"image":{"@id":"https:\/\/www.namude.lt\/objektas\/parduodama-didele-sodyba-vienkiemyje-ezeru-apsuptyje-su-10-88-ha-zemes-ukio-paskirties-plotu-ignalinos-rajone-pruciu-kaime-ilgaicio-g-4\/#primaryimage"},"thumbnailUrl":"https:\/\/www.namude.lt\/wp-content\/uploads\/2025\/04\/1-29.jpg","datePublished":"2025-04-23T08:59:58+00:00","dateModified":"2025-09-30T11:48:00+00:00","breadcrumb":{"@id":"https:\/\/www.namude.lt\/objektas\/parduodama-didele-sodyba-vienkiemyje-ezeru-apsuptyje-su-10-88-ha-zemes-ukio-paskirties-plotu-ignalinos-rajone-pruciu-kaime-ilgaicio-g-4\/#breadcrumb"},"inLanguage":"ru-RU","potentialAction":[{"@type":"ReadAction","target":["https:\/\/www.namude.lt\/objektas\/parduodama-didele-sodyba-vienkiemyje-ezeru-apsuptyje-su-10-88-ha-zemes-ukio-paskirties-plotu-ignalinos-rajone-pruciu-kaime-ilgaicio-g-4\/"]}]},{"@type":"ImageObject","inLanguage":"ru-RU","@id":"https:\/\/www.namude.lt\/objektas\/parduodama-didele-sodyba-vienkiemyje-ezeru-apsuptyje-su-10-88-ha-zemes-ukio-paskirties-plotu-ignalinos-rajone-pruciu-kaime-ilgaicio-g-4\/#primaryimage","url":"https:\/\/www.namude.lt\/wp-content\/uploads\/2025\/04\/1-29.jpg","contentUrl":"https:\/\/www.namude.lt\/wp-content\/uploads\/2025\/04\/1-29.jpg","width":800,"height":480},{"@type":"BreadcrumbList","@id":"https:\/\/www.namude.lt\/objektas\/parduodama-didele-sodyba-vienkiemyje-ezeru-apsuptyje-su-10-88-ha-zemes-ukio-paskirties-plotu-ignalinos-rajone-pruciu-kaime-ilgaicio-g-4\/#breadcrumb","itemListElement":[{"@type":"ListItem","position":1,"name":"Home","item":"https:\/\/www.namude.lt\/ru\/"},{"@type":"ListItem","position":2,"name":"\u041e\u0431\u044a\u0435\u043a\u0442\u044b","item":"https:\/\/www.namude.lt\/ru\/%d0%be%d0%b1%d1%8a%d0%b5%d0%ba%d1%82%d1%8b\/"},{"@type":"ListItem","position":3,"name":"Parduodama didel\u0117 sodyba vienkiemyje, e\u017eer\u0173 apsuptyje, su 10.88 ha \u017eem\u0117s \u016bkio paskirties plotu Ignalinos rajone, Pr\u016b\u010di\u0173 kaime, Ilgai\u010dio g. 4."}]},{"@type":"WebSite","@id":"https:\/\/www.namude.lt\/#website","url":"https:\/\/www.namude.lt\/","name":"Namud\u0117","description":"\u201eNamud\u0117\u201c \u2013 agent\u016bra, pardavin\u0117janti Auk\u0161taitijos NT grynuolius.","publisher":{"@id":"https:\/\/www.namude.lt\/#organization"},"potentialAction":[{"@type":"SearchAction","target":{"@type":"EntryPoint","urlTemplate":"https:\/\/www.namude.lt\/?s={search_term_string}"},"query-input":{"@type":"PropertyValueSpecification","valueRequired":true,"valueName":"search_term_string"}}],"inLanguage":"ru-RU"},{"@type":"Organization","@id":"https:\/\/www.namude.lt\/#organization","name":"Namud\u0117","url":"https:\/\/www.namude.lt\/","logo":{"@type":"ImageObject","inLanguage":"ru-RU","@id":"https:\/\/www.namude.lt\/#\/schema\/logo\/image\/","url":"https:\/\/www.namude.lt\/wp-content\/uploads\/2023\/11\/logo-symbol.svg","contentUrl":"https:\/\/www.namude.lt\/wp-content\/uploads\/2023\/11\/logo-symbol.svg","width":1,"height":1,"caption":"Namud\u0117"},"image":{"@id":"https:\/\/www.namude.lt\/#\/schema\/logo\/image\/"}}]}},"_links":{"self":[{"href":"https:\/\/www.namude.lt\/ru\/wp-json\/wp\/v2\/product\/16954","targetHints":{"allow":["GET"]}}],"collection":[{"href":"https:\/\/www.namude.lt\/ru\/wp-json\/wp\/v2\/product"}],"about":[{"href":"https:\/\/www.namude.lt\/ru\/wp-json\/wp\/v2\/types\/product"}],"wp:featuredmedia":[{"embeddable":true,"href":"https:\/\/www.namude.lt\/ru\/wp-json\/wp\/v2\/media\/22591"}],"wp:attachment":[{"href":"https:\/\/www.namude.lt\/ru\/wp-json\/wp\/v2\/media?parent=16954"}],"wp:term":[{"taxonomy":"product_brand","embeddable":true,"href":"https:\/\/www.namude.lt\/ru\/wp-json\/wp\/v2\/product_brand?post=16954"},{"taxonomy":"product_cat","embeddable":true,"href":"https:\/\/www.namude.lt\/ru\/wp-json\/wp\/v2\/product_cat?post=16954"},{"taxonomy":"product_tag","embeddable":true,"href":"https:\/\/www.namude.lt\/ru\/wp-json\/wp\/v2\/product_tag?post=16954"}],"curies":[{"name":"wp","href":"https:\/\/api.w.org\/{rel}","templated":true}]}}