{"id":16488,"date":"2025-04-10T13:51:03","date_gmt":"2025-04-10T10:51:03","guid":{"rendered":"https:\/\/www.namude.lt\/?post_type=product&#038;p=16488"},"modified":"2025-05-09T15:52:45","modified_gmt":"2025-05-09T12:52:45","slug":"parduodama-aukstaitijos-nacionaliniame-parke-zeimenio-ezero-pakranteje-rastine-pirtis","status":"publish","type":"product","link":"https:\/\/www.namude.lt\/ru\/\u043e\u0431\u044a\u0435\u043a\u0442\/parduodama-aukstaitijos-nacionaliniame-parke-zeimenio-ezero-pakranteje-rastine-pirtis\/","title":{"rendered":"Parduodama Auk\u0161taitijos nacionaliniame parke, \u017deimenio e\u017eero pakrant\u0117je r\u0105stin\u0117 pirtis"},"content":{"rendered":"","protected":false},"excerpt":{"rendered":"<p><strong>I\u0161skirtin\u0117je teritorijoje  \u0160ven\u010dioni\u0173 rajone Obel\u0173 Rago kaime, j\u016bs\u0173 laukia i\u0161 r\u0105st\u0173 sur\u0119sta pirtel\u0117.<\/strong><a href=\"https:\/\/www.namude.lt\/kategorija\/sodybos\/?filter_rajonas=svencioniu-rajonas&amp;query_type_rajonas=or\"><\/a> Aplinka \u2013 apsupta brand\u017ei\u0173 med\u017ei\u0173, pu\u0161yn\u0173, i\u0161skirtini\u0173 ir ret\u0173 maumed\u017ei\u0173, \u0161imtame\u010di\u0173 \u0105\u017euol\u0173. Pirtis vieno auk\u0161to su mansarda bendras plotas 28 kv.m  1980m statybos, reikalingas remontas.<br \/>\nAtstumas iki Vilniaus- 100 km, Kaunas- 158 km, iki Ignalinos- 18 km.<\/p>\n<p>Pirties koordinat\u0117s:<br \/>\nMaps.lt: 55.288014, 26.046713<\/p>\n","protected":false},"featured_media":16489,"template":"","meta":{"_acf_changed":false},"product_brand":[],"product_cat":[23],"product_tag":[],"class_list":{"0":"post-16488","1":"product","2":"type-product","3":"status-publish","4":"has-post-thumbnail","6":"product_cat-sodybos","7":"pa_rajonas-svencioniu-rajonas","8":"description-off","10":"first","11":"instock","12":"shipping-taxable","13":"purchasable","14":"product-type-simple"},"acf":[],"yoast_head":"<!-- This site is optimized with the Yoast SEO plugin v27.4 - https:\/\/yoast.com\/product\/yoast-seo-wordpress\/ -->\n<title>Parduodama Auk\u0161taitijos nacionaliniame parke, \u017deimenio e\u017eero pakrant\u0117je r\u0105stin\u0117 pirtis - Namud\u0117<\/title>\n<meta name=\"robots\" content=\"index, follow, max-snippet:-1, max-image-preview:large, max-video-preview:-1\" \/>\n<link rel=\"canonical\" href=\"https:\/\/www.namude.lt\/objektas\/parduodama-aukstaitijos-nacionaliniame-parke-zeimenio-ezero-pakranteje-rastine-pirtis\/\" \/>\n<meta property=\"og:locale\" content=\"ru_RU\" \/>\n<meta property=\"og:type\" content=\"article\" \/>\n<meta property=\"og:title\" content=\"Parduodama Auk\u0161taitijos nacionaliniame parke, \u017deimenio e\u017eero pakrant\u0117je r\u0105stin\u0117 pirtis - Namud\u0117\" \/>\n<meta property=\"og:description\" content=\"I\u0161skirtin\u0117je teritorijoje \u0160ven\u010dioni\u0173 rajone Obel\u0173 Rago kaime, j\u016bs\u0173 laukia i\u0161 r\u0105st\u0173 sur\u0119sta pirtel\u0117. Aplinka \u2013 apsupta brand\u017ei\u0173 med\u017ei\u0173, pu\u0161yn\u0173, i\u0161skirtini\u0173 ir ret\u0173 maumed\u017ei\u0173, \u0161imtame\u010di\u0173 \u0105\u017euol\u0173. Pirtis vieno auk\u0161to su mansarda bendras plotas 28 kv.m 1980m statybos, reikalingas remontas.  Atstumas iki Vilniaus- 100 km, Kaunas- 158 km, iki Ignalinos- 18 km.  Pirties koordinat\u0117s: Maps.lt: 55.288014, 26.046713\" \/>\n<meta property=\"og:url\" content=\"https:\/\/www.namude.lt\/objektas\/parduodama-aukstaitijos-nacionaliniame-parke-zeimenio-ezero-pakranteje-rastine-pirtis\/\" \/>\n<meta property=\"og:site_name\" content=\"Namud\u0117\" \/>\n<meta property=\"article:modified_time\" content=\"2025-05-09T12:52:45+00:00\" \/>\n<meta property=\"og:image\" content=\"https:\/\/www.namude.lt\/wp-content\/uploads\/2025\/04\/1-7.jpg\" \/>\n\t<meta property=\"og:image:width\" content=\"1600\" \/>\n\t<meta property=\"og:image:height\" content=\"1200\" \/>\n\t<meta property=\"og:image:type\" content=\"image\/jpeg\" \/>\n<meta name=\"twitter:card\" content=\"summary_large_image\" \/>\n<script type=\"application\/ld+json\" class=\"yoast-schema-graph\">{\"@context\":\"https:\\\/\\\/schema.org\",\"@graph\":[{\"@type\":\"WebPage\",\"@id\":\"https:\\\/\\\/www.namude.lt\\\/objektas\\\/parduodama-aukstaitijos-nacionaliniame-parke-zeimenio-ezero-pakranteje-rastine-pirtis\\\/\",\"url\":\"https:\\\/\\\/www.namude.lt\\\/objektas\\\/parduodama-aukstaitijos-nacionaliniame-parke-zeimenio-ezero-pakranteje-rastine-pirtis\\\/\",\"name\":\"Parduodama Auk\u0161taitijos nacionaliniame parke, \u017deimenio e\u017eero pakrant\u0117je r\u0105stin\u0117 pirtis - Namud\u0117\",\"isPartOf\":{\"@id\":\"https:\\\/\\\/www.namude.lt\\\/#website\"},\"primaryImageOfPage\":{\"@id\":\"https:\\\/\\\/www.namude.lt\\\/objektas\\\/parduodama-aukstaitijos-nacionaliniame-parke-zeimenio-ezero-pakranteje-rastine-pirtis\\\/#primaryimage\"},\"image\":{\"@id\":\"https:\\\/\\\/www.namude.lt\\\/objektas\\\/parduodama-aukstaitijos-nacionaliniame-parke-zeimenio-ezero-pakranteje-rastine-pirtis\\\/#primaryimage\"},\"thumbnailUrl\":\"https:\\\/\\\/www.namude.lt\\\/wp-content\\\/uploads\\\/2025\\\/04\\\/1-7.jpg\",\"datePublished\":\"2025-04-10T10:51:03+00:00\",\"dateModified\":\"2025-05-09T12:52:45+00:00\",\"breadcrumb\":{\"@id\":\"https:\\\/\\\/www.namude.lt\\\/objektas\\\/parduodama-aukstaitijos-nacionaliniame-parke-zeimenio-ezero-pakranteje-rastine-pirtis\\\/#breadcrumb\"},\"inLanguage\":\"ru-RU\",\"potentialAction\":[{\"@type\":\"ReadAction\",\"target\":[\"https:\\\/\\\/www.namude.lt\\\/objektas\\\/parduodama-aukstaitijos-nacionaliniame-parke-zeimenio-ezero-pakranteje-rastine-pirtis\\\/\"]}]},{\"@type\":\"ImageObject\",\"inLanguage\":\"ru-RU\",\"@id\":\"https:\\\/\\\/www.namude.lt\\\/objektas\\\/parduodama-aukstaitijos-nacionaliniame-parke-zeimenio-ezero-pakranteje-rastine-pirtis\\\/#primaryimage\",\"url\":\"https:\\\/\\\/www.namude.lt\\\/wp-content\\\/uploads\\\/2025\\\/04\\\/1-7.jpg\",\"contentUrl\":\"https:\\\/\\\/www.namude.lt\\\/wp-content\\\/uploads\\\/2025\\\/04\\\/1-7.jpg\",\"width\":1600,\"height\":1200},{\"@type\":\"BreadcrumbList\",\"@id\":\"https:\\\/\\\/www.namude.lt\\\/objektas\\\/parduodama-aukstaitijos-nacionaliniame-parke-zeimenio-ezero-pakranteje-rastine-pirtis\\\/#breadcrumb\",\"itemListElement\":[{\"@type\":\"ListItem\",\"position\":1,\"name\":\"Home\",\"item\":\"https:\\\/\\\/www.namude.lt\\\/ru\\\/\"},{\"@type\":\"ListItem\",\"position\":2,\"name\":\"\u041e\u0431\u044a\u0435\u043a\u0442\u044b\",\"item\":\"https:\\\/\\\/www.namude.lt\\\/ru\\\/%d0%be%d0%b1%d1%8a%d0%b5%d0%ba%d1%82%d1%8b\\\/\"},{\"@type\":\"ListItem\",\"position\":3,\"name\":\"Parduodama Auk\u0161taitijos nacionaliniame parke, \u017deimenio e\u017eero pakrant\u0117je r\u0105stin\u0117 pirtis\"}]},{\"@type\":\"WebSite\",\"@id\":\"https:\\\/\\\/www.namude.lt\\\/#website\",\"url\":\"https:\\\/\\\/www.namude.lt\\\/\",\"name\":\"Namud\u0117\",\"description\":\"\u201eNamud\u0117\u201c \u2013 agent\u016bra, pardavin\u0117janti Auk\u0161taitijos NT grynuolius.\",\"publisher\":{\"@id\":\"https:\\\/\\\/www.namude.lt\\\/#organization\"},\"potentialAction\":[{\"@type\":\"SearchAction\",\"target\":{\"@type\":\"EntryPoint\",\"urlTemplate\":\"https:\\\/\\\/www.namude.lt\\\/?s={search_term_string}\"},\"query-input\":{\"@type\":\"PropertyValueSpecification\",\"valueRequired\":true,\"valueName\":\"search_term_string\"}}],\"inLanguage\":\"ru-RU\"},{\"@type\":\"Organization\",\"@id\":\"https:\\\/\\\/www.namude.lt\\\/#organization\",\"name\":\"Namud\u0117\",\"url\":\"https:\\\/\\\/www.namude.lt\\\/\",\"logo\":{\"@type\":\"ImageObject\",\"inLanguage\":\"ru-RU\",\"@id\":\"https:\\\/\\\/www.namude.lt\\\/#\\\/schema\\\/logo\\\/image\\\/\",\"url\":\"https:\\\/\\\/www.namude.lt\\\/wp-content\\\/uploads\\\/2023\\\/11\\\/logo-symbol.svg\",\"contentUrl\":\"https:\\\/\\\/www.namude.lt\\\/wp-content\\\/uploads\\\/2023\\\/11\\\/logo-symbol.svg\",\"width\":1,\"height\":1,\"caption\":\"Namud\u0117\"},\"image\":{\"@id\":\"https:\\\/\\\/www.namude.lt\\\/#\\\/schema\\\/logo\\\/image\\\/\"}}]}<\/script>\n<!-- \/ Yoast SEO plugin. -->","yoast_head_json":{"title":"Parduodama Auk\u0161taitijos nacionaliniame parke, \u017deimenio e\u017eero pakrant\u0117je r\u0105stin\u0117 pirtis - Namud\u0117","robots":{"index":"index","follow":"follow","max-snippet":"max-snippet:-1","max-image-preview":"max-image-preview:large","max-video-preview":"max-video-preview:-1"},"canonical":"https:\/\/www.namude.lt\/objektas\/parduodama-aukstaitijos-nacionaliniame-parke-zeimenio-ezero-pakranteje-rastine-pirtis\/","og_locale":"ru_RU","og_type":"article","og_title":"Parduodama Auk\u0161taitijos nacionaliniame parke, \u017deimenio e\u017eero pakrant\u0117je r\u0105stin\u0117 pirtis - Namud\u0117","og_description":"I\u0161skirtin\u0117je teritorijoje \u0160ven\u010dioni\u0173 rajone Obel\u0173 Rago kaime, j\u016bs\u0173 laukia i\u0161 r\u0105st\u0173 sur\u0119sta pirtel\u0117. Aplinka \u2013 apsupta brand\u017ei\u0173 med\u017ei\u0173, pu\u0161yn\u0173, i\u0161skirtini\u0173 ir ret\u0173 maumed\u017ei\u0173, \u0161imtame\u010di\u0173 \u0105\u017euol\u0173. Pirtis vieno auk\u0161to su mansarda bendras plotas 28 kv.m 1980m statybos, reikalingas remontas.  Atstumas iki Vilniaus- 100 km, Kaunas- 158 km, iki Ignalinos- 18 km.  Pirties koordinat\u0117s: Maps.lt: 55.288014, 26.046713","og_url":"https:\/\/www.namude.lt\/objektas\/parduodama-aukstaitijos-nacionaliniame-parke-zeimenio-ezero-pakranteje-rastine-pirtis\/","og_site_name":"Namud\u0117","article_modified_time":"2025-05-09T12:52:45+00:00","og_image":[{"width":1600,"height":1200,"url":"https:\/\/www.namude.lt\/wp-content\/uploads\/2025\/04\/1-7.jpg","type":"image\/jpeg"}],"twitter_card":"summary_large_image","schema":{"@context":"https:\/\/schema.org","@graph":[{"@type":"WebPage","@id":"https:\/\/www.namude.lt\/objektas\/parduodama-aukstaitijos-nacionaliniame-parke-zeimenio-ezero-pakranteje-rastine-pirtis\/","url":"https:\/\/www.namude.lt\/objektas\/parduodama-aukstaitijos-nacionaliniame-parke-zeimenio-ezero-pakranteje-rastine-pirtis\/","name":"Parduodama Auk\u0161taitijos nacionaliniame parke, \u017deimenio e\u017eero pakrant\u0117je r\u0105stin\u0117 pirtis - Namud\u0117","isPartOf":{"@id":"https:\/\/www.namude.lt\/#website"},"primaryImageOfPage":{"@id":"https:\/\/www.namude.lt\/objektas\/parduodama-aukstaitijos-nacionaliniame-parke-zeimenio-ezero-pakranteje-rastine-pirtis\/#primaryimage"},"image":{"@id":"https:\/\/www.namude.lt\/objektas\/parduodama-aukstaitijos-nacionaliniame-parke-zeimenio-ezero-pakranteje-rastine-pirtis\/#primaryimage"},"thumbnailUrl":"https:\/\/www.namude.lt\/wp-content\/uploads\/2025\/04\/1-7.jpg","datePublished":"2025-04-10T10:51:03+00:00","dateModified":"2025-05-09T12:52:45+00:00","breadcrumb":{"@id":"https:\/\/www.namude.lt\/objektas\/parduodama-aukstaitijos-nacionaliniame-parke-zeimenio-ezero-pakranteje-rastine-pirtis\/#breadcrumb"},"inLanguage":"ru-RU","potentialAction":[{"@type":"ReadAction","target":["https:\/\/www.namude.lt\/objektas\/parduodama-aukstaitijos-nacionaliniame-parke-zeimenio-ezero-pakranteje-rastine-pirtis\/"]}]},{"@type":"ImageObject","inLanguage":"ru-RU","@id":"https:\/\/www.namude.lt\/objektas\/parduodama-aukstaitijos-nacionaliniame-parke-zeimenio-ezero-pakranteje-rastine-pirtis\/#primaryimage","url":"https:\/\/www.namude.lt\/wp-content\/uploads\/2025\/04\/1-7.jpg","contentUrl":"https:\/\/www.namude.lt\/wp-content\/uploads\/2025\/04\/1-7.jpg","width":1600,"height":1200},{"@type":"BreadcrumbList","@id":"https:\/\/www.namude.lt\/objektas\/parduodama-aukstaitijos-nacionaliniame-parke-zeimenio-ezero-pakranteje-rastine-pirtis\/#breadcrumb","itemListElement":[{"@type":"ListItem","position":1,"name":"Home","item":"https:\/\/www.namude.lt\/ru\/"},{"@type":"ListItem","position":2,"name":"\u041e\u0431\u044a\u0435\u043a\u0442\u044b","item":"https:\/\/www.namude.lt\/ru\/%d0%be%d0%b1%d1%8a%d0%b5%d0%ba%d1%82%d1%8b\/"},{"@type":"ListItem","position":3,"name":"Parduodama Auk\u0161taitijos nacionaliniame parke, \u017deimenio e\u017eero pakrant\u0117je r\u0105stin\u0117 pirtis"}]},{"@type":"WebSite","@id":"https:\/\/www.namude.lt\/#website","url":"https:\/\/www.namude.lt\/","name":"Namud\u0117","description":"\u201eNamud\u0117\u201c \u2013 agent\u016bra, pardavin\u0117janti Auk\u0161taitijos NT grynuolius.","publisher":{"@id":"https:\/\/www.namude.lt\/#organization"},"potentialAction":[{"@type":"SearchAction","target":{"@type":"EntryPoint","urlTemplate":"https:\/\/www.namude.lt\/?s={search_term_string}"},"query-input":{"@type":"PropertyValueSpecification","valueRequired":true,"valueName":"search_term_string"}}],"inLanguage":"ru-RU"},{"@type":"Organization","@id":"https:\/\/www.namude.lt\/#organization","name":"Namud\u0117","url":"https:\/\/www.namude.lt\/","logo":{"@type":"ImageObject","inLanguage":"ru-RU","@id":"https:\/\/www.namude.lt\/#\/schema\/logo\/image\/","url":"https:\/\/www.namude.lt\/wp-content\/uploads\/2023\/11\/logo-symbol.svg","contentUrl":"https:\/\/www.namude.lt\/wp-content\/uploads\/2023\/11\/logo-symbol.svg","width":1,"height":1,"caption":"Namud\u0117"},"image":{"@id":"https:\/\/www.namude.lt\/#\/schema\/logo\/image\/"}}]}},"_links":{"self":[{"href":"https:\/\/www.namude.lt\/ru\/wp-json\/wp\/v2\/product\/16488","targetHints":{"allow":["GET"]}}],"collection":[{"href":"https:\/\/www.namude.lt\/ru\/wp-json\/wp\/v2\/product"}],"about":[{"href":"https:\/\/www.namude.lt\/ru\/wp-json\/wp\/v2\/types\/product"}],"wp:featuredmedia":[{"embeddable":true,"href":"https:\/\/www.namude.lt\/ru\/wp-json\/wp\/v2\/media\/16489"}],"wp:attachment":[{"href":"https:\/\/www.namude.lt\/ru\/wp-json\/wp\/v2\/media?parent=16488"}],"wp:term":[{"taxonomy":"product_brand","embeddable":true,"href":"https:\/\/www.namude.lt\/ru\/wp-json\/wp\/v2\/product_brand?post=16488"},{"taxonomy":"product_cat","embeddable":true,"href":"https:\/\/www.namude.lt\/ru\/wp-json\/wp\/v2\/product_cat?post=16488"},{"taxonomy":"product_tag","embeddable":true,"href":"https:\/\/www.namude.lt\/ru\/wp-json\/wp\/v2\/product_tag?post=16488"}],"curies":[{"name":"wp","href":"https:\/\/api.w.org\/{rel}","templated":true}]}}