{"id":15687,"date":"2025-03-24T16:37:37","date_gmt":"2025-03-24T14:37:37","guid":{"rendered":"https:\/\/www.namude.lt\/?post_type=product&#038;p=15687"},"modified":"2026-04-13T16:20:33","modified_gmt":"2026-04-13T13:20:33","slug":"parduodamas-namas-salia-ukmerges-lauciu-gyvenvieteje","status":"publish","type":"product","link":"https:\/\/www.namude.lt\/ru\/\u043e\u0431\u044a\u0435\u043a\u0442\/parduodamas-namas-salia-ukmerges-lauciu-gyvenvieteje\/","title":{"rendered":"PARDUODAMAS NAMAS \u0160ALIA UKMERG\u0116S, LIAU\u0160I\u0172 GYVENVIET\u0116JE"},"content":{"rendered":"","protected":false},"excerpt":{"rendered":"<p><strong>Liau\u0161i\u0173 kaime, G\u0117li\u0173 gatv\u0117je \u0161alia Butk\u016bn\u0173 mi\u0161ko parduodamas m\u016brinis namas su keliais \u016bkiniais pastatais.<\/strong><a href=\"https:\/\/www.namude.lt\/parduodami-nt-objektai\/?filter_rajonas=kiti-rajonai&amp;query_type_rajonas=or\"><\/a> Ukmerg\u0117s rajonas vienas i\u0161 gra\u017eiausi\u0173 viet\u0173 Lietuvoje, si\u016blantis puikias galimybes ir gyvenimui ir poilsiui. I\u0161 \u0161ios vietov\u0117s puikus susisiekimas su kitais miestais, nes \u012fsik\u016br\u0119s prie Panev\u0117\u017eio ir Vilniaus keli\u0173. Ukmerg\u0117je rasite \u012fvairi\u0173 paslaug\u0173, prekybos centr\u0173, \u0161vietimo \u012fstaig\u0173 ir kult\u016brini\u0173 objekt\u0173, toki\u0173 kaip Ukmerg\u0117s pilis, ba\u017eny\u010dios ir muziejai.<br \/>\nPRIVALUMAI:<br \/>\n\u2013 Pri\u017ei\u016br\u0117tas, kokybi\u0161kai pastatytas 2 auk\u0161t\u0173 namas 217kv.m. (4 kambariai pirmame auk\u0161te, tualetas, antrame auk\u0161te 3 kambariai ir balkonas, po visu namu yra didelis r\u016bsys, virtuv\u0117, duonkep\u0117 ir gara\u017eas);<br \/>\n\u2013 Keli \u016bkiniai pastatai kurie taip pat labai kokybi\u0161ki ir tvirti;<br \/>\n\u2013 Nam\u0173 valdos plotas \u2013 28a;<br \/>\n\u2013 Vandentiekis \u2013 kaimo;<br \/>\n\u2013 Centrinis \u0161ildymas kieto kuro katilu \u012frengtas r\u016bsyje;<br \/>\n\u2013 Sutvarkyta aplinka ir brandus sodas;<br \/>\n\u2013 Patogus priva\u017eiavimas, iki autostrados 10 km, atstumai iki Ukmerg\u0117s 15km, Mol\u0117t\u0173 29km,  \u0160irvint\u0173 35km, Vilniaus 80km.<br \/>\nKoordinat\u0117s :<br \/>\nmaps.lt \u2013 55.211666, 24.986629<\/p>\n<p>Kvie\u010diame ap\u017ei\u016br\u0117ti ir \u012fvertinti \u0161i\u0105 vieta patiems! Lauksime atvykstant ir savaitgaliais!<\/p>\n","protected":false},"featured_media":17474,"template":"","meta":{"_acf_changed":false},"product_brand":[],"product_cat":[26],"product_tag":[],"class_list":{"0":"post-15687","1":"product","2":"type-product","3":"status-publish","4":"has-post-thumbnail","6":"product_cat-namai","7":"pa_rajonas-kiti-rajonai","8":"description-off","10":"first","11":"instock","12":"shipping-taxable","13":"purchasable","14":"product-type-simple"},"acf":[],"yoast_head":"<!-- This site is optimized with the Yoast SEO plugin v27.0 - https:\/\/yoast.com\/product\/yoast-seo-wordpress\/ -->\n<title>PARDUODAMAS NAMAS \u0160ALIA UKMERG\u0116S, LIAU\u0160I\u0172 GYVENVIET\u0116JE - Namud\u0117<\/title>\n<meta name=\"robots\" content=\"index, follow, max-snippet:-1, max-image-preview:large, max-video-preview:-1\" \/>\n<link rel=\"canonical\" href=\"https:\/\/www.namude.lt\/objektas\/parduodamas-namas-salia-ukmerges-lauciu-gyvenvieteje\/\" \/>\n<meta property=\"og:locale\" content=\"ru_RU\" \/>\n<meta property=\"og:type\" content=\"article\" \/>\n<meta property=\"og:title\" content=\"PARDUODAMAS NAMAS \u0160ALIA UKMERG\u0116S, LIAU\u0160I\u0172 GYVENVIET\u0116JE - Namud\u0117\" \/>\n<meta property=\"og:description\" content=\"Liau\u0161i\u0173 kaime, G\u0117li\u0173 gatv\u0117je \u0161alia Butk\u016bn\u0173 mi\u0161ko parduodamas m\u016brinis namas su keliais \u016bkiniais pastatais. Ukmerg\u0117s rajonas vienas i\u0161 gra\u017eiausi\u0173 viet\u0173 Lietuvoje, si\u016blantis puikias galimybes ir gyvenimui ir poilsiui. I\u0161 \u0161ios vietov\u0117s puikus susisiekimas su kitais miestais, nes \u012fsik\u016br\u0119s prie Panev\u0117\u017eio ir Vilniaus keli\u0173. Ukmerg\u0117je rasite \u012fvairi\u0173 paslaug\u0173, prekybos centr\u0173, \u0161vietimo \u012fstaig\u0173 ir kult\u016brini\u0173 objekt\u0173, toki\u0173 kaip Ukmerg\u0117s pilis, ba\u017eny\u010dios ir muziejai.  PRIVALUMAI: \u2013 Pri\u017ei\u016br\u0117tas, kokybi\u0161kai pastatytas 2 auk\u0161t\u0173 namas 217kv.m. (4 kambariai pirmame auk\u0161te, tualetas, antrame auk\u0161te 3 kambariai ir balkonas, po visu namu yra didelis r\u016bsys, virtuv\u0117, duonkep\u0117 ir gara\u017eas); \u2013 Keli \u016bkiniai pastatai kurie taip pat labai kokybi\u0161ki ir tvirti; \u2013 Nam\u0173 valdos plotas \u2013 28a; \u2013 Vandentiekis \u2013 kaimo; \u2013 Centrinis \u0161ildymas kieto kuro katilu \u012frengtas r\u016bsyje; \u2013 Sutvarkyta aplinka ir brandus sodas; \u2013 Patogus priva\u017eiavimas, iki autostrados 10 km, atstumai iki Ukmerg\u0117s 15km, Mol\u0117t\u0173 29km, \u0160irvint\u0173 35km, Vilniaus 80km. Koordinat\u0117s : maps.lt \u2013 55.211666, 24.986629  Kvie\u010diame ap\u017ei\u016br\u0117ti ir \u012fvertinti \u0161i\u0105 vieta patiems! Lauksime atvykstant ir savaitgaliais!\" \/>\n<meta property=\"og:url\" content=\"https:\/\/www.namude.lt\/objektas\/parduodamas-namas-salia-ukmerges-lauciu-gyvenvieteje\/\" \/>\n<meta property=\"og:site_name\" content=\"Namud\u0117\" \/>\n<meta property=\"article:modified_time\" content=\"2026-04-13T13:20:33+00:00\" \/>\n<meta property=\"og:image\" content=\"https:\/\/www.namude.lt\/wp-content\/uploads\/2025\/03\/1-14.jpg\" \/>\n\t<meta property=\"og:image:width\" content=\"2400\" \/>\n\t<meta property=\"og:image:height\" content=\"1800\" \/>\n\t<meta property=\"og:image:type\" content=\"image\/jpeg\" \/>\n<meta name=\"twitter:card\" content=\"summary_large_image\" \/>\n<script type=\"application\/ld+json\" class=\"yoast-schema-graph\">{\"@context\":\"https:\/\/schema.org\",\"@graph\":[{\"@type\":\"WebPage\",\"@id\":\"https:\/\/www.namude.lt\/objektas\/parduodamas-namas-salia-ukmerges-lauciu-gyvenvieteje\/\",\"url\":\"https:\/\/www.namude.lt\/objektas\/parduodamas-namas-salia-ukmerges-lauciu-gyvenvieteje\/\",\"name\":\"PARDUODAMAS NAMAS \u0160ALIA UKMERG\u0116S, LIAU\u0160I\u0172 GYVENVIET\u0116JE - Namud\u0117\",\"isPartOf\":{\"@id\":\"https:\/\/www.namude.lt\/#website\"},\"primaryImageOfPage\":{\"@id\":\"https:\/\/www.namude.lt\/objektas\/parduodamas-namas-salia-ukmerges-lauciu-gyvenvieteje\/#primaryimage\"},\"image\":{\"@id\":\"https:\/\/www.namude.lt\/objektas\/parduodamas-namas-salia-ukmerges-lauciu-gyvenvieteje\/#primaryimage\"},\"thumbnailUrl\":\"https:\/\/www.namude.lt\/wp-content\/uploads\/2025\/03\/1-14.jpg\",\"datePublished\":\"2025-03-24T14:37:37+00:00\",\"dateModified\":\"2026-04-13T13:20:33+00:00\",\"breadcrumb\":{\"@id\":\"https:\/\/www.namude.lt\/objektas\/parduodamas-namas-salia-ukmerges-lauciu-gyvenvieteje\/#breadcrumb\"},\"inLanguage\":\"ru-RU\",\"potentialAction\":[{\"@type\":\"ReadAction\",\"target\":[\"https:\/\/www.namude.lt\/objektas\/parduodamas-namas-salia-ukmerges-lauciu-gyvenvieteje\/\"]}]},{\"@type\":\"ImageObject\",\"inLanguage\":\"ru-RU\",\"@id\":\"https:\/\/www.namude.lt\/objektas\/parduodamas-namas-salia-ukmerges-lauciu-gyvenvieteje\/#primaryimage\",\"url\":\"https:\/\/www.namude.lt\/wp-content\/uploads\/2025\/03\/1-14.jpg\",\"contentUrl\":\"https:\/\/www.namude.lt\/wp-content\/uploads\/2025\/03\/1-14.jpg\",\"width\":2400,\"height\":1800},{\"@type\":\"BreadcrumbList\",\"@id\":\"https:\/\/www.namude.lt\/objektas\/parduodamas-namas-salia-ukmerges-lauciu-gyvenvieteje\/#breadcrumb\",\"itemListElement\":[{\"@type\":\"ListItem\",\"position\":1,\"name\":\"Home\",\"item\":\"https:\/\/www.namude.lt\/ru\/\"},{\"@type\":\"ListItem\",\"position\":2,\"name\":\"\u041e\u0431\u044a\u0435\u043a\u0442\u044b\",\"item\":\"https:\/\/www.namude.lt\/ru\/%d0%be%d0%b1%d1%8a%d0%b5%d0%ba%d1%82%d1%8b\/\"},{\"@type\":\"ListItem\",\"position\":3,\"name\":\"PARDUODAMAS NAMAS \u0160ALIA UKMERG\u0116S, LIAU\u0160I\u0172 GYVENVIET\u0116JE\"}]},{\"@type\":\"WebSite\",\"@id\":\"https:\/\/www.namude.lt\/#website\",\"url\":\"https:\/\/www.namude.lt\/\",\"name\":\"Namud\u0117\",\"description\":\"\u201eNamud\u0117\u201c \u2013 agent\u016bra, pardavin\u0117janti Auk\u0161taitijos NT grynuolius.\",\"publisher\":{\"@id\":\"https:\/\/www.namude.lt\/#organization\"},\"potentialAction\":[{\"@type\":\"SearchAction\",\"target\":{\"@type\":\"EntryPoint\",\"urlTemplate\":\"https:\/\/www.namude.lt\/?s={search_term_string}\"},\"query-input\":{\"@type\":\"PropertyValueSpecification\",\"valueRequired\":true,\"valueName\":\"search_term_string\"}}],\"inLanguage\":\"ru-RU\"},{\"@type\":\"Organization\",\"@id\":\"https:\/\/www.namude.lt\/#organization\",\"name\":\"Namud\u0117\",\"url\":\"https:\/\/www.namude.lt\/\",\"logo\":{\"@type\":\"ImageObject\",\"inLanguage\":\"ru-RU\",\"@id\":\"https:\/\/www.namude.lt\/#\/schema\/logo\/image\/\",\"url\":\"https:\/\/www.namude.lt\/wp-content\/uploads\/2023\/11\/logo-symbol.svg\",\"contentUrl\":\"https:\/\/www.namude.lt\/wp-content\/uploads\/2023\/11\/logo-symbol.svg\",\"width\":1,\"height\":1,\"caption\":\"Namud\u0117\"},\"image\":{\"@id\":\"https:\/\/www.namude.lt\/#\/schema\/logo\/image\/\"}}]}<\/script>\n<!-- \/ Yoast SEO plugin. -->","yoast_head_json":{"title":"PARDUODAMAS NAMAS \u0160ALIA UKMERG\u0116S, LIAU\u0160I\u0172 GYVENVIET\u0116JE - Namud\u0117","robots":{"index":"index","follow":"follow","max-snippet":"max-snippet:-1","max-image-preview":"max-image-preview:large","max-video-preview":"max-video-preview:-1"},"canonical":"https:\/\/www.namude.lt\/objektas\/parduodamas-namas-salia-ukmerges-lauciu-gyvenvieteje\/","og_locale":"ru_RU","og_type":"article","og_title":"PARDUODAMAS NAMAS \u0160ALIA UKMERG\u0116S, LIAU\u0160I\u0172 GYVENVIET\u0116JE - Namud\u0117","og_description":"Liau\u0161i\u0173 kaime, G\u0117li\u0173 gatv\u0117je \u0161alia Butk\u016bn\u0173 mi\u0161ko parduodamas m\u016brinis namas su keliais \u016bkiniais pastatais. Ukmerg\u0117s rajonas vienas i\u0161 gra\u017eiausi\u0173 viet\u0173 Lietuvoje, si\u016blantis puikias galimybes ir gyvenimui ir poilsiui. I\u0161 \u0161ios vietov\u0117s puikus susisiekimas su kitais miestais, nes \u012fsik\u016br\u0119s prie Panev\u0117\u017eio ir Vilniaus keli\u0173. Ukmerg\u0117je rasite \u012fvairi\u0173 paslaug\u0173, prekybos centr\u0173, \u0161vietimo \u012fstaig\u0173 ir kult\u016brini\u0173 objekt\u0173, toki\u0173 kaip Ukmerg\u0117s pilis, ba\u017eny\u010dios ir muziejai.  PRIVALUMAI: \u2013 Pri\u017ei\u016br\u0117tas, kokybi\u0161kai pastatytas 2 auk\u0161t\u0173 namas 217kv.m. (4 kambariai pirmame auk\u0161te, tualetas, antrame auk\u0161te 3 kambariai ir balkonas, po visu namu yra didelis r\u016bsys, virtuv\u0117, duonkep\u0117 ir gara\u017eas); \u2013 Keli \u016bkiniai pastatai kurie taip pat labai kokybi\u0161ki ir tvirti; \u2013 Nam\u0173 valdos plotas \u2013 28a; \u2013 Vandentiekis \u2013 kaimo; \u2013 Centrinis \u0161ildymas kieto kuro katilu \u012frengtas r\u016bsyje; \u2013 Sutvarkyta aplinka ir brandus sodas; \u2013 Patogus priva\u017eiavimas, iki autostrados 10 km, atstumai iki Ukmerg\u0117s 15km, Mol\u0117t\u0173 29km, \u0160irvint\u0173 35km, Vilniaus 80km. Koordinat\u0117s : maps.lt \u2013 55.211666, 24.986629  Kvie\u010diame ap\u017ei\u016br\u0117ti ir \u012fvertinti \u0161i\u0105 vieta patiems! Lauksime atvykstant ir savaitgaliais!","og_url":"https:\/\/www.namude.lt\/objektas\/parduodamas-namas-salia-ukmerges-lauciu-gyvenvieteje\/","og_site_name":"Namud\u0117","article_modified_time":"2026-04-13T13:20:33+00:00","og_image":[{"width":2400,"height":1800,"url":"https:\/\/www.namude.lt\/wp-content\/uploads\/2025\/03\/1-14.jpg","type":"image\/jpeg"}],"twitter_card":"summary_large_image","schema":{"@context":"https:\/\/schema.org","@graph":[{"@type":"WebPage","@id":"https:\/\/www.namude.lt\/objektas\/parduodamas-namas-salia-ukmerges-lauciu-gyvenvieteje\/","url":"https:\/\/www.namude.lt\/objektas\/parduodamas-namas-salia-ukmerges-lauciu-gyvenvieteje\/","name":"PARDUODAMAS NAMAS \u0160ALIA UKMERG\u0116S, LIAU\u0160I\u0172 GYVENVIET\u0116JE - Namud\u0117","isPartOf":{"@id":"https:\/\/www.namude.lt\/#website"},"primaryImageOfPage":{"@id":"https:\/\/www.namude.lt\/objektas\/parduodamas-namas-salia-ukmerges-lauciu-gyvenvieteje\/#primaryimage"},"image":{"@id":"https:\/\/www.namude.lt\/objektas\/parduodamas-namas-salia-ukmerges-lauciu-gyvenvieteje\/#primaryimage"},"thumbnailUrl":"https:\/\/www.namude.lt\/wp-content\/uploads\/2025\/03\/1-14.jpg","datePublished":"2025-03-24T14:37:37+00:00","dateModified":"2026-04-13T13:20:33+00:00","breadcrumb":{"@id":"https:\/\/www.namude.lt\/objektas\/parduodamas-namas-salia-ukmerges-lauciu-gyvenvieteje\/#breadcrumb"},"inLanguage":"ru-RU","potentialAction":[{"@type":"ReadAction","target":["https:\/\/www.namude.lt\/objektas\/parduodamas-namas-salia-ukmerges-lauciu-gyvenvieteje\/"]}]},{"@type":"ImageObject","inLanguage":"ru-RU","@id":"https:\/\/www.namude.lt\/objektas\/parduodamas-namas-salia-ukmerges-lauciu-gyvenvieteje\/#primaryimage","url":"https:\/\/www.namude.lt\/wp-content\/uploads\/2025\/03\/1-14.jpg","contentUrl":"https:\/\/www.namude.lt\/wp-content\/uploads\/2025\/03\/1-14.jpg","width":2400,"height":1800},{"@type":"BreadcrumbList","@id":"https:\/\/www.namude.lt\/objektas\/parduodamas-namas-salia-ukmerges-lauciu-gyvenvieteje\/#breadcrumb","itemListElement":[{"@type":"ListItem","position":1,"name":"Home","item":"https:\/\/www.namude.lt\/ru\/"},{"@type":"ListItem","position":2,"name":"\u041e\u0431\u044a\u0435\u043a\u0442\u044b","item":"https:\/\/www.namude.lt\/ru\/%d0%be%d0%b1%d1%8a%d0%b5%d0%ba%d1%82%d1%8b\/"},{"@type":"ListItem","position":3,"name":"PARDUODAMAS NAMAS \u0160ALIA UKMERG\u0116S, LIAU\u0160I\u0172 GYVENVIET\u0116JE"}]},{"@type":"WebSite","@id":"https:\/\/www.namude.lt\/#website","url":"https:\/\/www.namude.lt\/","name":"Namud\u0117","description":"\u201eNamud\u0117\u201c \u2013 agent\u016bra, pardavin\u0117janti Auk\u0161taitijos NT grynuolius.","publisher":{"@id":"https:\/\/www.namude.lt\/#organization"},"potentialAction":[{"@type":"SearchAction","target":{"@type":"EntryPoint","urlTemplate":"https:\/\/www.namude.lt\/?s={search_term_string}"},"query-input":{"@type":"PropertyValueSpecification","valueRequired":true,"valueName":"search_term_string"}}],"inLanguage":"ru-RU"},{"@type":"Organization","@id":"https:\/\/www.namude.lt\/#organization","name":"Namud\u0117","url":"https:\/\/www.namude.lt\/","logo":{"@type":"ImageObject","inLanguage":"ru-RU","@id":"https:\/\/www.namude.lt\/#\/schema\/logo\/image\/","url":"https:\/\/www.namude.lt\/wp-content\/uploads\/2023\/11\/logo-symbol.svg","contentUrl":"https:\/\/www.namude.lt\/wp-content\/uploads\/2023\/11\/logo-symbol.svg","width":1,"height":1,"caption":"Namud\u0117"},"image":{"@id":"https:\/\/www.namude.lt\/#\/schema\/logo\/image\/"}}]}},"_links":{"self":[{"href":"https:\/\/www.namude.lt\/ru\/wp-json\/wp\/v2\/product\/15687","targetHints":{"allow":["GET"]}}],"collection":[{"href":"https:\/\/www.namude.lt\/ru\/wp-json\/wp\/v2\/product"}],"about":[{"href":"https:\/\/www.namude.lt\/ru\/wp-json\/wp\/v2\/types\/product"}],"wp:featuredmedia":[{"embeddable":true,"href":"https:\/\/www.namude.lt\/ru\/wp-json\/wp\/v2\/media\/17474"}],"wp:attachment":[{"href":"https:\/\/www.namude.lt\/ru\/wp-json\/wp\/v2\/media?parent=15687"}],"wp:term":[{"taxonomy":"product_brand","embeddable":true,"href":"https:\/\/www.namude.lt\/ru\/wp-json\/wp\/v2\/product_brand?post=15687"},{"taxonomy":"product_cat","embeddable":true,"href":"https:\/\/www.namude.lt\/ru\/wp-json\/wp\/v2\/product_cat?post=15687"},{"taxonomy":"product_tag","embeddable":true,"href":"https:\/\/www.namude.lt\/ru\/wp-json\/wp\/v2\/product_tag?post=15687"}],"curies":[{"name":"wp","href":"https:\/\/api.w.org\/{rel}","templated":true}]}}