{"id":15656,"date":"2025-03-24T13:21:04","date_gmt":"2025-03-24T11:21:04","guid":{"rendered":"https:\/\/www.namude.lt\/?post_type=product&#038;p=15656"},"modified":"2025-10-30T16:11:07","modified_gmt":"2025-10-30T14:11:07","slug":"parduodamas-2-kambariu-butas-ukmerges-mieste","status":"publish","type":"product","link":"https:\/\/www.namude.lt\/ru\/\u043e\u0431\u044a\u0435\u043a\u0442\/parduodamas-2-kambariu-butas-ukmerges-mieste\/","title":{"rendered":"PARDUODAMAS 2 KAMBARI\u0172 BUTAS UKMERG\u0116S MIESTE"},"content":{"rendered":"","protected":false},"excerpt":{"rendered":"<p>Mi\u0161k\u0173 gatv\u0117je, strategi\u0161kai patogioje Ukmerg\u0117s miesto dalyje \u2013 tvarkingas, jaukus ir erdvus 2 kambari\u0173 butas laukia nauj\u0173 \u0161eiminink\u0173. Ukmerg\u0117 \u017eavus miestas \u2013 \u012fsik\u016br\u0119s prie \u0160ventosios up\u0117s. Ukmerg\u0117je gausu nuostabi\u0173 gamtos peiza\u017e\u0173, piliakalni\u0173 ir istorij\u0105 menan\u010di\u0173 pastat\u0173.<br \/>\nPRIVALUMAI:<br \/>\n\u2013 Butas 50kv. m. 5auk\u0161tas \u2013 (2 kambariai: svetain\u0117 ir miegamasis, renovuotas namas, pakeisti langai (vakarin\u0117 ir rytin\u0117 pus\u0117), balkonas);<br \/>\n\u2013 Vonia ir tualetas atskitroje patalpoje;<br \/>\n\u2013 R\u016bsys 4,85 kv.m.;<br \/>\n\u2013 Atstumai iki \u0160irvint\u0173 28km, Jonavos 38km, Mol\u0117t\u0173 42km, Anyk\u0161\u010di\u0173 44km, Utena 67km, Vilniaus ir Kauno, Panev\u0117\u017eio 71km.<br \/>\nKoordinat\u0117s :maps.lt \u2013 55.240779, 24.779769<br \/>\nD\u0117l i\u0161samesn\u0117s informacijos ar ap\u017ei\u016bros susisiekite ir mes visk\u0105 Jums papasakosime.<\/p>\n","protected":false},"featured_media":15657,"template":"","meta":{"_acf_changed":false},"product_brand":[],"product_cat":[75],"product_tag":[],"class_list":{"0":"post-15656","1":"product","2":"type-product","3":"status-publish","4":"has-post-thumbnail","6":"product_cat-parduota","7":"description-off","9":"first","10":"instock","11":"shipping-taxable","12":"purchasable","13":"product-type-simple"},"acf":[],"yoast_head":"<!-- This site is optimized with the Yoast SEO plugin v27.4 - https:\/\/yoast.com\/product\/yoast-seo-wordpress\/ -->\n<title>PARDUODAMAS 2 KAMBARI\u0172 BUTAS UKMERG\u0116S MIESTE - Namud\u0117<\/title>\n<meta name=\"robots\" content=\"index, follow, max-snippet:-1, max-image-preview:large, max-video-preview:-1\" \/>\n<link rel=\"canonical\" href=\"https:\/\/www.namude.lt\/objektas\/parduodamas-2-kambariu-butas-ukmerges-mieste\/\" \/>\n<meta property=\"og:locale\" content=\"ru_RU\" \/>\n<meta property=\"og:type\" content=\"article\" \/>\n<meta property=\"og:title\" content=\"PARDUODAMAS 2 KAMBARI\u0172 BUTAS UKMERG\u0116S MIESTE - Namud\u0117\" \/>\n<meta property=\"og:description\" content=\"Mi\u0161k\u0173 gatv\u0117je, strategi\u0161kai patogioje Ukmerg\u0117s miesto dalyje \u2013 tvarkingas, jaukus ir erdvus 2 kambari\u0173 butas laukia nauj\u0173 \u0161eiminink\u0173. Ukmerg\u0117 \u017eavus miestas \u2013 \u012fsik\u016br\u0119s prie \u0160ventosios up\u0117s. Ukmerg\u0117je gausu nuostabi\u0173 gamtos peiza\u017e\u0173, piliakalni\u0173 ir istorij\u0105 menan\u010di\u0173 pastat\u0173.  PRIVALUMAI: \u2013 Butas 50kv. m. 5auk\u0161tas \u2013 (2 kambariai: svetain\u0117 ir miegamasis, renovuotas namas, pakeisti langai (vakarin\u0117 ir rytin\u0117 pus\u0117), balkonas); \u2013 Vonia ir tualetas atskitroje patalpoje; \u2013 R\u016bsys 4,85 kv.m.; \u2013 Atstumai iki \u0160irvint\u0173 28km, Jonavos 38km, Mol\u0117t\u0173 42km, Anyk\u0161\u010di\u0173 44km, Utena 67km, Vilniaus ir Kauno, Panev\u0117\u017eio 71km. Koordinat\u0117s :maps.lt \u2013 55.240779, 24.779769 D\u0117l i\u0161samesn\u0117s informacijos ar ap\u017ei\u016bros susisiekite ir mes visk\u0105 Jums papasakosime.\" \/>\n<meta property=\"og:url\" content=\"https:\/\/www.namude.lt\/objektas\/parduodamas-2-kambariu-butas-ukmerges-mieste\/\" \/>\n<meta property=\"og:site_name\" content=\"Namud\u0117\" \/>\n<meta property=\"article:modified_time\" content=\"2025-10-30T14:11:07+00:00\" \/>\n<meta property=\"og:image\" content=\"https:\/\/www.namude.lt\/wp-content\/uploads\/2025\/03\/1-8.jpg\" \/>\n\t<meta property=\"og:image:width\" content=\"2400\" \/>\n\t<meta property=\"og:image:height\" content=\"1800\" \/>\n\t<meta property=\"og:image:type\" content=\"image\/jpeg\" \/>\n<meta name=\"twitter:card\" content=\"summary_large_image\" \/>\n<script type=\"application\/ld+json\" class=\"yoast-schema-graph\">{\"@context\":\"https:\\\/\\\/schema.org\",\"@graph\":[{\"@type\":\"WebPage\",\"@id\":\"https:\\\/\\\/www.namude.lt\\\/objektas\\\/parduodamas-2-kambariu-butas-ukmerges-mieste\\\/\",\"url\":\"https:\\\/\\\/www.namude.lt\\\/objektas\\\/parduodamas-2-kambariu-butas-ukmerges-mieste\\\/\",\"name\":\"PARDUODAMAS 2 KAMBARI\u0172 BUTAS UKMERG\u0116S MIESTE - Namud\u0117\",\"isPartOf\":{\"@id\":\"https:\\\/\\\/www.namude.lt\\\/#website\"},\"primaryImageOfPage\":{\"@id\":\"https:\\\/\\\/www.namude.lt\\\/objektas\\\/parduodamas-2-kambariu-butas-ukmerges-mieste\\\/#primaryimage\"},\"image\":{\"@id\":\"https:\\\/\\\/www.namude.lt\\\/objektas\\\/parduodamas-2-kambariu-butas-ukmerges-mieste\\\/#primaryimage\"},\"thumbnailUrl\":\"https:\\\/\\\/www.namude.lt\\\/wp-content\\\/uploads\\\/2025\\\/03\\\/1-8.jpg\",\"datePublished\":\"2025-03-24T11:21:04+00:00\",\"dateModified\":\"2025-10-30T14:11:07+00:00\",\"breadcrumb\":{\"@id\":\"https:\\\/\\\/www.namude.lt\\\/objektas\\\/parduodamas-2-kambariu-butas-ukmerges-mieste\\\/#breadcrumb\"},\"inLanguage\":\"ru-RU\",\"potentialAction\":[{\"@type\":\"ReadAction\",\"target\":[\"https:\\\/\\\/www.namude.lt\\\/objektas\\\/parduodamas-2-kambariu-butas-ukmerges-mieste\\\/\"]}]},{\"@type\":\"ImageObject\",\"inLanguage\":\"ru-RU\",\"@id\":\"https:\\\/\\\/www.namude.lt\\\/objektas\\\/parduodamas-2-kambariu-butas-ukmerges-mieste\\\/#primaryimage\",\"url\":\"https:\\\/\\\/www.namude.lt\\\/wp-content\\\/uploads\\\/2025\\\/03\\\/1-8.jpg\",\"contentUrl\":\"https:\\\/\\\/www.namude.lt\\\/wp-content\\\/uploads\\\/2025\\\/03\\\/1-8.jpg\",\"width\":2400,\"height\":1800},{\"@type\":\"BreadcrumbList\",\"@id\":\"https:\\\/\\\/www.namude.lt\\\/objektas\\\/parduodamas-2-kambariu-butas-ukmerges-mieste\\\/#breadcrumb\",\"itemListElement\":[{\"@type\":\"ListItem\",\"position\":1,\"name\":\"Home\",\"item\":\"https:\\\/\\\/www.namude.lt\\\/ru\\\/\"},{\"@type\":\"ListItem\",\"position\":2,\"name\":\"\u041e\u0431\u044a\u0435\u043a\u0442\u044b\",\"item\":\"https:\\\/\\\/www.namude.lt\\\/ru\\\/%d0%be%d0%b1%d1%8a%d0%b5%d0%ba%d1%82%d1%8b\\\/\"},{\"@type\":\"ListItem\",\"position\":3,\"name\":\"PARDUODAMAS 2 KAMBARI\u0172 BUTAS UKMERG\u0116S MIESTE\"}]},{\"@type\":\"WebSite\",\"@id\":\"https:\\\/\\\/www.namude.lt\\\/#website\",\"url\":\"https:\\\/\\\/www.namude.lt\\\/\",\"name\":\"Namud\u0117\",\"description\":\"\u201eNamud\u0117\u201c \u2013 agent\u016bra, pardavin\u0117janti Auk\u0161taitijos NT grynuolius.\",\"publisher\":{\"@id\":\"https:\\\/\\\/www.namude.lt\\\/#organization\"},\"potentialAction\":[{\"@type\":\"SearchAction\",\"target\":{\"@type\":\"EntryPoint\",\"urlTemplate\":\"https:\\\/\\\/www.namude.lt\\\/?s={search_term_string}\"},\"query-input\":{\"@type\":\"PropertyValueSpecification\",\"valueRequired\":true,\"valueName\":\"search_term_string\"}}],\"inLanguage\":\"ru-RU\"},{\"@type\":\"Organization\",\"@id\":\"https:\\\/\\\/www.namude.lt\\\/#organization\",\"name\":\"Namud\u0117\",\"url\":\"https:\\\/\\\/www.namude.lt\\\/\",\"logo\":{\"@type\":\"ImageObject\",\"inLanguage\":\"ru-RU\",\"@id\":\"https:\\\/\\\/www.namude.lt\\\/#\\\/schema\\\/logo\\\/image\\\/\",\"url\":\"https:\\\/\\\/www.namude.lt\\\/wp-content\\\/uploads\\\/2023\\\/11\\\/logo-symbol.svg\",\"contentUrl\":\"https:\\\/\\\/www.namude.lt\\\/wp-content\\\/uploads\\\/2023\\\/11\\\/logo-symbol.svg\",\"width\":1,\"height\":1,\"caption\":\"Namud\u0117\"},\"image\":{\"@id\":\"https:\\\/\\\/www.namude.lt\\\/#\\\/schema\\\/logo\\\/image\\\/\"}}]}<\/script>\n<!-- \/ Yoast SEO plugin. -->","yoast_head_json":{"title":"PARDUODAMAS 2 KAMBARI\u0172 BUTAS UKMERG\u0116S MIESTE - Namud\u0117","robots":{"index":"index","follow":"follow","max-snippet":"max-snippet:-1","max-image-preview":"max-image-preview:large","max-video-preview":"max-video-preview:-1"},"canonical":"https:\/\/www.namude.lt\/objektas\/parduodamas-2-kambariu-butas-ukmerges-mieste\/","og_locale":"ru_RU","og_type":"article","og_title":"PARDUODAMAS 2 KAMBARI\u0172 BUTAS UKMERG\u0116S MIESTE - Namud\u0117","og_description":"Mi\u0161k\u0173 gatv\u0117je, strategi\u0161kai patogioje Ukmerg\u0117s miesto dalyje \u2013 tvarkingas, jaukus ir erdvus 2 kambari\u0173 butas laukia nauj\u0173 \u0161eiminink\u0173. Ukmerg\u0117 \u017eavus miestas \u2013 \u012fsik\u016br\u0119s prie \u0160ventosios up\u0117s. Ukmerg\u0117je gausu nuostabi\u0173 gamtos peiza\u017e\u0173, piliakalni\u0173 ir istorij\u0105 menan\u010di\u0173 pastat\u0173.  PRIVALUMAI: \u2013 Butas 50kv. m. 5auk\u0161tas \u2013 (2 kambariai: svetain\u0117 ir miegamasis, renovuotas namas, pakeisti langai (vakarin\u0117 ir rytin\u0117 pus\u0117), balkonas); \u2013 Vonia ir tualetas atskitroje patalpoje; \u2013 R\u016bsys 4,85 kv.m.; \u2013 Atstumai iki \u0160irvint\u0173 28km, Jonavos 38km, Mol\u0117t\u0173 42km, Anyk\u0161\u010di\u0173 44km, Utena 67km, Vilniaus ir Kauno, Panev\u0117\u017eio 71km. Koordinat\u0117s :maps.lt \u2013 55.240779, 24.779769 D\u0117l i\u0161samesn\u0117s informacijos ar ap\u017ei\u016bros susisiekite ir mes visk\u0105 Jums papasakosime.","og_url":"https:\/\/www.namude.lt\/objektas\/parduodamas-2-kambariu-butas-ukmerges-mieste\/","og_site_name":"Namud\u0117","article_modified_time":"2025-10-30T14:11:07+00:00","og_image":[{"width":2400,"height":1800,"url":"https:\/\/www.namude.lt\/wp-content\/uploads\/2025\/03\/1-8.jpg","type":"image\/jpeg"}],"twitter_card":"summary_large_image","schema":{"@context":"https:\/\/schema.org","@graph":[{"@type":"WebPage","@id":"https:\/\/www.namude.lt\/objektas\/parduodamas-2-kambariu-butas-ukmerges-mieste\/","url":"https:\/\/www.namude.lt\/objektas\/parduodamas-2-kambariu-butas-ukmerges-mieste\/","name":"PARDUODAMAS 2 KAMBARI\u0172 BUTAS UKMERG\u0116S MIESTE - Namud\u0117","isPartOf":{"@id":"https:\/\/www.namude.lt\/#website"},"primaryImageOfPage":{"@id":"https:\/\/www.namude.lt\/objektas\/parduodamas-2-kambariu-butas-ukmerges-mieste\/#primaryimage"},"image":{"@id":"https:\/\/www.namude.lt\/objektas\/parduodamas-2-kambariu-butas-ukmerges-mieste\/#primaryimage"},"thumbnailUrl":"https:\/\/www.namude.lt\/wp-content\/uploads\/2025\/03\/1-8.jpg","datePublished":"2025-03-24T11:21:04+00:00","dateModified":"2025-10-30T14:11:07+00:00","breadcrumb":{"@id":"https:\/\/www.namude.lt\/objektas\/parduodamas-2-kambariu-butas-ukmerges-mieste\/#breadcrumb"},"inLanguage":"ru-RU","potentialAction":[{"@type":"ReadAction","target":["https:\/\/www.namude.lt\/objektas\/parduodamas-2-kambariu-butas-ukmerges-mieste\/"]}]},{"@type":"ImageObject","inLanguage":"ru-RU","@id":"https:\/\/www.namude.lt\/objektas\/parduodamas-2-kambariu-butas-ukmerges-mieste\/#primaryimage","url":"https:\/\/www.namude.lt\/wp-content\/uploads\/2025\/03\/1-8.jpg","contentUrl":"https:\/\/www.namude.lt\/wp-content\/uploads\/2025\/03\/1-8.jpg","width":2400,"height":1800},{"@type":"BreadcrumbList","@id":"https:\/\/www.namude.lt\/objektas\/parduodamas-2-kambariu-butas-ukmerges-mieste\/#breadcrumb","itemListElement":[{"@type":"ListItem","position":1,"name":"Home","item":"https:\/\/www.namude.lt\/ru\/"},{"@type":"ListItem","position":2,"name":"\u041e\u0431\u044a\u0435\u043a\u0442\u044b","item":"https:\/\/www.namude.lt\/ru\/%d0%be%d0%b1%d1%8a%d0%b5%d0%ba%d1%82%d1%8b\/"},{"@type":"ListItem","position":3,"name":"PARDUODAMAS 2 KAMBARI\u0172 BUTAS UKMERG\u0116S MIESTE"}]},{"@type":"WebSite","@id":"https:\/\/www.namude.lt\/#website","url":"https:\/\/www.namude.lt\/","name":"Namud\u0117","description":"\u201eNamud\u0117\u201c \u2013 agent\u016bra, pardavin\u0117janti Auk\u0161taitijos NT grynuolius.","publisher":{"@id":"https:\/\/www.namude.lt\/#organization"},"potentialAction":[{"@type":"SearchAction","target":{"@type":"EntryPoint","urlTemplate":"https:\/\/www.namude.lt\/?s={search_term_string}"},"query-input":{"@type":"PropertyValueSpecification","valueRequired":true,"valueName":"search_term_string"}}],"inLanguage":"ru-RU"},{"@type":"Organization","@id":"https:\/\/www.namude.lt\/#organization","name":"Namud\u0117","url":"https:\/\/www.namude.lt\/","logo":{"@type":"ImageObject","inLanguage":"ru-RU","@id":"https:\/\/www.namude.lt\/#\/schema\/logo\/image\/","url":"https:\/\/www.namude.lt\/wp-content\/uploads\/2023\/11\/logo-symbol.svg","contentUrl":"https:\/\/www.namude.lt\/wp-content\/uploads\/2023\/11\/logo-symbol.svg","width":1,"height":1,"caption":"Namud\u0117"},"image":{"@id":"https:\/\/www.namude.lt\/#\/schema\/logo\/image\/"}}]}},"_links":{"self":[{"href":"https:\/\/www.namude.lt\/ru\/wp-json\/wp\/v2\/product\/15656","targetHints":{"allow":["GET"]}}],"collection":[{"href":"https:\/\/www.namude.lt\/ru\/wp-json\/wp\/v2\/product"}],"about":[{"href":"https:\/\/www.namude.lt\/ru\/wp-json\/wp\/v2\/types\/product"}],"wp:featuredmedia":[{"embeddable":true,"href":"https:\/\/www.namude.lt\/ru\/wp-json\/wp\/v2\/media\/15657"}],"wp:attachment":[{"href":"https:\/\/www.namude.lt\/ru\/wp-json\/wp\/v2\/media?parent=15656"}],"wp:term":[{"taxonomy":"product_brand","embeddable":true,"href":"https:\/\/www.namude.lt\/ru\/wp-json\/wp\/v2\/product_brand?post=15656"},{"taxonomy":"product_cat","embeddable":true,"href":"https:\/\/www.namude.lt\/ru\/wp-json\/wp\/v2\/product_cat?post=15656"},{"taxonomy":"product_tag","embeddable":true,"href":"https:\/\/www.namude.lt\/ru\/wp-json\/wp\/v2\/product_tag?post=15656"}],"curies":[{"name":"wp","href":"https:\/\/api.w.org\/{rel}","templated":true}]}}