{"id":15062,"date":"2025-03-04T09:38:14","date_gmt":"2025-03-04T07:38:14","guid":{"rendered":"https:\/\/www.namude.lt\/?post_type=product&#038;p=15062"},"modified":"2025-08-13T12:17:00","modified_gmt":"2025-08-13T09:17:00","slug":"parduodamas-2-kambariu-butas-utenos-mieste","status":"publish","type":"product","link":"https:\/\/www.namude.lt\/ru\/\u043e\u0431\u044a\u0435\u043a\u0442\/parduodamas-2-kambariu-butas-utenos-mieste\/","title":{"rendered":"PARDUODAMAS 2 KAMBARI\u0172 BUTAS UTENOS MIESTE"},"content":{"rendered":"","protected":false},"excerpt":{"rendered":"<p><strong>Basanavi\u010diaus gatv\u0117je, Utenos mieste \u2013 2 kambario butas laukia nauj\u0173 \u0161eiminink\u0173.<\/strong><a href=\"https:\/\/www.namude.lt\/kategorija\/butai\/?filter_rajonas=utenos-rajonas&amp;query_type_rajonas=or\"><\/a> Strategi\u0161kai patogioje vietoje, buto i\u0161planavim\u0105 galite keisti pagal poreikius. Butas yra strategi\u0161kai patogioje vietoje. Keli\u0173 \u0161imt\u0173 metr\u0173 spinduliu yra Utenos Vyturi\u0173 progimnazija, Utenos vaik\u0173 ir jaunimo u\u017eimtumo centras, vaik\u0173 dar\u017eelis \u017delmen\u0117lis, turgus, prekybos centrai ir specializuotos krautuv\u0117l\u0117s, sporto klubas, Sm\u0117lyn\u0117s parkas.<\/p>\n<p>PRIVALUMAI:<br \/>\n\u2013 Butas 47,57 kv m. pirmame namo auk\u0161te. ( bute yra 2 kambariai, virtuv\u0117, vonia, langai \u012f piet\u0173 pus\u0117je, pakeisti langai, \u0161arvo durys. Butui priklauso r\u016bsys 2,94 kv.m.);<br \/>\n\u2013 Vonia ir tualetas sujungti.<br \/>\n\u2013 Automobili\u0173 parkavimo aik\u0161tel\u0117.<\/p>\n<p>Koordinat\u0117s :<br \/>\nmaps.lt \u2013 55.50208, 25.61552<\/p>\n<p>D\u0117l i\u0161samesn\u0117s informacijos ar ap\u017ei\u016bros susisiekite ir mes visk\u0105 Jums papasakosime.<\/p>\n","protected":false},"featured_media":15201,"template":"","meta":{"_acf_changed":false},"product_brand":[],"product_cat":[75],"product_tag":[],"class_list":{"0":"post-15062","1":"product","2":"type-product","3":"status-publish","4":"has-post-thumbnail","6":"product_cat-parduota","7":"description-off","9":"first","10":"instock","11":"shipping-taxable","12":"purchasable","13":"product-type-simple"},"acf":[],"yoast_head":"<!-- This site is optimized with the Yoast SEO plugin v27.0 - https:\/\/yoast.com\/product\/yoast-seo-wordpress\/ -->\n<title>PARDUODAMAS 2 KAMBARI\u0172 BUTAS UTENOS MIESTE - Namud\u0117<\/title>\n<meta name=\"robots\" content=\"index, follow, max-snippet:-1, max-image-preview:large, max-video-preview:-1\" \/>\n<link rel=\"canonical\" href=\"https:\/\/www.namude.lt\/objektas\/parduodamas-2-kambariu-butas-utenos-mieste\/\" \/>\n<meta property=\"og:locale\" content=\"ru_RU\" \/>\n<meta property=\"og:type\" content=\"article\" \/>\n<meta property=\"og:title\" content=\"PARDUODAMAS 2 KAMBARI\u0172 BUTAS UTENOS MIESTE - Namud\u0117\" \/>\n<meta property=\"og:description\" content=\"Basanavi\u010diaus gatv\u0117je, Utenos mieste \u2013 2 kambario butas laukia nauj\u0173 \u0161eiminink\u0173. Strategi\u0161kai patogioje vietoje, buto i\u0161planavim\u0105 galite keisti pagal poreikius. Butas yra strategi\u0161kai patogioje vietoje. Keli\u0173 \u0161imt\u0173 metr\u0173 spinduliu yra Utenos Vyturi\u0173 progimnazija, Utenos vaik\u0173 ir jaunimo u\u017eimtumo centras, vaik\u0173 dar\u017eelis \u017delmen\u0117lis, turgus, prekybos centrai ir specializuotos krautuv\u0117l\u0117s, sporto klubas, Sm\u0117lyn\u0117s parkas.  PRIVALUMAI: \u2013 Butas 47,57 kv m. pirmame namo auk\u0161te. ( bute yra 2 kambariai, virtuv\u0117, vonia, langai \u012f piet\u0173 pus\u0117je, pakeisti langai, \u0161arvo durys. Butui priklauso r\u016bsys 2,94 kv.m.); \u2013 Vonia ir tualetas sujungti. \u2013 Automobili\u0173 parkavimo aik\u0161tel\u0117.  Koordinat\u0117s : maps.lt \u2013 55.50208, 25.61552  D\u0117l i\u0161samesn\u0117s informacijos ar ap\u017ei\u016bros susisiekite ir mes visk\u0105 Jums papasakosime.\" \/>\n<meta property=\"og:url\" content=\"https:\/\/www.namude.lt\/objektas\/parduodamas-2-kambariu-butas-utenos-mieste\/\" \/>\n<meta property=\"og:site_name\" content=\"Namud\u0117\" \/>\n<meta property=\"article:modified_time\" content=\"2025-08-13T09:17:00+00:00\" \/>\n<meta property=\"og:image\" content=\"https:\/\/www.namude.lt\/wp-content\/uploads\/2025\/02\/1-7.jpg\" \/>\n\t<meta property=\"og:image:width\" content=\"2400\" \/>\n\t<meta property=\"og:image:height\" content=\"1800\" \/>\n\t<meta property=\"og:image:type\" content=\"image\/jpeg\" \/>\n<meta name=\"twitter:card\" content=\"summary_large_image\" \/>\n<script type=\"application\/ld+json\" class=\"yoast-schema-graph\">{\"@context\":\"https:\/\/schema.org\",\"@graph\":[{\"@type\":\"WebPage\",\"@id\":\"https:\/\/www.namude.lt\/objektas\/parduodamas-2-kambariu-butas-utenos-mieste\/\",\"url\":\"https:\/\/www.namude.lt\/objektas\/parduodamas-2-kambariu-butas-utenos-mieste\/\",\"name\":\"PARDUODAMAS 2 KAMBARI\u0172 BUTAS UTENOS MIESTE - Namud\u0117\",\"isPartOf\":{\"@id\":\"https:\/\/www.namude.lt\/#website\"},\"primaryImageOfPage\":{\"@id\":\"https:\/\/www.namude.lt\/objektas\/parduodamas-2-kambariu-butas-utenos-mieste\/#primaryimage\"},\"image\":{\"@id\":\"https:\/\/www.namude.lt\/objektas\/parduodamas-2-kambariu-butas-utenos-mieste\/#primaryimage\"},\"thumbnailUrl\":\"https:\/\/www.namude.lt\/wp-content\/uploads\/2025\/02\/1-7.jpg\",\"datePublished\":\"2025-03-04T07:38:14+00:00\",\"dateModified\":\"2025-08-13T09:17:00+00:00\",\"breadcrumb\":{\"@id\":\"https:\/\/www.namude.lt\/objektas\/parduodamas-2-kambariu-butas-utenos-mieste\/#breadcrumb\"},\"inLanguage\":\"ru-RU\",\"potentialAction\":[{\"@type\":\"ReadAction\",\"target\":[\"https:\/\/www.namude.lt\/objektas\/parduodamas-2-kambariu-butas-utenos-mieste\/\"]}]},{\"@type\":\"ImageObject\",\"inLanguage\":\"ru-RU\",\"@id\":\"https:\/\/www.namude.lt\/objektas\/parduodamas-2-kambariu-butas-utenos-mieste\/#primaryimage\",\"url\":\"https:\/\/www.namude.lt\/wp-content\/uploads\/2025\/02\/1-7.jpg\",\"contentUrl\":\"https:\/\/www.namude.lt\/wp-content\/uploads\/2025\/02\/1-7.jpg\",\"width\":2400,\"height\":1800},{\"@type\":\"BreadcrumbList\",\"@id\":\"https:\/\/www.namude.lt\/objektas\/parduodamas-2-kambariu-butas-utenos-mieste\/#breadcrumb\",\"itemListElement\":[{\"@type\":\"ListItem\",\"position\":1,\"name\":\"Home\",\"item\":\"https:\/\/www.namude.lt\/ru\/\"},{\"@type\":\"ListItem\",\"position\":2,\"name\":\"\u041e\u0431\u044a\u0435\u043a\u0442\u044b\",\"item\":\"https:\/\/www.namude.lt\/ru\/%d0%be%d0%b1%d1%8a%d0%b5%d0%ba%d1%82%d1%8b\/\"},{\"@type\":\"ListItem\",\"position\":3,\"name\":\"PARDUODAMAS 2 KAMBARI\u0172 BUTAS UTENOS MIESTE\"}]},{\"@type\":\"WebSite\",\"@id\":\"https:\/\/www.namude.lt\/#website\",\"url\":\"https:\/\/www.namude.lt\/\",\"name\":\"Namud\u0117\",\"description\":\"\u201eNamud\u0117\u201c \u2013 agent\u016bra, pardavin\u0117janti Auk\u0161taitijos NT grynuolius.\",\"publisher\":{\"@id\":\"https:\/\/www.namude.lt\/#organization\"},\"potentialAction\":[{\"@type\":\"SearchAction\",\"target\":{\"@type\":\"EntryPoint\",\"urlTemplate\":\"https:\/\/www.namude.lt\/?s={search_term_string}\"},\"query-input\":{\"@type\":\"PropertyValueSpecification\",\"valueRequired\":true,\"valueName\":\"search_term_string\"}}],\"inLanguage\":\"ru-RU\"},{\"@type\":\"Organization\",\"@id\":\"https:\/\/www.namude.lt\/#organization\",\"name\":\"Namud\u0117\",\"url\":\"https:\/\/www.namude.lt\/\",\"logo\":{\"@type\":\"ImageObject\",\"inLanguage\":\"ru-RU\",\"@id\":\"https:\/\/www.namude.lt\/#\/schema\/logo\/image\/\",\"url\":\"https:\/\/www.namude.lt\/wp-content\/uploads\/2023\/11\/logo-symbol.svg\",\"contentUrl\":\"https:\/\/www.namude.lt\/wp-content\/uploads\/2023\/11\/logo-symbol.svg\",\"width\":1,\"height\":1,\"caption\":\"Namud\u0117\"},\"image\":{\"@id\":\"https:\/\/www.namude.lt\/#\/schema\/logo\/image\/\"}}]}<\/script>\n<!-- \/ Yoast SEO plugin. -->","yoast_head_json":{"title":"PARDUODAMAS 2 KAMBARI\u0172 BUTAS UTENOS MIESTE - Namud\u0117","robots":{"index":"index","follow":"follow","max-snippet":"max-snippet:-1","max-image-preview":"max-image-preview:large","max-video-preview":"max-video-preview:-1"},"canonical":"https:\/\/www.namude.lt\/objektas\/parduodamas-2-kambariu-butas-utenos-mieste\/","og_locale":"ru_RU","og_type":"article","og_title":"PARDUODAMAS 2 KAMBARI\u0172 BUTAS UTENOS MIESTE - Namud\u0117","og_description":"Basanavi\u010diaus gatv\u0117je, Utenos mieste \u2013 2 kambario butas laukia nauj\u0173 \u0161eiminink\u0173. Strategi\u0161kai patogioje vietoje, buto i\u0161planavim\u0105 galite keisti pagal poreikius. Butas yra strategi\u0161kai patogioje vietoje. Keli\u0173 \u0161imt\u0173 metr\u0173 spinduliu yra Utenos Vyturi\u0173 progimnazija, Utenos vaik\u0173 ir jaunimo u\u017eimtumo centras, vaik\u0173 dar\u017eelis \u017delmen\u0117lis, turgus, prekybos centrai ir specializuotos krautuv\u0117l\u0117s, sporto klubas, Sm\u0117lyn\u0117s parkas.  PRIVALUMAI: \u2013 Butas 47,57 kv m. pirmame namo auk\u0161te. ( bute yra 2 kambariai, virtuv\u0117, vonia, langai \u012f piet\u0173 pus\u0117je, pakeisti langai, \u0161arvo durys. Butui priklauso r\u016bsys 2,94 kv.m.); \u2013 Vonia ir tualetas sujungti. \u2013 Automobili\u0173 parkavimo aik\u0161tel\u0117.  Koordinat\u0117s : maps.lt \u2013 55.50208, 25.61552  D\u0117l i\u0161samesn\u0117s informacijos ar ap\u017ei\u016bros susisiekite ir mes visk\u0105 Jums papasakosime.","og_url":"https:\/\/www.namude.lt\/objektas\/parduodamas-2-kambariu-butas-utenos-mieste\/","og_site_name":"Namud\u0117","article_modified_time":"2025-08-13T09:17:00+00:00","og_image":[{"width":2400,"height":1800,"url":"https:\/\/www.namude.lt\/wp-content\/uploads\/2025\/02\/1-7.jpg","type":"image\/jpeg"}],"twitter_card":"summary_large_image","schema":{"@context":"https:\/\/schema.org","@graph":[{"@type":"WebPage","@id":"https:\/\/www.namude.lt\/objektas\/parduodamas-2-kambariu-butas-utenos-mieste\/","url":"https:\/\/www.namude.lt\/objektas\/parduodamas-2-kambariu-butas-utenos-mieste\/","name":"PARDUODAMAS 2 KAMBARI\u0172 BUTAS UTENOS MIESTE - Namud\u0117","isPartOf":{"@id":"https:\/\/www.namude.lt\/#website"},"primaryImageOfPage":{"@id":"https:\/\/www.namude.lt\/objektas\/parduodamas-2-kambariu-butas-utenos-mieste\/#primaryimage"},"image":{"@id":"https:\/\/www.namude.lt\/objektas\/parduodamas-2-kambariu-butas-utenos-mieste\/#primaryimage"},"thumbnailUrl":"https:\/\/www.namude.lt\/wp-content\/uploads\/2025\/02\/1-7.jpg","datePublished":"2025-03-04T07:38:14+00:00","dateModified":"2025-08-13T09:17:00+00:00","breadcrumb":{"@id":"https:\/\/www.namude.lt\/objektas\/parduodamas-2-kambariu-butas-utenos-mieste\/#breadcrumb"},"inLanguage":"ru-RU","potentialAction":[{"@type":"ReadAction","target":["https:\/\/www.namude.lt\/objektas\/parduodamas-2-kambariu-butas-utenos-mieste\/"]}]},{"@type":"ImageObject","inLanguage":"ru-RU","@id":"https:\/\/www.namude.lt\/objektas\/parduodamas-2-kambariu-butas-utenos-mieste\/#primaryimage","url":"https:\/\/www.namude.lt\/wp-content\/uploads\/2025\/02\/1-7.jpg","contentUrl":"https:\/\/www.namude.lt\/wp-content\/uploads\/2025\/02\/1-7.jpg","width":2400,"height":1800},{"@type":"BreadcrumbList","@id":"https:\/\/www.namude.lt\/objektas\/parduodamas-2-kambariu-butas-utenos-mieste\/#breadcrumb","itemListElement":[{"@type":"ListItem","position":1,"name":"Home","item":"https:\/\/www.namude.lt\/ru\/"},{"@type":"ListItem","position":2,"name":"\u041e\u0431\u044a\u0435\u043a\u0442\u044b","item":"https:\/\/www.namude.lt\/ru\/%d0%be%d0%b1%d1%8a%d0%b5%d0%ba%d1%82%d1%8b\/"},{"@type":"ListItem","position":3,"name":"PARDUODAMAS 2 KAMBARI\u0172 BUTAS UTENOS MIESTE"}]},{"@type":"WebSite","@id":"https:\/\/www.namude.lt\/#website","url":"https:\/\/www.namude.lt\/","name":"Namud\u0117","description":"\u201eNamud\u0117\u201c \u2013 agent\u016bra, pardavin\u0117janti Auk\u0161taitijos NT grynuolius.","publisher":{"@id":"https:\/\/www.namude.lt\/#organization"},"potentialAction":[{"@type":"SearchAction","target":{"@type":"EntryPoint","urlTemplate":"https:\/\/www.namude.lt\/?s={search_term_string}"},"query-input":{"@type":"PropertyValueSpecification","valueRequired":true,"valueName":"search_term_string"}}],"inLanguage":"ru-RU"},{"@type":"Organization","@id":"https:\/\/www.namude.lt\/#organization","name":"Namud\u0117","url":"https:\/\/www.namude.lt\/","logo":{"@type":"ImageObject","inLanguage":"ru-RU","@id":"https:\/\/www.namude.lt\/#\/schema\/logo\/image\/","url":"https:\/\/www.namude.lt\/wp-content\/uploads\/2023\/11\/logo-symbol.svg","contentUrl":"https:\/\/www.namude.lt\/wp-content\/uploads\/2023\/11\/logo-symbol.svg","width":1,"height":1,"caption":"Namud\u0117"},"image":{"@id":"https:\/\/www.namude.lt\/#\/schema\/logo\/image\/"}}]}},"_links":{"self":[{"href":"https:\/\/www.namude.lt\/ru\/wp-json\/wp\/v2\/product\/15062","targetHints":{"allow":["GET"]}}],"collection":[{"href":"https:\/\/www.namude.lt\/ru\/wp-json\/wp\/v2\/product"}],"about":[{"href":"https:\/\/www.namude.lt\/ru\/wp-json\/wp\/v2\/types\/product"}],"wp:featuredmedia":[{"embeddable":true,"href":"https:\/\/www.namude.lt\/ru\/wp-json\/wp\/v2\/media\/15201"}],"wp:attachment":[{"href":"https:\/\/www.namude.lt\/ru\/wp-json\/wp\/v2\/media?parent=15062"}],"wp:term":[{"taxonomy":"product_brand","embeddable":true,"href":"https:\/\/www.namude.lt\/ru\/wp-json\/wp\/v2\/product_brand?post=15062"},{"taxonomy":"product_cat","embeddable":true,"href":"https:\/\/www.namude.lt\/ru\/wp-json\/wp\/v2\/product_cat?post=15062"},{"taxonomy":"product_tag","embeddable":true,"href":"https:\/\/www.namude.lt\/ru\/wp-json\/wp\/v2\/product_tag?post=15062"}],"curies":[{"name":"wp","href":"https:\/\/api.w.org\/{rel}","templated":true}]}}