{"id":14936,"date":"2025-02-19T17:33:57","date_gmt":"2025-02-19T15:33:57","guid":{"rendered":"https:\/\/www.namude.lt\/?post_type=product&#038;p=14936"},"modified":"2025-09-03T09:28:12","modified_gmt":"2025-09-03T06:28:12","slug":"parduodamas-228-ha-zemes-ukio-paskirties-sklypas-ezeru-apsuptyje-barkeliskiu-i-kaime-moletu-rajone","status":"publish","type":"product","link":"https:\/\/www.namude.lt\/ru\/\u043e\u0431\u044a\u0435\u043a\u0442\/parduodamas-228-ha-zemes-ukio-paskirties-sklypas-ezeru-apsuptyje-barkeliskiu-i-kaime-moletu-rajone\/","title":{"rendered":"Parduodamas 2,28 ha rekreacin\u0117s paskirties sklypas e\u017eer\u0173 apsuptyje Barkeli\u0161ki\u0173 I kaime, Mol\u0117t\u0173 rajone."},"content":{"rendered":"","protected":false},"excerpt":{"rendered":"<p><strong>Parduodamas 2,28 ha rekreacin\u0117s paskirties sklypas e\u017eer\u0173 apsuptyje Barkeli\u0161ki\u0173 kaime, Mol\u0117t\u0173 rajone.<\/strong><a href=\"https:\/\/www.namude.lt\/parduodami-nt-objektai\/?filter_rajonas=moletu-rajonas&amp;query_type_rajonas=or\"><\/a> \u0160alimais yra Nikajo e\u017eeras, netoliese puikuojasi  nuostabusis Baluo\u0161as, Arinas ir \u0160vento e\u017eerai,  o kur dar begal\u0117 \u012fvairaus dyd\u017eio e\u017eer\u0173 e\u017eer\u0117li\u0173, kuri\u0173 nei\u0161vardijome. Iki artimiausio e\u017eero Nikajo apie 400m. Puikus susisiekimas visais met\u0173 laikais. Artimiausias miestelis Joni\u0161kis 4 km. Iki Mol\u0117t\u0173 32 km ir Utenos apie 62 km. Iki Vilniaus apie 63 km.<\/p>\n<p>Koordinat\u0117s :<br \/>\nmaps.lt \u2013 55.0686750, 25.6221567<br \/>\nD\u0117l i\u0161samesn\u0117s informacijos ar ap\u017ei\u016bros susisiekite ir mes visk\u0105 Jums papasakosime.<\/p>\n","protected":false},"featured_media":14937,"template":"","meta":{"_acf_changed":false},"product_brand":[],"product_cat":[24],"product_tag":[],"class_list":{"0":"post-14936","1":"product","2":"type-product","3":"status-publish","4":"has-post-thumbnail","6":"product_cat-sklypai","7":"pa_rajonas-moletu-rajonas","8":"description-off","10":"first","11":"instock","12":"sale","13":"shipping-taxable","14":"purchasable","15":"product-type-simple"},"acf":[],"yoast_head":"<!-- This site is optimized with the Yoast SEO plugin v27.0 - https:\/\/yoast.com\/product\/yoast-seo-wordpress\/ -->\n<title>Parduodamas 2,28 ha rekreacin\u0117s paskirties sklypas e\u017eer\u0173 apsuptyje Barkeli\u0161ki\u0173 I kaime, Mol\u0117t\u0173 rajone. - Namud\u0117<\/title>\n<meta name=\"robots\" content=\"index, follow, max-snippet:-1, max-image-preview:large, max-video-preview:-1\" \/>\n<link rel=\"canonical\" href=\"https:\/\/www.namude.lt\/objektas\/parduodamas-228-ha-zemes-ukio-paskirties-sklypas-ezeru-apsuptyje-barkeliskiu-i-kaime-moletu-rajone\/\" \/>\n<meta property=\"og:locale\" content=\"ru_RU\" \/>\n<meta property=\"og:type\" content=\"article\" \/>\n<meta property=\"og:title\" content=\"Parduodamas 2,28 ha rekreacin\u0117s paskirties sklypas e\u017eer\u0173 apsuptyje Barkeli\u0161ki\u0173 I kaime, Mol\u0117t\u0173 rajone. - Namud\u0117\" \/>\n<meta property=\"og:description\" content=\"Parduodamas 2,28 ha rekreacin\u0117s paskirties sklypas e\u017eer\u0173 apsuptyje Barkeli\u0161ki\u0173 kaime, Mol\u0117t\u0173 rajone. \u0160alimais yra Nikajo e\u017eeras, netoliese puikuojasi nuostabusis Baluo\u0161as, Arinas ir \u0160vento e\u017eerai, o kur dar begal\u0117 \u012fvairaus dyd\u017eio e\u017eer\u0173 e\u017eer\u0117li\u0173, kuri\u0173 nei\u0161vardijome. Iki artimiausio e\u017eero Nikajo apie 400m. Puikus susisiekimas visais met\u0173 laikais. Artimiausias miestelis Joni\u0161kis 4 km. Iki Mol\u0117t\u0173 32 km ir Utenos apie 62 km. Iki Vilniaus apie 63 km.  Koordinat\u0117s : maps.lt \u2013 55.0686750, 25.6221567 D\u0117l i\u0161samesn\u0117s informacijos ar ap\u017ei\u016bros susisiekite ir mes visk\u0105 Jums papasakosime.\" \/>\n<meta property=\"og:url\" content=\"https:\/\/www.namude.lt\/objektas\/parduodamas-228-ha-zemes-ukio-paskirties-sklypas-ezeru-apsuptyje-barkeliskiu-i-kaime-moletu-rajone\/\" \/>\n<meta property=\"og:site_name\" content=\"Namud\u0117\" \/>\n<meta property=\"article:modified_time\" content=\"2025-09-03T06:28:12+00:00\" \/>\n<meta property=\"og:image\" content=\"https:\/\/www.namude.lt\/wp-content\/uploads\/2025\/02\/NIKALAJIS.jpg\" \/>\n\t<meta property=\"og:image:width\" content=\"1086\" \/>\n\t<meta property=\"og:image:height\" content=\"634\" \/>\n\t<meta property=\"og:image:type\" content=\"image\/jpeg\" \/>\n<meta name=\"twitter:card\" content=\"summary_large_image\" \/>\n<script type=\"application\/ld+json\" class=\"yoast-schema-graph\">{\"@context\":\"https:\/\/schema.org\",\"@graph\":[{\"@type\":\"WebPage\",\"@id\":\"https:\/\/www.namude.lt\/objektas\/parduodamas-228-ha-zemes-ukio-paskirties-sklypas-ezeru-apsuptyje-barkeliskiu-i-kaime-moletu-rajone\/\",\"url\":\"https:\/\/www.namude.lt\/objektas\/parduodamas-228-ha-zemes-ukio-paskirties-sklypas-ezeru-apsuptyje-barkeliskiu-i-kaime-moletu-rajone\/\",\"name\":\"Parduodamas 2,28 ha rekreacin\u0117s paskirties sklypas e\u017eer\u0173 apsuptyje Barkeli\u0161ki\u0173 I kaime, Mol\u0117t\u0173 rajone. - Namud\u0117\",\"isPartOf\":{\"@id\":\"https:\/\/www.namude.lt\/#website\"},\"primaryImageOfPage\":{\"@id\":\"https:\/\/www.namude.lt\/objektas\/parduodamas-228-ha-zemes-ukio-paskirties-sklypas-ezeru-apsuptyje-barkeliskiu-i-kaime-moletu-rajone\/#primaryimage\"},\"image\":{\"@id\":\"https:\/\/www.namude.lt\/objektas\/parduodamas-228-ha-zemes-ukio-paskirties-sklypas-ezeru-apsuptyje-barkeliskiu-i-kaime-moletu-rajone\/#primaryimage\"},\"thumbnailUrl\":\"https:\/\/www.namude.lt\/wp-content\/uploads\/2025\/02\/NIKALAJIS.jpg\",\"datePublished\":\"2025-02-19T15:33:57+00:00\",\"dateModified\":\"2025-09-03T06:28:12+00:00\",\"breadcrumb\":{\"@id\":\"https:\/\/www.namude.lt\/objektas\/parduodamas-228-ha-zemes-ukio-paskirties-sklypas-ezeru-apsuptyje-barkeliskiu-i-kaime-moletu-rajone\/#breadcrumb\"},\"inLanguage\":\"ru-RU\",\"potentialAction\":[{\"@type\":\"ReadAction\",\"target\":[\"https:\/\/www.namude.lt\/objektas\/parduodamas-228-ha-zemes-ukio-paskirties-sklypas-ezeru-apsuptyje-barkeliskiu-i-kaime-moletu-rajone\/\"]}]},{\"@type\":\"ImageObject\",\"inLanguage\":\"ru-RU\",\"@id\":\"https:\/\/www.namude.lt\/objektas\/parduodamas-228-ha-zemes-ukio-paskirties-sklypas-ezeru-apsuptyje-barkeliskiu-i-kaime-moletu-rajone\/#primaryimage\",\"url\":\"https:\/\/www.namude.lt\/wp-content\/uploads\/2025\/02\/NIKALAJIS.jpg\",\"contentUrl\":\"https:\/\/www.namude.lt\/wp-content\/uploads\/2025\/02\/NIKALAJIS.jpg\",\"width\":1086,\"height\":634},{\"@type\":\"BreadcrumbList\",\"@id\":\"https:\/\/www.namude.lt\/objektas\/parduodamas-228-ha-zemes-ukio-paskirties-sklypas-ezeru-apsuptyje-barkeliskiu-i-kaime-moletu-rajone\/#breadcrumb\",\"itemListElement\":[{\"@type\":\"ListItem\",\"position\":1,\"name\":\"Home\",\"item\":\"https:\/\/www.namude.lt\/ru\/\"},{\"@type\":\"ListItem\",\"position\":2,\"name\":\"\u041e\u0431\u044a\u0435\u043a\u0442\u044b\",\"item\":\"https:\/\/www.namude.lt\/ru\/%d0%be%d0%b1%d1%8a%d0%b5%d0%ba%d1%82%d1%8b\/\"},{\"@type\":\"ListItem\",\"position\":3,\"name\":\"Parduodamas 2,28 ha rekreacin\u0117s paskirties sklypas e\u017eer\u0173 apsuptyje Barkeli\u0161ki\u0173 I kaime, Mol\u0117t\u0173 rajone.\"}]},{\"@type\":\"WebSite\",\"@id\":\"https:\/\/www.namude.lt\/#website\",\"url\":\"https:\/\/www.namude.lt\/\",\"name\":\"Namud\u0117\",\"description\":\"\u201eNamud\u0117\u201c \u2013 agent\u016bra, pardavin\u0117janti Auk\u0161taitijos NT grynuolius.\",\"publisher\":{\"@id\":\"https:\/\/www.namude.lt\/#organization\"},\"potentialAction\":[{\"@type\":\"SearchAction\",\"target\":{\"@type\":\"EntryPoint\",\"urlTemplate\":\"https:\/\/www.namude.lt\/?s={search_term_string}\"},\"query-input\":{\"@type\":\"PropertyValueSpecification\",\"valueRequired\":true,\"valueName\":\"search_term_string\"}}],\"inLanguage\":\"ru-RU\"},{\"@type\":\"Organization\",\"@id\":\"https:\/\/www.namude.lt\/#organization\",\"name\":\"Namud\u0117\",\"url\":\"https:\/\/www.namude.lt\/\",\"logo\":{\"@type\":\"ImageObject\",\"inLanguage\":\"ru-RU\",\"@id\":\"https:\/\/www.namude.lt\/#\/schema\/logo\/image\/\",\"url\":\"https:\/\/www.namude.lt\/wp-content\/uploads\/2023\/11\/logo-symbol.svg\",\"contentUrl\":\"https:\/\/www.namude.lt\/wp-content\/uploads\/2023\/11\/logo-symbol.svg\",\"width\":1,\"height\":1,\"caption\":\"Namud\u0117\"},\"image\":{\"@id\":\"https:\/\/www.namude.lt\/#\/schema\/logo\/image\/\"}}]}<\/script>\n<!-- \/ Yoast SEO plugin. -->","yoast_head_json":{"title":"Parduodamas 2,28 ha rekreacin\u0117s paskirties sklypas e\u017eer\u0173 apsuptyje Barkeli\u0161ki\u0173 I kaime, Mol\u0117t\u0173 rajone. - Namud\u0117","robots":{"index":"index","follow":"follow","max-snippet":"max-snippet:-1","max-image-preview":"max-image-preview:large","max-video-preview":"max-video-preview:-1"},"canonical":"https:\/\/www.namude.lt\/objektas\/parduodamas-228-ha-zemes-ukio-paskirties-sklypas-ezeru-apsuptyje-barkeliskiu-i-kaime-moletu-rajone\/","og_locale":"ru_RU","og_type":"article","og_title":"Parduodamas 2,28 ha rekreacin\u0117s paskirties sklypas e\u017eer\u0173 apsuptyje Barkeli\u0161ki\u0173 I kaime, Mol\u0117t\u0173 rajone. - Namud\u0117","og_description":"Parduodamas 2,28 ha rekreacin\u0117s paskirties sklypas e\u017eer\u0173 apsuptyje Barkeli\u0161ki\u0173 kaime, Mol\u0117t\u0173 rajone. \u0160alimais yra Nikajo e\u017eeras, netoliese puikuojasi nuostabusis Baluo\u0161as, Arinas ir \u0160vento e\u017eerai, o kur dar begal\u0117 \u012fvairaus dyd\u017eio e\u017eer\u0173 e\u017eer\u0117li\u0173, kuri\u0173 nei\u0161vardijome. Iki artimiausio e\u017eero Nikajo apie 400m. Puikus susisiekimas visais met\u0173 laikais. Artimiausias miestelis Joni\u0161kis 4 km. Iki Mol\u0117t\u0173 32 km ir Utenos apie 62 km. Iki Vilniaus apie 63 km.  Koordinat\u0117s : maps.lt \u2013 55.0686750, 25.6221567 D\u0117l i\u0161samesn\u0117s informacijos ar ap\u017ei\u016bros susisiekite ir mes visk\u0105 Jums papasakosime.","og_url":"https:\/\/www.namude.lt\/objektas\/parduodamas-228-ha-zemes-ukio-paskirties-sklypas-ezeru-apsuptyje-barkeliskiu-i-kaime-moletu-rajone\/","og_site_name":"Namud\u0117","article_modified_time":"2025-09-03T06:28:12+00:00","og_image":[{"width":1086,"height":634,"url":"https:\/\/www.namude.lt\/wp-content\/uploads\/2025\/02\/NIKALAJIS.jpg","type":"image\/jpeg"}],"twitter_card":"summary_large_image","schema":{"@context":"https:\/\/schema.org","@graph":[{"@type":"WebPage","@id":"https:\/\/www.namude.lt\/objektas\/parduodamas-228-ha-zemes-ukio-paskirties-sklypas-ezeru-apsuptyje-barkeliskiu-i-kaime-moletu-rajone\/","url":"https:\/\/www.namude.lt\/objektas\/parduodamas-228-ha-zemes-ukio-paskirties-sklypas-ezeru-apsuptyje-barkeliskiu-i-kaime-moletu-rajone\/","name":"Parduodamas 2,28 ha rekreacin\u0117s paskirties sklypas e\u017eer\u0173 apsuptyje Barkeli\u0161ki\u0173 I kaime, Mol\u0117t\u0173 rajone. - Namud\u0117","isPartOf":{"@id":"https:\/\/www.namude.lt\/#website"},"primaryImageOfPage":{"@id":"https:\/\/www.namude.lt\/objektas\/parduodamas-228-ha-zemes-ukio-paskirties-sklypas-ezeru-apsuptyje-barkeliskiu-i-kaime-moletu-rajone\/#primaryimage"},"image":{"@id":"https:\/\/www.namude.lt\/objektas\/parduodamas-228-ha-zemes-ukio-paskirties-sklypas-ezeru-apsuptyje-barkeliskiu-i-kaime-moletu-rajone\/#primaryimage"},"thumbnailUrl":"https:\/\/www.namude.lt\/wp-content\/uploads\/2025\/02\/NIKALAJIS.jpg","datePublished":"2025-02-19T15:33:57+00:00","dateModified":"2025-09-03T06:28:12+00:00","breadcrumb":{"@id":"https:\/\/www.namude.lt\/objektas\/parduodamas-228-ha-zemes-ukio-paskirties-sklypas-ezeru-apsuptyje-barkeliskiu-i-kaime-moletu-rajone\/#breadcrumb"},"inLanguage":"ru-RU","potentialAction":[{"@type":"ReadAction","target":["https:\/\/www.namude.lt\/objektas\/parduodamas-228-ha-zemes-ukio-paskirties-sklypas-ezeru-apsuptyje-barkeliskiu-i-kaime-moletu-rajone\/"]}]},{"@type":"ImageObject","inLanguage":"ru-RU","@id":"https:\/\/www.namude.lt\/objektas\/parduodamas-228-ha-zemes-ukio-paskirties-sklypas-ezeru-apsuptyje-barkeliskiu-i-kaime-moletu-rajone\/#primaryimage","url":"https:\/\/www.namude.lt\/wp-content\/uploads\/2025\/02\/NIKALAJIS.jpg","contentUrl":"https:\/\/www.namude.lt\/wp-content\/uploads\/2025\/02\/NIKALAJIS.jpg","width":1086,"height":634},{"@type":"BreadcrumbList","@id":"https:\/\/www.namude.lt\/objektas\/parduodamas-228-ha-zemes-ukio-paskirties-sklypas-ezeru-apsuptyje-barkeliskiu-i-kaime-moletu-rajone\/#breadcrumb","itemListElement":[{"@type":"ListItem","position":1,"name":"Home","item":"https:\/\/www.namude.lt\/ru\/"},{"@type":"ListItem","position":2,"name":"\u041e\u0431\u044a\u0435\u043a\u0442\u044b","item":"https:\/\/www.namude.lt\/ru\/%d0%be%d0%b1%d1%8a%d0%b5%d0%ba%d1%82%d1%8b\/"},{"@type":"ListItem","position":3,"name":"Parduodamas 2,28 ha rekreacin\u0117s paskirties sklypas e\u017eer\u0173 apsuptyje Barkeli\u0161ki\u0173 I kaime, Mol\u0117t\u0173 rajone."}]},{"@type":"WebSite","@id":"https:\/\/www.namude.lt\/#website","url":"https:\/\/www.namude.lt\/","name":"Namud\u0117","description":"\u201eNamud\u0117\u201c \u2013 agent\u016bra, pardavin\u0117janti Auk\u0161taitijos NT grynuolius.","publisher":{"@id":"https:\/\/www.namude.lt\/#organization"},"potentialAction":[{"@type":"SearchAction","target":{"@type":"EntryPoint","urlTemplate":"https:\/\/www.namude.lt\/?s={search_term_string}"},"query-input":{"@type":"PropertyValueSpecification","valueRequired":true,"valueName":"search_term_string"}}],"inLanguage":"ru-RU"},{"@type":"Organization","@id":"https:\/\/www.namude.lt\/#organization","name":"Namud\u0117","url":"https:\/\/www.namude.lt\/","logo":{"@type":"ImageObject","inLanguage":"ru-RU","@id":"https:\/\/www.namude.lt\/#\/schema\/logo\/image\/","url":"https:\/\/www.namude.lt\/wp-content\/uploads\/2023\/11\/logo-symbol.svg","contentUrl":"https:\/\/www.namude.lt\/wp-content\/uploads\/2023\/11\/logo-symbol.svg","width":1,"height":1,"caption":"Namud\u0117"},"image":{"@id":"https:\/\/www.namude.lt\/#\/schema\/logo\/image\/"}}]}},"_links":{"self":[{"href":"https:\/\/www.namude.lt\/ru\/wp-json\/wp\/v2\/product\/14936","targetHints":{"allow":["GET"]}}],"collection":[{"href":"https:\/\/www.namude.lt\/ru\/wp-json\/wp\/v2\/product"}],"about":[{"href":"https:\/\/www.namude.lt\/ru\/wp-json\/wp\/v2\/types\/product"}],"wp:featuredmedia":[{"embeddable":true,"href":"https:\/\/www.namude.lt\/ru\/wp-json\/wp\/v2\/media\/14937"}],"wp:attachment":[{"href":"https:\/\/www.namude.lt\/ru\/wp-json\/wp\/v2\/media?parent=14936"}],"wp:term":[{"taxonomy":"product_brand","embeddable":true,"href":"https:\/\/www.namude.lt\/ru\/wp-json\/wp\/v2\/product_brand?post=14936"},{"taxonomy":"product_cat","embeddable":true,"href":"https:\/\/www.namude.lt\/ru\/wp-json\/wp\/v2\/product_cat?post=14936"},{"taxonomy":"product_tag","embeddable":true,"href":"https:\/\/www.namude.lt\/ru\/wp-json\/wp\/v2\/product_tag?post=14936"}],"curies":[{"name":"wp","href":"https:\/\/api.w.org\/{rel}","templated":true}]}}