{"id":14855,"date":"2025-02-14T10:38:20","date_gmt":"2025-02-14T08:38:20","guid":{"rendered":"https:\/\/www.namude.lt\/?post_type=product&#038;p=14855"},"modified":"2025-09-30T14:30:14","modified_gmt":"2025-09-30T11:30:14","slug":"parduodamas-grazus-ir-saugus-vienkiemis-su-8-816-ha-zemes-plotu-apie-97-m-besiribojanciu-su-dideliu-ir-zuvingu-ruzo-ezeru-ignalinos-rajone-velunu-kaime","status":"publish","type":"product","link":"https:\/\/www.namude.lt\/ru\/\u043e\u0431\u044a\u0435\u043a\u0442\/parduodamas-grazus-ir-saugus-vienkiemis-su-8-816-ha-zemes-plotu-apie-97-m-besiribojanciu-su-dideliu-ir-zuvingu-ruzo-ezeru-ignalinos-rajone-velunu-kaime\/","title":{"rendered":"Parduodamas gra\u017eus ir saugus vienkiemis su 8.816 ha \u017eem\u0117s plotu, apie 97 m besiribojan\u010diu su dideliu ir \u017euvingu R\u016b\u017eo e\u017eeru Ignalinos rajone, V\u0117l\u016bn\u0173 kaime."},"content":{"rendered":"","protected":false},"excerpt":{"rendered":"<p><strong>Parduodamas gra\u017eus ir saugus vienkiemis su 8.816 ha \u017eem\u0117s plotu, apie 97 m besiribojan\u010diu su dideliu ir \u017euvingu R\u016b\u017eo e\u017eeru Ignalinos rajone, V\u0117l\u016bn\u0173 kaime.<\/strong><a href=\"https:\/\/www.namude.lt\/parduodami-nt-objektai\/?filter_rajonas=ignalinos-rajonas&amp;query_type_rajonas=or\"><\/a> R\u016b\u017eo e\u017eeras upeliais jungiasi su kitais dideliais e\u017eerais: \u017dilmo, Pr\u016bto, Alksno ir Ilgai\u010dio. Min\u0117tas \u017eem\u0117s plotas susideda i\u0161 dviej\u0173 sklyp\u0173: 8.1045 ha \u017eem\u0117s \u016bkio paskirties sklypo ir jame esan\u010dios 0.7115 ha nam\u0173 valdos sklypo. Atlikti geodeziniai abiej\u0173 sklyp\u0173 matavimai. Med\u017ei\u0173 ir augal\u0173 apsuptyje, esan\u010dio r\u0105stinio gyvenamojo namo bendras plotas \u2013 66.00 kv. m. \u0160ildymas krosnimi. Parduodama su baldais. Taip pat yra \u012fregistruota r\u0105stin\u0117 pirtis, \u016bkio pastatas su tvartu, dar\u017ein\u0117, malkin\u0117, dar\u017eas, didelis vaismed\u017ei\u0173 ir vaiskr\u016bmi\u0173 sodas. Artimiausia elektros pastot\u0117 apie 0.3 km. Saugumas ir privatumas. Artimiausias kaimynas apie 0.15 km. Geras priva\u017eiavimas visais met\u0173 laikais asfaltuotu keliu, nuo kurio tik apie 0.5 km iki sodybos lauko- mi\u0161ko keliuku. Iki Vilniaus apie 149 km, iki Ignalinos apie 39 km. Tiesiog puiki vieta gyvenimui, poilsiui ar verslui vystyti.<\/p>\n<p>Google  55.48963828312095, 26.499004268343583<br \/>\nMaps.lt 55.489655, 26.499057<\/p>\n<p>Pastaba: U\u017e papildom\u0105 kain\u0105 galima \u012fsigyti netoliese esant\u012f, taisyklingos sta\u010diakampio formos 3.56 ha \u017eem\u0117s \u016bkio paskirties sklyp\u0105.<\/p>\n","protected":false},"featured_media":22522,"template":"","meta":{"_acf_changed":false},"product_brand":[],"product_cat":[23],"product_tag":[],"class_list":{"0":"post-14855","1":"product","2":"type-product","3":"status-publish","4":"has-post-thumbnail","6":"product_cat-sodybos","7":"pa_rajonas-ignalinos-rajonas","8":"description-off","10":"first","11":"instock","12":"sale","13":"shipping-taxable","14":"purchasable","15":"product-type-simple"},"acf":[],"yoast_head":"<!-- This site is optimized with the Yoast SEO plugin v27.4 - https:\/\/yoast.com\/product\/yoast-seo-wordpress\/ -->\n<title>Parduodamas gra\u017eus ir saugus vienkiemis su 8.816 ha \u017eem\u0117s plotu, apie 97 m besiribojan\u010diu su dideliu ir \u017euvingu R\u016b\u017eo e\u017eeru Ignalinos rajone, V\u0117l\u016bn\u0173 kaime. - Namud\u0117<\/title>\n<meta name=\"robots\" content=\"index, follow, max-snippet:-1, max-image-preview:large, max-video-preview:-1\" \/>\n<link rel=\"canonical\" href=\"https:\/\/www.namude.lt\/objektas\/parduodamas-grazus-ir-saugus-vienkiemis-su-8-816-ha-zemes-plotu-apie-97-m-besiribojanciu-su-dideliu-ir-zuvingu-ruzo-ezeru-ignalinos-rajone-velunu-kaime\/\" \/>\n<meta property=\"og:locale\" content=\"ru_RU\" \/>\n<meta property=\"og:type\" content=\"article\" \/>\n<meta property=\"og:title\" content=\"Parduodamas gra\u017eus ir saugus vienkiemis su 8.816 ha \u017eem\u0117s plotu, apie 97 m besiribojan\u010diu su dideliu ir \u017euvingu R\u016b\u017eo e\u017eeru Ignalinos rajone, V\u0117l\u016bn\u0173 kaime. - Namud\u0117\" \/>\n<meta property=\"og:description\" content=\"Parduodamas gra\u017eus ir saugus vienkiemis su 8.816 ha \u017eem\u0117s plotu, apie 97 m besiribojan\u010diu su dideliu ir \u017euvingu R\u016b\u017eo e\u017eeru Ignalinos rajone, V\u0117l\u016bn\u0173 kaime. R\u016b\u017eo e\u017eeras upeliais jungiasi su kitais dideliais e\u017eerais: \u017dilmo, Pr\u016bto, Alksno ir Ilgai\u010dio. Min\u0117tas \u017eem\u0117s plotas susideda i\u0161 dviej\u0173 sklyp\u0173: 8.1045 ha \u017eem\u0117s \u016bkio paskirties sklypo ir jame esan\u010dios 0.7115 ha nam\u0173 valdos sklypo. Atlikti geodeziniai abiej\u0173 sklyp\u0173 matavimai. Med\u017ei\u0173 ir augal\u0173 apsuptyje, esan\u010dio r\u0105stinio gyvenamojo namo bendras plotas \u2013 66.00 kv. m. \u0160ildymas krosnimi. Parduodama su baldais. Taip pat yra \u012fregistruota r\u0105stin\u0117 pirtis, \u016bkio pastatas su tvartu, dar\u017ein\u0117, malkin\u0117, dar\u017eas, didelis vaismed\u017ei\u0173 ir vaiskr\u016bmi\u0173 sodas. Artimiausia elektros pastot\u0117 apie 0.3 km. Saugumas ir privatumas. Artimiausias kaimynas apie 0.15 km. Geras priva\u017eiavimas visais met\u0173 laikais asfaltuotu keliu, nuo kurio tik apie 0.5 km iki sodybos lauko- mi\u0161ko keliuku. Iki Vilniaus apie 149 km, iki Ignalinos apie 39 km. Tiesiog puiki vieta gyvenimui, poilsiui ar verslui vystyti.  Google 55.48963828312095, 26.499004268343583 Maps.lt 55.489655, 26.499057  Pastaba: U\u017e papildom\u0105 kain\u0105 galima \u012fsigyti netoliese esant\u012f, taisyklingos sta\u010diakampio formos 3.56 ha \u017eem\u0117s \u016bkio paskirties sklyp\u0105.\" \/>\n<meta property=\"og:url\" content=\"https:\/\/www.namude.lt\/objektas\/parduodamas-grazus-ir-saugus-vienkiemis-su-8-816-ha-zemes-plotu-apie-97-m-besiribojanciu-su-dideliu-ir-zuvingu-ruzo-ezeru-ignalinos-rajone-velunu-kaime\/\" \/>\n<meta property=\"og:site_name\" content=\"Namud\u0117\" \/>\n<meta property=\"article:modified_time\" content=\"2025-09-30T11:30:14+00:00\" \/>\n<meta property=\"og:image\" content=\"https:\/\/www.namude.lt\/wp-content\/uploads\/2025\/02\/1-11.jpg\" \/>\n\t<meta property=\"og:image:width\" content=\"800\" \/>\n\t<meta property=\"og:image:height\" content=\"471\" \/>\n\t<meta property=\"og:image:type\" content=\"image\/jpeg\" \/>\n<meta name=\"twitter:card\" content=\"summary_large_image\" \/>\n<script type=\"application\/ld+json\" class=\"yoast-schema-graph\">{\"@context\":\"https:\\\/\\\/schema.org\",\"@graph\":[{\"@type\":\"WebPage\",\"@id\":\"https:\\\/\\\/www.namude.lt\\\/objektas\\\/parduodamas-grazus-ir-saugus-vienkiemis-su-8-816-ha-zemes-plotu-apie-97-m-besiribojanciu-su-dideliu-ir-zuvingu-ruzo-ezeru-ignalinos-rajone-velunu-kaime\\\/\",\"url\":\"https:\\\/\\\/www.namude.lt\\\/objektas\\\/parduodamas-grazus-ir-saugus-vienkiemis-su-8-816-ha-zemes-plotu-apie-97-m-besiribojanciu-su-dideliu-ir-zuvingu-ruzo-ezeru-ignalinos-rajone-velunu-kaime\\\/\",\"name\":\"Parduodamas gra\u017eus ir saugus vienkiemis su 8.816 ha \u017eem\u0117s plotu, apie 97 m besiribojan\u010diu su dideliu ir \u017euvingu R\u016b\u017eo e\u017eeru Ignalinos rajone, V\u0117l\u016bn\u0173 kaime. - Namud\u0117\",\"isPartOf\":{\"@id\":\"https:\\\/\\\/www.namude.lt\\\/#website\"},\"primaryImageOfPage\":{\"@id\":\"https:\\\/\\\/www.namude.lt\\\/objektas\\\/parduodamas-grazus-ir-saugus-vienkiemis-su-8-816-ha-zemes-plotu-apie-97-m-besiribojanciu-su-dideliu-ir-zuvingu-ruzo-ezeru-ignalinos-rajone-velunu-kaime\\\/#primaryimage\"},\"image\":{\"@id\":\"https:\\\/\\\/www.namude.lt\\\/objektas\\\/parduodamas-grazus-ir-saugus-vienkiemis-su-8-816-ha-zemes-plotu-apie-97-m-besiribojanciu-su-dideliu-ir-zuvingu-ruzo-ezeru-ignalinos-rajone-velunu-kaime\\\/#primaryimage\"},\"thumbnailUrl\":\"https:\\\/\\\/www.namude.lt\\\/wp-content\\\/uploads\\\/2025\\\/02\\\/1-11.jpg\",\"datePublished\":\"2025-02-14T08:38:20+00:00\",\"dateModified\":\"2025-09-30T11:30:14+00:00\",\"breadcrumb\":{\"@id\":\"https:\\\/\\\/www.namude.lt\\\/objektas\\\/parduodamas-grazus-ir-saugus-vienkiemis-su-8-816-ha-zemes-plotu-apie-97-m-besiribojanciu-su-dideliu-ir-zuvingu-ruzo-ezeru-ignalinos-rajone-velunu-kaime\\\/#breadcrumb\"},\"inLanguage\":\"ru-RU\",\"potentialAction\":[{\"@type\":\"ReadAction\",\"target\":[\"https:\\\/\\\/www.namude.lt\\\/objektas\\\/parduodamas-grazus-ir-saugus-vienkiemis-su-8-816-ha-zemes-plotu-apie-97-m-besiribojanciu-su-dideliu-ir-zuvingu-ruzo-ezeru-ignalinos-rajone-velunu-kaime\\\/\"]}]},{\"@type\":\"ImageObject\",\"inLanguage\":\"ru-RU\",\"@id\":\"https:\\\/\\\/www.namude.lt\\\/objektas\\\/parduodamas-grazus-ir-saugus-vienkiemis-su-8-816-ha-zemes-plotu-apie-97-m-besiribojanciu-su-dideliu-ir-zuvingu-ruzo-ezeru-ignalinos-rajone-velunu-kaime\\\/#primaryimage\",\"url\":\"https:\\\/\\\/www.namude.lt\\\/wp-content\\\/uploads\\\/2025\\\/02\\\/1-11.jpg\",\"contentUrl\":\"https:\\\/\\\/www.namude.lt\\\/wp-content\\\/uploads\\\/2025\\\/02\\\/1-11.jpg\",\"width\":800,\"height\":471},{\"@type\":\"BreadcrumbList\",\"@id\":\"https:\\\/\\\/www.namude.lt\\\/objektas\\\/parduodamas-grazus-ir-saugus-vienkiemis-su-8-816-ha-zemes-plotu-apie-97-m-besiribojanciu-su-dideliu-ir-zuvingu-ruzo-ezeru-ignalinos-rajone-velunu-kaime\\\/#breadcrumb\",\"itemListElement\":[{\"@type\":\"ListItem\",\"position\":1,\"name\":\"Home\",\"item\":\"https:\\\/\\\/www.namude.lt\\\/ru\\\/\"},{\"@type\":\"ListItem\",\"position\":2,\"name\":\"\u041e\u0431\u044a\u0435\u043a\u0442\u044b\",\"item\":\"https:\\\/\\\/www.namude.lt\\\/ru\\\/%d0%be%d0%b1%d1%8a%d0%b5%d0%ba%d1%82%d1%8b\\\/\"},{\"@type\":\"ListItem\",\"position\":3,\"name\":\"Parduodamas gra\u017eus ir saugus vienkiemis su 8.816 ha \u017eem\u0117s plotu, apie 97 m besiribojan\u010diu su dideliu ir \u017euvingu R\u016b\u017eo e\u017eeru Ignalinos rajone, V\u0117l\u016bn\u0173 kaime.\"}]},{\"@type\":\"WebSite\",\"@id\":\"https:\\\/\\\/www.namude.lt\\\/#website\",\"url\":\"https:\\\/\\\/www.namude.lt\\\/\",\"name\":\"Namud\u0117\",\"description\":\"\u201eNamud\u0117\u201c \u2013 agent\u016bra, pardavin\u0117janti Auk\u0161taitijos NT grynuolius.\",\"publisher\":{\"@id\":\"https:\\\/\\\/www.namude.lt\\\/#organization\"},\"potentialAction\":[{\"@type\":\"SearchAction\",\"target\":{\"@type\":\"EntryPoint\",\"urlTemplate\":\"https:\\\/\\\/www.namude.lt\\\/?s={search_term_string}\"},\"query-input\":{\"@type\":\"PropertyValueSpecification\",\"valueRequired\":true,\"valueName\":\"search_term_string\"}}],\"inLanguage\":\"ru-RU\"},{\"@type\":\"Organization\",\"@id\":\"https:\\\/\\\/www.namude.lt\\\/#organization\",\"name\":\"Namud\u0117\",\"url\":\"https:\\\/\\\/www.namude.lt\\\/\",\"logo\":{\"@type\":\"ImageObject\",\"inLanguage\":\"ru-RU\",\"@id\":\"https:\\\/\\\/www.namude.lt\\\/#\\\/schema\\\/logo\\\/image\\\/\",\"url\":\"https:\\\/\\\/www.namude.lt\\\/wp-content\\\/uploads\\\/2023\\\/11\\\/logo-symbol.svg\",\"contentUrl\":\"https:\\\/\\\/www.namude.lt\\\/wp-content\\\/uploads\\\/2023\\\/11\\\/logo-symbol.svg\",\"width\":1,\"height\":1,\"caption\":\"Namud\u0117\"},\"image\":{\"@id\":\"https:\\\/\\\/www.namude.lt\\\/#\\\/schema\\\/logo\\\/image\\\/\"}}]}<\/script>\n<!-- \/ Yoast SEO plugin. -->","yoast_head_json":{"title":"Parduodamas gra\u017eus ir saugus vienkiemis su 8.816 ha \u017eem\u0117s plotu, apie 97 m besiribojan\u010diu su dideliu ir \u017euvingu R\u016b\u017eo e\u017eeru Ignalinos rajone, V\u0117l\u016bn\u0173 kaime. - Namud\u0117","robots":{"index":"index","follow":"follow","max-snippet":"max-snippet:-1","max-image-preview":"max-image-preview:large","max-video-preview":"max-video-preview:-1"},"canonical":"https:\/\/www.namude.lt\/objektas\/parduodamas-grazus-ir-saugus-vienkiemis-su-8-816-ha-zemes-plotu-apie-97-m-besiribojanciu-su-dideliu-ir-zuvingu-ruzo-ezeru-ignalinos-rajone-velunu-kaime\/","og_locale":"ru_RU","og_type":"article","og_title":"Parduodamas gra\u017eus ir saugus vienkiemis su 8.816 ha \u017eem\u0117s plotu, apie 97 m besiribojan\u010diu su dideliu ir \u017euvingu R\u016b\u017eo e\u017eeru Ignalinos rajone, V\u0117l\u016bn\u0173 kaime. - Namud\u0117","og_description":"Parduodamas gra\u017eus ir saugus vienkiemis su 8.816 ha \u017eem\u0117s plotu, apie 97 m besiribojan\u010diu su dideliu ir \u017euvingu R\u016b\u017eo e\u017eeru Ignalinos rajone, V\u0117l\u016bn\u0173 kaime. R\u016b\u017eo e\u017eeras upeliais jungiasi su kitais dideliais e\u017eerais: \u017dilmo, Pr\u016bto, Alksno ir Ilgai\u010dio. Min\u0117tas \u017eem\u0117s plotas susideda i\u0161 dviej\u0173 sklyp\u0173: 8.1045 ha \u017eem\u0117s \u016bkio paskirties sklypo ir jame esan\u010dios 0.7115 ha nam\u0173 valdos sklypo. Atlikti geodeziniai abiej\u0173 sklyp\u0173 matavimai. Med\u017ei\u0173 ir augal\u0173 apsuptyje, esan\u010dio r\u0105stinio gyvenamojo namo bendras plotas \u2013 66.00 kv. m. \u0160ildymas krosnimi. Parduodama su baldais. Taip pat yra \u012fregistruota r\u0105stin\u0117 pirtis, \u016bkio pastatas su tvartu, dar\u017ein\u0117, malkin\u0117, dar\u017eas, didelis vaismed\u017ei\u0173 ir vaiskr\u016bmi\u0173 sodas. Artimiausia elektros pastot\u0117 apie 0.3 km. Saugumas ir privatumas. Artimiausias kaimynas apie 0.15 km. Geras priva\u017eiavimas visais met\u0173 laikais asfaltuotu keliu, nuo kurio tik apie 0.5 km iki sodybos lauko- mi\u0161ko keliuku. Iki Vilniaus apie 149 km, iki Ignalinos apie 39 km. Tiesiog puiki vieta gyvenimui, poilsiui ar verslui vystyti.  Google 55.48963828312095, 26.499004268343583 Maps.lt 55.489655, 26.499057  Pastaba: U\u017e papildom\u0105 kain\u0105 galima \u012fsigyti netoliese esant\u012f, taisyklingos sta\u010diakampio formos 3.56 ha \u017eem\u0117s \u016bkio paskirties sklyp\u0105.","og_url":"https:\/\/www.namude.lt\/objektas\/parduodamas-grazus-ir-saugus-vienkiemis-su-8-816-ha-zemes-plotu-apie-97-m-besiribojanciu-su-dideliu-ir-zuvingu-ruzo-ezeru-ignalinos-rajone-velunu-kaime\/","og_site_name":"Namud\u0117","article_modified_time":"2025-09-30T11:30:14+00:00","og_image":[{"width":800,"height":471,"url":"https:\/\/www.namude.lt\/wp-content\/uploads\/2025\/02\/1-11.jpg","type":"image\/jpeg"}],"twitter_card":"summary_large_image","schema":{"@context":"https:\/\/schema.org","@graph":[{"@type":"WebPage","@id":"https:\/\/www.namude.lt\/objektas\/parduodamas-grazus-ir-saugus-vienkiemis-su-8-816-ha-zemes-plotu-apie-97-m-besiribojanciu-su-dideliu-ir-zuvingu-ruzo-ezeru-ignalinos-rajone-velunu-kaime\/","url":"https:\/\/www.namude.lt\/objektas\/parduodamas-grazus-ir-saugus-vienkiemis-su-8-816-ha-zemes-plotu-apie-97-m-besiribojanciu-su-dideliu-ir-zuvingu-ruzo-ezeru-ignalinos-rajone-velunu-kaime\/","name":"Parduodamas gra\u017eus ir saugus vienkiemis su 8.816 ha \u017eem\u0117s plotu, apie 97 m besiribojan\u010diu su dideliu ir \u017euvingu R\u016b\u017eo e\u017eeru Ignalinos rajone, V\u0117l\u016bn\u0173 kaime. - Namud\u0117","isPartOf":{"@id":"https:\/\/www.namude.lt\/#website"},"primaryImageOfPage":{"@id":"https:\/\/www.namude.lt\/objektas\/parduodamas-grazus-ir-saugus-vienkiemis-su-8-816-ha-zemes-plotu-apie-97-m-besiribojanciu-su-dideliu-ir-zuvingu-ruzo-ezeru-ignalinos-rajone-velunu-kaime\/#primaryimage"},"image":{"@id":"https:\/\/www.namude.lt\/objektas\/parduodamas-grazus-ir-saugus-vienkiemis-su-8-816-ha-zemes-plotu-apie-97-m-besiribojanciu-su-dideliu-ir-zuvingu-ruzo-ezeru-ignalinos-rajone-velunu-kaime\/#primaryimage"},"thumbnailUrl":"https:\/\/www.namude.lt\/wp-content\/uploads\/2025\/02\/1-11.jpg","datePublished":"2025-02-14T08:38:20+00:00","dateModified":"2025-09-30T11:30:14+00:00","breadcrumb":{"@id":"https:\/\/www.namude.lt\/objektas\/parduodamas-grazus-ir-saugus-vienkiemis-su-8-816-ha-zemes-plotu-apie-97-m-besiribojanciu-su-dideliu-ir-zuvingu-ruzo-ezeru-ignalinos-rajone-velunu-kaime\/#breadcrumb"},"inLanguage":"ru-RU","potentialAction":[{"@type":"ReadAction","target":["https:\/\/www.namude.lt\/objektas\/parduodamas-grazus-ir-saugus-vienkiemis-su-8-816-ha-zemes-plotu-apie-97-m-besiribojanciu-su-dideliu-ir-zuvingu-ruzo-ezeru-ignalinos-rajone-velunu-kaime\/"]}]},{"@type":"ImageObject","inLanguage":"ru-RU","@id":"https:\/\/www.namude.lt\/objektas\/parduodamas-grazus-ir-saugus-vienkiemis-su-8-816-ha-zemes-plotu-apie-97-m-besiribojanciu-su-dideliu-ir-zuvingu-ruzo-ezeru-ignalinos-rajone-velunu-kaime\/#primaryimage","url":"https:\/\/www.namude.lt\/wp-content\/uploads\/2025\/02\/1-11.jpg","contentUrl":"https:\/\/www.namude.lt\/wp-content\/uploads\/2025\/02\/1-11.jpg","width":800,"height":471},{"@type":"BreadcrumbList","@id":"https:\/\/www.namude.lt\/objektas\/parduodamas-grazus-ir-saugus-vienkiemis-su-8-816-ha-zemes-plotu-apie-97-m-besiribojanciu-su-dideliu-ir-zuvingu-ruzo-ezeru-ignalinos-rajone-velunu-kaime\/#breadcrumb","itemListElement":[{"@type":"ListItem","position":1,"name":"Home","item":"https:\/\/www.namude.lt\/ru\/"},{"@type":"ListItem","position":2,"name":"\u041e\u0431\u044a\u0435\u043a\u0442\u044b","item":"https:\/\/www.namude.lt\/ru\/%d0%be%d0%b1%d1%8a%d0%b5%d0%ba%d1%82%d1%8b\/"},{"@type":"ListItem","position":3,"name":"Parduodamas gra\u017eus ir saugus vienkiemis su 8.816 ha \u017eem\u0117s plotu, apie 97 m besiribojan\u010diu su dideliu ir \u017euvingu R\u016b\u017eo e\u017eeru Ignalinos rajone, V\u0117l\u016bn\u0173 kaime."}]},{"@type":"WebSite","@id":"https:\/\/www.namude.lt\/#website","url":"https:\/\/www.namude.lt\/","name":"Namud\u0117","description":"\u201eNamud\u0117\u201c \u2013 agent\u016bra, pardavin\u0117janti Auk\u0161taitijos NT grynuolius.","publisher":{"@id":"https:\/\/www.namude.lt\/#organization"},"potentialAction":[{"@type":"SearchAction","target":{"@type":"EntryPoint","urlTemplate":"https:\/\/www.namude.lt\/?s={search_term_string}"},"query-input":{"@type":"PropertyValueSpecification","valueRequired":true,"valueName":"search_term_string"}}],"inLanguage":"ru-RU"},{"@type":"Organization","@id":"https:\/\/www.namude.lt\/#organization","name":"Namud\u0117","url":"https:\/\/www.namude.lt\/","logo":{"@type":"ImageObject","inLanguage":"ru-RU","@id":"https:\/\/www.namude.lt\/#\/schema\/logo\/image\/","url":"https:\/\/www.namude.lt\/wp-content\/uploads\/2023\/11\/logo-symbol.svg","contentUrl":"https:\/\/www.namude.lt\/wp-content\/uploads\/2023\/11\/logo-symbol.svg","width":1,"height":1,"caption":"Namud\u0117"},"image":{"@id":"https:\/\/www.namude.lt\/#\/schema\/logo\/image\/"}}]}},"_links":{"self":[{"href":"https:\/\/www.namude.lt\/ru\/wp-json\/wp\/v2\/product\/14855","targetHints":{"allow":["GET"]}}],"collection":[{"href":"https:\/\/www.namude.lt\/ru\/wp-json\/wp\/v2\/product"}],"about":[{"href":"https:\/\/www.namude.lt\/ru\/wp-json\/wp\/v2\/types\/product"}],"wp:featuredmedia":[{"embeddable":true,"href":"https:\/\/www.namude.lt\/ru\/wp-json\/wp\/v2\/media\/22522"}],"wp:attachment":[{"href":"https:\/\/www.namude.lt\/ru\/wp-json\/wp\/v2\/media?parent=14855"}],"wp:term":[{"taxonomy":"product_brand","embeddable":true,"href":"https:\/\/www.namude.lt\/ru\/wp-json\/wp\/v2\/product_brand?post=14855"},{"taxonomy":"product_cat","embeddable":true,"href":"https:\/\/www.namude.lt\/ru\/wp-json\/wp\/v2\/product_cat?post=14855"},{"taxonomy":"product_tag","embeddable":true,"href":"https:\/\/www.namude.lt\/ru\/wp-json\/wp\/v2\/product_tag?post=14855"}],"curies":[{"name":"wp","href":"https:\/\/api.w.org\/{rel}","templated":true}]}}