{"id":14555,"date":"2025-01-21T14:43:10","date_gmt":"2025-01-21T12:43:10","guid":{"rendered":"https:\/\/www.namude.lt\/?post_type=product&#038;p=14555"},"modified":"2026-03-23T08:33:14","modified_gmt":"2026-03-23T06:33:14","slug":"parduodamas165-ha-zemes-ukio-paskirties-sklypas-ant-kazimieravos-ezero-kranto-moletu-rajone-kazimieravos-kaime","status":"publish","type":"product","link":"https:\/\/www.namude.lt\/ru\/\u043e\u0431\u044a\u0435\u043a\u0442\/parduodamas165-ha-zemes-ukio-paskirties-sklypas-ant-kazimieravos-ezero-kranto-moletu-rajone-kazimieravos-kaime\/","title":{"rendered":"Parduodamas 1,65 ha \u017eem\u0117s \u016bkio paskirties sklypas ant Kazimieravos e\u017eero kranto Mol\u0117t\u0173 rajone, Kazimieravos kaime"},"content":{"rendered":"","protected":false},"excerpt":{"rendered":"<p>Parduodamas 1,65 ha \u017eem\u0117s \u016bkio paskirties sklypas ant Kazimieravos e\u017eero kranto Mol\u0117t\u0173 rajone, Kazimieravos kaime. Sklypui priklauso apie 88 metrus Kazimieravos e\u017eero pakrant\u0117s, palei krant\u0105 auga lapuo\u010diai. Sklypas apsuptas Salarais\u010dio, Lydim\u0173, Polivark\u0173, Sal\u0173 mi\u0161kais. Iki e\u017eero Laminas vos 2km, u\u017e 4km Duri\u0173 e\u017eeras. Iki Mol\u0117t\u0173 \u2013 apie 7 km, iki Utenos \u2013 42km., Iki Ukmerg\u0117s \u2013 48km., iki Vilniaus &#8212; 70km, iki Kauno &#8212; 118km.<\/p>\n","protected":false},"featured_media":20304,"template":"","meta":{"_acf_changed":false},"product_brand":[],"product_cat":[24],"product_tag":[],"class_list":{"0":"post-14555","1":"product","2":"type-product","3":"status-publish","4":"has-post-thumbnail","6":"product_cat-sklypai","7":"pa_rajonas-moletu-rajonas","8":"description-off","10":"first","11":"instock","12":"sale","13":"shipping-taxable","14":"purchasable","15":"product-type-simple"},"acf":[],"yoast_head":"<!-- This site is optimized with the Yoast SEO plugin v27.4 - https:\/\/yoast.com\/product\/yoast-seo-wordpress\/ -->\n<title>Parduodamas 1,65 ha \u017eem\u0117s \u016bkio paskirties sklypas ant Kazimieravos e\u017eero kranto Mol\u0117t\u0173 rajone, Kazimieravos kaime - Namud\u0117<\/title>\n<meta name=\"robots\" content=\"index, follow, max-snippet:-1, max-image-preview:large, max-video-preview:-1\" \/>\n<link rel=\"canonical\" href=\"https:\/\/www.namude.lt\/objektas\/parduodamas165-ha-zemes-ukio-paskirties-sklypas-ant-kazimieravos-ezero-kranto-moletu-rajone-kazimieravos-kaime\/\" \/>\n<meta property=\"og:locale\" content=\"ru_RU\" \/>\n<meta property=\"og:type\" content=\"article\" \/>\n<meta property=\"og:title\" content=\"Parduodamas 1,65 ha \u017eem\u0117s \u016bkio paskirties sklypas ant Kazimieravos e\u017eero kranto Mol\u0117t\u0173 rajone, Kazimieravos kaime - Namud\u0117\" \/>\n<meta property=\"og:description\" content=\"Parduodamas 1,65 ha \u017eem\u0117s \u016bkio paskirties sklypas ant Kazimieravos e\u017eero kranto Mol\u0117t\u0173 rajone, Kazimieravos kaime. Sklypui priklauso apie 88 metrus Kazimieravos e\u017eero pakrant\u0117s, palei krant\u0105 auga lapuo\u010diai. Sklypas apsuptas Salarais\u010dio, Lydim\u0173, Polivark\u0173, Sal\u0173 mi\u0161kais. Iki e\u017eero Laminas vos 2km, u\u017e 4km Duri\u0173 e\u017eeras. Iki Mol\u0117t\u0173 \u2013 apie 7 km, iki Utenos \u2013 42km., Iki Ukmerg\u0117s \u2013 48km., iki Vilniaus - 70km, iki Kauno - 118km.\" \/>\n<meta property=\"og:url\" content=\"https:\/\/www.namude.lt\/objektas\/parduodamas165-ha-zemes-ukio-paskirties-sklypas-ant-kazimieravos-ezero-kranto-moletu-rajone-kazimieravos-kaime\/\" \/>\n<meta property=\"og:site_name\" content=\"Namud\u0117\" \/>\n<meta property=\"article:modified_time\" content=\"2026-03-23T06:33:14+00:00\" \/>\n<meta property=\"og:image\" content=\"https:\/\/www.namude.lt\/wp-content\/uploads\/2025\/01\/DJI_0071.jpg\" \/>\n\t<meta property=\"og:image:width\" content=\"2500\" \/>\n\t<meta property=\"og:image:height\" content=\"1574\" \/>\n\t<meta property=\"og:image:type\" content=\"image\/jpeg\" \/>\n<meta name=\"twitter:card\" content=\"summary_large_image\" \/>\n<script type=\"application\/ld+json\" class=\"yoast-schema-graph\">{\"@context\":\"https:\\\/\\\/schema.org\",\"@graph\":[{\"@type\":\"WebPage\",\"@id\":\"https:\\\/\\\/www.namude.lt\\\/objektas\\\/parduodamas165-ha-zemes-ukio-paskirties-sklypas-ant-kazimieravos-ezero-kranto-moletu-rajone-kazimieravos-kaime\\\/\",\"url\":\"https:\\\/\\\/www.namude.lt\\\/objektas\\\/parduodamas165-ha-zemes-ukio-paskirties-sklypas-ant-kazimieravos-ezero-kranto-moletu-rajone-kazimieravos-kaime\\\/\",\"name\":\"Parduodamas 1,65 ha \u017eem\u0117s \u016bkio paskirties sklypas ant Kazimieravos e\u017eero kranto Mol\u0117t\u0173 rajone, Kazimieravos kaime - Namud\u0117\",\"isPartOf\":{\"@id\":\"https:\\\/\\\/www.namude.lt\\\/#website\"},\"primaryImageOfPage\":{\"@id\":\"https:\\\/\\\/www.namude.lt\\\/objektas\\\/parduodamas165-ha-zemes-ukio-paskirties-sklypas-ant-kazimieravos-ezero-kranto-moletu-rajone-kazimieravos-kaime\\\/#primaryimage\"},\"image\":{\"@id\":\"https:\\\/\\\/www.namude.lt\\\/objektas\\\/parduodamas165-ha-zemes-ukio-paskirties-sklypas-ant-kazimieravos-ezero-kranto-moletu-rajone-kazimieravos-kaime\\\/#primaryimage\"},\"thumbnailUrl\":\"https:\\\/\\\/www.namude.lt\\\/wp-content\\\/uploads\\\/2025\\\/01\\\/DJI_0071.jpg\",\"datePublished\":\"2025-01-21T12:43:10+00:00\",\"dateModified\":\"2026-03-23T06:33:14+00:00\",\"breadcrumb\":{\"@id\":\"https:\\\/\\\/www.namude.lt\\\/objektas\\\/parduodamas165-ha-zemes-ukio-paskirties-sklypas-ant-kazimieravos-ezero-kranto-moletu-rajone-kazimieravos-kaime\\\/#breadcrumb\"},\"inLanguage\":\"ru-RU\",\"potentialAction\":[{\"@type\":\"ReadAction\",\"target\":[\"https:\\\/\\\/www.namude.lt\\\/objektas\\\/parduodamas165-ha-zemes-ukio-paskirties-sklypas-ant-kazimieravos-ezero-kranto-moletu-rajone-kazimieravos-kaime\\\/\"]}]},{\"@type\":\"ImageObject\",\"inLanguage\":\"ru-RU\",\"@id\":\"https:\\\/\\\/www.namude.lt\\\/objektas\\\/parduodamas165-ha-zemes-ukio-paskirties-sklypas-ant-kazimieravos-ezero-kranto-moletu-rajone-kazimieravos-kaime\\\/#primaryimage\",\"url\":\"https:\\\/\\\/www.namude.lt\\\/wp-content\\\/uploads\\\/2025\\\/01\\\/DJI_0071.jpg\",\"contentUrl\":\"https:\\\/\\\/www.namude.lt\\\/wp-content\\\/uploads\\\/2025\\\/01\\\/DJI_0071.jpg\",\"width\":2500,\"height\":1574,\"caption\":\"default\"},{\"@type\":\"BreadcrumbList\",\"@id\":\"https:\\\/\\\/www.namude.lt\\\/objektas\\\/parduodamas165-ha-zemes-ukio-paskirties-sklypas-ant-kazimieravos-ezero-kranto-moletu-rajone-kazimieravos-kaime\\\/#breadcrumb\",\"itemListElement\":[{\"@type\":\"ListItem\",\"position\":1,\"name\":\"Home\",\"item\":\"https:\\\/\\\/www.namude.lt\\\/ru\\\/\"},{\"@type\":\"ListItem\",\"position\":2,\"name\":\"\u041e\u0431\u044a\u0435\u043a\u0442\u044b\",\"item\":\"https:\\\/\\\/www.namude.lt\\\/ru\\\/%d0%be%d0%b1%d1%8a%d0%b5%d0%ba%d1%82%d1%8b\\\/\"},{\"@type\":\"ListItem\",\"position\":3,\"name\":\"Parduodamas 1,65 ha \u017eem\u0117s \u016bkio paskirties sklypas ant Kazimieravos e\u017eero kranto Mol\u0117t\u0173 rajone, Kazimieravos kaime\"}]},{\"@type\":\"WebSite\",\"@id\":\"https:\\\/\\\/www.namude.lt\\\/#website\",\"url\":\"https:\\\/\\\/www.namude.lt\\\/\",\"name\":\"Namud\u0117\",\"description\":\"\u201eNamud\u0117\u201c \u2013 agent\u016bra, pardavin\u0117janti Auk\u0161taitijos NT grynuolius.\",\"publisher\":{\"@id\":\"https:\\\/\\\/www.namude.lt\\\/#organization\"},\"potentialAction\":[{\"@type\":\"SearchAction\",\"target\":{\"@type\":\"EntryPoint\",\"urlTemplate\":\"https:\\\/\\\/www.namude.lt\\\/?s={search_term_string}\"},\"query-input\":{\"@type\":\"PropertyValueSpecification\",\"valueRequired\":true,\"valueName\":\"search_term_string\"}}],\"inLanguage\":\"ru-RU\"},{\"@type\":\"Organization\",\"@id\":\"https:\\\/\\\/www.namude.lt\\\/#organization\",\"name\":\"Namud\u0117\",\"url\":\"https:\\\/\\\/www.namude.lt\\\/\",\"logo\":{\"@type\":\"ImageObject\",\"inLanguage\":\"ru-RU\",\"@id\":\"https:\\\/\\\/www.namude.lt\\\/#\\\/schema\\\/logo\\\/image\\\/\",\"url\":\"https:\\\/\\\/www.namude.lt\\\/wp-content\\\/uploads\\\/2023\\\/11\\\/logo-symbol.svg\",\"contentUrl\":\"https:\\\/\\\/www.namude.lt\\\/wp-content\\\/uploads\\\/2023\\\/11\\\/logo-symbol.svg\",\"width\":1,\"height\":1,\"caption\":\"Namud\u0117\"},\"image\":{\"@id\":\"https:\\\/\\\/www.namude.lt\\\/#\\\/schema\\\/logo\\\/image\\\/\"}}]}<\/script>\n<!-- \/ Yoast SEO plugin. -->","yoast_head_json":{"title":"Parduodamas 1,65 ha \u017eem\u0117s \u016bkio paskirties sklypas ant Kazimieravos e\u017eero kranto Mol\u0117t\u0173 rajone, Kazimieravos kaime - Namud\u0117","robots":{"index":"index","follow":"follow","max-snippet":"max-snippet:-1","max-image-preview":"max-image-preview:large","max-video-preview":"max-video-preview:-1"},"canonical":"https:\/\/www.namude.lt\/objektas\/parduodamas165-ha-zemes-ukio-paskirties-sklypas-ant-kazimieravos-ezero-kranto-moletu-rajone-kazimieravos-kaime\/","og_locale":"ru_RU","og_type":"article","og_title":"Parduodamas 1,65 ha \u017eem\u0117s \u016bkio paskirties sklypas ant Kazimieravos e\u017eero kranto Mol\u0117t\u0173 rajone, Kazimieravos kaime - Namud\u0117","og_description":"Parduodamas 1,65 ha \u017eem\u0117s \u016bkio paskirties sklypas ant Kazimieravos e\u017eero kranto Mol\u0117t\u0173 rajone, Kazimieravos kaime. Sklypui priklauso apie 88 metrus Kazimieravos e\u017eero pakrant\u0117s, palei krant\u0105 auga lapuo\u010diai. Sklypas apsuptas Salarais\u010dio, Lydim\u0173, Polivark\u0173, Sal\u0173 mi\u0161kais. Iki e\u017eero Laminas vos 2km, u\u017e 4km Duri\u0173 e\u017eeras. Iki Mol\u0117t\u0173 \u2013 apie 7 km, iki Utenos \u2013 42km., Iki Ukmerg\u0117s \u2013 48km., iki Vilniaus - 70km, iki Kauno - 118km.","og_url":"https:\/\/www.namude.lt\/objektas\/parduodamas165-ha-zemes-ukio-paskirties-sklypas-ant-kazimieravos-ezero-kranto-moletu-rajone-kazimieravos-kaime\/","og_site_name":"Namud\u0117","article_modified_time":"2026-03-23T06:33:14+00:00","og_image":[{"width":2500,"height":1574,"url":"https:\/\/www.namude.lt\/wp-content\/uploads\/2025\/01\/DJI_0071.jpg","type":"image\/jpeg"}],"twitter_card":"summary_large_image","schema":{"@context":"https:\/\/schema.org","@graph":[{"@type":"WebPage","@id":"https:\/\/www.namude.lt\/objektas\/parduodamas165-ha-zemes-ukio-paskirties-sklypas-ant-kazimieravos-ezero-kranto-moletu-rajone-kazimieravos-kaime\/","url":"https:\/\/www.namude.lt\/objektas\/parduodamas165-ha-zemes-ukio-paskirties-sklypas-ant-kazimieravos-ezero-kranto-moletu-rajone-kazimieravos-kaime\/","name":"Parduodamas 1,65 ha \u017eem\u0117s \u016bkio paskirties sklypas ant Kazimieravos e\u017eero kranto Mol\u0117t\u0173 rajone, Kazimieravos kaime - Namud\u0117","isPartOf":{"@id":"https:\/\/www.namude.lt\/#website"},"primaryImageOfPage":{"@id":"https:\/\/www.namude.lt\/objektas\/parduodamas165-ha-zemes-ukio-paskirties-sklypas-ant-kazimieravos-ezero-kranto-moletu-rajone-kazimieravos-kaime\/#primaryimage"},"image":{"@id":"https:\/\/www.namude.lt\/objektas\/parduodamas165-ha-zemes-ukio-paskirties-sklypas-ant-kazimieravos-ezero-kranto-moletu-rajone-kazimieravos-kaime\/#primaryimage"},"thumbnailUrl":"https:\/\/www.namude.lt\/wp-content\/uploads\/2025\/01\/DJI_0071.jpg","datePublished":"2025-01-21T12:43:10+00:00","dateModified":"2026-03-23T06:33:14+00:00","breadcrumb":{"@id":"https:\/\/www.namude.lt\/objektas\/parduodamas165-ha-zemes-ukio-paskirties-sklypas-ant-kazimieravos-ezero-kranto-moletu-rajone-kazimieravos-kaime\/#breadcrumb"},"inLanguage":"ru-RU","potentialAction":[{"@type":"ReadAction","target":["https:\/\/www.namude.lt\/objektas\/parduodamas165-ha-zemes-ukio-paskirties-sklypas-ant-kazimieravos-ezero-kranto-moletu-rajone-kazimieravos-kaime\/"]}]},{"@type":"ImageObject","inLanguage":"ru-RU","@id":"https:\/\/www.namude.lt\/objektas\/parduodamas165-ha-zemes-ukio-paskirties-sklypas-ant-kazimieravos-ezero-kranto-moletu-rajone-kazimieravos-kaime\/#primaryimage","url":"https:\/\/www.namude.lt\/wp-content\/uploads\/2025\/01\/DJI_0071.jpg","contentUrl":"https:\/\/www.namude.lt\/wp-content\/uploads\/2025\/01\/DJI_0071.jpg","width":2500,"height":1574,"caption":"default"},{"@type":"BreadcrumbList","@id":"https:\/\/www.namude.lt\/objektas\/parduodamas165-ha-zemes-ukio-paskirties-sklypas-ant-kazimieravos-ezero-kranto-moletu-rajone-kazimieravos-kaime\/#breadcrumb","itemListElement":[{"@type":"ListItem","position":1,"name":"Home","item":"https:\/\/www.namude.lt\/ru\/"},{"@type":"ListItem","position":2,"name":"\u041e\u0431\u044a\u0435\u043a\u0442\u044b","item":"https:\/\/www.namude.lt\/ru\/%d0%be%d0%b1%d1%8a%d0%b5%d0%ba%d1%82%d1%8b\/"},{"@type":"ListItem","position":3,"name":"Parduodamas 1,65 ha \u017eem\u0117s \u016bkio paskirties sklypas ant Kazimieravos e\u017eero kranto Mol\u0117t\u0173 rajone, Kazimieravos kaime"}]},{"@type":"WebSite","@id":"https:\/\/www.namude.lt\/#website","url":"https:\/\/www.namude.lt\/","name":"Namud\u0117","description":"\u201eNamud\u0117\u201c \u2013 agent\u016bra, pardavin\u0117janti Auk\u0161taitijos NT grynuolius.","publisher":{"@id":"https:\/\/www.namude.lt\/#organization"},"potentialAction":[{"@type":"SearchAction","target":{"@type":"EntryPoint","urlTemplate":"https:\/\/www.namude.lt\/?s={search_term_string}"},"query-input":{"@type":"PropertyValueSpecification","valueRequired":true,"valueName":"search_term_string"}}],"inLanguage":"ru-RU"},{"@type":"Organization","@id":"https:\/\/www.namude.lt\/#organization","name":"Namud\u0117","url":"https:\/\/www.namude.lt\/","logo":{"@type":"ImageObject","inLanguage":"ru-RU","@id":"https:\/\/www.namude.lt\/#\/schema\/logo\/image\/","url":"https:\/\/www.namude.lt\/wp-content\/uploads\/2023\/11\/logo-symbol.svg","contentUrl":"https:\/\/www.namude.lt\/wp-content\/uploads\/2023\/11\/logo-symbol.svg","width":1,"height":1,"caption":"Namud\u0117"},"image":{"@id":"https:\/\/www.namude.lt\/#\/schema\/logo\/image\/"}}]}},"_links":{"self":[{"href":"https:\/\/www.namude.lt\/ru\/wp-json\/wp\/v2\/product\/14555","targetHints":{"allow":["GET"]}}],"collection":[{"href":"https:\/\/www.namude.lt\/ru\/wp-json\/wp\/v2\/product"}],"about":[{"href":"https:\/\/www.namude.lt\/ru\/wp-json\/wp\/v2\/types\/product"}],"wp:featuredmedia":[{"embeddable":true,"href":"https:\/\/www.namude.lt\/ru\/wp-json\/wp\/v2\/media\/20304"}],"wp:attachment":[{"href":"https:\/\/www.namude.lt\/ru\/wp-json\/wp\/v2\/media?parent=14555"}],"wp:term":[{"taxonomy":"product_brand","embeddable":true,"href":"https:\/\/www.namude.lt\/ru\/wp-json\/wp\/v2\/product_brand?post=14555"},{"taxonomy":"product_cat","embeddable":true,"href":"https:\/\/www.namude.lt\/ru\/wp-json\/wp\/v2\/product_cat?post=14555"},{"taxonomy":"product_tag","embeddable":true,"href":"https:\/\/www.namude.lt\/ru\/wp-json\/wp\/v2\/product_tag?post=14555"}],"curies":[{"name":"wp","href":"https:\/\/api.w.org\/{rel}","templated":true}]}}