{"id":14154,"date":"2024-12-18T15:20:43","date_gmt":"2024-12-18T13:20:43","guid":{"rendered":"https:\/\/www.namude.lt\/?post_type=product&#038;p=14154"},"modified":"2025-07-25T07:32:09","modified_gmt":"2025-07-25T04:32:09","slug":"parduodama-sodyba-ezero-pakranteje-ignalinos-rajone","status":"publish","type":"product","link":"https:\/\/www.namude.lt\/ru\/\u043e\u0431\u044a\u0435\u043a\u0442\/parduodama-sodyba-ezero-pakranteje-ignalinos-rajone\/","title":{"rendered":"PARDUODAMA SODYBA E\u017dERO PAKRANT\u0116JE, IGNALINOS RAJONE"},"content":{"rendered":"","protected":false},"excerpt":{"rendered":"<p><strong>Simoni\u0161kio I k. 4. Ignalinos rajone  Auk\u0161taitijos nacionaliniame parke, r\u0105stin\u0117 sodyba apsupta, \u0161io kra\u0161to e\u017eerais<\/strong><a href=\"https:\/\/www.namude.lt\/parduodami-nt-objektai\/?filter_rajonas=ignalinos-rajonas&amp;query_type_rajonas=or\"><\/a>. Gra\u017ei ir privati aplinka, o netoliese esantis e\u017eeras puikiai tiks maudyn\u0117ms, \u017evejybai ar leisti laik\u0105 su \u0161eima ir draugais. O erdvi pirtis, \u012fsik\u016brusi tiesiai ant e\u017eero kranto, leis m\u0117gautis jaukiomis akimirkomis bet kuriuo met\u0173 laiku. Sklypas sausas ir saul\u0117tas, puikiai tinkantis poilsiui ar aktyviai veiklai.<\/p>\n<p>PRIVALUMAI:<br \/>\n&#8212; R\u0105stinis namas 96kv.m., (  namas su mansarda, dvejomis terasomis).<br \/>\n&#8212; Kiti statiniai  &#8212; \u016bkinis pastatas 50kv.m., pirtis 36 kv.m.<br \/>\n&#8212; \u017dem\u0117s sklypo plotas \u2013 58a;<br \/>\n&#8212; Vandentiekis \u2013 vietinis;<br \/>\n&#8212; \u0160ildymas krosninis;<br \/>\n&#8212; Sodyba ribojasi su Pr\u016bdo (Labakar\u0161io) e\u017eeru \u012fteka upeliai i\u0161 \u016asi\u0173 (Baltel\u0117) ir Labakar\u0161io e\u017eer\u0173, taip pat netoliese Bal\u010dio ir \u017deimenio e\u017eerai.<br \/>\n&#8212; Patogus priva\u017eiavimas, atstumai iki  Ignalinos 13km, Utenos 40km,  Mol\u0117t\u0173 49 km, Vilniaus 100km.<\/p>\n<p>Koordinat\u0117s :<br \/>\nmaps.lt &#8212; 55.301911, 26.012504<br \/>\nKvie\u010diame ap\u017ei\u016br\u0117ti \u0161i\u0105 viet\u0105 patiems! Lauksime atvykstant ir savaitgaliais!<\/p>\n","protected":false},"featured_media":16090,"template":"","meta":{"_acf_changed":false},"product_brand":[],"product_cat":[75],"product_tag":[],"class_list":{"0":"post-14154","1":"product","2":"type-product","3":"status-publish","4":"has-post-thumbnail","6":"product_cat-parduota","7":"description-off","9":"first","10":"instock","11":"shipping-taxable","12":"purchasable","13":"product-type-simple"},"acf":[],"yoast_head":"<!-- This site is optimized with the Yoast SEO plugin v27.0 - https:\/\/yoast.com\/product\/yoast-seo-wordpress\/ -->\n<title>PARDUODAMA SODYBA E\u017dERO PAKRANT\u0116JE, IGNALINOS RAJONE - Namud\u0117<\/title>\n<meta name=\"robots\" content=\"index, follow, max-snippet:-1, max-image-preview:large, max-video-preview:-1\" \/>\n<link rel=\"canonical\" href=\"https:\/\/www.namude.lt\/objektas\/parduodama-sodyba-ezero-pakranteje-ignalinos-rajone\/\" \/>\n<meta property=\"og:locale\" content=\"ru_RU\" \/>\n<meta property=\"og:type\" content=\"article\" \/>\n<meta property=\"og:title\" content=\"PARDUODAMA SODYBA E\u017dERO PAKRANT\u0116JE, IGNALINOS RAJONE - Namud\u0117\" \/>\n<meta property=\"og:description\" content=\"Simoni\u0161kio I k. 4. Ignalinos rajone Auk\u0161taitijos nacionaliniame parke, r\u0105stin\u0117 sodyba apsupta, \u0161io kra\u0161to e\u017eerais. Gra\u017ei ir privati aplinka, o netoliese esantis e\u017eeras puikiai tiks maudyn\u0117ms, \u017evejybai ar leisti laik\u0105 su \u0161eima ir draugais. O erdvi pirtis, \u012fsik\u016brusi tiesiai ant e\u017eero kranto, leis m\u0117gautis jaukiomis akimirkomis bet kuriuo met\u0173 laiku. Sklypas sausas ir saul\u0117tas, puikiai tinkantis poilsiui ar aktyviai veiklai.  PRIVALUMAI: - R\u0105stinis namas 96kv.m., ( namas su mansarda, dvejomis terasomis). - Kiti statiniai - \u016bkinis pastatas 50kv.m., pirtis 36 kv.m. - \u017dem\u0117s sklypo plotas \u2013 58a; - Vandentiekis \u2013 vietinis; - \u0160ildymas krosninis; - Sodyba ribojasi su Pr\u016bdo (Labakar\u0161io) e\u017eeru \u012fteka upeliai i\u0161 \u016asi\u0173 (Baltel\u0117) ir Labakar\u0161io e\u017eer\u0173, taip pat netoliese Bal\u010dio ir \u017deimenio e\u017eerai. - Patogus priva\u017eiavimas, atstumai iki Ignalinos 13km, Utenos 40km, Mol\u0117t\u0173 49 km, Vilniaus 100km.  Koordinat\u0117s :  maps.lt - 55.301911, 26.012504 Kvie\u010diame ap\u017ei\u016br\u0117ti \u0161i\u0105 viet\u0105 patiems! Lauksime atvykstant ir savaitgaliais!\" \/>\n<meta property=\"og:url\" content=\"https:\/\/www.namude.lt\/objektas\/parduodama-sodyba-ezero-pakranteje-ignalinos-rajone\/\" \/>\n<meta property=\"og:site_name\" content=\"Namud\u0117\" \/>\n<meta property=\"article:modified_time\" content=\"2025-07-25T04:32:09+00:00\" \/>\n<meta property=\"og:image\" content=\"https:\/\/www.namude.lt\/wp-content\/uploads\/2024\/12\/1-6.jpg\" \/>\n\t<meta property=\"og:image:width\" content=\"1600\" \/>\n\t<meta property=\"og:image:height\" content=\"1200\" \/>\n\t<meta property=\"og:image:type\" content=\"image\/jpeg\" \/>\n<meta name=\"twitter:card\" content=\"summary_large_image\" \/>\n<script type=\"application\/ld+json\" class=\"yoast-schema-graph\">{\"@context\":\"https:\/\/schema.org\",\"@graph\":[{\"@type\":\"WebPage\",\"@id\":\"https:\/\/www.namude.lt\/objektas\/parduodama-sodyba-ezero-pakranteje-ignalinos-rajone\/\",\"url\":\"https:\/\/www.namude.lt\/objektas\/parduodama-sodyba-ezero-pakranteje-ignalinos-rajone\/\",\"name\":\"PARDUODAMA SODYBA E\u017dERO PAKRANT\u0116JE, IGNALINOS RAJONE - Namud\u0117\",\"isPartOf\":{\"@id\":\"https:\/\/www.namude.lt\/#website\"},\"primaryImageOfPage\":{\"@id\":\"https:\/\/www.namude.lt\/objektas\/parduodama-sodyba-ezero-pakranteje-ignalinos-rajone\/#primaryimage\"},\"image\":{\"@id\":\"https:\/\/www.namude.lt\/objektas\/parduodama-sodyba-ezero-pakranteje-ignalinos-rajone\/#primaryimage\"},\"thumbnailUrl\":\"https:\/\/www.namude.lt\/wp-content\/uploads\/2024\/12\/1-6.jpg\",\"datePublished\":\"2024-12-18T13:20:43+00:00\",\"dateModified\":\"2025-07-25T04:32:09+00:00\",\"breadcrumb\":{\"@id\":\"https:\/\/www.namude.lt\/objektas\/parduodama-sodyba-ezero-pakranteje-ignalinos-rajone\/#breadcrumb\"},\"inLanguage\":\"ru-RU\",\"potentialAction\":[{\"@type\":\"ReadAction\",\"target\":[\"https:\/\/www.namude.lt\/objektas\/parduodama-sodyba-ezero-pakranteje-ignalinos-rajone\/\"]}]},{\"@type\":\"ImageObject\",\"inLanguage\":\"ru-RU\",\"@id\":\"https:\/\/www.namude.lt\/objektas\/parduodama-sodyba-ezero-pakranteje-ignalinos-rajone\/#primaryimage\",\"url\":\"https:\/\/www.namude.lt\/wp-content\/uploads\/2024\/12\/1-6.jpg\",\"contentUrl\":\"https:\/\/www.namude.lt\/wp-content\/uploads\/2024\/12\/1-6.jpg\",\"width\":1600,\"height\":1200},{\"@type\":\"BreadcrumbList\",\"@id\":\"https:\/\/www.namude.lt\/objektas\/parduodama-sodyba-ezero-pakranteje-ignalinos-rajone\/#breadcrumb\",\"itemListElement\":[{\"@type\":\"ListItem\",\"position\":1,\"name\":\"Home\",\"item\":\"https:\/\/www.namude.lt\/ru\/\"},{\"@type\":\"ListItem\",\"position\":2,\"name\":\"\u041e\u0431\u044a\u0435\u043a\u0442\u044b\",\"item\":\"https:\/\/www.namude.lt\/ru\/%d0%be%d0%b1%d1%8a%d0%b5%d0%ba%d1%82%d1%8b\/\"},{\"@type\":\"ListItem\",\"position\":3,\"name\":\"PARDUODAMA SODYBA E\u017dERO PAKRANT\u0116JE, IGNALINOS RAJONE\"}]},{\"@type\":\"WebSite\",\"@id\":\"https:\/\/www.namude.lt\/#website\",\"url\":\"https:\/\/www.namude.lt\/\",\"name\":\"Namud\u0117\",\"description\":\"\u201eNamud\u0117\u201c \u2013 agent\u016bra, pardavin\u0117janti Auk\u0161taitijos NT grynuolius.\",\"publisher\":{\"@id\":\"https:\/\/www.namude.lt\/#organization\"},\"potentialAction\":[{\"@type\":\"SearchAction\",\"target\":{\"@type\":\"EntryPoint\",\"urlTemplate\":\"https:\/\/www.namude.lt\/?s={search_term_string}\"},\"query-input\":{\"@type\":\"PropertyValueSpecification\",\"valueRequired\":true,\"valueName\":\"search_term_string\"}}],\"inLanguage\":\"ru-RU\"},{\"@type\":\"Organization\",\"@id\":\"https:\/\/www.namude.lt\/#organization\",\"name\":\"Namud\u0117\",\"url\":\"https:\/\/www.namude.lt\/\",\"logo\":{\"@type\":\"ImageObject\",\"inLanguage\":\"ru-RU\",\"@id\":\"https:\/\/www.namude.lt\/#\/schema\/logo\/image\/\",\"url\":\"https:\/\/www.namude.lt\/wp-content\/uploads\/2023\/11\/logo-symbol.svg\",\"contentUrl\":\"https:\/\/www.namude.lt\/wp-content\/uploads\/2023\/11\/logo-symbol.svg\",\"width\":1,\"height\":1,\"caption\":\"Namud\u0117\"},\"image\":{\"@id\":\"https:\/\/www.namude.lt\/#\/schema\/logo\/image\/\"}}]}<\/script>\n<!-- \/ Yoast SEO plugin. -->","yoast_head_json":{"title":"PARDUODAMA SODYBA E\u017dERO PAKRANT\u0116JE, IGNALINOS RAJONE - Namud\u0117","robots":{"index":"index","follow":"follow","max-snippet":"max-snippet:-1","max-image-preview":"max-image-preview:large","max-video-preview":"max-video-preview:-1"},"canonical":"https:\/\/www.namude.lt\/objektas\/parduodama-sodyba-ezero-pakranteje-ignalinos-rajone\/","og_locale":"ru_RU","og_type":"article","og_title":"PARDUODAMA SODYBA E\u017dERO PAKRANT\u0116JE, IGNALINOS RAJONE - Namud\u0117","og_description":"Simoni\u0161kio I k. 4. Ignalinos rajone Auk\u0161taitijos nacionaliniame parke, r\u0105stin\u0117 sodyba apsupta, \u0161io kra\u0161to e\u017eerais. Gra\u017ei ir privati aplinka, o netoliese esantis e\u017eeras puikiai tiks maudyn\u0117ms, \u017evejybai ar leisti laik\u0105 su \u0161eima ir draugais. O erdvi pirtis, \u012fsik\u016brusi tiesiai ant e\u017eero kranto, leis m\u0117gautis jaukiomis akimirkomis bet kuriuo met\u0173 laiku. Sklypas sausas ir saul\u0117tas, puikiai tinkantis poilsiui ar aktyviai veiklai.  PRIVALUMAI: - R\u0105stinis namas 96kv.m., ( namas su mansarda, dvejomis terasomis). - Kiti statiniai - \u016bkinis pastatas 50kv.m., pirtis 36 kv.m. - \u017dem\u0117s sklypo plotas \u2013 58a; - Vandentiekis \u2013 vietinis; - \u0160ildymas krosninis; - Sodyba ribojasi su Pr\u016bdo (Labakar\u0161io) e\u017eeru \u012fteka upeliai i\u0161 \u016asi\u0173 (Baltel\u0117) ir Labakar\u0161io e\u017eer\u0173, taip pat netoliese Bal\u010dio ir \u017deimenio e\u017eerai. - Patogus priva\u017eiavimas, atstumai iki Ignalinos 13km, Utenos 40km, Mol\u0117t\u0173 49 km, Vilniaus 100km.  Koordinat\u0117s :  maps.lt - 55.301911, 26.012504 Kvie\u010diame ap\u017ei\u016br\u0117ti \u0161i\u0105 viet\u0105 patiems! Lauksime atvykstant ir savaitgaliais!","og_url":"https:\/\/www.namude.lt\/objektas\/parduodama-sodyba-ezero-pakranteje-ignalinos-rajone\/","og_site_name":"Namud\u0117","article_modified_time":"2025-07-25T04:32:09+00:00","og_image":[{"width":1600,"height":1200,"url":"https:\/\/www.namude.lt\/wp-content\/uploads\/2024\/12\/1-6.jpg","type":"image\/jpeg"}],"twitter_card":"summary_large_image","schema":{"@context":"https:\/\/schema.org","@graph":[{"@type":"WebPage","@id":"https:\/\/www.namude.lt\/objektas\/parduodama-sodyba-ezero-pakranteje-ignalinos-rajone\/","url":"https:\/\/www.namude.lt\/objektas\/parduodama-sodyba-ezero-pakranteje-ignalinos-rajone\/","name":"PARDUODAMA SODYBA E\u017dERO PAKRANT\u0116JE, IGNALINOS RAJONE - Namud\u0117","isPartOf":{"@id":"https:\/\/www.namude.lt\/#website"},"primaryImageOfPage":{"@id":"https:\/\/www.namude.lt\/objektas\/parduodama-sodyba-ezero-pakranteje-ignalinos-rajone\/#primaryimage"},"image":{"@id":"https:\/\/www.namude.lt\/objektas\/parduodama-sodyba-ezero-pakranteje-ignalinos-rajone\/#primaryimage"},"thumbnailUrl":"https:\/\/www.namude.lt\/wp-content\/uploads\/2024\/12\/1-6.jpg","datePublished":"2024-12-18T13:20:43+00:00","dateModified":"2025-07-25T04:32:09+00:00","breadcrumb":{"@id":"https:\/\/www.namude.lt\/objektas\/parduodama-sodyba-ezero-pakranteje-ignalinos-rajone\/#breadcrumb"},"inLanguage":"ru-RU","potentialAction":[{"@type":"ReadAction","target":["https:\/\/www.namude.lt\/objektas\/parduodama-sodyba-ezero-pakranteje-ignalinos-rajone\/"]}]},{"@type":"ImageObject","inLanguage":"ru-RU","@id":"https:\/\/www.namude.lt\/objektas\/parduodama-sodyba-ezero-pakranteje-ignalinos-rajone\/#primaryimage","url":"https:\/\/www.namude.lt\/wp-content\/uploads\/2024\/12\/1-6.jpg","contentUrl":"https:\/\/www.namude.lt\/wp-content\/uploads\/2024\/12\/1-6.jpg","width":1600,"height":1200},{"@type":"BreadcrumbList","@id":"https:\/\/www.namude.lt\/objektas\/parduodama-sodyba-ezero-pakranteje-ignalinos-rajone\/#breadcrumb","itemListElement":[{"@type":"ListItem","position":1,"name":"Home","item":"https:\/\/www.namude.lt\/ru\/"},{"@type":"ListItem","position":2,"name":"\u041e\u0431\u044a\u0435\u043a\u0442\u044b","item":"https:\/\/www.namude.lt\/ru\/%d0%be%d0%b1%d1%8a%d0%b5%d0%ba%d1%82%d1%8b\/"},{"@type":"ListItem","position":3,"name":"PARDUODAMA SODYBA E\u017dERO PAKRANT\u0116JE, IGNALINOS RAJONE"}]},{"@type":"WebSite","@id":"https:\/\/www.namude.lt\/#website","url":"https:\/\/www.namude.lt\/","name":"Namud\u0117","description":"\u201eNamud\u0117\u201c \u2013 agent\u016bra, pardavin\u0117janti Auk\u0161taitijos NT grynuolius.","publisher":{"@id":"https:\/\/www.namude.lt\/#organization"},"potentialAction":[{"@type":"SearchAction","target":{"@type":"EntryPoint","urlTemplate":"https:\/\/www.namude.lt\/?s={search_term_string}"},"query-input":{"@type":"PropertyValueSpecification","valueRequired":true,"valueName":"search_term_string"}}],"inLanguage":"ru-RU"},{"@type":"Organization","@id":"https:\/\/www.namude.lt\/#organization","name":"Namud\u0117","url":"https:\/\/www.namude.lt\/","logo":{"@type":"ImageObject","inLanguage":"ru-RU","@id":"https:\/\/www.namude.lt\/#\/schema\/logo\/image\/","url":"https:\/\/www.namude.lt\/wp-content\/uploads\/2023\/11\/logo-symbol.svg","contentUrl":"https:\/\/www.namude.lt\/wp-content\/uploads\/2023\/11\/logo-symbol.svg","width":1,"height":1,"caption":"Namud\u0117"},"image":{"@id":"https:\/\/www.namude.lt\/#\/schema\/logo\/image\/"}}]}},"_links":{"self":[{"href":"https:\/\/www.namude.lt\/ru\/wp-json\/wp\/v2\/product\/14154","targetHints":{"allow":["GET"]}}],"collection":[{"href":"https:\/\/www.namude.lt\/ru\/wp-json\/wp\/v2\/product"}],"about":[{"href":"https:\/\/www.namude.lt\/ru\/wp-json\/wp\/v2\/types\/product"}],"wp:featuredmedia":[{"embeddable":true,"href":"https:\/\/www.namude.lt\/ru\/wp-json\/wp\/v2\/media\/16090"}],"wp:attachment":[{"href":"https:\/\/www.namude.lt\/ru\/wp-json\/wp\/v2\/media?parent=14154"}],"wp:term":[{"taxonomy":"product_brand","embeddable":true,"href":"https:\/\/www.namude.lt\/ru\/wp-json\/wp\/v2\/product_brand?post=14154"},{"taxonomy":"product_cat","embeddable":true,"href":"https:\/\/www.namude.lt\/ru\/wp-json\/wp\/v2\/product_cat?post=14154"},{"taxonomy":"product_tag","embeddable":true,"href":"https:\/\/www.namude.lt\/ru\/wp-json\/wp\/v2\/product_tag?post=14154"}],"curies":[{"name":"wp","href":"https:\/\/api.w.org\/{rel}","templated":true}]}}