{"id":13958,"date":"2024-12-04T16:21:43","date_gmt":"2024-12-04T14:21:43","guid":{"rendered":"https:\/\/www.namude.lt\/?post_type=product&#038;p=13958"},"modified":"2025-04-29T08:54:24","modified_gmt":"2025-04-29T05:54:24","slug":"parduodamas-namas-zarasu-rajone-ezeru-ir-sventosios-upes-apsuptyje","status":"publish","type":"product","link":"https:\/\/www.namude.lt\/ru\/\u043e\u0431\u044a\u0435\u043a\u0442\/parduodamas-namas-zarasu-rajone-ezeru-ir-sventosios-upes-apsuptyje\/","title":{"rendered":"PARDUODAMAS NAMAS ZARAS\u0172 RAJONE, E\u017dER\u0172 IR \u0160VENTOSIOS UP\u0116S APSUPTYJE"},"content":{"rendered":"","protected":false},"excerpt":{"rendered":"<p>E<strong>\u017eer\u0173 kra\u0161te U\u017etilt\u0117s kaime, Vasakn\u0173 g 24. tvarkingas namas laukia nauj\u0173 \u0161eiminink\u0173.<\/strong><a href=\"https:\/\/www.namude.lt\/kategorija\/sodybos\/?filter_rajonas=zarasu-rajonas&amp;query_type_rajonas=or\"><\/a> Gamtos myl\u0117tojams ir \u017evejams tai puiki vieta poilsiui , hobiui ir nuolatiniam gyvenimui. \u0160alia sodybos brandus Baraukos mi\u0161kas, kaimynyst\u0117je taip pat gyvena taurieji elniai, kurie d\u017eiugins savo nuostabiu gro\u017eiu kiekvien\u0105 dien\u0105.<\/p>\n<p>PRIVALUMAI:<br \/>\n&#8212; Pri\u017ei\u016br\u0117tas, plytinis gyvenamasis namas 79kv.m., keli registruoti pastatai; ( gyvenamojo namo pirmame auk\u0161te yra 3  kambariai, virtuv\u0117, tualetas, drabu\u017ein\u0117, antrame namo auk\u0161te yra 2 kambariai ir bendra virtuv\u0117s bei svetain\u0117s erdv\u0117. Po namu yra didelis r\u016bsys.<br \/>\n&#8212; \u016akiniame pastate buvo \u012frengta lentpj\u016bv\u0117 yra lik\u0119 dalis \u012frangos;<br \/>\n&#8212; \u017dem\u0117s sklypo plotas \u2013 71a;<br \/>\n&#8212; Vandentiekis \u2013 gr\u0119\u017einys ir \u0161ulinys<br \/>\n&#8212; Trifaz\u0117 6kw elektra;<br \/>\n&#8212;  \u0160ildymas krosninis;<br \/>\n&#8212;  Didelis, gausus \u012fvairi\u0173 vaiskr\u016bmi\u0173 sodas;<br \/>\n&#8212;  Netoliese yra Sart\u0173, \u017diego, Vasakno, Plavio e\u017eerai, \u0160ventosios up\u0117;<br \/>\n&#8212;  Patogus priva\u017eiavimas, atstumai iki Duset\u0173 3 km, Utenos 30km, Mol\u0117t\u0173 75 km, Vilniaus 130km.<\/p>\n<p>Koordinat\u0117s :<br \/>\nmaps.lt &#8212; 55.727639, 25.825744<br \/>\nKvie\u010diame ap\u017ei\u016br\u0117ti ir \u012fvertinti \u0161i\u0105 vieta patiems! Lauksime atvykstant ir savaitgaliais!<\/p>\n","protected":false},"featured_media":17274,"template":"","meta":{"_acf_changed":false},"product_brand":[],"product_cat":[23],"product_tag":[],"class_list":{"0":"post-13958","1":"product","2":"type-product","3":"status-publish","4":"has-post-thumbnail","6":"product_cat-sodybos","7":"pa_rajonas-zarasu-rajonas","8":"description-off","10":"first","11":"instock","12":"sale","13":"shipping-taxable","14":"purchasable","15":"product-type-simple"},"acf":[],"yoast_head":"<!-- This site is optimized with the Yoast SEO plugin v27.4 - https:\/\/yoast.com\/product\/yoast-seo-wordpress\/ -->\n<title>PARDUODAMAS NAMAS ZARAS\u0172 RAJONE, E\u017dER\u0172 IR \u0160VENTOSIOS UP\u0116S APSUPTYJE - Namud\u0117<\/title>\n<meta name=\"robots\" content=\"index, follow, max-snippet:-1, max-image-preview:large, max-video-preview:-1\" \/>\n<link rel=\"canonical\" href=\"https:\/\/www.namude.lt\/objektas\/parduodamas-namas-zarasu-rajone-ezeru-ir-sventosios-upes-apsuptyje\/\" \/>\n<meta property=\"og:locale\" content=\"ru_RU\" \/>\n<meta property=\"og:type\" content=\"article\" \/>\n<meta property=\"og:title\" content=\"PARDUODAMAS NAMAS ZARAS\u0172 RAJONE, E\u017dER\u0172 IR \u0160VENTOSIOS UP\u0116S APSUPTYJE - Namud\u0117\" \/>\n<meta property=\"og:description\" content=\"E\u017eer\u0173 kra\u0161te U\u017etilt\u0117s kaime, Vasakn\u0173 g 24. tvarkingas namas laukia nauj\u0173 \u0161eiminink\u0173. Gamtos myl\u0117tojams ir \u017evejams tai puiki vieta poilsiui , hobiui ir nuolatiniam gyvenimui. \u0160alia sodybos brandus Baraukos mi\u0161kas, kaimynyst\u0117je taip pat gyvena taurieji elniai, kurie d\u017eiugins savo nuostabiu gro\u017eiu kiekvien\u0105 dien\u0105.  PRIVALUMAI: - Pri\u017ei\u016br\u0117tas, plytinis gyvenamasis namas 79kv.m., keli registruoti pastatai; ( gyvenamojo namo pirmame auk\u0161te yra 3 kambariai, virtuv\u0117, tualetas, drabu\u017ein\u0117, antrame namo auk\u0161te yra 2 kambariai ir bendra virtuv\u0117s bei svetain\u0117s erdv\u0117. Po namu yra didelis r\u016bsys.  - \u016akiniame pastate buvo \u012frengta lentpj\u016bv\u0117 yra lik\u0119 dalis \u012frangos; - \u017dem\u0117s sklypo plotas \u2013 71a; - Vandentiekis \u2013 gr\u0119\u017einys ir \u0161ulinys - Trifaz\u0117 6kw elektra; - \u0160ildymas krosninis; - Didelis, gausus \u012fvairi\u0173 vaiskr\u016bmi\u0173 sodas; - Netoliese yra Sart\u0173, \u017diego, Vasakno, Plavio e\u017eerai, \u0160ventosios up\u0117; - Patogus priva\u017eiavimas, atstumai iki Duset\u0173 3 km, Utenos 30km, Mol\u0117t\u0173 75 km, Vilniaus 130km.  Koordinat\u0117s :  maps.lt - 55.727639, 25.825744 Kvie\u010diame ap\u017ei\u016br\u0117ti ir \u012fvertinti \u0161i\u0105 vieta patiems! Lauksime atvykstant ir savaitgaliais!\" \/>\n<meta property=\"og:url\" content=\"https:\/\/www.namude.lt\/objektas\/parduodamas-namas-zarasu-rajone-ezeru-ir-sventosios-upes-apsuptyje\/\" \/>\n<meta property=\"og:site_name\" content=\"Namud\u0117\" \/>\n<meta property=\"article:modified_time\" content=\"2025-04-29T05:54:24+00:00\" \/>\n<meta property=\"og:image\" content=\"https:\/\/www.namude.lt\/wp-content\/uploads\/2024\/12\/1-8.jpg\" \/>\n\t<meta property=\"og:image:width\" content=\"2400\" \/>\n\t<meta property=\"og:image:height\" content=\"1800\" \/>\n\t<meta property=\"og:image:type\" content=\"image\/jpeg\" \/>\n<meta name=\"twitter:card\" content=\"summary_large_image\" \/>\n<script type=\"application\/ld+json\" class=\"yoast-schema-graph\">{\"@context\":\"https:\\\/\\\/schema.org\",\"@graph\":[{\"@type\":\"WebPage\",\"@id\":\"https:\\\/\\\/www.namude.lt\\\/objektas\\\/parduodamas-namas-zarasu-rajone-ezeru-ir-sventosios-upes-apsuptyje\\\/\",\"url\":\"https:\\\/\\\/www.namude.lt\\\/objektas\\\/parduodamas-namas-zarasu-rajone-ezeru-ir-sventosios-upes-apsuptyje\\\/\",\"name\":\"PARDUODAMAS NAMAS ZARAS\u0172 RAJONE, E\u017dER\u0172 IR \u0160VENTOSIOS UP\u0116S APSUPTYJE - Namud\u0117\",\"isPartOf\":{\"@id\":\"https:\\\/\\\/www.namude.lt\\\/#website\"},\"primaryImageOfPage\":{\"@id\":\"https:\\\/\\\/www.namude.lt\\\/objektas\\\/parduodamas-namas-zarasu-rajone-ezeru-ir-sventosios-upes-apsuptyje\\\/#primaryimage\"},\"image\":{\"@id\":\"https:\\\/\\\/www.namude.lt\\\/objektas\\\/parduodamas-namas-zarasu-rajone-ezeru-ir-sventosios-upes-apsuptyje\\\/#primaryimage\"},\"thumbnailUrl\":\"https:\\\/\\\/www.namude.lt\\\/wp-content\\\/uploads\\\/2024\\\/12\\\/1-8.jpg\",\"datePublished\":\"2024-12-04T14:21:43+00:00\",\"dateModified\":\"2025-04-29T05:54:24+00:00\",\"breadcrumb\":{\"@id\":\"https:\\\/\\\/www.namude.lt\\\/objektas\\\/parduodamas-namas-zarasu-rajone-ezeru-ir-sventosios-upes-apsuptyje\\\/#breadcrumb\"},\"inLanguage\":\"ru-RU\",\"potentialAction\":[{\"@type\":\"ReadAction\",\"target\":[\"https:\\\/\\\/www.namude.lt\\\/objektas\\\/parduodamas-namas-zarasu-rajone-ezeru-ir-sventosios-upes-apsuptyje\\\/\"]}]},{\"@type\":\"ImageObject\",\"inLanguage\":\"ru-RU\",\"@id\":\"https:\\\/\\\/www.namude.lt\\\/objektas\\\/parduodamas-namas-zarasu-rajone-ezeru-ir-sventosios-upes-apsuptyje\\\/#primaryimage\",\"url\":\"https:\\\/\\\/www.namude.lt\\\/wp-content\\\/uploads\\\/2024\\\/12\\\/1-8.jpg\",\"contentUrl\":\"https:\\\/\\\/www.namude.lt\\\/wp-content\\\/uploads\\\/2024\\\/12\\\/1-8.jpg\",\"width\":2400,\"height\":1800},{\"@type\":\"BreadcrumbList\",\"@id\":\"https:\\\/\\\/www.namude.lt\\\/objektas\\\/parduodamas-namas-zarasu-rajone-ezeru-ir-sventosios-upes-apsuptyje\\\/#breadcrumb\",\"itemListElement\":[{\"@type\":\"ListItem\",\"position\":1,\"name\":\"Home\",\"item\":\"https:\\\/\\\/www.namude.lt\\\/ru\\\/\"},{\"@type\":\"ListItem\",\"position\":2,\"name\":\"\u041e\u0431\u044a\u0435\u043a\u0442\u044b\",\"item\":\"https:\\\/\\\/www.namude.lt\\\/ru\\\/%d0%be%d0%b1%d1%8a%d0%b5%d0%ba%d1%82%d1%8b\\\/\"},{\"@type\":\"ListItem\",\"position\":3,\"name\":\"PARDUODAMAS NAMAS ZARAS\u0172 RAJONE, E\u017dER\u0172 IR \u0160VENTOSIOS UP\u0116S APSUPTYJE\"}]},{\"@type\":\"WebSite\",\"@id\":\"https:\\\/\\\/www.namude.lt\\\/#website\",\"url\":\"https:\\\/\\\/www.namude.lt\\\/\",\"name\":\"Namud\u0117\",\"description\":\"\u201eNamud\u0117\u201c \u2013 agent\u016bra, pardavin\u0117janti Auk\u0161taitijos NT grynuolius.\",\"publisher\":{\"@id\":\"https:\\\/\\\/www.namude.lt\\\/#organization\"},\"potentialAction\":[{\"@type\":\"SearchAction\",\"target\":{\"@type\":\"EntryPoint\",\"urlTemplate\":\"https:\\\/\\\/www.namude.lt\\\/?s={search_term_string}\"},\"query-input\":{\"@type\":\"PropertyValueSpecification\",\"valueRequired\":true,\"valueName\":\"search_term_string\"}}],\"inLanguage\":\"ru-RU\"},{\"@type\":\"Organization\",\"@id\":\"https:\\\/\\\/www.namude.lt\\\/#organization\",\"name\":\"Namud\u0117\",\"url\":\"https:\\\/\\\/www.namude.lt\\\/\",\"logo\":{\"@type\":\"ImageObject\",\"inLanguage\":\"ru-RU\",\"@id\":\"https:\\\/\\\/www.namude.lt\\\/#\\\/schema\\\/logo\\\/image\\\/\",\"url\":\"https:\\\/\\\/www.namude.lt\\\/wp-content\\\/uploads\\\/2023\\\/11\\\/logo-symbol.svg\",\"contentUrl\":\"https:\\\/\\\/www.namude.lt\\\/wp-content\\\/uploads\\\/2023\\\/11\\\/logo-symbol.svg\",\"width\":1,\"height\":1,\"caption\":\"Namud\u0117\"},\"image\":{\"@id\":\"https:\\\/\\\/www.namude.lt\\\/#\\\/schema\\\/logo\\\/image\\\/\"}}]}<\/script>\n<!-- \/ Yoast SEO plugin. -->","yoast_head_json":{"title":"PARDUODAMAS NAMAS ZARAS\u0172 RAJONE, E\u017dER\u0172 IR \u0160VENTOSIOS UP\u0116S APSUPTYJE - Namud\u0117","robots":{"index":"index","follow":"follow","max-snippet":"max-snippet:-1","max-image-preview":"max-image-preview:large","max-video-preview":"max-video-preview:-1"},"canonical":"https:\/\/www.namude.lt\/objektas\/parduodamas-namas-zarasu-rajone-ezeru-ir-sventosios-upes-apsuptyje\/","og_locale":"ru_RU","og_type":"article","og_title":"PARDUODAMAS NAMAS ZARAS\u0172 RAJONE, E\u017dER\u0172 IR \u0160VENTOSIOS UP\u0116S APSUPTYJE - Namud\u0117","og_description":"E\u017eer\u0173 kra\u0161te U\u017etilt\u0117s kaime, Vasakn\u0173 g 24. tvarkingas namas laukia nauj\u0173 \u0161eiminink\u0173. Gamtos myl\u0117tojams ir \u017evejams tai puiki vieta poilsiui , hobiui ir nuolatiniam gyvenimui. \u0160alia sodybos brandus Baraukos mi\u0161kas, kaimynyst\u0117je taip pat gyvena taurieji elniai, kurie d\u017eiugins savo nuostabiu gro\u017eiu kiekvien\u0105 dien\u0105.  PRIVALUMAI: - Pri\u017ei\u016br\u0117tas, plytinis gyvenamasis namas 79kv.m., keli registruoti pastatai; ( gyvenamojo namo pirmame auk\u0161te yra 3 kambariai, virtuv\u0117, tualetas, drabu\u017ein\u0117, antrame namo auk\u0161te yra 2 kambariai ir bendra virtuv\u0117s bei svetain\u0117s erdv\u0117. Po namu yra didelis r\u016bsys.  - \u016akiniame pastate buvo \u012frengta lentpj\u016bv\u0117 yra lik\u0119 dalis \u012frangos; - \u017dem\u0117s sklypo plotas \u2013 71a; - Vandentiekis \u2013 gr\u0119\u017einys ir \u0161ulinys - Trifaz\u0117 6kw elektra; - \u0160ildymas krosninis; - Didelis, gausus \u012fvairi\u0173 vaiskr\u016bmi\u0173 sodas; - Netoliese yra Sart\u0173, \u017diego, Vasakno, Plavio e\u017eerai, \u0160ventosios up\u0117; - Patogus priva\u017eiavimas, atstumai iki Duset\u0173 3 km, Utenos 30km, Mol\u0117t\u0173 75 km, Vilniaus 130km.  Koordinat\u0117s :  maps.lt - 55.727639, 25.825744 Kvie\u010diame ap\u017ei\u016br\u0117ti ir \u012fvertinti \u0161i\u0105 vieta patiems! Lauksime atvykstant ir savaitgaliais!","og_url":"https:\/\/www.namude.lt\/objektas\/parduodamas-namas-zarasu-rajone-ezeru-ir-sventosios-upes-apsuptyje\/","og_site_name":"Namud\u0117","article_modified_time":"2025-04-29T05:54:24+00:00","og_image":[{"width":2400,"height":1800,"url":"https:\/\/www.namude.lt\/wp-content\/uploads\/2024\/12\/1-8.jpg","type":"image\/jpeg"}],"twitter_card":"summary_large_image","schema":{"@context":"https:\/\/schema.org","@graph":[{"@type":"WebPage","@id":"https:\/\/www.namude.lt\/objektas\/parduodamas-namas-zarasu-rajone-ezeru-ir-sventosios-upes-apsuptyje\/","url":"https:\/\/www.namude.lt\/objektas\/parduodamas-namas-zarasu-rajone-ezeru-ir-sventosios-upes-apsuptyje\/","name":"PARDUODAMAS NAMAS ZARAS\u0172 RAJONE, E\u017dER\u0172 IR \u0160VENTOSIOS UP\u0116S APSUPTYJE - Namud\u0117","isPartOf":{"@id":"https:\/\/www.namude.lt\/#website"},"primaryImageOfPage":{"@id":"https:\/\/www.namude.lt\/objektas\/parduodamas-namas-zarasu-rajone-ezeru-ir-sventosios-upes-apsuptyje\/#primaryimage"},"image":{"@id":"https:\/\/www.namude.lt\/objektas\/parduodamas-namas-zarasu-rajone-ezeru-ir-sventosios-upes-apsuptyje\/#primaryimage"},"thumbnailUrl":"https:\/\/www.namude.lt\/wp-content\/uploads\/2024\/12\/1-8.jpg","datePublished":"2024-12-04T14:21:43+00:00","dateModified":"2025-04-29T05:54:24+00:00","breadcrumb":{"@id":"https:\/\/www.namude.lt\/objektas\/parduodamas-namas-zarasu-rajone-ezeru-ir-sventosios-upes-apsuptyje\/#breadcrumb"},"inLanguage":"ru-RU","potentialAction":[{"@type":"ReadAction","target":["https:\/\/www.namude.lt\/objektas\/parduodamas-namas-zarasu-rajone-ezeru-ir-sventosios-upes-apsuptyje\/"]}]},{"@type":"ImageObject","inLanguage":"ru-RU","@id":"https:\/\/www.namude.lt\/objektas\/parduodamas-namas-zarasu-rajone-ezeru-ir-sventosios-upes-apsuptyje\/#primaryimage","url":"https:\/\/www.namude.lt\/wp-content\/uploads\/2024\/12\/1-8.jpg","contentUrl":"https:\/\/www.namude.lt\/wp-content\/uploads\/2024\/12\/1-8.jpg","width":2400,"height":1800},{"@type":"BreadcrumbList","@id":"https:\/\/www.namude.lt\/objektas\/parduodamas-namas-zarasu-rajone-ezeru-ir-sventosios-upes-apsuptyje\/#breadcrumb","itemListElement":[{"@type":"ListItem","position":1,"name":"Home","item":"https:\/\/www.namude.lt\/ru\/"},{"@type":"ListItem","position":2,"name":"\u041e\u0431\u044a\u0435\u043a\u0442\u044b","item":"https:\/\/www.namude.lt\/ru\/%d0%be%d0%b1%d1%8a%d0%b5%d0%ba%d1%82%d1%8b\/"},{"@type":"ListItem","position":3,"name":"PARDUODAMAS NAMAS ZARAS\u0172 RAJONE, E\u017dER\u0172 IR \u0160VENTOSIOS UP\u0116S APSUPTYJE"}]},{"@type":"WebSite","@id":"https:\/\/www.namude.lt\/#website","url":"https:\/\/www.namude.lt\/","name":"Namud\u0117","description":"\u201eNamud\u0117\u201c \u2013 agent\u016bra, pardavin\u0117janti Auk\u0161taitijos NT grynuolius.","publisher":{"@id":"https:\/\/www.namude.lt\/#organization"},"potentialAction":[{"@type":"SearchAction","target":{"@type":"EntryPoint","urlTemplate":"https:\/\/www.namude.lt\/?s={search_term_string}"},"query-input":{"@type":"PropertyValueSpecification","valueRequired":true,"valueName":"search_term_string"}}],"inLanguage":"ru-RU"},{"@type":"Organization","@id":"https:\/\/www.namude.lt\/#organization","name":"Namud\u0117","url":"https:\/\/www.namude.lt\/","logo":{"@type":"ImageObject","inLanguage":"ru-RU","@id":"https:\/\/www.namude.lt\/#\/schema\/logo\/image\/","url":"https:\/\/www.namude.lt\/wp-content\/uploads\/2023\/11\/logo-symbol.svg","contentUrl":"https:\/\/www.namude.lt\/wp-content\/uploads\/2023\/11\/logo-symbol.svg","width":1,"height":1,"caption":"Namud\u0117"},"image":{"@id":"https:\/\/www.namude.lt\/#\/schema\/logo\/image\/"}}]}},"_links":{"self":[{"href":"https:\/\/www.namude.lt\/ru\/wp-json\/wp\/v2\/product\/13958","targetHints":{"allow":["GET"]}}],"collection":[{"href":"https:\/\/www.namude.lt\/ru\/wp-json\/wp\/v2\/product"}],"about":[{"href":"https:\/\/www.namude.lt\/ru\/wp-json\/wp\/v2\/types\/product"}],"wp:featuredmedia":[{"embeddable":true,"href":"https:\/\/www.namude.lt\/ru\/wp-json\/wp\/v2\/media\/17274"}],"wp:attachment":[{"href":"https:\/\/www.namude.lt\/ru\/wp-json\/wp\/v2\/media?parent=13958"}],"wp:term":[{"taxonomy":"product_brand","embeddable":true,"href":"https:\/\/www.namude.lt\/ru\/wp-json\/wp\/v2\/product_brand?post=13958"},{"taxonomy":"product_cat","embeddable":true,"href":"https:\/\/www.namude.lt\/ru\/wp-json\/wp\/v2\/product_cat?post=13958"},{"taxonomy":"product_tag","embeddable":true,"href":"https:\/\/www.namude.lt\/ru\/wp-json\/wp\/v2\/product_tag?post=13958"}],"curies":[{"name":"wp","href":"https:\/\/api.w.org\/{rel}","templated":true}]}}