{"id":13604,"date":"2024-11-11T11:06:09","date_gmt":"2024-11-11T09:06:09","guid":{"rendered":"https:\/\/www.namude.lt\/?post_type=product&#038;p=13604"},"modified":"2026-04-04T10:23:15","modified_gmt":"2026-04-04T07:23:15","slug":"anyksciu-raj-debeikiu-miestelio-sirdyje-parduodamas-gyvenamasis-namas","status":"publish","type":"product","link":"https:\/\/www.namude.lt\/ru\/\u043e\u0431\u044a\u0435\u043a\u0442\/anyksciu-raj-debeikiu-miestelio-sirdyje-parduodamas-gyvenamasis-namas\/","title":{"rendered":"Anyk\u0161\u010di\u0173 raj., Debeiki\u0173 miestelio \u0161irdyje parduodamas gyvenamasis namas!"},"content":{"rendered":"","protected":false},"excerpt":{"rendered":"<p>Debeiki\u0173 miestelyje, Trumbati\u0161kio g.  3 parduodamas r\u0105stinis namas su erdviu sklypu. Tai  puikus pasirinkimas tiems, kurie ie\u0161ko namo su galimybe \u012fsirengti pagal savo poreikius.<br \/>\nGeras susisiekimas tiek su Utenos ar Anyk\u0161\u010di\u0173 miestu, kiekvien\u0105 dien\u0105 gal\u0117site gro\u017e\u0117tis Debeiki\u0173 \u0160v. Jono Kryk\u0161tytojo ba\u017eny\u010dios bok\u0161tais. \u0160alimais kaimelyje yra net dvi parduotuv\u0117s, ambulatorija, vaistin\u0117, mokykla, vaik\u0173 dar\u017eelis, mal\u016bnas. <\/p>\n<p>PRIVALUMAI:<br \/>\n&#8212;\tR\u0105stinis namas, bendras plotas 67 kv.m. \u0160vies\u016bs ir jauk\u016bs kambariai, erdvi virtuv\u0117, r\u016bsys po namu;<br \/>\n&#8212;\t\u0160ildymas kietu kuru;<br \/>\n&#8212;\t38a. sklypas<br \/>\n&#8212;\tTvartas, malkin\u0117, \u0161ulinys.<br \/>\n&#8212;\tPuikus susisiekimas iki Utenos, tik 28 km, ir Anyk\u0161\u010diais, tik 18km.<br \/>\n&#8212;\tNetoliese esantys e\u017eerai: Lip\u0161ys \u2013 4km, Rubiki\u0173 e\u017eeras \u2013 7km.<\/p>\n<p>Koordinat\u0117s: WGS- 55.581569, 25.326821<\/p>\n","protected":false},"featured_media":26042,"template":"","meta":{"_acf_changed":false},"product_brand":[],"product_cat":[26],"product_tag":[],"class_list":{"0":"post-13604","1":"product","2":"type-product","3":"status-publish","4":"has-post-thumbnail","6":"product_cat-namai","7":"pa_rajonas-anyksciu-rajonas","8":"description-off","10":"first","11":"instock","12":"shipping-taxable","13":"purchasable","14":"product-type-simple"},"acf":[],"yoast_head":"<!-- This site is optimized with the Yoast SEO plugin v27.0 - https:\/\/yoast.com\/product\/yoast-seo-wordpress\/ -->\n<title>Anyk\u0161\u010di\u0173 raj., Debeiki\u0173 miestelio \u0161irdyje parduodamas gyvenamasis namas! - Namud\u0117<\/title>\n<meta name=\"robots\" content=\"index, follow, max-snippet:-1, max-image-preview:large, max-video-preview:-1\" \/>\n<link rel=\"canonical\" href=\"https:\/\/www.namude.lt\/objektas\/anyksciu-raj-debeikiu-miestelio-sirdyje-parduodamas-gyvenamasis-namas\/\" \/>\n<meta property=\"og:locale\" content=\"ru_RU\" \/>\n<meta property=\"og:type\" content=\"article\" \/>\n<meta property=\"og:title\" content=\"Anyk\u0161\u010di\u0173 raj., Debeiki\u0173 miestelio \u0161irdyje parduodamas gyvenamasis namas! - Namud\u0117\" \/>\n<meta property=\"og:description\" content=\"Debeiki\u0173 miestelyje, Trumbati\u0161kio g. 3 parduodamas r\u0105stinis namas su erdviu sklypu. Tai puikus pasirinkimas tiems, kurie ie\u0161ko namo su galimybe \u012fsirengti pagal savo poreikius.  Geras susisiekimas tiek su Utenos ar Anyk\u0161\u010di\u0173 miestu, kiekvien\u0105 dien\u0105 gal\u0117site gro\u017e\u0117tis Debeiki\u0173 \u0160v. Jono Kryk\u0161tytojo ba\u017eny\u010dios bok\u0161tais. \u0160alimais kaimelyje yra net dvi parduotuv\u0117s, ambulatorija, vaistin\u0117, mokykla, vaik\u0173 dar\u017eelis, mal\u016bnas.   PRIVALUMAI: - R\u0105stinis namas, bendras plotas 67 kv.m. \u0160vies\u016bs ir jauk\u016bs kambariai, erdvi virtuv\u0117, r\u016bsys po namu; - \u0160ildymas kietu kuru; - 38a. sklypas - Tvartas, malkin\u0117, \u0161ulinys. - Puikus susisiekimas iki Utenos, tik 28 km, ir Anyk\u0161\u010diais, tik 18km. - Netoliese esantys e\u017eerai: Lip\u0161ys \u2013 4km, Rubiki\u0173 e\u017eeras \u2013 7km.  Koordinat\u0117s: WGS- 55.581569, 25.326821\" \/>\n<meta property=\"og:url\" content=\"https:\/\/www.namude.lt\/objektas\/anyksciu-raj-debeikiu-miestelio-sirdyje-parduodamas-gyvenamasis-namas\/\" \/>\n<meta property=\"og:site_name\" content=\"Namud\u0117\" \/>\n<meta property=\"article:modified_time\" content=\"2026-04-04T07:23:15+00:00\" \/>\n<meta property=\"og:image\" content=\"https:\/\/www.namude.lt\/wp-content\/uploads\/2024\/11\/1-8.jpg\" \/>\n\t<meta property=\"og:image:width\" content=\"2400\" \/>\n\t<meta property=\"og:image:height\" content=\"1800\" \/>\n\t<meta property=\"og:image:type\" content=\"image\/jpeg\" \/>\n<meta name=\"twitter:card\" content=\"summary_large_image\" \/>\n<script type=\"application\/ld+json\" class=\"yoast-schema-graph\">{\"@context\":\"https:\/\/schema.org\",\"@graph\":[{\"@type\":\"WebPage\",\"@id\":\"https:\/\/www.namude.lt\/objektas\/anyksciu-raj-debeikiu-miestelio-sirdyje-parduodamas-gyvenamasis-namas\/\",\"url\":\"https:\/\/www.namude.lt\/objektas\/anyksciu-raj-debeikiu-miestelio-sirdyje-parduodamas-gyvenamasis-namas\/\",\"name\":\"Anyk\u0161\u010di\u0173 raj., Debeiki\u0173 miestelio \u0161irdyje parduodamas gyvenamasis namas! - Namud\u0117\",\"isPartOf\":{\"@id\":\"https:\/\/www.namude.lt\/#website\"},\"primaryImageOfPage\":{\"@id\":\"https:\/\/www.namude.lt\/objektas\/anyksciu-raj-debeikiu-miestelio-sirdyje-parduodamas-gyvenamasis-namas\/#primaryimage\"},\"image\":{\"@id\":\"https:\/\/www.namude.lt\/objektas\/anyksciu-raj-debeikiu-miestelio-sirdyje-parduodamas-gyvenamasis-namas\/#primaryimage\"},\"thumbnailUrl\":\"https:\/\/www.namude.lt\/wp-content\/uploads\/2024\/11\/1-8.jpg\",\"datePublished\":\"2024-11-11T09:06:09+00:00\",\"dateModified\":\"2026-04-04T07:23:15+00:00\",\"breadcrumb\":{\"@id\":\"https:\/\/www.namude.lt\/objektas\/anyksciu-raj-debeikiu-miestelio-sirdyje-parduodamas-gyvenamasis-namas\/#breadcrumb\"},\"inLanguage\":\"ru-RU\",\"potentialAction\":[{\"@type\":\"ReadAction\",\"target\":[\"https:\/\/www.namude.lt\/objektas\/anyksciu-raj-debeikiu-miestelio-sirdyje-parduodamas-gyvenamasis-namas\/\"]}]},{\"@type\":\"ImageObject\",\"inLanguage\":\"ru-RU\",\"@id\":\"https:\/\/www.namude.lt\/objektas\/anyksciu-raj-debeikiu-miestelio-sirdyje-parduodamas-gyvenamasis-namas\/#primaryimage\",\"url\":\"https:\/\/www.namude.lt\/wp-content\/uploads\/2024\/11\/1-8.jpg\",\"contentUrl\":\"https:\/\/www.namude.lt\/wp-content\/uploads\/2024\/11\/1-8.jpg\",\"width\":2400,\"height\":1800},{\"@type\":\"BreadcrumbList\",\"@id\":\"https:\/\/www.namude.lt\/objektas\/anyksciu-raj-debeikiu-miestelio-sirdyje-parduodamas-gyvenamasis-namas\/#breadcrumb\",\"itemListElement\":[{\"@type\":\"ListItem\",\"position\":1,\"name\":\"Home\",\"item\":\"https:\/\/www.namude.lt\/ru\/\"},{\"@type\":\"ListItem\",\"position\":2,\"name\":\"\u041e\u0431\u044a\u0435\u043a\u0442\u044b\",\"item\":\"https:\/\/www.namude.lt\/ru\/%d0%be%d0%b1%d1%8a%d0%b5%d0%ba%d1%82%d1%8b\/\"},{\"@type\":\"ListItem\",\"position\":3,\"name\":\"Anyk\u0161\u010di\u0173 raj., Debeiki\u0173 miestelio \u0161irdyje parduodamas gyvenamasis namas!\"}]},{\"@type\":\"WebSite\",\"@id\":\"https:\/\/www.namude.lt\/#website\",\"url\":\"https:\/\/www.namude.lt\/\",\"name\":\"Namud\u0117\",\"description\":\"\u201eNamud\u0117\u201c \u2013 agent\u016bra, pardavin\u0117janti Auk\u0161taitijos NT grynuolius.\",\"publisher\":{\"@id\":\"https:\/\/www.namude.lt\/#organization\"},\"potentialAction\":[{\"@type\":\"SearchAction\",\"target\":{\"@type\":\"EntryPoint\",\"urlTemplate\":\"https:\/\/www.namude.lt\/?s={search_term_string}\"},\"query-input\":{\"@type\":\"PropertyValueSpecification\",\"valueRequired\":true,\"valueName\":\"search_term_string\"}}],\"inLanguage\":\"ru-RU\"},{\"@type\":\"Organization\",\"@id\":\"https:\/\/www.namude.lt\/#organization\",\"name\":\"Namud\u0117\",\"url\":\"https:\/\/www.namude.lt\/\",\"logo\":{\"@type\":\"ImageObject\",\"inLanguage\":\"ru-RU\",\"@id\":\"https:\/\/www.namude.lt\/#\/schema\/logo\/image\/\",\"url\":\"https:\/\/www.namude.lt\/wp-content\/uploads\/2023\/11\/logo-symbol.svg\",\"contentUrl\":\"https:\/\/www.namude.lt\/wp-content\/uploads\/2023\/11\/logo-symbol.svg\",\"width\":1,\"height\":1,\"caption\":\"Namud\u0117\"},\"image\":{\"@id\":\"https:\/\/www.namude.lt\/#\/schema\/logo\/image\/\"}}]}<\/script>\n<!-- \/ Yoast SEO plugin. -->","yoast_head_json":{"title":"Anyk\u0161\u010di\u0173 raj., Debeiki\u0173 miestelio \u0161irdyje parduodamas gyvenamasis namas! - Namud\u0117","robots":{"index":"index","follow":"follow","max-snippet":"max-snippet:-1","max-image-preview":"max-image-preview:large","max-video-preview":"max-video-preview:-1"},"canonical":"https:\/\/www.namude.lt\/objektas\/anyksciu-raj-debeikiu-miestelio-sirdyje-parduodamas-gyvenamasis-namas\/","og_locale":"ru_RU","og_type":"article","og_title":"Anyk\u0161\u010di\u0173 raj., Debeiki\u0173 miestelio \u0161irdyje parduodamas gyvenamasis namas! - Namud\u0117","og_description":"Debeiki\u0173 miestelyje, Trumbati\u0161kio g. 3 parduodamas r\u0105stinis namas su erdviu sklypu. Tai puikus pasirinkimas tiems, kurie ie\u0161ko namo su galimybe \u012fsirengti pagal savo poreikius.  Geras susisiekimas tiek su Utenos ar Anyk\u0161\u010di\u0173 miestu, kiekvien\u0105 dien\u0105 gal\u0117site gro\u017e\u0117tis Debeiki\u0173 \u0160v. Jono Kryk\u0161tytojo ba\u017eny\u010dios bok\u0161tais. \u0160alimais kaimelyje yra net dvi parduotuv\u0117s, ambulatorija, vaistin\u0117, mokykla, vaik\u0173 dar\u017eelis, mal\u016bnas.   PRIVALUMAI: - R\u0105stinis namas, bendras plotas 67 kv.m. \u0160vies\u016bs ir jauk\u016bs kambariai, erdvi virtuv\u0117, r\u016bsys po namu; - \u0160ildymas kietu kuru; - 38a. sklypas - Tvartas, malkin\u0117, \u0161ulinys. - Puikus susisiekimas iki Utenos, tik 28 km, ir Anyk\u0161\u010diais, tik 18km. - Netoliese esantys e\u017eerai: Lip\u0161ys \u2013 4km, Rubiki\u0173 e\u017eeras \u2013 7km.  Koordinat\u0117s: WGS- 55.581569, 25.326821","og_url":"https:\/\/www.namude.lt\/objektas\/anyksciu-raj-debeikiu-miestelio-sirdyje-parduodamas-gyvenamasis-namas\/","og_site_name":"Namud\u0117","article_modified_time":"2026-04-04T07:23:15+00:00","og_image":[{"width":2400,"height":1800,"url":"https:\/\/www.namude.lt\/wp-content\/uploads\/2024\/11\/1-8.jpg","type":"image\/jpeg"}],"twitter_card":"summary_large_image","schema":{"@context":"https:\/\/schema.org","@graph":[{"@type":"WebPage","@id":"https:\/\/www.namude.lt\/objektas\/anyksciu-raj-debeikiu-miestelio-sirdyje-parduodamas-gyvenamasis-namas\/","url":"https:\/\/www.namude.lt\/objektas\/anyksciu-raj-debeikiu-miestelio-sirdyje-parduodamas-gyvenamasis-namas\/","name":"Anyk\u0161\u010di\u0173 raj., Debeiki\u0173 miestelio \u0161irdyje parduodamas gyvenamasis namas! - Namud\u0117","isPartOf":{"@id":"https:\/\/www.namude.lt\/#website"},"primaryImageOfPage":{"@id":"https:\/\/www.namude.lt\/objektas\/anyksciu-raj-debeikiu-miestelio-sirdyje-parduodamas-gyvenamasis-namas\/#primaryimage"},"image":{"@id":"https:\/\/www.namude.lt\/objektas\/anyksciu-raj-debeikiu-miestelio-sirdyje-parduodamas-gyvenamasis-namas\/#primaryimage"},"thumbnailUrl":"https:\/\/www.namude.lt\/wp-content\/uploads\/2024\/11\/1-8.jpg","datePublished":"2024-11-11T09:06:09+00:00","dateModified":"2026-04-04T07:23:15+00:00","breadcrumb":{"@id":"https:\/\/www.namude.lt\/objektas\/anyksciu-raj-debeikiu-miestelio-sirdyje-parduodamas-gyvenamasis-namas\/#breadcrumb"},"inLanguage":"ru-RU","potentialAction":[{"@type":"ReadAction","target":["https:\/\/www.namude.lt\/objektas\/anyksciu-raj-debeikiu-miestelio-sirdyje-parduodamas-gyvenamasis-namas\/"]}]},{"@type":"ImageObject","inLanguage":"ru-RU","@id":"https:\/\/www.namude.lt\/objektas\/anyksciu-raj-debeikiu-miestelio-sirdyje-parduodamas-gyvenamasis-namas\/#primaryimage","url":"https:\/\/www.namude.lt\/wp-content\/uploads\/2024\/11\/1-8.jpg","contentUrl":"https:\/\/www.namude.lt\/wp-content\/uploads\/2024\/11\/1-8.jpg","width":2400,"height":1800},{"@type":"BreadcrumbList","@id":"https:\/\/www.namude.lt\/objektas\/anyksciu-raj-debeikiu-miestelio-sirdyje-parduodamas-gyvenamasis-namas\/#breadcrumb","itemListElement":[{"@type":"ListItem","position":1,"name":"Home","item":"https:\/\/www.namude.lt\/ru\/"},{"@type":"ListItem","position":2,"name":"\u041e\u0431\u044a\u0435\u043a\u0442\u044b","item":"https:\/\/www.namude.lt\/ru\/%d0%be%d0%b1%d1%8a%d0%b5%d0%ba%d1%82%d1%8b\/"},{"@type":"ListItem","position":3,"name":"Anyk\u0161\u010di\u0173 raj., Debeiki\u0173 miestelio \u0161irdyje parduodamas gyvenamasis namas!"}]},{"@type":"WebSite","@id":"https:\/\/www.namude.lt\/#website","url":"https:\/\/www.namude.lt\/","name":"Namud\u0117","description":"\u201eNamud\u0117\u201c \u2013 agent\u016bra, pardavin\u0117janti Auk\u0161taitijos NT grynuolius.","publisher":{"@id":"https:\/\/www.namude.lt\/#organization"},"potentialAction":[{"@type":"SearchAction","target":{"@type":"EntryPoint","urlTemplate":"https:\/\/www.namude.lt\/?s={search_term_string}"},"query-input":{"@type":"PropertyValueSpecification","valueRequired":true,"valueName":"search_term_string"}}],"inLanguage":"ru-RU"},{"@type":"Organization","@id":"https:\/\/www.namude.lt\/#organization","name":"Namud\u0117","url":"https:\/\/www.namude.lt\/","logo":{"@type":"ImageObject","inLanguage":"ru-RU","@id":"https:\/\/www.namude.lt\/#\/schema\/logo\/image\/","url":"https:\/\/www.namude.lt\/wp-content\/uploads\/2023\/11\/logo-symbol.svg","contentUrl":"https:\/\/www.namude.lt\/wp-content\/uploads\/2023\/11\/logo-symbol.svg","width":1,"height":1,"caption":"Namud\u0117"},"image":{"@id":"https:\/\/www.namude.lt\/#\/schema\/logo\/image\/"}}]}},"_links":{"self":[{"href":"https:\/\/www.namude.lt\/ru\/wp-json\/wp\/v2\/product\/13604","targetHints":{"allow":["GET"]}}],"collection":[{"href":"https:\/\/www.namude.lt\/ru\/wp-json\/wp\/v2\/product"}],"about":[{"href":"https:\/\/www.namude.lt\/ru\/wp-json\/wp\/v2\/types\/product"}],"wp:featuredmedia":[{"embeddable":true,"href":"https:\/\/www.namude.lt\/ru\/wp-json\/wp\/v2\/media\/26042"}],"wp:attachment":[{"href":"https:\/\/www.namude.lt\/ru\/wp-json\/wp\/v2\/media?parent=13604"}],"wp:term":[{"taxonomy":"product_brand","embeddable":true,"href":"https:\/\/www.namude.lt\/ru\/wp-json\/wp\/v2\/product_brand?post=13604"},{"taxonomy":"product_cat","embeddable":true,"href":"https:\/\/www.namude.lt\/ru\/wp-json\/wp\/v2\/product_cat?post=13604"},{"taxonomy":"product_tag","embeddable":true,"href":"https:\/\/www.namude.lt\/ru\/wp-json\/wp\/v2\/product_tag?post=13604"}],"curies":[{"name":"wp","href":"https:\/\/api.w.org\/{rel}","templated":true}]}}