{"id":13551,"date":"2024-11-11T10:11:01","date_gmt":"2024-11-11T08:11:01","guid":{"rendered":"https:\/\/www.namude.lt\/?post_type=product&#038;p=13551"},"modified":"2024-11-11T11:30:06","modified_gmt":"2024-11-11T09:30:06","slug":"strategiskai-patogioje-utenos-miesto-dalyje-parduodama-dalis-gyvenamojo-namo","status":"publish","type":"product","link":"https:\/\/www.namude.lt\/ru\/\u043e\u0431\u044a\u0435\u043a\u0442\/strategiskai-patogioje-utenos-miesto-dalyje-parduodama-dalis-gyvenamojo-namo\/","title":{"rendered":"Utenos mieste, strategi\u0161kai patogioje vietoje, parduodama dalis gyvenamojo namo."},"content":{"rendered":"","protected":false},"excerpt":{"rendered":"<p>Parduodama namo dalis indviduali\u0173 nam\u0173 kvartale \u0161alimais Dauni\u0161kio e\u017eero, Sudeiki\u0173 g. 2. Patalpos puikiai tiks ne tik gyvenimui, bet ir komercinei veiklai, nes namas randasi prie pagrindin\u0117s Basanavi\u010diaus gatv\u0117s.<\/p>\n<p>PRIVALUMAI:<br \/>\n&#8212; Renovuotas r\u0105stinis namas;<br \/>\n&#8212; Patalpos yra 1 gyvenamojo namo auk\u0161te, yra atskiras \u012f\u0117jimas, 2 kambariai, virtuv\u0117, bei vonios kambarys (bentras plotas apie 38kv.m.). Paliekami daliniai baldai;<br \/>\n&#8212; \u0160ildymas kietu kuru;<br \/>\n&#8212; Erdvi terasa;<br \/>\n&#8212; 3a. i\u0161puosel\u0117to kiemo, \u0161iltnamis;<br \/>\n&#8212; Gara\u017eas, sandeliukas, lauko r\u016bsys;<br \/>\n&#8212; Erdvi automobili\u0173 aik\u0161tel\u0117 \u0161alia namo;<br \/>\n&#8212; Patogus susisiekimas vie\u0161uoju transportu;<br \/>\n&#8212; \u0160alimais Dauni\u0161kio e\u017eeras ir parkas.<\/p>\n","protected":false},"featured_media":13552,"template":"","meta":{"_acf_changed":false},"product_brand":[],"product_cat":[26],"product_tag":[],"class_list":{"0":"post-13551","1":"product","2":"type-product","3":"status-publish","4":"has-post-thumbnail","6":"product_cat-namai","7":"pa_rajonas-utenos-rajonas","8":"description-off","10":"first","11":"instock","12":"shipping-taxable","13":"purchasable","14":"product-type-simple"},"acf":[],"yoast_head":"<!-- This site is optimized with the Yoast SEO plugin v27.4 - https:\/\/yoast.com\/product\/yoast-seo-wordpress\/ -->\n<title>Utenos mieste, strategi\u0161kai patogioje vietoje, parduodama dalis gyvenamojo namo. - Namud\u0117<\/title>\n<meta name=\"robots\" content=\"index, follow, max-snippet:-1, max-image-preview:large, max-video-preview:-1\" \/>\n<link rel=\"canonical\" href=\"https:\/\/www.namude.lt\/objektas\/strategiskai-patogioje-utenos-miesto-dalyje-parduodama-dalis-gyvenamojo-namo\/\" \/>\n<meta property=\"og:locale\" content=\"ru_RU\" \/>\n<meta property=\"og:type\" content=\"article\" \/>\n<meta property=\"og:title\" content=\"Utenos mieste, strategi\u0161kai patogioje vietoje, parduodama dalis gyvenamojo namo. - Namud\u0117\" \/>\n<meta property=\"og:description\" content=\"Parduodama namo dalis indviduali\u0173 nam\u0173 kvartale \u0161alimais Dauni\u0161kio e\u017eero, Sudeiki\u0173 g. 2. Patalpos puikiai tiks ne tik gyvenimui, bet ir komercinei veiklai, nes namas randasi prie pagrindin\u0117s Basanavi\u010diaus gatv\u0117s.  PRIVALUMAI: - Renovuotas r\u0105stinis namas; - Patalpos yra 1 gyvenamojo namo auk\u0161te, yra atskiras \u012f\u0117jimas, 2 kambariai, virtuv\u0117, bei vonios kambarys (bentras plotas apie 38kv.m.). Paliekami daliniai baldai; - \u0160ildymas kietu kuru; - Erdvi terasa; - 3a. i\u0161puosel\u0117to kiemo, \u0161iltnamis; - Gara\u017eas, sandeliukas, lauko r\u016bsys; - Erdvi automobili\u0173 aik\u0161tel\u0117 \u0161alia namo; - Patogus susisiekimas vie\u0161uoju transportu; - \u0160alimais Dauni\u0161kio e\u017eeras ir parkas.\" \/>\n<meta property=\"og:url\" content=\"https:\/\/www.namude.lt\/objektas\/strategiskai-patogioje-utenos-miesto-dalyje-parduodama-dalis-gyvenamojo-namo\/\" \/>\n<meta property=\"og:site_name\" content=\"Namud\u0117\" \/>\n<meta property=\"article:modified_time\" content=\"2024-11-11T09:30:06+00:00\" \/>\n<meta property=\"og:image\" content=\"https:\/\/www.namude.lt\/wp-content\/uploads\/2024\/11\/1-2.jpg\" \/>\n\t<meta property=\"og:image:width\" content=\"2400\" \/>\n\t<meta property=\"og:image:height\" content=\"1800\" \/>\n\t<meta property=\"og:image:type\" content=\"image\/jpeg\" \/>\n<meta name=\"twitter:card\" content=\"summary_large_image\" \/>\n<script type=\"application\/ld+json\" class=\"yoast-schema-graph\">{\"@context\":\"https:\\\/\\\/schema.org\",\"@graph\":[{\"@type\":\"WebPage\",\"@id\":\"https:\\\/\\\/www.namude.lt\\\/objektas\\\/strategiskai-patogioje-utenos-miesto-dalyje-parduodama-dalis-gyvenamojo-namo\\\/\",\"url\":\"https:\\\/\\\/www.namude.lt\\\/objektas\\\/strategiskai-patogioje-utenos-miesto-dalyje-parduodama-dalis-gyvenamojo-namo\\\/\",\"name\":\"Utenos mieste, strategi\u0161kai patogioje vietoje, parduodama dalis gyvenamojo namo. - Namud\u0117\",\"isPartOf\":{\"@id\":\"https:\\\/\\\/www.namude.lt\\\/#website\"},\"primaryImageOfPage\":{\"@id\":\"https:\\\/\\\/www.namude.lt\\\/objektas\\\/strategiskai-patogioje-utenos-miesto-dalyje-parduodama-dalis-gyvenamojo-namo\\\/#primaryimage\"},\"image\":{\"@id\":\"https:\\\/\\\/www.namude.lt\\\/objektas\\\/strategiskai-patogioje-utenos-miesto-dalyje-parduodama-dalis-gyvenamojo-namo\\\/#primaryimage\"},\"thumbnailUrl\":\"https:\\\/\\\/www.namude.lt\\\/wp-content\\\/uploads\\\/2024\\\/11\\\/1-2.jpg\",\"datePublished\":\"2024-11-11T08:11:01+00:00\",\"dateModified\":\"2024-11-11T09:30:06+00:00\",\"breadcrumb\":{\"@id\":\"https:\\\/\\\/www.namude.lt\\\/objektas\\\/strategiskai-patogioje-utenos-miesto-dalyje-parduodama-dalis-gyvenamojo-namo\\\/#breadcrumb\"},\"inLanguage\":\"ru-RU\",\"potentialAction\":[{\"@type\":\"ReadAction\",\"target\":[\"https:\\\/\\\/www.namude.lt\\\/objektas\\\/strategiskai-patogioje-utenos-miesto-dalyje-parduodama-dalis-gyvenamojo-namo\\\/\"]}]},{\"@type\":\"ImageObject\",\"inLanguage\":\"ru-RU\",\"@id\":\"https:\\\/\\\/www.namude.lt\\\/objektas\\\/strategiskai-patogioje-utenos-miesto-dalyje-parduodama-dalis-gyvenamojo-namo\\\/#primaryimage\",\"url\":\"https:\\\/\\\/www.namude.lt\\\/wp-content\\\/uploads\\\/2024\\\/11\\\/1-2.jpg\",\"contentUrl\":\"https:\\\/\\\/www.namude.lt\\\/wp-content\\\/uploads\\\/2024\\\/11\\\/1-2.jpg\",\"width\":2400,\"height\":1800},{\"@type\":\"BreadcrumbList\",\"@id\":\"https:\\\/\\\/www.namude.lt\\\/objektas\\\/strategiskai-patogioje-utenos-miesto-dalyje-parduodama-dalis-gyvenamojo-namo\\\/#breadcrumb\",\"itemListElement\":[{\"@type\":\"ListItem\",\"position\":1,\"name\":\"Home\",\"item\":\"https:\\\/\\\/www.namude.lt\\\/ru\\\/\"},{\"@type\":\"ListItem\",\"position\":2,\"name\":\"\u041e\u0431\u044a\u0435\u043a\u0442\u044b\",\"item\":\"https:\\\/\\\/www.namude.lt\\\/ru\\\/%d0%be%d0%b1%d1%8a%d0%b5%d0%ba%d1%82%d1%8b\\\/\"},{\"@type\":\"ListItem\",\"position\":3,\"name\":\"Utenos mieste, strategi\u0161kai patogioje vietoje, parduodama dalis gyvenamojo namo.\"}]},{\"@type\":\"WebSite\",\"@id\":\"https:\\\/\\\/www.namude.lt\\\/#website\",\"url\":\"https:\\\/\\\/www.namude.lt\\\/\",\"name\":\"Namud\u0117\",\"description\":\"\u201eNamud\u0117\u201c \u2013 agent\u016bra, pardavin\u0117janti Auk\u0161taitijos NT grynuolius.\",\"publisher\":{\"@id\":\"https:\\\/\\\/www.namude.lt\\\/#organization\"},\"potentialAction\":[{\"@type\":\"SearchAction\",\"target\":{\"@type\":\"EntryPoint\",\"urlTemplate\":\"https:\\\/\\\/www.namude.lt\\\/?s={search_term_string}\"},\"query-input\":{\"@type\":\"PropertyValueSpecification\",\"valueRequired\":true,\"valueName\":\"search_term_string\"}}],\"inLanguage\":\"ru-RU\"},{\"@type\":\"Organization\",\"@id\":\"https:\\\/\\\/www.namude.lt\\\/#organization\",\"name\":\"Namud\u0117\",\"url\":\"https:\\\/\\\/www.namude.lt\\\/\",\"logo\":{\"@type\":\"ImageObject\",\"inLanguage\":\"ru-RU\",\"@id\":\"https:\\\/\\\/www.namude.lt\\\/#\\\/schema\\\/logo\\\/image\\\/\",\"url\":\"https:\\\/\\\/www.namude.lt\\\/wp-content\\\/uploads\\\/2023\\\/11\\\/logo-symbol.svg\",\"contentUrl\":\"https:\\\/\\\/www.namude.lt\\\/wp-content\\\/uploads\\\/2023\\\/11\\\/logo-symbol.svg\",\"width\":1,\"height\":1,\"caption\":\"Namud\u0117\"},\"image\":{\"@id\":\"https:\\\/\\\/www.namude.lt\\\/#\\\/schema\\\/logo\\\/image\\\/\"}}]}<\/script>\n<!-- \/ Yoast SEO plugin. -->","yoast_head_json":{"title":"Utenos mieste, strategi\u0161kai patogioje vietoje, parduodama dalis gyvenamojo namo. - Namud\u0117","robots":{"index":"index","follow":"follow","max-snippet":"max-snippet:-1","max-image-preview":"max-image-preview:large","max-video-preview":"max-video-preview:-1"},"canonical":"https:\/\/www.namude.lt\/objektas\/strategiskai-patogioje-utenos-miesto-dalyje-parduodama-dalis-gyvenamojo-namo\/","og_locale":"ru_RU","og_type":"article","og_title":"Utenos mieste, strategi\u0161kai patogioje vietoje, parduodama dalis gyvenamojo namo. - Namud\u0117","og_description":"Parduodama namo dalis indviduali\u0173 nam\u0173 kvartale \u0161alimais Dauni\u0161kio e\u017eero, Sudeiki\u0173 g. 2. Patalpos puikiai tiks ne tik gyvenimui, bet ir komercinei veiklai, nes namas randasi prie pagrindin\u0117s Basanavi\u010diaus gatv\u0117s.  PRIVALUMAI: - Renovuotas r\u0105stinis namas; - Patalpos yra 1 gyvenamojo namo auk\u0161te, yra atskiras \u012f\u0117jimas, 2 kambariai, virtuv\u0117, bei vonios kambarys (bentras plotas apie 38kv.m.). Paliekami daliniai baldai; - \u0160ildymas kietu kuru; - Erdvi terasa; - 3a. i\u0161puosel\u0117to kiemo, \u0161iltnamis; - Gara\u017eas, sandeliukas, lauko r\u016bsys; - Erdvi automobili\u0173 aik\u0161tel\u0117 \u0161alia namo; - Patogus susisiekimas vie\u0161uoju transportu; - \u0160alimais Dauni\u0161kio e\u017eeras ir parkas.","og_url":"https:\/\/www.namude.lt\/objektas\/strategiskai-patogioje-utenos-miesto-dalyje-parduodama-dalis-gyvenamojo-namo\/","og_site_name":"Namud\u0117","article_modified_time":"2024-11-11T09:30:06+00:00","og_image":[{"width":2400,"height":1800,"url":"https:\/\/www.namude.lt\/wp-content\/uploads\/2024\/11\/1-2.jpg","type":"image\/jpeg"}],"twitter_card":"summary_large_image","schema":{"@context":"https:\/\/schema.org","@graph":[{"@type":"WebPage","@id":"https:\/\/www.namude.lt\/objektas\/strategiskai-patogioje-utenos-miesto-dalyje-parduodama-dalis-gyvenamojo-namo\/","url":"https:\/\/www.namude.lt\/objektas\/strategiskai-patogioje-utenos-miesto-dalyje-parduodama-dalis-gyvenamojo-namo\/","name":"Utenos mieste, strategi\u0161kai patogioje vietoje, parduodama dalis gyvenamojo namo. - Namud\u0117","isPartOf":{"@id":"https:\/\/www.namude.lt\/#website"},"primaryImageOfPage":{"@id":"https:\/\/www.namude.lt\/objektas\/strategiskai-patogioje-utenos-miesto-dalyje-parduodama-dalis-gyvenamojo-namo\/#primaryimage"},"image":{"@id":"https:\/\/www.namude.lt\/objektas\/strategiskai-patogioje-utenos-miesto-dalyje-parduodama-dalis-gyvenamojo-namo\/#primaryimage"},"thumbnailUrl":"https:\/\/www.namude.lt\/wp-content\/uploads\/2024\/11\/1-2.jpg","datePublished":"2024-11-11T08:11:01+00:00","dateModified":"2024-11-11T09:30:06+00:00","breadcrumb":{"@id":"https:\/\/www.namude.lt\/objektas\/strategiskai-patogioje-utenos-miesto-dalyje-parduodama-dalis-gyvenamojo-namo\/#breadcrumb"},"inLanguage":"ru-RU","potentialAction":[{"@type":"ReadAction","target":["https:\/\/www.namude.lt\/objektas\/strategiskai-patogioje-utenos-miesto-dalyje-parduodama-dalis-gyvenamojo-namo\/"]}]},{"@type":"ImageObject","inLanguage":"ru-RU","@id":"https:\/\/www.namude.lt\/objektas\/strategiskai-patogioje-utenos-miesto-dalyje-parduodama-dalis-gyvenamojo-namo\/#primaryimage","url":"https:\/\/www.namude.lt\/wp-content\/uploads\/2024\/11\/1-2.jpg","contentUrl":"https:\/\/www.namude.lt\/wp-content\/uploads\/2024\/11\/1-2.jpg","width":2400,"height":1800},{"@type":"BreadcrumbList","@id":"https:\/\/www.namude.lt\/objektas\/strategiskai-patogioje-utenos-miesto-dalyje-parduodama-dalis-gyvenamojo-namo\/#breadcrumb","itemListElement":[{"@type":"ListItem","position":1,"name":"Home","item":"https:\/\/www.namude.lt\/ru\/"},{"@type":"ListItem","position":2,"name":"\u041e\u0431\u044a\u0435\u043a\u0442\u044b","item":"https:\/\/www.namude.lt\/ru\/%d0%be%d0%b1%d1%8a%d0%b5%d0%ba%d1%82%d1%8b\/"},{"@type":"ListItem","position":3,"name":"Utenos mieste, strategi\u0161kai patogioje vietoje, parduodama dalis gyvenamojo namo."}]},{"@type":"WebSite","@id":"https:\/\/www.namude.lt\/#website","url":"https:\/\/www.namude.lt\/","name":"Namud\u0117","description":"\u201eNamud\u0117\u201c \u2013 agent\u016bra, pardavin\u0117janti Auk\u0161taitijos NT grynuolius.","publisher":{"@id":"https:\/\/www.namude.lt\/#organization"},"potentialAction":[{"@type":"SearchAction","target":{"@type":"EntryPoint","urlTemplate":"https:\/\/www.namude.lt\/?s={search_term_string}"},"query-input":{"@type":"PropertyValueSpecification","valueRequired":true,"valueName":"search_term_string"}}],"inLanguage":"ru-RU"},{"@type":"Organization","@id":"https:\/\/www.namude.lt\/#organization","name":"Namud\u0117","url":"https:\/\/www.namude.lt\/","logo":{"@type":"ImageObject","inLanguage":"ru-RU","@id":"https:\/\/www.namude.lt\/#\/schema\/logo\/image\/","url":"https:\/\/www.namude.lt\/wp-content\/uploads\/2023\/11\/logo-symbol.svg","contentUrl":"https:\/\/www.namude.lt\/wp-content\/uploads\/2023\/11\/logo-symbol.svg","width":1,"height":1,"caption":"Namud\u0117"},"image":{"@id":"https:\/\/www.namude.lt\/#\/schema\/logo\/image\/"}}]}},"_links":{"self":[{"href":"https:\/\/www.namude.lt\/ru\/wp-json\/wp\/v2\/product\/13551","targetHints":{"allow":["GET"]}}],"collection":[{"href":"https:\/\/www.namude.lt\/ru\/wp-json\/wp\/v2\/product"}],"about":[{"href":"https:\/\/www.namude.lt\/ru\/wp-json\/wp\/v2\/types\/product"}],"wp:featuredmedia":[{"embeddable":true,"href":"https:\/\/www.namude.lt\/ru\/wp-json\/wp\/v2\/media\/13552"}],"wp:attachment":[{"href":"https:\/\/www.namude.lt\/ru\/wp-json\/wp\/v2\/media?parent=13551"}],"wp:term":[{"taxonomy":"product_brand","embeddable":true,"href":"https:\/\/www.namude.lt\/ru\/wp-json\/wp\/v2\/product_brand?post=13551"},{"taxonomy":"product_cat","embeddable":true,"href":"https:\/\/www.namude.lt\/ru\/wp-json\/wp\/v2\/product_cat?post=13551"},{"taxonomy":"product_tag","embeddable":true,"href":"https:\/\/www.namude.lt\/ru\/wp-json\/wp\/v2\/product_tag?post=13551"}],"curies":[{"name":"wp","href":"https:\/\/api.w.org\/{rel}","templated":true}]}}