{"id":12174,"date":"2024-09-06T10:51:46","date_gmt":"2024-09-06T07:51:46","guid":{"rendered":"https:\/\/www.namude.lt\/?post_type=product&#038;p=12174"},"modified":"2026-04-03T16:25:01","modified_gmt":"2026-04-03T13:25:01","slug":"parduodamas-3-3833-ha-zemes-ukio-paskirties-sklypas-ignalinos-rajone","status":"publish","type":"product","link":"https:\/\/www.namude.lt\/ru\/\u043e\u0431\u044a\u0435\u043a\u0442\/parduodamas-3-3833-ha-zemes-ukio-paskirties-sklypas-ignalinos-rajone\/","title":{"rendered":"Parduodamas 3.3833 ha \u017eem\u0117s \u016bkio paskirties sklypas Ignalinos rajone su pakrante, su tvenkiniais, su vandens gr\u0119\u017einiu, su atv\u0119sta elektra ir su nuotek\u0173 valymo \u012frenginiu."},"content":{"rendered":"<p>Sklypo koordinat\u0117s:<\/p>\n<p>Google maps 55.413313, 26.363159<br \/>\nMaps.lt 55.413230, 26.363426<\/p>\n","protected":false},"excerpt":{"rendered":"<p><strong>Parduodamas 3.3833 ha \u017eem\u0117s \u016bkio paskirties sklypas Ignalinos rajone, Janioni\u0173 kaimo pakra\u0161tyje, kuris apie 150m ribojasi su V\u0117\u017eupio upe.<\/strong><a href=\"https:\/\/www.namude.lt\/kategorija\/sklypai\/?filter_rajonas=ignalinos-rajonas&amp;query_type_rajonas=or\"><\/a> Min\u0117ta up\u0117 \u012f vien\u0105 pus\u0119 ( 150-200m) jungiasi su dideliu ir \u017euvingu Padysnio tvenkiniu, \u012f kit\u0105 pus\u0119 (500-600m) jungiasi su \u0160amini\u0173 e\u017eeru. Apie tre\u010ddalis sklypo apaug\u0119s mi\u0161ku (pu\u0161ys, keli dideli \u0105\u017euolai). Padarytas sklypo geodezinis planas. Iki sklypo \u012frengtas kelias su vandens nub\u0117gimo sistema. Atvesta elektra (trifazis, galingumas 11kw, taip pat yra galimyb\u0117 pasididinti). Sklype i\u0161kasti du tvenkiniai. \u012erengtas kanalizacijos valymo \u012frenginys (aptarnauja iki 8 \u017emoni\u0173). I\u0161gr\u0119\u017etas vandens gr\u0119\u017einys (60 m gylio). Artimiausias kaimynas u\u017e keli\u0173 \u0161imt\u0173 metr\u0173. Iki asfaltuoto kelio 1 km. Artimiausias miestas Ignalina apie 18 km. Iki Vilniaus apie 128 km.<\/p>\n<p>Puikios galimyb\u0117s poilsiui ir \u017evejybai!<br \/>\nKaina: 36000 eur\u0173.<\/p>\n<p>PASTABA: Sklype atve\u017eti trys moduliniai nameliai po 24 kv. m. Nameliai nebaigti \u012frengti, bet did\u017eioji dalis jau padaryta: supirktos rozet\u0117s, jungikliai, \u0161viestuvai, i\u0161ved\u017eiota santechnika, \u0161ilumos siurblio trasos. Dviejuose nameliuose sud\u0117tos grindys, padaryta sien\u0173 bei lub\u0173 apdaila, \u012frengtos virtuv\u0117s (\u0161aldytuvai, kriaukl\u0117s, mai\u0161ytuvai, kaitlent\u0117s), san. mazgai. Supirkta visa buitin\u0117 technika, vonios \u012franga (du\u0161o kabinos, du\u0161o durys, kriaukl\u0117s, mai\u0161ytuvai, klozetai). Projektui \u012fgyvendinti liko pastatyti polinius pamatus, i\u0161ved\u017eioti kanalizacij\u0105 ir elektros instaliacij\u0105, bei vanden\u012f.<br \/>\nSklypo kaina su moduliniais namukais: 60000 eur\u0173.<br \/>\nGalima pirkti atskirai tik namelius.<\/p>\n","protected":false},"featured_media":12175,"template":"","meta":{"_acf_changed":false},"product_brand":[],"product_cat":[24],"product_tag":[],"class_list":{"0":"post-12174","1":"product","2":"type-product","3":"status-publish","4":"has-post-thumbnail","6":"product_cat-sklypai","7":"pa_rajonas-ignalinos-rajonas","8":"description-off","10":"first","11":"instock","12":"sale","13":"shipping-taxable","14":"purchasable","15":"product-type-simple"},"acf":[],"yoast_head":"<!-- This site is optimized with the Yoast SEO plugin v27.0 - https:\/\/yoast.com\/product\/yoast-seo-wordpress\/ -->\n<title>Parduodamas 3.3833 ha \u017eem\u0117s \u016bkio paskirties sklypas Ignalinos rajone su pakrante, su tvenkiniais, su vandens gr\u0119\u017einiu, su atv\u0119sta elektra ir su nuotek\u0173 valymo \u012frenginiu. - Namud\u0117<\/title>\n<meta name=\"robots\" content=\"index, follow, max-snippet:-1, max-image-preview:large, max-video-preview:-1\" \/>\n<link rel=\"canonical\" href=\"https:\/\/www.namude.lt\/objektas\/parduodamas-3-3833-ha-zemes-ukio-paskirties-sklypas-ignalinos-rajone\/\" \/>\n<meta property=\"og:locale\" content=\"ru_RU\" \/>\n<meta property=\"og:type\" content=\"article\" \/>\n<meta property=\"og:title\" content=\"Parduodamas 3.3833 ha \u017eem\u0117s \u016bkio paskirties sklypas Ignalinos rajone su pakrante, su tvenkiniais, su vandens gr\u0119\u017einiu, su atv\u0119sta elektra ir su nuotek\u0173 valymo \u012frenginiu. - Namud\u0117\" \/>\n<meta property=\"og:description\" content=\"Parduodamas 3.3833 ha \u017eem\u0117s \u016bkio paskirties sklypas Ignalinos rajone, Janioni\u0173 kaimo pakra\u0161tyje, kuris apie 150m ribojasi su V\u0117\u017eupio upe. Min\u0117ta up\u0117 \u012f vien\u0105 pus\u0119 ( 150-200m) jungiasi su dideliu ir \u017euvingu Padysnio tvenkiniu, \u012f kit\u0105 pus\u0119 (500-600m) jungiasi su \u0160amini\u0173 e\u017eeru. Apie tre\u010ddalis sklypo apaug\u0119s mi\u0161ku (pu\u0161ys, keli dideli \u0105\u017euolai). Padarytas sklypo geodezinis planas. Iki sklypo \u012frengtas kelias su vandens nub\u0117gimo sistema. Atvesta elektra (trifazis, galingumas 11kw, taip pat yra galimyb\u0117 pasididinti). Sklype i\u0161kasti du tvenkiniai. \u012erengtas kanalizacijos valymo \u012frenginys (aptarnauja iki 8 \u017emoni\u0173). I\u0161gr\u0119\u017etas vandens gr\u0119\u017einys (60 m gylio). Artimiausias kaimynas u\u017e keli\u0173 \u0161imt\u0173 metr\u0173. Iki asfaltuoto kelio 1 km. Artimiausias miestas Ignalina apie 18 km. Iki Vilniaus apie 128 km.  Puikios galimyb\u0117s poilsiui ir \u017evejybai! Kaina: 36000 eur\u0173.  PASTABA: Sklype atve\u017eti trys moduliniai nameliai po 24 kv. m. Nameliai nebaigti \u012frengti, bet did\u017eioji dalis jau padaryta: supirktos rozet\u0117s, jungikliai, \u0161viestuvai, i\u0161ved\u017eiota santechnika, \u0161ilumos siurblio trasos. Dviejuose nameliuose sud\u0117tos grindys, padaryta sien\u0173 bei lub\u0173 apdaila, \u012frengtos virtuv\u0117s (\u0161aldytuvai, kriaukl\u0117s, mai\u0161ytuvai, kaitlent\u0117s), san. mazgai. Supirkta visa buitin\u0117 technika, vonios \u012franga (du\u0161o kabinos, du\u0161o durys, kriaukl\u0117s, mai\u0161ytuvai, klozetai). Projektui \u012fgyvendinti liko pastatyti polinius pamatus, i\u0161ved\u017eioti kanalizacij\u0105 ir elektros instaliacij\u0105, bei vanden\u012f. Sklypo kaina su moduliniais namukais: 60000 eur\u0173. Galima pirkti atskirai tik namelius.\" \/>\n<meta property=\"og:url\" content=\"https:\/\/www.namude.lt\/objektas\/parduodamas-3-3833-ha-zemes-ukio-paskirties-sklypas-ignalinos-rajone\/\" \/>\n<meta property=\"og:site_name\" content=\"Namud\u0117\" \/>\n<meta property=\"article:modified_time\" content=\"2026-04-03T13:25:01+00:00\" \/>\n<meta property=\"og:image\" content=\"https:\/\/www.namude.lt\/wp-content\/uploads\/2024\/09\/1.jpg\" \/>\n\t<meta property=\"og:image:width\" content=\"1024\" \/>\n\t<meta property=\"og:image:height\" content=\"509\" \/>\n\t<meta property=\"og:image:type\" content=\"image\/jpeg\" \/>\n<meta name=\"twitter:card\" content=\"summary_large_image\" \/>\n<script type=\"application\/ld+json\" class=\"yoast-schema-graph\">{\"@context\":\"https:\/\/schema.org\",\"@graph\":[{\"@type\":\"WebPage\",\"@id\":\"https:\/\/www.namude.lt\/objektas\/parduodamas-3-3833-ha-zemes-ukio-paskirties-sklypas-ignalinos-rajone\/\",\"url\":\"https:\/\/www.namude.lt\/objektas\/parduodamas-3-3833-ha-zemes-ukio-paskirties-sklypas-ignalinos-rajone\/\",\"name\":\"Parduodamas 3.3833 ha \u017eem\u0117s \u016bkio paskirties sklypas Ignalinos rajone su pakrante, su tvenkiniais, su vandens gr\u0119\u017einiu, su atv\u0119sta elektra ir su nuotek\u0173 valymo \u012frenginiu. - Namud\u0117\",\"isPartOf\":{\"@id\":\"https:\/\/www.namude.lt\/#website\"},\"primaryImageOfPage\":{\"@id\":\"https:\/\/www.namude.lt\/objektas\/parduodamas-3-3833-ha-zemes-ukio-paskirties-sklypas-ignalinos-rajone\/#primaryimage\"},\"image\":{\"@id\":\"https:\/\/www.namude.lt\/objektas\/parduodamas-3-3833-ha-zemes-ukio-paskirties-sklypas-ignalinos-rajone\/#primaryimage\"},\"thumbnailUrl\":\"https:\/\/www.namude.lt\/wp-content\/uploads\/2024\/09\/1.jpg\",\"datePublished\":\"2024-09-06T07:51:46+00:00\",\"dateModified\":\"2026-04-03T13:25:01+00:00\",\"breadcrumb\":{\"@id\":\"https:\/\/www.namude.lt\/objektas\/parduodamas-3-3833-ha-zemes-ukio-paskirties-sklypas-ignalinos-rajone\/#breadcrumb\"},\"inLanguage\":\"ru-RU\",\"potentialAction\":[{\"@type\":\"ReadAction\",\"target\":[\"https:\/\/www.namude.lt\/objektas\/parduodamas-3-3833-ha-zemes-ukio-paskirties-sklypas-ignalinos-rajone\/\"]}]},{\"@type\":\"ImageObject\",\"inLanguage\":\"ru-RU\",\"@id\":\"https:\/\/www.namude.lt\/objektas\/parduodamas-3-3833-ha-zemes-ukio-paskirties-sklypas-ignalinos-rajone\/#primaryimage\",\"url\":\"https:\/\/www.namude.lt\/wp-content\/uploads\/2024\/09\/1.jpg\",\"contentUrl\":\"https:\/\/www.namude.lt\/wp-content\/uploads\/2024\/09\/1.jpg\",\"width\":1024,\"height\":509},{\"@type\":\"BreadcrumbList\",\"@id\":\"https:\/\/www.namude.lt\/objektas\/parduodamas-3-3833-ha-zemes-ukio-paskirties-sklypas-ignalinos-rajone\/#breadcrumb\",\"itemListElement\":[{\"@type\":\"ListItem\",\"position\":1,\"name\":\"Home\",\"item\":\"https:\/\/www.namude.lt\/ru\/\"},{\"@type\":\"ListItem\",\"position\":2,\"name\":\"\u041e\u0431\u044a\u0435\u043a\u0442\u044b\",\"item\":\"https:\/\/www.namude.lt\/ru\/%d0%be%d0%b1%d1%8a%d0%b5%d0%ba%d1%82%d1%8b\/\"},{\"@type\":\"ListItem\",\"position\":3,\"name\":\"Parduodamas 3.3833 ha \u017eem\u0117s \u016bkio paskirties sklypas Ignalinos rajone su pakrante, su tvenkiniais, su vandens gr\u0119\u017einiu, su atv\u0119sta elektra ir su nuotek\u0173 valymo \u012frenginiu.\"}]},{\"@type\":\"WebSite\",\"@id\":\"https:\/\/www.namude.lt\/#website\",\"url\":\"https:\/\/www.namude.lt\/\",\"name\":\"Namud\u0117\",\"description\":\"\u201eNamud\u0117\u201c \u2013 agent\u016bra, pardavin\u0117janti Auk\u0161taitijos NT grynuolius.\",\"publisher\":{\"@id\":\"https:\/\/www.namude.lt\/#organization\"},\"potentialAction\":[{\"@type\":\"SearchAction\",\"target\":{\"@type\":\"EntryPoint\",\"urlTemplate\":\"https:\/\/www.namude.lt\/?s={search_term_string}\"},\"query-input\":{\"@type\":\"PropertyValueSpecification\",\"valueRequired\":true,\"valueName\":\"search_term_string\"}}],\"inLanguage\":\"ru-RU\"},{\"@type\":\"Organization\",\"@id\":\"https:\/\/www.namude.lt\/#organization\",\"name\":\"Namud\u0117\",\"url\":\"https:\/\/www.namude.lt\/\",\"logo\":{\"@type\":\"ImageObject\",\"inLanguage\":\"ru-RU\",\"@id\":\"https:\/\/www.namude.lt\/#\/schema\/logo\/image\/\",\"url\":\"https:\/\/www.namude.lt\/wp-content\/uploads\/2023\/11\/logo-symbol.svg\",\"contentUrl\":\"https:\/\/www.namude.lt\/wp-content\/uploads\/2023\/11\/logo-symbol.svg\",\"width\":1,\"height\":1,\"caption\":\"Namud\u0117\"},\"image\":{\"@id\":\"https:\/\/www.namude.lt\/#\/schema\/logo\/image\/\"}}]}<\/script>\n<!-- \/ Yoast SEO plugin. -->","yoast_head_json":{"title":"Parduodamas 3.3833 ha \u017eem\u0117s \u016bkio paskirties sklypas Ignalinos rajone su pakrante, su tvenkiniais, su vandens gr\u0119\u017einiu, su atv\u0119sta elektra ir su nuotek\u0173 valymo \u012frenginiu. - Namud\u0117","robots":{"index":"index","follow":"follow","max-snippet":"max-snippet:-1","max-image-preview":"max-image-preview:large","max-video-preview":"max-video-preview:-1"},"canonical":"https:\/\/www.namude.lt\/objektas\/parduodamas-3-3833-ha-zemes-ukio-paskirties-sklypas-ignalinos-rajone\/","og_locale":"ru_RU","og_type":"article","og_title":"Parduodamas 3.3833 ha \u017eem\u0117s \u016bkio paskirties sklypas Ignalinos rajone su pakrante, su tvenkiniais, su vandens gr\u0119\u017einiu, su atv\u0119sta elektra ir su nuotek\u0173 valymo \u012frenginiu. - Namud\u0117","og_description":"Parduodamas 3.3833 ha \u017eem\u0117s \u016bkio paskirties sklypas Ignalinos rajone, Janioni\u0173 kaimo pakra\u0161tyje, kuris apie 150m ribojasi su V\u0117\u017eupio upe. Min\u0117ta up\u0117 \u012f vien\u0105 pus\u0119 ( 150-200m) jungiasi su dideliu ir \u017euvingu Padysnio tvenkiniu, \u012f kit\u0105 pus\u0119 (500-600m) jungiasi su \u0160amini\u0173 e\u017eeru. Apie tre\u010ddalis sklypo apaug\u0119s mi\u0161ku (pu\u0161ys, keli dideli \u0105\u017euolai). Padarytas sklypo geodezinis planas. Iki sklypo \u012frengtas kelias su vandens nub\u0117gimo sistema. Atvesta elektra (trifazis, galingumas 11kw, taip pat yra galimyb\u0117 pasididinti). Sklype i\u0161kasti du tvenkiniai. \u012erengtas kanalizacijos valymo \u012frenginys (aptarnauja iki 8 \u017emoni\u0173). I\u0161gr\u0119\u017etas vandens gr\u0119\u017einys (60 m gylio). Artimiausias kaimynas u\u017e keli\u0173 \u0161imt\u0173 metr\u0173. Iki asfaltuoto kelio 1 km. Artimiausias miestas Ignalina apie 18 km. Iki Vilniaus apie 128 km.  Puikios galimyb\u0117s poilsiui ir \u017evejybai! Kaina: 36000 eur\u0173.  PASTABA: Sklype atve\u017eti trys moduliniai nameliai po 24 kv. m. Nameliai nebaigti \u012frengti, bet did\u017eioji dalis jau padaryta: supirktos rozet\u0117s, jungikliai, \u0161viestuvai, i\u0161ved\u017eiota santechnika, \u0161ilumos siurblio trasos. Dviejuose nameliuose sud\u0117tos grindys, padaryta sien\u0173 bei lub\u0173 apdaila, \u012frengtos virtuv\u0117s (\u0161aldytuvai, kriaukl\u0117s, mai\u0161ytuvai, kaitlent\u0117s), san. mazgai. Supirkta visa buitin\u0117 technika, vonios \u012franga (du\u0161o kabinos, du\u0161o durys, kriaukl\u0117s, mai\u0161ytuvai, klozetai). Projektui \u012fgyvendinti liko pastatyti polinius pamatus, i\u0161ved\u017eioti kanalizacij\u0105 ir elektros instaliacij\u0105, bei vanden\u012f. Sklypo kaina su moduliniais namukais: 60000 eur\u0173. Galima pirkti atskirai tik namelius.","og_url":"https:\/\/www.namude.lt\/objektas\/parduodamas-3-3833-ha-zemes-ukio-paskirties-sklypas-ignalinos-rajone\/","og_site_name":"Namud\u0117","article_modified_time":"2026-04-03T13:25:01+00:00","og_image":[{"width":1024,"height":509,"url":"https:\/\/www.namude.lt\/wp-content\/uploads\/2024\/09\/1.jpg","type":"image\/jpeg"}],"twitter_card":"summary_large_image","schema":{"@context":"https:\/\/schema.org","@graph":[{"@type":"WebPage","@id":"https:\/\/www.namude.lt\/objektas\/parduodamas-3-3833-ha-zemes-ukio-paskirties-sklypas-ignalinos-rajone\/","url":"https:\/\/www.namude.lt\/objektas\/parduodamas-3-3833-ha-zemes-ukio-paskirties-sklypas-ignalinos-rajone\/","name":"Parduodamas 3.3833 ha \u017eem\u0117s \u016bkio paskirties sklypas Ignalinos rajone su pakrante, su tvenkiniais, su vandens gr\u0119\u017einiu, su atv\u0119sta elektra ir su nuotek\u0173 valymo \u012frenginiu. - Namud\u0117","isPartOf":{"@id":"https:\/\/www.namude.lt\/#website"},"primaryImageOfPage":{"@id":"https:\/\/www.namude.lt\/objektas\/parduodamas-3-3833-ha-zemes-ukio-paskirties-sklypas-ignalinos-rajone\/#primaryimage"},"image":{"@id":"https:\/\/www.namude.lt\/objektas\/parduodamas-3-3833-ha-zemes-ukio-paskirties-sklypas-ignalinos-rajone\/#primaryimage"},"thumbnailUrl":"https:\/\/www.namude.lt\/wp-content\/uploads\/2024\/09\/1.jpg","datePublished":"2024-09-06T07:51:46+00:00","dateModified":"2026-04-03T13:25:01+00:00","breadcrumb":{"@id":"https:\/\/www.namude.lt\/objektas\/parduodamas-3-3833-ha-zemes-ukio-paskirties-sklypas-ignalinos-rajone\/#breadcrumb"},"inLanguage":"ru-RU","potentialAction":[{"@type":"ReadAction","target":["https:\/\/www.namude.lt\/objektas\/parduodamas-3-3833-ha-zemes-ukio-paskirties-sklypas-ignalinos-rajone\/"]}]},{"@type":"ImageObject","inLanguage":"ru-RU","@id":"https:\/\/www.namude.lt\/objektas\/parduodamas-3-3833-ha-zemes-ukio-paskirties-sklypas-ignalinos-rajone\/#primaryimage","url":"https:\/\/www.namude.lt\/wp-content\/uploads\/2024\/09\/1.jpg","contentUrl":"https:\/\/www.namude.lt\/wp-content\/uploads\/2024\/09\/1.jpg","width":1024,"height":509},{"@type":"BreadcrumbList","@id":"https:\/\/www.namude.lt\/objektas\/parduodamas-3-3833-ha-zemes-ukio-paskirties-sklypas-ignalinos-rajone\/#breadcrumb","itemListElement":[{"@type":"ListItem","position":1,"name":"Home","item":"https:\/\/www.namude.lt\/ru\/"},{"@type":"ListItem","position":2,"name":"\u041e\u0431\u044a\u0435\u043a\u0442\u044b","item":"https:\/\/www.namude.lt\/ru\/%d0%be%d0%b1%d1%8a%d0%b5%d0%ba%d1%82%d1%8b\/"},{"@type":"ListItem","position":3,"name":"Parduodamas 3.3833 ha \u017eem\u0117s \u016bkio paskirties sklypas Ignalinos rajone su pakrante, su tvenkiniais, su vandens gr\u0119\u017einiu, su atv\u0119sta elektra ir su nuotek\u0173 valymo \u012frenginiu."}]},{"@type":"WebSite","@id":"https:\/\/www.namude.lt\/#website","url":"https:\/\/www.namude.lt\/","name":"Namud\u0117","description":"\u201eNamud\u0117\u201c \u2013 agent\u016bra, pardavin\u0117janti Auk\u0161taitijos NT grynuolius.","publisher":{"@id":"https:\/\/www.namude.lt\/#organization"},"potentialAction":[{"@type":"SearchAction","target":{"@type":"EntryPoint","urlTemplate":"https:\/\/www.namude.lt\/?s={search_term_string}"},"query-input":{"@type":"PropertyValueSpecification","valueRequired":true,"valueName":"search_term_string"}}],"inLanguage":"ru-RU"},{"@type":"Organization","@id":"https:\/\/www.namude.lt\/#organization","name":"Namud\u0117","url":"https:\/\/www.namude.lt\/","logo":{"@type":"ImageObject","inLanguage":"ru-RU","@id":"https:\/\/www.namude.lt\/#\/schema\/logo\/image\/","url":"https:\/\/www.namude.lt\/wp-content\/uploads\/2023\/11\/logo-symbol.svg","contentUrl":"https:\/\/www.namude.lt\/wp-content\/uploads\/2023\/11\/logo-symbol.svg","width":1,"height":1,"caption":"Namud\u0117"},"image":{"@id":"https:\/\/www.namude.lt\/#\/schema\/logo\/image\/"}}]}},"_links":{"self":[{"href":"https:\/\/www.namude.lt\/ru\/wp-json\/wp\/v2\/product\/12174","targetHints":{"allow":["GET"]}}],"collection":[{"href":"https:\/\/www.namude.lt\/ru\/wp-json\/wp\/v2\/product"}],"about":[{"href":"https:\/\/www.namude.lt\/ru\/wp-json\/wp\/v2\/types\/product"}],"wp:featuredmedia":[{"embeddable":true,"href":"https:\/\/www.namude.lt\/ru\/wp-json\/wp\/v2\/media\/12175"}],"wp:attachment":[{"href":"https:\/\/www.namude.lt\/ru\/wp-json\/wp\/v2\/media?parent=12174"}],"wp:term":[{"taxonomy":"product_brand","embeddable":true,"href":"https:\/\/www.namude.lt\/ru\/wp-json\/wp\/v2\/product_brand?post=12174"},{"taxonomy":"product_cat","embeddable":true,"href":"https:\/\/www.namude.lt\/ru\/wp-json\/wp\/v2\/product_cat?post=12174"},{"taxonomy":"product_tag","embeddable":true,"href":"https:\/\/www.namude.lt\/ru\/wp-json\/wp\/v2\/product_tag?post=12174"}],"curies":[{"name":"wp","href":"https:\/\/api.w.org\/{rel}","templated":true}]}}