{"id":11738,"date":"2024-08-13T12:24:48","date_gmt":"2024-08-13T09:24:48","guid":{"rendered":"https:\/\/www.namude.lt\/?post_type=product&#038;p=11738"},"modified":"2026-04-07T09:59:36","modified_gmt":"2026-04-07T06:59:36","slug":"parduodama-prie-nuostabaus-grozio-ir-zuvingu-ezeru-pusynu-apsuptyje-sodyba-ignalinos-rajone-svedriskes-kaimo-pakrastyje","status":"publish","type":"product","link":"https:\/\/www.namude.lt\/ru\/\u043e\u0431\u044a\u0435\u043a\u0442\/parduodama-prie-nuostabaus-grozio-ir-zuvingu-ezeru-pusynu-apsuptyje-sodyba-ignalinos-rajone-svedriskes-kaimo-pakrastyje\/","title":{"rendered":"Parduodama prie nuostabaus gro\u017eio  ir \u017euving\u0173 e\u017eer\u0173, pu\u0161yn\u0173 apsuptyje, sodyba Ignalinos rajone, \u0160vedri\u0161k\u0117s kaimo pakra\u0161tyje."},"content":{"rendered":"","protected":false},"excerpt":{"rendered":"<p><strong>Parduodama prie nuostabaus gro\u017eio  ir \u017euving\u0173 e\u017eer\u0173, pu\u0161yn\u0173 apsuptyje, <a href=\"https:\/\/www.namude.lt\/kategorija\/sodybos\/?filter_rajonas=ignalinos-rajonas&amp;query_type_rajonas=or\">sodyba Ignalinos rajone,<\/a> \u0160vedri\u0161k\u0117s kaimo pakra\u0161tyje.<\/strong> 1990 m statybos geros b\u016bkl\u0117s gyvenamojo namo bendras plotas \u2013 139.84 kv. m. \u012evestas vietinis vandentiekis. Vietinis nuotek\u0173 \u0161alinimas ir vietinis centrinis \u0161ildymas. Po visu namu yra r\u016bsys. Taip pat prie namo yra tvartas su dar\u017eine, derlingas sodas. Po pastatais priklauso 0.1900 ha nam\u0173 valdos sklypas, atlikti geodezininiai matavimai. Iki artimiausio A\u017evintai\u010dio e\u017eero ma\u017eiau nei 0.2 km. Iki \u012fsp\u016bdingo A\u017evin\u010dio e\u017eero, kuris jungiasi su \u017einomu Sungardo e\u017eeru, ma\u017eiau nei 0.5 km. Geresn\u0119 viet\u0105 \u017evejui sunku surasti. Sodyb\u0105 supa pu\u0161ynai. Netoliese prasideda Auk\u0161taitijos nacionalinis parkas. Kaime yra maisto preki\u0173 parduotuv\u0117. Ramyb\u0117 ir saugumas, nes kaime yra pastoviai gyvenan\u010di\u0173 \u017emoni\u0173. Artimiausias miestas \u2013 Ignalina apie 34 km. Iki Vilniaus apie 133 km. Tiesiog nuostabi vieta poilsiui ir \u017evejybai.<\/p>\n","protected":false},"featured_media":22998,"template":"","meta":{"_acf_changed":false},"product_brand":[],"product_cat":[23],"product_tag":[],"class_list":{"0":"post-11738","1":"product","2":"type-product","3":"status-publish","4":"has-post-thumbnail","6":"product_cat-sodybos","7":"pa_rajonas-ignalinos-rajonas","8":"description-off","10":"first","11":"instock","12":"sale","13":"shipping-taxable","14":"purchasable","15":"product-type-simple"},"acf":[],"yoast_head":"<!-- This site is optimized with the Yoast SEO plugin v27.4 - https:\/\/yoast.com\/product\/yoast-seo-wordpress\/ -->\n<title>Parduodama prie nuostabaus gro\u017eio ir \u017euving\u0173 e\u017eer\u0173, pu\u0161yn\u0173 apsuptyje, sodyba Ignalinos rajone, \u0160vedri\u0161k\u0117s kaimo pakra\u0161tyje. - Namud\u0117<\/title>\n<meta name=\"robots\" content=\"index, follow, max-snippet:-1, max-image-preview:large, max-video-preview:-1\" \/>\n<link rel=\"canonical\" href=\"https:\/\/www.namude.lt\/objektas\/parduodama-prie-nuostabaus-grozio-ir-zuvingu-ezeru-pusynu-apsuptyje-sodyba-ignalinos-rajone-svedriskes-kaimo-pakrastyje\/\" \/>\n<meta property=\"og:locale\" content=\"ru_RU\" \/>\n<meta property=\"og:type\" content=\"article\" \/>\n<meta property=\"og:title\" content=\"Parduodama prie nuostabaus gro\u017eio ir \u017euving\u0173 e\u017eer\u0173, pu\u0161yn\u0173 apsuptyje, sodyba Ignalinos rajone, \u0160vedri\u0161k\u0117s kaimo pakra\u0161tyje. - Namud\u0117\" \/>\n<meta property=\"og:description\" content=\"Parduodama prie nuostabaus gro\u017eio ir \u017euving\u0173 e\u017eer\u0173, pu\u0161yn\u0173 apsuptyje, sodyba Ignalinos rajone, \u0160vedri\u0161k\u0117s kaimo pakra\u0161tyje. 1990 m statybos geros b\u016bkl\u0117s gyvenamojo namo bendras plotas \u2013 139.84 kv. m. \u012evestas vietinis vandentiekis. Vietinis nuotek\u0173 \u0161alinimas ir vietinis centrinis \u0161ildymas. Po visu namu yra r\u016bsys. Taip pat prie namo yra tvartas su dar\u017eine, derlingas sodas. Po pastatais priklauso 0.1900 ha nam\u0173 valdos sklypas, atlikti geodezininiai matavimai. Iki artimiausio A\u017evintai\u010dio e\u017eero ma\u017eiau nei 0.2 km. Iki \u012fsp\u016bdingo A\u017evin\u010dio e\u017eero, kuris jungiasi su \u017einomu Sungardo e\u017eeru, ma\u017eiau nei 0.5 km. Geresn\u0119 viet\u0105 \u017evejui sunku surasti. Sodyb\u0105 supa pu\u0161ynai. Netoliese prasideda Auk\u0161taitijos nacionalinis parkas. Kaime yra maisto preki\u0173 parduotuv\u0117. Ramyb\u0117 ir saugumas, nes kaime yra pastoviai gyvenan\u010di\u0173 \u017emoni\u0173. Artimiausias miestas \u2013 Ignalina apie 34 km. Iki Vilniaus apie 133 km. Tiesiog nuostabi vieta poilsiui ir \u017evejybai.\" \/>\n<meta property=\"og:url\" content=\"https:\/\/www.namude.lt\/objektas\/parduodama-prie-nuostabaus-grozio-ir-zuvingu-ezeru-pusynu-apsuptyje-sodyba-ignalinos-rajone-svedriskes-kaimo-pakrastyje\/\" \/>\n<meta property=\"og:site_name\" content=\"Namud\u0117\" \/>\n<meta property=\"article:modified_time\" content=\"2026-04-07T06:59:36+00:00\" \/>\n<meta property=\"og:image\" content=\"https:\/\/www.namude.lt\/wp-content\/uploads\/2024\/08\/Ekrano-nuotrauka-2025-10-10-151306.jpg\" \/>\n\t<meta property=\"og:image:width\" content=\"1371\" \/>\n\t<meta property=\"og:image:height\" content=\"808\" \/>\n\t<meta property=\"og:image:type\" content=\"image\/jpeg\" \/>\n<meta name=\"twitter:card\" content=\"summary_large_image\" \/>\n<script type=\"application\/ld+json\" class=\"yoast-schema-graph\">{\"@context\":\"https:\\\/\\\/schema.org\",\"@graph\":[{\"@type\":\"WebPage\",\"@id\":\"https:\\\/\\\/www.namude.lt\\\/objektas\\\/parduodama-prie-nuostabaus-grozio-ir-zuvingu-ezeru-pusynu-apsuptyje-sodyba-ignalinos-rajone-svedriskes-kaimo-pakrastyje\\\/\",\"url\":\"https:\\\/\\\/www.namude.lt\\\/objektas\\\/parduodama-prie-nuostabaus-grozio-ir-zuvingu-ezeru-pusynu-apsuptyje-sodyba-ignalinos-rajone-svedriskes-kaimo-pakrastyje\\\/\",\"name\":\"Parduodama prie nuostabaus gro\u017eio ir \u017euving\u0173 e\u017eer\u0173, pu\u0161yn\u0173 apsuptyje, sodyba Ignalinos rajone, \u0160vedri\u0161k\u0117s kaimo pakra\u0161tyje. - Namud\u0117\",\"isPartOf\":{\"@id\":\"https:\\\/\\\/www.namude.lt\\\/#website\"},\"primaryImageOfPage\":{\"@id\":\"https:\\\/\\\/www.namude.lt\\\/objektas\\\/parduodama-prie-nuostabaus-grozio-ir-zuvingu-ezeru-pusynu-apsuptyje-sodyba-ignalinos-rajone-svedriskes-kaimo-pakrastyje\\\/#primaryimage\"},\"image\":{\"@id\":\"https:\\\/\\\/www.namude.lt\\\/objektas\\\/parduodama-prie-nuostabaus-grozio-ir-zuvingu-ezeru-pusynu-apsuptyje-sodyba-ignalinos-rajone-svedriskes-kaimo-pakrastyje\\\/#primaryimage\"},\"thumbnailUrl\":\"https:\\\/\\\/www.namude.lt\\\/wp-content\\\/uploads\\\/2024\\\/08\\\/Ekrano-nuotrauka-2025-10-10-151306.jpg\",\"datePublished\":\"2024-08-13T09:24:48+00:00\",\"dateModified\":\"2026-04-07T06:59:36+00:00\",\"breadcrumb\":{\"@id\":\"https:\\\/\\\/www.namude.lt\\\/objektas\\\/parduodama-prie-nuostabaus-grozio-ir-zuvingu-ezeru-pusynu-apsuptyje-sodyba-ignalinos-rajone-svedriskes-kaimo-pakrastyje\\\/#breadcrumb\"},\"inLanguage\":\"ru-RU\",\"potentialAction\":[{\"@type\":\"ReadAction\",\"target\":[\"https:\\\/\\\/www.namude.lt\\\/objektas\\\/parduodama-prie-nuostabaus-grozio-ir-zuvingu-ezeru-pusynu-apsuptyje-sodyba-ignalinos-rajone-svedriskes-kaimo-pakrastyje\\\/\"]}]},{\"@type\":\"ImageObject\",\"inLanguage\":\"ru-RU\",\"@id\":\"https:\\\/\\\/www.namude.lt\\\/objektas\\\/parduodama-prie-nuostabaus-grozio-ir-zuvingu-ezeru-pusynu-apsuptyje-sodyba-ignalinos-rajone-svedriskes-kaimo-pakrastyje\\\/#primaryimage\",\"url\":\"https:\\\/\\\/www.namude.lt\\\/wp-content\\\/uploads\\\/2024\\\/08\\\/Ekrano-nuotrauka-2025-10-10-151306.jpg\",\"contentUrl\":\"https:\\\/\\\/www.namude.lt\\\/wp-content\\\/uploads\\\/2024\\\/08\\\/Ekrano-nuotrauka-2025-10-10-151306.jpg\",\"width\":1371,\"height\":808},{\"@type\":\"BreadcrumbList\",\"@id\":\"https:\\\/\\\/www.namude.lt\\\/objektas\\\/parduodama-prie-nuostabaus-grozio-ir-zuvingu-ezeru-pusynu-apsuptyje-sodyba-ignalinos-rajone-svedriskes-kaimo-pakrastyje\\\/#breadcrumb\",\"itemListElement\":[{\"@type\":\"ListItem\",\"position\":1,\"name\":\"Home\",\"item\":\"https:\\\/\\\/www.namude.lt\\\/ru\\\/\"},{\"@type\":\"ListItem\",\"position\":2,\"name\":\"\u041e\u0431\u044a\u0435\u043a\u0442\u044b\",\"item\":\"https:\\\/\\\/www.namude.lt\\\/ru\\\/%d0%be%d0%b1%d1%8a%d0%b5%d0%ba%d1%82%d1%8b\\\/\"},{\"@type\":\"ListItem\",\"position\":3,\"name\":\"Parduodama prie nuostabaus gro\u017eio ir \u017euving\u0173 e\u017eer\u0173, pu\u0161yn\u0173 apsuptyje, sodyba Ignalinos rajone, \u0160vedri\u0161k\u0117s kaimo pakra\u0161tyje.\"}]},{\"@type\":\"WebSite\",\"@id\":\"https:\\\/\\\/www.namude.lt\\\/#website\",\"url\":\"https:\\\/\\\/www.namude.lt\\\/\",\"name\":\"Namud\u0117\",\"description\":\"\u201eNamud\u0117\u201c \u2013 agent\u016bra, pardavin\u0117janti Auk\u0161taitijos NT grynuolius.\",\"publisher\":{\"@id\":\"https:\\\/\\\/www.namude.lt\\\/#organization\"},\"potentialAction\":[{\"@type\":\"SearchAction\",\"target\":{\"@type\":\"EntryPoint\",\"urlTemplate\":\"https:\\\/\\\/www.namude.lt\\\/?s={search_term_string}\"},\"query-input\":{\"@type\":\"PropertyValueSpecification\",\"valueRequired\":true,\"valueName\":\"search_term_string\"}}],\"inLanguage\":\"ru-RU\"},{\"@type\":\"Organization\",\"@id\":\"https:\\\/\\\/www.namude.lt\\\/#organization\",\"name\":\"Namud\u0117\",\"url\":\"https:\\\/\\\/www.namude.lt\\\/\",\"logo\":{\"@type\":\"ImageObject\",\"inLanguage\":\"ru-RU\",\"@id\":\"https:\\\/\\\/www.namude.lt\\\/#\\\/schema\\\/logo\\\/image\\\/\",\"url\":\"https:\\\/\\\/www.namude.lt\\\/wp-content\\\/uploads\\\/2023\\\/11\\\/logo-symbol.svg\",\"contentUrl\":\"https:\\\/\\\/www.namude.lt\\\/wp-content\\\/uploads\\\/2023\\\/11\\\/logo-symbol.svg\",\"width\":1,\"height\":1,\"caption\":\"Namud\u0117\"},\"image\":{\"@id\":\"https:\\\/\\\/www.namude.lt\\\/#\\\/schema\\\/logo\\\/image\\\/\"}}]}<\/script>\n<!-- \/ Yoast SEO plugin. -->","yoast_head_json":{"title":"Parduodama prie nuostabaus gro\u017eio ir \u017euving\u0173 e\u017eer\u0173, pu\u0161yn\u0173 apsuptyje, sodyba Ignalinos rajone, \u0160vedri\u0161k\u0117s kaimo pakra\u0161tyje. - Namud\u0117","robots":{"index":"index","follow":"follow","max-snippet":"max-snippet:-1","max-image-preview":"max-image-preview:large","max-video-preview":"max-video-preview:-1"},"canonical":"https:\/\/www.namude.lt\/objektas\/parduodama-prie-nuostabaus-grozio-ir-zuvingu-ezeru-pusynu-apsuptyje-sodyba-ignalinos-rajone-svedriskes-kaimo-pakrastyje\/","og_locale":"ru_RU","og_type":"article","og_title":"Parduodama prie nuostabaus gro\u017eio ir \u017euving\u0173 e\u017eer\u0173, pu\u0161yn\u0173 apsuptyje, sodyba Ignalinos rajone, \u0160vedri\u0161k\u0117s kaimo pakra\u0161tyje. - Namud\u0117","og_description":"Parduodama prie nuostabaus gro\u017eio ir \u017euving\u0173 e\u017eer\u0173, pu\u0161yn\u0173 apsuptyje, sodyba Ignalinos rajone, \u0160vedri\u0161k\u0117s kaimo pakra\u0161tyje. 1990 m statybos geros b\u016bkl\u0117s gyvenamojo namo bendras plotas \u2013 139.84 kv. m. \u012evestas vietinis vandentiekis. Vietinis nuotek\u0173 \u0161alinimas ir vietinis centrinis \u0161ildymas. Po visu namu yra r\u016bsys. Taip pat prie namo yra tvartas su dar\u017eine, derlingas sodas. Po pastatais priklauso 0.1900 ha nam\u0173 valdos sklypas, atlikti geodezininiai matavimai. Iki artimiausio A\u017evintai\u010dio e\u017eero ma\u017eiau nei 0.2 km. Iki \u012fsp\u016bdingo A\u017evin\u010dio e\u017eero, kuris jungiasi su \u017einomu Sungardo e\u017eeru, ma\u017eiau nei 0.5 km. Geresn\u0119 viet\u0105 \u017evejui sunku surasti. Sodyb\u0105 supa pu\u0161ynai. Netoliese prasideda Auk\u0161taitijos nacionalinis parkas. Kaime yra maisto preki\u0173 parduotuv\u0117. Ramyb\u0117 ir saugumas, nes kaime yra pastoviai gyvenan\u010di\u0173 \u017emoni\u0173. Artimiausias miestas \u2013 Ignalina apie 34 km. Iki Vilniaus apie 133 km. Tiesiog nuostabi vieta poilsiui ir \u017evejybai.","og_url":"https:\/\/www.namude.lt\/objektas\/parduodama-prie-nuostabaus-grozio-ir-zuvingu-ezeru-pusynu-apsuptyje-sodyba-ignalinos-rajone-svedriskes-kaimo-pakrastyje\/","og_site_name":"Namud\u0117","article_modified_time":"2026-04-07T06:59:36+00:00","og_image":[{"width":1371,"height":808,"url":"https:\/\/www.namude.lt\/wp-content\/uploads\/2024\/08\/Ekrano-nuotrauka-2025-10-10-151306.jpg","type":"image\/jpeg"}],"twitter_card":"summary_large_image","schema":{"@context":"https:\/\/schema.org","@graph":[{"@type":"WebPage","@id":"https:\/\/www.namude.lt\/objektas\/parduodama-prie-nuostabaus-grozio-ir-zuvingu-ezeru-pusynu-apsuptyje-sodyba-ignalinos-rajone-svedriskes-kaimo-pakrastyje\/","url":"https:\/\/www.namude.lt\/objektas\/parduodama-prie-nuostabaus-grozio-ir-zuvingu-ezeru-pusynu-apsuptyje-sodyba-ignalinos-rajone-svedriskes-kaimo-pakrastyje\/","name":"Parduodama prie nuostabaus gro\u017eio ir \u017euving\u0173 e\u017eer\u0173, pu\u0161yn\u0173 apsuptyje, sodyba Ignalinos rajone, \u0160vedri\u0161k\u0117s kaimo pakra\u0161tyje. - Namud\u0117","isPartOf":{"@id":"https:\/\/www.namude.lt\/#website"},"primaryImageOfPage":{"@id":"https:\/\/www.namude.lt\/objektas\/parduodama-prie-nuostabaus-grozio-ir-zuvingu-ezeru-pusynu-apsuptyje-sodyba-ignalinos-rajone-svedriskes-kaimo-pakrastyje\/#primaryimage"},"image":{"@id":"https:\/\/www.namude.lt\/objektas\/parduodama-prie-nuostabaus-grozio-ir-zuvingu-ezeru-pusynu-apsuptyje-sodyba-ignalinos-rajone-svedriskes-kaimo-pakrastyje\/#primaryimage"},"thumbnailUrl":"https:\/\/www.namude.lt\/wp-content\/uploads\/2024\/08\/Ekrano-nuotrauka-2025-10-10-151306.jpg","datePublished":"2024-08-13T09:24:48+00:00","dateModified":"2026-04-07T06:59:36+00:00","breadcrumb":{"@id":"https:\/\/www.namude.lt\/objektas\/parduodama-prie-nuostabaus-grozio-ir-zuvingu-ezeru-pusynu-apsuptyje-sodyba-ignalinos-rajone-svedriskes-kaimo-pakrastyje\/#breadcrumb"},"inLanguage":"ru-RU","potentialAction":[{"@type":"ReadAction","target":["https:\/\/www.namude.lt\/objektas\/parduodama-prie-nuostabaus-grozio-ir-zuvingu-ezeru-pusynu-apsuptyje-sodyba-ignalinos-rajone-svedriskes-kaimo-pakrastyje\/"]}]},{"@type":"ImageObject","inLanguage":"ru-RU","@id":"https:\/\/www.namude.lt\/objektas\/parduodama-prie-nuostabaus-grozio-ir-zuvingu-ezeru-pusynu-apsuptyje-sodyba-ignalinos-rajone-svedriskes-kaimo-pakrastyje\/#primaryimage","url":"https:\/\/www.namude.lt\/wp-content\/uploads\/2024\/08\/Ekrano-nuotrauka-2025-10-10-151306.jpg","contentUrl":"https:\/\/www.namude.lt\/wp-content\/uploads\/2024\/08\/Ekrano-nuotrauka-2025-10-10-151306.jpg","width":1371,"height":808},{"@type":"BreadcrumbList","@id":"https:\/\/www.namude.lt\/objektas\/parduodama-prie-nuostabaus-grozio-ir-zuvingu-ezeru-pusynu-apsuptyje-sodyba-ignalinos-rajone-svedriskes-kaimo-pakrastyje\/#breadcrumb","itemListElement":[{"@type":"ListItem","position":1,"name":"Home","item":"https:\/\/www.namude.lt\/ru\/"},{"@type":"ListItem","position":2,"name":"\u041e\u0431\u044a\u0435\u043a\u0442\u044b","item":"https:\/\/www.namude.lt\/ru\/%d0%be%d0%b1%d1%8a%d0%b5%d0%ba%d1%82%d1%8b\/"},{"@type":"ListItem","position":3,"name":"Parduodama prie nuostabaus gro\u017eio ir \u017euving\u0173 e\u017eer\u0173, pu\u0161yn\u0173 apsuptyje, sodyba Ignalinos rajone, \u0160vedri\u0161k\u0117s kaimo pakra\u0161tyje."}]},{"@type":"WebSite","@id":"https:\/\/www.namude.lt\/#website","url":"https:\/\/www.namude.lt\/","name":"Namud\u0117","description":"\u201eNamud\u0117\u201c \u2013 agent\u016bra, pardavin\u0117janti Auk\u0161taitijos NT grynuolius.","publisher":{"@id":"https:\/\/www.namude.lt\/#organization"},"potentialAction":[{"@type":"SearchAction","target":{"@type":"EntryPoint","urlTemplate":"https:\/\/www.namude.lt\/?s={search_term_string}"},"query-input":{"@type":"PropertyValueSpecification","valueRequired":true,"valueName":"search_term_string"}}],"inLanguage":"ru-RU"},{"@type":"Organization","@id":"https:\/\/www.namude.lt\/#organization","name":"Namud\u0117","url":"https:\/\/www.namude.lt\/","logo":{"@type":"ImageObject","inLanguage":"ru-RU","@id":"https:\/\/www.namude.lt\/#\/schema\/logo\/image\/","url":"https:\/\/www.namude.lt\/wp-content\/uploads\/2023\/11\/logo-symbol.svg","contentUrl":"https:\/\/www.namude.lt\/wp-content\/uploads\/2023\/11\/logo-symbol.svg","width":1,"height":1,"caption":"Namud\u0117"},"image":{"@id":"https:\/\/www.namude.lt\/#\/schema\/logo\/image\/"}}]}},"_links":{"self":[{"href":"https:\/\/www.namude.lt\/ru\/wp-json\/wp\/v2\/product\/11738","targetHints":{"allow":["GET"]}}],"collection":[{"href":"https:\/\/www.namude.lt\/ru\/wp-json\/wp\/v2\/product"}],"about":[{"href":"https:\/\/www.namude.lt\/ru\/wp-json\/wp\/v2\/types\/product"}],"wp:featuredmedia":[{"embeddable":true,"href":"https:\/\/www.namude.lt\/ru\/wp-json\/wp\/v2\/media\/22998"}],"wp:attachment":[{"href":"https:\/\/www.namude.lt\/ru\/wp-json\/wp\/v2\/media?parent=11738"}],"wp:term":[{"taxonomy":"product_brand","embeddable":true,"href":"https:\/\/www.namude.lt\/ru\/wp-json\/wp\/v2\/product_brand?post=11738"},{"taxonomy":"product_cat","embeddable":true,"href":"https:\/\/www.namude.lt\/ru\/wp-json\/wp\/v2\/product_cat?post=11738"},{"taxonomy":"product_tag","embeddable":true,"href":"https:\/\/www.namude.lt\/ru\/wp-json\/wp\/v2\/product_tag?post=11738"}],"curies":[{"name":"wp","href":"https:\/\/api.w.org\/{rel}","templated":true}]}}