{"id":11709,"date":"2024-08-12T15:06:50","date_gmt":"2024-08-12T12:06:50","guid":{"rendered":"https:\/\/www.namude.lt\/?post_type=product&#038;p=11709"},"modified":"2025-12-12T15:55:16","modified_gmt":"2025-12-12T13:55:16","slug":"ant-luodzio-ezero-kranto-pusyne-parduodamas-087-ha-sklypas-sodybviete","status":"publish","type":"product","link":"https:\/\/www.namude.lt\/ru\/\u043e\u0431\u044a\u0435\u043a\u0442\/ant-luodzio-ezero-kranto-pusyne-parduodamas-087-ha-sklypas-sodybviete\/","title":{"rendered":"Ant Luod\u017eio e\u017eero kranto, pu\u0161yne parduodamas 0,87 ha sklypas-sodybviet\u0117"},"content":{"rendered":"<p>Sklypo koordinat\u0117s:<\/p>\n<p>Maps.lt 55.594151, 26.212825<br \/>\nGoogle maps 55.59279092622423, 26.227216570724977<\/p>\n","protected":false},"excerpt":{"rendered":"<p><strong>Ant Luod\u017eio e\u017eero kranto, pu\u0161yne parduodamas 0,87 ha sklypas-sodybviet\u0117. Vertinga galimyb\u0117 pasistatyti savo svajoni\u0173 sodyb\u0105 \u0161varios gamtos prieglobstyje Gra\u017eut\u0117s regioninio parko \u0161irdyje, Marceli\u0161kio k, Salako sen, <a href=\"https:\/\/www.namude.lt\/kategorija\/sklypai\/?filter_rajonas=zarasu-rajonas&amp;query_type_rajonas=or&amp;filter_ypatumai=prie-vandens&amp;query_type_ypatumai=or\">Zaras\u0173 rajone<\/a>! <\/strong><br \/>\n Kadaise \u010dia jau yra buvusi sodyba, tad \u0161iame sklype, ant \u0161varaus, \u017euvingo e\u017eero kranto galite dr\u0105siai statytis savo svajoni\u0173 sodyb\u0105.<br \/>\n\u0160io sklypo-sodybviet\u0117s nauj\u0173j\u0173 savinink\u0173 mintis skaidrins ne tik 6-to pagal dyd\u012f e\u017eero Luod\u017eio tyvuliavimas, bet ir pu\u0161\u0173 o\u0161imas. Ryto saul\u0119 gal\u0117site sveikinti ir romanti\u0161kus vakarus leisti nuosavoje, priva\u010dioje 110 metr\u0173 ilgio Luod\u017eio pakrant\u0117je. J\u016bs\u0173 pakrant\u0117s gruntas yra tvirtas, atabradas ilgas, gil\u0117jimas &#8212; nuoseklus. Tikras maudyni\u0173 ir braidyni\u0173 rojus net patiems ma\u017eiausiems gamtin\u0117tojams!<br \/>\nJ\u016bs\u0173 ramyb\u0119 savo \u010diulb\u0117jimu dr\u012fs sudrumsti tik pauk\u0161\u010diai: nors Luodis ir Gra\u017eut\u0117s regioninis parkas yra turist\u0173 mylimos vietov\u0117s, j\u016bs\u0173 sklypas pakankamai nuo\u0161alus ir privatus, apsuptas pu\u0161yno. Vistik nerimauti neverta &#8212; atskirtyje nuo civilizacijos neleis pasijusti elektros prievadas, o ir iki Salako vos 7 km, 51km iki Utenos, gra\u017euoliai Zarasai &#8212; dar ar\u010diau.<br \/>\nM\u0117gstate plaukti baidar\u0117mis, va\u017eiuoti dvira\u010diais, tyrin\u0117ti apylinkes p\u0117stute? Labiau m\u0117gstate grybauti, ar uogauti? O gal jus sunkiau atpl\u0117\u0161ti nuo me\u0161ker\u0117s? \u012esik\u016brus \u0161ioje gamtos oaz\u0117je visiems \u0161iems pom\u0117giams eksploatuoti tur\u0117site idealias s\u0105lygas.<\/p>\n","protected":false},"featured_media":12675,"template":"","meta":{"_acf_changed":false},"product_brand":[],"product_cat":[75],"product_tag":[],"class_list":{"0":"post-11709","1":"product","2":"type-product","3":"status-publish","4":"has-post-thumbnail","6":"product_cat-parduota","7":"description-off","9":"first","10":"instock","11":"shipping-taxable","12":"purchasable","13":"product-type-simple"},"acf":[],"yoast_head":"<!-- This site is optimized with the Yoast SEO plugin v27.4 - https:\/\/yoast.com\/product\/yoast-seo-wordpress\/ -->\n<title>Ant Luod\u017eio e\u017eero kranto, pu\u0161yne parduodamas 0,87 ha sklypas-sodybviet\u0117 - Namud\u0117<\/title>\n<meta name=\"robots\" content=\"index, follow, max-snippet:-1, max-image-preview:large, max-video-preview:-1\" \/>\n<link rel=\"canonical\" href=\"https:\/\/www.namude.lt\/objektas\/ant-luodzio-ezero-kranto-pusyne-parduodamas-087-ha-sklypas-sodybviete\/\" \/>\n<meta property=\"og:locale\" content=\"ru_RU\" \/>\n<meta property=\"og:type\" content=\"article\" \/>\n<meta property=\"og:title\" content=\"Ant Luod\u017eio e\u017eero kranto, pu\u0161yne parduodamas 0,87 ha sklypas-sodybviet\u0117 - Namud\u0117\" \/>\n<meta property=\"og:description\" content=\"Ant Luod\u017eio e\u017eero kranto, pu\u0161yne parduodamas 0,87 ha sklypas-sodybviet\u0117. Vertinga galimyb\u0117 pasistatyti savo svajoni\u0173 sodyb\u0105 \u0161varios gamtos prieglobstyje Gra\u017eut\u0117s regioninio parko \u0161irdyje, Marceli\u0161kio k, Salako sen, Zaras\u0173 rajone!   Kadaise \u010dia jau yra buvusi sodyba, tad \u0161iame sklype, ant \u0161varaus, \u017euvingo e\u017eero kranto galite dr\u0105siai statytis savo svajoni\u0173 sodyb\u0105. \u0160io sklypo-sodybviet\u0117s nauj\u0173j\u0173 savinink\u0173 mintis skaidrins ne tik 6-to pagal dyd\u012f e\u017eero Luod\u017eio tyvuliavimas, bet ir pu\u0161\u0173 o\u0161imas. Ryto saul\u0119 gal\u0117site sveikinti ir romanti\u0161kus vakarus leisti nuosavoje, priva\u010dioje 110 metr\u0173 ilgio Luod\u017eio pakrant\u0117je. J\u016bs\u0173 pakrant\u0117s gruntas yra tvirtas, atabradas ilgas, gil\u0117jimas - nuoseklus. Tikras maudyni\u0173 ir braidyni\u0173 rojus net patiems ma\u017eiausiems gamtin\u0117tojams! J\u016bs\u0173 ramyb\u0119 savo \u010diulb\u0117jimu dr\u012fs sudrumsti tik pauk\u0161\u010diai: nors Luodis ir Gra\u017eut\u0117s regioninis parkas yra turist\u0173 mylimos vietov\u0117s, j\u016bs\u0173 sklypas pakankamai nuo\u0161alus ir privatus, apsuptas pu\u0161yno. Vistik nerimauti neverta - atskirtyje nuo civilizacijos neleis pasijusti elektros prievadas, o ir iki Salako vos 7 km, 51km iki Utenos, gra\u017euoliai Zarasai - dar ar\u010diau. M\u0117gstate plaukti baidar\u0117mis, va\u017eiuoti dvira\u010diais, tyrin\u0117ti apylinkes p\u0117stute? Labiau m\u0117gstate grybauti, ar uogauti? O gal jus sunkiau atpl\u0117\u0161ti nuo me\u0161ker\u0117s? \u012esik\u016brus \u0161ioje gamtos oaz\u0117je visiems \u0161iems pom\u0117giams eksploatuoti tur\u0117site idealias s\u0105lygas.\" \/>\n<meta property=\"og:url\" content=\"https:\/\/www.namude.lt\/objektas\/ant-luodzio-ezero-kranto-pusyne-parduodamas-087-ha-sklypas-sodybviete\/\" \/>\n<meta property=\"og:site_name\" content=\"Namud\u0117\" \/>\n<meta property=\"article:modified_time\" content=\"2025-12-12T13:55:16+00:00\" \/>\n<meta property=\"og:image\" content=\"https:\/\/www.namude.lt\/wp-content\/uploads\/2024\/08\/Ekrano-nuotrauka-2024-09-25-103709.jpg\" \/>\n\t<meta property=\"og:image:width\" content=\"893\" \/>\n\t<meta property=\"og:image:height\" content=\"645\" \/>\n\t<meta property=\"og:image:type\" content=\"image\/jpeg\" \/>\n<meta name=\"twitter:card\" content=\"summary_large_image\" \/>\n<script type=\"application\/ld+json\" class=\"yoast-schema-graph\">{\"@context\":\"https:\\\/\\\/schema.org\",\"@graph\":[{\"@type\":\"WebPage\",\"@id\":\"https:\\\/\\\/www.namude.lt\\\/objektas\\\/ant-luodzio-ezero-kranto-pusyne-parduodamas-087-ha-sklypas-sodybviete\\\/\",\"url\":\"https:\\\/\\\/www.namude.lt\\\/objektas\\\/ant-luodzio-ezero-kranto-pusyne-parduodamas-087-ha-sklypas-sodybviete\\\/\",\"name\":\"Ant Luod\u017eio e\u017eero kranto, pu\u0161yne parduodamas 0,87 ha sklypas-sodybviet\u0117 - Namud\u0117\",\"isPartOf\":{\"@id\":\"https:\\\/\\\/www.namude.lt\\\/#website\"},\"primaryImageOfPage\":{\"@id\":\"https:\\\/\\\/www.namude.lt\\\/objektas\\\/ant-luodzio-ezero-kranto-pusyne-parduodamas-087-ha-sklypas-sodybviete\\\/#primaryimage\"},\"image\":{\"@id\":\"https:\\\/\\\/www.namude.lt\\\/objektas\\\/ant-luodzio-ezero-kranto-pusyne-parduodamas-087-ha-sklypas-sodybviete\\\/#primaryimage\"},\"thumbnailUrl\":\"https:\\\/\\\/www.namude.lt\\\/wp-content\\\/uploads\\\/2024\\\/08\\\/Ekrano-nuotrauka-2024-09-25-103709.jpg\",\"datePublished\":\"2024-08-12T12:06:50+00:00\",\"dateModified\":\"2025-12-12T13:55:16+00:00\",\"breadcrumb\":{\"@id\":\"https:\\\/\\\/www.namude.lt\\\/objektas\\\/ant-luodzio-ezero-kranto-pusyne-parduodamas-087-ha-sklypas-sodybviete\\\/#breadcrumb\"},\"inLanguage\":\"ru-RU\",\"potentialAction\":[{\"@type\":\"ReadAction\",\"target\":[\"https:\\\/\\\/www.namude.lt\\\/objektas\\\/ant-luodzio-ezero-kranto-pusyne-parduodamas-087-ha-sklypas-sodybviete\\\/\"]}]},{\"@type\":\"ImageObject\",\"inLanguage\":\"ru-RU\",\"@id\":\"https:\\\/\\\/www.namude.lt\\\/objektas\\\/ant-luodzio-ezero-kranto-pusyne-parduodamas-087-ha-sklypas-sodybviete\\\/#primaryimage\",\"url\":\"https:\\\/\\\/www.namude.lt\\\/wp-content\\\/uploads\\\/2024\\\/08\\\/Ekrano-nuotrauka-2024-09-25-103709.jpg\",\"contentUrl\":\"https:\\\/\\\/www.namude.lt\\\/wp-content\\\/uploads\\\/2024\\\/08\\\/Ekrano-nuotrauka-2024-09-25-103709.jpg\",\"width\":893,\"height\":645},{\"@type\":\"BreadcrumbList\",\"@id\":\"https:\\\/\\\/www.namude.lt\\\/objektas\\\/ant-luodzio-ezero-kranto-pusyne-parduodamas-087-ha-sklypas-sodybviete\\\/#breadcrumb\",\"itemListElement\":[{\"@type\":\"ListItem\",\"position\":1,\"name\":\"Home\",\"item\":\"https:\\\/\\\/www.namude.lt\\\/ru\\\/\"},{\"@type\":\"ListItem\",\"position\":2,\"name\":\"\u041e\u0431\u044a\u0435\u043a\u0442\u044b\",\"item\":\"https:\\\/\\\/www.namude.lt\\\/ru\\\/%d0%be%d0%b1%d1%8a%d0%b5%d0%ba%d1%82%d1%8b\\\/\"},{\"@type\":\"ListItem\",\"position\":3,\"name\":\"Ant Luod\u017eio e\u017eero kranto, pu\u0161yne parduodamas 0,87 ha sklypas-sodybviet\u0117\"}]},{\"@type\":\"WebSite\",\"@id\":\"https:\\\/\\\/www.namude.lt\\\/#website\",\"url\":\"https:\\\/\\\/www.namude.lt\\\/\",\"name\":\"Namud\u0117\",\"description\":\"\u201eNamud\u0117\u201c \u2013 agent\u016bra, pardavin\u0117janti Auk\u0161taitijos NT grynuolius.\",\"publisher\":{\"@id\":\"https:\\\/\\\/www.namude.lt\\\/#organization\"},\"potentialAction\":[{\"@type\":\"SearchAction\",\"target\":{\"@type\":\"EntryPoint\",\"urlTemplate\":\"https:\\\/\\\/www.namude.lt\\\/?s={search_term_string}\"},\"query-input\":{\"@type\":\"PropertyValueSpecification\",\"valueRequired\":true,\"valueName\":\"search_term_string\"}}],\"inLanguage\":\"ru-RU\"},{\"@type\":\"Organization\",\"@id\":\"https:\\\/\\\/www.namude.lt\\\/#organization\",\"name\":\"Namud\u0117\",\"url\":\"https:\\\/\\\/www.namude.lt\\\/\",\"logo\":{\"@type\":\"ImageObject\",\"inLanguage\":\"ru-RU\",\"@id\":\"https:\\\/\\\/www.namude.lt\\\/#\\\/schema\\\/logo\\\/image\\\/\",\"url\":\"https:\\\/\\\/www.namude.lt\\\/wp-content\\\/uploads\\\/2023\\\/11\\\/logo-symbol.svg\",\"contentUrl\":\"https:\\\/\\\/www.namude.lt\\\/wp-content\\\/uploads\\\/2023\\\/11\\\/logo-symbol.svg\",\"width\":1,\"height\":1,\"caption\":\"Namud\u0117\"},\"image\":{\"@id\":\"https:\\\/\\\/www.namude.lt\\\/#\\\/schema\\\/logo\\\/image\\\/\"}}]}<\/script>\n<!-- \/ Yoast SEO plugin. -->","yoast_head_json":{"title":"Ant Luod\u017eio e\u017eero kranto, pu\u0161yne parduodamas 0,87 ha sklypas-sodybviet\u0117 - Namud\u0117","robots":{"index":"index","follow":"follow","max-snippet":"max-snippet:-1","max-image-preview":"max-image-preview:large","max-video-preview":"max-video-preview:-1"},"canonical":"https:\/\/www.namude.lt\/objektas\/ant-luodzio-ezero-kranto-pusyne-parduodamas-087-ha-sklypas-sodybviete\/","og_locale":"ru_RU","og_type":"article","og_title":"Ant Luod\u017eio e\u017eero kranto, pu\u0161yne parduodamas 0,87 ha sklypas-sodybviet\u0117 - Namud\u0117","og_description":"Ant Luod\u017eio e\u017eero kranto, pu\u0161yne parduodamas 0,87 ha sklypas-sodybviet\u0117. Vertinga galimyb\u0117 pasistatyti savo svajoni\u0173 sodyb\u0105 \u0161varios gamtos prieglobstyje Gra\u017eut\u0117s regioninio parko \u0161irdyje, Marceli\u0161kio k, Salako sen, Zaras\u0173 rajone!   Kadaise \u010dia jau yra buvusi sodyba, tad \u0161iame sklype, ant \u0161varaus, \u017euvingo e\u017eero kranto galite dr\u0105siai statytis savo svajoni\u0173 sodyb\u0105. \u0160io sklypo-sodybviet\u0117s nauj\u0173j\u0173 savinink\u0173 mintis skaidrins ne tik 6-to pagal dyd\u012f e\u017eero Luod\u017eio tyvuliavimas, bet ir pu\u0161\u0173 o\u0161imas. Ryto saul\u0119 gal\u0117site sveikinti ir romanti\u0161kus vakarus leisti nuosavoje, priva\u010dioje 110 metr\u0173 ilgio Luod\u017eio pakrant\u0117je. J\u016bs\u0173 pakrant\u0117s gruntas yra tvirtas, atabradas ilgas, gil\u0117jimas - nuoseklus. Tikras maudyni\u0173 ir braidyni\u0173 rojus net patiems ma\u017eiausiems gamtin\u0117tojams! J\u016bs\u0173 ramyb\u0119 savo \u010diulb\u0117jimu dr\u012fs sudrumsti tik pauk\u0161\u010diai: nors Luodis ir Gra\u017eut\u0117s regioninis parkas yra turist\u0173 mylimos vietov\u0117s, j\u016bs\u0173 sklypas pakankamai nuo\u0161alus ir privatus, apsuptas pu\u0161yno. Vistik nerimauti neverta - atskirtyje nuo civilizacijos neleis pasijusti elektros prievadas, o ir iki Salako vos 7 km, 51km iki Utenos, gra\u017euoliai Zarasai - dar ar\u010diau. M\u0117gstate plaukti baidar\u0117mis, va\u017eiuoti dvira\u010diais, tyrin\u0117ti apylinkes p\u0117stute? Labiau m\u0117gstate grybauti, ar uogauti? O gal jus sunkiau atpl\u0117\u0161ti nuo me\u0161ker\u0117s? \u012esik\u016brus \u0161ioje gamtos oaz\u0117je visiems \u0161iems pom\u0117giams eksploatuoti tur\u0117site idealias s\u0105lygas.","og_url":"https:\/\/www.namude.lt\/objektas\/ant-luodzio-ezero-kranto-pusyne-parduodamas-087-ha-sklypas-sodybviete\/","og_site_name":"Namud\u0117","article_modified_time":"2025-12-12T13:55:16+00:00","og_image":[{"width":893,"height":645,"url":"https:\/\/www.namude.lt\/wp-content\/uploads\/2024\/08\/Ekrano-nuotrauka-2024-09-25-103709.jpg","type":"image\/jpeg"}],"twitter_card":"summary_large_image","schema":{"@context":"https:\/\/schema.org","@graph":[{"@type":"WebPage","@id":"https:\/\/www.namude.lt\/objektas\/ant-luodzio-ezero-kranto-pusyne-parduodamas-087-ha-sklypas-sodybviete\/","url":"https:\/\/www.namude.lt\/objektas\/ant-luodzio-ezero-kranto-pusyne-parduodamas-087-ha-sklypas-sodybviete\/","name":"Ant Luod\u017eio e\u017eero kranto, pu\u0161yne parduodamas 0,87 ha sklypas-sodybviet\u0117 - Namud\u0117","isPartOf":{"@id":"https:\/\/www.namude.lt\/#website"},"primaryImageOfPage":{"@id":"https:\/\/www.namude.lt\/objektas\/ant-luodzio-ezero-kranto-pusyne-parduodamas-087-ha-sklypas-sodybviete\/#primaryimage"},"image":{"@id":"https:\/\/www.namude.lt\/objektas\/ant-luodzio-ezero-kranto-pusyne-parduodamas-087-ha-sklypas-sodybviete\/#primaryimage"},"thumbnailUrl":"https:\/\/www.namude.lt\/wp-content\/uploads\/2024\/08\/Ekrano-nuotrauka-2024-09-25-103709.jpg","datePublished":"2024-08-12T12:06:50+00:00","dateModified":"2025-12-12T13:55:16+00:00","breadcrumb":{"@id":"https:\/\/www.namude.lt\/objektas\/ant-luodzio-ezero-kranto-pusyne-parduodamas-087-ha-sklypas-sodybviete\/#breadcrumb"},"inLanguage":"ru-RU","potentialAction":[{"@type":"ReadAction","target":["https:\/\/www.namude.lt\/objektas\/ant-luodzio-ezero-kranto-pusyne-parduodamas-087-ha-sklypas-sodybviete\/"]}]},{"@type":"ImageObject","inLanguage":"ru-RU","@id":"https:\/\/www.namude.lt\/objektas\/ant-luodzio-ezero-kranto-pusyne-parduodamas-087-ha-sklypas-sodybviete\/#primaryimage","url":"https:\/\/www.namude.lt\/wp-content\/uploads\/2024\/08\/Ekrano-nuotrauka-2024-09-25-103709.jpg","contentUrl":"https:\/\/www.namude.lt\/wp-content\/uploads\/2024\/08\/Ekrano-nuotrauka-2024-09-25-103709.jpg","width":893,"height":645},{"@type":"BreadcrumbList","@id":"https:\/\/www.namude.lt\/objektas\/ant-luodzio-ezero-kranto-pusyne-parduodamas-087-ha-sklypas-sodybviete\/#breadcrumb","itemListElement":[{"@type":"ListItem","position":1,"name":"Home","item":"https:\/\/www.namude.lt\/ru\/"},{"@type":"ListItem","position":2,"name":"\u041e\u0431\u044a\u0435\u043a\u0442\u044b","item":"https:\/\/www.namude.lt\/ru\/%d0%be%d0%b1%d1%8a%d0%b5%d0%ba%d1%82%d1%8b\/"},{"@type":"ListItem","position":3,"name":"Ant Luod\u017eio e\u017eero kranto, pu\u0161yne parduodamas 0,87 ha sklypas-sodybviet\u0117"}]},{"@type":"WebSite","@id":"https:\/\/www.namude.lt\/#website","url":"https:\/\/www.namude.lt\/","name":"Namud\u0117","description":"\u201eNamud\u0117\u201c \u2013 agent\u016bra, pardavin\u0117janti Auk\u0161taitijos NT grynuolius.","publisher":{"@id":"https:\/\/www.namude.lt\/#organization"},"potentialAction":[{"@type":"SearchAction","target":{"@type":"EntryPoint","urlTemplate":"https:\/\/www.namude.lt\/?s={search_term_string}"},"query-input":{"@type":"PropertyValueSpecification","valueRequired":true,"valueName":"search_term_string"}}],"inLanguage":"ru-RU"},{"@type":"Organization","@id":"https:\/\/www.namude.lt\/#organization","name":"Namud\u0117","url":"https:\/\/www.namude.lt\/","logo":{"@type":"ImageObject","inLanguage":"ru-RU","@id":"https:\/\/www.namude.lt\/#\/schema\/logo\/image\/","url":"https:\/\/www.namude.lt\/wp-content\/uploads\/2023\/11\/logo-symbol.svg","contentUrl":"https:\/\/www.namude.lt\/wp-content\/uploads\/2023\/11\/logo-symbol.svg","width":1,"height":1,"caption":"Namud\u0117"},"image":{"@id":"https:\/\/www.namude.lt\/#\/schema\/logo\/image\/"}}]}},"_links":{"self":[{"href":"https:\/\/www.namude.lt\/ru\/wp-json\/wp\/v2\/product\/11709","targetHints":{"allow":["GET"]}}],"collection":[{"href":"https:\/\/www.namude.lt\/ru\/wp-json\/wp\/v2\/product"}],"about":[{"href":"https:\/\/www.namude.lt\/ru\/wp-json\/wp\/v2\/types\/product"}],"wp:featuredmedia":[{"embeddable":true,"href":"https:\/\/www.namude.lt\/ru\/wp-json\/wp\/v2\/media\/12675"}],"wp:attachment":[{"href":"https:\/\/www.namude.lt\/ru\/wp-json\/wp\/v2\/media?parent=11709"}],"wp:term":[{"taxonomy":"product_brand","embeddable":true,"href":"https:\/\/www.namude.lt\/ru\/wp-json\/wp\/v2\/product_brand?post=11709"},{"taxonomy":"product_cat","embeddable":true,"href":"https:\/\/www.namude.lt\/ru\/wp-json\/wp\/v2\/product_cat?post=11709"},{"taxonomy":"product_tag","embeddable":true,"href":"https:\/\/www.namude.lt\/ru\/wp-json\/wp\/v2\/product_tag?post=11709"}],"curies":[{"name":"wp","href":"https:\/\/api.w.org\/{rel}","templated":true}]}}