{"id":11328,"date":"2024-07-18T16:13:42","date_gmt":"2024-07-18T13:13:42","guid":{"rendered":"https:\/\/www.namude.lt\/?post_type=product&#038;p=11328"},"modified":"2025-07-21T14:00:40","modified_gmt":"2025-07-21T11:00:40","slug":"parduodamas-su-patogumais-be-skolu-tvarkingas-1-kambario-butas-antrame-aukste-is-penkiu-ignalinos-rajone-didziasalio-miestelyje","status":"publish","type":"product","link":"https:\/\/www.namude.lt\/ru\/\u043e\u0431\u044a\u0435\u043a\u0442\/parduodamas-su-patogumais-be-skolu-tvarkingas-1-kambario-butas-antrame-aukste-is-penkiu-ignalinos-rajone-didziasalio-miestelyje\/","title":{"rendered":"Parduodamas su patogumais, be skol\u0173, tvarkingas 1 kambario butas antrame auk\u0161te i\u0161 penki\u0173 Ignalinos rajone, Did\u017eiasalio miestelyje."},"content":{"rendered":"","protected":false},"excerpt":{"rendered":"<p><strong>Parduodamas su patogumais, be skol\u0173, tvarkingas 1 kambario butas antrame auk\u0161te i\u0161 penki\u0173 <a href=\"https:\/\/www.namude.lt\/kategorija\/butai\/?filter_rajonas=ignalinos-rajonas&amp;query_type_rajonas=or\">Ignalinos rajone<\/a>, Did\u017eiasalio miestelyje.<\/strong> Bendras plotas \u2013 34.81 kv. m. Butas gero i\u0161planavimo: erdvus prie\u0161kambaris, tualetas ir vonia atskirai. Didelis \u012fstiklintas balkonas. Buto \u012f\u0117jimo durys pakeistos \u012f kokybi\u0161kas naujas ir \u0161arvuotas. Buto lauko sienos ap\u0161iltintos termoizoliacine med\u017eiaga. Sud\u0117ti nauji \u0161iuolaikiniai langai su stiklo paketais. Virtuv\u0117je, vonioj ir tualete naujos sien\u0173 plytel\u0117s. Po butu priklauso r\u016bsys (3.95 kv. m). Draugi\u0161ki kaimynai. Sutvarkyta aplinka. \u0160alia automobili\u0173 stov\u0117jimo aik\u0161tel\u0117, maisto preki\u0173 parduotuv\u0117, poliklinika, vaistin\u0117, seni\u016bnija, vaik\u0173 dar\u017eelis, mokykla, rekonstruotas stadionas, nauja vaik\u0173 \u017eaidimo aik\u0161tel\u0117, turgelis ir kt. Gra\u017ei gamta. U\u017e 0.5 km tyvuliuoja Agarinio e\u017eeriukas, o u\u017e 1.0 km prateka Birv\u0117tos ir Dysnos up\u0117s. Puikus susisiekimas. Kasdien, po kelet\u0105 kart\u0173, kursuoja autobusas \u012f Ignalin\u0105. Tiesiog puikus butas geroje vietoje gyvenimui.<\/p>\n","protected":false},"featured_media":11329,"template":"","meta":{"_acf_changed":false},"product_brand":[],"product_cat":[75],"product_tag":[],"class_list":{"0":"post-11328","1":"product","2":"type-product","3":"status-publish","4":"has-post-thumbnail","6":"product_cat-parduota","7":"description-off","9":"first","10":"instock","11":"shipping-taxable","12":"purchasable","13":"product-type-simple"},"acf":[],"yoast_head":"<!-- This site is optimized with the Yoast SEO plugin v27.4 - https:\/\/yoast.com\/product\/yoast-seo-wordpress\/ -->\n<title>Parduodamas su patogumais, be skol\u0173, tvarkingas 1 kambario butas antrame auk\u0161te i\u0161 penki\u0173 Ignalinos rajone, Did\u017eiasalio miestelyje. - Namud\u0117<\/title>\n<meta name=\"robots\" content=\"index, follow, max-snippet:-1, max-image-preview:large, max-video-preview:-1\" \/>\n<link rel=\"canonical\" href=\"https:\/\/www.namude.lt\/objektas\/parduodamas-su-patogumais-be-skolu-tvarkingas-1-kambario-butas-antrame-aukste-is-penkiu-ignalinos-rajone-didziasalio-miestelyje\/\" \/>\n<meta property=\"og:locale\" content=\"ru_RU\" \/>\n<meta property=\"og:type\" content=\"article\" \/>\n<meta property=\"og:title\" content=\"Parduodamas su patogumais, be skol\u0173, tvarkingas 1 kambario butas antrame auk\u0161te i\u0161 penki\u0173 Ignalinos rajone, Did\u017eiasalio miestelyje. - Namud\u0117\" \/>\n<meta property=\"og:description\" content=\"Parduodamas su patogumais, be skol\u0173, tvarkingas 1 kambario butas antrame auk\u0161te i\u0161 penki\u0173 Ignalinos rajone, Did\u017eiasalio miestelyje. Bendras plotas \u2013 34.81 kv. m. Butas gero i\u0161planavimo: erdvus prie\u0161kambaris, tualetas ir vonia atskirai. Didelis \u012fstiklintas balkonas. Buto \u012f\u0117jimo durys pakeistos \u012f kokybi\u0161kas naujas ir \u0161arvuotas. Buto lauko sienos ap\u0161iltintos termoizoliacine med\u017eiaga. Sud\u0117ti nauji \u0161iuolaikiniai langai su stiklo paketais. Virtuv\u0117je, vonioj ir tualete naujos sien\u0173 plytel\u0117s. Po butu priklauso r\u016bsys (3.95 kv. m). Draugi\u0161ki kaimynai. Sutvarkyta aplinka. \u0160alia automobili\u0173 stov\u0117jimo aik\u0161tel\u0117, maisto preki\u0173 parduotuv\u0117, poliklinika, vaistin\u0117, seni\u016bnija, vaik\u0173 dar\u017eelis, mokykla, rekonstruotas stadionas, nauja vaik\u0173 \u017eaidimo aik\u0161tel\u0117, turgelis ir kt. Gra\u017ei gamta. U\u017e 0.5 km tyvuliuoja Agarinio e\u017eeriukas, o u\u017e 1.0 km prateka Birv\u0117tos ir Dysnos up\u0117s. Puikus susisiekimas. Kasdien, po kelet\u0105 kart\u0173, kursuoja autobusas \u012f Ignalin\u0105. Tiesiog puikus butas geroje vietoje gyvenimui.\" \/>\n<meta property=\"og:url\" content=\"https:\/\/www.namude.lt\/objektas\/parduodamas-su-patogumais-be-skolu-tvarkingas-1-kambario-butas-antrame-aukste-is-penkiu-ignalinos-rajone-didziasalio-miestelyje\/\" \/>\n<meta property=\"og:site_name\" content=\"Namud\u0117\" \/>\n<meta property=\"article:modified_time\" content=\"2025-07-21T11:00:40+00:00\" \/>\n<meta property=\"og:image\" content=\"https:\/\/www.namude.lt\/wp-content\/uploads\/2024\/07\/1-7.jpg\" \/>\n\t<meta property=\"og:image:width\" content=\"800\" \/>\n\t<meta property=\"og:image:height\" content=\"531\" \/>\n\t<meta property=\"og:image:type\" content=\"image\/jpeg\" \/>\n<meta name=\"twitter:card\" content=\"summary_large_image\" \/>\n<script type=\"application\/ld+json\" class=\"yoast-schema-graph\">{\"@context\":\"https:\\\/\\\/schema.org\",\"@graph\":[{\"@type\":\"WebPage\",\"@id\":\"https:\\\/\\\/www.namude.lt\\\/objektas\\\/parduodamas-su-patogumais-be-skolu-tvarkingas-1-kambario-butas-antrame-aukste-is-penkiu-ignalinos-rajone-didziasalio-miestelyje\\\/\",\"url\":\"https:\\\/\\\/www.namude.lt\\\/objektas\\\/parduodamas-su-patogumais-be-skolu-tvarkingas-1-kambario-butas-antrame-aukste-is-penkiu-ignalinos-rajone-didziasalio-miestelyje\\\/\",\"name\":\"Parduodamas su patogumais, be skol\u0173, tvarkingas 1 kambario butas antrame auk\u0161te i\u0161 penki\u0173 Ignalinos rajone, Did\u017eiasalio miestelyje. - Namud\u0117\",\"isPartOf\":{\"@id\":\"https:\\\/\\\/www.namude.lt\\\/#website\"},\"primaryImageOfPage\":{\"@id\":\"https:\\\/\\\/www.namude.lt\\\/objektas\\\/parduodamas-su-patogumais-be-skolu-tvarkingas-1-kambario-butas-antrame-aukste-is-penkiu-ignalinos-rajone-didziasalio-miestelyje\\\/#primaryimage\"},\"image\":{\"@id\":\"https:\\\/\\\/www.namude.lt\\\/objektas\\\/parduodamas-su-patogumais-be-skolu-tvarkingas-1-kambario-butas-antrame-aukste-is-penkiu-ignalinos-rajone-didziasalio-miestelyje\\\/#primaryimage\"},\"thumbnailUrl\":\"https:\\\/\\\/www.namude.lt\\\/wp-content\\\/uploads\\\/2024\\\/07\\\/1-7.jpg\",\"datePublished\":\"2024-07-18T13:13:42+00:00\",\"dateModified\":\"2025-07-21T11:00:40+00:00\",\"breadcrumb\":{\"@id\":\"https:\\\/\\\/www.namude.lt\\\/objektas\\\/parduodamas-su-patogumais-be-skolu-tvarkingas-1-kambario-butas-antrame-aukste-is-penkiu-ignalinos-rajone-didziasalio-miestelyje\\\/#breadcrumb\"},\"inLanguage\":\"ru-RU\",\"potentialAction\":[{\"@type\":\"ReadAction\",\"target\":[\"https:\\\/\\\/www.namude.lt\\\/objektas\\\/parduodamas-su-patogumais-be-skolu-tvarkingas-1-kambario-butas-antrame-aukste-is-penkiu-ignalinos-rajone-didziasalio-miestelyje\\\/\"]}]},{\"@type\":\"ImageObject\",\"inLanguage\":\"ru-RU\",\"@id\":\"https:\\\/\\\/www.namude.lt\\\/objektas\\\/parduodamas-su-patogumais-be-skolu-tvarkingas-1-kambario-butas-antrame-aukste-is-penkiu-ignalinos-rajone-didziasalio-miestelyje\\\/#primaryimage\",\"url\":\"https:\\\/\\\/www.namude.lt\\\/wp-content\\\/uploads\\\/2024\\\/07\\\/1-7.jpg\",\"contentUrl\":\"https:\\\/\\\/www.namude.lt\\\/wp-content\\\/uploads\\\/2024\\\/07\\\/1-7.jpg\",\"width\":800,\"height\":531},{\"@type\":\"BreadcrumbList\",\"@id\":\"https:\\\/\\\/www.namude.lt\\\/objektas\\\/parduodamas-su-patogumais-be-skolu-tvarkingas-1-kambario-butas-antrame-aukste-is-penkiu-ignalinos-rajone-didziasalio-miestelyje\\\/#breadcrumb\",\"itemListElement\":[{\"@type\":\"ListItem\",\"position\":1,\"name\":\"Home\",\"item\":\"https:\\\/\\\/www.namude.lt\\\/ru\\\/\"},{\"@type\":\"ListItem\",\"position\":2,\"name\":\"\u041e\u0431\u044a\u0435\u043a\u0442\u044b\",\"item\":\"https:\\\/\\\/www.namude.lt\\\/ru\\\/%d0%be%d0%b1%d1%8a%d0%b5%d0%ba%d1%82%d1%8b\\\/\"},{\"@type\":\"ListItem\",\"position\":3,\"name\":\"Parduodamas su patogumais, be skol\u0173, tvarkingas 1 kambario butas antrame auk\u0161te i\u0161 penki\u0173 Ignalinos rajone, Did\u017eiasalio miestelyje.\"}]},{\"@type\":\"WebSite\",\"@id\":\"https:\\\/\\\/www.namude.lt\\\/#website\",\"url\":\"https:\\\/\\\/www.namude.lt\\\/\",\"name\":\"Namud\u0117\",\"description\":\"\u201eNamud\u0117\u201c \u2013 agent\u016bra, pardavin\u0117janti Auk\u0161taitijos NT grynuolius.\",\"publisher\":{\"@id\":\"https:\\\/\\\/www.namude.lt\\\/#organization\"},\"potentialAction\":[{\"@type\":\"SearchAction\",\"target\":{\"@type\":\"EntryPoint\",\"urlTemplate\":\"https:\\\/\\\/www.namude.lt\\\/?s={search_term_string}\"},\"query-input\":{\"@type\":\"PropertyValueSpecification\",\"valueRequired\":true,\"valueName\":\"search_term_string\"}}],\"inLanguage\":\"ru-RU\"},{\"@type\":\"Organization\",\"@id\":\"https:\\\/\\\/www.namude.lt\\\/#organization\",\"name\":\"Namud\u0117\",\"url\":\"https:\\\/\\\/www.namude.lt\\\/\",\"logo\":{\"@type\":\"ImageObject\",\"inLanguage\":\"ru-RU\",\"@id\":\"https:\\\/\\\/www.namude.lt\\\/#\\\/schema\\\/logo\\\/image\\\/\",\"url\":\"https:\\\/\\\/www.namude.lt\\\/wp-content\\\/uploads\\\/2023\\\/11\\\/logo-symbol.svg\",\"contentUrl\":\"https:\\\/\\\/www.namude.lt\\\/wp-content\\\/uploads\\\/2023\\\/11\\\/logo-symbol.svg\",\"width\":1,\"height\":1,\"caption\":\"Namud\u0117\"},\"image\":{\"@id\":\"https:\\\/\\\/www.namude.lt\\\/#\\\/schema\\\/logo\\\/image\\\/\"}}]}<\/script>\n<!-- \/ Yoast SEO plugin. -->","yoast_head_json":{"title":"Parduodamas su patogumais, be skol\u0173, tvarkingas 1 kambario butas antrame auk\u0161te i\u0161 penki\u0173 Ignalinos rajone, Did\u017eiasalio miestelyje. - Namud\u0117","robots":{"index":"index","follow":"follow","max-snippet":"max-snippet:-1","max-image-preview":"max-image-preview:large","max-video-preview":"max-video-preview:-1"},"canonical":"https:\/\/www.namude.lt\/objektas\/parduodamas-su-patogumais-be-skolu-tvarkingas-1-kambario-butas-antrame-aukste-is-penkiu-ignalinos-rajone-didziasalio-miestelyje\/","og_locale":"ru_RU","og_type":"article","og_title":"Parduodamas su patogumais, be skol\u0173, tvarkingas 1 kambario butas antrame auk\u0161te i\u0161 penki\u0173 Ignalinos rajone, Did\u017eiasalio miestelyje. - Namud\u0117","og_description":"Parduodamas su patogumais, be skol\u0173, tvarkingas 1 kambario butas antrame auk\u0161te i\u0161 penki\u0173 Ignalinos rajone, Did\u017eiasalio miestelyje. Bendras plotas \u2013 34.81 kv. m. Butas gero i\u0161planavimo: erdvus prie\u0161kambaris, tualetas ir vonia atskirai. Didelis \u012fstiklintas balkonas. Buto \u012f\u0117jimo durys pakeistos \u012f kokybi\u0161kas naujas ir \u0161arvuotas. Buto lauko sienos ap\u0161iltintos termoizoliacine med\u017eiaga. Sud\u0117ti nauji \u0161iuolaikiniai langai su stiklo paketais. Virtuv\u0117je, vonioj ir tualete naujos sien\u0173 plytel\u0117s. Po butu priklauso r\u016bsys (3.95 kv. m). Draugi\u0161ki kaimynai. Sutvarkyta aplinka. \u0160alia automobili\u0173 stov\u0117jimo aik\u0161tel\u0117, maisto preki\u0173 parduotuv\u0117, poliklinika, vaistin\u0117, seni\u016bnija, vaik\u0173 dar\u017eelis, mokykla, rekonstruotas stadionas, nauja vaik\u0173 \u017eaidimo aik\u0161tel\u0117, turgelis ir kt. Gra\u017ei gamta. U\u017e 0.5 km tyvuliuoja Agarinio e\u017eeriukas, o u\u017e 1.0 km prateka Birv\u0117tos ir Dysnos up\u0117s. Puikus susisiekimas. Kasdien, po kelet\u0105 kart\u0173, kursuoja autobusas \u012f Ignalin\u0105. Tiesiog puikus butas geroje vietoje gyvenimui.","og_url":"https:\/\/www.namude.lt\/objektas\/parduodamas-su-patogumais-be-skolu-tvarkingas-1-kambario-butas-antrame-aukste-is-penkiu-ignalinos-rajone-didziasalio-miestelyje\/","og_site_name":"Namud\u0117","article_modified_time":"2025-07-21T11:00:40+00:00","og_image":[{"width":800,"height":531,"url":"https:\/\/www.namude.lt\/wp-content\/uploads\/2024\/07\/1-7.jpg","type":"image\/jpeg"}],"twitter_card":"summary_large_image","schema":{"@context":"https:\/\/schema.org","@graph":[{"@type":"WebPage","@id":"https:\/\/www.namude.lt\/objektas\/parduodamas-su-patogumais-be-skolu-tvarkingas-1-kambario-butas-antrame-aukste-is-penkiu-ignalinos-rajone-didziasalio-miestelyje\/","url":"https:\/\/www.namude.lt\/objektas\/parduodamas-su-patogumais-be-skolu-tvarkingas-1-kambario-butas-antrame-aukste-is-penkiu-ignalinos-rajone-didziasalio-miestelyje\/","name":"Parduodamas su patogumais, be skol\u0173, tvarkingas 1 kambario butas antrame auk\u0161te i\u0161 penki\u0173 Ignalinos rajone, Did\u017eiasalio miestelyje. - Namud\u0117","isPartOf":{"@id":"https:\/\/www.namude.lt\/#website"},"primaryImageOfPage":{"@id":"https:\/\/www.namude.lt\/objektas\/parduodamas-su-patogumais-be-skolu-tvarkingas-1-kambario-butas-antrame-aukste-is-penkiu-ignalinos-rajone-didziasalio-miestelyje\/#primaryimage"},"image":{"@id":"https:\/\/www.namude.lt\/objektas\/parduodamas-su-patogumais-be-skolu-tvarkingas-1-kambario-butas-antrame-aukste-is-penkiu-ignalinos-rajone-didziasalio-miestelyje\/#primaryimage"},"thumbnailUrl":"https:\/\/www.namude.lt\/wp-content\/uploads\/2024\/07\/1-7.jpg","datePublished":"2024-07-18T13:13:42+00:00","dateModified":"2025-07-21T11:00:40+00:00","breadcrumb":{"@id":"https:\/\/www.namude.lt\/objektas\/parduodamas-su-patogumais-be-skolu-tvarkingas-1-kambario-butas-antrame-aukste-is-penkiu-ignalinos-rajone-didziasalio-miestelyje\/#breadcrumb"},"inLanguage":"ru-RU","potentialAction":[{"@type":"ReadAction","target":["https:\/\/www.namude.lt\/objektas\/parduodamas-su-patogumais-be-skolu-tvarkingas-1-kambario-butas-antrame-aukste-is-penkiu-ignalinos-rajone-didziasalio-miestelyje\/"]}]},{"@type":"ImageObject","inLanguage":"ru-RU","@id":"https:\/\/www.namude.lt\/objektas\/parduodamas-su-patogumais-be-skolu-tvarkingas-1-kambario-butas-antrame-aukste-is-penkiu-ignalinos-rajone-didziasalio-miestelyje\/#primaryimage","url":"https:\/\/www.namude.lt\/wp-content\/uploads\/2024\/07\/1-7.jpg","contentUrl":"https:\/\/www.namude.lt\/wp-content\/uploads\/2024\/07\/1-7.jpg","width":800,"height":531},{"@type":"BreadcrumbList","@id":"https:\/\/www.namude.lt\/objektas\/parduodamas-su-patogumais-be-skolu-tvarkingas-1-kambario-butas-antrame-aukste-is-penkiu-ignalinos-rajone-didziasalio-miestelyje\/#breadcrumb","itemListElement":[{"@type":"ListItem","position":1,"name":"Home","item":"https:\/\/www.namude.lt\/ru\/"},{"@type":"ListItem","position":2,"name":"\u041e\u0431\u044a\u0435\u043a\u0442\u044b","item":"https:\/\/www.namude.lt\/ru\/%d0%be%d0%b1%d1%8a%d0%b5%d0%ba%d1%82%d1%8b\/"},{"@type":"ListItem","position":3,"name":"Parduodamas su patogumais, be skol\u0173, tvarkingas 1 kambario butas antrame auk\u0161te i\u0161 penki\u0173 Ignalinos rajone, Did\u017eiasalio miestelyje."}]},{"@type":"WebSite","@id":"https:\/\/www.namude.lt\/#website","url":"https:\/\/www.namude.lt\/","name":"Namud\u0117","description":"\u201eNamud\u0117\u201c \u2013 agent\u016bra, pardavin\u0117janti Auk\u0161taitijos NT grynuolius.","publisher":{"@id":"https:\/\/www.namude.lt\/#organization"},"potentialAction":[{"@type":"SearchAction","target":{"@type":"EntryPoint","urlTemplate":"https:\/\/www.namude.lt\/?s={search_term_string}"},"query-input":{"@type":"PropertyValueSpecification","valueRequired":true,"valueName":"search_term_string"}}],"inLanguage":"ru-RU"},{"@type":"Organization","@id":"https:\/\/www.namude.lt\/#organization","name":"Namud\u0117","url":"https:\/\/www.namude.lt\/","logo":{"@type":"ImageObject","inLanguage":"ru-RU","@id":"https:\/\/www.namude.lt\/#\/schema\/logo\/image\/","url":"https:\/\/www.namude.lt\/wp-content\/uploads\/2023\/11\/logo-symbol.svg","contentUrl":"https:\/\/www.namude.lt\/wp-content\/uploads\/2023\/11\/logo-symbol.svg","width":1,"height":1,"caption":"Namud\u0117"},"image":{"@id":"https:\/\/www.namude.lt\/#\/schema\/logo\/image\/"}}]}},"_links":{"self":[{"href":"https:\/\/www.namude.lt\/ru\/wp-json\/wp\/v2\/product\/11328","targetHints":{"allow":["GET"]}}],"collection":[{"href":"https:\/\/www.namude.lt\/ru\/wp-json\/wp\/v2\/product"}],"about":[{"href":"https:\/\/www.namude.lt\/ru\/wp-json\/wp\/v2\/types\/product"}],"wp:featuredmedia":[{"embeddable":true,"href":"https:\/\/www.namude.lt\/ru\/wp-json\/wp\/v2\/media\/11329"}],"wp:attachment":[{"href":"https:\/\/www.namude.lt\/ru\/wp-json\/wp\/v2\/media?parent=11328"}],"wp:term":[{"taxonomy":"product_brand","embeddable":true,"href":"https:\/\/www.namude.lt\/ru\/wp-json\/wp\/v2\/product_brand?post=11328"},{"taxonomy":"product_cat","embeddable":true,"href":"https:\/\/www.namude.lt\/ru\/wp-json\/wp\/v2\/product_cat?post=11328"},{"taxonomy":"product_tag","embeddable":true,"href":"https:\/\/www.namude.lt\/ru\/wp-json\/wp\/v2\/product_tag?post=11328"}],"curies":[{"name":"wp","href":"https:\/\/api.w.org\/{rel}","templated":true}]}}