{"id":11272,"date":"2024-07-16T13:10:12","date_gmt":"2024-07-16T10:10:12","guid":{"rendered":"https:\/\/www.namude.lt\/?post_type=product&#038;p=11272"},"modified":"2024-08-21T15:30:17","modified_gmt":"2024-08-21T12:30:17","slug":"parduodamas-sklypas-prie-sventeles-upelio-ir-sventiciaus-ezero","status":"publish","type":"product","link":"https:\/\/www.namude.lt\/ru\/\u043e\u0431\u044a\u0435\u043a\u0442\/parduodamas-sklypas-prie-sventeles-upelio-ir-sventiciaus-ezero\/","title":{"rendered":"Parduodamas sklypas prie \u0160ventel\u0117s upelio ir \u0160venti\u010diaus e\u017eero."},"content":{"rendered":"","protected":false},"excerpt":{"rendered":"<p><strong>3,8ha \u017eem\u0117s \u016bkio paskirties sklypas su vaizdingomis apylink\u0117mis yra Mokyli\u0173 k, Alantos sen. <a href=\"https:\/\/www.namude.lt\/kategorija\/sklypai\/?filter_rajonas=moletu-rajonas&amp;query_type_rajonas=or\">Mol\u0117t\u0173 raj<\/a>.<\/strong>Puikus priva\u017eiavimas kokybi\u0161ku \u017evyruotu keliu, tik 600m nutol\u0119s nuo pagrindinio kelio Utena- Ukmerg\u0117. Yra i\u0161lik\u0119 sodybos pamatai. Tai puikus pasirinkimas ie\u0161kantiems ramyb\u0117s nat\u016bralios gamtos apsuptyje.<\/p>\n<p>Atstumas iki Utenos 28km, iki Ukmerg\u0117s 31 km.<\/p>\n<p>Sklypo koordinat\u0117s:<\/p>\n<p>Google maps 55.399310221993815, 25.19005438080547<\/p>\n<p>Maps.lt 55.399883, 25.191136<\/p>\n","protected":false},"featured_media":11864,"template":"","meta":{"_acf_changed":false},"product_brand":[],"product_cat":[24],"product_tag":[],"class_list":{"0":"post-11272","1":"product","2":"type-product","3":"status-publish","4":"has-post-thumbnail","6":"product_cat-sklypai","7":"pa_rajonas-moletu-rajonas","8":"description-off","10":"first","11":"instock","12":"shipping-taxable","13":"purchasable","14":"product-type-simple"},"acf":[],"yoast_head":"<!-- This site is optimized with the Yoast SEO plugin v27.0 - https:\/\/yoast.com\/product\/yoast-seo-wordpress\/ -->\n<title>Parduodamas sklypas prie \u0160ventel\u0117s upelio ir \u0160venti\u010diaus e\u017eero. - Namud\u0117<\/title>\n<meta name=\"robots\" content=\"index, follow, max-snippet:-1, max-image-preview:large, max-video-preview:-1\" \/>\n<link rel=\"canonical\" href=\"https:\/\/www.namude.lt\/objektas\/parduodamas-sklypas-prie-sventeles-upelio-ir-sventiciaus-ezero\/\" \/>\n<meta property=\"og:locale\" content=\"ru_RU\" \/>\n<meta property=\"og:type\" content=\"article\" \/>\n<meta property=\"og:title\" content=\"Parduodamas sklypas prie \u0160ventel\u0117s upelio ir \u0160venti\u010diaus e\u017eero. - Namud\u0117\" \/>\n<meta property=\"og:description\" content=\"3,8ha \u017eem\u0117s \u016bkio paskirties sklypas su vaizdingomis apylink\u0117mis yra Mokyli\u0173 k, Alantos sen. Mol\u0117t\u0173 raj.Puikus priva\u017eiavimas kokybi\u0161ku \u017evyruotu keliu, tik 600m nutol\u0119s nuo pagrindinio kelio Utena- Ukmerg\u0117. Yra i\u0161lik\u0119 sodybos pamatai. Tai puikus pasirinkimas ie\u0161kantiems ramyb\u0117s nat\u016bralios gamtos apsuptyje.  Atstumas iki Utenos 28km, iki Ukmerg\u0117s 31 km.  Sklypo koordinat\u0117s:  Google maps 55.399310221993815, 25.19005438080547  Maps.lt 55.399883, 25.191136\" \/>\n<meta property=\"og:url\" content=\"https:\/\/www.namude.lt\/objektas\/parduodamas-sklypas-prie-sventeles-upelio-ir-sventiciaus-ezero\/\" \/>\n<meta property=\"og:site_name\" content=\"Namud\u0117\" \/>\n<meta property=\"article:modified_time\" content=\"2024-08-21T12:30:17+00:00\" \/>\n<meta property=\"og:image\" content=\"https:\/\/www.namude.lt\/wp-content\/uploads\/2024\/07\/Dizainas-be-pavadinimo-1.jpg\" \/>\n\t<meta property=\"og:image:width\" content=\"2048\" \/>\n\t<meta property=\"og:image:height\" content=\"1365\" \/>\n\t<meta property=\"og:image:type\" content=\"image\/jpeg\" \/>\n<meta name=\"twitter:card\" content=\"summary_large_image\" \/>\n<script type=\"application\/ld+json\" class=\"yoast-schema-graph\">{\"@context\":\"https:\/\/schema.org\",\"@graph\":[{\"@type\":\"WebPage\",\"@id\":\"https:\/\/www.namude.lt\/objektas\/parduodamas-sklypas-prie-sventeles-upelio-ir-sventiciaus-ezero\/\",\"url\":\"https:\/\/www.namude.lt\/objektas\/parduodamas-sklypas-prie-sventeles-upelio-ir-sventiciaus-ezero\/\",\"name\":\"Parduodamas sklypas prie \u0160ventel\u0117s upelio ir \u0160venti\u010diaus e\u017eero. - Namud\u0117\",\"isPartOf\":{\"@id\":\"https:\/\/www.namude.lt\/#website\"},\"primaryImageOfPage\":{\"@id\":\"https:\/\/www.namude.lt\/objektas\/parduodamas-sklypas-prie-sventeles-upelio-ir-sventiciaus-ezero\/#primaryimage\"},\"image\":{\"@id\":\"https:\/\/www.namude.lt\/objektas\/parduodamas-sklypas-prie-sventeles-upelio-ir-sventiciaus-ezero\/#primaryimage\"},\"thumbnailUrl\":\"https:\/\/www.namude.lt\/wp-content\/uploads\/2024\/07\/Dizainas-be-pavadinimo-1.jpg\",\"datePublished\":\"2024-07-16T10:10:12+00:00\",\"dateModified\":\"2024-08-21T12:30:17+00:00\",\"breadcrumb\":{\"@id\":\"https:\/\/www.namude.lt\/objektas\/parduodamas-sklypas-prie-sventeles-upelio-ir-sventiciaus-ezero\/#breadcrumb\"},\"inLanguage\":\"ru-RU\",\"potentialAction\":[{\"@type\":\"ReadAction\",\"target\":[\"https:\/\/www.namude.lt\/objektas\/parduodamas-sklypas-prie-sventeles-upelio-ir-sventiciaus-ezero\/\"]}]},{\"@type\":\"ImageObject\",\"inLanguage\":\"ru-RU\",\"@id\":\"https:\/\/www.namude.lt\/objektas\/parduodamas-sklypas-prie-sventeles-upelio-ir-sventiciaus-ezero\/#primaryimage\",\"url\":\"https:\/\/www.namude.lt\/wp-content\/uploads\/2024\/07\/Dizainas-be-pavadinimo-1.jpg\",\"contentUrl\":\"https:\/\/www.namude.lt\/wp-content\/uploads\/2024\/07\/Dizainas-be-pavadinimo-1.jpg\",\"width\":2048,\"height\":1365},{\"@type\":\"BreadcrumbList\",\"@id\":\"https:\/\/www.namude.lt\/objektas\/parduodamas-sklypas-prie-sventeles-upelio-ir-sventiciaus-ezero\/#breadcrumb\",\"itemListElement\":[{\"@type\":\"ListItem\",\"position\":1,\"name\":\"Home\",\"item\":\"https:\/\/www.namude.lt\/ru\/\"},{\"@type\":\"ListItem\",\"position\":2,\"name\":\"\u041e\u0431\u044a\u0435\u043a\u0442\u044b\",\"item\":\"https:\/\/www.namude.lt\/ru\/%d0%be%d0%b1%d1%8a%d0%b5%d0%ba%d1%82%d1%8b\/\"},{\"@type\":\"ListItem\",\"position\":3,\"name\":\"Parduodamas sklypas prie \u0160ventel\u0117s upelio ir \u0160venti\u010diaus e\u017eero.\"}]},{\"@type\":\"WebSite\",\"@id\":\"https:\/\/www.namude.lt\/#website\",\"url\":\"https:\/\/www.namude.lt\/\",\"name\":\"Namud\u0117\",\"description\":\"\u201eNamud\u0117\u201c \u2013 agent\u016bra, pardavin\u0117janti Auk\u0161taitijos NT grynuolius.\",\"publisher\":{\"@id\":\"https:\/\/www.namude.lt\/#organization\"},\"potentialAction\":[{\"@type\":\"SearchAction\",\"target\":{\"@type\":\"EntryPoint\",\"urlTemplate\":\"https:\/\/www.namude.lt\/?s={search_term_string}\"},\"query-input\":{\"@type\":\"PropertyValueSpecification\",\"valueRequired\":true,\"valueName\":\"search_term_string\"}}],\"inLanguage\":\"ru-RU\"},{\"@type\":\"Organization\",\"@id\":\"https:\/\/www.namude.lt\/#organization\",\"name\":\"Namud\u0117\",\"url\":\"https:\/\/www.namude.lt\/\",\"logo\":{\"@type\":\"ImageObject\",\"inLanguage\":\"ru-RU\",\"@id\":\"https:\/\/www.namude.lt\/#\/schema\/logo\/image\/\",\"url\":\"https:\/\/www.namude.lt\/wp-content\/uploads\/2023\/11\/logo-symbol.svg\",\"contentUrl\":\"https:\/\/www.namude.lt\/wp-content\/uploads\/2023\/11\/logo-symbol.svg\",\"width\":1,\"height\":1,\"caption\":\"Namud\u0117\"},\"image\":{\"@id\":\"https:\/\/www.namude.lt\/#\/schema\/logo\/image\/\"}}]}<\/script>\n<!-- \/ Yoast SEO plugin. -->","yoast_head_json":{"title":"Parduodamas sklypas prie \u0160ventel\u0117s upelio ir \u0160venti\u010diaus e\u017eero. - Namud\u0117","robots":{"index":"index","follow":"follow","max-snippet":"max-snippet:-1","max-image-preview":"max-image-preview:large","max-video-preview":"max-video-preview:-1"},"canonical":"https:\/\/www.namude.lt\/objektas\/parduodamas-sklypas-prie-sventeles-upelio-ir-sventiciaus-ezero\/","og_locale":"ru_RU","og_type":"article","og_title":"Parduodamas sklypas prie \u0160ventel\u0117s upelio ir \u0160venti\u010diaus e\u017eero. - Namud\u0117","og_description":"3,8ha \u017eem\u0117s \u016bkio paskirties sklypas su vaizdingomis apylink\u0117mis yra Mokyli\u0173 k, Alantos sen. Mol\u0117t\u0173 raj.Puikus priva\u017eiavimas kokybi\u0161ku \u017evyruotu keliu, tik 600m nutol\u0119s nuo pagrindinio kelio Utena- Ukmerg\u0117. Yra i\u0161lik\u0119 sodybos pamatai. Tai puikus pasirinkimas ie\u0161kantiems ramyb\u0117s nat\u016bralios gamtos apsuptyje.  Atstumas iki Utenos 28km, iki Ukmerg\u0117s 31 km.  Sklypo koordinat\u0117s:  Google maps 55.399310221993815, 25.19005438080547  Maps.lt 55.399883, 25.191136","og_url":"https:\/\/www.namude.lt\/objektas\/parduodamas-sklypas-prie-sventeles-upelio-ir-sventiciaus-ezero\/","og_site_name":"Namud\u0117","article_modified_time":"2024-08-21T12:30:17+00:00","og_image":[{"width":2048,"height":1365,"url":"https:\/\/www.namude.lt\/wp-content\/uploads\/2024\/07\/Dizainas-be-pavadinimo-1.jpg","type":"image\/jpeg"}],"twitter_card":"summary_large_image","schema":{"@context":"https:\/\/schema.org","@graph":[{"@type":"WebPage","@id":"https:\/\/www.namude.lt\/objektas\/parduodamas-sklypas-prie-sventeles-upelio-ir-sventiciaus-ezero\/","url":"https:\/\/www.namude.lt\/objektas\/parduodamas-sklypas-prie-sventeles-upelio-ir-sventiciaus-ezero\/","name":"Parduodamas sklypas prie \u0160ventel\u0117s upelio ir \u0160venti\u010diaus e\u017eero. - Namud\u0117","isPartOf":{"@id":"https:\/\/www.namude.lt\/#website"},"primaryImageOfPage":{"@id":"https:\/\/www.namude.lt\/objektas\/parduodamas-sklypas-prie-sventeles-upelio-ir-sventiciaus-ezero\/#primaryimage"},"image":{"@id":"https:\/\/www.namude.lt\/objektas\/parduodamas-sklypas-prie-sventeles-upelio-ir-sventiciaus-ezero\/#primaryimage"},"thumbnailUrl":"https:\/\/www.namude.lt\/wp-content\/uploads\/2024\/07\/Dizainas-be-pavadinimo-1.jpg","datePublished":"2024-07-16T10:10:12+00:00","dateModified":"2024-08-21T12:30:17+00:00","breadcrumb":{"@id":"https:\/\/www.namude.lt\/objektas\/parduodamas-sklypas-prie-sventeles-upelio-ir-sventiciaus-ezero\/#breadcrumb"},"inLanguage":"ru-RU","potentialAction":[{"@type":"ReadAction","target":["https:\/\/www.namude.lt\/objektas\/parduodamas-sklypas-prie-sventeles-upelio-ir-sventiciaus-ezero\/"]}]},{"@type":"ImageObject","inLanguage":"ru-RU","@id":"https:\/\/www.namude.lt\/objektas\/parduodamas-sklypas-prie-sventeles-upelio-ir-sventiciaus-ezero\/#primaryimage","url":"https:\/\/www.namude.lt\/wp-content\/uploads\/2024\/07\/Dizainas-be-pavadinimo-1.jpg","contentUrl":"https:\/\/www.namude.lt\/wp-content\/uploads\/2024\/07\/Dizainas-be-pavadinimo-1.jpg","width":2048,"height":1365},{"@type":"BreadcrumbList","@id":"https:\/\/www.namude.lt\/objektas\/parduodamas-sklypas-prie-sventeles-upelio-ir-sventiciaus-ezero\/#breadcrumb","itemListElement":[{"@type":"ListItem","position":1,"name":"Home","item":"https:\/\/www.namude.lt\/ru\/"},{"@type":"ListItem","position":2,"name":"\u041e\u0431\u044a\u0435\u043a\u0442\u044b","item":"https:\/\/www.namude.lt\/ru\/%d0%be%d0%b1%d1%8a%d0%b5%d0%ba%d1%82%d1%8b\/"},{"@type":"ListItem","position":3,"name":"Parduodamas sklypas prie \u0160ventel\u0117s upelio ir \u0160venti\u010diaus e\u017eero."}]},{"@type":"WebSite","@id":"https:\/\/www.namude.lt\/#website","url":"https:\/\/www.namude.lt\/","name":"Namud\u0117","description":"\u201eNamud\u0117\u201c \u2013 agent\u016bra, pardavin\u0117janti Auk\u0161taitijos NT grynuolius.","publisher":{"@id":"https:\/\/www.namude.lt\/#organization"},"potentialAction":[{"@type":"SearchAction","target":{"@type":"EntryPoint","urlTemplate":"https:\/\/www.namude.lt\/?s={search_term_string}"},"query-input":{"@type":"PropertyValueSpecification","valueRequired":true,"valueName":"search_term_string"}}],"inLanguage":"ru-RU"},{"@type":"Organization","@id":"https:\/\/www.namude.lt\/#organization","name":"Namud\u0117","url":"https:\/\/www.namude.lt\/","logo":{"@type":"ImageObject","inLanguage":"ru-RU","@id":"https:\/\/www.namude.lt\/#\/schema\/logo\/image\/","url":"https:\/\/www.namude.lt\/wp-content\/uploads\/2023\/11\/logo-symbol.svg","contentUrl":"https:\/\/www.namude.lt\/wp-content\/uploads\/2023\/11\/logo-symbol.svg","width":1,"height":1,"caption":"Namud\u0117"},"image":{"@id":"https:\/\/www.namude.lt\/#\/schema\/logo\/image\/"}}]}},"_links":{"self":[{"href":"https:\/\/www.namude.lt\/ru\/wp-json\/wp\/v2\/product\/11272","targetHints":{"allow":["GET"]}}],"collection":[{"href":"https:\/\/www.namude.lt\/ru\/wp-json\/wp\/v2\/product"}],"about":[{"href":"https:\/\/www.namude.lt\/ru\/wp-json\/wp\/v2\/types\/product"}],"wp:featuredmedia":[{"embeddable":true,"href":"https:\/\/www.namude.lt\/ru\/wp-json\/wp\/v2\/media\/11864"}],"wp:attachment":[{"href":"https:\/\/www.namude.lt\/ru\/wp-json\/wp\/v2\/media?parent=11272"}],"wp:term":[{"taxonomy":"product_brand","embeddable":true,"href":"https:\/\/www.namude.lt\/ru\/wp-json\/wp\/v2\/product_brand?post=11272"},{"taxonomy":"product_cat","embeddable":true,"href":"https:\/\/www.namude.lt\/ru\/wp-json\/wp\/v2\/product_cat?post=11272"},{"taxonomy":"product_tag","embeddable":true,"href":"https:\/\/www.namude.lt\/ru\/wp-json\/wp\/v2\/product_tag?post=11272"}],"curies":[{"name":"wp","href":"https:\/\/api.w.org\/{rel}","templated":true}]}}