{"id":11114,"date":"2024-07-05T13:41:26","date_gmt":"2024-07-05T10:41:26","guid":{"rendered":"https:\/\/www.namude.lt\/?post_type=product&#038;p=11114"},"modified":"2025-05-07T10:05:28","modified_gmt":"2025-05-07T07:05:28","slug":"parduodamas-erdvus-gyvenamasis-namas-manciusenu-k-sirvintu-raj-tinkamas-tiek-nuolatiniam-gyvenimui-tiek-poilsiui","status":"publish","type":"product","link":"https:\/\/www.namude.lt\/ru\/\u043e\u0431\u044a\u0435\u043a\u0442\/parduodamas-erdvus-gyvenamasis-namas-manciusenu-k-sirvintu-raj-tinkamas-tiek-nuolatiniam-gyvenimui-tiek-poilsiui\/","title":{"rendered":"Parduodamas erdvus gyvenamasis namas Man\u010diu\u0161\u0117n\u0173 k., \u0160irvint\u0173 raj. tinkamas tiek nuolatiniam gyvenimui,  tiek poilsiui."},"content":{"rendered":"","protected":false},"excerpt":{"rendered":"<p><strong>Parduodamas erdvus gyvenamasis namas Man\u010diu\u0161\u0117n\u0173 k., \u0160irvint\u0173 raj. tinkamas tiek nuolatiniam gyvenimui,  tiek poilsiui.<\/strong> Namas 1974m. statybos medinis. Bendras plotas 95kv.m., i\u0161 kurio naudingo ploto 83kv.m. Name yra 4 kambariai, virtuv\u0117, patalpos higienos kambariui. \u0160ildymas centrinis kietu kuru. Naujai i\u0161lietos betonin\u0117s grindys, yra galimyb\u0117 \u012frengti grindin\u012f \u0161ildym\u0105. Kambariai erdv\u016bs ir \u0161vies\u016bs. Vidaus i\u0161planavim\u0105 galima prisitaikyti pagal poreikius. Namas 0,22ha sklype, kuriame yra didelis \u016bkinis pastatas, lauko tualetas, \u0161ulinys. Vaizdingos apylink\u0117s: \u0161alia kaimo yra Man\u010diu\u0161\u0117n\u0173 piliakalnio, 1,4km iki \u0160irvint\u0173 kra\u0161tovaizd\u017eio draustinio (kuriame teka \u0160irvintos up\u0117), 9km iki \u017duvin\u010di\u0173 e\u017eero. Patogus susisiekimas su \u0161alimais esan\u010diais miestais: 25km iki \u0160irvint\u0173, 29km iki Ukmerg\u0117s, 34km iki Jonavos, 66km iki Kauno, 70km iki Vilniaus.<\/p>\n<p>Namo koordinat\u0117s:<br \/>\nMaps.lt 55.072882, 24.631552<br \/>\nGoogle maps 55.07296275549313, 24.63103144703753<\/p>\n","protected":false},"featured_media":11115,"template":"","meta":{"_acf_changed":false},"product_brand":[],"product_cat":[26],"product_tag":[],"class_list":{"0":"post-11114","1":"product","2":"type-product","3":"status-publish","4":"has-post-thumbnail","6":"product_cat-namai","7":"pa_rajonas-kiti-rajonai","8":"description-off","10":"first","11":"instock","12":"sale","13":"shipping-taxable","14":"purchasable","15":"product-type-simple"},"acf":[],"yoast_head":"<!-- This site is optimized with the Yoast SEO plugin v27.0 - https:\/\/yoast.com\/product\/yoast-seo-wordpress\/ -->\n<title>Parduodamas erdvus gyvenamasis namas Man\u010diu\u0161\u0117n\u0173 k., \u0160irvint\u0173 raj. tinkamas tiek nuolatiniam gyvenimui, tiek poilsiui. - Namud\u0117<\/title>\n<meta name=\"robots\" content=\"index, follow, max-snippet:-1, max-image-preview:large, max-video-preview:-1\" \/>\n<link rel=\"canonical\" href=\"https:\/\/www.namude.lt\/objektas\/parduodamas-erdvus-gyvenamasis-namas-manciusenu-k-sirvintu-raj-tinkamas-tiek-nuolatiniam-gyvenimui-tiek-poilsiui\/\" \/>\n<meta property=\"og:locale\" content=\"ru_RU\" \/>\n<meta property=\"og:type\" content=\"article\" \/>\n<meta property=\"og:title\" content=\"Parduodamas erdvus gyvenamasis namas Man\u010diu\u0161\u0117n\u0173 k., \u0160irvint\u0173 raj. tinkamas tiek nuolatiniam gyvenimui, tiek poilsiui. - Namud\u0117\" \/>\n<meta property=\"og:description\" content=\"Parduodamas erdvus gyvenamasis namas Man\u010diu\u0161\u0117n\u0173 k., \u0160irvint\u0173 raj. tinkamas tiek nuolatiniam gyvenimui, tiek poilsiui. Namas 1974m. statybos medinis. Bendras plotas 95kv.m., i\u0161 kurio naudingo ploto 83kv.m. Name yra 4 kambariai, virtuv\u0117, patalpos higienos kambariui. \u0160ildymas centrinis kietu kuru. Naujai i\u0161lietos betonin\u0117s grindys, yra galimyb\u0117 \u012frengti grindin\u012f \u0161ildym\u0105. Kambariai erdv\u016bs ir \u0161vies\u016bs. Vidaus i\u0161planavim\u0105 galima prisitaikyti pagal poreikius. Namas 0,22ha sklype, kuriame yra didelis \u016bkinis pastatas, lauko tualetas, \u0161ulinys. Vaizdingos apylink\u0117s: \u0161alia kaimo yra Man\u010diu\u0161\u0117n\u0173 piliakalnio, 1,4km iki \u0160irvint\u0173 kra\u0161tovaizd\u017eio draustinio (kuriame teka \u0160irvintos up\u0117), 9km iki \u017duvin\u010di\u0173 e\u017eero. Patogus susisiekimas su \u0161alimais esan\u010diais miestais: 25km iki \u0160irvint\u0173, 29km iki Ukmerg\u0117s, 34km iki Jonavos, 66km iki Kauno, 70km iki Vilniaus.  Namo koordinat\u0117s: Maps.lt 55.072882, 24.631552 Google maps 55.07296275549313, 24.63103144703753\" \/>\n<meta property=\"og:url\" content=\"https:\/\/www.namude.lt\/objektas\/parduodamas-erdvus-gyvenamasis-namas-manciusenu-k-sirvintu-raj-tinkamas-tiek-nuolatiniam-gyvenimui-tiek-poilsiui\/\" \/>\n<meta property=\"og:site_name\" content=\"Namud\u0117\" \/>\n<meta property=\"article:modified_time\" content=\"2025-05-07T07:05:28+00:00\" \/>\n<meta property=\"og:image\" content=\"https:\/\/www.namude.lt\/wp-content\/uploads\/2024\/07\/A.jpg\" \/>\n\t<meta property=\"og:image:width\" content=\"2400\" \/>\n\t<meta property=\"og:image:height\" content=\"1800\" \/>\n\t<meta property=\"og:image:type\" content=\"image\/jpeg\" \/>\n<meta name=\"twitter:card\" content=\"summary_large_image\" \/>\n<script type=\"application\/ld+json\" class=\"yoast-schema-graph\">{\"@context\":\"https:\/\/schema.org\",\"@graph\":[{\"@type\":\"WebPage\",\"@id\":\"https:\/\/www.namude.lt\/objektas\/parduodamas-erdvus-gyvenamasis-namas-manciusenu-k-sirvintu-raj-tinkamas-tiek-nuolatiniam-gyvenimui-tiek-poilsiui\/\",\"url\":\"https:\/\/www.namude.lt\/objektas\/parduodamas-erdvus-gyvenamasis-namas-manciusenu-k-sirvintu-raj-tinkamas-tiek-nuolatiniam-gyvenimui-tiek-poilsiui\/\",\"name\":\"Parduodamas erdvus gyvenamasis namas Man\u010diu\u0161\u0117n\u0173 k., \u0160irvint\u0173 raj. tinkamas tiek nuolatiniam gyvenimui, tiek poilsiui. - Namud\u0117\",\"isPartOf\":{\"@id\":\"https:\/\/www.namude.lt\/#website\"},\"primaryImageOfPage\":{\"@id\":\"https:\/\/www.namude.lt\/objektas\/parduodamas-erdvus-gyvenamasis-namas-manciusenu-k-sirvintu-raj-tinkamas-tiek-nuolatiniam-gyvenimui-tiek-poilsiui\/#primaryimage\"},\"image\":{\"@id\":\"https:\/\/www.namude.lt\/objektas\/parduodamas-erdvus-gyvenamasis-namas-manciusenu-k-sirvintu-raj-tinkamas-tiek-nuolatiniam-gyvenimui-tiek-poilsiui\/#primaryimage\"},\"thumbnailUrl\":\"https:\/\/www.namude.lt\/wp-content\/uploads\/2024\/07\/A.jpg\",\"datePublished\":\"2024-07-05T10:41:26+00:00\",\"dateModified\":\"2025-05-07T07:05:28+00:00\",\"breadcrumb\":{\"@id\":\"https:\/\/www.namude.lt\/objektas\/parduodamas-erdvus-gyvenamasis-namas-manciusenu-k-sirvintu-raj-tinkamas-tiek-nuolatiniam-gyvenimui-tiek-poilsiui\/#breadcrumb\"},\"inLanguage\":\"ru-RU\",\"potentialAction\":[{\"@type\":\"ReadAction\",\"target\":[\"https:\/\/www.namude.lt\/objektas\/parduodamas-erdvus-gyvenamasis-namas-manciusenu-k-sirvintu-raj-tinkamas-tiek-nuolatiniam-gyvenimui-tiek-poilsiui\/\"]}]},{\"@type\":\"ImageObject\",\"inLanguage\":\"ru-RU\",\"@id\":\"https:\/\/www.namude.lt\/objektas\/parduodamas-erdvus-gyvenamasis-namas-manciusenu-k-sirvintu-raj-tinkamas-tiek-nuolatiniam-gyvenimui-tiek-poilsiui\/#primaryimage\",\"url\":\"https:\/\/www.namude.lt\/wp-content\/uploads\/2024\/07\/A.jpg\",\"contentUrl\":\"https:\/\/www.namude.lt\/wp-content\/uploads\/2024\/07\/A.jpg\",\"width\":2400,\"height\":1800},{\"@type\":\"BreadcrumbList\",\"@id\":\"https:\/\/www.namude.lt\/objektas\/parduodamas-erdvus-gyvenamasis-namas-manciusenu-k-sirvintu-raj-tinkamas-tiek-nuolatiniam-gyvenimui-tiek-poilsiui\/#breadcrumb\",\"itemListElement\":[{\"@type\":\"ListItem\",\"position\":1,\"name\":\"Home\",\"item\":\"https:\/\/www.namude.lt\/ru\/\"},{\"@type\":\"ListItem\",\"position\":2,\"name\":\"\u041e\u0431\u044a\u0435\u043a\u0442\u044b\",\"item\":\"https:\/\/www.namude.lt\/ru\/%d0%be%d0%b1%d1%8a%d0%b5%d0%ba%d1%82%d1%8b\/\"},{\"@type\":\"ListItem\",\"position\":3,\"name\":\"Parduodamas erdvus gyvenamasis namas Man\u010diu\u0161\u0117n\u0173 k., \u0160irvint\u0173 raj. tinkamas tiek nuolatiniam gyvenimui, tiek poilsiui.\"}]},{\"@type\":\"WebSite\",\"@id\":\"https:\/\/www.namude.lt\/#website\",\"url\":\"https:\/\/www.namude.lt\/\",\"name\":\"Namud\u0117\",\"description\":\"\u201eNamud\u0117\u201c \u2013 agent\u016bra, pardavin\u0117janti Auk\u0161taitijos NT grynuolius.\",\"publisher\":{\"@id\":\"https:\/\/www.namude.lt\/#organization\"},\"potentialAction\":[{\"@type\":\"SearchAction\",\"target\":{\"@type\":\"EntryPoint\",\"urlTemplate\":\"https:\/\/www.namude.lt\/?s={search_term_string}\"},\"query-input\":{\"@type\":\"PropertyValueSpecification\",\"valueRequired\":true,\"valueName\":\"search_term_string\"}}],\"inLanguage\":\"ru-RU\"},{\"@type\":\"Organization\",\"@id\":\"https:\/\/www.namude.lt\/#organization\",\"name\":\"Namud\u0117\",\"url\":\"https:\/\/www.namude.lt\/\",\"logo\":{\"@type\":\"ImageObject\",\"inLanguage\":\"ru-RU\",\"@id\":\"https:\/\/www.namude.lt\/#\/schema\/logo\/image\/\",\"url\":\"https:\/\/www.namude.lt\/wp-content\/uploads\/2023\/11\/logo-symbol.svg\",\"contentUrl\":\"https:\/\/www.namude.lt\/wp-content\/uploads\/2023\/11\/logo-symbol.svg\",\"width\":1,\"height\":1,\"caption\":\"Namud\u0117\"},\"image\":{\"@id\":\"https:\/\/www.namude.lt\/#\/schema\/logo\/image\/\"}}]}<\/script>\n<!-- \/ Yoast SEO plugin. -->","yoast_head_json":{"title":"Parduodamas erdvus gyvenamasis namas Man\u010diu\u0161\u0117n\u0173 k., \u0160irvint\u0173 raj. tinkamas tiek nuolatiniam gyvenimui, tiek poilsiui. - Namud\u0117","robots":{"index":"index","follow":"follow","max-snippet":"max-snippet:-1","max-image-preview":"max-image-preview:large","max-video-preview":"max-video-preview:-1"},"canonical":"https:\/\/www.namude.lt\/objektas\/parduodamas-erdvus-gyvenamasis-namas-manciusenu-k-sirvintu-raj-tinkamas-tiek-nuolatiniam-gyvenimui-tiek-poilsiui\/","og_locale":"ru_RU","og_type":"article","og_title":"Parduodamas erdvus gyvenamasis namas Man\u010diu\u0161\u0117n\u0173 k., \u0160irvint\u0173 raj. tinkamas tiek nuolatiniam gyvenimui, tiek poilsiui. - Namud\u0117","og_description":"Parduodamas erdvus gyvenamasis namas Man\u010diu\u0161\u0117n\u0173 k., \u0160irvint\u0173 raj. tinkamas tiek nuolatiniam gyvenimui, tiek poilsiui. Namas 1974m. statybos medinis. Bendras plotas 95kv.m., i\u0161 kurio naudingo ploto 83kv.m. Name yra 4 kambariai, virtuv\u0117, patalpos higienos kambariui. \u0160ildymas centrinis kietu kuru. Naujai i\u0161lietos betonin\u0117s grindys, yra galimyb\u0117 \u012frengti grindin\u012f \u0161ildym\u0105. Kambariai erdv\u016bs ir \u0161vies\u016bs. Vidaus i\u0161planavim\u0105 galima prisitaikyti pagal poreikius. Namas 0,22ha sklype, kuriame yra didelis \u016bkinis pastatas, lauko tualetas, \u0161ulinys. Vaizdingos apylink\u0117s: \u0161alia kaimo yra Man\u010diu\u0161\u0117n\u0173 piliakalnio, 1,4km iki \u0160irvint\u0173 kra\u0161tovaizd\u017eio draustinio (kuriame teka \u0160irvintos up\u0117), 9km iki \u017duvin\u010di\u0173 e\u017eero. Patogus susisiekimas su \u0161alimais esan\u010diais miestais: 25km iki \u0160irvint\u0173, 29km iki Ukmerg\u0117s, 34km iki Jonavos, 66km iki Kauno, 70km iki Vilniaus.  Namo koordinat\u0117s: Maps.lt 55.072882, 24.631552 Google maps 55.07296275549313, 24.63103144703753","og_url":"https:\/\/www.namude.lt\/objektas\/parduodamas-erdvus-gyvenamasis-namas-manciusenu-k-sirvintu-raj-tinkamas-tiek-nuolatiniam-gyvenimui-tiek-poilsiui\/","og_site_name":"Namud\u0117","article_modified_time":"2025-05-07T07:05:28+00:00","og_image":[{"width":2400,"height":1800,"url":"https:\/\/www.namude.lt\/wp-content\/uploads\/2024\/07\/A.jpg","type":"image\/jpeg"}],"twitter_card":"summary_large_image","schema":{"@context":"https:\/\/schema.org","@graph":[{"@type":"WebPage","@id":"https:\/\/www.namude.lt\/objektas\/parduodamas-erdvus-gyvenamasis-namas-manciusenu-k-sirvintu-raj-tinkamas-tiek-nuolatiniam-gyvenimui-tiek-poilsiui\/","url":"https:\/\/www.namude.lt\/objektas\/parduodamas-erdvus-gyvenamasis-namas-manciusenu-k-sirvintu-raj-tinkamas-tiek-nuolatiniam-gyvenimui-tiek-poilsiui\/","name":"Parduodamas erdvus gyvenamasis namas Man\u010diu\u0161\u0117n\u0173 k., \u0160irvint\u0173 raj. tinkamas tiek nuolatiniam gyvenimui, tiek poilsiui. - Namud\u0117","isPartOf":{"@id":"https:\/\/www.namude.lt\/#website"},"primaryImageOfPage":{"@id":"https:\/\/www.namude.lt\/objektas\/parduodamas-erdvus-gyvenamasis-namas-manciusenu-k-sirvintu-raj-tinkamas-tiek-nuolatiniam-gyvenimui-tiek-poilsiui\/#primaryimage"},"image":{"@id":"https:\/\/www.namude.lt\/objektas\/parduodamas-erdvus-gyvenamasis-namas-manciusenu-k-sirvintu-raj-tinkamas-tiek-nuolatiniam-gyvenimui-tiek-poilsiui\/#primaryimage"},"thumbnailUrl":"https:\/\/www.namude.lt\/wp-content\/uploads\/2024\/07\/A.jpg","datePublished":"2024-07-05T10:41:26+00:00","dateModified":"2025-05-07T07:05:28+00:00","breadcrumb":{"@id":"https:\/\/www.namude.lt\/objektas\/parduodamas-erdvus-gyvenamasis-namas-manciusenu-k-sirvintu-raj-tinkamas-tiek-nuolatiniam-gyvenimui-tiek-poilsiui\/#breadcrumb"},"inLanguage":"ru-RU","potentialAction":[{"@type":"ReadAction","target":["https:\/\/www.namude.lt\/objektas\/parduodamas-erdvus-gyvenamasis-namas-manciusenu-k-sirvintu-raj-tinkamas-tiek-nuolatiniam-gyvenimui-tiek-poilsiui\/"]}]},{"@type":"ImageObject","inLanguage":"ru-RU","@id":"https:\/\/www.namude.lt\/objektas\/parduodamas-erdvus-gyvenamasis-namas-manciusenu-k-sirvintu-raj-tinkamas-tiek-nuolatiniam-gyvenimui-tiek-poilsiui\/#primaryimage","url":"https:\/\/www.namude.lt\/wp-content\/uploads\/2024\/07\/A.jpg","contentUrl":"https:\/\/www.namude.lt\/wp-content\/uploads\/2024\/07\/A.jpg","width":2400,"height":1800},{"@type":"BreadcrumbList","@id":"https:\/\/www.namude.lt\/objektas\/parduodamas-erdvus-gyvenamasis-namas-manciusenu-k-sirvintu-raj-tinkamas-tiek-nuolatiniam-gyvenimui-tiek-poilsiui\/#breadcrumb","itemListElement":[{"@type":"ListItem","position":1,"name":"Home","item":"https:\/\/www.namude.lt\/ru\/"},{"@type":"ListItem","position":2,"name":"\u041e\u0431\u044a\u0435\u043a\u0442\u044b","item":"https:\/\/www.namude.lt\/ru\/%d0%be%d0%b1%d1%8a%d0%b5%d0%ba%d1%82%d1%8b\/"},{"@type":"ListItem","position":3,"name":"Parduodamas erdvus gyvenamasis namas Man\u010diu\u0161\u0117n\u0173 k., \u0160irvint\u0173 raj. tinkamas tiek nuolatiniam gyvenimui, tiek poilsiui."}]},{"@type":"WebSite","@id":"https:\/\/www.namude.lt\/#website","url":"https:\/\/www.namude.lt\/","name":"Namud\u0117","description":"\u201eNamud\u0117\u201c \u2013 agent\u016bra, pardavin\u0117janti Auk\u0161taitijos NT grynuolius.","publisher":{"@id":"https:\/\/www.namude.lt\/#organization"},"potentialAction":[{"@type":"SearchAction","target":{"@type":"EntryPoint","urlTemplate":"https:\/\/www.namude.lt\/?s={search_term_string}"},"query-input":{"@type":"PropertyValueSpecification","valueRequired":true,"valueName":"search_term_string"}}],"inLanguage":"ru-RU"},{"@type":"Organization","@id":"https:\/\/www.namude.lt\/#organization","name":"Namud\u0117","url":"https:\/\/www.namude.lt\/","logo":{"@type":"ImageObject","inLanguage":"ru-RU","@id":"https:\/\/www.namude.lt\/#\/schema\/logo\/image\/","url":"https:\/\/www.namude.lt\/wp-content\/uploads\/2023\/11\/logo-symbol.svg","contentUrl":"https:\/\/www.namude.lt\/wp-content\/uploads\/2023\/11\/logo-symbol.svg","width":1,"height":1,"caption":"Namud\u0117"},"image":{"@id":"https:\/\/www.namude.lt\/#\/schema\/logo\/image\/"}}]}},"_links":{"self":[{"href":"https:\/\/www.namude.lt\/ru\/wp-json\/wp\/v2\/product\/11114","targetHints":{"allow":["GET"]}}],"collection":[{"href":"https:\/\/www.namude.lt\/ru\/wp-json\/wp\/v2\/product"}],"about":[{"href":"https:\/\/www.namude.lt\/ru\/wp-json\/wp\/v2\/types\/product"}],"wp:featuredmedia":[{"embeddable":true,"href":"https:\/\/www.namude.lt\/ru\/wp-json\/wp\/v2\/media\/11115"}],"wp:attachment":[{"href":"https:\/\/www.namude.lt\/ru\/wp-json\/wp\/v2\/media?parent=11114"}],"wp:term":[{"taxonomy":"product_brand","embeddable":true,"href":"https:\/\/www.namude.lt\/ru\/wp-json\/wp\/v2\/product_brand?post=11114"},{"taxonomy":"product_cat","embeddable":true,"href":"https:\/\/www.namude.lt\/ru\/wp-json\/wp\/v2\/product_cat?post=11114"},{"taxonomy":"product_tag","embeddable":true,"href":"https:\/\/www.namude.lt\/ru\/wp-json\/wp\/v2\/product_tag?post=11114"}],"curies":[{"name":"wp","href":"https:\/\/api.w.org\/{rel}","templated":true}]}}