{"id":11016,"date":"2024-07-05T11:55:01","date_gmt":"2024-07-05T08:55:01","guid":{"rendered":"https:\/\/www.namude.lt\/?post_type=product&#038;p=11016"},"modified":"2026-04-02T12:22:26","modified_gmt":"2026-04-02T09:22:26","slug":"vaizdingoje-vietoje-ant-zaduojo-ezero-kranto-meletiskes-k-zarasu-r-naujos-statybos-sodyba-2","status":"publish","type":"product","link":"https:\/\/www.namude.lt\/ru\/\u043e\u0431\u044a\u0435\u043a\u0442\/vaizdingoje-vietoje-ant-zaduojo-ezero-kranto-meletiskes-k-zarasu-r-naujos-statybos-sodyba-2\/","title":{"rendered":"VAIZDINGOJE VIETOJE, ANT ZADUOJO E\u017dERO KRANTO MELETI\u0160K\u0116S K. ZARAS\u0172 R. NAUJOS STATYBOS SODYBA"},"content":{"rendered":"","protected":false},"excerpt":{"rendered":"<p><strong>Vaizdingoje vietoje, ant Zaduojo e\u017eero kranto Meleti\u0161k\u0117s k. Zaras\u0173 r.  parduodama naujos statybos sodyba.<\/strong><a href=\"https:\/\/www.namude.lt\/kategorija\/sodybos\/?filter_rajonas=zarasu-rajonas&amp;query_type_rajonas=or\"><\/a> J\u012f \u012fsik\u016brusi unikalioje vietoje, vienkiemyje, pavieni\u0173 brand\u017ei\u0173 med\u017ei\u0173 bei mi\u0161k\u0173 apsuptyje, tod\u0117l teritorija teikia privatum\u0105 ir jaukum\u0105. Sodybai priklauso 3,45 ha sklypas. Sodybos pastatas r\u0105stinis, tradicinio dizaino. Yra i\u0161kastas gr\u0119\u017einys, \u012fvesta kanalizacija, \u0161ildymas oras \u2013 vanduo (grindinis), taip pat \u012frengtas oro kondicionierius. Sodybos bendras plotas \u2013 102,85 kv.m. Pirmajame auk\u0161te \u012frengta virtuv\u0117 bei poilsio zona, tualetas. Pirmojo auk\u0161to plotas \u2013 62,76 kv.m. Antrajame auk\u0161te \u2013 miegamieji su atskirais vonios kambariais. II auk\u0161to plotas 40,13 kv.m. Erdvus, aptvertas ir kruop\u0161\u010diai pri\u017ei\u016br\u0117tas sodybos kiemas, i\u0161 kurio atsiveria nuostabaus gro\u017eio peiza\u017eas \u012f Zaduojo e\u017eer\u0105. Vertinantys tikr\u0105 poils\u012f gamtoje gal\u0117s m\u0117gautis pakrant\u0117je pastatytos pirties malonumais, maudyn\u0117mis, \u017evejyba ar pasiplaukiojimu Zaduojo e\u017eere. Nuo pirties iki e\u017eero nutiestas lieptas. \u0160i sodyba  gal\u0117t\u0173 b\u016bti J\u016bs\u0173 nuosavas rojaus kampelis kokybi\u0161kam poilsiui. Skambinkite, atvykite ap\u017ei\u016br\u0117ti ir pajusite tikr\u0105ja sodybos dvasi\u0105. Lauksiu J\u016bs\u0173 skambu\u010di\u0173.<\/p>\n<p>Sodybos koordinat\u0117s:<br \/>\nGoogle maps 55.796970117508685, 25.88132646311841<br \/>\nMaps.lt 55.797855, 25.881870<\/p>\n","protected":false},"featured_media":11017,"template":"","meta":{"_acf_changed":false},"product_brand":[],"product_cat":[23],"product_tag":[],"class_list":{"0":"post-11016","1":"product","2":"type-product","3":"status-publish","4":"has-post-thumbnail","6":"product_cat-sodybos","7":"pa_rajonas-zarasu-rajonas","8":"description-off","10":"first","11":"instock","12":"shipping-taxable","13":"purchasable","14":"product-type-simple"},"acf":[],"yoast_head":"<!-- This site is optimized with the Yoast SEO plugin v27.4 - https:\/\/yoast.com\/product\/yoast-seo-wordpress\/ -->\n<title>VAIZDINGOJE VIETOJE, ANT ZADUOJO E\u017dERO KRANTO MELETI\u0160K\u0116S K. ZARAS\u0172 R. NAUJOS STATYBOS SODYBA - Namud\u0117<\/title>\n<meta name=\"robots\" content=\"index, follow, max-snippet:-1, max-image-preview:large, max-video-preview:-1\" \/>\n<link rel=\"canonical\" href=\"https:\/\/www.namude.lt\/objektas\/vaizdingoje-vietoje-ant-zaduojo-ezero-kranto-meletiskes-k-zarasu-r-naujos-statybos-sodyba-2\/\" \/>\n<meta property=\"og:locale\" content=\"ru_RU\" \/>\n<meta property=\"og:type\" content=\"article\" \/>\n<meta property=\"og:title\" content=\"VAIZDINGOJE VIETOJE, ANT ZADUOJO E\u017dERO KRANTO MELETI\u0160K\u0116S K. ZARAS\u0172 R. NAUJOS STATYBOS SODYBA - Namud\u0117\" \/>\n<meta property=\"og:description\" content=\"Vaizdingoje vietoje, ant Zaduojo e\u017eero kranto Meleti\u0161k\u0117s k. Zaras\u0173 r. parduodama naujos statybos sodyba. J\u012f \u012fsik\u016brusi unikalioje vietoje, vienkiemyje, pavieni\u0173 brand\u017ei\u0173 med\u017ei\u0173 bei mi\u0161k\u0173 apsuptyje, tod\u0117l teritorija teikia privatum\u0105 ir jaukum\u0105. Sodybai priklauso 3,45 ha sklypas. Sodybos pastatas r\u0105stinis, tradicinio dizaino. Yra i\u0161kastas gr\u0119\u017einys, \u012fvesta kanalizacija, \u0161ildymas oras \u2013 vanduo (grindinis), taip pat \u012frengtas oro kondicionierius. Sodybos bendras plotas \u2013 102,85 kv.m. Pirmajame auk\u0161te \u012frengta virtuv\u0117 bei poilsio zona, tualetas. Pirmojo auk\u0161to plotas \u2013 62,76 kv.m. Antrajame auk\u0161te \u2013 miegamieji su atskirais vonios kambariais. II auk\u0161to plotas 40,13 kv.m. Erdvus, aptvertas ir kruop\u0161\u010diai pri\u017ei\u016br\u0117tas sodybos kiemas, i\u0161 kurio atsiveria nuostabaus gro\u017eio peiza\u017eas \u012f Zaduojo e\u017eer\u0105. Vertinantys tikr\u0105 poils\u012f gamtoje gal\u0117s m\u0117gautis pakrant\u0117je pastatytos pirties malonumais, maudyn\u0117mis, \u017evejyba ar pasiplaukiojimu Zaduojo e\u017eere. Nuo pirties iki e\u017eero nutiestas lieptas. \u0160i sodyba gal\u0117t\u0173 b\u016bti J\u016bs\u0173 nuosavas rojaus kampelis kokybi\u0161kam poilsiui. Skambinkite, atvykite ap\u017ei\u016br\u0117ti ir pajusite tikr\u0105ja sodybos dvasi\u0105. Lauksiu J\u016bs\u0173 skambu\u010di\u0173.  Sodybos koordinat\u0117s: Google maps 55.796970117508685, 25.88132646311841 Maps.lt 55.797855, 25.881870\" \/>\n<meta property=\"og:url\" content=\"https:\/\/www.namude.lt\/objektas\/vaizdingoje-vietoje-ant-zaduojo-ezero-kranto-meletiskes-k-zarasu-r-naujos-statybos-sodyba-2\/\" \/>\n<meta property=\"og:site_name\" content=\"Namud\u0117\" \/>\n<meta property=\"article:modified_time\" content=\"2026-04-02T09:22:26+00:00\" \/>\n<meta property=\"og:image\" content=\"https:\/\/www.namude.lt\/wp-content\/uploads\/2024\/07\/1-2.jpg\" \/>\n\t<meta property=\"og:image:width\" content=\"800\" \/>\n\t<meta property=\"og:image:height\" content=\"532\" \/>\n\t<meta property=\"og:image:type\" content=\"image\/jpeg\" \/>\n<meta name=\"twitter:card\" content=\"summary_large_image\" \/>\n<script type=\"application\/ld+json\" class=\"yoast-schema-graph\">{\"@context\":\"https:\\\/\\\/schema.org\",\"@graph\":[{\"@type\":\"WebPage\",\"@id\":\"https:\\\/\\\/www.namude.lt\\\/objektas\\\/vaizdingoje-vietoje-ant-zaduojo-ezero-kranto-meletiskes-k-zarasu-r-naujos-statybos-sodyba-2\\\/\",\"url\":\"https:\\\/\\\/www.namude.lt\\\/objektas\\\/vaizdingoje-vietoje-ant-zaduojo-ezero-kranto-meletiskes-k-zarasu-r-naujos-statybos-sodyba-2\\\/\",\"name\":\"VAIZDINGOJE VIETOJE, ANT ZADUOJO E\u017dERO KRANTO MELETI\u0160K\u0116S K. ZARAS\u0172 R. NAUJOS STATYBOS SODYBA - Namud\u0117\",\"isPartOf\":{\"@id\":\"https:\\\/\\\/www.namude.lt\\\/#website\"},\"primaryImageOfPage\":{\"@id\":\"https:\\\/\\\/www.namude.lt\\\/objektas\\\/vaizdingoje-vietoje-ant-zaduojo-ezero-kranto-meletiskes-k-zarasu-r-naujos-statybos-sodyba-2\\\/#primaryimage\"},\"image\":{\"@id\":\"https:\\\/\\\/www.namude.lt\\\/objektas\\\/vaizdingoje-vietoje-ant-zaduojo-ezero-kranto-meletiskes-k-zarasu-r-naujos-statybos-sodyba-2\\\/#primaryimage\"},\"thumbnailUrl\":\"https:\\\/\\\/www.namude.lt\\\/wp-content\\\/uploads\\\/2024\\\/07\\\/1-2.jpg\",\"datePublished\":\"2024-07-05T08:55:01+00:00\",\"dateModified\":\"2026-04-02T09:22:26+00:00\",\"breadcrumb\":{\"@id\":\"https:\\\/\\\/www.namude.lt\\\/objektas\\\/vaizdingoje-vietoje-ant-zaduojo-ezero-kranto-meletiskes-k-zarasu-r-naujos-statybos-sodyba-2\\\/#breadcrumb\"},\"inLanguage\":\"ru-RU\",\"potentialAction\":[{\"@type\":\"ReadAction\",\"target\":[\"https:\\\/\\\/www.namude.lt\\\/objektas\\\/vaizdingoje-vietoje-ant-zaduojo-ezero-kranto-meletiskes-k-zarasu-r-naujos-statybos-sodyba-2\\\/\"]}]},{\"@type\":\"ImageObject\",\"inLanguage\":\"ru-RU\",\"@id\":\"https:\\\/\\\/www.namude.lt\\\/objektas\\\/vaizdingoje-vietoje-ant-zaduojo-ezero-kranto-meletiskes-k-zarasu-r-naujos-statybos-sodyba-2\\\/#primaryimage\",\"url\":\"https:\\\/\\\/www.namude.lt\\\/wp-content\\\/uploads\\\/2024\\\/07\\\/1-2.jpg\",\"contentUrl\":\"https:\\\/\\\/www.namude.lt\\\/wp-content\\\/uploads\\\/2024\\\/07\\\/1-2.jpg\",\"width\":800,\"height\":532},{\"@type\":\"BreadcrumbList\",\"@id\":\"https:\\\/\\\/www.namude.lt\\\/objektas\\\/vaizdingoje-vietoje-ant-zaduojo-ezero-kranto-meletiskes-k-zarasu-r-naujos-statybos-sodyba-2\\\/#breadcrumb\",\"itemListElement\":[{\"@type\":\"ListItem\",\"position\":1,\"name\":\"Home\",\"item\":\"https:\\\/\\\/www.namude.lt\\\/ru\\\/\"},{\"@type\":\"ListItem\",\"position\":2,\"name\":\"\u041e\u0431\u044a\u0435\u043a\u0442\u044b\",\"item\":\"https:\\\/\\\/www.namude.lt\\\/ru\\\/%d0%be%d0%b1%d1%8a%d0%b5%d0%ba%d1%82%d1%8b\\\/\"},{\"@type\":\"ListItem\",\"position\":3,\"name\":\"VAIZDINGOJE VIETOJE, ANT ZADUOJO E\u017dERO KRANTO MELETI\u0160K\u0116S K. ZARAS\u0172 R. NAUJOS STATYBOS SODYBA\"}]},{\"@type\":\"WebSite\",\"@id\":\"https:\\\/\\\/www.namude.lt\\\/#website\",\"url\":\"https:\\\/\\\/www.namude.lt\\\/\",\"name\":\"Namud\u0117\",\"description\":\"\u201eNamud\u0117\u201c \u2013 agent\u016bra, pardavin\u0117janti Auk\u0161taitijos NT grynuolius.\",\"publisher\":{\"@id\":\"https:\\\/\\\/www.namude.lt\\\/#organization\"},\"potentialAction\":[{\"@type\":\"SearchAction\",\"target\":{\"@type\":\"EntryPoint\",\"urlTemplate\":\"https:\\\/\\\/www.namude.lt\\\/?s={search_term_string}\"},\"query-input\":{\"@type\":\"PropertyValueSpecification\",\"valueRequired\":true,\"valueName\":\"search_term_string\"}}],\"inLanguage\":\"ru-RU\"},{\"@type\":\"Organization\",\"@id\":\"https:\\\/\\\/www.namude.lt\\\/#organization\",\"name\":\"Namud\u0117\",\"url\":\"https:\\\/\\\/www.namude.lt\\\/\",\"logo\":{\"@type\":\"ImageObject\",\"inLanguage\":\"ru-RU\",\"@id\":\"https:\\\/\\\/www.namude.lt\\\/#\\\/schema\\\/logo\\\/image\\\/\",\"url\":\"https:\\\/\\\/www.namude.lt\\\/wp-content\\\/uploads\\\/2023\\\/11\\\/logo-symbol.svg\",\"contentUrl\":\"https:\\\/\\\/www.namude.lt\\\/wp-content\\\/uploads\\\/2023\\\/11\\\/logo-symbol.svg\",\"width\":1,\"height\":1,\"caption\":\"Namud\u0117\"},\"image\":{\"@id\":\"https:\\\/\\\/www.namude.lt\\\/#\\\/schema\\\/logo\\\/image\\\/\"}}]}<\/script>\n<!-- \/ Yoast SEO plugin. -->","yoast_head_json":{"title":"VAIZDINGOJE VIETOJE, ANT ZADUOJO E\u017dERO KRANTO MELETI\u0160K\u0116S K. ZARAS\u0172 R. NAUJOS STATYBOS SODYBA - Namud\u0117","robots":{"index":"index","follow":"follow","max-snippet":"max-snippet:-1","max-image-preview":"max-image-preview:large","max-video-preview":"max-video-preview:-1"},"canonical":"https:\/\/www.namude.lt\/objektas\/vaizdingoje-vietoje-ant-zaduojo-ezero-kranto-meletiskes-k-zarasu-r-naujos-statybos-sodyba-2\/","og_locale":"ru_RU","og_type":"article","og_title":"VAIZDINGOJE VIETOJE, ANT ZADUOJO E\u017dERO KRANTO MELETI\u0160K\u0116S K. ZARAS\u0172 R. NAUJOS STATYBOS SODYBA - Namud\u0117","og_description":"Vaizdingoje vietoje, ant Zaduojo e\u017eero kranto Meleti\u0161k\u0117s k. Zaras\u0173 r. parduodama naujos statybos sodyba. J\u012f \u012fsik\u016brusi unikalioje vietoje, vienkiemyje, pavieni\u0173 brand\u017ei\u0173 med\u017ei\u0173 bei mi\u0161k\u0173 apsuptyje, tod\u0117l teritorija teikia privatum\u0105 ir jaukum\u0105. Sodybai priklauso 3,45 ha sklypas. Sodybos pastatas r\u0105stinis, tradicinio dizaino. Yra i\u0161kastas gr\u0119\u017einys, \u012fvesta kanalizacija, \u0161ildymas oras \u2013 vanduo (grindinis), taip pat \u012frengtas oro kondicionierius. Sodybos bendras plotas \u2013 102,85 kv.m. Pirmajame auk\u0161te \u012frengta virtuv\u0117 bei poilsio zona, tualetas. Pirmojo auk\u0161to plotas \u2013 62,76 kv.m. Antrajame auk\u0161te \u2013 miegamieji su atskirais vonios kambariais. II auk\u0161to plotas 40,13 kv.m. Erdvus, aptvertas ir kruop\u0161\u010diai pri\u017ei\u016br\u0117tas sodybos kiemas, i\u0161 kurio atsiveria nuostabaus gro\u017eio peiza\u017eas \u012f Zaduojo e\u017eer\u0105. Vertinantys tikr\u0105 poils\u012f gamtoje gal\u0117s m\u0117gautis pakrant\u0117je pastatytos pirties malonumais, maudyn\u0117mis, \u017evejyba ar pasiplaukiojimu Zaduojo e\u017eere. Nuo pirties iki e\u017eero nutiestas lieptas. \u0160i sodyba gal\u0117t\u0173 b\u016bti J\u016bs\u0173 nuosavas rojaus kampelis kokybi\u0161kam poilsiui. Skambinkite, atvykite ap\u017ei\u016br\u0117ti ir pajusite tikr\u0105ja sodybos dvasi\u0105. Lauksiu J\u016bs\u0173 skambu\u010di\u0173.  Sodybos koordinat\u0117s: Google maps 55.796970117508685, 25.88132646311841 Maps.lt 55.797855, 25.881870","og_url":"https:\/\/www.namude.lt\/objektas\/vaizdingoje-vietoje-ant-zaduojo-ezero-kranto-meletiskes-k-zarasu-r-naujos-statybos-sodyba-2\/","og_site_name":"Namud\u0117","article_modified_time":"2026-04-02T09:22:26+00:00","og_image":[{"width":800,"height":532,"url":"https:\/\/www.namude.lt\/wp-content\/uploads\/2024\/07\/1-2.jpg","type":"image\/jpeg"}],"twitter_card":"summary_large_image","schema":{"@context":"https:\/\/schema.org","@graph":[{"@type":"WebPage","@id":"https:\/\/www.namude.lt\/objektas\/vaizdingoje-vietoje-ant-zaduojo-ezero-kranto-meletiskes-k-zarasu-r-naujos-statybos-sodyba-2\/","url":"https:\/\/www.namude.lt\/objektas\/vaizdingoje-vietoje-ant-zaduojo-ezero-kranto-meletiskes-k-zarasu-r-naujos-statybos-sodyba-2\/","name":"VAIZDINGOJE VIETOJE, ANT ZADUOJO E\u017dERO KRANTO MELETI\u0160K\u0116S K. ZARAS\u0172 R. NAUJOS STATYBOS SODYBA - Namud\u0117","isPartOf":{"@id":"https:\/\/www.namude.lt\/#website"},"primaryImageOfPage":{"@id":"https:\/\/www.namude.lt\/objektas\/vaizdingoje-vietoje-ant-zaduojo-ezero-kranto-meletiskes-k-zarasu-r-naujos-statybos-sodyba-2\/#primaryimage"},"image":{"@id":"https:\/\/www.namude.lt\/objektas\/vaizdingoje-vietoje-ant-zaduojo-ezero-kranto-meletiskes-k-zarasu-r-naujos-statybos-sodyba-2\/#primaryimage"},"thumbnailUrl":"https:\/\/www.namude.lt\/wp-content\/uploads\/2024\/07\/1-2.jpg","datePublished":"2024-07-05T08:55:01+00:00","dateModified":"2026-04-02T09:22:26+00:00","breadcrumb":{"@id":"https:\/\/www.namude.lt\/objektas\/vaizdingoje-vietoje-ant-zaduojo-ezero-kranto-meletiskes-k-zarasu-r-naujos-statybos-sodyba-2\/#breadcrumb"},"inLanguage":"ru-RU","potentialAction":[{"@type":"ReadAction","target":["https:\/\/www.namude.lt\/objektas\/vaizdingoje-vietoje-ant-zaduojo-ezero-kranto-meletiskes-k-zarasu-r-naujos-statybos-sodyba-2\/"]}]},{"@type":"ImageObject","inLanguage":"ru-RU","@id":"https:\/\/www.namude.lt\/objektas\/vaizdingoje-vietoje-ant-zaduojo-ezero-kranto-meletiskes-k-zarasu-r-naujos-statybos-sodyba-2\/#primaryimage","url":"https:\/\/www.namude.lt\/wp-content\/uploads\/2024\/07\/1-2.jpg","contentUrl":"https:\/\/www.namude.lt\/wp-content\/uploads\/2024\/07\/1-2.jpg","width":800,"height":532},{"@type":"BreadcrumbList","@id":"https:\/\/www.namude.lt\/objektas\/vaizdingoje-vietoje-ant-zaduojo-ezero-kranto-meletiskes-k-zarasu-r-naujos-statybos-sodyba-2\/#breadcrumb","itemListElement":[{"@type":"ListItem","position":1,"name":"Home","item":"https:\/\/www.namude.lt\/ru\/"},{"@type":"ListItem","position":2,"name":"\u041e\u0431\u044a\u0435\u043a\u0442\u044b","item":"https:\/\/www.namude.lt\/ru\/%d0%be%d0%b1%d1%8a%d0%b5%d0%ba%d1%82%d1%8b\/"},{"@type":"ListItem","position":3,"name":"VAIZDINGOJE VIETOJE, ANT ZADUOJO E\u017dERO KRANTO MELETI\u0160K\u0116S K. ZARAS\u0172 R. NAUJOS STATYBOS SODYBA"}]},{"@type":"WebSite","@id":"https:\/\/www.namude.lt\/#website","url":"https:\/\/www.namude.lt\/","name":"Namud\u0117","description":"\u201eNamud\u0117\u201c \u2013 agent\u016bra, pardavin\u0117janti Auk\u0161taitijos NT grynuolius.","publisher":{"@id":"https:\/\/www.namude.lt\/#organization"},"potentialAction":[{"@type":"SearchAction","target":{"@type":"EntryPoint","urlTemplate":"https:\/\/www.namude.lt\/?s={search_term_string}"},"query-input":{"@type":"PropertyValueSpecification","valueRequired":true,"valueName":"search_term_string"}}],"inLanguage":"ru-RU"},{"@type":"Organization","@id":"https:\/\/www.namude.lt\/#organization","name":"Namud\u0117","url":"https:\/\/www.namude.lt\/","logo":{"@type":"ImageObject","inLanguage":"ru-RU","@id":"https:\/\/www.namude.lt\/#\/schema\/logo\/image\/","url":"https:\/\/www.namude.lt\/wp-content\/uploads\/2023\/11\/logo-symbol.svg","contentUrl":"https:\/\/www.namude.lt\/wp-content\/uploads\/2023\/11\/logo-symbol.svg","width":1,"height":1,"caption":"Namud\u0117"},"image":{"@id":"https:\/\/www.namude.lt\/#\/schema\/logo\/image\/"}}]}},"_links":{"self":[{"href":"https:\/\/www.namude.lt\/ru\/wp-json\/wp\/v2\/product\/11016","targetHints":{"allow":["GET"]}}],"collection":[{"href":"https:\/\/www.namude.lt\/ru\/wp-json\/wp\/v2\/product"}],"about":[{"href":"https:\/\/www.namude.lt\/ru\/wp-json\/wp\/v2\/types\/product"}],"wp:featuredmedia":[{"embeddable":true,"href":"https:\/\/www.namude.lt\/ru\/wp-json\/wp\/v2\/media\/11017"}],"wp:attachment":[{"href":"https:\/\/www.namude.lt\/ru\/wp-json\/wp\/v2\/media?parent=11016"}],"wp:term":[{"taxonomy":"product_brand","embeddable":true,"href":"https:\/\/www.namude.lt\/ru\/wp-json\/wp\/v2\/product_brand?post=11016"},{"taxonomy":"product_cat","embeddable":true,"href":"https:\/\/www.namude.lt\/ru\/wp-json\/wp\/v2\/product_cat?post=11016"},{"taxonomy":"product_tag","embeddable":true,"href":"https:\/\/www.namude.lt\/ru\/wp-json\/wp\/v2\/product_tag?post=11016"}],"curies":[{"name":"wp","href":"https:\/\/api.w.org\/{rel}","templated":true}]}}