{"id":10439,"date":"2024-06-03T15:53:42","date_gmt":"2024-06-03T12:53:42","guid":{"rendered":"https:\/\/www.namude.lt\/?post_type=product&#038;p=10439"},"modified":"2026-03-28T16:47:41","modified_gmt":"2026-03-28T14:47:41","slug":"10439","status":"publish","type":"product","link":"https:\/\/www.namude.lt\/ru\/\u043e\u0431\u044a\u0435\u043a\u0442\/10439\/","title":{"rendered":"\u012edomios architekt\u016bros, kra\u0161tinis sodo namas pu\u0161yne prie tvenkinio, \u0160ven\u010dioni\u0173 rajone, Statku\u0161k\u0117s kaime, \u0160ven\u010dion\u0117li\u0173 pakra\u0161tyje"},"content":{"rendered":"","protected":false},"excerpt":{"rendered":"<p>Parduodamas \u012fdomios architekt\u016bros, kra\u0161tinis sodo namas pu\u0161yne prie tvenkinio, <a href=\"https:\/\/www.namude.lt\/parduodami-nt-objektai\/?filter_rajonas=svencioniu-rajonas&amp;query_type_rajonas=or\">\u0160ven\u010dioni\u0173 rajone,<\/a> Statku\u0161k\u0117s kaime, \u0160ven\u010dion\u0117li\u0173 pakra\u0161tyje. <strong>1991<\/strong> m statybos plytinio namo bendras plotas \u2013 <strong>31.21<\/strong> kv. m ir dar po namu r\u016bsys \u2013 (<strong>7.39<\/strong> kv. m) ir vieta automobiliui pastatyti. Name yra virtuv\u0117 (<strong>7.08<\/strong> kv. m) su terasa, kambarys (<strong>13.85<\/strong> kv. m) su balkonu ir miegamasis (<strong>10.28<\/strong> kv. m). Virtuv\u0117je yra plyta maisto gamybai. Parduodama su baldais. Taip pat yra didelis kapitalinis \u0161iltnamis (su pamatais), lauko tualetas, tvenkinys ir buitinis vandentiekis (laistymui). Po namu priklauso <strong>0.1103<\/strong> ha pri\u017ei\u016br\u0117tas ir ap\u017eeldintas sod\u0173 \u017eem\u0117s sklypas. \u0160alia pu\u0161yne, apie <strong>30<\/strong> m nuo sklypo ribos, prateka nat\u016bralus ir gyvybingas upelis, kuris ma\u017eiau nei u\u017e <strong>1<\/strong> km\u00a0 \u012fteka \u012f \u017deimenos upe. Aplink o\u0161ia Doten\u0117n\u0173 mi\u0161ko pu\u0161ynai. Artimiausias e\u017eeras Sudot\u0173 \u2013 apie <strong>3<\/strong> km. Saugumas \u2013 aplink yra pastoviai gyvenan\u010di\u0173 kaimyn\u0173. Geras susisiekimas. Iki Vilniaus ma\u017eiau nei <strong>90<\/strong> km. Tiesiog puiki vieta ir namas poilsiui.<\/p>\n","protected":false},"featured_media":16178,"template":"","meta":{"_acf_changed":false},"product_brand":[],"product_cat":[23,26],"product_tag":[],"class_list":{"0":"post-10439","1":"product","2":"type-product","3":"status-publish","4":"has-post-thumbnail","6":"product_cat-sodybos","7":"product_cat-namai","8":"pa_rajonas-svencioniu-rajonas","9":"description-off","11":"first","12":"instock","13":"sale","14":"shipping-taxable","15":"purchasable","16":"product-type-simple"},"acf":[],"yoast_head":"<!-- This site is optimized with the Yoast SEO plugin v27.0 - https:\/\/yoast.com\/product\/yoast-seo-wordpress\/ -->\n<title>\u012edomios architekt\u016bros, kra\u0161tinis sodo namas pu\u0161yne prie tvenkinio, \u0160ven\u010dioni\u0173 rajone, Statku\u0161k\u0117s kaime, \u0160ven\u010dion\u0117li\u0173 pakra\u0161tyje - Namud\u0117<\/title>\n<meta name=\"robots\" content=\"index, follow, max-snippet:-1, max-image-preview:large, max-video-preview:-1\" \/>\n<link rel=\"canonical\" href=\"https:\/\/www.namude.lt\/objektas\/10439\/\" \/>\n<meta property=\"og:locale\" content=\"ru_RU\" \/>\n<meta property=\"og:type\" content=\"article\" \/>\n<meta property=\"og:title\" content=\"\u012edomios architekt\u016bros, kra\u0161tinis sodo namas pu\u0161yne prie tvenkinio, \u0160ven\u010dioni\u0173 rajone, Statku\u0161k\u0117s kaime, \u0160ven\u010dion\u0117li\u0173 pakra\u0161tyje - Namud\u0117\" \/>\n<meta property=\"og:description\" content=\"Parduodamas \u012fdomios architekt\u016bros, kra\u0161tinis sodo namas pu\u0161yne prie tvenkinio, \u0160ven\u010dioni\u0173 rajone, Statku\u0161k\u0117s kaime, \u0160ven\u010dion\u0117li\u0173 pakra\u0161tyje. 1991 m statybos plytinio namo bendras plotas \u2013 31.21 kv. m ir dar po namu r\u016bsys \u2013 (7.39 kv. m) ir vieta automobiliui pastatyti. Name yra virtuv\u0117 (7.08 kv. m) su terasa, kambarys (13.85 kv. m) su balkonu ir miegamasis (10.28 kv. m). Virtuv\u0117je yra plyta maisto gamybai. Parduodama su baldais. Taip pat yra didelis kapitalinis \u0161iltnamis (su pamatais), lauko tualetas, tvenkinys ir buitinis vandentiekis (laistymui). Po namu priklauso 0.1103 ha pri\u017ei\u016br\u0117tas ir ap\u017eeldintas sod\u0173 \u017eem\u0117s sklypas. \u0160alia pu\u0161yne, apie 30 m nuo sklypo ribos, prateka nat\u016bralus ir gyvybingas upelis, kuris ma\u017eiau nei u\u017e 1 km\u00a0 \u012fteka \u012f \u017deimenos upe. Aplink o\u0161ia Doten\u0117n\u0173 mi\u0161ko pu\u0161ynai. Artimiausias e\u017eeras Sudot\u0173 \u2013 apie 3 km. Saugumas \u2013 aplink yra pastoviai gyvenan\u010di\u0173 kaimyn\u0173. Geras susisiekimas. Iki Vilniaus ma\u017eiau nei 90 km. Tiesiog puiki vieta ir namas poilsiui.\" \/>\n<meta property=\"og:url\" content=\"https:\/\/www.namude.lt\/objektas\/10439\/\" \/>\n<meta property=\"og:site_name\" content=\"Namud\u0117\" \/>\n<meta property=\"article:modified_time\" content=\"2026-03-28T14:47:41+00:00\" \/>\n<meta property=\"og:image\" content=\"https:\/\/www.namude.lt\/wp-content\/uploads\/2024\/06\/2-3.jpg\" \/>\n\t<meta property=\"og:image:width\" content=\"800\" \/>\n\t<meta property=\"og:image:height\" content=\"531\" \/>\n\t<meta property=\"og:image:type\" content=\"image\/jpeg\" \/>\n<meta name=\"twitter:card\" content=\"summary_large_image\" \/>\n<script type=\"application\/ld+json\" class=\"yoast-schema-graph\">{\"@context\":\"https:\/\/schema.org\",\"@graph\":[{\"@type\":\"WebPage\",\"@id\":\"https:\/\/www.namude.lt\/objektas\/10439\/\",\"url\":\"https:\/\/www.namude.lt\/objektas\/10439\/\",\"name\":\"\u012edomios architekt\u016bros, kra\u0161tinis sodo namas pu\u0161yne prie tvenkinio, \u0160ven\u010dioni\u0173 rajone, Statku\u0161k\u0117s kaime, \u0160ven\u010dion\u0117li\u0173 pakra\u0161tyje - Namud\u0117\",\"isPartOf\":{\"@id\":\"https:\/\/www.namude.lt\/#website\"},\"primaryImageOfPage\":{\"@id\":\"https:\/\/www.namude.lt\/objektas\/10439\/#primaryimage\"},\"image\":{\"@id\":\"https:\/\/www.namude.lt\/objektas\/10439\/#primaryimage\"},\"thumbnailUrl\":\"https:\/\/www.namude.lt\/wp-content\/uploads\/2024\/06\/2-3.jpg\",\"datePublished\":\"2024-06-03T12:53:42+00:00\",\"dateModified\":\"2026-03-28T14:47:41+00:00\",\"breadcrumb\":{\"@id\":\"https:\/\/www.namude.lt\/objektas\/10439\/#breadcrumb\"},\"inLanguage\":\"ru-RU\",\"potentialAction\":[{\"@type\":\"ReadAction\",\"target\":[\"https:\/\/www.namude.lt\/objektas\/10439\/\"]}]},{\"@type\":\"ImageObject\",\"inLanguage\":\"ru-RU\",\"@id\":\"https:\/\/www.namude.lt\/objektas\/10439\/#primaryimage\",\"url\":\"https:\/\/www.namude.lt\/wp-content\/uploads\/2024\/06\/2-3.jpg\",\"contentUrl\":\"https:\/\/www.namude.lt\/wp-content\/uploads\/2024\/06\/2-3.jpg\",\"width\":800,\"height\":531},{\"@type\":\"BreadcrumbList\",\"@id\":\"https:\/\/www.namude.lt\/objektas\/10439\/#breadcrumb\",\"itemListElement\":[{\"@type\":\"ListItem\",\"position\":1,\"name\":\"Home\",\"item\":\"https:\/\/www.namude.lt\/ru\/\"},{\"@type\":\"ListItem\",\"position\":2,\"name\":\"\u041e\u0431\u044a\u0435\u043a\u0442\u044b\",\"item\":\"https:\/\/www.namude.lt\/ru\/%d0%be%d0%b1%d1%8a%d0%b5%d0%ba%d1%82%d1%8b\/\"},{\"@type\":\"ListItem\",\"position\":3,\"name\":\"\u012edomios architekt\u016bros, kra\u0161tinis sodo namas pu\u0161yne prie tvenkinio, \u0160ven\u010dioni\u0173 rajone, Statku\u0161k\u0117s kaime, \u0160ven\u010dion\u0117li\u0173 pakra\u0161tyje\"}]},{\"@type\":\"WebSite\",\"@id\":\"https:\/\/www.namude.lt\/#website\",\"url\":\"https:\/\/www.namude.lt\/\",\"name\":\"Namud\u0117\",\"description\":\"\u201eNamud\u0117\u201c \u2013 agent\u016bra, pardavin\u0117janti Auk\u0161taitijos NT grynuolius.\",\"publisher\":{\"@id\":\"https:\/\/www.namude.lt\/#organization\"},\"potentialAction\":[{\"@type\":\"SearchAction\",\"target\":{\"@type\":\"EntryPoint\",\"urlTemplate\":\"https:\/\/www.namude.lt\/?s={search_term_string}\"},\"query-input\":{\"@type\":\"PropertyValueSpecification\",\"valueRequired\":true,\"valueName\":\"search_term_string\"}}],\"inLanguage\":\"ru-RU\"},{\"@type\":\"Organization\",\"@id\":\"https:\/\/www.namude.lt\/#organization\",\"name\":\"Namud\u0117\",\"url\":\"https:\/\/www.namude.lt\/\",\"logo\":{\"@type\":\"ImageObject\",\"inLanguage\":\"ru-RU\",\"@id\":\"https:\/\/www.namude.lt\/#\/schema\/logo\/image\/\",\"url\":\"https:\/\/www.namude.lt\/wp-content\/uploads\/2023\/11\/logo-symbol.svg\",\"contentUrl\":\"https:\/\/www.namude.lt\/wp-content\/uploads\/2023\/11\/logo-symbol.svg\",\"width\":1,\"height\":1,\"caption\":\"Namud\u0117\"},\"image\":{\"@id\":\"https:\/\/www.namude.lt\/#\/schema\/logo\/image\/\"}}]}<\/script>\n<!-- \/ Yoast SEO plugin. -->","yoast_head_json":{"title":"\u012edomios architekt\u016bros, kra\u0161tinis sodo namas pu\u0161yne prie tvenkinio, \u0160ven\u010dioni\u0173 rajone, Statku\u0161k\u0117s kaime, \u0160ven\u010dion\u0117li\u0173 pakra\u0161tyje - Namud\u0117","robots":{"index":"index","follow":"follow","max-snippet":"max-snippet:-1","max-image-preview":"max-image-preview:large","max-video-preview":"max-video-preview:-1"},"canonical":"https:\/\/www.namude.lt\/objektas\/10439\/","og_locale":"ru_RU","og_type":"article","og_title":"\u012edomios architekt\u016bros, kra\u0161tinis sodo namas pu\u0161yne prie tvenkinio, \u0160ven\u010dioni\u0173 rajone, Statku\u0161k\u0117s kaime, \u0160ven\u010dion\u0117li\u0173 pakra\u0161tyje - Namud\u0117","og_description":"Parduodamas \u012fdomios architekt\u016bros, kra\u0161tinis sodo namas pu\u0161yne prie tvenkinio, \u0160ven\u010dioni\u0173 rajone, Statku\u0161k\u0117s kaime, \u0160ven\u010dion\u0117li\u0173 pakra\u0161tyje. 1991 m statybos plytinio namo bendras plotas \u2013 31.21 kv. m ir dar po namu r\u016bsys \u2013 (7.39 kv. m) ir vieta automobiliui pastatyti. Name yra virtuv\u0117 (7.08 kv. m) su terasa, kambarys (13.85 kv. m) su balkonu ir miegamasis (10.28 kv. m). Virtuv\u0117je yra plyta maisto gamybai. Parduodama su baldais. Taip pat yra didelis kapitalinis \u0161iltnamis (su pamatais), lauko tualetas, tvenkinys ir buitinis vandentiekis (laistymui). Po namu priklauso 0.1103 ha pri\u017ei\u016br\u0117tas ir ap\u017eeldintas sod\u0173 \u017eem\u0117s sklypas. \u0160alia pu\u0161yne, apie 30 m nuo sklypo ribos, prateka nat\u016bralus ir gyvybingas upelis, kuris ma\u017eiau nei u\u017e 1 km\u00a0 \u012fteka \u012f \u017deimenos upe. Aplink o\u0161ia Doten\u0117n\u0173 mi\u0161ko pu\u0161ynai. Artimiausias e\u017eeras Sudot\u0173 \u2013 apie 3 km. Saugumas \u2013 aplink yra pastoviai gyvenan\u010di\u0173 kaimyn\u0173. Geras susisiekimas. Iki Vilniaus ma\u017eiau nei 90 km. Tiesiog puiki vieta ir namas poilsiui.","og_url":"https:\/\/www.namude.lt\/objektas\/10439\/","og_site_name":"Namud\u0117","article_modified_time":"2026-03-28T14:47:41+00:00","og_image":[{"width":800,"height":531,"url":"https:\/\/www.namude.lt\/wp-content\/uploads\/2024\/06\/2-3.jpg","type":"image\/jpeg"}],"twitter_card":"summary_large_image","schema":{"@context":"https:\/\/schema.org","@graph":[{"@type":"WebPage","@id":"https:\/\/www.namude.lt\/objektas\/10439\/","url":"https:\/\/www.namude.lt\/objektas\/10439\/","name":"\u012edomios architekt\u016bros, kra\u0161tinis sodo namas pu\u0161yne prie tvenkinio, \u0160ven\u010dioni\u0173 rajone, Statku\u0161k\u0117s kaime, \u0160ven\u010dion\u0117li\u0173 pakra\u0161tyje - Namud\u0117","isPartOf":{"@id":"https:\/\/www.namude.lt\/#website"},"primaryImageOfPage":{"@id":"https:\/\/www.namude.lt\/objektas\/10439\/#primaryimage"},"image":{"@id":"https:\/\/www.namude.lt\/objektas\/10439\/#primaryimage"},"thumbnailUrl":"https:\/\/www.namude.lt\/wp-content\/uploads\/2024\/06\/2-3.jpg","datePublished":"2024-06-03T12:53:42+00:00","dateModified":"2026-03-28T14:47:41+00:00","breadcrumb":{"@id":"https:\/\/www.namude.lt\/objektas\/10439\/#breadcrumb"},"inLanguage":"ru-RU","potentialAction":[{"@type":"ReadAction","target":["https:\/\/www.namude.lt\/objektas\/10439\/"]}]},{"@type":"ImageObject","inLanguage":"ru-RU","@id":"https:\/\/www.namude.lt\/objektas\/10439\/#primaryimage","url":"https:\/\/www.namude.lt\/wp-content\/uploads\/2024\/06\/2-3.jpg","contentUrl":"https:\/\/www.namude.lt\/wp-content\/uploads\/2024\/06\/2-3.jpg","width":800,"height":531},{"@type":"BreadcrumbList","@id":"https:\/\/www.namude.lt\/objektas\/10439\/#breadcrumb","itemListElement":[{"@type":"ListItem","position":1,"name":"Home","item":"https:\/\/www.namude.lt\/ru\/"},{"@type":"ListItem","position":2,"name":"\u041e\u0431\u044a\u0435\u043a\u0442\u044b","item":"https:\/\/www.namude.lt\/ru\/%d0%be%d0%b1%d1%8a%d0%b5%d0%ba%d1%82%d1%8b\/"},{"@type":"ListItem","position":3,"name":"\u012edomios architekt\u016bros, kra\u0161tinis sodo namas pu\u0161yne prie tvenkinio, \u0160ven\u010dioni\u0173 rajone, Statku\u0161k\u0117s kaime, \u0160ven\u010dion\u0117li\u0173 pakra\u0161tyje"}]},{"@type":"WebSite","@id":"https:\/\/www.namude.lt\/#website","url":"https:\/\/www.namude.lt\/","name":"Namud\u0117","description":"\u201eNamud\u0117\u201c \u2013 agent\u016bra, pardavin\u0117janti Auk\u0161taitijos NT grynuolius.","publisher":{"@id":"https:\/\/www.namude.lt\/#organization"},"potentialAction":[{"@type":"SearchAction","target":{"@type":"EntryPoint","urlTemplate":"https:\/\/www.namude.lt\/?s={search_term_string}"},"query-input":{"@type":"PropertyValueSpecification","valueRequired":true,"valueName":"search_term_string"}}],"inLanguage":"ru-RU"},{"@type":"Organization","@id":"https:\/\/www.namude.lt\/#organization","name":"Namud\u0117","url":"https:\/\/www.namude.lt\/","logo":{"@type":"ImageObject","inLanguage":"ru-RU","@id":"https:\/\/www.namude.lt\/#\/schema\/logo\/image\/","url":"https:\/\/www.namude.lt\/wp-content\/uploads\/2023\/11\/logo-symbol.svg","contentUrl":"https:\/\/www.namude.lt\/wp-content\/uploads\/2023\/11\/logo-symbol.svg","width":1,"height":1,"caption":"Namud\u0117"},"image":{"@id":"https:\/\/www.namude.lt\/#\/schema\/logo\/image\/"}}]}},"_links":{"self":[{"href":"https:\/\/www.namude.lt\/ru\/wp-json\/wp\/v2\/product\/10439","targetHints":{"allow":["GET"]}}],"collection":[{"href":"https:\/\/www.namude.lt\/ru\/wp-json\/wp\/v2\/product"}],"about":[{"href":"https:\/\/www.namude.lt\/ru\/wp-json\/wp\/v2\/types\/product"}],"wp:featuredmedia":[{"embeddable":true,"href":"https:\/\/www.namude.lt\/ru\/wp-json\/wp\/v2\/media\/16178"}],"wp:attachment":[{"href":"https:\/\/www.namude.lt\/ru\/wp-json\/wp\/v2\/media?parent=10439"}],"wp:term":[{"taxonomy":"product_brand","embeddable":true,"href":"https:\/\/www.namude.lt\/ru\/wp-json\/wp\/v2\/product_brand?post=10439"},{"taxonomy":"product_cat","embeddable":true,"href":"https:\/\/www.namude.lt\/ru\/wp-json\/wp\/v2\/product_cat?post=10439"},{"taxonomy":"product_tag","embeddable":true,"href":"https:\/\/www.namude.lt\/ru\/wp-json\/wp\/v2\/product_tag?post=10439"}],"curies":[{"name":"wp","href":"https:\/\/api.w.org\/{rel}","templated":true}]}}