{"id":1020,"date":"2024-01-15T12:58:17","date_gmt":"2024-01-15T10:58:17","guid":{"rendered":"https:\/\/www.namude.lt\/?post_type=product&#038;p=1020"},"modified":"2025-12-29T15:46:29","modified_gmt":"2025-12-29T13:46:29","slug":"sodyba-su-0-7488-ha-zemes-plotu-ant-vaizdingos-neries-upes-kranto-pusyne-vilniaus-rajone-vilkines-kaime","status":"publish","type":"product","link":"https:\/\/www.namude.lt\/ru\/\u043e\u0431\u044a\u0435\u043a\u0442\/sodyba-su-0-7488-ha-zemes-plotu-ant-vaizdingos-neries-upes-kranto-pusyne-vilniaus-rajone-vilkines-kaime\/","title":{"rendered":"SODYBA SU 0.7488 HA \u017dEM\u0116S PLOTU ANT VAIZDINGOS NERIES UP\u0116S KRANTO, PU\u0160YNE, VILNIAUS RAJONE, VILKIN\u0116S KAIME"},"content":{"rendered":"","protected":false},"excerpt":{"rendered":"<p><strong>Parduodama <a href=\"http:\/\/Parduodama sodyba su 0.7488 ha \u017eem\u0117s plotu ant vaizdingos Neries up\u0117s kranto, pu\u0161yne, Vilniaus rajone, Vilkin\u0117s kaime.\u00a0Medinio gyvenamojo namo bendras plotas \u2013\u00a048.58 kv. m. \u0160ildymas krosninis. Vietinis vandentiekis ir vietin\u0117 kanalizacija. Parduodama su dalimi bald\u0173. Taip pat dar yra poilsio namelis (\u0161ildymas krosninis), kiemo r\u016bsys, \u016bkinis pastatas, pirtis, dar\u017ein\u0117, \u0161ulinys, lauko tualetas, sodas. Po pastatais priklauso\u00a00.5473 ha\u00a0nam\u0173 valdos sklypas, kuris\u00a0ribojasi su 0.2015 ha \u017eem\u0117s \u016bkio paskirties sklypu. Viso parduodama 0.7488 ha \u017eem\u0117s plotas. \u017dem\u0117s \u016bkio paskirties sklypas turi 26.32 m\u00a0Neries up\u0117s\u00a0sm\u0117l\u0117tos\u00a0pakrant\u0117s. Min\u0117tame sklype yra dar viena buvusi, registruota pirtel\u0117 (apie\u00a017 m\u00a0nuo up\u0117s), kurios vietoje bus galima statytis nauj\u0105 pirtel\u0119. Artimiausias kaimynas apie 150 m.\u00a0 Geras priva\u017eiavimas visais met\u0173 laikais. Iki asfaltuoto kelio apie 0.8 km\u00a0mi\u0161ko keliuku, iki Nemen\u010din\u0117s apie\u00a017 km,\u00a0iki Vilniaus apie\u00a037 km.\u00a0Puiki sodyba poilsiui arti Vilniaus. Toki\u0173 viet\u0173 jau ma\u017eai beliko!\">sodyba<\/a> su 0.7488 ha \u017eem\u0117s plotu ant vaizdingos Neries up\u0117s kranto, pu\u0161yne, <a href=\"https:\/\/www.namude.lt\/parduodami-nt-objektai\/?filter_rajonas=vilniaus-raj&amp;query_type_rajonas=or\">Vilniaus rajone<\/a>, Vilkin\u0117s kaime.\u00a0<\/strong>Medinio gyvenamojo namo bendras plotas \u2013\u00a0<strong>48.58 kv. m<\/strong>. \u0160ildymas krosninis. Vietinis vandentiekis ir vietin\u0117 kanalizacija. Parduodama su dalimi bald\u0173. Taip pat dar yra poilsio namelis (\u0161ildymas krosninis), kiemo r\u016bsys, \u016bkinis pastatas, pirtis, dar\u017ein\u0117, \u0161ulinys, lauko tualetas, sodas. Po pastatais priklauso\u00a0<strong>0.5473 ha<\/strong>\u00a0nam\u0173 valdos sklypas, kuris\u00a0<strong>ribojasi su 0.2015 ha \u017eem\u0117s \u016bkio paskirties sklypu. Viso parduodama 0.7488 ha \u017eem\u0117s plotas. \u017dem\u0117s \u016bkio paskirties sklypas turi 26.32 m\u00a0<\/strong>Neries up\u0117s\u00a0<strong>sm\u0117l\u0117tos<\/strong>\u00a0pakrant\u0117s. Min\u0117tame sklype yra dar viena buvusi, registruota pirtel\u0117 (apie\u00a0<strong>17 m<\/strong>\u00a0nuo up\u0117s), kurios vietoje bus galima statytis nauj\u0105 pirtel\u0119. Artimiausias kaimynas apie 150 m.\u00a0 Geras priva\u017eiavimas visais met\u0173 laikais. Iki asfaltuoto kelio apie 0.<strong>8 km<\/strong>\u00a0mi\u0161ko keliuku, iki Nemen\u010din\u0117s apie\u00a0<strong>17 km,<\/strong>\u00a0iki Vilniaus apie\u00a0<strong>37 km.\u00a0<\/strong>Puiki sodyba poilsiui arti Vilniaus. Toki\u0173 viet\u0173 jau ma\u017eai beliko!<\/p>\n","protected":false},"featured_media":18361,"template":"","meta":{"_acf_changed":false},"product_brand":[],"product_cat":[75],"product_tag":[],"class_list":{"0":"post-1020","1":"product","2":"type-product","3":"status-publish","4":"has-post-thumbnail","6":"product_cat-parduota","7":"description-off","9":"first","10":"instock","11":"shipping-taxable","12":"purchasable","13":"product-type-simple"},"acf":[],"yoast_head":"<!-- This site is optimized with the Yoast SEO plugin v27.4 - https:\/\/yoast.com\/product\/yoast-seo-wordpress\/ -->\n<title>SODYBA SU 0.7488 HA \u017dEM\u0116S PLOTU ANT VAIZDINGOS NERIES UP\u0116S KRANTO, PU\u0160YNE, VILNIAUS RAJONE, VILKIN\u0116S KAIME - Namud\u0117<\/title>\n<meta name=\"robots\" content=\"index, follow, max-snippet:-1, max-image-preview:large, max-video-preview:-1\" \/>\n<link rel=\"canonical\" href=\"https:\/\/www.namude.lt\/objektas\/sodyba-su-0-7488-ha-zemes-plotu-ant-vaizdingos-neries-upes-kranto-pusyne-vilniaus-rajone-vilkines-kaime\/\" \/>\n<meta property=\"og:locale\" content=\"ru_RU\" \/>\n<meta property=\"og:type\" content=\"article\" \/>\n<meta property=\"og:title\" content=\"SODYBA SU 0.7488 HA \u017dEM\u0116S PLOTU ANT VAIZDINGOS NERIES UP\u0116S KRANTO, PU\u0160YNE, VILNIAUS RAJONE, VILKIN\u0116S KAIME - Namud\u0117\" \/>\n<meta property=\"og:description\" content=\"Parduodama sodyba su 0.7488 ha \u017eem\u0117s plotu ant vaizdingos Neries up\u0117s kranto, pu\u0161yne, Vilniaus rajone, Vilkin\u0117s kaime.\u00a0Medinio gyvenamojo namo bendras plotas \u2013\u00a048.58 kv. m. \u0160ildymas krosninis. Vietinis vandentiekis ir vietin\u0117 kanalizacija. Parduodama su dalimi bald\u0173. Taip pat dar yra poilsio namelis (\u0161ildymas krosninis), kiemo r\u016bsys, \u016bkinis pastatas, pirtis, dar\u017ein\u0117, \u0161ulinys, lauko tualetas, sodas. Po pastatais priklauso\u00a00.5473 ha\u00a0nam\u0173 valdos sklypas, kuris\u00a0ribojasi su 0.2015 ha \u017eem\u0117s \u016bkio paskirties sklypu. Viso parduodama 0.7488 ha \u017eem\u0117s plotas. \u017dem\u0117s \u016bkio paskirties sklypas turi 26.32 m\u00a0Neries up\u0117s\u00a0sm\u0117l\u0117tos\u00a0pakrant\u0117s. Min\u0117tame sklype yra dar viena buvusi, registruota pirtel\u0117 (apie\u00a017 m\u00a0nuo up\u0117s), kurios vietoje bus galima statytis nauj\u0105 pirtel\u0119. Artimiausias kaimynas apie 150 m.\u00a0 Geras priva\u017eiavimas visais met\u0173 laikais. Iki asfaltuoto kelio apie 0.8 km\u00a0mi\u0161ko keliuku, iki Nemen\u010din\u0117s apie\u00a017 km,\u00a0iki Vilniaus apie\u00a037 km.\u00a0Puiki sodyba poilsiui arti Vilniaus. Toki\u0173 viet\u0173 jau ma\u017eai beliko!\" \/>\n<meta property=\"og:url\" content=\"https:\/\/www.namude.lt\/objektas\/sodyba-su-0-7488-ha-zemes-plotu-ant-vaizdingos-neries-upes-kranto-pusyne-vilniaus-rajone-vilkines-kaime\/\" \/>\n<meta property=\"og:site_name\" content=\"Namud\u0117\" \/>\n<meta property=\"article:modified_time\" content=\"2025-12-29T13:46:29+00:00\" \/>\n<meta property=\"og:image\" content=\"https:\/\/www.namude.lt\/wp-content\/uploads\/2024\/01\/20-47.jpg\" \/>\n\t<meta property=\"og:image:width\" content=\"800\" \/>\n\t<meta property=\"og:image:height\" content=\"533\" \/>\n\t<meta property=\"og:image:type\" content=\"image\/jpeg\" \/>\n<meta name=\"twitter:card\" content=\"summary_large_image\" \/>\n<script type=\"application\/ld+json\" class=\"yoast-schema-graph\">{\"@context\":\"https:\\\/\\\/schema.org\",\"@graph\":[{\"@type\":\"WebPage\",\"@id\":\"https:\\\/\\\/www.namude.lt\\\/objektas\\\/sodyba-su-0-7488-ha-zemes-plotu-ant-vaizdingos-neries-upes-kranto-pusyne-vilniaus-rajone-vilkines-kaime\\\/\",\"url\":\"https:\\\/\\\/www.namude.lt\\\/objektas\\\/sodyba-su-0-7488-ha-zemes-plotu-ant-vaizdingos-neries-upes-kranto-pusyne-vilniaus-rajone-vilkines-kaime\\\/\",\"name\":\"SODYBA SU 0.7488 HA \u017dEM\u0116S PLOTU ANT VAIZDINGOS NERIES UP\u0116S KRANTO, PU\u0160YNE, VILNIAUS RAJONE, VILKIN\u0116S KAIME - Namud\u0117\",\"isPartOf\":{\"@id\":\"https:\\\/\\\/www.namude.lt\\\/#website\"},\"primaryImageOfPage\":{\"@id\":\"https:\\\/\\\/www.namude.lt\\\/objektas\\\/sodyba-su-0-7488-ha-zemes-plotu-ant-vaizdingos-neries-upes-kranto-pusyne-vilniaus-rajone-vilkines-kaime\\\/#primaryimage\"},\"image\":{\"@id\":\"https:\\\/\\\/www.namude.lt\\\/objektas\\\/sodyba-su-0-7488-ha-zemes-plotu-ant-vaizdingos-neries-upes-kranto-pusyne-vilniaus-rajone-vilkines-kaime\\\/#primaryimage\"},\"thumbnailUrl\":\"https:\\\/\\\/www.namude.lt\\\/wp-content\\\/uploads\\\/2024\\\/01\\\/20-47.jpg\",\"datePublished\":\"2024-01-15T10:58:17+00:00\",\"dateModified\":\"2025-12-29T13:46:29+00:00\",\"breadcrumb\":{\"@id\":\"https:\\\/\\\/www.namude.lt\\\/objektas\\\/sodyba-su-0-7488-ha-zemes-plotu-ant-vaizdingos-neries-upes-kranto-pusyne-vilniaus-rajone-vilkines-kaime\\\/#breadcrumb\"},\"inLanguage\":\"ru-RU\",\"potentialAction\":[{\"@type\":\"ReadAction\",\"target\":[\"https:\\\/\\\/www.namude.lt\\\/objektas\\\/sodyba-su-0-7488-ha-zemes-plotu-ant-vaizdingos-neries-upes-kranto-pusyne-vilniaus-rajone-vilkines-kaime\\\/\"]}]},{\"@type\":\"ImageObject\",\"inLanguage\":\"ru-RU\",\"@id\":\"https:\\\/\\\/www.namude.lt\\\/objektas\\\/sodyba-su-0-7488-ha-zemes-plotu-ant-vaizdingos-neries-upes-kranto-pusyne-vilniaus-rajone-vilkines-kaime\\\/#primaryimage\",\"url\":\"https:\\\/\\\/www.namude.lt\\\/wp-content\\\/uploads\\\/2024\\\/01\\\/20-47.jpg\",\"contentUrl\":\"https:\\\/\\\/www.namude.lt\\\/wp-content\\\/uploads\\\/2024\\\/01\\\/20-47.jpg\",\"width\":800,\"height\":533},{\"@type\":\"BreadcrumbList\",\"@id\":\"https:\\\/\\\/www.namude.lt\\\/objektas\\\/sodyba-su-0-7488-ha-zemes-plotu-ant-vaizdingos-neries-upes-kranto-pusyne-vilniaus-rajone-vilkines-kaime\\\/#breadcrumb\",\"itemListElement\":[{\"@type\":\"ListItem\",\"position\":1,\"name\":\"Home\",\"item\":\"https:\\\/\\\/www.namude.lt\\\/ru\\\/\"},{\"@type\":\"ListItem\",\"position\":2,\"name\":\"\u041e\u0431\u044a\u0435\u043a\u0442\u044b\",\"item\":\"https:\\\/\\\/www.namude.lt\\\/ru\\\/%d0%be%d0%b1%d1%8a%d0%b5%d0%ba%d1%82%d1%8b\\\/\"},{\"@type\":\"ListItem\",\"position\":3,\"name\":\"SODYBA SU 0.7488 HA \u017dEM\u0116S PLOTU ANT VAIZDINGOS NERIES UP\u0116S KRANTO, PU\u0160YNE, VILNIAUS RAJONE, VILKIN\u0116S KAIME\"}]},{\"@type\":\"WebSite\",\"@id\":\"https:\\\/\\\/www.namude.lt\\\/#website\",\"url\":\"https:\\\/\\\/www.namude.lt\\\/\",\"name\":\"Namud\u0117\",\"description\":\"\u201eNamud\u0117\u201c \u2013 agent\u016bra, pardavin\u0117janti Auk\u0161taitijos NT grynuolius.\",\"publisher\":{\"@id\":\"https:\\\/\\\/www.namude.lt\\\/#organization\"},\"potentialAction\":[{\"@type\":\"SearchAction\",\"target\":{\"@type\":\"EntryPoint\",\"urlTemplate\":\"https:\\\/\\\/www.namude.lt\\\/?s={search_term_string}\"},\"query-input\":{\"@type\":\"PropertyValueSpecification\",\"valueRequired\":true,\"valueName\":\"search_term_string\"}}],\"inLanguage\":\"ru-RU\"},{\"@type\":\"Organization\",\"@id\":\"https:\\\/\\\/www.namude.lt\\\/#organization\",\"name\":\"Namud\u0117\",\"url\":\"https:\\\/\\\/www.namude.lt\\\/\",\"logo\":{\"@type\":\"ImageObject\",\"inLanguage\":\"ru-RU\",\"@id\":\"https:\\\/\\\/www.namude.lt\\\/#\\\/schema\\\/logo\\\/image\\\/\",\"url\":\"https:\\\/\\\/www.namude.lt\\\/wp-content\\\/uploads\\\/2023\\\/11\\\/logo-symbol.svg\",\"contentUrl\":\"https:\\\/\\\/www.namude.lt\\\/wp-content\\\/uploads\\\/2023\\\/11\\\/logo-symbol.svg\",\"width\":1,\"height\":1,\"caption\":\"Namud\u0117\"},\"image\":{\"@id\":\"https:\\\/\\\/www.namude.lt\\\/#\\\/schema\\\/logo\\\/image\\\/\"}}]}<\/script>\n<!-- \/ Yoast SEO plugin. -->","yoast_head_json":{"title":"SODYBA SU 0.7488 HA \u017dEM\u0116S PLOTU ANT VAIZDINGOS NERIES UP\u0116S KRANTO, PU\u0160YNE, VILNIAUS RAJONE, VILKIN\u0116S KAIME - Namud\u0117","robots":{"index":"index","follow":"follow","max-snippet":"max-snippet:-1","max-image-preview":"max-image-preview:large","max-video-preview":"max-video-preview:-1"},"canonical":"https:\/\/www.namude.lt\/objektas\/sodyba-su-0-7488-ha-zemes-plotu-ant-vaizdingos-neries-upes-kranto-pusyne-vilniaus-rajone-vilkines-kaime\/","og_locale":"ru_RU","og_type":"article","og_title":"SODYBA SU 0.7488 HA \u017dEM\u0116S PLOTU ANT VAIZDINGOS NERIES UP\u0116S KRANTO, PU\u0160YNE, VILNIAUS RAJONE, VILKIN\u0116S KAIME - Namud\u0117","og_description":"Parduodama sodyba su 0.7488 ha \u017eem\u0117s plotu ant vaizdingos Neries up\u0117s kranto, pu\u0161yne, Vilniaus rajone, Vilkin\u0117s kaime.\u00a0Medinio gyvenamojo namo bendras plotas \u2013\u00a048.58 kv. m. \u0160ildymas krosninis. Vietinis vandentiekis ir vietin\u0117 kanalizacija. Parduodama su dalimi bald\u0173. Taip pat dar yra poilsio namelis (\u0161ildymas krosninis), kiemo r\u016bsys, \u016bkinis pastatas, pirtis, dar\u017ein\u0117, \u0161ulinys, lauko tualetas, sodas. Po pastatais priklauso\u00a00.5473 ha\u00a0nam\u0173 valdos sklypas, kuris\u00a0ribojasi su 0.2015 ha \u017eem\u0117s \u016bkio paskirties sklypu. Viso parduodama 0.7488 ha \u017eem\u0117s plotas. \u017dem\u0117s \u016bkio paskirties sklypas turi 26.32 m\u00a0Neries up\u0117s\u00a0sm\u0117l\u0117tos\u00a0pakrant\u0117s. Min\u0117tame sklype yra dar viena buvusi, registruota pirtel\u0117 (apie\u00a017 m\u00a0nuo up\u0117s), kurios vietoje bus galima statytis nauj\u0105 pirtel\u0119. Artimiausias kaimynas apie 150 m.\u00a0 Geras priva\u017eiavimas visais met\u0173 laikais. Iki asfaltuoto kelio apie 0.8 km\u00a0mi\u0161ko keliuku, iki Nemen\u010din\u0117s apie\u00a017 km,\u00a0iki Vilniaus apie\u00a037 km.\u00a0Puiki sodyba poilsiui arti Vilniaus. Toki\u0173 viet\u0173 jau ma\u017eai beliko!","og_url":"https:\/\/www.namude.lt\/objektas\/sodyba-su-0-7488-ha-zemes-plotu-ant-vaizdingos-neries-upes-kranto-pusyne-vilniaus-rajone-vilkines-kaime\/","og_site_name":"Namud\u0117","article_modified_time":"2025-12-29T13:46:29+00:00","og_image":[{"width":800,"height":533,"url":"https:\/\/www.namude.lt\/wp-content\/uploads\/2024\/01\/20-47.jpg","type":"image\/jpeg"}],"twitter_card":"summary_large_image","schema":{"@context":"https:\/\/schema.org","@graph":[{"@type":"WebPage","@id":"https:\/\/www.namude.lt\/objektas\/sodyba-su-0-7488-ha-zemes-plotu-ant-vaizdingos-neries-upes-kranto-pusyne-vilniaus-rajone-vilkines-kaime\/","url":"https:\/\/www.namude.lt\/objektas\/sodyba-su-0-7488-ha-zemes-plotu-ant-vaizdingos-neries-upes-kranto-pusyne-vilniaus-rajone-vilkines-kaime\/","name":"SODYBA SU 0.7488 HA \u017dEM\u0116S PLOTU ANT VAIZDINGOS NERIES UP\u0116S KRANTO, PU\u0160YNE, VILNIAUS RAJONE, VILKIN\u0116S KAIME - Namud\u0117","isPartOf":{"@id":"https:\/\/www.namude.lt\/#website"},"primaryImageOfPage":{"@id":"https:\/\/www.namude.lt\/objektas\/sodyba-su-0-7488-ha-zemes-plotu-ant-vaizdingos-neries-upes-kranto-pusyne-vilniaus-rajone-vilkines-kaime\/#primaryimage"},"image":{"@id":"https:\/\/www.namude.lt\/objektas\/sodyba-su-0-7488-ha-zemes-plotu-ant-vaizdingos-neries-upes-kranto-pusyne-vilniaus-rajone-vilkines-kaime\/#primaryimage"},"thumbnailUrl":"https:\/\/www.namude.lt\/wp-content\/uploads\/2024\/01\/20-47.jpg","datePublished":"2024-01-15T10:58:17+00:00","dateModified":"2025-12-29T13:46:29+00:00","breadcrumb":{"@id":"https:\/\/www.namude.lt\/objektas\/sodyba-su-0-7488-ha-zemes-plotu-ant-vaizdingos-neries-upes-kranto-pusyne-vilniaus-rajone-vilkines-kaime\/#breadcrumb"},"inLanguage":"ru-RU","potentialAction":[{"@type":"ReadAction","target":["https:\/\/www.namude.lt\/objektas\/sodyba-su-0-7488-ha-zemes-plotu-ant-vaizdingos-neries-upes-kranto-pusyne-vilniaus-rajone-vilkines-kaime\/"]}]},{"@type":"ImageObject","inLanguage":"ru-RU","@id":"https:\/\/www.namude.lt\/objektas\/sodyba-su-0-7488-ha-zemes-plotu-ant-vaizdingos-neries-upes-kranto-pusyne-vilniaus-rajone-vilkines-kaime\/#primaryimage","url":"https:\/\/www.namude.lt\/wp-content\/uploads\/2024\/01\/20-47.jpg","contentUrl":"https:\/\/www.namude.lt\/wp-content\/uploads\/2024\/01\/20-47.jpg","width":800,"height":533},{"@type":"BreadcrumbList","@id":"https:\/\/www.namude.lt\/objektas\/sodyba-su-0-7488-ha-zemes-plotu-ant-vaizdingos-neries-upes-kranto-pusyne-vilniaus-rajone-vilkines-kaime\/#breadcrumb","itemListElement":[{"@type":"ListItem","position":1,"name":"Home","item":"https:\/\/www.namude.lt\/ru\/"},{"@type":"ListItem","position":2,"name":"\u041e\u0431\u044a\u0435\u043a\u0442\u044b","item":"https:\/\/www.namude.lt\/ru\/%d0%be%d0%b1%d1%8a%d0%b5%d0%ba%d1%82%d1%8b\/"},{"@type":"ListItem","position":3,"name":"SODYBA SU 0.7488 HA \u017dEM\u0116S PLOTU ANT VAIZDINGOS NERIES UP\u0116S KRANTO, PU\u0160YNE, VILNIAUS RAJONE, VILKIN\u0116S KAIME"}]},{"@type":"WebSite","@id":"https:\/\/www.namude.lt\/#website","url":"https:\/\/www.namude.lt\/","name":"Namud\u0117","description":"\u201eNamud\u0117\u201c \u2013 agent\u016bra, pardavin\u0117janti Auk\u0161taitijos NT grynuolius.","publisher":{"@id":"https:\/\/www.namude.lt\/#organization"},"potentialAction":[{"@type":"SearchAction","target":{"@type":"EntryPoint","urlTemplate":"https:\/\/www.namude.lt\/?s={search_term_string}"},"query-input":{"@type":"PropertyValueSpecification","valueRequired":true,"valueName":"search_term_string"}}],"inLanguage":"ru-RU"},{"@type":"Organization","@id":"https:\/\/www.namude.lt\/#organization","name":"Namud\u0117","url":"https:\/\/www.namude.lt\/","logo":{"@type":"ImageObject","inLanguage":"ru-RU","@id":"https:\/\/www.namude.lt\/#\/schema\/logo\/image\/","url":"https:\/\/www.namude.lt\/wp-content\/uploads\/2023\/11\/logo-symbol.svg","contentUrl":"https:\/\/www.namude.lt\/wp-content\/uploads\/2023\/11\/logo-symbol.svg","width":1,"height":1,"caption":"Namud\u0117"},"image":{"@id":"https:\/\/www.namude.lt\/#\/schema\/logo\/image\/"}}]}},"_links":{"self":[{"href":"https:\/\/www.namude.lt\/ru\/wp-json\/wp\/v2\/product\/1020","targetHints":{"allow":["GET"]}}],"collection":[{"href":"https:\/\/www.namude.lt\/ru\/wp-json\/wp\/v2\/product"}],"about":[{"href":"https:\/\/www.namude.lt\/ru\/wp-json\/wp\/v2\/types\/product"}],"wp:featuredmedia":[{"embeddable":true,"href":"https:\/\/www.namude.lt\/ru\/wp-json\/wp\/v2\/media\/18361"}],"wp:attachment":[{"href":"https:\/\/www.namude.lt\/ru\/wp-json\/wp\/v2\/media?parent=1020"}],"wp:term":[{"taxonomy":"product_brand","embeddable":true,"href":"https:\/\/www.namude.lt\/ru\/wp-json\/wp\/v2\/product_brand?post=1020"},{"taxonomy":"product_cat","embeddable":true,"href":"https:\/\/www.namude.lt\/ru\/wp-json\/wp\/v2\/product_cat?post=1020"},{"taxonomy":"product_tag","embeddable":true,"href":"https:\/\/www.namude.lt\/ru\/wp-json\/wp\/v2\/product_tag?post=1020"}],"curies":[{"name":"wp","href":"https:\/\/api.w.org\/{rel}","templated":true}]}}