{"id":3556,"date":"2023-12-02T00:51:42","date_gmt":"2023-12-01T22:51:42","guid":{"rendered":"https:\/\/www.namude.lt\/paslaugos\/"},"modified":"2024-01-24T21:25:35","modified_gmt":"2024-01-24T19:25:35","slug":"%d1%83%d1%81%d0%bb%d1%83%d0%b3%d0%b8","status":"publish","type":"page","link":"https:\/\/www.namude.lt\/ru\/%d1%83%d1%81%d0%bb%d1%83%d0%b3%d0%b8\/","title":{"rendered":"\u0423\u0441\u043b\u0443\u0433\u0438"},"content":{"rendered":"<div class=\"wpb-content-wrapper\"><p>[vc_row css_animation=&#187;fadeInUp&#187; css=&#187;.vc_custom_1701958966516{margin-top: 30px !important;margin-bottom: 50px !important;}&#187;][vc_column width=&#187;1\/4&#8243;][\/vc_column][vc_column width=&#187;1\/2&#8243;][vc_custom_heading text=&#187;\u041c\u044b \u0437\u0430\u043d\u0438\u043c\u0430\u0435\u043c\u0441\u044f \u0442\u043e\u0440\u0433\u043e\u0432\u043b\u0435\u0439 \u043d\u0435\u0434\u0432\u0438\u0436\u0438\u043c\u043e\u0441\u0442\u044c\u044e \u0443\u0436\u0435 \u0431\u043e\u043b\u0435\u0435 25 \u043b\u0435\u0442.&#187; font_container=&#187;tag:h2|text_align:center&#187; use_theme_fonts=&#187;yes&#187;][\/vc_column][vc_column width=&#187;1\/4&#8243;][\/vc_column][\/vc_row][vc_row gap=&#187;30&#8243; equal_height=&#187;yes&#187;][vc_column css_animation=&#187;fadeInLeft&#187; width=&#187;1\/3&#8243; css=&#187;.vc_custom_1702298514676{border-top-width: 1px !important;border-right-width: 1px !important;border-bottom-width: 1px !important;border-left-width: 1px !important;padding-top: 30px !important;padding-right: 30px !important;padding-bottom: 30px !important;padding-left: 30px !important;border-left-color: #214f4b !important;border-left-style: solid !important;border-right-color: #214f4b !important;border-right-style: solid !important;border-top-color: #214f4b !important;border-top-style: solid !important;border-bottom-color: #214f4b !important;border-bottom-style: solid !important;border-radius: 25px !important;}&#187;][vc_custom_heading text=&#187;\u0421\u0440\u043e\u0447\u043d\u0430\u044f \u043f\u043e\u043a\u0443\u043f\u043a\u0430 \u0438 \u043f\u0440\u043e\u0434\u0430\u0436\u0430 \u043d\u0435\u0434\u0432\u0438\u0436\u0438\u043c\u043e\u0441\u0442\u0438&#187; font_container=&#187;tag:h3|text_align:left|color:%2316c172&#8243; use_theme_fonts=&#187;yes&#187;][\/vc_column][vc_column css_animation=&#187;fadeInLeft&#187; width=&#187;1\/3&#8243; css=&#187;.vc_custom_1702298433180{border-top-width: 1px !important;border-right-width: 1px !important;border-bottom-width: 1px !important;border-left-width: 1px !important;padding-top: 30px !important;padding-right: 30px !important;padding-bottom: 30px !important;padding-left: 30px !important;border-left-color: #214f4b !important;border-left-style: solid !important;border-right-color: #214f4b !important;border-right-style: solid !important;border-top-color: #214f4b !important;border-top-style: solid !important;border-bottom-color: #214f4b !important;border-bottom-style: solid !important;border-radius: 30px !important;}&#187;][vc_custom_heading text=&#187;\u041f\u043e\u0441\u0440\u0435\u0434\u043d\u0438\u0447\u0435\u0441\u043a\u0438\u0435 \u0443\u0441\u043b\u0443\u0433\u0438 \u043f\u0440\u0438 \u043f\u0440\u043e\u0434\u0430\u0436\u0435&#187; font_container=&#187;tag:h3|text_align:left|color:%2316c172&#8243; use_theme_fonts=&#187;yes&#187;][\/vc_column][vc_column css_animation=&#187;fadeInLeft&#187; width=&#187;1\/3&#8243; css=&#187;.vc_custom_1702298412786{border-top-width: 1px !important;border-right-width: 1px !important;border-bottom-width: 1px !important;border-left-width: 1px !important;padding-top: 30px !important;padding-right: 30px !important;padding-bottom: 30px !important;padding-left: 30px !important;border-left-color: #214f4b !important;border-left-style: solid !important;border-right-color: #214f4b !important;border-right-style: solid !important;border-top-color: #214f4b !important;border-top-style: solid !important;border-bottom-color: #214f4b !important;border-bottom-style: solid !important;border-radius: 30px !important;}&#187;][vc_custom_heading text=&#187;\u041e\u0431\u044a\u0435\u043a\u0442\u0438\u0432\u043d\u043e\u0435 \u043e\u043f\u0440\u0435\u0434\u0435\u043b\u0435\u043d\u0438\u0435 \u0441\u0442\u043e\u0438\u043c\u043e\u0441\u0442\u0438 \u043d\u0435\u0434\u0432\u0438\u0436\u0438\u043c\u043e\u0441\u0442\u0438&#187; font_container=&#187;tag:h3|text_align:left|color:%2316c172&#8243; use_theme_fonts=&#187;yes&#187;][\/vc_column][\/vc_row][vc_row gap=&#187;30&#8243; equal_height=&#187;yes&#187;][vc_column css_animation=&#187;fadeInLeft&#187; width=&#187;1\/3&#8243; css=&#187;.vc_custom_1702298514676{border-top-width: 1px !important;border-right-width: 1px !important;border-bottom-width: 1px !important;border-left-width: 1px !important;padding-top: 30px !important;padding-right: 30px !important;padding-bottom: 30px !important;padding-left: 30px !important;border-left-color: #214f4b !important;border-left-style: solid !important;border-right-color: #214f4b !important;border-right-style: solid !important;border-top-color: #214f4b !important;border-top-style: solid !important;border-bottom-color: #214f4b !important;border-bottom-style: solid !important;border-radius: 25px !important;}&#187;][vc_custom_heading text=&#187;\u041f\u0440\u043e\u0444\u0435\u0441\u0441\u0438\u043e\u043d\u0430\u043b\u044c\u043d\u0430\u044f \u0440\u0435\u043a\u043b\u0430\u043c\u0430 \u043d\u0435\u0434\u0432\u0438\u0436\u0438\u043c\u043e\u0441\u0442\u0438&#187; font_container=&#187;tag:h3|text_align:left|color:%2316c172&#8243; use_theme_fonts=&#187;yes&#187;][\/vc_column][vc_column css_animation=&#187;fadeInLeft&#187; width=&#187;1\/3&#8243; css=&#187;.vc_custom_1702298433180{border-top-width: 1px !important;border-right-width: 1px !important;border-bottom-width: 1px !important;border-left-width: 1px !important;padding-top: 30px !important;padding-right: 30px !important;padding-bottom: 30px !important;padding-left: 30px !important;border-left-color: #214f4b !important;border-left-style: solid !important;border-right-color: #214f4b !important;border-right-style: solid !important;border-top-color: #214f4b !important;border-top-style: solid !important;border-bottom-color: #214f4b !important;border-bottom-style: solid !important;border-radius: 30px !important;}&#187;][vc_custom_heading text=&#187;\u041f\u043e\u0434\u0433\u043e\u0442\u043e\u0432\u043a\u0430 \u0434\u043e\u043a\u0443\u043c\u0435\u043d\u0442\u043e\u0432 \u0434\u043b\u044f \u0441\u0434\u0435\u043b\u043a\u0438 \u043a\u0443\u043f\u043b\u0438-\u043f\u0440\u043e\u0434\u0430\u0436\u0438&#187; font_container=&#187;tag:h3|text_align:left|color:%2316c172&#8243; use_theme_fonts=&#187;yes&#187;][\/vc_column][vc_column css_animation=&#187;fadeInLeft&#187; width=&#187;1\/3&#8243; css=&#187;.vc_custom_1702298412786{border-top-width: 1px !important;border-right-width: 1px !important;border-bottom-width: 1px !important;border-left-width: 1px !important;padding-top: 30px !important;padding-right: 30px !important;padding-bottom: 30px !important;padding-left: 30px !important;border-left-color: #214f4b !important;border-left-style: solid !important;border-right-color: #214f4b !important;border-right-style: solid !important;border-top-color: #214f4b !important;border-top-style: solid !important;border-bottom-color: #214f4b !important;border-bottom-style: solid !important;border-radius: 30px !important;}&#187;][vc_custom_heading text=&#187;\u042e\u0440\u0438\u0434\u0438\u0447\u0435\u0441\u043a\u0438\u0435 \u043a\u043e\u043d\u0441\u0443\u043b\u044c\u0442\u0430\u0446\u0438\u0438 \u043f\u043e \u0432\u0441\u0435\u043c \u0432\u043e\u043f\u0440\u043e\u0441\u0430\u043c, \u0441\u0432\u044f\u0437\u0430\u043d\u043d\u044b\u043c \u0441 \u043d\u0435\u0434\u0432\u0438\u0436\u0438\u043c\u043e\u0441\u0442\u044c\u044e&#187; font_container=&#187;tag:h3|text_align:left|color:%2316c172&#8243; use_theme_fonts=&#187;yes&#187;][\/vc_column][\/vc_row][vc_row gap=&#187;30&#8243; equal_height=&#187;yes&#187;][vc_column css_animation=&#187;fadeInLeft&#187; width=&#187;1\/3&#8243; css=&#187;.vc_custom_1702298514676{border-top-width: 1px !important;border-right-width: 1px !important;border-bottom-width: 1px !important;border-left-width: 1px !important;padding-top: 30px !important;padding-right: 30px !important;padding-bottom: 30px !important;padding-left: 30px !important;border-left-color: #214f4b !important;border-left-style: solid !important;border-right-color: #214f4b !important;border-right-style: solid !important;border-top-color: #214f4b !important;border-top-style: solid !important;border-bottom-color: #214f4b !important;border-bottom-style: solid !important;border-radius: 25px !important;}&#187;][vc_custom_heading text=&#187;\u041f\u0435\u0440\u0435\u0433\u043e\u0432\u043e\u0440\u044b&#187; font_container=&#187;tag:h3|text_align:left|color:%2316c172&#8243; use_theme_fonts=&#187;yes&#187;][\/vc_column][vc_column css_animation=&#187;fadeInLeft&#187; width=&#187;1\/3&#8243; css=&#187;.vc_custom_1702298648782{padding-top: 30px !important;padding-right: 30px !important;padding-bottom: 30px !important;padding-left: 30px !important;}&#187;][\/vc_column][vc_column css_animation=&#187;fadeInLeft&#187; width=&#187;1\/3&#8243; css=&#187;.vc_custom_1702298659463{padding-top: 30px !important;padding-right: 30px !important;padding-bottom: 30px !important;padding-left: 30px !important;border-radius: 30px !important;}&#187;][\/vc_column][\/vc_row][vc_row full_width=&#187;stretch_row&#187; css_animation=&#187;fadeInUp&#187; bg_type=&#187;image&#187; parallax_style=&#187;vcpb-vz-jquery&#187; bg_image_new=&#187;id^38|url^https:\/\/www.namude.lt\/wp-content\/uploads\/2023\/11\/humphrey-muleba-ed5mB7Zxi3E-unsplash.jpg|caption^null|alt^null|title^humphrey-muleba-ed5mB7Zxi3E-unsplash|description^null&#187; enable_overlay=&#187;enable_overlay_value&#187; overlay_color=&#187;rgba(0,0,0,0.54)&#187; css=&#187;.vc_custom_1701956960138{margin-top: 70px !important;margin-bottom: -50px !important;padding-top: 100px !important;padding-bottom: 140px !important;}&#187;][vc_column width=&#187;1\/4&#8243;][\/vc_column][vc_column width=&#187;1\/2&#8243;][vc_custom_heading text=&#187;\u0418\u0449\u0435\u0442\u0435 \u0432\u0442\u043e\u0440\u043e\u0439 \u0434\u043e\u043c \u0438\u043b\u0438 \u0445\u043e\u0442\u0438\u0442\u0435 \u043f\u0440\u043e\u0434\u0430\u0442\u044c? \u0421\u0432\u044f\u0436\u0438\u0442\u0435\u0441\u044c \u0441 \u043d\u0430\u043c\u0438 \u043f\u043e \u0442\u0435\u043b\u0435\u0444\u043e\u043d\u0443 \u0438\u043b\u0438 \u044d\u043b\u0435\u043a\u0442\u0440\u043e\u043d\u043d\u043e\u0439 \u043f\u043e\u0447\u0442\u0435.&#187; font_container=&#187;tag:h3|text_align:center|color:%23ffffff&#187; use_theme_fonts=&#187;yes&#187; css=&#187;.vc_custom_1701956868994{margin-bottom: 30px !important;}&#187;][vc_row_inner css=&#187;.vc_custom_1701956926904{margin-top: 40px !important;padding-right: 60px !important;padding-left: 60px !important;}&#187;][vc_column_inner width=&#187;1\/2&#8243;]<style type=\"text\/css\" data-type=\"the7_shortcodes-inline-css\">#default-btn-def66708973915a326554840c6119fac.ico-right-side > i {\n  margin-right: 0px;\n  margin-left: 8px;\n}\n#default-btn-def66708973915a326554840c6119fac > i {\n  margin-right: 8px;\n}<\/style><div class=\"btn-align-center\"><a href=\"tel:+37069851269\" class=\"default-btn-shortcode dt-btn dt-btn-l link-hover-off \" id=\"default-btn-def66708973915a326554840c6119fac\"><span>+370 698 51269<\/span><\/a><\/div>[\/vc_column_inner][vc_column_inner width=&#187;1\/2&#8243;]<style type=\"text\/css\" data-type=\"the7_shortcodes-inline-css\">#default-btn-de04ed1a32426dfb650f2e05e9e22f40.ico-right-side > i {\n  margin-right: 0px;\n  margin-left: 8px;\n}\n#default-btn-de04ed1a32426dfb650f2e05e9e22f40 > i {\n  margin-right: 8px;\n}<\/style><div class=\"btn-align-center\"><a href=\"mailto:info@namude.lt\" class=\"default-btn-shortcode dt-btn dt-btn-l link-hover-off \" id=\"default-btn-de04ed1a32426dfb650f2e05e9e22f40\"><span>info@namude.lt<\/span><\/a><\/div>[\/vc_column_inner][\/vc_row_inner][\/vc_column][vc_column width=&#187;1\/4&#8243;][\/vc_column][\/vc_row]<\/p>\n<\/div>","protected":false},"excerpt":{"rendered":"<p>[vc_row css_animation=&#187;fadeInUp&#187; css=&#187;.vc_custom_1701958966516{margin-top: 30px !important;margin-bottom: 50px !important;}&#187;][vc_column width=&#187;1\/4&#8243;][\/vc_column][vc_column width=&#187;1\/2&#8243;][vc_custom_heading text=&#187;\u041c\u044b \u0437\u0430\u043d\u0438\u043c\u0430\u0435\u043c\u0441\u044f \u0442\u043e\u0440\u0433\u043e\u0432\u043b\u0435\u0439 \u043d\u0435\u0434\u0432\u0438\u0436\u0438\u043c\u043e\u0441\u0442\u044c\u044e \u0443\u0436\u0435 \u0431\u043e\u043b\u0435\u0435 25 \u043b\u0435\u0442.&#187; font_container=&#187;tag:h2|text_align:center&#187; use_theme_fonts=&#187;yes&#187;][\/vc_column][vc_column width=&#187;1\/4&#8243;][\/vc_column][\/vc_row][vc_row gap=&#187;30&#8243; equal_height=&#187;yes&#187;][vc_column css_animation=&#187;fadeInLeft&#187; width=&#187;1\/3&#8243; css=&#187;.vc_custom_1702298514676{border-top-width: 1px !important;border-right-width: 1px !important;border-bottom-width: 1px !important;border-left-width: 1px !important;padding-top: 30px !important;padding-right: 30px !important;padding-bottom: 30px !important;padding-left: 30px !important;border-left-color: #214f4b !important;border-left-style: solid !important;border-right-color: #214f4b !important;border-right-style: solid !important;border-top-color: #214f4b !important;border-top-style: solid !important;border-bottom-color: #214f4b !important;border-bottom-style:&hellip;<\/p>\n","protected":false},"author":1,"featured_media":0,"parent":0,"menu_order":0,"comment_status":"closed","ping_status":"closed","template":"","meta":{"_acf_changed":false,"footnotes":""},"class_list":["post-3556","page","type-page","status-publish","hentry","description-off"],"acf":[],"yoast_head":"<!-- This site is optimized with the Yoast SEO plugin v27.0 - https:\/\/yoast.com\/product\/yoast-seo-wordpress\/ -->\n<title>\u0423\u0441\u043b\u0443\u0433\u0438 - Namud\u0117<\/title>\n<meta name=\"robots\" content=\"index, follow, max-snippet:-1, max-image-preview:large, max-video-preview:-1\" \/>\n<link rel=\"canonical\" href=\"https:\/\/www.namude.lt\/ru\/\u0443\u0441\u043b\u0443\u0433\u0438\/\" \/>\n<meta property=\"og:locale\" content=\"ru_RU\" \/>\n<meta property=\"og:type\" content=\"article\" \/>\n<meta property=\"og:title\" content=\"\u0423\u0441\u043b\u0443\u0433\u0438 - Namud\u0117\" \/>\n<meta property=\"og:description\" content=\"[vc_row css_animation=&#187;fadeInUp&#187; css=&#187;.vc_custom_1701958966516{margin-top: 30px !important;margin-bottom: 50px !important;}&#187;][vc_column width=&#187;1\/4&#8243;][\/vc_column][vc_column width=&#187;1\/2&#8243;][vc_custom_heading text=&#187;\u041c\u044b \u0437\u0430\u043d\u0438\u043c\u0430\u0435\u043c\u0441\u044f \u0442\u043e\u0440\u0433\u043e\u0432\u043b\u0435\u0439 \u043d\u0435\u0434\u0432\u0438\u0436\u0438\u043c\u043e\u0441\u0442\u044c\u044e \u0443\u0436\u0435 \u0431\u043e\u043b\u0435\u0435 25 \u043b\u0435\u0442.&#187; font_container=&#187;tag:h2|text_align:center&#187; use_theme_fonts=&#187;yes&#187;][\/vc_column][vc_column width=&#187;1\/4&#8243;][\/vc_column][\/vc_row][vc_row gap=&#187;30&#8243; equal_height=&#187;yes&#187;][vc_column css_animation=&#187;fadeInLeft&#187; width=&#187;1\/3&#8243; css=&#187;.vc_custom_1702298514676{border-top-width: 1px !important;border-right-width: 1px !important;border-bottom-width: 1px !important;border-left-width: 1px !important;padding-top: 30px !important;padding-right: 30px !important;padding-bottom: 30px !important;padding-left: 30px !important;border-left-color: #214f4b !important;border-left-style: solid !important;border-right-color: #214f4b !important;border-right-style: solid !important;border-top-color: #214f4b !important;border-top-style: solid !important;border-bottom-color: #214f4b !important;border-bottom-style:&hellip;\" \/>\n<meta property=\"og:url\" content=\"https:\/\/www.namude.lt\/ru\/\u0443\u0441\u043b\u0443\u0433\u0438\/\" \/>\n<meta property=\"og:site_name\" content=\"Namud\u0117\" \/>\n<meta property=\"article:modified_time\" content=\"2024-01-24T19:25:35+00:00\" \/>\n<meta property=\"og:image\" content=\"https:\/\/www.namude.lt\/wp-content\/uploads\/2025\/03\/DJI_0464.jpg\" \/>\n\t<meta property=\"og:image:width\" content=\"2500\" \/>\n\t<meta property=\"og:image:height\" content=\"1468\" \/>\n\t<meta property=\"og:image:type\" content=\"image\/jpeg\" \/>\n<meta name=\"twitter:card\" content=\"summary_large_image\" \/>\n<meta name=\"twitter:label1\" content=\"\u041f\u0440\u0438\u043c\u0435\u0440\u043d\u043e\u0435 \u0432\u0440\u0435\u043c\u044f \u0434\u043b\u044f \u0447\u0442\u0435\u043d\u0438\u044f\" \/>\n\t<meta name=\"twitter:data1\" content=\"4 \u043c\u0438\u043d\u0443\u0442\u044b\" \/>\n<script type=\"application\/ld+json\" class=\"yoast-schema-graph\">{\"@context\":\"https:\/\/schema.org\",\"@graph\":[{\"@type\":\"WebPage\",\"@id\":\"https:\/\/www.namude.lt\/ru\/%d1%83%d1%81%d0%bb%d1%83%d0%b3%d0%b8\/\",\"url\":\"https:\/\/www.namude.lt\/ru\/%d1%83%d1%81%d0%bb%d1%83%d0%b3%d0%b8\/\",\"name\":\"\u0423\u0441\u043b\u0443\u0433\u0438 - Namud\u0117\",\"isPartOf\":{\"@id\":\"https:\/\/www.namude.lt\/#website\"},\"datePublished\":\"2023-12-01T22:51:42+00:00\",\"dateModified\":\"2024-01-24T19:25:35+00:00\",\"breadcrumb\":{\"@id\":\"https:\/\/www.namude.lt\/ru\/%d1%83%d1%81%d0%bb%d1%83%d0%b3%d0%b8\/#breadcrumb\"},\"inLanguage\":\"ru-RU\",\"potentialAction\":[{\"@type\":\"ReadAction\",\"target\":[\"https:\/\/www.namude.lt\/ru\/%d1%83%d1%81%d0%bb%d1%83%d0%b3%d0%b8\/\"]}]},{\"@type\":\"BreadcrumbList\",\"@id\":\"https:\/\/www.namude.lt\/ru\/%d1%83%d1%81%d0%bb%d1%83%d0%b3%d0%b8\/#breadcrumb\",\"itemListElement\":[{\"@type\":\"ListItem\",\"position\":1,\"name\":\"Home\",\"item\":\"https:\/\/www.namude.lt\/ru\/\"},{\"@type\":\"ListItem\",\"position\":2,\"name\":\"\u0423\u0441\u043b\u0443\u0433\u0438\"}]},{\"@type\":\"WebSite\",\"@id\":\"https:\/\/www.namude.lt\/#website\",\"url\":\"https:\/\/www.namude.lt\/\",\"name\":\"Namud\u0117\",\"description\":\"\u201eNamud\u0117\u201c \u2013 agent\u016bra, pardavin\u0117janti Auk\u0161taitijos NT grynuolius.\",\"publisher\":{\"@id\":\"https:\/\/www.namude.lt\/#organization\"},\"potentialAction\":[{\"@type\":\"SearchAction\",\"target\":{\"@type\":\"EntryPoint\",\"urlTemplate\":\"https:\/\/www.namude.lt\/?s={search_term_string}\"},\"query-input\":{\"@type\":\"PropertyValueSpecification\",\"valueRequired\":true,\"valueName\":\"search_term_string\"}}],\"inLanguage\":\"ru-RU\"},{\"@type\":\"Organization\",\"@id\":\"https:\/\/www.namude.lt\/#organization\",\"name\":\"Namud\u0117\",\"url\":\"https:\/\/www.namude.lt\/\",\"logo\":{\"@type\":\"ImageObject\",\"inLanguage\":\"ru-RU\",\"@id\":\"https:\/\/www.namude.lt\/#\/schema\/logo\/image\/\",\"url\":\"https:\/\/www.namude.lt\/wp-content\/uploads\/2023\/11\/logo-symbol.svg\",\"contentUrl\":\"https:\/\/www.namude.lt\/wp-content\/uploads\/2023\/11\/logo-symbol.svg\",\"width\":1,\"height\":1,\"caption\":\"Namud\u0117\"},\"image\":{\"@id\":\"https:\/\/www.namude.lt\/#\/schema\/logo\/image\/\"}}]}<\/script>\n<!-- \/ Yoast SEO plugin. -->","yoast_head_json":{"title":"\u0423\u0441\u043b\u0443\u0433\u0438 - Namud\u0117","robots":{"index":"index","follow":"follow","max-snippet":"max-snippet:-1","max-image-preview":"max-image-preview:large","max-video-preview":"max-video-preview:-1"},"canonical":"https:\/\/www.namude.lt\/ru\/\u0443\u0441\u043b\u0443\u0433\u0438\/","og_locale":"ru_RU","og_type":"article","og_title":"\u0423\u0441\u043b\u0443\u0433\u0438 - Namud\u0117","og_description":"[vc_row css_animation=&#187;fadeInUp&#187; css=&#187;.vc_custom_1701958966516{margin-top: 30px !important;margin-bottom: 50px !important;}&#187;][vc_column width=&#187;1\/4&#8243;][\/vc_column][vc_column width=&#187;1\/2&#8243;][vc_custom_heading text=&#187;\u041c\u044b \u0437\u0430\u043d\u0438\u043c\u0430\u0435\u043c\u0441\u044f \u0442\u043e\u0440\u0433\u043e\u0432\u043b\u0435\u0439 \u043d\u0435\u0434\u0432\u0438\u0436\u0438\u043c\u043e\u0441\u0442\u044c\u044e \u0443\u0436\u0435 \u0431\u043e\u043b\u0435\u0435 25 \u043b\u0435\u0442.&#187; font_container=&#187;tag:h2|text_align:center&#187; use_theme_fonts=&#187;yes&#187;][\/vc_column][vc_column width=&#187;1\/4&#8243;][\/vc_column][\/vc_row][vc_row gap=&#187;30&#8243; equal_height=&#187;yes&#187;][vc_column css_animation=&#187;fadeInLeft&#187; width=&#187;1\/3&#8243; css=&#187;.vc_custom_1702298514676{border-top-width: 1px !important;border-right-width: 1px !important;border-bottom-width: 1px !important;border-left-width: 1px !important;padding-top: 30px !important;padding-right: 30px !important;padding-bottom: 30px !important;padding-left: 30px !important;border-left-color: #214f4b !important;border-left-style: solid !important;border-right-color: #214f4b !important;border-right-style: solid !important;border-top-color: #214f4b !important;border-top-style: solid !important;border-bottom-color: #214f4b !important;border-bottom-style:&hellip;","og_url":"https:\/\/www.namude.lt\/ru\/\u0443\u0441\u043b\u0443\u0433\u0438\/","og_site_name":"Namud\u0117","article_modified_time":"2024-01-24T19:25:35+00:00","og_image":[{"width":2500,"height":1468,"url":"https:\/\/www.namude.lt\/wp-content\/uploads\/2025\/03\/DJI_0464.jpg","type":"image\/jpeg"}],"twitter_card":"summary_large_image","twitter_misc":{"\u041f\u0440\u0438\u043c\u0435\u0440\u043d\u043e\u0435 \u0432\u0440\u0435\u043c\u044f \u0434\u043b\u044f \u0447\u0442\u0435\u043d\u0438\u044f":"4 \u043c\u0438\u043d\u0443\u0442\u044b"},"schema":{"@context":"https:\/\/schema.org","@graph":[{"@type":"WebPage","@id":"https:\/\/www.namude.lt\/ru\/%d1%83%d1%81%d0%bb%d1%83%d0%b3%d0%b8\/","url":"https:\/\/www.namude.lt\/ru\/%d1%83%d1%81%d0%bb%d1%83%d0%b3%d0%b8\/","name":"\u0423\u0441\u043b\u0443\u0433\u0438 - Namud\u0117","isPartOf":{"@id":"https:\/\/www.namude.lt\/#website"},"datePublished":"2023-12-01T22:51:42+00:00","dateModified":"2024-01-24T19:25:35+00:00","breadcrumb":{"@id":"https:\/\/www.namude.lt\/ru\/%d1%83%d1%81%d0%bb%d1%83%d0%b3%d0%b8\/#breadcrumb"},"inLanguage":"ru-RU","potentialAction":[{"@type":"ReadAction","target":["https:\/\/www.namude.lt\/ru\/%d1%83%d1%81%d0%bb%d1%83%d0%b3%d0%b8\/"]}]},{"@type":"BreadcrumbList","@id":"https:\/\/www.namude.lt\/ru\/%d1%83%d1%81%d0%bb%d1%83%d0%b3%d0%b8\/#breadcrumb","itemListElement":[{"@type":"ListItem","position":1,"name":"Home","item":"https:\/\/www.namude.lt\/ru\/"},{"@type":"ListItem","position":2,"name":"\u0423\u0441\u043b\u0443\u0433\u0438"}]},{"@type":"WebSite","@id":"https:\/\/www.namude.lt\/#website","url":"https:\/\/www.namude.lt\/","name":"Namud\u0117","description":"\u201eNamud\u0117\u201c \u2013 agent\u016bra, pardavin\u0117janti Auk\u0161taitijos NT grynuolius.","publisher":{"@id":"https:\/\/www.namude.lt\/#organization"},"potentialAction":[{"@type":"SearchAction","target":{"@type":"EntryPoint","urlTemplate":"https:\/\/www.namude.lt\/?s={search_term_string}"},"query-input":{"@type":"PropertyValueSpecification","valueRequired":true,"valueName":"search_term_string"}}],"inLanguage":"ru-RU"},{"@type":"Organization","@id":"https:\/\/www.namude.lt\/#organization","name":"Namud\u0117","url":"https:\/\/www.namude.lt\/","logo":{"@type":"ImageObject","inLanguage":"ru-RU","@id":"https:\/\/www.namude.lt\/#\/schema\/logo\/image\/","url":"https:\/\/www.namude.lt\/wp-content\/uploads\/2023\/11\/logo-symbol.svg","contentUrl":"https:\/\/www.namude.lt\/wp-content\/uploads\/2023\/11\/logo-symbol.svg","width":1,"height":1,"caption":"Namud\u0117"},"image":{"@id":"https:\/\/www.namude.lt\/#\/schema\/logo\/image\/"}}]}},"_links":{"self":[{"href":"https:\/\/www.namude.lt\/ru\/wp-json\/wp\/v2\/pages\/3556","targetHints":{"allow":["GET"]}}],"collection":[{"href":"https:\/\/www.namude.lt\/ru\/wp-json\/wp\/v2\/pages"}],"about":[{"href":"https:\/\/www.namude.lt\/ru\/wp-json\/wp\/v2\/types\/page"}],"author":[{"embeddable":true,"href":"https:\/\/www.namude.lt\/ru\/wp-json\/wp\/v2\/users\/1"}],"replies":[{"embeddable":true,"href":"https:\/\/www.namude.lt\/ru\/wp-json\/wp\/v2\/comments?post=3556"}],"version-history":[{"count":4,"href":"https:\/\/www.namude.lt\/ru\/wp-json\/wp\/v2\/pages\/3556\/revisions"}],"predecessor-version":[{"id":3575,"href":"https:\/\/www.namude.lt\/ru\/wp-json\/wp\/v2\/pages\/3556\/revisions\/3575"}],"wp:attachment":[{"href":"https:\/\/www.namude.lt\/ru\/wp-json\/wp\/v2\/media?parent=3556"}],"curies":[{"name":"wp","href":"https:\/\/api.w.org\/{rel}","templated":true}]}}