{"id":9864,"date":"2024-05-20T08:22:14","date_gmt":"2024-05-20T05:22:14","guid":{"rendered":"https:\/\/www.namude.lt\/?post_type=product&#038;p=9864"},"modified":"2025-06-17T16:59:30","modified_gmt":"2025-06-17T13:59:30","slug":"perspektyvus-808-ha-bendro-ploto-zemes-ukio-paskirties-zemes-sklypas-zarasu-r-stelmuzes-k-1-ha-kaina-tik-3000-eur","status":"publish","type":"product","link":"https:\/\/www.namude.lt\/en\/object\/perspektyvus-808-ha-bendro-ploto-zemes-ukio-paskirties-zemes-sklypas-zarasu-r-stelmuzes-k-1-ha-kaina-tik-3000-eur\/","title":{"rendered":"Perspektyvus 8,08 ha bendro ploto \u017eem\u0117s \u016bkio paskirties \u017eem\u0117s sklypas Zaras\u0173 r., Stelmu\u017e\u0117s k. 1 ha kaina \u2013 tik 2500 Eur"},"content":{"rendered":"","protected":false},"excerpt":{"rendered":"<p><strong>Parduodamas perspektyvus 8,08 ha bendro ploto \u017eem\u0117s \u016bkio paskirties \u017eem\u0117s sklypas Zaras\u0173 r., Stelmu\u017e\u0117s k. 1 ha kaina \u2013 tik 2000 Eur<\/strong>. Sklypo plot\u0105 sudaro <strong>5<\/strong> ha \u0161ienaujam\u0173 ir deklaruojam\u0173 piev\u0173, taip pat <strong>1,5<\/strong> ha mi\u0161ko. \u017dem\u0117s na\u0161umo balas \u2013 <strong>33.<\/strong> Sklypas lygaus reljefo, taisyklingos formos. Sklypo pakra\u0161\u010diu eina <strong>0,4<\/strong> kV elektros oro linija. Iki sklypo geras priva\u017eiavimas visais met\u0173 laikais, viena kra\u0161tin\u0117 ribojasi su kaimo keliu. Iki artimiausio \u0160alnos e\u017eero \u2013 <strong>160<\/strong> m, iki Stelmu\u017e\u0117s e\u017eero \u2013 <strong>600<\/strong> m. Iki Zaras\u0173 \u2013 <strong>14<\/strong> km. Tai puikus pasi\u016blymas \u016bkininkams, ie\u0161kantiems didesnio sklypo \u012fvairioms augalininkyst\u0117s ar gyvulininkyst\u0117s \u016bkio id\u0117joms vystyti, taip pat visiems, kurie nori protingai investuoti turimas l\u0117\u0161as \u012f nuolat brangstan\u010di\u0105 \u017eem\u0119.<\/p>\n<p>&nbsp;<\/p>\n<p>Sklypo koordinat\u0117s:<\/p>\n<p>Google maps\u00a0 55.823464, 26.227875\u00a0 (WGS)<\/p>\n<p>Maps.lt<strong>\u00a0\u00a0\u00a0\u00a0 <\/strong>639595, 6189915 (LKS)<\/p>\n","protected":false},"featured_media":9865,"template":"","meta":{"_acf_changed":false},"product_brand":[],"product_cat":[24],"product_tag":[],"class_list":{"0":"post-9864","1":"product","2":"type-product","3":"status-publish","4":"has-post-thumbnail","6":"product_cat-sklypai","7":"pa_rajonas-zarasu-rajonas","8":"description-off","10":"first","11":"instock","12":"sale","13":"shipping-taxable","14":"purchasable","15":"product-type-simple"},"acf":[],"yoast_head":"<!-- This site is optimized with the Yoast SEO plugin v27.0 - https:\/\/yoast.com\/product\/yoast-seo-wordpress\/ -->\n<title>Perspektyvus 8,08 ha bendro ploto \u017eem\u0117s \u016bkio paskirties \u017eem\u0117s sklypas Zaras\u0173 r., Stelmu\u017e\u0117s k. 1 ha kaina \u2013 tik 2500 Eur - Namud\u0117<\/title>\n<meta name=\"robots\" content=\"index, follow, max-snippet:-1, max-image-preview:large, max-video-preview:-1\" \/>\n<link rel=\"canonical\" href=\"https:\/\/www.namude.lt\/objektas\/perspektyvus-808-ha-bendro-ploto-zemes-ukio-paskirties-zemes-sklypas-zarasu-r-stelmuzes-k-1-ha-kaina-tik-3000-eur\/\" \/>\n<meta property=\"og:locale\" content=\"en_US\" \/>\n<meta property=\"og:type\" content=\"article\" \/>\n<meta property=\"og:title\" content=\"Perspektyvus 8,08 ha bendro ploto \u017eem\u0117s \u016bkio paskirties \u017eem\u0117s sklypas Zaras\u0173 r., Stelmu\u017e\u0117s k. 1 ha kaina \u2013 tik 2500 Eur - Namud\u0117\" \/>\n<meta property=\"og:description\" content=\"Parduodamas perspektyvus 8,08 ha bendro ploto \u017eem\u0117s \u016bkio paskirties \u017eem\u0117s sklypas Zaras\u0173 r., Stelmu\u017e\u0117s k. 1 ha kaina \u2013 tik 2000 Eur. Sklypo plot\u0105 sudaro 5 ha \u0161ienaujam\u0173 ir deklaruojam\u0173 piev\u0173, taip pat 1,5 ha mi\u0161ko. \u017dem\u0117s na\u0161umo balas \u2013 33. Sklypas lygaus reljefo, taisyklingos formos. Sklypo pakra\u0161\u010diu eina 0,4 kV elektros oro linija. Iki sklypo geras priva\u017eiavimas visais met\u0173 laikais, viena kra\u0161tin\u0117 ribojasi su kaimo keliu. Iki artimiausio \u0160alnos e\u017eero \u2013 160 m, iki Stelmu\u017e\u0117s e\u017eero \u2013 600 m. Iki Zaras\u0173 \u2013 14 km. Tai puikus pasi\u016blymas \u016bkininkams, ie\u0161kantiems didesnio sklypo \u012fvairioms augalininkyst\u0117s ar gyvulininkyst\u0117s \u016bkio id\u0117joms vystyti, taip pat visiems, kurie nori protingai investuoti turimas l\u0117\u0161as \u012f nuolat brangstan\u010di\u0105 \u017eem\u0119.  &nbsp;  Sklypo koordinat\u0117s:  Google maps\u00a0 55.823464, 26.227875\u00a0 (WGS)  Maps.lt\u00a0\u00a0\u00a0\u00a0 639595, 6189915 (LKS)\" \/>\n<meta property=\"og:url\" content=\"https:\/\/www.namude.lt\/objektas\/perspektyvus-808-ha-bendro-ploto-zemes-ukio-paskirties-zemes-sklypas-zarasu-r-stelmuzes-k-1-ha-kaina-tik-3000-eur\/\" \/>\n<meta property=\"og:site_name\" content=\"Namud\u0117\" \/>\n<meta property=\"article:modified_time\" content=\"2025-06-17T13:59:30+00:00\" \/>\n<meta property=\"og:image\" content=\"https:\/\/www.namude.lt\/wp-content\/uploads\/2024\/05\/Planas.jpg\" \/>\n\t<meta property=\"og:image:width\" content=\"997\" \/>\n\t<meta property=\"og:image:height\" content=\"692\" \/>\n\t<meta property=\"og:image:type\" content=\"image\/jpeg\" \/>\n<meta name=\"twitter:card\" content=\"summary_large_image\" \/>\n<script type=\"application\/ld+json\" class=\"yoast-schema-graph\">{\"@context\":\"https:\/\/schema.org\",\"@graph\":[{\"@type\":\"WebPage\",\"@id\":\"https:\/\/www.namude.lt\/objektas\/perspektyvus-808-ha-bendro-ploto-zemes-ukio-paskirties-zemes-sklypas-zarasu-r-stelmuzes-k-1-ha-kaina-tik-3000-eur\/\",\"url\":\"https:\/\/www.namude.lt\/objektas\/perspektyvus-808-ha-bendro-ploto-zemes-ukio-paskirties-zemes-sklypas-zarasu-r-stelmuzes-k-1-ha-kaina-tik-3000-eur\/\",\"name\":\"Perspektyvus 8,08 ha bendro ploto \u017eem\u0117s \u016bkio paskirties \u017eem\u0117s sklypas Zaras\u0173 r., Stelmu\u017e\u0117s k. 1 ha kaina \u2013 tik 2500 Eur - Namud\u0117\",\"isPartOf\":{\"@id\":\"https:\/\/www.namude.lt\/#website\"},\"primaryImageOfPage\":{\"@id\":\"https:\/\/www.namude.lt\/objektas\/perspektyvus-808-ha-bendro-ploto-zemes-ukio-paskirties-zemes-sklypas-zarasu-r-stelmuzes-k-1-ha-kaina-tik-3000-eur\/#primaryimage\"},\"image\":{\"@id\":\"https:\/\/www.namude.lt\/objektas\/perspektyvus-808-ha-bendro-ploto-zemes-ukio-paskirties-zemes-sklypas-zarasu-r-stelmuzes-k-1-ha-kaina-tik-3000-eur\/#primaryimage\"},\"thumbnailUrl\":\"https:\/\/www.namude.lt\/wp-content\/uploads\/2024\/05\/Planas.jpg\",\"datePublished\":\"2024-05-20T05:22:14+00:00\",\"dateModified\":\"2025-06-17T13:59:30+00:00\",\"breadcrumb\":{\"@id\":\"https:\/\/www.namude.lt\/objektas\/perspektyvus-808-ha-bendro-ploto-zemes-ukio-paskirties-zemes-sklypas-zarasu-r-stelmuzes-k-1-ha-kaina-tik-3000-eur\/#breadcrumb\"},\"inLanguage\":\"en-US\",\"potentialAction\":[{\"@type\":\"ReadAction\",\"target\":[\"https:\/\/www.namude.lt\/objektas\/perspektyvus-808-ha-bendro-ploto-zemes-ukio-paskirties-zemes-sklypas-zarasu-r-stelmuzes-k-1-ha-kaina-tik-3000-eur\/\"]}]},{\"@type\":\"ImageObject\",\"inLanguage\":\"en-US\",\"@id\":\"https:\/\/www.namude.lt\/objektas\/perspektyvus-808-ha-bendro-ploto-zemes-ukio-paskirties-zemes-sklypas-zarasu-r-stelmuzes-k-1-ha-kaina-tik-3000-eur\/#primaryimage\",\"url\":\"https:\/\/www.namude.lt\/wp-content\/uploads\/2024\/05\/Planas.jpg\",\"contentUrl\":\"https:\/\/www.namude.lt\/wp-content\/uploads\/2024\/05\/Planas.jpg\",\"width\":997,\"height\":692},{\"@type\":\"BreadcrumbList\",\"@id\":\"https:\/\/www.namude.lt\/objektas\/perspektyvus-808-ha-bendro-ploto-zemes-ukio-paskirties-zemes-sklypas-zarasu-r-stelmuzes-k-1-ha-kaina-tik-3000-eur\/#breadcrumb\",\"itemListElement\":[{\"@type\":\"ListItem\",\"position\":1,\"name\":\"Home\",\"item\":\"https:\/\/www.namude.lt\/en\/\"},{\"@type\":\"ListItem\",\"position\":2,\"name\":\"Real estate\",\"item\":\"https:\/\/www.namude.lt\/en\/real-estate\/\"},{\"@type\":\"ListItem\",\"position\":3,\"name\":\"Perspektyvus 8,08 ha bendro ploto \u017eem\u0117s \u016bkio paskirties \u017eem\u0117s sklypas Zaras\u0173 r., Stelmu\u017e\u0117s k. 1 ha kaina \u2013 tik 2500 Eur\"}]},{\"@type\":\"WebSite\",\"@id\":\"https:\/\/www.namude.lt\/#website\",\"url\":\"https:\/\/www.namude.lt\/\",\"name\":\"Namud\u0117\",\"description\":\"\u201eNamud\u0117\u201c \u2013 agent\u016bra, pardavin\u0117janti Auk\u0161taitijos NT grynuolius.\",\"publisher\":{\"@id\":\"https:\/\/www.namude.lt\/#organization\"},\"potentialAction\":[{\"@type\":\"SearchAction\",\"target\":{\"@type\":\"EntryPoint\",\"urlTemplate\":\"https:\/\/www.namude.lt\/?s={search_term_string}\"},\"query-input\":{\"@type\":\"PropertyValueSpecification\",\"valueRequired\":true,\"valueName\":\"search_term_string\"}}],\"inLanguage\":\"en-US\"},{\"@type\":\"Organization\",\"@id\":\"https:\/\/www.namude.lt\/#organization\",\"name\":\"Namud\u0117\",\"url\":\"https:\/\/www.namude.lt\/\",\"logo\":{\"@type\":\"ImageObject\",\"inLanguage\":\"en-US\",\"@id\":\"https:\/\/www.namude.lt\/#\/schema\/logo\/image\/\",\"url\":\"https:\/\/www.namude.lt\/wp-content\/uploads\/2023\/11\/logo-symbol.svg\",\"contentUrl\":\"https:\/\/www.namude.lt\/wp-content\/uploads\/2023\/11\/logo-symbol.svg\",\"width\":1,\"height\":1,\"caption\":\"Namud\u0117\"},\"image\":{\"@id\":\"https:\/\/www.namude.lt\/#\/schema\/logo\/image\/\"}}]}<\/script>\n<!-- \/ Yoast SEO plugin. -->","yoast_head_json":{"title":"Perspektyvus 8,08 ha bendro ploto \u017eem\u0117s \u016bkio paskirties \u017eem\u0117s sklypas Zaras\u0173 r., Stelmu\u017e\u0117s k. 1 ha kaina \u2013 tik 2500 Eur - Namud\u0117","robots":{"index":"index","follow":"follow","max-snippet":"max-snippet:-1","max-image-preview":"max-image-preview:large","max-video-preview":"max-video-preview:-1"},"canonical":"https:\/\/www.namude.lt\/objektas\/perspektyvus-808-ha-bendro-ploto-zemes-ukio-paskirties-zemes-sklypas-zarasu-r-stelmuzes-k-1-ha-kaina-tik-3000-eur\/","og_locale":"en_US","og_type":"article","og_title":"Perspektyvus 8,08 ha bendro ploto \u017eem\u0117s \u016bkio paskirties \u017eem\u0117s sklypas Zaras\u0173 r., Stelmu\u017e\u0117s k. 1 ha kaina \u2013 tik 2500 Eur - Namud\u0117","og_description":"Parduodamas perspektyvus 8,08 ha bendro ploto \u017eem\u0117s \u016bkio paskirties \u017eem\u0117s sklypas Zaras\u0173 r., Stelmu\u017e\u0117s k. 1 ha kaina \u2013 tik 2000 Eur. Sklypo plot\u0105 sudaro 5 ha \u0161ienaujam\u0173 ir deklaruojam\u0173 piev\u0173, taip pat 1,5 ha mi\u0161ko. \u017dem\u0117s na\u0161umo balas \u2013 33. Sklypas lygaus reljefo, taisyklingos formos. Sklypo pakra\u0161\u010diu eina 0,4 kV elektros oro linija. Iki sklypo geras priva\u017eiavimas visais met\u0173 laikais, viena kra\u0161tin\u0117 ribojasi su kaimo keliu. Iki artimiausio \u0160alnos e\u017eero \u2013 160 m, iki Stelmu\u017e\u0117s e\u017eero \u2013 600 m. Iki Zaras\u0173 \u2013 14 km. Tai puikus pasi\u016blymas \u016bkininkams, ie\u0161kantiems didesnio sklypo \u012fvairioms augalininkyst\u0117s ar gyvulininkyst\u0117s \u016bkio id\u0117joms vystyti, taip pat visiems, kurie nori protingai investuoti turimas l\u0117\u0161as \u012f nuolat brangstan\u010di\u0105 \u017eem\u0119.  &nbsp;  Sklypo koordinat\u0117s:  Google maps\u00a0 55.823464, 26.227875\u00a0 (WGS)  Maps.lt\u00a0\u00a0\u00a0\u00a0 639595, 6189915 (LKS)","og_url":"https:\/\/www.namude.lt\/objektas\/perspektyvus-808-ha-bendro-ploto-zemes-ukio-paskirties-zemes-sklypas-zarasu-r-stelmuzes-k-1-ha-kaina-tik-3000-eur\/","og_site_name":"Namud\u0117","article_modified_time":"2025-06-17T13:59:30+00:00","og_image":[{"width":997,"height":692,"url":"https:\/\/www.namude.lt\/wp-content\/uploads\/2024\/05\/Planas.jpg","type":"image\/jpeg"}],"twitter_card":"summary_large_image","schema":{"@context":"https:\/\/schema.org","@graph":[{"@type":"WebPage","@id":"https:\/\/www.namude.lt\/objektas\/perspektyvus-808-ha-bendro-ploto-zemes-ukio-paskirties-zemes-sklypas-zarasu-r-stelmuzes-k-1-ha-kaina-tik-3000-eur\/","url":"https:\/\/www.namude.lt\/objektas\/perspektyvus-808-ha-bendro-ploto-zemes-ukio-paskirties-zemes-sklypas-zarasu-r-stelmuzes-k-1-ha-kaina-tik-3000-eur\/","name":"Perspektyvus 8,08 ha bendro ploto \u017eem\u0117s \u016bkio paskirties \u017eem\u0117s sklypas Zaras\u0173 r., Stelmu\u017e\u0117s k. 1 ha kaina \u2013 tik 2500 Eur - Namud\u0117","isPartOf":{"@id":"https:\/\/www.namude.lt\/#website"},"primaryImageOfPage":{"@id":"https:\/\/www.namude.lt\/objektas\/perspektyvus-808-ha-bendro-ploto-zemes-ukio-paskirties-zemes-sklypas-zarasu-r-stelmuzes-k-1-ha-kaina-tik-3000-eur\/#primaryimage"},"image":{"@id":"https:\/\/www.namude.lt\/objektas\/perspektyvus-808-ha-bendro-ploto-zemes-ukio-paskirties-zemes-sklypas-zarasu-r-stelmuzes-k-1-ha-kaina-tik-3000-eur\/#primaryimage"},"thumbnailUrl":"https:\/\/www.namude.lt\/wp-content\/uploads\/2024\/05\/Planas.jpg","datePublished":"2024-05-20T05:22:14+00:00","dateModified":"2025-06-17T13:59:30+00:00","breadcrumb":{"@id":"https:\/\/www.namude.lt\/objektas\/perspektyvus-808-ha-bendro-ploto-zemes-ukio-paskirties-zemes-sklypas-zarasu-r-stelmuzes-k-1-ha-kaina-tik-3000-eur\/#breadcrumb"},"inLanguage":"en-US","potentialAction":[{"@type":"ReadAction","target":["https:\/\/www.namude.lt\/objektas\/perspektyvus-808-ha-bendro-ploto-zemes-ukio-paskirties-zemes-sklypas-zarasu-r-stelmuzes-k-1-ha-kaina-tik-3000-eur\/"]}]},{"@type":"ImageObject","inLanguage":"en-US","@id":"https:\/\/www.namude.lt\/objektas\/perspektyvus-808-ha-bendro-ploto-zemes-ukio-paskirties-zemes-sklypas-zarasu-r-stelmuzes-k-1-ha-kaina-tik-3000-eur\/#primaryimage","url":"https:\/\/www.namude.lt\/wp-content\/uploads\/2024\/05\/Planas.jpg","contentUrl":"https:\/\/www.namude.lt\/wp-content\/uploads\/2024\/05\/Planas.jpg","width":997,"height":692},{"@type":"BreadcrumbList","@id":"https:\/\/www.namude.lt\/objektas\/perspektyvus-808-ha-bendro-ploto-zemes-ukio-paskirties-zemes-sklypas-zarasu-r-stelmuzes-k-1-ha-kaina-tik-3000-eur\/#breadcrumb","itemListElement":[{"@type":"ListItem","position":1,"name":"Home","item":"https:\/\/www.namude.lt\/en\/"},{"@type":"ListItem","position":2,"name":"Real estate","item":"https:\/\/www.namude.lt\/en\/real-estate\/"},{"@type":"ListItem","position":3,"name":"Perspektyvus 8,08 ha bendro ploto \u017eem\u0117s \u016bkio paskirties \u017eem\u0117s sklypas Zaras\u0173 r., Stelmu\u017e\u0117s k. 1 ha kaina \u2013 tik 2500 Eur"}]},{"@type":"WebSite","@id":"https:\/\/www.namude.lt\/#website","url":"https:\/\/www.namude.lt\/","name":"Namud\u0117","description":"\u201eNamud\u0117\u201c \u2013 agent\u016bra, pardavin\u0117janti Auk\u0161taitijos NT grynuolius.","publisher":{"@id":"https:\/\/www.namude.lt\/#organization"},"potentialAction":[{"@type":"SearchAction","target":{"@type":"EntryPoint","urlTemplate":"https:\/\/www.namude.lt\/?s={search_term_string}"},"query-input":{"@type":"PropertyValueSpecification","valueRequired":true,"valueName":"search_term_string"}}],"inLanguage":"en-US"},{"@type":"Organization","@id":"https:\/\/www.namude.lt\/#organization","name":"Namud\u0117","url":"https:\/\/www.namude.lt\/","logo":{"@type":"ImageObject","inLanguage":"en-US","@id":"https:\/\/www.namude.lt\/#\/schema\/logo\/image\/","url":"https:\/\/www.namude.lt\/wp-content\/uploads\/2023\/11\/logo-symbol.svg","contentUrl":"https:\/\/www.namude.lt\/wp-content\/uploads\/2023\/11\/logo-symbol.svg","width":1,"height":1,"caption":"Namud\u0117"},"image":{"@id":"https:\/\/www.namude.lt\/#\/schema\/logo\/image\/"}}]}},"_links":{"self":[{"href":"https:\/\/www.namude.lt\/en\/wp-json\/wp\/v2\/product\/9864","targetHints":{"allow":["GET"]}}],"collection":[{"href":"https:\/\/www.namude.lt\/en\/wp-json\/wp\/v2\/product"}],"about":[{"href":"https:\/\/www.namude.lt\/en\/wp-json\/wp\/v2\/types\/product"}],"wp:featuredmedia":[{"embeddable":true,"href":"https:\/\/www.namude.lt\/en\/wp-json\/wp\/v2\/media\/9865"}],"wp:attachment":[{"href":"https:\/\/www.namude.lt\/en\/wp-json\/wp\/v2\/media?parent=9864"}],"wp:term":[{"taxonomy":"product_brand","embeddable":true,"href":"https:\/\/www.namude.lt\/en\/wp-json\/wp\/v2\/product_brand?post=9864"},{"taxonomy":"product_cat","embeddable":true,"href":"https:\/\/www.namude.lt\/en\/wp-json\/wp\/v2\/product_cat?post=9864"},{"taxonomy":"product_tag","embeddable":true,"href":"https:\/\/www.namude.lt\/en\/wp-json\/wp\/v2\/product_tag?post=9864"}],"curies":[{"name":"wp","href":"https:\/\/api.w.org\/{rel}","templated":true}]}}