{"id":8389,"date":"2024-04-18T15:49:51","date_gmt":"2024-04-18T12:49:51","guid":{"rendered":"https:\/\/www.namude.lt\/?post_type=product&#038;p=8389"},"modified":"2026-01-19T09:44:22","modified_gmt":"2026-01-19T07:44:22","slug":"1994-m-statybos-murinis-sodo-namas-kolektyviniam-sode-seklycia-krastinis-prie-svencioneliu-miesto","status":"publish","type":"product","link":"https:\/\/www.namude.lt\/en\/object\/1994-m-statybos-murinis-sodo-namas-kolektyviniam-sode-seklycia-krastinis-prie-svencioneliu-miesto\/","title":{"rendered":"1994 m statybos m\u016brinis sodo namas kolektyviniam sode \u201eSekly\u010dia\u201c (kra\u0161tinis), prie \u0160ven\u010dion\u0117li\u0173 miesto"},"content":{"rendered":"","protected":false},"excerpt":{"rendered":"<p><span style=\"vertical-align: inherit\"><span style=\"vertical-align: inherit\"><span style=\"vertical-align: inherit\"><span style=\"vertical-align: inherit\">Parduodamas 1994 m statybos m\u016brinio sodo namo kolektyviniam sode \u201eSekly\u010dia\u201c (kra\u0161tinis), prie \u0160ven\u010dion\u0117li\u0173 miesto. Namas pritaikytas gyventi i\u0161tisus metus. Pirmame auk\u0161te yra didel\u0117 virtuv\u0117 su plyta (11,38 kv. m), kambarys (18,42 kv. m) su \u0161ildoma sienute, veranda ir laiptin\u0117 \u012f mansard\u0105, kurioje yra erdvus miegamasis kambarys (22,99 kv. m) su i\u0161\u0117jimu \u012f teras\u0105 antrame auk\u0161te. Po visu namu yra \u012frengtas r\u016bsys (23,73 kv. m ir 11,19 kv. m). Bendras naudingas gyvenamojo namo sklypas 62,44 kv. m. Sud\u0117ti \u0161iuolaikiniai langai ir durys. \u0160ildymas kietu kuru. \u012evestas vandentiekis. Tualetas (m\u016brinis) lauke, ta\u010diau yra galimyb\u0117 \u012fsirengti namo viduje. Po namu priklauso 0,0616 ha \u017eem\u0117s sklypas, kuris ribojasi su kitu 0,0605 ha sklypu. Viso parduodama 0,1221 ha \u017eem\u0117s sklypas. Taip pat sklype yra didelis gara\u017eas, \u016bkinis pastatas, gera pirtis, pav\u0117sin\u0117, sodas, dar\u017eas ir du \u0161iltnamiai, i\u0161 kurio vienas naujas (apie 40 kv. m). Saugumas ir ramyb\u0117. \u0160alia o\u0161ia Augustavo mi\u0161kas. Galimyb\u0117 i\u0161sikasti k\u016bdr\u0105. Artimiausias e\u017eeras apie 3 km. Iki \u0160ven\u010dion\u0117li\u0173 apie 2,5 km, iki Vilniaus apie 97km. Puikus sodo namas, su galimybe gyventi ir \u017eiem\u0105.<\/span><\/span><\/span><\/span><\/p>\n","protected":false},"featured_media":8632,"template":"","meta":{"_acf_changed":false},"product_brand":[],"product_cat":[26,23],"product_tag":[],"class_list":{"0":"post-8389","1":"product","2":"type-product","3":"status-publish","4":"has-post-thumbnail","6":"product_cat-namai","7":"product_cat-sodybos","8":"pa_rajonas-svencioniu-rajonas","9":"description-off","11":"first","12":"instock","13":"sale","14":"shipping-taxable","15":"purchasable","16":"product-type-simple"},"acf":[],"yoast_head":"<!-- This site is optimized with the Yoast SEO plugin v27.4 - https:\/\/yoast.com\/product\/yoast-seo-wordpress\/ -->\n<title>1994 m statybos m\u016brinis sodo namas kolektyviniam sode \u201eSekly\u010dia\u201c (kra\u0161tinis), prie \u0160ven\u010dion\u0117li\u0173 miesto - Namud\u0117<\/title>\n<meta name=\"robots\" content=\"index, follow, max-snippet:-1, max-image-preview:large, max-video-preview:-1\" \/>\n<link rel=\"canonical\" href=\"https:\/\/www.namude.lt\/objektas\/1994-m-statybos-murinis-sodo-namas-kolektyviniam-sode-seklycia-krastinis-prie-svencioneliu-miesto\/\" \/>\n<meta property=\"og:locale\" content=\"en_US\" \/>\n<meta property=\"og:type\" content=\"article\" \/>\n<meta property=\"og:title\" content=\"1994 m statybos m\u016brinis sodo namas kolektyviniam sode \u201eSekly\u010dia\u201c (kra\u0161tinis), prie \u0160ven\u010dion\u0117li\u0173 miesto - Namud\u0117\" \/>\n<meta property=\"og:description\" content=\"Parduodamas 1994 m statybos m\u016brinio sodo namo kolektyviniam sode \u201eSekly\u010dia\u201c (kra\u0161tinis), prie \u0160ven\u010dion\u0117li\u0173 miesto. Namas pritaikytas gyventi i\u0161tisus metus. Pirmame auk\u0161te yra didel\u0117 virtuv\u0117 su plyta (11,38 kv. m), kambarys (18,42 kv. m) su \u0161ildoma sienute, veranda ir laiptin\u0117 \u012f mansard\u0105, kurioje yra erdvus miegamasis kambarys (22,99 kv. m) su i\u0161\u0117jimu \u012f teras\u0105 antrame auk\u0161te. Po visu namu yra \u012frengtas r\u016bsys (23,73 kv. m ir 11,19 kv. m). Bendras naudingas gyvenamojo namo sklypas 62,44 kv. m. Sud\u0117ti \u0161iuolaikiniai langai ir durys. \u0160ildymas kietu kuru. \u012evestas vandentiekis. Tualetas (m\u016brinis) lauke, ta\u010diau yra galimyb\u0117 \u012fsirengti namo viduje. Po namu priklauso 0,0616 ha \u017eem\u0117s sklypas, kuris ribojasi su kitu 0,0605 ha sklypu. Viso parduodama 0,1221 ha \u017eem\u0117s sklypas. Taip pat sklype yra didelis gara\u017eas, \u016bkinis pastatas, gera pirtis, pav\u0117sin\u0117, sodas, dar\u017eas ir du \u0161iltnamiai, i\u0161 kurio vienas naujas (apie 40 kv. m). Saugumas ir ramyb\u0117. \u0160alia o\u0161ia Augustavo mi\u0161kas. Galimyb\u0117 i\u0161sikasti k\u016bdr\u0105. Artimiausias e\u017eeras apie 3 km. Iki \u0160ven\u010dion\u0117li\u0173 apie 2,5 km, iki Vilniaus apie 97km. Puikus sodo namas, su galimybe gyventi ir \u017eiem\u0105.\" \/>\n<meta property=\"og:url\" content=\"https:\/\/www.namude.lt\/objektas\/1994-m-statybos-murinis-sodo-namas-kolektyviniam-sode-seklycia-krastinis-prie-svencioneliu-miesto\/\" \/>\n<meta property=\"og:site_name\" content=\"Namud\u0117\" \/>\n<meta property=\"article:modified_time\" content=\"2026-01-19T07:44:22+00:00\" \/>\n<meta property=\"og:image\" content=\"https:\/\/www.namude.lt\/wp-content\/uploads\/2024\/04\/1-4.jpg\" \/>\n\t<meta property=\"og:image:width\" content=\"800\" \/>\n\t<meta property=\"og:image:height\" content=\"531\" \/>\n\t<meta property=\"og:image:type\" content=\"image\/jpeg\" \/>\n<meta name=\"twitter:card\" content=\"summary_large_image\" \/>\n<script type=\"application\/ld+json\" class=\"yoast-schema-graph\">{\"@context\":\"https:\\\/\\\/schema.org\",\"@graph\":[{\"@type\":\"WebPage\",\"@id\":\"https:\\\/\\\/www.namude.lt\\\/objektas\\\/1994-m-statybos-murinis-sodo-namas-kolektyviniam-sode-seklycia-krastinis-prie-svencioneliu-miesto\\\/\",\"url\":\"https:\\\/\\\/www.namude.lt\\\/objektas\\\/1994-m-statybos-murinis-sodo-namas-kolektyviniam-sode-seklycia-krastinis-prie-svencioneliu-miesto\\\/\",\"name\":\"1994 m statybos m\u016brinis sodo namas kolektyviniam sode \u201eSekly\u010dia\u201c (kra\u0161tinis), prie \u0160ven\u010dion\u0117li\u0173 miesto - Namud\u0117\",\"isPartOf\":{\"@id\":\"https:\\\/\\\/www.namude.lt\\\/#website\"},\"primaryImageOfPage\":{\"@id\":\"https:\\\/\\\/www.namude.lt\\\/objektas\\\/1994-m-statybos-murinis-sodo-namas-kolektyviniam-sode-seklycia-krastinis-prie-svencioneliu-miesto\\\/#primaryimage\"},\"image\":{\"@id\":\"https:\\\/\\\/www.namude.lt\\\/objektas\\\/1994-m-statybos-murinis-sodo-namas-kolektyviniam-sode-seklycia-krastinis-prie-svencioneliu-miesto\\\/#primaryimage\"},\"thumbnailUrl\":\"https:\\\/\\\/www.namude.lt\\\/wp-content\\\/uploads\\\/2024\\\/04\\\/1-4.jpg\",\"datePublished\":\"2024-04-18T12:49:51+00:00\",\"dateModified\":\"2026-01-19T07:44:22+00:00\",\"breadcrumb\":{\"@id\":\"https:\\\/\\\/www.namude.lt\\\/objektas\\\/1994-m-statybos-murinis-sodo-namas-kolektyviniam-sode-seklycia-krastinis-prie-svencioneliu-miesto\\\/#breadcrumb\"},\"inLanguage\":\"en-US\",\"potentialAction\":[{\"@type\":\"ReadAction\",\"target\":[\"https:\\\/\\\/www.namude.lt\\\/objektas\\\/1994-m-statybos-murinis-sodo-namas-kolektyviniam-sode-seklycia-krastinis-prie-svencioneliu-miesto\\\/\"]}]},{\"@type\":\"ImageObject\",\"inLanguage\":\"en-US\",\"@id\":\"https:\\\/\\\/www.namude.lt\\\/objektas\\\/1994-m-statybos-murinis-sodo-namas-kolektyviniam-sode-seklycia-krastinis-prie-svencioneliu-miesto\\\/#primaryimage\",\"url\":\"https:\\\/\\\/www.namude.lt\\\/wp-content\\\/uploads\\\/2024\\\/04\\\/1-4.jpg\",\"contentUrl\":\"https:\\\/\\\/www.namude.lt\\\/wp-content\\\/uploads\\\/2024\\\/04\\\/1-4.jpg\",\"width\":800,\"height\":531},{\"@type\":\"BreadcrumbList\",\"@id\":\"https:\\\/\\\/www.namude.lt\\\/objektas\\\/1994-m-statybos-murinis-sodo-namas-kolektyviniam-sode-seklycia-krastinis-prie-svencioneliu-miesto\\\/#breadcrumb\",\"itemListElement\":[{\"@type\":\"ListItem\",\"position\":1,\"name\":\"Home\",\"item\":\"https:\\\/\\\/www.namude.lt\\\/en\\\/\"},{\"@type\":\"ListItem\",\"position\":2,\"name\":\"Real estate\",\"item\":\"https:\\\/\\\/www.namude.lt\\\/en\\\/real-estate\\\/\"},{\"@type\":\"ListItem\",\"position\":3,\"name\":\"1994 m statybos m\u016brinis sodo namas kolektyviniam sode \u201eSekly\u010dia\u201c (kra\u0161tinis), prie \u0160ven\u010dion\u0117li\u0173 miesto\"}]},{\"@type\":\"WebSite\",\"@id\":\"https:\\\/\\\/www.namude.lt\\\/#website\",\"url\":\"https:\\\/\\\/www.namude.lt\\\/\",\"name\":\"Namud\u0117\",\"description\":\"\u201eNamud\u0117\u201c \u2013 agent\u016bra, pardavin\u0117janti Auk\u0161taitijos NT grynuolius.\",\"publisher\":{\"@id\":\"https:\\\/\\\/www.namude.lt\\\/#organization\"},\"potentialAction\":[{\"@type\":\"SearchAction\",\"target\":{\"@type\":\"EntryPoint\",\"urlTemplate\":\"https:\\\/\\\/www.namude.lt\\\/?s={search_term_string}\"},\"query-input\":{\"@type\":\"PropertyValueSpecification\",\"valueRequired\":true,\"valueName\":\"search_term_string\"}}],\"inLanguage\":\"en-US\"},{\"@type\":\"Organization\",\"@id\":\"https:\\\/\\\/www.namude.lt\\\/#organization\",\"name\":\"Namud\u0117\",\"url\":\"https:\\\/\\\/www.namude.lt\\\/\",\"logo\":{\"@type\":\"ImageObject\",\"inLanguage\":\"en-US\",\"@id\":\"https:\\\/\\\/www.namude.lt\\\/#\\\/schema\\\/logo\\\/image\\\/\",\"url\":\"https:\\\/\\\/www.namude.lt\\\/wp-content\\\/uploads\\\/2023\\\/11\\\/logo-symbol.svg\",\"contentUrl\":\"https:\\\/\\\/www.namude.lt\\\/wp-content\\\/uploads\\\/2023\\\/11\\\/logo-symbol.svg\",\"width\":1,\"height\":1,\"caption\":\"Namud\u0117\"},\"image\":{\"@id\":\"https:\\\/\\\/www.namude.lt\\\/#\\\/schema\\\/logo\\\/image\\\/\"}}]}<\/script>\n<!-- \/ Yoast SEO plugin. -->","yoast_head_json":{"title":"1994 m statybos m\u016brinis sodo namas kolektyviniam sode \u201eSekly\u010dia\u201c (kra\u0161tinis), prie \u0160ven\u010dion\u0117li\u0173 miesto - Namud\u0117","robots":{"index":"index","follow":"follow","max-snippet":"max-snippet:-1","max-image-preview":"max-image-preview:large","max-video-preview":"max-video-preview:-1"},"canonical":"https:\/\/www.namude.lt\/objektas\/1994-m-statybos-murinis-sodo-namas-kolektyviniam-sode-seklycia-krastinis-prie-svencioneliu-miesto\/","og_locale":"en_US","og_type":"article","og_title":"1994 m statybos m\u016brinis sodo namas kolektyviniam sode \u201eSekly\u010dia\u201c (kra\u0161tinis), prie \u0160ven\u010dion\u0117li\u0173 miesto - Namud\u0117","og_description":"Parduodamas 1994 m statybos m\u016brinio sodo namo kolektyviniam sode \u201eSekly\u010dia\u201c (kra\u0161tinis), prie \u0160ven\u010dion\u0117li\u0173 miesto. Namas pritaikytas gyventi i\u0161tisus metus. Pirmame auk\u0161te yra didel\u0117 virtuv\u0117 su plyta (11,38 kv. m), kambarys (18,42 kv. m) su \u0161ildoma sienute, veranda ir laiptin\u0117 \u012f mansard\u0105, kurioje yra erdvus miegamasis kambarys (22,99 kv. m) su i\u0161\u0117jimu \u012f teras\u0105 antrame auk\u0161te. Po visu namu yra \u012frengtas r\u016bsys (23,73 kv. m ir 11,19 kv. m). Bendras naudingas gyvenamojo namo sklypas 62,44 kv. m. Sud\u0117ti \u0161iuolaikiniai langai ir durys. \u0160ildymas kietu kuru. \u012evestas vandentiekis. Tualetas (m\u016brinis) lauke, ta\u010diau yra galimyb\u0117 \u012fsirengti namo viduje. Po namu priklauso 0,0616 ha \u017eem\u0117s sklypas, kuris ribojasi su kitu 0,0605 ha sklypu. Viso parduodama 0,1221 ha \u017eem\u0117s sklypas. Taip pat sklype yra didelis gara\u017eas, \u016bkinis pastatas, gera pirtis, pav\u0117sin\u0117, sodas, dar\u017eas ir du \u0161iltnamiai, i\u0161 kurio vienas naujas (apie 40 kv. m). Saugumas ir ramyb\u0117. \u0160alia o\u0161ia Augustavo mi\u0161kas. Galimyb\u0117 i\u0161sikasti k\u016bdr\u0105. Artimiausias e\u017eeras apie 3 km. Iki \u0160ven\u010dion\u0117li\u0173 apie 2,5 km, iki Vilniaus apie 97km. Puikus sodo namas, su galimybe gyventi ir \u017eiem\u0105.","og_url":"https:\/\/www.namude.lt\/objektas\/1994-m-statybos-murinis-sodo-namas-kolektyviniam-sode-seklycia-krastinis-prie-svencioneliu-miesto\/","og_site_name":"Namud\u0117","article_modified_time":"2026-01-19T07:44:22+00:00","og_image":[{"width":800,"height":531,"url":"https:\/\/www.namude.lt\/wp-content\/uploads\/2024\/04\/1-4.jpg","type":"image\/jpeg"}],"twitter_card":"summary_large_image","schema":{"@context":"https:\/\/schema.org","@graph":[{"@type":"WebPage","@id":"https:\/\/www.namude.lt\/objektas\/1994-m-statybos-murinis-sodo-namas-kolektyviniam-sode-seklycia-krastinis-prie-svencioneliu-miesto\/","url":"https:\/\/www.namude.lt\/objektas\/1994-m-statybos-murinis-sodo-namas-kolektyviniam-sode-seklycia-krastinis-prie-svencioneliu-miesto\/","name":"1994 m statybos m\u016brinis sodo namas kolektyviniam sode \u201eSekly\u010dia\u201c (kra\u0161tinis), prie \u0160ven\u010dion\u0117li\u0173 miesto - Namud\u0117","isPartOf":{"@id":"https:\/\/www.namude.lt\/#website"},"primaryImageOfPage":{"@id":"https:\/\/www.namude.lt\/objektas\/1994-m-statybos-murinis-sodo-namas-kolektyviniam-sode-seklycia-krastinis-prie-svencioneliu-miesto\/#primaryimage"},"image":{"@id":"https:\/\/www.namude.lt\/objektas\/1994-m-statybos-murinis-sodo-namas-kolektyviniam-sode-seklycia-krastinis-prie-svencioneliu-miesto\/#primaryimage"},"thumbnailUrl":"https:\/\/www.namude.lt\/wp-content\/uploads\/2024\/04\/1-4.jpg","datePublished":"2024-04-18T12:49:51+00:00","dateModified":"2026-01-19T07:44:22+00:00","breadcrumb":{"@id":"https:\/\/www.namude.lt\/objektas\/1994-m-statybos-murinis-sodo-namas-kolektyviniam-sode-seklycia-krastinis-prie-svencioneliu-miesto\/#breadcrumb"},"inLanguage":"en-US","potentialAction":[{"@type":"ReadAction","target":["https:\/\/www.namude.lt\/objektas\/1994-m-statybos-murinis-sodo-namas-kolektyviniam-sode-seklycia-krastinis-prie-svencioneliu-miesto\/"]}]},{"@type":"ImageObject","inLanguage":"en-US","@id":"https:\/\/www.namude.lt\/objektas\/1994-m-statybos-murinis-sodo-namas-kolektyviniam-sode-seklycia-krastinis-prie-svencioneliu-miesto\/#primaryimage","url":"https:\/\/www.namude.lt\/wp-content\/uploads\/2024\/04\/1-4.jpg","contentUrl":"https:\/\/www.namude.lt\/wp-content\/uploads\/2024\/04\/1-4.jpg","width":800,"height":531},{"@type":"BreadcrumbList","@id":"https:\/\/www.namude.lt\/objektas\/1994-m-statybos-murinis-sodo-namas-kolektyviniam-sode-seklycia-krastinis-prie-svencioneliu-miesto\/#breadcrumb","itemListElement":[{"@type":"ListItem","position":1,"name":"Home","item":"https:\/\/www.namude.lt\/en\/"},{"@type":"ListItem","position":2,"name":"Real estate","item":"https:\/\/www.namude.lt\/en\/real-estate\/"},{"@type":"ListItem","position":3,"name":"1994 m statybos m\u016brinis sodo namas kolektyviniam sode \u201eSekly\u010dia\u201c (kra\u0161tinis), prie \u0160ven\u010dion\u0117li\u0173 miesto"}]},{"@type":"WebSite","@id":"https:\/\/www.namude.lt\/#website","url":"https:\/\/www.namude.lt\/","name":"Namud\u0117","description":"\u201eNamud\u0117\u201c \u2013 agent\u016bra, pardavin\u0117janti Auk\u0161taitijos NT grynuolius.","publisher":{"@id":"https:\/\/www.namude.lt\/#organization"},"potentialAction":[{"@type":"SearchAction","target":{"@type":"EntryPoint","urlTemplate":"https:\/\/www.namude.lt\/?s={search_term_string}"},"query-input":{"@type":"PropertyValueSpecification","valueRequired":true,"valueName":"search_term_string"}}],"inLanguage":"en-US"},{"@type":"Organization","@id":"https:\/\/www.namude.lt\/#organization","name":"Namud\u0117","url":"https:\/\/www.namude.lt\/","logo":{"@type":"ImageObject","inLanguage":"en-US","@id":"https:\/\/www.namude.lt\/#\/schema\/logo\/image\/","url":"https:\/\/www.namude.lt\/wp-content\/uploads\/2023\/11\/logo-symbol.svg","contentUrl":"https:\/\/www.namude.lt\/wp-content\/uploads\/2023\/11\/logo-symbol.svg","width":1,"height":1,"caption":"Namud\u0117"},"image":{"@id":"https:\/\/www.namude.lt\/#\/schema\/logo\/image\/"}}]}},"_links":{"self":[{"href":"https:\/\/www.namude.lt\/en\/wp-json\/wp\/v2\/product\/8389","targetHints":{"allow":["GET"]}}],"collection":[{"href":"https:\/\/www.namude.lt\/en\/wp-json\/wp\/v2\/product"}],"about":[{"href":"https:\/\/www.namude.lt\/en\/wp-json\/wp\/v2\/types\/product"}],"wp:featuredmedia":[{"embeddable":true,"href":"https:\/\/www.namude.lt\/en\/wp-json\/wp\/v2\/media\/8632"}],"wp:attachment":[{"href":"https:\/\/www.namude.lt\/en\/wp-json\/wp\/v2\/media?parent=8389"}],"wp:term":[{"taxonomy":"product_brand","embeddable":true,"href":"https:\/\/www.namude.lt\/en\/wp-json\/wp\/v2\/product_brand?post=8389"},{"taxonomy":"product_cat","embeddable":true,"href":"https:\/\/www.namude.lt\/en\/wp-json\/wp\/v2\/product_cat?post=8389"},{"taxonomy":"product_tag","embeddable":true,"href":"https:\/\/www.namude.lt\/en\/wp-json\/wp\/v2\/product_tag?post=8389"}],"curies":[{"name":"wp","href":"https:\/\/api.w.org\/{rel}","templated":true}]}}