{"id":5908,"date":"2024-01-29T12:16:16","date_gmt":"2024-01-29T10:16:16","guid":{"rendered":"https:\/\/www.namude.lt\/?post_type=product&#038;p=5908"},"modified":"2024-09-10T10:07:13","modified_gmt":"2024-09-10T07:07:13","slug":"geros-bukles-administracinis-pastatas-su-parduotuve-svencioniu-rajone-svencioneliu-mieste-lauko-gatveje-nr-41","status":"publish","type":"product","link":"https:\/\/www.namude.lt\/en\/object\/geros-bukles-administracinis-pastatas-su-parduotuve-svencioniu-rajone-svencioneliu-mieste-lauko-gatveje-nr-41\/","title":{"rendered":"GEROS B\u016aKL\u0116S ADMINISTRACINIS PASTATAS SU PARDUOTUVE \u0160VEN\u010cIONI\u0172 RAJONE, \u0160VEN\u010cION\u0116LI\u0172 MIESTE, LAUKO GATV\u0116JE NR. 41"},"content":{"rendered":"","protected":false},"excerpt":{"rendered":"<p style=\"text-align: left\"><strong>Parduodamas geros b\u016bkl\u0117s administracinis <a href=\"https:\/\/www.namude.lt\/kategorija\/patalpos\/\">pastatas<\/a> su parduotuve \u0160ven\u010dioni\u0173 rajone, \u0160ven\u010dion\u0117li\u0173 mieste, Lauko gatv\u0117je Nr. 41.<\/strong>\u00a0<strong>1992 m\u00a0<\/strong>statybos pastato pagrindin\u0117 naudojimo paskirtis \u2013 prekybos. Bendras plotas \u2013\u00a0<strong>278.93 kv. m.<\/strong>\u00a0Vietinis centrinis \u0161ildymas (Yra galimyb\u0117 pasijungti prie miesto katilin\u0117s). Komunalinis vandentiekis. Komunalinis nuotek\u0173 \u0161alinimas. Elektros galingumas \u2013\u00a0<strong>8<\/strong>\u00a0<strong>kw<\/strong>\u00a0(<strong>3\u00a0<\/strong>faz\u0117s). Po pastatu yra suformuotas<strong>\u00a00.2236 ha<\/strong>\u00a0kitos paskirties sklypas. Naudojimo b\u016bdas \u2013 komercin\u0117s paskirties objekt\u0173 teritorijos. Atlikti kadastriniai matavimai. Sudaryta ilgalaik\u0117 Valstybin\u0117s \u017eem\u0117s sklypo nuomos sutartis. U\u017e<strong>\u00a060 m<\/strong>\u00a0prasideda daugiabu\u010di\u0173 kvartalas. \u0160alimais sporto aik\u0161tynai ir vaik\u0173 \u017eaidimo aik\u0161tel\u0117s. Puikus susisiekimas. Iki Vilniaus asfaltuotu keliu apie\u00a0<strong>95 km<\/strong>. Iki gele\u017einkelio stoties ma\u017eiau nei\u00a0<strong>1.5 km<\/strong>. Puikus pastatas ir vieta verslui pl\u0117toti.<\/p>\n","protected":false},"featured_media":5909,"template":"","meta":{"_acf_changed":false},"product_brand":[],"product_cat":[28],"product_tag":[],"class_list":{"0":"post-5908","1":"product","2":"type-product","3":"status-publish","4":"has-post-thumbnail","6":"product_cat-patalpos","7":"pa_rajonas-svencioniu-rajonas","8":"description-off","10":"first","11":"instock","12":"shipping-taxable","13":"purchasable","14":"product-type-simple"},"acf":[],"yoast_head":"<!-- This site is optimized with the Yoast SEO plugin v27.0 - https:\/\/yoast.com\/product\/yoast-seo-wordpress\/ -->\n<title>GEROS B\u016aKL\u0116S ADMINISTRACINIS PASTATAS SU PARDUOTUVE \u0160VEN\u010cIONI\u0172 RAJONE, \u0160VEN\u010cION\u0116LI\u0172 MIESTE, LAUKO GATV\u0116JE NR. 41 - Namud\u0117<\/title>\n<meta name=\"robots\" content=\"index, follow, max-snippet:-1, max-image-preview:large, max-video-preview:-1\" \/>\n<link rel=\"canonical\" href=\"https:\/\/www.namude.lt\/objektas\/geros-bukles-administracinis-pastatas-su-parduotuve-svencioniu-rajone-svencioneliu-mieste-lauko-gatveje-nr-41\/\" \/>\n<meta property=\"og:locale\" content=\"en_US\" \/>\n<meta property=\"og:type\" content=\"article\" \/>\n<meta property=\"og:title\" content=\"GEROS B\u016aKL\u0116S ADMINISTRACINIS PASTATAS SU PARDUOTUVE \u0160VEN\u010cIONI\u0172 RAJONE, \u0160VEN\u010cION\u0116LI\u0172 MIESTE, LAUKO GATV\u0116JE NR. 41 - Namud\u0117\" \/>\n<meta property=\"og:description\" content=\"Parduodamas geros b\u016bkl\u0117s administracinis pastatas su parduotuve \u0160ven\u010dioni\u0173 rajone, \u0160ven\u010dion\u0117li\u0173 mieste, Lauko gatv\u0117je Nr. 41.\u00a01992 m\u00a0statybos pastato pagrindin\u0117 naudojimo paskirtis \u2013 prekybos. Bendras plotas \u2013\u00a0278.93 kv. m.\u00a0Vietinis centrinis \u0161ildymas (Yra galimyb\u0117 pasijungti prie miesto katilin\u0117s). Komunalinis vandentiekis. Komunalinis nuotek\u0173 \u0161alinimas. Elektros galingumas \u2013\u00a08\u00a0kw\u00a0(3\u00a0faz\u0117s). Po pastatu yra suformuotas\u00a00.2236 ha\u00a0kitos paskirties sklypas. Naudojimo b\u016bdas \u2013 komercin\u0117s paskirties objekt\u0173 teritorijos. Atlikti kadastriniai matavimai. Sudaryta ilgalaik\u0117 Valstybin\u0117s \u017eem\u0117s sklypo nuomos sutartis. U\u017e\u00a060 m\u00a0prasideda daugiabu\u010di\u0173 kvartalas. \u0160alimais sporto aik\u0161tynai ir vaik\u0173 \u017eaidimo aik\u0161tel\u0117s. Puikus susisiekimas. Iki Vilniaus asfaltuotu keliu apie\u00a095 km. Iki gele\u017einkelio stoties ma\u017eiau nei\u00a01.5 km. Puikus pastatas ir vieta verslui pl\u0117toti.\" \/>\n<meta property=\"og:url\" content=\"https:\/\/www.namude.lt\/objektas\/geros-bukles-administracinis-pastatas-su-parduotuve-svencioniu-rajone-svencioneliu-mieste-lauko-gatveje-nr-41\/\" \/>\n<meta property=\"og:site_name\" content=\"Namud\u0117\" \/>\n<meta property=\"article:modified_time\" content=\"2024-09-10T07:07:13+00:00\" \/>\n<meta property=\"og:image\" content=\"https:\/\/www.namude.lt\/wp-content\/uploads\/2024\/01\/1-108.jpg\" \/>\n\t<meta property=\"og:image:width\" content=\"800\" \/>\n\t<meta property=\"og:image:height\" content=\"531\" \/>\n\t<meta property=\"og:image:type\" content=\"image\/jpeg\" \/>\n<meta name=\"twitter:card\" content=\"summary_large_image\" \/>\n<script type=\"application\/ld+json\" class=\"yoast-schema-graph\">{\"@context\":\"https:\/\/schema.org\",\"@graph\":[{\"@type\":\"WebPage\",\"@id\":\"https:\/\/www.namude.lt\/objektas\/geros-bukles-administracinis-pastatas-su-parduotuve-svencioniu-rajone-svencioneliu-mieste-lauko-gatveje-nr-41\/\",\"url\":\"https:\/\/www.namude.lt\/objektas\/geros-bukles-administracinis-pastatas-su-parduotuve-svencioniu-rajone-svencioneliu-mieste-lauko-gatveje-nr-41\/\",\"name\":\"GEROS B\u016aKL\u0116S ADMINISTRACINIS PASTATAS SU PARDUOTUVE \u0160VEN\u010cIONI\u0172 RAJONE, \u0160VEN\u010cION\u0116LI\u0172 MIESTE, LAUKO GATV\u0116JE NR. 41 - Namud\u0117\",\"isPartOf\":{\"@id\":\"https:\/\/www.namude.lt\/#website\"},\"primaryImageOfPage\":{\"@id\":\"https:\/\/www.namude.lt\/objektas\/geros-bukles-administracinis-pastatas-su-parduotuve-svencioniu-rajone-svencioneliu-mieste-lauko-gatveje-nr-41\/#primaryimage\"},\"image\":{\"@id\":\"https:\/\/www.namude.lt\/objektas\/geros-bukles-administracinis-pastatas-su-parduotuve-svencioniu-rajone-svencioneliu-mieste-lauko-gatveje-nr-41\/#primaryimage\"},\"thumbnailUrl\":\"https:\/\/www.namude.lt\/wp-content\/uploads\/2024\/01\/1-108.jpg\",\"datePublished\":\"2024-01-29T10:16:16+00:00\",\"dateModified\":\"2024-09-10T07:07:13+00:00\",\"breadcrumb\":{\"@id\":\"https:\/\/www.namude.lt\/objektas\/geros-bukles-administracinis-pastatas-su-parduotuve-svencioniu-rajone-svencioneliu-mieste-lauko-gatveje-nr-41\/#breadcrumb\"},\"inLanguage\":\"en-US\",\"potentialAction\":[{\"@type\":\"ReadAction\",\"target\":[\"https:\/\/www.namude.lt\/objektas\/geros-bukles-administracinis-pastatas-su-parduotuve-svencioniu-rajone-svencioneliu-mieste-lauko-gatveje-nr-41\/\"]}]},{\"@type\":\"ImageObject\",\"inLanguage\":\"en-US\",\"@id\":\"https:\/\/www.namude.lt\/objektas\/geros-bukles-administracinis-pastatas-su-parduotuve-svencioniu-rajone-svencioneliu-mieste-lauko-gatveje-nr-41\/#primaryimage\",\"url\":\"https:\/\/www.namude.lt\/wp-content\/uploads\/2024\/01\/1-108.jpg\",\"contentUrl\":\"https:\/\/www.namude.lt\/wp-content\/uploads\/2024\/01\/1-108.jpg\",\"width\":800,\"height\":531},{\"@type\":\"BreadcrumbList\",\"@id\":\"https:\/\/www.namude.lt\/objektas\/geros-bukles-administracinis-pastatas-su-parduotuve-svencioniu-rajone-svencioneliu-mieste-lauko-gatveje-nr-41\/#breadcrumb\",\"itemListElement\":[{\"@type\":\"ListItem\",\"position\":1,\"name\":\"Home\",\"item\":\"https:\/\/www.namude.lt\/en\/\"},{\"@type\":\"ListItem\",\"position\":2,\"name\":\"Real estate\",\"item\":\"https:\/\/www.namude.lt\/en\/real-estate\/\"},{\"@type\":\"ListItem\",\"position\":3,\"name\":\"GEROS B\u016aKL\u0116S ADMINISTRACINIS PASTATAS SU PARDUOTUVE \u0160VEN\u010cIONI\u0172 RAJONE, \u0160VEN\u010cION\u0116LI\u0172 MIESTE, LAUKO GATV\u0116JE NR. 41\"}]},{\"@type\":\"WebSite\",\"@id\":\"https:\/\/www.namude.lt\/#website\",\"url\":\"https:\/\/www.namude.lt\/\",\"name\":\"Namud\u0117\",\"description\":\"\u201eNamud\u0117\u201c \u2013 agent\u016bra, pardavin\u0117janti Auk\u0161taitijos NT grynuolius.\",\"publisher\":{\"@id\":\"https:\/\/www.namude.lt\/#organization\"},\"potentialAction\":[{\"@type\":\"SearchAction\",\"target\":{\"@type\":\"EntryPoint\",\"urlTemplate\":\"https:\/\/www.namude.lt\/?s={search_term_string}\"},\"query-input\":{\"@type\":\"PropertyValueSpecification\",\"valueRequired\":true,\"valueName\":\"search_term_string\"}}],\"inLanguage\":\"en-US\"},{\"@type\":\"Organization\",\"@id\":\"https:\/\/www.namude.lt\/#organization\",\"name\":\"Namud\u0117\",\"url\":\"https:\/\/www.namude.lt\/\",\"logo\":{\"@type\":\"ImageObject\",\"inLanguage\":\"en-US\",\"@id\":\"https:\/\/www.namude.lt\/#\/schema\/logo\/image\/\",\"url\":\"https:\/\/www.namude.lt\/wp-content\/uploads\/2023\/11\/logo-symbol.svg\",\"contentUrl\":\"https:\/\/www.namude.lt\/wp-content\/uploads\/2023\/11\/logo-symbol.svg\",\"width\":1,\"height\":1,\"caption\":\"Namud\u0117\"},\"image\":{\"@id\":\"https:\/\/www.namude.lt\/#\/schema\/logo\/image\/\"}}]}<\/script>\n<!-- \/ Yoast SEO plugin. -->","yoast_head_json":{"title":"GEROS B\u016aKL\u0116S ADMINISTRACINIS PASTATAS SU PARDUOTUVE \u0160VEN\u010cIONI\u0172 RAJONE, \u0160VEN\u010cION\u0116LI\u0172 MIESTE, LAUKO GATV\u0116JE NR. 41 - Namud\u0117","robots":{"index":"index","follow":"follow","max-snippet":"max-snippet:-1","max-image-preview":"max-image-preview:large","max-video-preview":"max-video-preview:-1"},"canonical":"https:\/\/www.namude.lt\/objektas\/geros-bukles-administracinis-pastatas-su-parduotuve-svencioniu-rajone-svencioneliu-mieste-lauko-gatveje-nr-41\/","og_locale":"en_US","og_type":"article","og_title":"GEROS B\u016aKL\u0116S ADMINISTRACINIS PASTATAS SU PARDUOTUVE \u0160VEN\u010cIONI\u0172 RAJONE, \u0160VEN\u010cION\u0116LI\u0172 MIESTE, LAUKO GATV\u0116JE NR. 41 - Namud\u0117","og_description":"Parduodamas geros b\u016bkl\u0117s administracinis pastatas su parduotuve \u0160ven\u010dioni\u0173 rajone, \u0160ven\u010dion\u0117li\u0173 mieste, Lauko gatv\u0117je Nr. 41.\u00a01992 m\u00a0statybos pastato pagrindin\u0117 naudojimo paskirtis \u2013 prekybos. Bendras plotas \u2013\u00a0278.93 kv. m.\u00a0Vietinis centrinis \u0161ildymas (Yra galimyb\u0117 pasijungti prie miesto katilin\u0117s). Komunalinis vandentiekis. Komunalinis nuotek\u0173 \u0161alinimas. Elektros galingumas \u2013\u00a08\u00a0kw\u00a0(3\u00a0faz\u0117s). Po pastatu yra suformuotas\u00a00.2236 ha\u00a0kitos paskirties sklypas. Naudojimo b\u016bdas \u2013 komercin\u0117s paskirties objekt\u0173 teritorijos. Atlikti kadastriniai matavimai. Sudaryta ilgalaik\u0117 Valstybin\u0117s \u017eem\u0117s sklypo nuomos sutartis. U\u017e\u00a060 m\u00a0prasideda daugiabu\u010di\u0173 kvartalas. \u0160alimais sporto aik\u0161tynai ir vaik\u0173 \u017eaidimo aik\u0161tel\u0117s. Puikus susisiekimas. Iki Vilniaus asfaltuotu keliu apie\u00a095 km. Iki gele\u017einkelio stoties ma\u017eiau nei\u00a01.5 km. Puikus pastatas ir vieta verslui pl\u0117toti.","og_url":"https:\/\/www.namude.lt\/objektas\/geros-bukles-administracinis-pastatas-su-parduotuve-svencioniu-rajone-svencioneliu-mieste-lauko-gatveje-nr-41\/","og_site_name":"Namud\u0117","article_modified_time":"2024-09-10T07:07:13+00:00","og_image":[{"width":800,"height":531,"url":"https:\/\/www.namude.lt\/wp-content\/uploads\/2024\/01\/1-108.jpg","type":"image\/jpeg"}],"twitter_card":"summary_large_image","schema":{"@context":"https:\/\/schema.org","@graph":[{"@type":"WebPage","@id":"https:\/\/www.namude.lt\/objektas\/geros-bukles-administracinis-pastatas-su-parduotuve-svencioniu-rajone-svencioneliu-mieste-lauko-gatveje-nr-41\/","url":"https:\/\/www.namude.lt\/objektas\/geros-bukles-administracinis-pastatas-su-parduotuve-svencioniu-rajone-svencioneliu-mieste-lauko-gatveje-nr-41\/","name":"GEROS B\u016aKL\u0116S ADMINISTRACINIS PASTATAS SU PARDUOTUVE \u0160VEN\u010cIONI\u0172 RAJONE, \u0160VEN\u010cION\u0116LI\u0172 MIESTE, LAUKO GATV\u0116JE NR. 41 - Namud\u0117","isPartOf":{"@id":"https:\/\/www.namude.lt\/#website"},"primaryImageOfPage":{"@id":"https:\/\/www.namude.lt\/objektas\/geros-bukles-administracinis-pastatas-su-parduotuve-svencioniu-rajone-svencioneliu-mieste-lauko-gatveje-nr-41\/#primaryimage"},"image":{"@id":"https:\/\/www.namude.lt\/objektas\/geros-bukles-administracinis-pastatas-su-parduotuve-svencioniu-rajone-svencioneliu-mieste-lauko-gatveje-nr-41\/#primaryimage"},"thumbnailUrl":"https:\/\/www.namude.lt\/wp-content\/uploads\/2024\/01\/1-108.jpg","datePublished":"2024-01-29T10:16:16+00:00","dateModified":"2024-09-10T07:07:13+00:00","breadcrumb":{"@id":"https:\/\/www.namude.lt\/objektas\/geros-bukles-administracinis-pastatas-su-parduotuve-svencioniu-rajone-svencioneliu-mieste-lauko-gatveje-nr-41\/#breadcrumb"},"inLanguage":"en-US","potentialAction":[{"@type":"ReadAction","target":["https:\/\/www.namude.lt\/objektas\/geros-bukles-administracinis-pastatas-su-parduotuve-svencioniu-rajone-svencioneliu-mieste-lauko-gatveje-nr-41\/"]}]},{"@type":"ImageObject","inLanguage":"en-US","@id":"https:\/\/www.namude.lt\/objektas\/geros-bukles-administracinis-pastatas-su-parduotuve-svencioniu-rajone-svencioneliu-mieste-lauko-gatveje-nr-41\/#primaryimage","url":"https:\/\/www.namude.lt\/wp-content\/uploads\/2024\/01\/1-108.jpg","contentUrl":"https:\/\/www.namude.lt\/wp-content\/uploads\/2024\/01\/1-108.jpg","width":800,"height":531},{"@type":"BreadcrumbList","@id":"https:\/\/www.namude.lt\/objektas\/geros-bukles-administracinis-pastatas-su-parduotuve-svencioniu-rajone-svencioneliu-mieste-lauko-gatveje-nr-41\/#breadcrumb","itemListElement":[{"@type":"ListItem","position":1,"name":"Home","item":"https:\/\/www.namude.lt\/en\/"},{"@type":"ListItem","position":2,"name":"Real estate","item":"https:\/\/www.namude.lt\/en\/real-estate\/"},{"@type":"ListItem","position":3,"name":"GEROS B\u016aKL\u0116S ADMINISTRACINIS PASTATAS SU PARDUOTUVE \u0160VEN\u010cIONI\u0172 RAJONE, \u0160VEN\u010cION\u0116LI\u0172 MIESTE, LAUKO GATV\u0116JE NR. 41"}]},{"@type":"WebSite","@id":"https:\/\/www.namude.lt\/#website","url":"https:\/\/www.namude.lt\/","name":"Namud\u0117","description":"\u201eNamud\u0117\u201c \u2013 agent\u016bra, pardavin\u0117janti Auk\u0161taitijos NT grynuolius.","publisher":{"@id":"https:\/\/www.namude.lt\/#organization"},"potentialAction":[{"@type":"SearchAction","target":{"@type":"EntryPoint","urlTemplate":"https:\/\/www.namude.lt\/?s={search_term_string}"},"query-input":{"@type":"PropertyValueSpecification","valueRequired":true,"valueName":"search_term_string"}}],"inLanguage":"en-US"},{"@type":"Organization","@id":"https:\/\/www.namude.lt\/#organization","name":"Namud\u0117","url":"https:\/\/www.namude.lt\/","logo":{"@type":"ImageObject","inLanguage":"en-US","@id":"https:\/\/www.namude.lt\/#\/schema\/logo\/image\/","url":"https:\/\/www.namude.lt\/wp-content\/uploads\/2023\/11\/logo-symbol.svg","contentUrl":"https:\/\/www.namude.lt\/wp-content\/uploads\/2023\/11\/logo-symbol.svg","width":1,"height":1,"caption":"Namud\u0117"},"image":{"@id":"https:\/\/www.namude.lt\/#\/schema\/logo\/image\/"}}]}},"_links":{"self":[{"href":"https:\/\/www.namude.lt\/en\/wp-json\/wp\/v2\/product\/5908","targetHints":{"allow":["GET"]}}],"collection":[{"href":"https:\/\/www.namude.lt\/en\/wp-json\/wp\/v2\/product"}],"about":[{"href":"https:\/\/www.namude.lt\/en\/wp-json\/wp\/v2\/types\/product"}],"wp:featuredmedia":[{"embeddable":true,"href":"https:\/\/www.namude.lt\/en\/wp-json\/wp\/v2\/media\/5909"}],"wp:attachment":[{"href":"https:\/\/www.namude.lt\/en\/wp-json\/wp\/v2\/media?parent=5908"}],"wp:term":[{"taxonomy":"product_brand","embeddable":true,"href":"https:\/\/www.namude.lt\/en\/wp-json\/wp\/v2\/product_brand?post=5908"},{"taxonomy":"product_cat","embeddable":true,"href":"https:\/\/www.namude.lt\/en\/wp-json\/wp\/v2\/product_cat?post=5908"},{"taxonomy":"product_tag","embeddable":true,"href":"https:\/\/www.namude.lt\/en\/wp-json\/wp\/v2\/product_tag?post=5908"}],"curies":[{"name":"wp","href":"https:\/\/api.w.org\/{rel}","templated":true}]}}