{"id":5695,"date":"2024-01-29T11:20:29","date_gmt":"2024-01-29T09:20:29","guid":{"rendered":"https:\/\/www.namude.lt\/?post_type=product&#038;p=5695"},"modified":"2026-01-05T11:35:15","modified_gmt":"2026-01-05T09:35:15","slug":"07590-ha-zemes-ukio-paskirties-sklypas-vilniaus-rajone-nemencines-seniunijoje-puckalaukio-kaime","status":"publish","type":"product","link":"https:\/\/www.namude.lt\/en\/object\/07590-ha-zemes-ukio-paskirties-sklypas-vilniaus-rajone-nemencines-seniunijoje-puckalaukio-kaime\/","title":{"rendered":"Sklypas netoli Vilniaus, norintiems nutolti nuo miesto \u0161urmulio, ir pasid\u017eiaugti gamtos teikiamu d\u017eiaugsmu!"},"content":{"rendered":"","protected":false},"excerpt":{"rendered":"<p><strong>0.759<\/strong> ha Nemen\u010din\u0117s seni\u016bnijoje, Pu\u010dkalaukio kaime esan\u010diame sklype atlikti kadastriniai matavimai. Sklypas lygaus reljefo, apaug\u0119s jaunu gra\u017eiu pu\u0161yn\u0117li\u0173, aplinkui yra tiek sen\u0173, tiek naujai besikurian\u010di\u0173 sodyb\u0173.<\/p>\n<p>Puiki vieta sodybos k\u016brimui, vertinantiems gamt\u0105 bei privatum\u0105. Iki Nemen\u010din\u0117s miestelio \u2013 tik <strong>2,6<\/strong> km, Vilniaus miesto centro \u2013 <strong>25<\/strong> km<\/p>\n","protected":false},"featured_media":7478,"template":"","meta":{"_acf_changed":false},"product_brand":[],"product_cat":[75],"product_tag":[],"class_list":{"0":"post-5695","1":"product","2":"type-product","3":"status-publish","4":"has-post-thumbnail","6":"product_cat-parduota","7":"description-off","9":"first","10":"instock","11":"shipping-taxable","12":"purchasable","13":"product-type-simple"},"acf":[],"yoast_head":"<!-- This site is optimized with the Yoast SEO plugin v27.0 - https:\/\/yoast.com\/product\/yoast-seo-wordpress\/ -->\n<title>Sklypas netoli Vilniaus, norintiems nutolti nuo miesto \u0161urmulio, ir pasid\u017eiaugti gamtos teikiamu d\u017eiaugsmu! - Namud\u0117<\/title>\n<meta name=\"robots\" content=\"index, follow, max-snippet:-1, max-image-preview:large, max-video-preview:-1\" \/>\n<link rel=\"canonical\" href=\"https:\/\/www.namude.lt\/objektas\/07590-ha-zemes-ukio-paskirties-sklypas-vilniaus-rajone-nemencines-seniunijoje-puckalaukio-kaime\/\" \/>\n<meta property=\"og:locale\" content=\"en_US\" \/>\n<meta property=\"og:type\" content=\"article\" \/>\n<meta property=\"og:title\" content=\"Sklypas netoli Vilniaus, norintiems nutolti nuo miesto \u0161urmulio, ir pasid\u017eiaugti gamtos teikiamu d\u017eiaugsmu! - Namud\u0117\" \/>\n<meta property=\"og:description\" content=\"0.759 ha Nemen\u010din\u0117s seni\u016bnijoje, Pu\u010dkalaukio kaime esan\u010diame sklype atlikti kadastriniai matavimai. Sklypas lygaus reljefo, apaug\u0119s jaunu gra\u017eiu pu\u0161yn\u0117li\u0173, aplinkui yra tiek sen\u0173, tiek naujai besikurian\u010di\u0173 sodyb\u0173.  Puiki vieta sodybos k\u016brimui, vertinantiems gamt\u0105 bei privatum\u0105. Iki Nemen\u010din\u0117s miestelio \u2013 tik 2,6 km, Vilniaus miesto centro \u2013 25 km\" \/>\n<meta property=\"og:url\" content=\"https:\/\/www.namude.lt\/objektas\/07590-ha-zemes-ukio-paskirties-sklypas-vilniaus-rajone-nemencines-seniunijoje-puckalaukio-kaime\/\" \/>\n<meta property=\"og:site_name\" content=\"Namud\u0117\" \/>\n<meta property=\"article:modified_time\" content=\"2026-01-05T09:35:15+00:00\" \/>\n<meta property=\"og:image\" content=\"https:\/\/www.namude.lt\/wp-content\/uploads\/2024\/01\/1-112.jpg\" \/>\n\t<meta property=\"og:image:width\" content=\"800\" \/>\n\t<meta property=\"og:image:height\" content=\"533\" \/>\n\t<meta property=\"og:image:type\" content=\"image\/jpeg\" \/>\n<meta name=\"twitter:card\" content=\"summary_large_image\" \/>\n<script type=\"application\/ld+json\" class=\"yoast-schema-graph\">{\"@context\":\"https:\/\/schema.org\",\"@graph\":[{\"@type\":\"WebPage\",\"@id\":\"https:\/\/www.namude.lt\/objektas\/07590-ha-zemes-ukio-paskirties-sklypas-vilniaus-rajone-nemencines-seniunijoje-puckalaukio-kaime\/\",\"url\":\"https:\/\/www.namude.lt\/objektas\/07590-ha-zemes-ukio-paskirties-sklypas-vilniaus-rajone-nemencines-seniunijoje-puckalaukio-kaime\/\",\"name\":\"Sklypas netoli Vilniaus, norintiems nutolti nuo miesto \u0161urmulio, ir pasid\u017eiaugti gamtos teikiamu d\u017eiaugsmu! - Namud\u0117\",\"isPartOf\":{\"@id\":\"https:\/\/www.namude.lt\/#website\"},\"primaryImageOfPage\":{\"@id\":\"https:\/\/www.namude.lt\/objektas\/07590-ha-zemes-ukio-paskirties-sklypas-vilniaus-rajone-nemencines-seniunijoje-puckalaukio-kaime\/#primaryimage\"},\"image\":{\"@id\":\"https:\/\/www.namude.lt\/objektas\/07590-ha-zemes-ukio-paskirties-sklypas-vilniaus-rajone-nemencines-seniunijoje-puckalaukio-kaime\/#primaryimage\"},\"thumbnailUrl\":\"https:\/\/www.namude.lt\/wp-content\/uploads\/2024\/01\/1-112.jpg\",\"datePublished\":\"2024-01-29T09:20:29+00:00\",\"dateModified\":\"2026-01-05T09:35:15+00:00\",\"breadcrumb\":{\"@id\":\"https:\/\/www.namude.lt\/objektas\/07590-ha-zemes-ukio-paskirties-sklypas-vilniaus-rajone-nemencines-seniunijoje-puckalaukio-kaime\/#breadcrumb\"},\"inLanguage\":\"en-US\",\"potentialAction\":[{\"@type\":\"ReadAction\",\"target\":[\"https:\/\/www.namude.lt\/objektas\/07590-ha-zemes-ukio-paskirties-sklypas-vilniaus-rajone-nemencines-seniunijoje-puckalaukio-kaime\/\"]}]},{\"@type\":\"ImageObject\",\"inLanguage\":\"en-US\",\"@id\":\"https:\/\/www.namude.lt\/objektas\/07590-ha-zemes-ukio-paskirties-sklypas-vilniaus-rajone-nemencines-seniunijoje-puckalaukio-kaime\/#primaryimage\",\"url\":\"https:\/\/www.namude.lt\/wp-content\/uploads\/2024\/01\/1-112.jpg\",\"contentUrl\":\"https:\/\/www.namude.lt\/wp-content\/uploads\/2024\/01\/1-112.jpg\",\"width\":800,\"height\":533,\"caption\":\"default\"},{\"@type\":\"BreadcrumbList\",\"@id\":\"https:\/\/www.namude.lt\/objektas\/07590-ha-zemes-ukio-paskirties-sklypas-vilniaus-rajone-nemencines-seniunijoje-puckalaukio-kaime\/#breadcrumb\",\"itemListElement\":[{\"@type\":\"ListItem\",\"position\":1,\"name\":\"Home\",\"item\":\"https:\/\/www.namude.lt\/en\/\"},{\"@type\":\"ListItem\",\"position\":2,\"name\":\"Real estate\",\"item\":\"https:\/\/www.namude.lt\/en\/real-estate\/\"},{\"@type\":\"ListItem\",\"position\":3,\"name\":\"Sklypas netoli Vilniaus, norintiems nutolti nuo miesto \u0161urmulio, ir pasid\u017eiaugti gamtos teikiamu d\u017eiaugsmu!\"}]},{\"@type\":\"WebSite\",\"@id\":\"https:\/\/www.namude.lt\/#website\",\"url\":\"https:\/\/www.namude.lt\/\",\"name\":\"Namud\u0117\",\"description\":\"\u201eNamud\u0117\u201c \u2013 agent\u016bra, pardavin\u0117janti Auk\u0161taitijos NT grynuolius.\",\"publisher\":{\"@id\":\"https:\/\/www.namude.lt\/#organization\"},\"potentialAction\":[{\"@type\":\"SearchAction\",\"target\":{\"@type\":\"EntryPoint\",\"urlTemplate\":\"https:\/\/www.namude.lt\/?s={search_term_string}\"},\"query-input\":{\"@type\":\"PropertyValueSpecification\",\"valueRequired\":true,\"valueName\":\"search_term_string\"}}],\"inLanguage\":\"en-US\"},{\"@type\":\"Organization\",\"@id\":\"https:\/\/www.namude.lt\/#organization\",\"name\":\"Namud\u0117\",\"url\":\"https:\/\/www.namude.lt\/\",\"logo\":{\"@type\":\"ImageObject\",\"inLanguage\":\"en-US\",\"@id\":\"https:\/\/www.namude.lt\/#\/schema\/logo\/image\/\",\"url\":\"https:\/\/www.namude.lt\/wp-content\/uploads\/2023\/11\/logo-symbol.svg\",\"contentUrl\":\"https:\/\/www.namude.lt\/wp-content\/uploads\/2023\/11\/logo-symbol.svg\",\"width\":1,\"height\":1,\"caption\":\"Namud\u0117\"},\"image\":{\"@id\":\"https:\/\/www.namude.lt\/#\/schema\/logo\/image\/\"}}]}<\/script>\n<!-- \/ Yoast SEO plugin. -->","yoast_head_json":{"title":"Sklypas netoli Vilniaus, norintiems nutolti nuo miesto \u0161urmulio, ir pasid\u017eiaugti gamtos teikiamu d\u017eiaugsmu! - Namud\u0117","robots":{"index":"index","follow":"follow","max-snippet":"max-snippet:-1","max-image-preview":"max-image-preview:large","max-video-preview":"max-video-preview:-1"},"canonical":"https:\/\/www.namude.lt\/objektas\/07590-ha-zemes-ukio-paskirties-sklypas-vilniaus-rajone-nemencines-seniunijoje-puckalaukio-kaime\/","og_locale":"en_US","og_type":"article","og_title":"Sklypas netoli Vilniaus, norintiems nutolti nuo miesto \u0161urmulio, ir pasid\u017eiaugti gamtos teikiamu d\u017eiaugsmu! - Namud\u0117","og_description":"0.759 ha Nemen\u010din\u0117s seni\u016bnijoje, Pu\u010dkalaukio kaime esan\u010diame sklype atlikti kadastriniai matavimai. Sklypas lygaus reljefo, apaug\u0119s jaunu gra\u017eiu pu\u0161yn\u0117li\u0173, aplinkui yra tiek sen\u0173, tiek naujai besikurian\u010di\u0173 sodyb\u0173.  Puiki vieta sodybos k\u016brimui, vertinantiems gamt\u0105 bei privatum\u0105. Iki Nemen\u010din\u0117s miestelio \u2013 tik 2,6 km, Vilniaus miesto centro \u2013 25 km","og_url":"https:\/\/www.namude.lt\/objektas\/07590-ha-zemes-ukio-paskirties-sklypas-vilniaus-rajone-nemencines-seniunijoje-puckalaukio-kaime\/","og_site_name":"Namud\u0117","article_modified_time":"2026-01-05T09:35:15+00:00","og_image":[{"width":800,"height":533,"url":"https:\/\/www.namude.lt\/wp-content\/uploads\/2024\/01\/1-112.jpg","type":"image\/jpeg"}],"twitter_card":"summary_large_image","schema":{"@context":"https:\/\/schema.org","@graph":[{"@type":"WebPage","@id":"https:\/\/www.namude.lt\/objektas\/07590-ha-zemes-ukio-paskirties-sklypas-vilniaus-rajone-nemencines-seniunijoje-puckalaukio-kaime\/","url":"https:\/\/www.namude.lt\/objektas\/07590-ha-zemes-ukio-paskirties-sklypas-vilniaus-rajone-nemencines-seniunijoje-puckalaukio-kaime\/","name":"Sklypas netoli Vilniaus, norintiems nutolti nuo miesto \u0161urmulio, ir pasid\u017eiaugti gamtos teikiamu d\u017eiaugsmu! - Namud\u0117","isPartOf":{"@id":"https:\/\/www.namude.lt\/#website"},"primaryImageOfPage":{"@id":"https:\/\/www.namude.lt\/objektas\/07590-ha-zemes-ukio-paskirties-sklypas-vilniaus-rajone-nemencines-seniunijoje-puckalaukio-kaime\/#primaryimage"},"image":{"@id":"https:\/\/www.namude.lt\/objektas\/07590-ha-zemes-ukio-paskirties-sklypas-vilniaus-rajone-nemencines-seniunijoje-puckalaukio-kaime\/#primaryimage"},"thumbnailUrl":"https:\/\/www.namude.lt\/wp-content\/uploads\/2024\/01\/1-112.jpg","datePublished":"2024-01-29T09:20:29+00:00","dateModified":"2026-01-05T09:35:15+00:00","breadcrumb":{"@id":"https:\/\/www.namude.lt\/objektas\/07590-ha-zemes-ukio-paskirties-sklypas-vilniaus-rajone-nemencines-seniunijoje-puckalaukio-kaime\/#breadcrumb"},"inLanguage":"en-US","potentialAction":[{"@type":"ReadAction","target":["https:\/\/www.namude.lt\/objektas\/07590-ha-zemes-ukio-paskirties-sklypas-vilniaus-rajone-nemencines-seniunijoje-puckalaukio-kaime\/"]}]},{"@type":"ImageObject","inLanguage":"en-US","@id":"https:\/\/www.namude.lt\/objektas\/07590-ha-zemes-ukio-paskirties-sklypas-vilniaus-rajone-nemencines-seniunijoje-puckalaukio-kaime\/#primaryimage","url":"https:\/\/www.namude.lt\/wp-content\/uploads\/2024\/01\/1-112.jpg","contentUrl":"https:\/\/www.namude.lt\/wp-content\/uploads\/2024\/01\/1-112.jpg","width":800,"height":533,"caption":"default"},{"@type":"BreadcrumbList","@id":"https:\/\/www.namude.lt\/objektas\/07590-ha-zemes-ukio-paskirties-sklypas-vilniaus-rajone-nemencines-seniunijoje-puckalaukio-kaime\/#breadcrumb","itemListElement":[{"@type":"ListItem","position":1,"name":"Home","item":"https:\/\/www.namude.lt\/en\/"},{"@type":"ListItem","position":2,"name":"Real estate","item":"https:\/\/www.namude.lt\/en\/real-estate\/"},{"@type":"ListItem","position":3,"name":"Sklypas netoli Vilniaus, norintiems nutolti nuo miesto \u0161urmulio, ir pasid\u017eiaugti gamtos teikiamu d\u017eiaugsmu!"}]},{"@type":"WebSite","@id":"https:\/\/www.namude.lt\/#website","url":"https:\/\/www.namude.lt\/","name":"Namud\u0117","description":"\u201eNamud\u0117\u201c \u2013 agent\u016bra, pardavin\u0117janti Auk\u0161taitijos NT grynuolius.","publisher":{"@id":"https:\/\/www.namude.lt\/#organization"},"potentialAction":[{"@type":"SearchAction","target":{"@type":"EntryPoint","urlTemplate":"https:\/\/www.namude.lt\/?s={search_term_string}"},"query-input":{"@type":"PropertyValueSpecification","valueRequired":true,"valueName":"search_term_string"}}],"inLanguage":"en-US"},{"@type":"Organization","@id":"https:\/\/www.namude.lt\/#organization","name":"Namud\u0117","url":"https:\/\/www.namude.lt\/","logo":{"@type":"ImageObject","inLanguage":"en-US","@id":"https:\/\/www.namude.lt\/#\/schema\/logo\/image\/","url":"https:\/\/www.namude.lt\/wp-content\/uploads\/2023\/11\/logo-symbol.svg","contentUrl":"https:\/\/www.namude.lt\/wp-content\/uploads\/2023\/11\/logo-symbol.svg","width":1,"height":1,"caption":"Namud\u0117"},"image":{"@id":"https:\/\/www.namude.lt\/#\/schema\/logo\/image\/"}}]}},"_links":{"self":[{"href":"https:\/\/www.namude.lt\/en\/wp-json\/wp\/v2\/product\/5695","targetHints":{"allow":["GET"]}}],"collection":[{"href":"https:\/\/www.namude.lt\/en\/wp-json\/wp\/v2\/product"}],"about":[{"href":"https:\/\/www.namude.lt\/en\/wp-json\/wp\/v2\/types\/product"}],"wp:featuredmedia":[{"embeddable":true,"href":"https:\/\/www.namude.lt\/en\/wp-json\/wp\/v2\/media\/7478"}],"wp:attachment":[{"href":"https:\/\/www.namude.lt\/en\/wp-json\/wp\/v2\/media?parent=5695"}],"wp:term":[{"taxonomy":"product_brand","embeddable":true,"href":"https:\/\/www.namude.lt\/en\/wp-json\/wp\/v2\/product_brand?post=5695"},{"taxonomy":"product_cat","embeddable":true,"href":"https:\/\/www.namude.lt\/en\/wp-json\/wp\/v2\/product_cat?post=5695"},{"taxonomy":"product_tag","embeddable":true,"href":"https:\/\/www.namude.lt\/en\/wp-json\/wp\/v2\/product_tag?post=5695"}],"curies":[{"name":"wp","href":"https:\/\/api.w.org\/{rel}","templated":true}]}}