{"id":4190,"date":"2024-01-26T12:11:06","date_gmt":"2024-01-26T10:11:06","guid":{"rendered":"https:\/\/www.namude.lt\/?post_type=product&#038;p=4190"},"modified":"2026-01-26T11:59:43","modified_gmt":"2026-01-26T09:59:43","slug":"grazutes-regioninio-parko-pusynu-apsuptyje-parduodamas-245-ha-sklypas-ant-grazaus-smalvo-ezero-kranto-zarasu-r-bruknines-vs","status":"publish","type":"product","link":"https:\/\/www.namude.lt\/en\/object\/grazutes-regioninio-parko-pusynu-apsuptyje-parduodamas-245-ha-sklypas-ant-grazaus-smalvo-ezero-kranto-zarasu-r-bruknines-vs\/","title":{"rendered":"GRA\u017dUT\u0116S REGIONINIO PARKO PU\u0160YN\u0172 APSUPTYJE PARDUODAMAS 2,45 HA SKLYPAS ANT GRA\u017dAUS SMALVO E\u017dERO KRANTO ZARAS\u0172 R., BRUKNIN\u0116S VS."},"content":{"rendered":"","protected":false},"excerpt":{"rendered":"<p><strong>Gra\u017eut\u0117s regioninio parko pu\u0161yn\u0173 apsuptyje parduodamas 2,45 ha <a href=\"https:\/\/www.namude.lt\/kategorija\/sklypai\/\">sklypas<\/a> ant gra\u017eaus Smalvo e\u017eero kranto <a href=\"https:\/\/www.namude.lt\/parduodami-nt-objektai\/?filter_rajonas=zarasu-rajonas&amp;query_type_rajonas=or\">Zaras\u0173 r.<\/a>, Bruknin\u0117s vs.<\/strong>\u00a0Sklypas net apie\u00a0<strong>120\u00a0<\/strong>m ribojasi su vaizdinga e\u017eero pakrante. Smalvo e\u017eeras \u0161varus ir gilus, i\u0161 \u0161iaur\u0117s \u012f pietus driekiasi apie\u00a0<strong>5\u00a0<\/strong>kilometrus. Sklypas dalinai apaug\u0119s smagiu pu\u0161ynu, mi\u0161ko plotas sudaro apie\u00a0<strong>1,7\u00a0<\/strong>ha, likusi ploto dalis &#8211; pieva. Sklype yra elektros transformatorin\u0117. Artimiausi kaimynai u\u017e\u00a0<strong>450\u00a0<\/strong>m, tad galima nevar\u017eomai m\u0117gautis gamtos teikiama atgaiva. Iki sklypo geras priva\u017eiavimas tiek nuo Visagino, tiek nuo Zaras\u0173 pus\u0117s. Apylink\u0117se driekiasi dideli, itin grybingi Gra\u017eut\u0117s regioninio parko mi\u0161k\u0173 masyvai, aplink gausu ma\u017e\u0173 e\u017eer\u0117li\u0173 (Smalvyk\u0161tis, Ber\u017einis, Kampinis ir kt), u\u017e\u00a0<strong>7\u00a0<\/strong>km tyvuliuoja \u012fsp\u016bdingas Dr\u016bk\u0161i\u0173 e\u017eeras. Galima keliauti tiek p\u0117s\u010diomis, tiek dvira\u010diais ar baidar\u0117mis ir atrasti vis nauj\u0173 \u012fdomi\u0173 mar\u0161rut\u0173 ir nematyt\u0173 gamtos kampeli\u0173. Iki Visagino miesto \u2013 tik\u00a0<strong>6\u00a0<\/strong>km, iki Vilniaus \u2013\u00a0<strong>160\u00a0<\/strong>km. Puikus sklypas j\u016bs\u0173 poilsiui nuostabios, civilizacijos nepaliestos gamtos apsuptyje.<\/p>\n<p>&nbsp;<\/p>\n<p>Sklypo koordinat\u0117s:<\/p>\n<p>Google maps 55.641704, 26.397728<\/p>\n<p>Maps.lt\u00a0 650929, 6170022 (LKS)<\/p>\n","protected":false},"featured_media":4191,"template":"","meta":{"_acf_changed":false},"product_brand":[],"product_cat":[75],"product_tag":[],"class_list":{"0":"post-4190","1":"product","2":"type-product","3":"status-publish","4":"has-post-thumbnail","6":"product_cat-parduota","7":"description-off","9":"first","10":"instock","11":"shipping-taxable","12":"purchasable","13":"product-type-simple"},"acf":[],"yoast_head":"<!-- This site is optimized with the Yoast SEO plugin v27.4 - https:\/\/yoast.com\/product\/yoast-seo-wordpress\/ -->\n<title>GRA\u017dUT\u0116S REGIONINIO PARKO PU\u0160YN\u0172 APSUPTYJE PARDUODAMAS 2,45 HA SKLYPAS ANT GRA\u017dAUS SMALVO E\u017dERO KRANTO ZARAS\u0172 R., BRUKNIN\u0116S VS. - Namud\u0117<\/title>\n<meta name=\"robots\" content=\"index, follow, max-snippet:-1, max-image-preview:large, max-video-preview:-1\" \/>\n<link rel=\"canonical\" href=\"https:\/\/www.namude.lt\/objektas\/grazutes-regioninio-parko-pusynu-apsuptyje-parduodamas-245-ha-sklypas-ant-grazaus-smalvo-ezero-kranto-zarasu-r-bruknines-vs\/\" \/>\n<meta property=\"og:locale\" content=\"en_US\" \/>\n<meta property=\"og:type\" content=\"article\" \/>\n<meta property=\"og:title\" content=\"GRA\u017dUT\u0116S REGIONINIO PARKO PU\u0160YN\u0172 APSUPTYJE PARDUODAMAS 2,45 HA SKLYPAS ANT GRA\u017dAUS SMALVO E\u017dERO KRANTO ZARAS\u0172 R., BRUKNIN\u0116S VS. - Namud\u0117\" \/>\n<meta property=\"og:description\" content=\"Gra\u017eut\u0117s regioninio parko pu\u0161yn\u0173 apsuptyje parduodamas 2,45 ha sklypas ant gra\u017eaus Smalvo e\u017eero kranto Zaras\u0173 r., Bruknin\u0117s vs.\u00a0Sklypas net apie\u00a0120\u00a0m ribojasi su vaizdinga e\u017eero pakrante. Smalvo e\u017eeras \u0161varus ir gilus, i\u0161 \u0161iaur\u0117s \u012f pietus driekiasi apie\u00a05\u00a0kilometrus. Sklypas dalinai apaug\u0119s smagiu pu\u0161ynu, mi\u0161ko plotas sudaro apie\u00a01,7\u00a0ha, likusi ploto dalis - pieva. Sklype yra elektros transformatorin\u0117. Artimiausi kaimynai u\u017e\u00a0450\u00a0m, tad galima nevar\u017eomai m\u0117gautis gamtos teikiama atgaiva. Iki sklypo geras priva\u017eiavimas tiek nuo Visagino, tiek nuo Zaras\u0173 pus\u0117s. Apylink\u0117se driekiasi dideli, itin grybingi Gra\u017eut\u0117s regioninio parko mi\u0161k\u0173 masyvai, aplink gausu ma\u017e\u0173 e\u017eer\u0117li\u0173 (Smalvyk\u0161tis, Ber\u017einis, Kampinis ir kt), u\u017e\u00a07\u00a0km tyvuliuoja \u012fsp\u016bdingas Dr\u016bk\u0161i\u0173 e\u017eeras. Galima keliauti tiek p\u0117s\u010diomis, tiek dvira\u010diais ar baidar\u0117mis ir atrasti vis nauj\u0173 \u012fdomi\u0173 mar\u0161rut\u0173 ir nematyt\u0173 gamtos kampeli\u0173. Iki Visagino miesto \u2013 tik\u00a06\u00a0km, iki Vilniaus \u2013\u00a0160\u00a0km. Puikus sklypas j\u016bs\u0173 poilsiui nuostabios, civilizacijos nepaliestos gamtos apsuptyje.  &nbsp;  Sklypo koordinat\u0117s:  Google maps 55.641704, 26.397728  Maps.lt\u00a0 650929, 6170022 (LKS)\" \/>\n<meta property=\"og:url\" content=\"https:\/\/www.namude.lt\/objektas\/grazutes-regioninio-parko-pusynu-apsuptyje-parduodamas-245-ha-sklypas-ant-grazaus-smalvo-ezero-kranto-zarasu-r-bruknines-vs\/\" \/>\n<meta property=\"og:site_name\" content=\"Namud\u0117\" \/>\n<meta property=\"article:modified_time\" content=\"2026-01-26T09:59:43+00:00\" \/>\n<meta property=\"og:image\" content=\"https:\/\/www.namude.lt\/wp-content\/uploads\/2024\/01\/1-75.jpg\" \/>\n\t<meta property=\"og:image:width\" content=\"840\" \/>\n\t<meta property=\"og:image:height\" content=\"560\" \/>\n\t<meta property=\"og:image:type\" content=\"image\/jpeg\" \/>\n<meta name=\"twitter:card\" content=\"summary_large_image\" \/>\n<script type=\"application\/ld+json\" class=\"yoast-schema-graph\">{\"@context\":\"https:\\\/\\\/schema.org\",\"@graph\":[{\"@type\":\"WebPage\",\"@id\":\"https:\\\/\\\/www.namude.lt\\\/objektas\\\/grazutes-regioninio-parko-pusynu-apsuptyje-parduodamas-245-ha-sklypas-ant-grazaus-smalvo-ezero-kranto-zarasu-r-bruknines-vs\\\/\",\"url\":\"https:\\\/\\\/www.namude.lt\\\/objektas\\\/grazutes-regioninio-parko-pusynu-apsuptyje-parduodamas-245-ha-sklypas-ant-grazaus-smalvo-ezero-kranto-zarasu-r-bruknines-vs\\\/\",\"name\":\"GRA\u017dUT\u0116S REGIONINIO PARKO PU\u0160YN\u0172 APSUPTYJE PARDUODAMAS 2,45 HA SKLYPAS ANT GRA\u017dAUS SMALVO E\u017dERO KRANTO ZARAS\u0172 R., BRUKNIN\u0116S VS. - Namud\u0117\",\"isPartOf\":{\"@id\":\"https:\\\/\\\/www.namude.lt\\\/#website\"},\"primaryImageOfPage\":{\"@id\":\"https:\\\/\\\/www.namude.lt\\\/objektas\\\/grazutes-regioninio-parko-pusynu-apsuptyje-parduodamas-245-ha-sklypas-ant-grazaus-smalvo-ezero-kranto-zarasu-r-bruknines-vs\\\/#primaryimage\"},\"image\":{\"@id\":\"https:\\\/\\\/www.namude.lt\\\/objektas\\\/grazutes-regioninio-parko-pusynu-apsuptyje-parduodamas-245-ha-sklypas-ant-grazaus-smalvo-ezero-kranto-zarasu-r-bruknines-vs\\\/#primaryimage\"},\"thumbnailUrl\":\"https:\\\/\\\/www.namude.lt\\\/wp-content\\\/uploads\\\/2024\\\/01\\\/1-75.jpg\",\"datePublished\":\"2024-01-26T10:11:06+00:00\",\"dateModified\":\"2026-01-26T09:59:43+00:00\",\"breadcrumb\":{\"@id\":\"https:\\\/\\\/www.namude.lt\\\/objektas\\\/grazutes-regioninio-parko-pusynu-apsuptyje-parduodamas-245-ha-sklypas-ant-grazaus-smalvo-ezero-kranto-zarasu-r-bruknines-vs\\\/#breadcrumb\"},\"inLanguage\":\"en-US\",\"potentialAction\":[{\"@type\":\"ReadAction\",\"target\":[\"https:\\\/\\\/www.namude.lt\\\/objektas\\\/grazutes-regioninio-parko-pusynu-apsuptyje-parduodamas-245-ha-sklypas-ant-grazaus-smalvo-ezero-kranto-zarasu-r-bruknines-vs\\\/\"]}]},{\"@type\":\"ImageObject\",\"inLanguage\":\"en-US\",\"@id\":\"https:\\\/\\\/www.namude.lt\\\/objektas\\\/grazutes-regioninio-parko-pusynu-apsuptyje-parduodamas-245-ha-sklypas-ant-grazaus-smalvo-ezero-kranto-zarasu-r-bruknines-vs\\\/#primaryimage\",\"url\":\"https:\\\/\\\/www.namude.lt\\\/wp-content\\\/uploads\\\/2024\\\/01\\\/1-75.jpg\",\"contentUrl\":\"https:\\\/\\\/www.namude.lt\\\/wp-content\\\/uploads\\\/2024\\\/01\\\/1-75.jpg\",\"width\":840,\"height\":560,\"caption\":\"default\"},{\"@type\":\"BreadcrumbList\",\"@id\":\"https:\\\/\\\/www.namude.lt\\\/objektas\\\/grazutes-regioninio-parko-pusynu-apsuptyje-parduodamas-245-ha-sklypas-ant-grazaus-smalvo-ezero-kranto-zarasu-r-bruknines-vs\\\/#breadcrumb\",\"itemListElement\":[{\"@type\":\"ListItem\",\"position\":1,\"name\":\"Home\",\"item\":\"https:\\\/\\\/www.namude.lt\\\/en\\\/\"},{\"@type\":\"ListItem\",\"position\":2,\"name\":\"Real estate\",\"item\":\"https:\\\/\\\/www.namude.lt\\\/en\\\/real-estate\\\/\"},{\"@type\":\"ListItem\",\"position\":3,\"name\":\"GRA\u017dUT\u0116S REGIONINIO PARKO PU\u0160YN\u0172 APSUPTYJE PARDUODAMAS 2,45 HA SKLYPAS ANT GRA\u017dAUS SMALVO E\u017dERO KRANTO ZARAS\u0172 R., BRUKNIN\u0116S VS.\"}]},{\"@type\":\"WebSite\",\"@id\":\"https:\\\/\\\/www.namude.lt\\\/#website\",\"url\":\"https:\\\/\\\/www.namude.lt\\\/\",\"name\":\"Namud\u0117\",\"description\":\"\u201eNamud\u0117\u201c \u2013 agent\u016bra, pardavin\u0117janti Auk\u0161taitijos NT grynuolius.\",\"publisher\":{\"@id\":\"https:\\\/\\\/www.namude.lt\\\/#organization\"},\"potentialAction\":[{\"@type\":\"SearchAction\",\"target\":{\"@type\":\"EntryPoint\",\"urlTemplate\":\"https:\\\/\\\/www.namude.lt\\\/?s={search_term_string}\"},\"query-input\":{\"@type\":\"PropertyValueSpecification\",\"valueRequired\":true,\"valueName\":\"search_term_string\"}}],\"inLanguage\":\"en-US\"},{\"@type\":\"Organization\",\"@id\":\"https:\\\/\\\/www.namude.lt\\\/#organization\",\"name\":\"Namud\u0117\",\"url\":\"https:\\\/\\\/www.namude.lt\\\/\",\"logo\":{\"@type\":\"ImageObject\",\"inLanguage\":\"en-US\",\"@id\":\"https:\\\/\\\/www.namude.lt\\\/#\\\/schema\\\/logo\\\/image\\\/\",\"url\":\"https:\\\/\\\/www.namude.lt\\\/wp-content\\\/uploads\\\/2023\\\/11\\\/logo-symbol.svg\",\"contentUrl\":\"https:\\\/\\\/www.namude.lt\\\/wp-content\\\/uploads\\\/2023\\\/11\\\/logo-symbol.svg\",\"width\":1,\"height\":1,\"caption\":\"Namud\u0117\"},\"image\":{\"@id\":\"https:\\\/\\\/www.namude.lt\\\/#\\\/schema\\\/logo\\\/image\\\/\"}}]}<\/script>\n<!-- \/ Yoast SEO plugin. -->","yoast_head_json":{"title":"GRA\u017dUT\u0116S REGIONINIO PARKO PU\u0160YN\u0172 APSUPTYJE PARDUODAMAS 2,45 HA SKLYPAS ANT GRA\u017dAUS SMALVO E\u017dERO KRANTO ZARAS\u0172 R., BRUKNIN\u0116S VS. - Namud\u0117","robots":{"index":"index","follow":"follow","max-snippet":"max-snippet:-1","max-image-preview":"max-image-preview:large","max-video-preview":"max-video-preview:-1"},"canonical":"https:\/\/www.namude.lt\/objektas\/grazutes-regioninio-parko-pusynu-apsuptyje-parduodamas-245-ha-sklypas-ant-grazaus-smalvo-ezero-kranto-zarasu-r-bruknines-vs\/","og_locale":"en_US","og_type":"article","og_title":"GRA\u017dUT\u0116S REGIONINIO PARKO PU\u0160YN\u0172 APSUPTYJE PARDUODAMAS 2,45 HA SKLYPAS ANT GRA\u017dAUS SMALVO E\u017dERO KRANTO ZARAS\u0172 R., BRUKNIN\u0116S VS. - Namud\u0117","og_description":"Gra\u017eut\u0117s regioninio parko pu\u0161yn\u0173 apsuptyje parduodamas 2,45 ha sklypas ant gra\u017eaus Smalvo e\u017eero kranto Zaras\u0173 r., Bruknin\u0117s vs.\u00a0Sklypas net apie\u00a0120\u00a0m ribojasi su vaizdinga e\u017eero pakrante. Smalvo e\u017eeras \u0161varus ir gilus, i\u0161 \u0161iaur\u0117s \u012f pietus driekiasi apie\u00a05\u00a0kilometrus. Sklypas dalinai apaug\u0119s smagiu pu\u0161ynu, mi\u0161ko plotas sudaro apie\u00a01,7\u00a0ha, likusi ploto dalis - pieva. Sklype yra elektros transformatorin\u0117. Artimiausi kaimynai u\u017e\u00a0450\u00a0m, tad galima nevar\u017eomai m\u0117gautis gamtos teikiama atgaiva. Iki sklypo geras priva\u017eiavimas tiek nuo Visagino, tiek nuo Zaras\u0173 pus\u0117s. Apylink\u0117se driekiasi dideli, itin grybingi Gra\u017eut\u0117s regioninio parko mi\u0161k\u0173 masyvai, aplink gausu ma\u017e\u0173 e\u017eer\u0117li\u0173 (Smalvyk\u0161tis, Ber\u017einis, Kampinis ir kt), u\u017e\u00a07\u00a0km tyvuliuoja \u012fsp\u016bdingas Dr\u016bk\u0161i\u0173 e\u017eeras. Galima keliauti tiek p\u0117s\u010diomis, tiek dvira\u010diais ar baidar\u0117mis ir atrasti vis nauj\u0173 \u012fdomi\u0173 mar\u0161rut\u0173 ir nematyt\u0173 gamtos kampeli\u0173. Iki Visagino miesto \u2013 tik\u00a06\u00a0km, iki Vilniaus \u2013\u00a0160\u00a0km. Puikus sklypas j\u016bs\u0173 poilsiui nuostabios, civilizacijos nepaliestos gamtos apsuptyje.  &nbsp;  Sklypo koordinat\u0117s:  Google maps 55.641704, 26.397728  Maps.lt\u00a0 650929, 6170022 (LKS)","og_url":"https:\/\/www.namude.lt\/objektas\/grazutes-regioninio-parko-pusynu-apsuptyje-parduodamas-245-ha-sklypas-ant-grazaus-smalvo-ezero-kranto-zarasu-r-bruknines-vs\/","og_site_name":"Namud\u0117","article_modified_time":"2026-01-26T09:59:43+00:00","og_image":[{"width":840,"height":560,"url":"https:\/\/www.namude.lt\/wp-content\/uploads\/2024\/01\/1-75.jpg","type":"image\/jpeg"}],"twitter_card":"summary_large_image","schema":{"@context":"https:\/\/schema.org","@graph":[{"@type":"WebPage","@id":"https:\/\/www.namude.lt\/objektas\/grazutes-regioninio-parko-pusynu-apsuptyje-parduodamas-245-ha-sklypas-ant-grazaus-smalvo-ezero-kranto-zarasu-r-bruknines-vs\/","url":"https:\/\/www.namude.lt\/objektas\/grazutes-regioninio-parko-pusynu-apsuptyje-parduodamas-245-ha-sklypas-ant-grazaus-smalvo-ezero-kranto-zarasu-r-bruknines-vs\/","name":"GRA\u017dUT\u0116S REGIONINIO PARKO PU\u0160YN\u0172 APSUPTYJE PARDUODAMAS 2,45 HA SKLYPAS ANT GRA\u017dAUS SMALVO E\u017dERO KRANTO ZARAS\u0172 R., BRUKNIN\u0116S VS. - Namud\u0117","isPartOf":{"@id":"https:\/\/www.namude.lt\/#website"},"primaryImageOfPage":{"@id":"https:\/\/www.namude.lt\/objektas\/grazutes-regioninio-parko-pusynu-apsuptyje-parduodamas-245-ha-sklypas-ant-grazaus-smalvo-ezero-kranto-zarasu-r-bruknines-vs\/#primaryimage"},"image":{"@id":"https:\/\/www.namude.lt\/objektas\/grazutes-regioninio-parko-pusynu-apsuptyje-parduodamas-245-ha-sklypas-ant-grazaus-smalvo-ezero-kranto-zarasu-r-bruknines-vs\/#primaryimage"},"thumbnailUrl":"https:\/\/www.namude.lt\/wp-content\/uploads\/2024\/01\/1-75.jpg","datePublished":"2024-01-26T10:11:06+00:00","dateModified":"2026-01-26T09:59:43+00:00","breadcrumb":{"@id":"https:\/\/www.namude.lt\/objektas\/grazutes-regioninio-parko-pusynu-apsuptyje-parduodamas-245-ha-sklypas-ant-grazaus-smalvo-ezero-kranto-zarasu-r-bruknines-vs\/#breadcrumb"},"inLanguage":"en-US","potentialAction":[{"@type":"ReadAction","target":["https:\/\/www.namude.lt\/objektas\/grazutes-regioninio-parko-pusynu-apsuptyje-parduodamas-245-ha-sklypas-ant-grazaus-smalvo-ezero-kranto-zarasu-r-bruknines-vs\/"]}]},{"@type":"ImageObject","inLanguage":"en-US","@id":"https:\/\/www.namude.lt\/objektas\/grazutes-regioninio-parko-pusynu-apsuptyje-parduodamas-245-ha-sklypas-ant-grazaus-smalvo-ezero-kranto-zarasu-r-bruknines-vs\/#primaryimage","url":"https:\/\/www.namude.lt\/wp-content\/uploads\/2024\/01\/1-75.jpg","contentUrl":"https:\/\/www.namude.lt\/wp-content\/uploads\/2024\/01\/1-75.jpg","width":840,"height":560,"caption":"default"},{"@type":"BreadcrumbList","@id":"https:\/\/www.namude.lt\/objektas\/grazutes-regioninio-parko-pusynu-apsuptyje-parduodamas-245-ha-sklypas-ant-grazaus-smalvo-ezero-kranto-zarasu-r-bruknines-vs\/#breadcrumb","itemListElement":[{"@type":"ListItem","position":1,"name":"Home","item":"https:\/\/www.namude.lt\/en\/"},{"@type":"ListItem","position":2,"name":"Real estate","item":"https:\/\/www.namude.lt\/en\/real-estate\/"},{"@type":"ListItem","position":3,"name":"GRA\u017dUT\u0116S REGIONINIO PARKO PU\u0160YN\u0172 APSUPTYJE PARDUODAMAS 2,45 HA SKLYPAS ANT GRA\u017dAUS SMALVO E\u017dERO KRANTO ZARAS\u0172 R., BRUKNIN\u0116S VS."}]},{"@type":"WebSite","@id":"https:\/\/www.namude.lt\/#website","url":"https:\/\/www.namude.lt\/","name":"Namud\u0117","description":"\u201eNamud\u0117\u201c \u2013 agent\u016bra, pardavin\u0117janti Auk\u0161taitijos NT grynuolius.","publisher":{"@id":"https:\/\/www.namude.lt\/#organization"},"potentialAction":[{"@type":"SearchAction","target":{"@type":"EntryPoint","urlTemplate":"https:\/\/www.namude.lt\/?s={search_term_string}"},"query-input":{"@type":"PropertyValueSpecification","valueRequired":true,"valueName":"search_term_string"}}],"inLanguage":"en-US"},{"@type":"Organization","@id":"https:\/\/www.namude.lt\/#organization","name":"Namud\u0117","url":"https:\/\/www.namude.lt\/","logo":{"@type":"ImageObject","inLanguage":"en-US","@id":"https:\/\/www.namude.lt\/#\/schema\/logo\/image\/","url":"https:\/\/www.namude.lt\/wp-content\/uploads\/2023\/11\/logo-symbol.svg","contentUrl":"https:\/\/www.namude.lt\/wp-content\/uploads\/2023\/11\/logo-symbol.svg","width":1,"height":1,"caption":"Namud\u0117"},"image":{"@id":"https:\/\/www.namude.lt\/#\/schema\/logo\/image\/"}}]}},"_links":{"self":[{"href":"https:\/\/www.namude.lt\/en\/wp-json\/wp\/v2\/product\/4190","targetHints":{"allow":["GET"]}}],"collection":[{"href":"https:\/\/www.namude.lt\/en\/wp-json\/wp\/v2\/product"}],"about":[{"href":"https:\/\/www.namude.lt\/en\/wp-json\/wp\/v2\/types\/product"}],"wp:featuredmedia":[{"embeddable":true,"href":"https:\/\/www.namude.lt\/en\/wp-json\/wp\/v2\/media\/4191"}],"wp:attachment":[{"href":"https:\/\/www.namude.lt\/en\/wp-json\/wp\/v2\/media?parent=4190"}],"wp:term":[{"taxonomy":"product_brand","embeddable":true,"href":"https:\/\/www.namude.lt\/en\/wp-json\/wp\/v2\/product_brand?post=4190"},{"taxonomy":"product_cat","embeddable":true,"href":"https:\/\/www.namude.lt\/en\/wp-json\/wp\/v2\/product_cat?post=4190"},{"taxonomy":"product_tag","embeddable":true,"href":"https:\/\/www.namude.lt\/en\/wp-json\/wp\/v2\/product_tag?post=4190"}],"curies":[{"name":"wp","href":"https:\/\/api.w.org\/{rel}","templated":true}]}}