{"id":3594,"date":"2024-01-26T10:09:28","date_gmt":"2024-01-26T08:09:28","guid":{"rendered":"https:\/\/www.namude.lt\/?post_type=product&#038;p=3594"},"modified":"2024-06-04T13:57:12","modified_gmt":"2024-06-04T10:57:12","slug":"vertingas-105-ha-zemes-sklypas-su-450-m-zirnajo-ezero-pakrantes-zarasu-r","status":"publish","type":"product","link":"https:\/\/www.namude.lt\/en\/object\/vertingas-105-ha-zemes-sklypas-su-450-m-zirnajo-ezero-pakrantes-zarasu-r\/","title":{"rendered":"VERTINGAS 10,5 HA \u017dEM\u0116S SKLYPAS SU 450 M ZIRNAJO E\u017dERO PAKRANT\u0116S ZARAS\u0172 R."},"content":{"rendered":"","protected":false},"excerpt":{"rendered":"<p><strong>Parduodamas vertingas 10,5 ha \u017eem\u0117s <a href=\"https:\/\/www.namude.lt\/kategorija\/sklypai\/?filter_rajonas=zarasu-rajonas&amp;query_type_rajonas=or\">sklypas<\/a> su net 450 m Zirnajo e\u017eero pakrant\u0117s <a href=\"https:\/\/www.namude.lt\/kategorija\/sklypai\/?filter_rajonas=zarasu-rajonas&amp;query_type_rajonas=or\">Zaras\u0173 r.<\/a>, Salini\u0173 k.<\/strong>\u00a0Sklyp\u0105 galima dalinti ir suformuoti sklypus kelioms \u016bkininko sodyboms. \u0160ioje vietoje n\u0117ra regionini\u0173 park\u0173 ar draustini\u0173 apribojim\u0173 statyboms. Vieta itin vaizdinga ir kalvota, i\u0161 sklypo atsiveria puiki apylinki\u0173 panorama. Sklyp\u0105 supa mi\u0161kai, aplink keli\u0173 \u0161imt\u0173 metr\u0173 atstumu n\u0117ra joki\u0173 sodyb\u0173, tad privatumas ir ramus poilsis garantuotas. Artimiausia elektros linija u\u017e\u00a0\u00a0<strong>300<\/strong>\u00a0m. E\u017eeras Zirnajys tyvuliuoja \u0161iaurin\u0117je Zaras\u0173 rajono dalyje, Antazav\u0117s seni\u016bnijoje, apylink\u0117se rasite ir daugiau puiki\u0173 e\u017eer\u0173 \u2013 Sartai, Salinis, Ilgelis, Zaduojys. Artimiausi miesteliai \u2013 Antazav\u0117, Dusetos. Iki Zaras\u0173 \u2013\u00a0<strong>27<\/strong>\u00a0km, Panev\u0117\u017eio \u2013\u00a0<strong>11<\/strong>9 km, Vilniaus \u2013\u00a0<strong>148<\/strong>\u00a0km. Puikus sklypas investicijai ar\u00a0 i\u0161skirtiniam poilsiui prie e\u017eero.<\/p>\n<p><strong>Sklypo koordinat\u0117s:<\/strong><\/p>\n<p>Google maps\u00a0\u00a0 55.850634, 25.918829<\/p>\n<p>Maps.lt\u00a0\u00a0\u00a0 55.850403, 25.918507<\/p>\n","protected":false},"featured_media":3595,"template":"","meta":{"_acf_changed":false},"product_brand":[],"product_cat":[24],"product_tag":[],"class_list":{"0":"post-3594","1":"product","2":"type-product","3":"status-publish","4":"has-post-thumbnail","6":"product_cat-sklypai","7":"pa_rajonas-zarasu-rajonas","8":"description-off","10":"first","11":"instock","12":"shipping-taxable","13":"purchasable","14":"product-type-simple"},"acf":[],"yoast_head":"<!-- This site is optimized with the Yoast SEO plugin v27.0 - https:\/\/yoast.com\/product\/yoast-seo-wordpress\/ -->\n<title>VERTINGAS 10,5 HA \u017dEM\u0116S SKLYPAS SU 450 M ZIRNAJO E\u017dERO PAKRANT\u0116S ZARAS\u0172 R. - Namud\u0117<\/title>\n<meta name=\"robots\" content=\"index, follow, max-snippet:-1, max-image-preview:large, max-video-preview:-1\" \/>\n<link rel=\"canonical\" href=\"https:\/\/www.namude.lt\/objektas\/vertingas-105-ha-zemes-sklypas-su-450-m-zirnajo-ezero-pakrantes-zarasu-r\/\" \/>\n<meta property=\"og:locale\" content=\"en_US\" \/>\n<meta property=\"og:type\" content=\"article\" \/>\n<meta property=\"og:title\" content=\"VERTINGAS 10,5 HA \u017dEM\u0116S SKLYPAS SU 450 M ZIRNAJO E\u017dERO PAKRANT\u0116S ZARAS\u0172 R. - Namud\u0117\" \/>\n<meta property=\"og:description\" content=\"Parduodamas vertingas 10,5 ha \u017eem\u0117s sklypas su net 450 m Zirnajo e\u017eero pakrant\u0117s Zaras\u0173 r., Salini\u0173 k.\u00a0Sklyp\u0105 galima dalinti ir suformuoti sklypus kelioms \u016bkininko sodyboms. \u0160ioje vietoje n\u0117ra regionini\u0173 park\u0173 ar draustini\u0173 apribojim\u0173 statyboms. Vieta itin vaizdinga ir kalvota, i\u0161 sklypo atsiveria puiki apylinki\u0173 panorama. Sklyp\u0105 supa mi\u0161kai, aplink keli\u0173 \u0161imt\u0173 metr\u0173 atstumu n\u0117ra joki\u0173 sodyb\u0173, tad privatumas ir ramus poilsis garantuotas. Artimiausia elektros linija u\u017e\u00a0\u00a0300\u00a0m. E\u017eeras Zirnajys tyvuliuoja \u0161iaurin\u0117je Zaras\u0173 rajono dalyje, Antazav\u0117s seni\u016bnijoje, apylink\u0117se rasite ir daugiau puiki\u0173 e\u017eer\u0173 \u2013 Sartai, Salinis, Ilgelis, Zaduojys. Artimiausi miesteliai \u2013 Antazav\u0117, Dusetos. Iki Zaras\u0173 \u2013\u00a027\u00a0km, Panev\u0117\u017eio \u2013\u00a0119 km, Vilniaus \u2013\u00a0148\u00a0km. Puikus sklypas investicijai ar\u00a0 i\u0161skirtiniam poilsiui prie e\u017eero.  Sklypo koordinat\u0117s:  Google maps\u00a0\u00a0 55.850634, 25.918829  Maps.lt\u00a0\u00a0\u00a0 55.850403, 25.918507\" \/>\n<meta property=\"og:url\" content=\"https:\/\/www.namude.lt\/objektas\/vertingas-105-ha-zemes-sklypas-su-450-m-zirnajo-ezero-pakrantes-zarasu-r\/\" \/>\n<meta property=\"og:site_name\" content=\"Namud\u0117\" \/>\n<meta property=\"article:modified_time\" content=\"2024-06-04T10:57:12+00:00\" \/>\n<meta property=\"og:image\" content=\"https:\/\/www.namude.lt\/wp-content\/uploads\/2024\/01\/1-64.jpg\" \/>\n\t<meta property=\"og:image:width\" content=\"840\" \/>\n\t<meta property=\"og:image:height\" content=\"560\" \/>\n\t<meta property=\"og:image:type\" content=\"image\/jpeg\" \/>\n<meta name=\"twitter:card\" content=\"summary_large_image\" \/>\n<script type=\"application\/ld+json\" class=\"yoast-schema-graph\">{\"@context\":\"https:\/\/schema.org\",\"@graph\":[{\"@type\":\"WebPage\",\"@id\":\"https:\/\/www.namude.lt\/objektas\/vertingas-105-ha-zemes-sklypas-su-450-m-zirnajo-ezero-pakrantes-zarasu-r\/\",\"url\":\"https:\/\/www.namude.lt\/objektas\/vertingas-105-ha-zemes-sklypas-su-450-m-zirnajo-ezero-pakrantes-zarasu-r\/\",\"name\":\"VERTINGAS 10,5 HA \u017dEM\u0116S SKLYPAS SU 450 M ZIRNAJO E\u017dERO PAKRANT\u0116S ZARAS\u0172 R. - Namud\u0117\",\"isPartOf\":{\"@id\":\"https:\/\/www.namude.lt\/#website\"},\"primaryImageOfPage\":{\"@id\":\"https:\/\/www.namude.lt\/objektas\/vertingas-105-ha-zemes-sklypas-su-450-m-zirnajo-ezero-pakrantes-zarasu-r\/#primaryimage\"},\"image\":{\"@id\":\"https:\/\/www.namude.lt\/objektas\/vertingas-105-ha-zemes-sklypas-su-450-m-zirnajo-ezero-pakrantes-zarasu-r\/#primaryimage\"},\"thumbnailUrl\":\"https:\/\/www.namude.lt\/wp-content\/uploads\/2024\/01\/1-64.jpg\",\"datePublished\":\"2024-01-26T08:09:28+00:00\",\"dateModified\":\"2024-06-04T10:57:12+00:00\",\"breadcrumb\":{\"@id\":\"https:\/\/www.namude.lt\/objektas\/vertingas-105-ha-zemes-sklypas-su-450-m-zirnajo-ezero-pakrantes-zarasu-r\/#breadcrumb\"},\"inLanguage\":\"en-US\",\"potentialAction\":[{\"@type\":\"ReadAction\",\"target\":[\"https:\/\/www.namude.lt\/objektas\/vertingas-105-ha-zemes-sklypas-su-450-m-zirnajo-ezero-pakrantes-zarasu-r\/\"]}]},{\"@type\":\"ImageObject\",\"inLanguage\":\"en-US\",\"@id\":\"https:\/\/www.namude.lt\/objektas\/vertingas-105-ha-zemes-sklypas-su-450-m-zirnajo-ezero-pakrantes-zarasu-r\/#primaryimage\",\"url\":\"https:\/\/www.namude.lt\/wp-content\/uploads\/2024\/01\/1-64.jpg\",\"contentUrl\":\"https:\/\/www.namude.lt\/wp-content\/uploads\/2024\/01\/1-64.jpg\",\"width\":840,\"height\":560,\"caption\":\"default\"},{\"@type\":\"BreadcrumbList\",\"@id\":\"https:\/\/www.namude.lt\/objektas\/vertingas-105-ha-zemes-sklypas-su-450-m-zirnajo-ezero-pakrantes-zarasu-r\/#breadcrumb\",\"itemListElement\":[{\"@type\":\"ListItem\",\"position\":1,\"name\":\"Home\",\"item\":\"https:\/\/www.namude.lt\/en\/\"},{\"@type\":\"ListItem\",\"position\":2,\"name\":\"Real estate\",\"item\":\"https:\/\/www.namude.lt\/en\/real-estate\/\"},{\"@type\":\"ListItem\",\"position\":3,\"name\":\"VERTINGAS 10,5 HA \u017dEM\u0116S SKLYPAS SU 450 M ZIRNAJO E\u017dERO PAKRANT\u0116S ZARAS\u0172 R.\"}]},{\"@type\":\"WebSite\",\"@id\":\"https:\/\/www.namude.lt\/#website\",\"url\":\"https:\/\/www.namude.lt\/\",\"name\":\"Namud\u0117\",\"description\":\"\u201eNamud\u0117\u201c \u2013 agent\u016bra, pardavin\u0117janti Auk\u0161taitijos NT grynuolius.\",\"publisher\":{\"@id\":\"https:\/\/www.namude.lt\/#organization\"},\"potentialAction\":[{\"@type\":\"SearchAction\",\"target\":{\"@type\":\"EntryPoint\",\"urlTemplate\":\"https:\/\/www.namude.lt\/?s={search_term_string}\"},\"query-input\":{\"@type\":\"PropertyValueSpecification\",\"valueRequired\":true,\"valueName\":\"search_term_string\"}}],\"inLanguage\":\"en-US\"},{\"@type\":\"Organization\",\"@id\":\"https:\/\/www.namude.lt\/#organization\",\"name\":\"Namud\u0117\",\"url\":\"https:\/\/www.namude.lt\/\",\"logo\":{\"@type\":\"ImageObject\",\"inLanguage\":\"en-US\",\"@id\":\"https:\/\/www.namude.lt\/#\/schema\/logo\/image\/\",\"url\":\"https:\/\/www.namude.lt\/wp-content\/uploads\/2023\/11\/logo-symbol.svg\",\"contentUrl\":\"https:\/\/www.namude.lt\/wp-content\/uploads\/2023\/11\/logo-symbol.svg\",\"width\":1,\"height\":1,\"caption\":\"Namud\u0117\"},\"image\":{\"@id\":\"https:\/\/www.namude.lt\/#\/schema\/logo\/image\/\"}}]}<\/script>\n<!-- \/ Yoast SEO plugin. -->","yoast_head_json":{"title":"VERTINGAS 10,5 HA \u017dEM\u0116S SKLYPAS SU 450 M ZIRNAJO E\u017dERO PAKRANT\u0116S ZARAS\u0172 R. - Namud\u0117","robots":{"index":"index","follow":"follow","max-snippet":"max-snippet:-1","max-image-preview":"max-image-preview:large","max-video-preview":"max-video-preview:-1"},"canonical":"https:\/\/www.namude.lt\/objektas\/vertingas-105-ha-zemes-sklypas-su-450-m-zirnajo-ezero-pakrantes-zarasu-r\/","og_locale":"en_US","og_type":"article","og_title":"VERTINGAS 10,5 HA \u017dEM\u0116S SKLYPAS SU 450 M ZIRNAJO E\u017dERO PAKRANT\u0116S ZARAS\u0172 R. - Namud\u0117","og_description":"Parduodamas vertingas 10,5 ha \u017eem\u0117s sklypas su net 450 m Zirnajo e\u017eero pakrant\u0117s Zaras\u0173 r., Salini\u0173 k.\u00a0Sklyp\u0105 galima dalinti ir suformuoti sklypus kelioms \u016bkininko sodyboms. \u0160ioje vietoje n\u0117ra regionini\u0173 park\u0173 ar draustini\u0173 apribojim\u0173 statyboms. Vieta itin vaizdinga ir kalvota, i\u0161 sklypo atsiveria puiki apylinki\u0173 panorama. Sklyp\u0105 supa mi\u0161kai, aplink keli\u0173 \u0161imt\u0173 metr\u0173 atstumu n\u0117ra joki\u0173 sodyb\u0173, tad privatumas ir ramus poilsis garantuotas. Artimiausia elektros linija u\u017e\u00a0\u00a0300\u00a0m. E\u017eeras Zirnajys tyvuliuoja \u0161iaurin\u0117je Zaras\u0173 rajono dalyje, Antazav\u0117s seni\u016bnijoje, apylink\u0117se rasite ir daugiau puiki\u0173 e\u017eer\u0173 \u2013 Sartai, Salinis, Ilgelis, Zaduojys. Artimiausi miesteliai \u2013 Antazav\u0117, Dusetos. Iki Zaras\u0173 \u2013\u00a027\u00a0km, Panev\u0117\u017eio \u2013\u00a0119 km, Vilniaus \u2013\u00a0148\u00a0km. Puikus sklypas investicijai ar\u00a0 i\u0161skirtiniam poilsiui prie e\u017eero.  Sklypo koordinat\u0117s:  Google maps\u00a0\u00a0 55.850634, 25.918829  Maps.lt\u00a0\u00a0\u00a0 55.850403, 25.918507","og_url":"https:\/\/www.namude.lt\/objektas\/vertingas-105-ha-zemes-sklypas-su-450-m-zirnajo-ezero-pakrantes-zarasu-r\/","og_site_name":"Namud\u0117","article_modified_time":"2024-06-04T10:57:12+00:00","og_image":[{"width":840,"height":560,"url":"https:\/\/www.namude.lt\/wp-content\/uploads\/2024\/01\/1-64.jpg","type":"image\/jpeg"}],"twitter_card":"summary_large_image","schema":{"@context":"https:\/\/schema.org","@graph":[{"@type":"WebPage","@id":"https:\/\/www.namude.lt\/objektas\/vertingas-105-ha-zemes-sklypas-su-450-m-zirnajo-ezero-pakrantes-zarasu-r\/","url":"https:\/\/www.namude.lt\/objektas\/vertingas-105-ha-zemes-sklypas-su-450-m-zirnajo-ezero-pakrantes-zarasu-r\/","name":"VERTINGAS 10,5 HA \u017dEM\u0116S SKLYPAS SU 450 M ZIRNAJO E\u017dERO PAKRANT\u0116S ZARAS\u0172 R. - Namud\u0117","isPartOf":{"@id":"https:\/\/www.namude.lt\/#website"},"primaryImageOfPage":{"@id":"https:\/\/www.namude.lt\/objektas\/vertingas-105-ha-zemes-sklypas-su-450-m-zirnajo-ezero-pakrantes-zarasu-r\/#primaryimage"},"image":{"@id":"https:\/\/www.namude.lt\/objektas\/vertingas-105-ha-zemes-sklypas-su-450-m-zirnajo-ezero-pakrantes-zarasu-r\/#primaryimage"},"thumbnailUrl":"https:\/\/www.namude.lt\/wp-content\/uploads\/2024\/01\/1-64.jpg","datePublished":"2024-01-26T08:09:28+00:00","dateModified":"2024-06-04T10:57:12+00:00","breadcrumb":{"@id":"https:\/\/www.namude.lt\/objektas\/vertingas-105-ha-zemes-sklypas-su-450-m-zirnajo-ezero-pakrantes-zarasu-r\/#breadcrumb"},"inLanguage":"en-US","potentialAction":[{"@type":"ReadAction","target":["https:\/\/www.namude.lt\/objektas\/vertingas-105-ha-zemes-sklypas-su-450-m-zirnajo-ezero-pakrantes-zarasu-r\/"]}]},{"@type":"ImageObject","inLanguage":"en-US","@id":"https:\/\/www.namude.lt\/objektas\/vertingas-105-ha-zemes-sklypas-su-450-m-zirnajo-ezero-pakrantes-zarasu-r\/#primaryimage","url":"https:\/\/www.namude.lt\/wp-content\/uploads\/2024\/01\/1-64.jpg","contentUrl":"https:\/\/www.namude.lt\/wp-content\/uploads\/2024\/01\/1-64.jpg","width":840,"height":560,"caption":"default"},{"@type":"BreadcrumbList","@id":"https:\/\/www.namude.lt\/objektas\/vertingas-105-ha-zemes-sklypas-su-450-m-zirnajo-ezero-pakrantes-zarasu-r\/#breadcrumb","itemListElement":[{"@type":"ListItem","position":1,"name":"Home","item":"https:\/\/www.namude.lt\/en\/"},{"@type":"ListItem","position":2,"name":"Real estate","item":"https:\/\/www.namude.lt\/en\/real-estate\/"},{"@type":"ListItem","position":3,"name":"VERTINGAS 10,5 HA \u017dEM\u0116S SKLYPAS SU 450 M ZIRNAJO E\u017dERO PAKRANT\u0116S ZARAS\u0172 R."}]},{"@type":"WebSite","@id":"https:\/\/www.namude.lt\/#website","url":"https:\/\/www.namude.lt\/","name":"Namud\u0117","description":"\u201eNamud\u0117\u201c \u2013 agent\u016bra, pardavin\u0117janti Auk\u0161taitijos NT grynuolius.","publisher":{"@id":"https:\/\/www.namude.lt\/#organization"},"potentialAction":[{"@type":"SearchAction","target":{"@type":"EntryPoint","urlTemplate":"https:\/\/www.namude.lt\/?s={search_term_string}"},"query-input":{"@type":"PropertyValueSpecification","valueRequired":true,"valueName":"search_term_string"}}],"inLanguage":"en-US"},{"@type":"Organization","@id":"https:\/\/www.namude.lt\/#organization","name":"Namud\u0117","url":"https:\/\/www.namude.lt\/","logo":{"@type":"ImageObject","inLanguage":"en-US","@id":"https:\/\/www.namude.lt\/#\/schema\/logo\/image\/","url":"https:\/\/www.namude.lt\/wp-content\/uploads\/2023\/11\/logo-symbol.svg","contentUrl":"https:\/\/www.namude.lt\/wp-content\/uploads\/2023\/11\/logo-symbol.svg","width":1,"height":1,"caption":"Namud\u0117"},"image":{"@id":"https:\/\/www.namude.lt\/#\/schema\/logo\/image\/"}}]}},"_links":{"self":[{"href":"https:\/\/www.namude.lt\/en\/wp-json\/wp\/v2\/product\/3594","targetHints":{"allow":["GET"]}}],"collection":[{"href":"https:\/\/www.namude.lt\/en\/wp-json\/wp\/v2\/product"}],"about":[{"href":"https:\/\/www.namude.lt\/en\/wp-json\/wp\/v2\/types\/product"}],"wp:featuredmedia":[{"embeddable":true,"href":"https:\/\/www.namude.lt\/en\/wp-json\/wp\/v2\/media\/3595"}],"wp:attachment":[{"href":"https:\/\/www.namude.lt\/en\/wp-json\/wp\/v2\/media?parent=3594"}],"wp:term":[{"taxonomy":"product_brand","embeddable":true,"href":"https:\/\/www.namude.lt\/en\/wp-json\/wp\/v2\/product_brand?post=3594"},{"taxonomy":"product_cat","embeddable":true,"href":"https:\/\/www.namude.lt\/en\/wp-json\/wp\/v2\/product_cat?post=3594"},{"taxonomy":"product_tag","embeddable":true,"href":"https:\/\/www.namude.lt\/en\/wp-json\/wp\/v2\/product_tag?post=3594"}],"curies":[{"name":"wp","href":"https:\/\/api.w.org\/{rel}","templated":true}]}}